{"id":177,"date":"2021-03-09T16:11:53","date_gmt":"2021-03-09T16:11:53","guid":{"rendered":"https:\/\/stoelzle.com\/stu\/?page_id=177"},"modified":"2021-04-21T15:16:23","modified_gmt":"2021-04-21T15:16:23","slug":"otisk","status":"publish","type":"page","link":"https:\/\/www.stoelzle.com\/stu\/otisk\/","title":{"rendered":"Otisk"},"content":{"rendered":"<div class=\"wpb-content-wrapper\"><p>[vc_row][vc_column]<div class=\"vc-title  spacing-bottom-l text-center\">\n              <div class=\"topline\">Stoelzle Union<\/div>\n              <h1 class=\"title position-relative separator\">Otisk<\/h1>\n              \n            <\/div><div class=\"vc-spacer spacing-bottom-m\"><\/div>[vc_row_inner el_class=&#8221;text-text&#8221;][vc_column_inner width=&#8221;1\/12&#8243;][\/vc_column_inner][vc_column_inner width=&#8221;5\/12&#8243;][vc_column_text]<\/p>\n<p class=\"h5\">Stoelzle Union s.r.o<\/p>\n<p>U Skl\u00e1rny 300<br \/>\nCZ-330 24 He\u0159manova Hu\u0165<br \/>\nTelefon: +420 377 882510<br \/>\nE-Mail: <a href=\"mailto:officeSTU@stoelzle.com\">officeSTU@stoelzle.com<\/a><\/p>\n<p>\u00da\u010del podnik\u00e1n\u00ed: V\u00fdroba sklen\u011bn\u00fdch obal\u016f<br \/>\nDI\u010c: 45349843<br \/>\nObchodn\u00ed rejst\u0159\u00edkov\u00fd ID: CZ45349843<br \/>\nObchodn\u00ed rejst\u0159\u00edkov\u00fd soud: Krajsk\u00fd soud Plze\u0148<\/p>\n<p>Gener\u00e1ln\u00ed \u0159editel: Ing. Libor Kraft, Ing. Ji\u0159\u00ed Flandera<\/p>\n<p class=\"h5\">Koncept, design a implementace<\/p>\n<p>Stoelzle Union s.r.o &amp; Bramauer Branding, \u2028<a href=\"https:\/\/www.bramauer.at\/\" target=\"_blank\" rel=\"noopener\">www.bramauer.at<\/a><\/p>\n<p class=\"h5\">Vylou\u010den\u00ed odpov\u011bdnosti<\/p>\n<p>Spole\u010dnost Stoelzle Union s.r.o si klade za c\u00edl udr\u017eovat zve\u0159ejn\u011bn\u00e9 informace aktu\u00e1ln\u00ed a pravdiv\u00e9, ale nep\u0159eb\u00edr\u00e1 \u017e\u00e1dnou odpov\u011bdnost za jejich aktu\u00e1lnost, spr\u00e1vnost a \u00faplnost. Spole\u010dnost Stoelzle Union s.r.o proto nenese odpov\u011bdnost za \u017e\u00e1dn\u00e9 \u0161kody vznikl\u00e9 v d\u016fsledku pou\u017eit\u00ed obsahu.[\/vc_column_text][\/vc_column_inner][vc_column_inner width=&#8221;5\/12&#8243;][vc_column_text]<\/p>\n<p class=\"h5\">Odkazy na extern\u00ed webov\u00e9 str\u00e1nky<\/p>\n<p>Tato webov\u00e1 str\u00e1nka obsahuje odkazy na extern\u00ed webov\u00e9 str\u00e1nky, na jejich\u017e obsah nem\u00e1me \u017e\u00e1dn\u00fd vliv. Proto nem\u016f\u017eeme p\u0159evz\u00edt \u017e\u00e1dnou z\u00e1ruku za tento extern\u00ed obsah. Za obsah odkazovan\u00fdch webov\u00fdch str\u00e1nek je v\u017edy odpov\u011bdn\u00fd p\u0159\u00edslu\u0161n\u00fd dodavatel nebo provozovatel webov\u00fdch str\u00e1nek. Zde zve\u0159ejn\u011bn\u00e9 informace neodr\u00e1\u017eej\u00ed n\u00e1zor spole\u010dnosti Stoelzle Union s.r.o.<\/p>\n<p class=\"h5\">Copyright<\/p>\n<p>Copyright \u00a9 Stoelzle Union s.r.o. V\u0161echna pr\u00e1va vyhrazena. Obsah tohoto webu je chr\u00e1n\u011bn autorsk\u00fdm z\u00e1konem. Obsah tohoto webu nesm\u00ed b\u00fdt reprodukov\u00e1n v \u017e\u00e1dn\u00e9 form\u011b, zpracov\u00e1v\u00e1n pomoc\u00ed elektronick\u00fdch syst\u00e9m\u016f, duplikov\u00e1n nebo distribuov\u00e1n bez p\u0159edchoz\u00edho p\u00edsemn\u00e9ho souhlasu spole\u010dnosti Stoelzle Union s.r.o.<\/p>\n<p class=\"h5\">Fotografick\u00e9 kredity<\/p>\n<p>Obr\u00e1zky, fotografie, videa a grafiky na tomto webu jsou chr\u00e1n\u011bny autorsk\u00fdmi pr\u00e1vy. Zdroje fotografi\u00ed: Die Abbilderei, Jutta K\u00fcgerl Fotografie, Mathias Kniepeiss, Toni Muhr, Studio Foto Palac Jerzy Kozlowski, Adobe Stock, Stoelzle Archive.[\/vc_column_text][\/vc_column_inner][vc_column_inner width=&#8221;1\/12&#8243;][\/vc_column_inner][\/vc_row_inner]<div class=\"vc-spacer spacing-bottom-m\"><\/div>[\/vc_column][\/vc_row][vc_row][vc_column][\/vc_column][\/vc_row]<\/p>\n<\/div>","protected":false},"excerpt":{"rendered":"<p>[vc_row][vc_column][vc_row_inner el_class=&#8221;text-text&#8221;][vc_column_inner width=&#8221;1\/12&#8243;][\/vc_column_inner][vc_column_inner width=&#8221;5\/12&#8243;][vc_column_text] Stoelzle Union s.r.o U Skl\u00e1rny 300 CZ-330 24 He\u0159manova Hu\u0165 Telefon: +420 377 882510 E-Mail: officeSTU@stoelzle.com \u00da\u010del podnik\u00e1n\u00ed: V\u00fdroba sklen\u011bn\u00fdch obal\u016f DI\u010c: 45349843 Obchodn\u00ed rejst\u0159\u00edkov\u00fd ID: CZ45349843 Obchodn\u00ed rejst\u0159\u00edkov\u00fd soud: Krajsk\u00fd soud Plze\u0148 Gener\u00e1ln\u00ed \u0159editel: Ing. Libor Kraft, Ing. Ji\u0159\u00ed Flandera Koncept, design a implementace Stoelzle Union s.r.o &amp; Bramauer Branding, [&hellip;]<\/p>\n","protected":false},"author":1,"featured_media":0,"parent":0,"menu_order":0,"comment_status":"closed","ping_status":"closed","template":"","meta":{"_acf_changed":false,"footnotes":""},"class_list":["post-177","page","type-page","status-publish","hentry"],"acf":[],"yoast_head":"<!-- This site is optimized with the Yoast SEO plugin v26.6 - https:\/\/yoast.com\/wordpress\/plugins\/seo\/ -->\n<title>Otisk - Stoelzle Union<\/title>\n<meta name=\"robots\" content=\"noindex, nofollow\" \/>\n<meta property=\"og:locale\" content=\"en_US\" \/>\n<meta property=\"og:type\" content=\"article\" \/>\n<meta property=\"og:title\" content=\"Otisk - Stoelzle Union\" \/>\n<meta property=\"og:description\" content=\"[vc_row][vc_column][vc_row_inner el_class=&#8221;text-text&#8221;][vc_column_inner width=&#8221;1\/12&#8243;][\/vc_column_inner][vc_column_inner width=&#8221;5\/12&#8243;][vc_column_text] Stoelzle Union s.r.o U Skl\u00e1rny 300 CZ-330 24 He\u0159manova Hu\u0165 Telefon: +420 377 882510 E-Mail: officeSTU@stoelzle.com \u00da\u010del podnik\u00e1n\u00ed: V\u00fdroba sklen\u011bn\u00fdch obal\u016f DI\u010c: 45349843 Obchodn\u00ed rejst\u0159\u00edkov\u00fd ID: CZ45349843 Obchodn\u00ed rejst\u0159\u00edkov\u00fd soud: Krajsk\u00fd soud Plze\u0148 Gener\u00e1ln\u00ed \u0159editel: Ing. Libor Kraft, Ing. Ji\u0159\u00ed Flandera Koncept, design a implementace Stoelzle Union s.r.o &amp; Bramauer Branding, [&hellip;]\" \/>\n<meta property=\"og:url\" content=\"https:\/\/www.stoelzle.com\/stu\/otisk\/\" \/>\n<meta property=\"og:site_name\" content=\"Stoelzle Union\" \/>\n<meta property=\"article:modified_time\" content=\"2021-04-21T15:16:23+00:00\" \/>\n<meta name=\"twitter:card\" content=\"summary_large_image\" \/>\n<meta name=\"twitter:label1\" content=\"Est. reading time\" \/>\n\t<meta name=\"twitter:data1\" content=\"2 minutes\" \/>\n<script type=\"application\/ld+json\" class=\"yoast-schema-graph\">{\"@context\":\"https:\/\/schema.org\",\"@graph\":[{\"@type\":\"WebPage\",\"@id\":\"https:\/\/www.stoelzle.com\/stu\/otisk\/\",\"url\":\"https:\/\/www.stoelzle.com\/stu\/otisk\/\",\"name\":\"Otisk - Stoelzle Union\",\"isPartOf\":{\"@id\":\"https:\/\/www.stoelzle.com\/stu\/#website\"},\"datePublished\":\"2021-03-09T16:11:53+00:00\",\"dateModified\":\"2021-04-21T15:16:23+00:00\",\"breadcrumb\":{\"@id\":\"https:\/\/www.stoelzle.com\/stu\/otisk\/#breadcrumb\"},\"inLanguage\":\"en-US\",\"potentialAction\":[{\"@type\":\"ReadAction\",\"target\":[\"https:\/\/www.stoelzle.com\/stu\/otisk\/\"]}]},{\"@type\":\"BreadcrumbList\",\"@id\":\"https:\/\/www.stoelzle.com\/stu\/otisk\/#breadcrumb\",\"itemListElement\":[{\"@type\":\"ListItem\",\"position\":1,\"name\":\"Home\",\"item\":\"https:\/\/www.stoelzle.com\"},{\"@type\":\"ListItem\",\"position\":2,\"name\":\"Stoelzle Union\",\"item\":\"https:\/\/www.stoelzle.com\/stu\/\"},{\"@type\":\"ListItem\",\"position\":3,\"name\":\"Otisk\"}]},{\"@type\":\"WebSite\",\"@id\":\"https:\/\/www.stoelzle.com\/stu\/#website\",\"url\":\"https:\/\/www.stoelzle.com\/stu\/\",\"name\":\"Stoelzle Union\",\"description\":\"\",\"publisher\":{\"@id\":\"https:\/\/www.stoelzle.com\/stu\/#organization\"},\"potentialAction\":[{\"@type\":\"SearchAction\",\"target\":{\"@type\":\"EntryPoint\",\"urlTemplate\":\"https:\/\/www.stoelzle.com\/stu\/?s={search_term_string}\"},\"query-input\":{\"@type\":\"PropertyValueSpecification\",\"valueRequired\":true,\"valueName\":\"search_term_string\"}}],\"inLanguage\":\"en-US\"},{\"@type\":\"Organization\",\"@id\":\"https:\/\/www.stoelzle.com\/stu\/#organization\",\"name\":\"Stoelzle Union s.r.o.\",\"url\":\"https:\/\/www.stoelzle.com\/stu\/\",\"logo\":{\"@type\":\"ImageObject\",\"inLanguage\":\"en-US\",\"@id\":\"https:\/\/www.stoelzle.com\/stu\/#\/schema\/logo\/image\/\",\"url\":\"https:\/\/www.stoelzle.com\/stu\/wp-content\/uploads\/sites\/6\/2021\/03\/logo_stu.svg\",\"contentUrl\":\"https:\/\/www.stoelzle.com\/stu\/wp-content\/uploads\/sites\/6\/2021\/03\/logo_stu.svg\",\"width\":140,\"height\":40,\"caption\":\"Stoelzle Union s.r.o.\"},\"image\":{\"@id\":\"https:\/\/www.stoelzle.com\/stu\/#\/schema\/logo\/image\/\"}}]}<\/script>\n<!-- \/ Yoast SEO plugin. -->","yoast_head_json":{"title":"Otisk - Stoelzle Union","robots":{"index":"noindex","follow":"nofollow"},"og_locale":"en_US","og_type":"article","og_title":"Otisk - Stoelzle Union","og_description":"[vc_row][vc_column][vc_row_inner el_class=&#8221;text-text&#8221;][vc_column_inner width=&#8221;1\/12&#8243;][\/vc_column_inner][vc_column_inner width=&#8221;5\/12&#8243;][vc_column_text] Stoelzle Union s.r.o U Skl\u00e1rny 300 CZ-330 24 He\u0159manova Hu\u0165 Telefon: +420 377 882510 E-Mail: officeSTU@stoelzle.com \u00da\u010del podnik\u00e1n\u00ed: V\u00fdroba sklen\u011bn\u00fdch obal\u016f DI\u010c: 45349843 Obchodn\u00ed rejst\u0159\u00edkov\u00fd ID: CZ45349843 Obchodn\u00ed rejst\u0159\u00edkov\u00fd soud: Krajsk\u00fd soud Plze\u0148 Gener\u00e1ln\u00ed \u0159editel: Ing. Libor Kraft, Ing. Ji\u0159\u00ed Flandera Koncept, design a implementace Stoelzle Union s.r.o &amp; Bramauer Branding, [&hellip;]","og_url":"https:\/\/www.stoelzle.com\/stu\/otisk\/","og_site_name":"Stoelzle Union","article_modified_time":"2021-04-21T15:16:23+00:00","twitter_card":"summary_large_image","twitter_misc":{"Est. reading time":"2 minutes"},"schema":{"@context":"https:\/\/schema.org","@graph":[{"@type":"WebPage","@id":"https:\/\/www.stoelzle.com\/stu\/otisk\/","url":"https:\/\/www.stoelzle.com\/stu\/otisk\/","name":"Otisk - Stoelzle Union","isPartOf":{"@id":"https:\/\/www.stoelzle.com\/stu\/#website"},"datePublished":"2021-03-09T16:11:53+00:00","dateModified":"2021-04-21T15:16:23+00:00","breadcrumb":{"@id":"https:\/\/www.stoelzle.com\/stu\/otisk\/#breadcrumb"},"inLanguage":"en-US","potentialAction":[{"@type":"ReadAction","target":["https:\/\/www.stoelzle.com\/stu\/otisk\/"]}]},{"@type":"BreadcrumbList","@id":"https:\/\/www.stoelzle.com\/stu\/otisk\/#breadcrumb","itemListElement":[{"@type":"ListItem","position":1,"name":"Home","item":"https:\/\/www.stoelzle.com"},{"@type":"ListItem","position":2,"name":"Stoelzle Union","item":"https:\/\/www.stoelzle.com\/stu\/"},{"@type":"ListItem","position":3,"name":"Otisk"}]},{"@type":"WebSite","@id":"https:\/\/www.stoelzle.com\/stu\/#website","url":"https:\/\/www.stoelzle.com\/stu\/","name":"Stoelzle Union","description":"","publisher":{"@id":"https:\/\/www.stoelzle.com\/stu\/#organization"},"potentialAction":[{"@type":"SearchAction","target":{"@type":"EntryPoint","urlTemplate":"https:\/\/www.stoelzle.com\/stu\/?s={search_term_string}"},"query-input":{"@type":"PropertyValueSpecification","valueRequired":true,"valueName":"search_term_string"}}],"inLanguage":"en-US"},{"@type":"Organization","@id":"https:\/\/www.stoelzle.com\/stu\/#organization","name":"Stoelzle Union s.r.o.","url":"https:\/\/www.stoelzle.com\/stu\/","logo":{"@type":"ImageObject","inLanguage":"en-US","@id":"https:\/\/www.stoelzle.com\/stu\/#\/schema\/logo\/image\/","url":"https:\/\/www.stoelzle.com\/stu\/wp-content\/uploads\/sites\/6\/2021\/03\/logo_stu.svg","contentUrl":"https:\/\/www.stoelzle.com\/stu\/wp-content\/uploads\/sites\/6\/2021\/03\/logo_stu.svg","width":140,"height":40,"caption":"Stoelzle Union s.r.o."},"image":{"@id":"https:\/\/www.stoelzle.com\/stu\/#\/schema\/logo\/image\/"}}]}},"_links":{"self":[{"href":"https:\/\/www.stoelzle.com\/stu\/wp-json\/wp\/v2\/pages\/177","targetHints":{"allow":["GET"]}}],"collection":[{"href":"https:\/\/www.stoelzle.com\/stu\/wp-json\/wp\/v2\/pages"}],"about":[{"href":"https:\/\/www.stoelzle.com\/stu\/wp-json\/wp\/v2\/types\/page"}],"author":[{"embeddable":true,"href":"https:\/\/www.stoelzle.com\/stu\/wp-json\/wp\/v2\/users\/1"}],"replies":[{"embeddable":true,"href":"https:\/\/www.stoelzle.com\/stu\/wp-json\/wp\/v2\/comments?post=177"}],"version-history":[{"count":0,"href":"https:\/\/www.stoelzle.com\/stu\/wp-json\/wp\/v2\/pages\/177\/revisions"}],"wp:attachment":[{"href":"https:\/\/www.stoelzle.com\/stu\/wp-json\/wp\/v2\/media?parent=177"}],"curies":[{"name":"wp","href":"https:\/\/api.w.org\/{rel}","templated":true}]}}