{"id":17,"date":"2021-02-18T16:56:18","date_gmt":"2021-02-18T16:56:18","guid":{"rendered":"http:\/\/stoelzle.com\/stu\/?page_id=17"},"modified":"2021-05-11T14:42:14","modified_gmt":"2021-05-11T14:42:14","slug":"kontakty","status":"publish","type":"page","link":"https:\/\/www.stoelzle.com\/stu\/kontakty\/","title":{"rendered":"Kontakty"},"content":{"rendered":"<div class=\"wpb-content-wrapper\"><p>[vc_row][vc_column]<div class=\"vc-title   text-center\">\n              <div class=\"topline\">Jsme r\u00e1di, \u017ee se n\u00e1m ozvali<\/div>\n              <h1 class=\"title position-relative separator\">Kontakty<\/h1>\n              <div class=\"row\"><div class=\"col-md-10 offset-md-1\"><\/p>\n<p class=\"large-text\">Slu\u017eba za\u010d\u00edn\u00e1 dobrou radou. Na\u0161e obchodn\u00ed odd\u011blen\u00ed v\u00e1s podporuje se v\u0161emi dotazy ohledn\u011b na\u0161ich produkt\u016f a slu\u017eeb.<\/p>\n<p><\/div><\/div>\n            <\/div>[\/vc_column][\/vc_row][vc_row][vc_column width=&#8221;1\/6&#8243;][\/vc_column][vc_column width=&#8221;2\/3&#8243;]\n<div class=\"wpcf7 no-js\" id=\"wpcf7-f196-o1\" lang=\"en-US\" dir=\"ltr\" data-wpcf7-id=\"196\">\n<div class=\"screen-reader-response\"><p role=\"status\" aria-live=\"polite\" aria-atomic=\"true\"><\/p> <ul><\/ul><\/div>\n<form action=\"\/stu\/wp-json\/wp\/v2\/pages\/17#wpcf7-f196-o1\" method=\"post\" class=\"wpcf7-form init\" aria-label=\"Contact form\" novalidate=\"novalidate\" data-status=\"init\">\n<fieldset class=\"hidden-fields-container\"><input type=\"hidden\" name=\"_wpcf7\" value=\"196\" \/><input type=\"hidden\" name=\"_wpcf7_version\" value=\"6.1.5\" \/><input type=\"hidden\" name=\"_wpcf7_locale\" value=\"en_US\" \/><input type=\"hidden\" name=\"_wpcf7_unit_tag\" value=\"wpcf7-f196-o1\" \/><input type=\"hidden\" name=\"_wpcf7_container_post\" value=\"0\" \/><input type=\"hidden\" name=\"_wpcf7_posted_data_hash\" value=\"\" \/>\n<\/fieldset>\n<div class=\"col-12 mb-2\">\n\t<p><label class=\"mb-1\">V\u00e1\u0161 z\u00e1vod<\/label><br \/>\n<span class=\"wpcf7-form-control-wrap\" data-name=\"issue\"><span class=\"wpcf7-form-control wpcf7-checkbox\"><span class=\"wpcf7-list-item first\"><label><input type=\"checkbox\" name=\"issue[]\" value=\"Obecn\u00e9 dotazy\" \/><span class=\"wpcf7-list-item-label\">Obecn\u00e9 dotazy<\/span><\/label><\/span><span class=\"wpcf7-list-item\"><label><input type=\"checkbox\" name=\"issue[]\" value=\"Kari\u00e9ra\" \/><span class=\"wpcf7-list-item-label\">Kari\u00e9ra<\/span><\/label><\/span><span class=\"wpcf7-list-item\"><label><input type=\"checkbox\" name=\"issue[]\" value=\"V\u00fdrobky\" \/><span class=\"wpcf7-list-item-label\">V\u00fdrobky<\/span><\/label><\/span><span class=\"wpcf7-list-item last\"><label><input type=\"checkbox\" name=\"issue[]\" value=\"Certifik\u00e1ty\" \/><span class=\"wpcf7-list-item-label\">Certifik\u00e1ty<\/span><\/label><\/span><\/span><\/span>\n\t<\/p>\n<\/div>\n<div class=\"col-lg-6\">\n\t<p><label>Salutation*<br \/>\n<span class=\"wpcf7-form-control-wrap\" data-name=\"salutation\"><select class=\"wpcf7-form-control wpcf7-select\" aria-invalid=\"false\" name=\"salutation\"><option value=\"Pan\">Pan<\/option><option value=\"Pan\u00ed\">Pan\u00ed<\/option><\/select><\/span><\/label>\n\t<\/p>\n<\/div>\n<div class=\"col-lg-6\">\n\t<p><label>Titul<br \/>\n<span class=\"wpcf7-form-control-wrap\" data-name=\"Title\"><input size=\"40\" maxlength=\"400\" class=\"wpcf7-form-control wpcf7-text\" aria-invalid=\"false\" value=\"\" type=\"text\" name=\"Title\" \/><\/span> <\/label>\n\t<\/p>\n<\/div>\n<div class=\"col-lg-6\">\n\t<p><label>Jm\u00e9no*<br \/>\n<span class=\"wpcf7-form-control-wrap\" data-name=\"first_name\"><input size=\"40\" maxlength=\"400\" class=\"wpcf7-form-control wpcf7-text wpcf7-validates-as-required\" aria-required=\"true\" aria-invalid=\"false\" value=\"\" type=\"text\" name=\"first_name\" \/><\/span> <\/label>\n\t<\/p>\n<\/div>\n<div class=\"col-lg-6\">\n\t<p><label>P\u0159\u00edjmen\u00ed*<br \/>\n<span class=\"wpcf7-form-control-wrap\" data-name=\"surname\"><input size=\"40\" maxlength=\"400\" class=\"wpcf7-form-control wpcf7-text wpcf7-validates-as-required\" aria-required=\"true\" aria-invalid=\"false\" value=\"\" type=\"text\" name=\"surname\" \/><\/span> <\/label>\n\t<\/p>\n<\/div>\n<div class=\"col-lg-6\">\n\t<p><label>Telefon*<br \/>\n<span class=\"wpcf7-form-control-wrap\" data-name=\"phone\"><input size=\"40\" maxlength=\"400\" class=\"wpcf7-form-control wpcf7-tel wpcf7-validates-as-required wpcf7-text wpcf7-validates-as-tel\" aria-required=\"true\" aria-invalid=\"false\" value=\"\" type=\"tel\" name=\"phone\" \/><\/span> <\/label>\n\t<\/p>\n<\/div>\n<div class=\"col-lg-6\">\n\t<p><label>E-Mail*<br \/>\n<span class=\"wpcf7-form-control-wrap\" data-name=\"email\"><input size=\"40\" maxlength=\"400\" class=\"wpcf7-form-control wpcf7-email wpcf7-validates-as-required wpcf7-text wpcf7-validates-as-email\" aria-required=\"true\" aria-invalid=\"false\" value=\"\" type=\"email\" name=\"email\" \/><\/span> <\/label>\n\t<\/p>\n<\/div>\n<div class=\"col-lg-6\">\n\t<p><label>Z\u00e1vod<br \/>\n<span class=\"wpcf7-form-control-wrap\" data-name=\"company\"><input size=\"40\" maxlength=\"400\" class=\"wpcf7-form-control wpcf7-text\" aria-invalid=\"false\" value=\"\" type=\"text\" name=\"company\" \/><\/span> <\/label>\n\t<\/p>\n<\/div>\n<div class=\"col-lg-6\">\n\t<p><label>Zem\u011b*<br \/>\n<span class=\"wpcf7-form-control-wrap\" data-name=\"country\"><input size=\"40\" maxlength=\"400\" class=\"wpcf7-form-control wpcf7-text wpcf7-validates-as-required\" aria-required=\"true\" aria-invalid=\"false\" value=\"\" type=\"text\" name=\"country\" \/><\/span> <\/label>\n\t<\/p>\n<\/div>\n<div class=\"col-12\">\n\t<p><label>Va\u0161e zpr\u00e1va<br \/>\n<span class=\"wpcf7-form-control-wrap\" data-name=\"message\"><textarea cols=\"40\" rows=\"10\" maxlength=\"2000\" class=\"wpcf7-form-control wpcf7-textarea\" aria-invalid=\"false\" name=\"message\"><\/textarea><\/span><\/label>\n\t<\/p>\n<\/div>\n<div class=\"col-12 mb-2\">\n\t<p><b>(*) Povinn\u00e1 pole<\/b>\n\t<\/p>\n<\/div>\n<div class=\"col-12 d-flex data-protection\">\n\t<p><label for=\"data_protection\"><br \/>\n<span class=\"wpcf7-form-control-wrap\" data-name=\"data_protection\"><span class=\"wpcf7-form-control wpcf7-acceptance\"><span class=\"wpcf7-list-item\"><input type=\"checkbox\" name=\"data_protection\" value=\"1\" id=\"data_protection\" aria-invalid=\"false\" \/><\/span><\/span><\/span>Souhlas\u00edm se zpracov\u00e1n\u00edm m\u00fdch \u00fadaj\u016f v souladu s pokyny pro ochranu \u00fadaj\u016f. V\u00edce informac\u00ed v z\u00e1sad\u00e1ch <a href=\"\/stu\/ochrana-dat\/\">ochrany osobn\u00edch \u00fadaj\u016f.<\/a><br \/>\n<\/label>\n\t<\/p>\n<\/div>\n<div class=\"col-12 text-right\">\n\t<p><input class=\"wpcf7-form-control wpcf7-submit has-spinner\" type=\"submit\" value=\"Poslat zpr\u00e1vu\" \/>\n\t<\/p>\n<\/div><div class=\"frc-captcha \" data-sitekey=\"FCMLG0A8VCJ53UN7\" data-lang=\"en\" ><\/div>\n\t\t<noscript>You need to enable Javascript for the anti-spam check.<\/noscript><div class=\"wpcf7-response-output\" aria-hidden=\"true\"><\/div>\n<\/form>\n<\/div>\n[\/vc_column][vc_column width=&#8221;1\/6&#8243;][\/vc_column][\/vc_row][vc_row][vc_column]<div class=\"vc-spacer spacing-bottom-s\"><\/div>[\/vc_column][\/vc_row]<\/p>\n<\/div>","protected":false},"excerpt":{"rendered":"<p>[vc_row][vc_column][\/vc_column][\/vc_row][vc_row][vc_column width=&#8221;1\/6&#8243;][\/vc_column][vc_column width=&#8221;2\/3&#8243;][\/vc_column][vc_column width=&#8221;1\/6&#8243;][\/vc_column][\/vc_row][vc_row][vc_column][\/vc_column][\/vc_row]<\/p>\n","protected":false},"author":1,"featured_media":0,"parent":0,"menu_order":40,"comment_status":"closed","ping_status":"closed","template":"","meta":{"_acf_changed":false,"footnotes":""},"class_list":["post-17","page","type-page","status-publish","hentry"],"acf":[],"yoast_head":"<!-- This site is optimized with the Yoast SEO plugin v26.6 - https:\/\/yoast.com\/wordpress\/plugins\/seo\/ -->\n<title>Kontakty - Stoelzle Union<\/title>\n<meta name=\"robots\" content=\"noindex, follow\" \/>\n<meta property=\"og:locale\" content=\"en_US\" \/>\n<meta property=\"og:type\" content=\"article\" \/>\n<meta property=\"og:title\" content=\"Kontakty - Stoelzle Union\" \/>\n<meta property=\"og:description\" content=\"[vc_row][vc_column][\/vc_column][\/vc_row][vc_row][vc_column width=&#8221;1\/6&#8243;][\/vc_column][vc_column width=&#8221;2\/3&#8243;][\/vc_column][vc_column width=&#8221;1\/6&#8243;][\/vc_column][\/vc_row][vc_row][vc_column][\/vc_column][\/vc_row]\" \/>\n<meta property=\"og:url\" content=\"https:\/\/www.stoelzle.com\/stu\/kontakty\/\" \/>\n<meta property=\"og:site_name\" content=\"Stoelzle Union\" \/>\n<meta property=\"article:modified_time\" content=\"2021-05-11T14:42:14+00:00\" \/>\n<meta name=\"twitter:card\" content=\"summary_large_image\" \/>\n<meta name=\"twitter:label1\" content=\"Est. reading time\" \/>\n\t<meta name=\"twitter:data1\" content=\"1 minute\" \/>\n<script type=\"application\/ld+json\" class=\"yoast-schema-graph\">{\"@context\":\"https:\/\/schema.org\",\"@graph\":[{\"@type\":\"WebPage\",\"@id\":\"https:\/\/www.stoelzle.com\/stu\/kontakty\/\",\"url\":\"https:\/\/www.stoelzle.com\/stu\/kontakty\/\",\"name\":\"Kontakty - Stoelzle Union\",\"isPartOf\":{\"@id\":\"https:\/\/www.stoelzle.com\/stu\/#website\"},\"datePublished\":\"2021-02-18T16:56:18+00:00\",\"dateModified\":\"2021-05-11T14:42:14+00:00\",\"breadcrumb\":{\"@id\":\"https:\/\/www.stoelzle.com\/stu\/kontakty\/#breadcrumb\"},\"inLanguage\":\"en-US\",\"potentialAction\":[{\"@type\":\"ReadAction\",\"target\":[\"https:\/\/www.stoelzle.com\/stu\/kontakty\/\"]}]},{\"@type\":\"BreadcrumbList\",\"@id\":\"https:\/\/www.stoelzle.com\/stu\/kontakty\/#breadcrumb\",\"itemListElement\":[{\"@type\":\"ListItem\",\"position\":1,\"name\":\"Home\",\"item\":\"https:\/\/www.stoelzle.com\"},{\"@type\":\"ListItem\",\"position\":2,\"name\":\"Stoelzle Union\",\"item\":\"https:\/\/www.stoelzle.com\/stu\/\"},{\"@type\":\"ListItem\",\"position\":3,\"name\":\"Kontakty\"}]},{\"@type\":\"WebSite\",\"@id\":\"https:\/\/www.stoelzle.com\/stu\/#website\",\"url\":\"https:\/\/www.stoelzle.com\/stu\/\",\"name\":\"Stoelzle Union\",\"description\":\"\",\"publisher\":{\"@id\":\"https:\/\/www.stoelzle.com\/stu\/#organization\"},\"potentialAction\":[{\"@type\":\"SearchAction\",\"target\":{\"@type\":\"EntryPoint\",\"urlTemplate\":\"https:\/\/www.stoelzle.com\/stu\/?s={search_term_string}\"},\"query-input\":{\"@type\":\"PropertyValueSpecification\",\"valueRequired\":true,\"valueName\":\"search_term_string\"}}],\"inLanguage\":\"en-US\"},{\"@type\":\"Organization\",\"@id\":\"https:\/\/www.stoelzle.com\/stu\/#organization\",\"name\":\"Stoelzle Union s.r.o.\",\"url\":\"https:\/\/www.stoelzle.com\/stu\/\",\"logo\":{\"@type\":\"ImageObject\",\"inLanguage\":\"en-US\",\"@id\":\"https:\/\/www.stoelzle.com\/stu\/#\/schema\/logo\/image\/\",\"url\":\"https:\/\/www.stoelzle.com\/stu\/wp-content\/uploads\/sites\/6\/2021\/03\/logo_stu.svg\",\"contentUrl\":\"https:\/\/www.stoelzle.com\/stu\/wp-content\/uploads\/sites\/6\/2021\/03\/logo_stu.svg\",\"width\":140,\"height\":40,\"caption\":\"Stoelzle Union s.r.o.\"},\"image\":{\"@id\":\"https:\/\/www.stoelzle.com\/stu\/#\/schema\/logo\/image\/\"}}]}<\/script>\n<!-- \/ Yoast SEO plugin. -->","yoast_head_json":{"title":"Kontakty - Stoelzle Union","robots":{"index":"noindex","follow":"follow"},"og_locale":"en_US","og_type":"article","og_title":"Kontakty - Stoelzle Union","og_description":"[vc_row][vc_column][\/vc_column][\/vc_row][vc_row][vc_column width=&#8221;1\/6&#8243;][\/vc_column][vc_column width=&#8221;2\/3&#8243;][\/vc_column][vc_column width=&#8221;1\/6&#8243;][\/vc_column][\/vc_row][vc_row][vc_column][\/vc_column][\/vc_row]","og_url":"https:\/\/www.stoelzle.com\/stu\/kontakty\/","og_site_name":"Stoelzle Union","article_modified_time":"2021-05-11T14:42:14+00:00","twitter_card":"summary_large_image","twitter_misc":{"Est. reading time":"1 minute"},"schema":{"@context":"https:\/\/schema.org","@graph":[{"@type":"WebPage","@id":"https:\/\/www.stoelzle.com\/stu\/kontakty\/","url":"https:\/\/www.stoelzle.com\/stu\/kontakty\/","name":"Kontakty - Stoelzle Union","isPartOf":{"@id":"https:\/\/www.stoelzle.com\/stu\/#website"},"datePublished":"2021-02-18T16:56:18+00:00","dateModified":"2021-05-11T14:42:14+00:00","breadcrumb":{"@id":"https:\/\/www.stoelzle.com\/stu\/kontakty\/#breadcrumb"},"inLanguage":"en-US","potentialAction":[{"@type":"ReadAction","target":["https:\/\/www.stoelzle.com\/stu\/kontakty\/"]}]},{"@type":"BreadcrumbList","@id":"https:\/\/www.stoelzle.com\/stu\/kontakty\/#breadcrumb","itemListElement":[{"@type":"ListItem","position":1,"name":"Home","item":"https:\/\/www.stoelzle.com"},{"@type":"ListItem","position":2,"name":"Stoelzle Union","item":"https:\/\/www.stoelzle.com\/stu\/"},{"@type":"ListItem","position":3,"name":"Kontakty"}]},{"@type":"WebSite","@id":"https:\/\/www.stoelzle.com\/stu\/#website","url":"https:\/\/www.stoelzle.com\/stu\/","name":"Stoelzle Union","description":"","publisher":{"@id":"https:\/\/www.stoelzle.com\/stu\/#organization"},"potentialAction":[{"@type":"SearchAction","target":{"@type":"EntryPoint","urlTemplate":"https:\/\/www.stoelzle.com\/stu\/?s={search_term_string}"},"query-input":{"@type":"PropertyValueSpecification","valueRequired":true,"valueName":"search_term_string"}}],"inLanguage":"en-US"},{"@type":"Organization","@id":"https:\/\/www.stoelzle.com\/stu\/#organization","name":"Stoelzle Union s.r.o.","url":"https:\/\/www.stoelzle.com\/stu\/","logo":{"@type":"ImageObject","inLanguage":"en-US","@id":"https:\/\/www.stoelzle.com\/stu\/#\/schema\/logo\/image\/","url":"https:\/\/www.stoelzle.com\/stu\/wp-content\/uploads\/sites\/6\/2021\/03\/logo_stu.svg","contentUrl":"https:\/\/www.stoelzle.com\/stu\/wp-content\/uploads\/sites\/6\/2021\/03\/logo_stu.svg","width":140,"height":40,"caption":"Stoelzle Union s.r.o."},"image":{"@id":"https:\/\/www.stoelzle.com\/stu\/#\/schema\/logo\/image\/"}}]}},"_links":{"self":[{"href":"https:\/\/www.stoelzle.com\/stu\/wp-json\/wp\/v2\/pages\/17","targetHints":{"allow":["GET"]}}],"collection":[{"href":"https:\/\/www.stoelzle.com\/stu\/wp-json\/wp\/v2\/pages"}],"about":[{"href":"https:\/\/www.stoelzle.com\/stu\/wp-json\/wp\/v2\/types\/page"}],"author":[{"embeddable":true,"href":"https:\/\/www.stoelzle.com\/stu\/wp-json\/wp\/v2\/users\/1"}],"replies":[{"embeddable":true,"href":"https:\/\/www.stoelzle.com\/stu\/wp-json\/wp\/v2\/comments?post=17"}],"version-history":[{"count":0,"href":"https:\/\/www.stoelzle.com\/stu\/wp-json\/wp\/v2\/pages\/17\/revisions"}],"wp:attachment":[{"href":"https:\/\/www.stoelzle.com\/stu\/wp-json\/wp\/v2\/media?parent=17"}],"curies":[{"name":"wp","href":"https:\/\/api.w.org\/{rel}","templated":true}]}}