{"id":15,"date":"2021-02-09T08:19:58","date_gmt":"2021-02-09T08:19:58","guid":{"rendered":"http:\/\/stoelzle.com\/sto\/?page_id=15"},"modified":"2025-10-02T11:21:41","modified_gmt":"2025-10-02T11:21:41","slug":"stoelzle-oberglas","status":"publish","type":"page","link":"https:\/\/www.stoelzle.com\/sto\/","title":{"rendered":"Stoelzle Oberglas"},"content":{"rendered":"<div class=\"wpb-content-wrapper\"><p>[vc_row][vc_column]<div class=\"vc-title   text-center\">\n              <div class=\"topline\">1871 gegr\u00fcndet<\/div>\n              <h1 class=\"title position-relative separator\">Stoelzle Oberglas<\/h1>\n              <div class=\"row\"><div class=\"col-md-10 offset-md-1\"><\/p>\n<p class=\"large-text\">Seit 1871 werden am \u00f6sterreichischen Standort der Stoelzle Glasgruppe hochwertige Glasprodukte gefertigt. Als ehemalige Flachglash\u00fctte produziert Stoelzle Oberglas heute Verpackungsgl\u00e4ser f\u00fcr die Gesch\u00e4ftsfelder Pharma und Consumer und beliefert seine internationalen Kunden erfolgreich als einer der f\u00fchrenden Hersteller von nachhaltigen Glasverpackungen in Europa.<\/p>\n<p><\/div><\/div>\n            <\/div>[\/vc_column][\/vc_row][vc_row full_width=&#8221;stretch_row_content_no_spaces&#8221;][vc_column]<div class=\"vc-two-columns  \">\n                <div class=\"row\">\n                    <div class=\"col-sm-6 bg-blue image-left\"><img loading=\"lazy\" decoding=\"async\" width=\"1024\" height=\"666\" src=\"https:\/\/www.stoelzle.com\/sto\/wp-content\/uploads\/sites\/5\/2023\/05\/locations-stoelzle-oberglas2023-austria-1024x666.jpg\" class=\"w-100 h-100 cover\" alt=\"\" srcset=\"https:\/\/www.stoelzle.com\/sto\/wp-content\/uploads\/sites\/5\/2023\/05\/locations-stoelzle-oberglas2023-austria-1024x666.jpg 1024w, https:\/\/www.stoelzle.com\/sto\/wp-content\/uploads\/sites\/5\/2023\/05\/locations-stoelzle-oberglas2023-austria-480x312.jpg 480w, https:\/\/www.stoelzle.com\/sto\/wp-content\/uploads\/sites\/5\/2023\/05\/locations-stoelzle-oberglas2023-austria-1536x998.jpg 1536w, https:\/\/www.stoelzle.com\/sto\/wp-content\/uploads\/sites\/5\/2023\/05\/locations-stoelzle-oberglas2023-austria-992x645.jpg 992w, https:\/\/www.stoelzle.com\/sto\/wp-content\/uploads\/sites\/5\/2023\/05\/locations-stoelzle-oberglas2023-austria-180x117.jpg 180w, https:\/\/www.stoelzle.com\/sto\/wp-content\/uploads\/sites\/5\/2023\/05\/locations-stoelzle-oberglas2023-austria.jpg 2000w\" sizes=\"auto, (max-width: 1024px) 100vw, 1024px\" \/><\/div>\n                    <div class=\"col-sm-6 bg-blue image-left\"><div class=\"column-content h-100 d-flex flex-column justify-content-center\"><\/p>\n<h2>\u00dcber uns<\/h2>\n<p>Stoelzle ist Mitglied in zahlreichen internationalen Glasvereinigungen und Initiativen, wie etwa dem in Deutschland angesiedelten Forschungsverbund IPGR (International Partners in Glass Research). Der Fokus des Unternehmens liegt seit l\u00e4ngerem eindeutig auf den Bereichen Nachhaltigkeit, Forschung und Entwicklung, sowie Digitalisierung. Unser klares Ziel ist es, all unsere Prozesse und Technologien sowohl in der Fertigung als auch in der Dekoration zu optimieren, um Energie und Rohstoffe zu sparen und die damit einhergehenden Belastungen f\u00fcr die Umwelt zu minimieren.<\/p>\n<p><\/div><\/div>\n                <\/div>\n            <\/div><div class=\"vc-two-columns  \">\n                <div class=\"row\">\n                    <div class=\"col-sm-6 bg-gray image-right\"><div class=\"column-content h-100 d-flex flex-column justify-content-center\"><\/p>\n<h2>Glaskunst weiterdenken &#8211; mit Stoelzle<\/h2>\n<p>\u00dcber 220 Jahre Glasgeschichte treffen auf zeitgen\u00f6ssische Kreativit\u00e4t:<br \/>\nStoelzle produziert industrielles Glas auf h\u00f6chstem Niveau \u2013 und bewahrt gleichzeitig die Kunst der traditionellen Glasbl\u00e4serei in der <strong>Glash\u00fctte B\u00e4rnbach<\/strong>.<\/p>\n<p>Im Rahmen eines <strong>Artist-in-Residence-Programms<\/strong> l\u00e4dt Stoelzle Glask\u00fcnstler:innen ein, drei Wochen lang am Hafenofen in der historischen Mundblash\u00fctte zu arbeiten. Unterkunft, Verpflegung und Materialien werden gestellt \u2013 eines der entstandenen Werke wird im <strong>Glasmuseum B\u00e4rnbach<\/strong> ausgestellt.<\/p>\n<p><strong>\u00a0<\/strong><strong>Tradition trifft Zukunft \u2013 werden Sie Teil davon.<\/strong><\/p>\n<p><a class=\"editor-button cta\" href=\"https:\/\/www.stoelzle.com\/sto\/220-jahre-glas-und-die-kunst-lebt-weiter\/\" target=\"_blank\" rel=\"noopener\">Mehr erfahren<\/a><\/p>\n<p><\/div><\/div>\n                    <div class=\"col-sm-6 bg-gray image-right\"><img loading=\"lazy\" decoding=\"async\" width=\"1024\" height=\"682\" src=\"https:\/\/www.stoelzle.com\/sto\/wp-content\/uploads\/sites\/5\/2025\/05\/ABB6524-1024x682.jpg\" class=\"w-100 h-100 cover\" alt=\"Glass artists at work\" srcset=\"https:\/\/www.stoelzle.com\/sto\/wp-content\/uploads\/sites\/5\/2025\/05\/ABB6524-1024x682.jpg 1024w, https:\/\/www.stoelzle.com\/sto\/wp-content\/uploads\/sites\/5\/2025\/05\/ABB6524-480x320.jpg 480w, https:\/\/www.stoelzle.com\/sto\/wp-content\/uploads\/sites\/5\/2025\/05\/ABB6524-1536x1024.jpg 1536w, https:\/\/www.stoelzle.com\/sto\/wp-content\/uploads\/sites\/5\/2025\/05\/ABB6524-992x661.jpg 992w, https:\/\/www.stoelzle.com\/sto\/wp-content\/uploads\/sites\/5\/2025\/05\/ABB6524-180x120.jpg 180w, https:\/\/www.stoelzle.com\/sto\/wp-content\/uploads\/sites\/5\/2025\/05\/ABB6524.jpg 2000w\" sizes=\"auto, (max-width: 1024px) 100vw, 1024px\" \/><\/div>\n                <\/div>\n            <\/div><div class=\"vc-two-columns  \">\n                <div class=\"row\">\n                    <div class=\"col-sm-6 bg-white image-left\"><img loading=\"lazy\" decoding=\"async\" width=\"1024\" height=\"666\" src=\"https:\/\/www.stoelzle.com\/sto\/wp-content\/uploads\/sites\/5\/2021\/06\/sto-home-trigos-1024x666.jpg\" class=\"w-100 h-100 cover\" alt=\"\" srcset=\"https:\/\/www.stoelzle.com\/sto\/wp-content\/uploads\/sites\/5\/2021\/06\/sto-home-trigos-1024x666.jpg 1024w, https:\/\/www.stoelzle.com\/sto\/wp-content\/uploads\/sites\/5\/2021\/06\/sto-home-trigos-480x312.jpg 480w, https:\/\/www.stoelzle.com\/sto\/wp-content\/uploads\/sites\/5\/2021\/06\/sto-home-trigos-1536x998.jpg 1536w, https:\/\/www.stoelzle.com\/sto\/wp-content\/uploads\/sites\/5\/2021\/06\/sto-home-trigos-992x645.jpg 992w, https:\/\/www.stoelzle.com\/sto\/wp-content\/uploads\/sites\/5\/2021\/06\/sto-home-trigos-180x117.jpg 180w, https:\/\/www.stoelzle.com\/sto\/wp-content\/uploads\/sites\/5\/2021\/06\/sto-home-trigos.jpg 2000w\" sizes=\"auto, (max-width: 1024px) 100vw, 1024px\" \/><\/div>\n                    <div class=\"col-sm-6 bg-white image-left\"><div class=\"column-content h-100 d-flex flex-column justify-content-center\"><\/p>\n<h2>Fokus auf Nachhaltigkeit<\/h2>\n<p>Der Standort K\u00f6flach wurde 2021 mit dem <a href=\"\/stoelzle-gewinnt-trigos-nachhaltigkeitspreis\/\">TRIGOS<\/a> Regional Steiermark ausgezeichnet.<\/p>\n<ul>\n<li>Gr\u00fcne Energie mittels Photovoltaikpanelen auf den Hallend\u00e4chern<\/li>\n<li>W\u00e4rmer\u00fcckgewinnung aus der Abluft der Glaswannen<\/li>\n<li>Vermehrter Einsatz von Glasscherben, um bestm\u00f6glich Rohstoffe zu sparen<\/li>\n<\/ul>\n<p><a class=\"editor-button cta\" href=\"\/de\/unternehmen\/nachhaltigkeit\/\" target=\"_blank\" rel=\"noopener\">Mehr erfahren<\/a><\/p>\n<p><\/div><\/div>\n                <\/div>\n            <\/div>[\/vc_column][\/vc_row][vc_row full_width=&#8221;stretch_row_content_no_spaces&#8221;][vc_column]<div id=\"id-content-cards\" class=\"row no-gutters  \">\n        <div class=\"col-sm-6 col-md-4 col-lg-3 \">\n          <a href=\"\/de\/downloads\/\"  target=\"_blank\"  class=\"card d-block card-text theme-blue\">\n            \n            <div class=\"card-overlay d-flex flex-column\">\n            <div class=\"sub-headline w-100\">Downloads<\/div>\n            <div class=\"headline h3 w-100\">Zertifizierungen<\/div>\n            <div class=\"desc w-100\"><p><ul>\n  <li>GMP seit 2002<\/li>\n  <li>ISO 9001, ISO 15378<\/li>\n  <li>ISO 50001, ISO 14001<\/li>\n  <li>BRC\/GS<\/li>\n<\/ul><\/p><\/div>\n            \n              <div class=\"mt-auto\">\n                <span class=\"cta big-button arrow\"><\/span>\n              <\/div>\n            <\/div>\n          <\/a>\n        <\/div>\n        <div class=\"col-sm-6 col-md-4 col-lg-3 d-block d-md-none d-lg-block\">\n          <div class=\"card no-zoom theme-dark\">\n            \n          <div class=\"card-image position-absolute w-100 h-100\">\n            <img decoding=\"async\" class=\"w-100 h-100\"  src=\"https:\/\/www.stoelzle.com\/sto\/wp-content\/uploads\/sites\/5\/2021\/02\/sto-glass-production-800x800.jpg\" alt=\"Stoelzle Glasproduktionsmaschine am hei\u00dfen Ende\" \/>\n          <\/div>\n            <div class=\"card-overlay d-flex flex-column\">\n            \n            \n            \n            \n              <div class=\"mt-auto\">\n                \n              <\/div>\n            <\/div>\n          <\/div>\n        <\/div>\n        <div class=\"col-sm-6 col-md-4 col-lg-3 \">\n          <div class=\"card card-text theme-light-gray\">\n            \n            <div class=\"card-overlay d-flex flex-column\">\n            <div class=\"sub-headline w-100\">Info<\/div>\n            <div class=\"headline h3 w-100\">Daten & Fakten<\/div>\n            <div class=\"desc w-100\"><p><ul>\n  <li>Typ 2 und Typ 3 Pharmaglas<\/li>\n  <li>Verpackungsglas f\u00fcr Lebensmittel und Getr\u00e4nke<\/li>\n  <li>J\u00e4hrliches Output von 1,9 Milliarden Flaschen<\/li>\n  <li>Bis zu 400 Tonnen Glas pro Tag<\/li>\n <li>Rund 500 Besch\u00e4ftigte<\/li>\n <\/ul><\/p><\/div>\n            \n              <div class=\"mt-auto\">\n                \n              <\/div>\n            <\/div>\n          <\/div>\n        <\/div>\n        <div class=\"col-sm-6 col-md-4 col-lg-3 \">\n          <div class=\"card no-zoom theme-light\">\n            \n          <div class=\"card-image position-absolute w-100 h-100\">\n            <img decoding=\"async\" class=\"w-100 h-100\"  src=\"https:\/\/www.stoelzle.com\/sto\/wp-content\/uploads\/sites\/5\/2025\/10\/Dirk-Wypchol-website.jpg\" alt=\"\" \/>\n          <\/div>\n            <div class=\"card-overlay d-flex flex-column\">\n            <div class=\"sub-headline w-75\">Management<\/div>\n            <div class=\"headline h3 w-75\">Dirk Wypchol<\/div>\n            <div class=\"desc w-75\"><p>Werksleiter<br>Stoelzle Oberglas<\/p><\/div>\n            \n              <div class=\"mt-auto\">\n                \n              <\/div>\n            <\/div>\n          <\/div>\n        <\/div><\/div>[\/vc_column][\/vc_row][vc_row][vc_column]<div class=\"vc-title spacing-top-m  text-center\">\n              \n              <h2 class=\"title position-relative\">News<\/h2>\n              \n            <\/div><div class=\"row news-archive-layout\">\n          <div class=\"news-wrapper col-md-6 col-lg-4 px-lg-2 mb-lg-4\">\n            <a class=\"news-item position-relative d-block h-100\" href=\"https:\/\/www.stoelzle.com\/sto\/stoelzle-lehrlinge-schnuren-klimapakt\/\">\n              <div><img loading=\"lazy\" decoding=\"async\" width=\"992\" height=\"645\" src=\"https:\/\/www.stoelzle.com\/sto\/wp-content\/uploads\/sites\/5\/2026\/01\/IMG_1941-1-1-992x645.jpg\" class=\"img-fluid w-100 wp-post-image\" alt=\"\" srcset=\"https:\/\/www.stoelzle.com\/sto\/wp-content\/uploads\/sites\/5\/2026\/01\/IMG_1941-1-1-992x645.jpg 992w, https:\/\/www.stoelzle.com\/sto\/wp-content\/uploads\/sites\/5\/2026\/01\/IMG_1941-1-1-480x312.jpg 480w, https:\/\/www.stoelzle.com\/sto\/wp-content\/uploads\/sites\/5\/2026\/01\/IMG_1941-1-1-1024x666.jpg 1024w, https:\/\/www.stoelzle.com\/sto\/wp-content\/uploads\/sites\/5\/2026\/01\/IMG_1941-1-1-1536x998.jpg 1536w, https:\/\/www.stoelzle.com\/sto\/wp-content\/uploads\/sites\/5\/2026\/01\/IMG_1941-1-1-180x117.jpg 180w, https:\/\/www.stoelzle.com\/sto\/wp-content\/uploads\/sites\/5\/2026\/01\/IMG_1941-1-1.jpg 2000w\" sizes=\"auto, (max-width: 992px) 100vw, 992px\" \/><\/div>\n              <div class=\"p-4 news-inner\">\n                <div class=\"topline mb-1\">29.01.26 \/ K\u00f6flach<\/div>\n                <h3 class=\"mt-0\">Stoelzle-Lehrlinge schn\u00fcren \u201eKlimapakt\u201c<\/h3>\n                <div class=\"news-info\">Klimaschutz wie im echten Leben \u2013 nur als Planspiel: Im November 2025 organisierte der Veranstalter beteiligung.st im Rahmen der Partnerschaft im Ausbildungsnetzwerk f\u00fcr Klimaschutz \u201eIch tu\u2019s\u201c erstmals ein Klimaplanspiel f\u00fcr Stoelzle Oberglas. Die Durchf\u00fchrung wurde durch die Klima- und Energieinitiative des Landes Steiermark finanziert. Daran nahmen zehn Stoelzle-Lehrlinge teil. Im Mittelpunkt stand der fiktive, aber sehr realit\u00e4tsnahe Fall \u201eKlimapakt der Region Wurzelwald\u201c: Die Teilnehmenden schl\u00fcpften in die Rollen von Entscheidungstr\u00e4ger*innen mehrerer Gemeinden, verhandelten Ma\u00dfnahmen, w\u00e4gten Interessen ab \u2013 und beschlossen am Ende gemeinsam einen Klimapakt.<\/div>\n              <\/div>\n              <div class=\"more position-absolute\">\n                <span class=\"cta cta-white\">Mehr lesen<\/span>\n              <\/div>\n            <\/a>\n          <\/div>\n          <div class=\"news-wrapper col-md-6 col-lg-4 px-lg-2 mb-lg-4\">\n            <a class=\"news-item position-relative d-block h-100\" href=\"https:\/\/www.stoelzle.com\/sto\/mit-schutzbrille-statt-sonnenbrille-science-garden-zu-gast-bei-stoelzle\/\">\n              <div><img loading=\"lazy\" decoding=\"async\" width=\"992\" height=\"645\" src=\"https:\/\/www.stoelzle.com\/sto\/wp-content\/uploads\/sites\/5\/2025\/08\/Science-Summer-992x645.jpg\" class=\"img-fluid w-100 wp-post-image\" alt=\"\" srcset=\"https:\/\/www.stoelzle.com\/sto\/wp-content\/uploads\/sites\/5\/2025\/08\/Science-Summer-992x645.jpg 992w, https:\/\/www.stoelzle.com\/sto\/wp-content\/uploads\/sites\/5\/2025\/08\/Science-Summer-480x312.jpg 480w, https:\/\/www.stoelzle.com\/sto\/wp-content\/uploads\/sites\/5\/2025\/08\/Science-Summer-1024x666.jpg 1024w, https:\/\/www.stoelzle.com\/sto\/wp-content\/uploads\/sites\/5\/2025\/08\/Science-Summer-1536x998.jpg 1536w, https:\/\/www.stoelzle.com\/sto\/wp-content\/uploads\/sites\/5\/2025\/08\/Science-Summer-180x117.jpg 180w, https:\/\/www.stoelzle.com\/sto\/wp-content\/uploads\/sites\/5\/2025\/08\/Science-Summer.jpg 2000w\" sizes=\"auto, (max-width: 992px) 100vw, 992px\" \/><\/div>\n              <div class=\"p-4 news-inner\">\n                <div class=\"topline mb-1\">21.08.25<\/div>\n                <h3 class=\"mt-0\">Mit Schutzbrille statt Sonnenbrille \u2013 Science Garden zu Gast bei Stoelzle<\/h3>\n                <div class=\"news-info\">Die Science Garden Explorers erlebten bei Stoelzle Oberglas hautnah, wie aus gl\u00fchendem Glas fertige Flaschen entstehen. Forschergeist pur \u2013 festgehalten in einem Video, jetzt auf LinkedIn und unserer Website!\r\n\r\n<\/div>\n              <\/div>\n              <div class=\"more position-absolute\">\n                <span class=\"cta cta-white\">Mehr lesen<\/span>\n              <\/div>\n            <\/a>\n          <\/div>\n          <div class=\"news-wrapper col-md-6 col-lg-4 px-lg-2 mb-lg-4\">\n            <a class=\"news-item position-relative d-block h-100\" href=\"https:\/\/www.stoelzle.com\/sto\/stipendium-fur-technikerinnen-2025\/\">\n              <div><img loading=\"lazy\" decoding=\"async\" width=\"992\" height=\"645\" src=\"https:\/\/www.stoelzle.com\/sto\/wp-content\/uploads\/sites\/5\/2023\/07\/cornelius-grupp-stipendium2023-992x645.jpg\" class=\"img-fluid w-100 wp-post-image\" alt=\"\" srcset=\"https:\/\/www.stoelzle.com\/sto\/wp-content\/uploads\/sites\/5\/2023\/07\/cornelius-grupp-stipendium2023-992x645.jpg 992w, https:\/\/www.stoelzle.com\/sto\/wp-content\/uploads\/sites\/5\/2023\/07\/cornelius-grupp-stipendium2023-480x312.jpg 480w, https:\/\/www.stoelzle.com\/sto\/wp-content\/uploads\/sites\/5\/2023\/07\/cornelius-grupp-stipendium2023-1024x666.jpg 1024w, https:\/\/www.stoelzle.com\/sto\/wp-content\/uploads\/sites\/5\/2023\/07\/cornelius-grupp-stipendium2023-1536x998.jpg 1536w, https:\/\/www.stoelzle.com\/sto\/wp-content\/uploads\/sites\/5\/2023\/07\/cornelius-grupp-stipendium2023-180x117.jpg 180w, https:\/\/www.stoelzle.com\/sto\/wp-content\/uploads\/sites\/5\/2023\/07\/cornelius-grupp-stipendium2023.jpg 2000w\" sizes=\"auto, (max-width: 992px) 100vw, 992px\" \/><\/div>\n              <div class=\"p-4 news-inner\">\n                <div class=\"topline mb-1\">06.08.25 \/ K\u00f6flach<\/div>\n                <h3 class=\"mt-0\">Stipendium f\u00fcr Techniker:innen 2025<\/h3>\n                <div class=\"news-info\">Dr. Cornelius Grupp f\u00f6rdert mit seinem Stipendium pro Jahr bis zu drei Student:innen, welche eine technische Studienrichtung an einer Fachhochschule, einer (technischen) Universit\u00e4t oder der Montanuniversit\u00e4t absolvieren. F\u00fcr 2025 k\u00f6nnen sich Technikstudent:innen ab jetzt bewerben.<\/div>\n              <\/div>\n              <div class=\"more position-absolute\">\n                <span class=\"cta cta-white\">Mehr lesen<\/span>\n              <\/div>\n            <\/a>\n          <\/div><\/div><div class=\"vc-spacer spacing-bottom-m\"><\/div>[\/vc_column][\/vc_row][vc_row full_width=&#8221;stretch_row&#8221; el_class=&#8221;light-gray&#8221;][vc_column]<div class=\"vc-spacer spacing-bottom-m\"><\/div>[vc_row_inner content_placement=&#8221;middle&#8221; el_class=&#8221;text-text&#8221;][vc_column_inner width=&#8221;1\/2&#8243;][vc_column_text]<\/p>\n<p class=\"topline\">Video<\/p>\n<h2>Stoelzle Oberglas GmbH<\/h2>\n<ul>\n<li>Fabrikstra\u00dfe 11<br \/>\nA-8580 K\u00f6flach, Austria<\/li>\n<li>Telefon: +43 3144 706<\/li>\n<li><a href=\"https:\/\/www.facebook.com\/stoelzleoberglasgmbh\" target=\"_blank\" rel=\"noopener\">Besuchen Sie uns auf Facebook<\/a><\/li>\n<\/ul>\n<p><a class=\"editor-button cta\" href=\"\/sto\/kontakt\/\" rel=\"noopener\">Noch Fragen?<\/a>[\/vc_column_text][\/vc_column_inner][vc_column_inner width=&#8221;1\/2&#8243;][vc_video link=&#8221;https:\/\/youtu.be\/Y1w_S6MpkIM&#8221;][\/vc_column_inner][\/vc_row_inner]<div class=\"vc-spacer spacing-bottom-m\"><\/div>[\/vc_column][\/vc_row]<\/p>\n<\/div>","protected":false},"excerpt":{"rendered":"<p>[vc_row][vc_column][\/vc_column][\/vc_row][vc_row full_width=&#8221;stretch_row_content_no_spaces&#8221;][vc_column][\/vc_column][\/vc_row][vc_row full_width=&#8221;stretch_row_content_no_spaces&#8221;][vc_column][\/vc_column][\/vc_row][vc_row][vc_column][\/vc_column][\/vc_row][vc_row full_width=&#8221;stretch_row&#8221; el_class=&#8221;light-gray&#8221;][vc_column][vc_row_inner content_placement=&#8221;middle&#8221; el_class=&#8221;text-text&#8221;][vc_column_inner width=&#8221;1\/2&#8243;][vc_column_text] Video Stoelzle Oberglas GmbH Fabrikstra\u00dfe 11 A-8580 K\u00f6flach, Austria Telefon: +43 3144 706 Besuchen Sie uns auf Facebook Noch Fragen?[\/vc_column_text][\/vc_column_inner][vc_column_inner width=&#8221;1\/2&#8243;][vc_video link=&#8221;https:\/\/youtu.be\/Y1w_S6MpkIM&#8221;][\/vc_column_inner][\/vc_row_inner][\/vc_column][\/vc_row]<\/p>\n","protected":false},"author":1,"featured_media":0,"parent":0,"menu_order":10,"comment_status":"closed","ping_status":"closed","template":"","meta":{"_acf_changed":false,"footnotes":""},"class_list":["post-15","page","type-page","status-publish","hentry"],"acf":[],"yoast_head":"<!-- This site is optimized with the Yoast SEO plugin v26.6 - https:\/\/yoast.com\/wordpress\/plugins\/seo\/ -->\n<title>Stoelzle Oberglas GmbH \u00bb Glashersteller in \u00d6sterreich | Stoelzle<\/title>\n<meta name=\"description\" content=\"Stoelzle Oberglas GmbH ist Hersteller von Verpackungsglas in \u00d6sterreich \u2713 Leitbetrieb \u2713 ausgezeichnetes Unternehmen \u2713 Lernen Sie uns kennen!\" \/>\n<meta name=\"robots\" content=\"index, follow, max-snippet:-1, max-image-preview:large, max-video-preview:-1\" \/>\n<link rel=\"canonical\" href=\"https:\/\/www.stoelzle.com\/sto\/\" \/>\n<meta property=\"og:locale\" content=\"en_US\" \/>\n<meta property=\"og:type\" content=\"article\" \/>\n<meta property=\"og:title\" content=\"Stoelzle Oberglas GmbH \u00bb Glashersteller in \u00d6sterreich | Stoelzle\" \/>\n<meta property=\"og:description\" content=\"Stoelzle Oberglas GmbH ist Hersteller von Verpackungsglas in \u00d6sterreich \u2713 Leitbetrieb \u2713 ausgezeichnetes Unternehmen \u2713 Lernen Sie uns kennen!\" \/>\n<meta property=\"og:url\" content=\"https:\/\/www.stoelzle.com\/sto\/\" \/>\n<meta property=\"og:site_name\" content=\"Stoelzle Oberglas\" \/>\n<meta property=\"article:modified_time\" content=\"2025-10-02T11:21:41+00:00\" \/>\n<meta name=\"twitter:card\" content=\"summary_large_image\" \/>\n<meta name=\"twitter:label1\" content=\"Est. reading time\" \/>\n\t<meta name=\"twitter:data1\" content=\"2 minutes\" \/>\n<script type=\"application\/ld+json\" class=\"yoast-schema-graph\">{\"@context\":\"https:\/\/schema.org\",\"@graph\":[{\"@type\":\"WebPage\",\"@id\":\"https:\/\/www.stoelzle.com\/sto\/\",\"url\":\"https:\/\/www.stoelzle.com\/sto\/\",\"name\":\"Stoelzle Oberglas GmbH \u00bb Glashersteller in \u00d6sterreich | Stoelzle\",\"isPartOf\":{\"@id\":\"https:\/\/www.stoelzle.com\/sto\/#website\"},\"datePublished\":\"2021-02-09T08:19:58+00:00\",\"dateModified\":\"2025-10-02T11:21:41+00:00\",\"description\":\"Stoelzle Oberglas GmbH ist Hersteller von Verpackungsglas in \u00d6sterreich \u2713 Leitbetrieb \u2713 ausgezeichnetes Unternehmen \u2713 Lernen Sie uns kennen!\",\"breadcrumb\":{\"@id\":\"https:\/\/www.stoelzle.com\/sto\/#breadcrumb\"},\"inLanguage\":\"en-US\",\"potentialAction\":[{\"@type\":\"ReadAction\",\"target\":[\"https:\/\/www.stoelzle.com\/sto\/\"]}]},{\"@type\":\"BreadcrumbList\",\"@id\":\"https:\/\/www.stoelzle.com\/sto\/#breadcrumb\",\"itemListElement\":[{\"@type\":\"ListItem\",\"position\":1,\"name\":\"Home\",\"item\":\"https:\/\/www.stoelzle.com\"},{\"@type\":\"ListItem\",\"position\":2,\"name\":\"Stoelzle Oberglas\",\"item\":\"https:\/\/www.stoelzle.com\/sto\/\"},{\"@type\":\"ListItem\",\"position\":3,\"name\":\"Stoelzle Oberglas\"}]},{\"@type\":\"WebSite\",\"@id\":\"https:\/\/www.stoelzle.com\/sto\/#website\",\"url\":\"https:\/\/www.stoelzle.com\/sto\/\",\"name\":\"Stoelzle Oberglas\",\"description\":\"\",\"publisher\":{\"@id\":\"https:\/\/www.stoelzle.com\/sto\/#organization\"},\"potentialAction\":[{\"@type\":\"SearchAction\",\"target\":{\"@type\":\"EntryPoint\",\"urlTemplate\":\"https:\/\/www.stoelzle.com\/sto\/?s={search_term_string}\"},\"query-input\":{\"@type\":\"PropertyValueSpecification\",\"valueRequired\":true,\"valueName\":\"search_term_string\"}}],\"inLanguage\":\"en-US\"},{\"@type\":\"Organization\",\"@id\":\"https:\/\/www.stoelzle.com\/sto\/#organization\",\"name\":\"Stoelzle Oberglas GmbH\",\"url\":\"https:\/\/www.stoelzle.com\/sto\/\",\"logo\":{\"@type\":\"ImageObject\",\"inLanguage\":\"en-US\",\"@id\":\"https:\/\/www.stoelzle.com\/sto\/#\/schema\/logo\/image\/\",\"url\":\"https:\/\/www.stoelzle.com\/sto\/wp-content\/uploads\/sites\/5\/2021\/03\/logo_stoelzle_oberglas.svg\",\"contentUrl\":\"https:\/\/www.stoelzle.com\/sto\/wp-content\/uploads\/sites\/5\/2021\/03\/logo_stoelzle_oberglas.svg\",\"width\":150,\"height\":40,\"caption\":\"Stoelzle Oberglas GmbH\"},\"image\":{\"@id\":\"https:\/\/www.stoelzle.com\/sto\/#\/schema\/logo\/image\/\"}}]}<\/script>\n<!-- \/ Yoast SEO plugin. -->","yoast_head_json":{"title":"Stoelzle Oberglas GmbH \u00bb Glashersteller in \u00d6sterreich | Stoelzle","description":"Stoelzle Oberglas GmbH ist Hersteller von Verpackungsglas in \u00d6sterreich \u2713 Leitbetrieb \u2713 ausgezeichnetes Unternehmen \u2713 Lernen Sie uns kennen!","robots":{"index":"index","follow":"follow","max-snippet":"max-snippet:-1","max-image-preview":"max-image-preview:large","max-video-preview":"max-video-preview:-1"},"canonical":"https:\/\/www.stoelzle.com\/sto\/","og_locale":"en_US","og_type":"article","og_title":"Stoelzle Oberglas GmbH \u00bb Glashersteller in \u00d6sterreich | Stoelzle","og_description":"Stoelzle Oberglas GmbH ist Hersteller von Verpackungsglas in \u00d6sterreich \u2713 Leitbetrieb \u2713 ausgezeichnetes Unternehmen \u2713 Lernen Sie uns kennen!","og_url":"https:\/\/www.stoelzle.com\/sto\/","og_site_name":"Stoelzle Oberglas","article_modified_time":"2025-10-02T11:21:41+00:00","twitter_card":"summary_large_image","twitter_misc":{"Est. reading time":"2 minutes"},"schema":{"@context":"https:\/\/schema.org","@graph":[{"@type":"WebPage","@id":"https:\/\/www.stoelzle.com\/sto\/","url":"https:\/\/www.stoelzle.com\/sto\/","name":"Stoelzle Oberglas GmbH \u00bb Glashersteller in \u00d6sterreich | Stoelzle","isPartOf":{"@id":"https:\/\/www.stoelzle.com\/sto\/#website"},"datePublished":"2021-02-09T08:19:58+00:00","dateModified":"2025-10-02T11:21:41+00:00","description":"Stoelzle Oberglas GmbH ist Hersteller von Verpackungsglas in \u00d6sterreich \u2713 Leitbetrieb \u2713 ausgezeichnetes Unternehmen \u2713 Lernen Sie uns kennen!","breadcrumb":{"@id":"https:\/\/www.stoelzle.com\/sto\/#breadcrumb"},"inLanguage":"en-US","potentialAction":[{"@type":"ReadAction","target":["https:\/\/www.stoelzle.com\/sto\/"]}]},{"@type":"BreadcrumbList","@id":"https:\/\/www.stoelzle.com\/sto\/#breadcrumb","itemListElement":[{"@type":"ListItem","position":1,"name":"Home","item":"https:\/\/www.stoelzle.com"},{"@type":"ListItem","position":2,"name":"Stoelzle Oberglas","item":"https:\/\/www.stoelzle.com\/sto\/"},{"@type":"ListItem","position":3,"name":"Stoelzle Oberglas"}]},{"@type":"WebSite","@id":"https:\/\/www.stoelzle.com\/sto\/#website","url":"https:\/\/www.stoelzle.com\/sto\/","name":"Stoelzle Oberglas","description":"","publisher":{"@id":"https:\/\/www.stoelzle.com\/sto\/#organization"},"potentialAction":[{"@type":"SearchAction","target":{"@type":"EntryPoint","urlTemplate":"https:\/\/www.stoelzle.com\/sto\/?s={search_term_string}"},"query-input":{"@type":"PropertyValueSpecification","valueRequired":true,"valueName":"search_term_string"}}],"inLanguage":"en-US"},{"@type":"Organization","@id":"https:\/\/www.stoelzle.com\/sto\/#organization","name":"Stoelzle Oberglas GmbH","url":"https:\/\/www.stoelzle.com\/sto\/","logo":{"@type":"ImageObject","inLanguage":"en-US","@id":"https:\/\/www.stoelzle.com\/sto\/#\/schema\/logo\/image\/","url":"https:\/\/www.stoelzle.com\/sto\/wp-content\/uploads\/sites\/5\/2021\/03\/logo_stoelzle_oberglas.svg","contentUrl":"https:\/\/www.stoelzle.com\/sto\/wp-content\/uploads\/sites\/5\/2021\/03\/logo_stoelzle_oberglas.svg","width":150,"height":40,"caption":"Stoelzle Oberglas GmbH"},"image":{"@id":"https:\/\/www.stoelzle.com\/sto\/#\/schema\/logo\/image\/"}}]}},"_links":{"self":[{"href":"https:\/\/www.stoelzle.com\/sto\/wp-json\/wp\/v2\/pages\/15","targetHints":{"allow":["GET"]}}],"collection":[{"href":"https:\/\/www.stoelzle.com\/sto\/wp-json\/wp\/v2\/pages"}],"about":[{"href":"https:\/\/www.stoelzle.com\/sto\/wp-json\/wp\/v2\/types\/page"}],"author":[{"embeddable":true,"href":"https:\/\/www.stoelzle.com\/sto\/wp-json\/wp\/v2\/users\/1"}],"replies":[{"embeddable":true,"href":"https:\/\/www.stoelzle.com\/sto\/wp-json\/wp\/v2\/comments?post=15"}],"version-history":[{"count":0,"href":"https:\/\/www.stoelzle.com\/sto\/wp-json\/wp\/v2\/pages\/15\/revisions"}],"wp:attachment":[{"href":"https:\/\/www.stoelzle.com\/sto\/wp-json\/wp\/v2\/media?parent=15"}],"curies":[{"name":"wp","href":"https:\/\/api.w.org\/{rel}","templated":true}]}}