{"id":20,"date":"2021-02-18T18:36:17","date_gmt":"2021-02-18T18:36:17","guid":{"rendered":"http:\/\/stoelzle.com\/stm\/?page_id=20"},"modified":"2026-03-23T07:44:22","modified_gmt":"2026-03-23T07:44:22","slug":"carrieres","status":"publish","type":"page","link":"https:\/\/www.stoelzle.com\/stm\/carrieres\/","title":{"rendered":"Carri\u00e8res"},"content":{"rendered":"<div class=\"wpb-content-wrapper\"><p>[vc_row][vc_column]<div class=\"vc-title   text-center\">\n              <div class=\"topline\">Offres d\u2019emploi<\/div>\n              <h1 class=\"title position-relative separator\">Carri\u00e8res<\/h1>\n              <div class=\"row\"><div class=\"col-md-10 offset-md-1\"><\/p>\n<p class=\"large-text\">Stoelzle peut compter sur une formidable \u00e9quipe d\u2019experts en production de verre, de travailleurs qualifi\u00e9s bien form\u00e9s et de personnel de vente international hautement motiv\u00e9. Nous cherchons \u00e0 offrir des opportunit\u00e9s d\u2019emploi \u00e0 long terme \u00e0 tous nos employ\u00e9s.<\/p>\n<p><\/div><\/div>\n            <\/div>[\/vc_column][\/vc_row][vc_row full_width=&#8221;stretch_row_content_no_spaces&#8221;][vc_column]<div class=\"vc-two-columns  \">\n                <div class=\"row\">\n                    <div class=\"col-sm-6 bg-blue image-left\"><img loading=\"lazy\" decoding=\"async\" width=\"1024\" height=\"853\" src=\"https:\/\/www.stoelzle.com\/stm\/wp-content\/uploads\/sites\/10\/2022\/01\/IMG_0914-1024x853.jpg\" class=\"w-100 h-100 cover\" alt=\"Machine IS au bout chaud\" srcset=\"https:\/\/www.stoelzle.com\/stm\/wp-content\/uploads\/sites\/10\/2022\/01\/IMG_0914-1024x853.jpg 1024w, https:\/\/www.stoelzle.com\/stm\/wp-content\/uploads\/sites\/10\/2022\/01\/IMG_0914-480x400.jpg 480w, https:\/\/www.stoelzle.com\/stm\/wp-content\/uploads\/sites\/10\/2022\/01\/IMG_0914-1536x1279.jpg 1536w, https:\/\/www.stoelzle.com\/stm\/wp-content\/uploads\/sites\/10\/2022\/01\/IMG_0914-2048x1705.jpg 2048w, https:\/\/www.stoelzle.com\/stm\/wp-content\/uploads\/sites\/10\/2022\/01\/IMG_0914-992x826.jpg 992w, https:\/\/www.stoelzle.com\/stm\/wp-content\/uploads\/sites\/10\/2022\/01\/IMG_0914-2000x1665.jpg 2000w, https:\/\/www.stoelzle.com\/stm\/wp-content\/uploads\/sites\/10\/2022\/01\/IMG_0914-180x150.jpg 180w\" sizes=\"auto, (max-width: 1024px) 100vw, 1024px\" \/><\/div>\n                    <div class=\"col-sm-6 bg-blue image-left\"><div class=\"column-content h-100 d-flex flex-column justify-content-center\"><\/p>\n<h2>Le monde fascinant du verre<\/h2>\n<p>Nous offrons une organisation conviviale et d\u2019excellentes opportunit\u00e9s de carri\u00e8re pour des employ\u00e9s bien form\u00e9s \u00e0 l\u2019\u00e9chelle internationale. Notre vision d\u2019entreprise est bas\u00e9e sur le \u201c5T\u201d:<\/p>\n<ul>\n<li>Confiance (Trust)<\/li>\n<li>Transparence (Transparency)<\/li>\n<li>Axes cibl\u00e9s (Target driven)<\/li>\n<li>Travail d\u2019\u00e9quipe (Teamwork)<\/li>\n<li>Recherche de talents (Talent research)<\/li>\n<\/ul>\n<p><\/div><\/div>\n                <\/div>\n            <\/div>[\/vc_column][\/vc_row][vc_row full_width=&#8221;stretch_row&#8221;][vc_column][vc_row_inner el_class=&#8221;text-text&#8221;][vc_column_inner width=&#8221;1\/2&#8243;][vc_column_text css=&#8221;&#8221;]<\/p>\n<h2>Postes vacants<\/h2>\n<p>D\u00e9couvrez ci-dessous les offres d\u2019emploi disponibles sur le site fran\u00e7ais de Masni\u00e8res.<\/p>\n<p>Si vous partagez la passion du verre et souhaitez rejoindre l\u2019\u00e9quipe de Stoelzle Masni\u00e8res, n&#8217;h\u00e9sitez pas \u00e0 nous transmettre votre CV (candidatures.stm@stoelzle.com) :<\/p>\n<ul>\n<li><a href=\"https:\/\/www.stoelzle.com\/stm\/wp-content\/uploads\/sites\/10\/2025\/03\/2025.03_OffreEmploi_CRM.pdf\">Conditionneur relai machiniste<\/a><\/li>\n<li><a href=\"https:\/\/www.stoelzle.com\/stm\/wp-content\/uploads\/sites\/10\/2026\/02\/2026.02_OffreEmploi_ConducteurMachineIS.pdf\">Conducteur de machine IS<\/a><\/li>\n<li><a href=\"https:\/\/www.stoelzle.com\/stm\/wp-content\/uploads\/sites\/10\/2026\/02\/2026.02_OffreEmploi_CDD_AnimateurSecurite.pdf\">Animateur s\u00e9curit\u00e9<\/a><\/li>\n<\/ul>\n<p>[\/vc_column_text][\/vc_column_inner][vc_column_inner width=&#8221;1\/2&#8243;][vc_column_text css=&#8221;&#8221;]<\/p>\n<h2>Personne en charge du recrutement<\/h2>\n<p>Vous souhaitez rejoindre l\u2019\u00e9quipe de Stoelzle masni\u00e8res ? Merci d\u2019envoyer votre cv.<\/p>\n<ul>\n<li>Marie-Ange Guyart<\/li>\n<li>Route Nationale, FR-59241 Masni\u00e8res, France<\/li>\n<li>T\u00e9l.: +33 3 27 72 27 00<\/li>\n<li>candidatures.stm@stoelzle.com<\/li>\n<\/ul>\n<p><a class=\"editor-button cta\" href=\"mailto:candidatures.stm@stoelzle.com\">Envoyer une candidature<\/a><\/p>\n<p>[\/vc_column_text][\/vc_column_inner][\/vc_row_inner][vc_row_inner el_class=&#8221;text-text&#8221;][vc_column_inner width=&#8221;1\/2&#8243;][vc_column_text css=&#8221;&#8221;]<\/p>\n<p>Stoelzle Masni\u00e8res Parfumerie a b\u00e9n\u00e9fici\u00e9 du soutien de l\u2019Union Europ\u00e9enne pour former ses salari\u00e9s dans le cadre de l&#8217;op\u00e9ration FTJ Hauts-de-France, gr\u00e2ce \u00e0 l\u2019engagement de l\u2019OPCO2i.\u00a0 L\u2019objectif est de nous accompagner dans l&#8217;anticipation de\u00a0nos\u00a0besoins en comp\u00e9tences en mati\u00e8re de transition \u00e9cologique.<\/p>\n<p>Pour en savoir plus sur ce soutien europ\u00e9en :<\/p>\n<p><a class=\"editor-button cta\" href=\"https:\/\/www.stoelzle.com\/stm\/wp-content\/uploads\/sites\/10\/2026\/03\/Affichage-communication-FTJ-Hauts-de-France-2.pdf\">En savoir plus<\/a><\/p>\n<p>[\/vc_column_text][\/vc_column_inner][vc_column_inner width=&#8221;1\/2&#8243;][vc_column_text css=&#8221;&#8221;]<\/p>\n<p><img loading=\"lazy\" decoding=\"async\" class=\"alignnone size-medium wp-image-472\" src=\"https:\/\/www.stoelzle.com\/stm\/wp-content\/uploads\/sites\/10\/2026\/03\/logo2-480x101.jpg\" alt=\"\" width=\"480\" height=\"101\" srcset=\"https:\/\/www.stoelzle.com\/stm\/wp-content\/uploads\/sites\/10\/2026\/03\/logo2-480x101.jpg 480w, https:\/\/www.stoelzle.com\/stm\/wp-content\/uploads\/sites\/10\/2026\/03\/logo2-180x38.jpg 180w, https:\/\/www.stoelzle.com\/stm\/wp-content\/uploads\/sites\/10\/2026\/03\/logo2.jpg 491w\" sizes=\"auto, (max-width: 480px) 100vw, 480px\" \/><\/p>\n<p><img loading=\"lazy\" decoding=\"async\" class=\"alignnone size-full wp-image-475\" src=\"https:\/\/www.stoelzle.com\/stm\/wp-content\/uploads\/sites\/10\/2026\/03\/Capture-decran-2025-10-09-160321.png-1.png\" alt=\"\" width=\"125\" height=\"175\" \/><\/p>\n<p>[\/vc_column_text][\/vc_column_inner][\/vc_row_inner][\/vc_column][\/vc_row][vc_row][vc_column width=&#8221;1\/2&#8243;][vc_column_text css=&#8221;&#8221;]<\/p>\n<h2>Index \u00e9galit\u00e9 hommes femmes<\/h2>\n<p>Stoelzle Masni\u00e8res Parfumerie<\/p>\n<p style=\"margin: 0cm;margin-bottom: .0001pt\">Ann\u00e9e 2025 : 79\/100<\/p>\n<ul>\n<li>indicateur \u00e9cart de r\u00e9mun\u00e9ration : 37<\/li>\n<li>indicateur \u00e9cart de taux d&#8217;augmentations : 10<\/li>\n<li>indicateur \u00e9cart de taux de promotions : 10<\/li>\n<li>indicateur retour de cong\u00e9 maternit\u00e9 : non calculable<\/li>\n<li>indicateur hautes r\u00e9mun\u00e9rations : 10<\/li>\n<\/ul>\n<p>[\/vc_column_text][\/vc_column][vc_column width=&#8221;1\/2&#8243;][vc_column_text css=&#8221;&#8221;]<\/p>\n<p>&nbsp;<\/p>\n<p>&nbsp;<\/p>\n<p>Stoelzle Masni\u00e8res Parfumerie D\u00e9coration<\/p>\n<p style=\"margin: 0cm;margin-bottom: .0001pt\">Ann\u00e9e 2024 : Pas de calcul d&#8217;index (seuil effectif non atteint)<\/p>\n<p style=\"margin: 0cm;margin-bottom: .0001pt\">De m\u00eame pour les ann\u00e9es pr\u00e9c\u00e9dentes : 2023, 2022, 2021<\/p>\n<p>[\/vc_column_text][\/vc_column][\/vc_row]<\/p>\n<\/div>","protected":false},"excerpt":{"rendered":"<p>[vc_row][vc_column][\/vc_column][\/vc_row][vc_row full_width=&#8221;stretch_row_content_no_spaces&#8221;][vc_column][\/vc_column][\/vc_row][vc_row full_width=&#8221;stretch_row&#8221;][vc_column][vc_row_inner el_class=&#8221;text-text&#8221;][vc_column_inner width=&#8221;1\/2&#8243;][vc_column_text css=&#8221;&#8221;] Postes vacants D\u00e9couvrez ci-dessous les offres d\u2019emploi disponibles sur le site fran\u00e7ais de Masni\u00e8res. Si vous partagez la passion du verre et souhaitez rejoindre l\u2019\u00e9quipe de Stoelzle Masni\u00e8res, n&#8217;h\u00e9sitez pas \u00e0 nous transmettre votre CV (candidatures.stm@stoelzle.com) : Conditionneur relai machiniste Conducteur de machine IS Animateur s\u00e9curit\u00e9 [\/vc_column_text][\/vc_column_inner][vc_column_inner width=&#8221;1\/2&#8243;][vc_column_text css=&#8221;&#8221;] [&hellip;]<\/p>\n","protected":false},"author":1,"featured_media":0,"parent":0,"menu_order":30,"comment_status":"closed","ping_status":"closed","template":"","meta":{"_acf_changed":false,"footnotes":""},"class_list":["post-20","page","type-page","status-publish","hentry"],"acf":[],"yoast_head":"<!-- This site is optimized with the Yoast SEO plugin v26.6 - https:\/\/yoast.com\/wordpress\/plugins\/seo\/ -->\n<title>Carri\u00e8res - Stoelzle Masni\u00e8res<\/title>\n<meta name=\"robots\" content=\"index, follow, max-snippet:-1, max-image-preview:large, max-video-preview:-1\" \/>\n<link rel=\"canonical\" href=\"https:\/\/www.stoelzle.com\/stm\/carrieres\/\" \/>\n<meta property=\"og:locale\" content=\"en_US\" \/>\n<meta property=\"og:type\" content=\"article\" \/>\n<meta property=\"og:title\" content=\"Carri\u00e8res - Stoelzle Masni\u00e8res\" \/>\n<meta property=\"og:description\" content=\"[vc_row][vc_column][\/vc_column][\/vc_row][vc_row full_width=&#8221;stretch_row_content_no_spaces&#8221;][vc_column][\/vc_column][\/vc_row][vc_row full_width=&#8221;stretch_row&#8221;][vc_column][vc_row_inner el_class=&#8221;text-text&#8221;][vc_column_inner width=&#8221;1\/2&#8243;][vc_column_text css=&#8221;&#8221;] Postes vacants D\u00e9couvrez ci-dessous les offres d\u2019emploi disponibles sur le site fran\u00e7ais de Masni\u00e8res. Si vous partagez la passion du verre et souhaitez rejoindre l\u2019\u00e9quipe de Stoelzle Masni\u00e8res, n&#8217;h\u00e9sitez pas \u00e0 nous transmettre votre CV (candidatures.stm@stoelzle.com) : Conditionneur relai machiniste Conducteur de machine IS Animateur s\u00e9curit\u00e9 [\/vc_column_text][\/vc_column_inner][vc_column_inner width=&#8221;1\/2&#8243;][vc_column_text css=&#8221;&#8221;] [&hellip;]\" \/>\n<meta property=\"og:url\" content=\"https:\/\/www.stoelzle.com\/stm\/carrieres\/\" \/>\n<meta property=\"og:site_name\" content=\"Stoelzle Masni\u00e8res\" \/>\n<meta property=\"article:modified_time\" content=\"2026-03-23T07:44:22+00:00\" \/>\n<meta property=\"og:image\" content=\"https:\/\/www.stoelzle.com\/stm\/wp-content\/uploads\/sites\/10\/2026\/03\/logo2-480x101.jpg\" \/>\n<meta name=\"twitter:card\" content=\"summary_large_image\" \/>\n<meta name=\"twitter:label1\" content=\"Est. reading time\" \/>\n\t<meta name=\"twitter:data1\" content=\"2 minutes\" \/>\n<script type=\"application\/ld+json\" class=\"yoast-schema-graph\">{\"@context\":\"https:\/\/schema.org\",\"@graph\":[{\"@type\":\"WebPage\",\"@id\":\"https:\/\/www.stoelzle.com\/stm\/carrieres\/\",\"url\":\"https:\/\/www.stoelzle.com\/stm\/carrieres\/\",\"name\":\"Carri\u00e8res - Stoelzle Masni\u00e8res\",\"isPartOf\":{\"@id\":\"https:\/\/www.stoelzle.com\/stm\/#website\"},\"primaryImageOfPage\":{\"@id\":\"https:\/\/www.stoelzle.com\/stm\/carrieres\/#primaryimage\"},\"image\":{\"@id\":\"https:\/\/www.stoelzle.com\/stm\/carrieres\/#primaryimage\"},\"thumbnailUrl\":\"https:\/\/www.stoelzle.com\/stm\/wp-content\/uploads\/sites\/10\/2026\/03\/logo2-480x101.jpg\",\"datePublished\":\"2021-02-18T18:36:17+00:00\",\"dateModified\":\"2026-03-23T07:44:22+00:00\",\"breadcrumb\":{\"@id\":\"https:\/\/www.stoelzle.com\/stm\/carrieres\/#breadcrumb\"},\"inLanguage\":\"en-US\",\"potentialAction\":[{\"@type\":\"ReadAction\",\"target\":[\"https:\/\/www.stoelzle.com\/stm\/carrieres\/\"]}]},{\"@type\":\"ImageObject\",\"inLanguage\":\"en-US\",\"@id\":\"https:\/\/www.stoelzle.com\/stm\/carrieres\/#primaryimage\",\"url\":\"https:\/\/www.stoelzle.com\/stm\/wp-content\/uploads\/sites\/10\/2026\/03\/logo2.jpg\",\"contentUrl\":\"https:\/\/www.stoelzle.com\/stm\/wp-content\/uploads\/sites\/10\/2026\/03\/logo2.jpg\",\"width\":491,\"height\":103},{\"@type\":\"BreadcrumbList\",\"@id\":\"https:\/\/www.stoelzle.com\/stm\/carrieres\/#breadcrumb\",\"itemListElement\":[{\"@type\":\"ListItem\",\"position\":1,\"name\":\"Home\",\"item\":\"https:\/\/www.stoelzle.com\"},{\"@type\":\"ListItem\",\"position\":2,\"name\":\"Stoelzle Masni\u00e8res\",\"item\":\"https:\/\/www.stoelzle.com\/stm\/\"},{\"@type\":\"ListItem\",\"position\":3,\"name\":\"Carri\u00e8res\"}]},{\"@type\":\"WebSite\",\"@id\":\"https:\/\/www.stoelzle.com\/stm\/#website\",\"url\":\"https:\/\/www.stoelzle.com\/stm\/\",\"name\":\"Stoelzle Masni\u00e8res\",\"description\":\"\",\"publisher\":{\"@id\":\"https:\/\/www.stoelzle.com\/stm\/#organization\"},\"potentialAction\":[{\"@type\":\"SearchAction\",\"target\":{\"@type\":\"EntryPoint\",\"urlTemplate\":\"https:\/\/www.stoelzle.com\/stm\/?s={search_term_string}\"},\"query-input\":{\"@type\":\"PropertyValueSpecification\",\"valueRequired\":true,\"valueName\":\"search_term_string\"}}],\"inLanguage\":\"en-US\"},{\"@type\":\"Organization\",\"@id\":\"https:\/\/www.stoelzle.com\/stm\/#organization\",\"name\":\"Stoelzle Masni\u00e8res Parfumerie SAS\",\"url\":\"https:\/\/www.stoelzle.com\/stm\/\",\"logo\":{\"@type\":\"ImageObject\",\"inLanguage\":\"en-US\",\"@id\":\"https:\/\/www.stoelzle.com\/stm\/#\/schema\/logo\/image\/\",\"url\":\"https:\/\/www.stoelzle.com\/stm\/wp-content\/uploads\/sites\/10\/2021\/03\/logo_stm.svg\",\"contentUrl\":\"https:\/\/www.stoelzle.com\/stm\/wp-content\/uploads\/sites\/10\/2021\/03\/logo_stm.svg\",\"width\":158,\"height\":40,\"caption\":\"Stoelzle Masni\u00e8res Parfumerie SAS\"},\"image\":{\"@id\":\"https:\/\/www.stoelzle.com\/stm\/#\/schema\/logo\/image\/\"}}]}<\/script>\n<!-- \/ Yoast SEO plugin. -->","yoast_head_json":{"title":"Carri\u00e8res - Stoelzle Masni\u00e8res","robots":{"index":"index","follow":"follow","max-snippet":"max-snippet:-1","max-image-preview":"max-image-preview:large","max-video-preview":"max-video-preview:-1"},"canonical":"https:\/\/www.stoelzle.com\/stm\/carrieres\/","og_locale":"en_US","og_type":"article","og_title":"Carri\u00e8res - Stoelzle Masni\u00e8res","og_description":"[vc_row][vc_column][\/vc_column][\/vc_row][vc_row full_width=&#8221;stretch_row_content_no_spaces&#8221;][vc_column][\/vc_column][\/vc_row][vc_row full_width=&#8221;stretch_row&#8221;][vc_column][vc_row_inner el_class=&#8221;text-text&#8221;][vc_column_inner width=&#8221;1\/2&#8243;][vc_column_text css=&#8221;&#8221;] Postes vacants D\u00e9couvrez ci-dessous les offres d\u2019emploi disponibles sur le site fran\u00e7ais de Masni\u00e8res. Si vous partagez la passion du verre et souhaitez rejoindre l\u2019\u00e9quipe de Stoelzle Masni\u00e8res, n&#8217;h\u00e9sitez pas \u00e0 nous transmettre votre CV (candidatures.stm@stoelzle.com) : Conditionneur relai machiniste Conducteur de machine IS Animateur s\u00e9curit\u00e9 [\/vc_column_text][\/vc_column_inner][vc_column_inner width=&#8221;1\/2&#8243;][vc_column_text css=&#8221;&#8221;] [&hellip;]","og_url":"https:\/\/www.stoelzle.com\/stm\/carrieres\/","og_site_name":"Stoelzle Masni\u00e8res","article_modified_time":"2026-03-23T07:44:22+00:00","og_image":[{"url":"https:\/\/www.stoelzle.com\/stm\/wp-content\/uploads\/sites\/10\/2026\/03\/logo2-480x101.jpg","type":"","width":"","height":""}],"twitter_card":"summary_large_image","twitter_misc":{"Est. reading time":"2 minutes"},"schema":{"@context":"https:\/\/schema.org","@graph":[{"@type":"WebPage","@id":"https:\/\/www.stoelzle.com\/stm\/carrieres\/","url":"https:\/\/www.stoelzle.com\/stm\/carrieres\/","name":"Carri\u00e8res - Stoelzle Masni\u00e8res","isPartOf":{"@id":"https:\/\/www.stoelzle.com\/stm\/#website"},"primaryImageOfPage":{"@id":"https:\/\/www.stoelzle.com\/stm\/carrieres\/#primaryimage"},"image":{"@id":"https:\/\/www.stoelzle.com\/stm\/carrieres\/#primaryimage"},"thumbnailUrl":"https:\/\/www.stoelzle.com\/stm\/wp-content\/uploads\/sites\/10\/2026\/03\/logo2-480x101.jpg","datePublished":"2021-02-18T18:36:17+00:00","dateModified":"2026-03-23T07:44:22+00:00","breadcrumb":{"@id":"https:\/\/www.stoelzle.com\/stm\/carrieres\/#breadcrumb"},"inLanguage":"en-US","potentialAction":[{"@type":"ReadAction","target":["https:\/\/www.stoelzle.com\/stm\/carrieres\/"]}]},{"@type":"ImageObject","inLanguage":"en-US","@id":"https:\/\/www.stoelzle.com\/stm\/carrieres\/#primaryimage","url":"https:\/\/www.stoelzle.com\/stm\/wp-content\/uploads\/sites\/10\/2026\/03\/logo2.jpg","contentUrl":"https:\/\/www.stoelzle.com\/stm\/wp-content\/uploads\/sites\/10\/2026\/03\/logo2.jpg","width":491,"height":103},{"@type":"BreadcrumbList","@id":"https:\/\/www.stoelzle.com\/stm\/carrieres\/#breadcrumb","itemListElement":[{"@type":"ListItem","position":1,"name":"Home","item":"https:\/\/www.stoelzle.com"},{"@type":"ListItem","position":2,"name":"Stoelzle Masni\u00e8res","item":"https:\/\/www.stoelzle.com\/stm\/"},{"@type":"ListItem","position":3,"name":"Carri\u00e8res"}]},{"@type":"WebSite","@id":"https:\/\/www.stoelzle.com\/stm\/#website","url":"https:\/\/www.stoelzle.com\/stm\/","name":"Stoelzle Masni\u00e8res","description":"","publisher":{"@id":"https:\/\/www.stoelzle.com\/stm\/#organization"},"potentialAction":[{"@type":"SearchAction","target":{"@type":"EntryPoint","urlTemplate":"https:\/\/www.stoelzle.com\/stm\/?s={search_term_string}"},"query-input":{"@type":"PropertyValueSpecification","valueRequired":true,"valueName":"search_term_string"}}],"inLanguage":"en-US"},{"@type":"Organization","@id":"https:\/\/www.stoelzle.com\/stm\/#organization","name":"Stoelzle Masni\u00e8res Parfumerie SAS","url":"https:\/\/www.stoelzle.com\/stm\/","logo":{"@type":"ImageObject","inLanguage":"en-US","@id":"https:\/\/www.stoelzle.com\/stm\/#\/schema\/logo\/image\/","url":"https:\/\/www.stoelzle.com\/stm\/wp-content\/uploads\/sites\/10\/2021\/03\/logo_stm.svg","contentUrl":"https:\/\/www.stoelzle.com\/stm\/wp-content\/uploads\/sites\/10\/2021\/03\/logo_stm.svg","width":158,"height":40,"caption":"Stoelzle Masni\u00e8res Parfumerie SAS"},"image":{"@id":"https:\/\/www.stoelzle.com\/stm\/#\/schema\/logo\/image\/"}}]}},"_links":{"self":[{"href":"https:\/\/www.stoelzle.com\/stm\/wp-json\/wp\/v2\/pages\/20","targetHints":{"allow":["GET"]}}],"collection":[{"href":"https:\/\/www.stoelzle.com\/stm\/wp-json\/wp\/v2\/pages"}],"about":[{"href":"https:\/\/www.stoelzle.com\/stm\/wp-json\/wp\/v2\/types\/page"}],"author":[{"embeddable":true,"href":"https:\/\/www.stoelzle.com\/stm\/wp-json\/wp\/v2\/users\/1"}],"replies":[{"embeddable":true,"href":"https:\/\/www.stoelzle.com\/stm\/wp-json\/wp\/v2\/comments?post=20"}],"version-history":[{"count":0,"href":"https:\/\/www.stoelzle.com\/stm\/wp-json\/wp\/v2\/pages\/20\/revisions"}],"wp:attachment":[{"href":"https:\/\/www.stoelzle.com\/stm\/wp-json\/wp\/v2\/media?parent=20"}],"curies":[{"name":"wp","href":"https:\/\/api.w.org\/{rel}","templated":true}]}}