{"id":19,"date":"2021-02-18T18:36:16","date_gmt":"2021-02-18T18:36:16","guid":{"rendered":"http:\/\/stoelzle.com\/stm\/?page_id=19"},"modified":"2024-11-05T14:53:51","modified_gmt":"2024-11-05T14:53:51","slug":"contacter","status":"publish","type":"page","link":"https:\/\/www.stoelzle.com\/stm\/contacter\/","title":{"rendered":"Contacter"},"content":{"rendered":"<div class=\"wpb-content-wrapper\"><p>[vc_row][vc_column]<div class=\"vc-title   text-center\">\n              <div class=\"topline\">nous sommes heureux de vous lire<\/div>\n              <h1 class=\"title position-relative separator\">Contacter<\/h1>\n              \n            <\/div>[\/vc_column][\/vc_row][vc_row][vc_column width=&#8221;1\/6&#8243;][\/vc_column][vc_column width=&#8221;2\/3&#8243;]\n<div class=\"wpcf7 no-js\" id=\"wpcf7-f171-o1\" lang=\"en-US\" dir=\"ltr\" data-wpcf7-id=\"171\">\n<div class=\"screen-reader-response\"><p role=\"status\" aria-live=\"polite\" aria-atomic=\"true\"><\/p> <ul><\/ul><\/div>\n<form action=\"\/stm\/wp-json\/wp\/v2\/pages\/19#wpcf7-f171-o1\" method=\"post\" class=\"wpcf7-form init\" aria-label=\"Contact form\" novalidate=\"novalidate\" data-status=\"init\">\n<fieldset class=\"hidden-fields-container\"><input type=\"hidden\" name=\"_wpcf7\" value=\"171\" \/><input type=\"hidden\" name=\"_wpcf7_version\" value=\"6.1.5\" \/><input type=\"hidden\" name=\"_wpcf7_locale\" value=\"en_US\" \/><input type=\"hidden\" name=\"_wpcf7_unit_tag\" value=\"wpcf7-f171-o1\" \/><input type=\"hidden\" name=\"_wpcf7_container_post\" value=\"0\" \/><input type=\"hidden\" name=\"_wpcf7_posted_data_hash\" value=\"\" \/>\n<\/fieldset>\n<div class=\"col-12 mb-2\">\n\t<p><label class=\"mb-1\">Votre demande<\/label><br \/>\n<span class=\"wpcf7-form-control-wrap\" data-name=\"issue\"><span class=\"wpcf7-form-control wpcf7-checkbox\"><span class=\"wpcf7-list-item first\"><label><input type=\"checkbox\" name=\"issue[]\" value=\"Renseignements g\u00e9n\u00e9raux\" \/><span class=\"wpcf7-list-item-label\">Renseignements g\u00e9n\u00e9raux<\/span><\/label><\/span><span class=\"wpcf7-list-item\"><label><input type=\"checkbox\" name=\"issue[]\" value=\"Les produits\" \/><span class=\"wpcf7-list-item-label\">Les produits<\/span><\/label><\/span><span class=\"wpcf7-list-item\"><label><input type=\"checkbox\" name=\"issue[]\" value=\"Carri\u00e8re\" \/><span class=\"wpcf7-list-item-label\">Carri\u00e8re<\/span><\/label><\/span><span class=\"wpcf7-list-item\"><label><input type=\"checkbox\" name=\"issue[]\" value=\"Les certificats\" \/><span class=\"wpcf7-list-item-label\">Les certificats<\/span><\/label><\/span><span class=\"wpcf7-list-item last\"><label><input type=\"checkbox\" name=\"issue[]\" value=\"D\u00e9coration\" \/><span class=\"wpcf7-list-item-label\">D\u00e9coration<\/span><\/label><\/span><\/span><\/span>\n\t<\/p>\n<\/div>\n<div class=\"col-lg-6\">\n\t<p><label>Soci\u00e9t\u00e9<br \/>\n<span class=\"wpcf7-form-control-wrap\" data-name=\"company\"><input size=\"40\" maxlength=\"400\" class=\"wpcf7-form-control wpcf7-text\" aria-invalid=\"false\" value=\"\" type=\"text\" name=\"company\" \/><\/span> <\/label>\n\t<\/p>\n<\/div>\n<div class=\"col-lg-6\">\n\t<p><label>Civilit\u00e9<br \/>\n<span class=\"wpcf7-form-control-wrap\" data-name=\"salutation\"><select class=\"wpcf7-form-control wpcf7-select\" aria-invalid=\"false\" name=\"salutation\"><option value=\"Choisissez s&#039;il vous pla\u00eet\">Choisissez s&#039;il vous pla\u00eet<\/option><option value=\"Mr\">Mr<\/option><option value=\"Mme\">Mme<\/option><\/select><\/span><\/label>\n\t<\/p>\n<\/div>\n<div class=\"col-lg-6\">\n\t<p><label>Pr\u00e9nom*<br \/>\n<span class=\"wpcf7-form-control-wrap\" data-name=\"first_name\"><input size=\"40\" maxlength=\"400\" class=\"wpcf7-form-control wpcf7-text wpcf7-validates-as-required\" aria-required=\"true\" aria-invalid=\"false\" value=\"\" type=\"text\" name=\"first_name\" \/><\/span> <\/label>\n\t<\/p>\n<\/div>\n<div class=\"col-lg-6\">\n\t<p><label>Nom*<br \/>\n<span class=\"wpcf7-form-control-wrap\" data-name=\"surname\"><input size=\"40\" maxlength=\"400\" class=\"wpcf7-form-control wpcf7-text wpcf7-validates-as-required\" aria-required=\"true\" aria-invalid=\"false\" value=\"\" type=\"text\" name=\"surname\" \/><\/span> <\/label>\n\t<\/p>\n<\/div>\n<div class=\"col-lg-6\">\n\t<p><label>Code postal et ville<br \/>\n<span class=\"wpcf7-form-control-wrap\" data-name=\"location\"><input size=\"40\" maxlength=\"400\" class=\"wpcf7-form-control wpcf7-text\" aria-invalid=\"false\" value=\"\" type=\"text\" name=\"location\" \/><\/span> <\/label>\n\t<\/p>\n<\/div>\n<div class=\"col-lg-6\">\n\t<p><label>Pays*<br \/>\n<span class=\"wpcf7-form-control-wrap\" data-name=\"pays\"><input size=\"40\" maxlength=\"400\" class=\"wpcf7-form-control wpcf7-text wpcf7-validates-as-required\" aria-required=\"true\" aria-invalid=\"false\" value=\"\" type=\"text\" name=\"pays\" \/><\/span> <\/label>\n\t<\/p>\n<\/div>\n<div class=\"col-lg-6\">\n\t<p><label>E-Mail*<br \/>\n<span class=\"wpcf7-form-control-wrap\" data-name=\"email\"><input size=\"40\" maxlength=\"400\" class=\"wpcf7-form-control wpcf7-email wpcf7-validates-as-required wpcf7-text wpcf7-validates-as-email\" aria-required=\"true\" aria-invalid=\"false\" value=\"\" type=\"email\" name=\"email\" \/><\/span> <\/label>\n\t<\/p>\n<\/div>\n<div class=\"col-lg-6\">\n\t<p><label>T\u00e9l\u00e9phone<br \/>\n<span class=\"wpcf7-form-control-wrap\" data-name=\"phone\"><input size=\"40\" maxlength=\"400\" class=\"wpcf7-form-control wpcf7-tel wpcf7-text wpcf7-validates-as-tel\" aria-invalid=\"false\" value=\"\" type=\"tel\" name=\"phone\" \/><\/span> <\/label>\n\t<\/p>\n<\/div>\n<div class=\"col-12\">\n\t<p><label>Votre message<br \/>\n<span class=\"wpcf7-form-control-wrap\" data-name=\"message\"><textarea cols=\"40\" rows=\"10\" maxlength=\"2000\" class=\"wpcf7-form-control wpcf7-textarea\" aria-invalid=\"false\" name=\"message\"><\/textarea><\/span><\/label>\n\t<\/p>\n<\/div>\n<div class=\"col-12 mb-2\">\n\t<p><b>(*) Champs obligatoires<\/b>\n\t<\/p>\n<\/div>\n<div class=\"col-12 d-flex data-protection\">\n\t<p><label for=\"data_protection\"><br \/>\n<span class=\"wpcf7-form-control-wrap\" data-name=\"data_protection\"><span class=\"wpcf7-form-control wpcf7-acceptance\"><span class=\"wpcf7-list-item\"><input type=\"checkbox\" name=\"data_protection\" value=\"1\" id=\"data_protection\" aria-invalid=\"false\" \/><\/span><\/span><\/span>Je consens au traitement de mes donn\u00e9es conform\u00e9ment aux directives sur la protection des donn\u00e9es. Plus d'informations dans la <a href=\"\/stm\/politique-de-confidentialite\/\">politique de confidentialit\u00e9.<\/a><br \/>\n<\/label>\n\t<\/p>\n<\/div>\n<div class=\"col-12 text-right\">\n\t<p><input class=\"wpcf7-form-control wpcf7-submit has-spinner\" type=\"submit\" value=\"Envoyer le message\" \/>\n\t<\/p>\n<\/div><div class=\"frc-captcha \" data-sitekey=\"FCMLG0A8VCJ53UN7\" data-lang=\"en\" ><\/div>\n\t\t<noscript>You need to enable Javascript for the anti-spam check.<\/noscript><div class=\"wpcf7-response-output\" aria-hidden=\"true\"><\/div>\n<\/form>\n<\/div>\n[\/vc_column][vc_column width=&#8221;1\/6&#8243;][\/vc_column][\/vc_row][vc_row][vc_column]<div class=\"vc-spacer spacing-bottom-s\"><\/div>[\/vc_column][\/vc_row]<\/p>\n<\/div>","protected":false},"excerpt":{"rendered":"<p>[vc_row][vc_column][\/vc_column][\/vc_row][vc_row][vc_column width=&#8221;1\/6&#8243;][\/vc_column][vc_column width=&#8221;2\/3&#8243;][\/vc_column][vc_column width=&#8221;1\/6&#8243;][\/vc_column][\/vc_row][vc_row][vc_column][\/vc_column][\/vc_row]<\/p>\n","protected":false},"author":1,"featured_media":0,"parent":0,"menu_order":40,"comment_status":"closed","ping_status":"closed","template":"","meta":{"_acf_changed":false,"footnotes":""},"class_list":["post-19","page","type-page","status-publish","hentry"],"acf":[],"yoast_head":"<!-- This site is optimized with the Yoast SEO plugin v26.6 - https:\/\/yoast.com\/wordpress\/plugins\/seo\/ -->\n<title>Contacter - Stoelzle Masni\u00e8res<\/title>\n<meta name=\"robots\" content=\"noindex, follow\" \/>\n<meta property=\"og:locale\" content=\"en_US\" \/>\n<meta property=\"og:type\" content=\"article\" \/>\n<meta property=\"og:title\" content=\"Contacter - Stoelzle Masni\u00e8res\" \/>\n<meta property=\"og:description\" content=\"[vc_row][vc_column][\/vc_column][\/vc_row][vc_row][vc_column width=&#8221;1\/6&#8243;][\/vc_column][vc_column width=&#8221;2\/3&#8243;][\/vc_column][vc_column width=&#8221;1\/6&#8243;][\/vc_column][\/vc_row][vc_row][vc_column][\/vc_column][\/vc_row]\" \/>\n<meta property=\"og:url\" content=\"https:\/\/www.stoelzle.com\/stm\/contacter\/\" \/>\n<meta property=\"og:site_name\" content=\"Stoelzle Masni\u00e8res\" \/>\n<meta property=\"article:modified_time\" content=\"2024-11-05T14:53:51+00:00\" \/>\n<meta name=\"twitter:card\" content=\"summary_large_image\" \/>\n<meta name=\"twitter:label1\" content=\"Est. reading time\" \/>\n\t<meta name=\"twitter:data1\" content=\"1 minute\" \/>\n<script type=\"application\/ld+json\" class=\"yoast-schema-graph\">{\"@context\":\"https:\/\/schema.org\",\"@graph\":[{\"@type\":\"WebPage\",\"@id\":\"https:\/\/www.stoelzle.com\/stm\/contacter\/\",\"url\":\"https:\/\/www.stoelzle.com\/stm\/contacter\/\",\"name\":\"Contacter - Stoelzle Masni\u00e8res\",\"isPartOf\":{\"@id\":\"https:\/\/www.stoelzle.com\/stm\/#website\"},\"datePublished\":\"2021-02-18T18:36:16+00:00\",\"dateModified\":\"2024-11-05T14:53:51+00:00\",\"breadcrumb\":{\"@id\":\"https:\/\/www.stoelzle.com\/stm\/contacter\/#breadcrumb\"},\"inLanguage\":\"en-US\",\"potentialAction\":[{\"@type\":\"ReadAction\",\"target\":[\"https:\/\/www.stoelzle.com\/stm\/contacter\/\"]}]},{\"@type\":\"BreadcrumbList\",\"@id\":\"https:\/\/www.stoelzle.com\/stm\/contacter\/#breadcrumb\",\"itemListElement\":[{\"@type\":\"ListItem\",\"position\":1,\"name\":\"Home\",\"item\":\"https:\/\/www.stoelzle.com\"},{\"@type\":\"ListItem\",\"position\":2,\"name\":\"Stoelzle Masni\u00e8res\",\"item\":\"https:\/\/www.stoelzle.com\/stm\/\"},{\"@type\":\"ListItem\",\"position\":3,\"name\":\"Contacter\"}]},{\"@type\":\"WebSite\",\"@id\":\"https:\/\/www.stoelzle.com\/stm\/#website\",\"url\":\"https:\/\/www.stoelzle.com\/stm\/\",\"name\":\"Stoelzle Masni\u00e8res\",\"description\":\"\",\"publisher\":{\"@id\":\"https:\/\/www.stoelzle.com\/stm\/#organization\"},\"potentialAction\":[{\"@type\":\"SearchAction\",\"target\":{\"@type\":\"EntryPoint\",\"urlTemplate\":\"https:\/\/www.stoelzle.com\/stm\/?s={search_term_string}\"},\"query-input\":{\"@type\":\"PropertyValueSpecification\",\"valueRequired\":true,\"valueName\":\"search_term_string\"}}],\"inLanguage\":\"en-US\"},{\"@type\":\"Organization\",\"@id\":\"https:\/\/www.stoelzle.com\/stm\/#organization\",\"name\":\"Stoelzle Masni\u00e8res Parfumerie SAS\",\"url\":\"https:\/\/www.stoelzle.com\/stm\/\",\"logo\":{\"@type\":\"ImageObject\",\"inLanguage\":\"en-US\",\"@id\":\"https:\/\/www.stoelzle.com\/stm\/#\/schema\/logo\/image\/\",\"url\":\"https:\/\/www.stoelzle.com\/stm\/wp-content\/uploads\/sites\/10\/2021\/03\/logo_stm.svg\",\"contentUrl\":\"https:\/\/www.stoelzle.com\/stm\/wp-content\/uploads\/sites\/10\/2021\/03\/logo_stm.svg\",\"width\":158,\"height\":40,\"caption\":\"Stoelzle Masni\u00e8res Parfumerie SAS\"},\"image\":{\"@id\":\"https:\/\/www.stoelzle.com\/stm\/#\/schema\/logo\/image\/\"}}]}<\/script>\n<!-- \/ Yoast SEO plugin. -->","yoast_head_json":{"title":"Contacter - Stoelzle Masni\u00e8res","robots":{"index":"noindex","follow":"follow"},"og_locale":"en_US","og_type":"article","og_title":"Contacter - Stoelzle Masni\u00e8res","og_description":"[vc_row][vc_column][\/vc_column][\/vc_row][vc_row][vc_column width=&#8221;1\/6&#8243;][\/vc_column][vc_column width=&#8221;2\/3&#8243;][\/vc_column][vc_column width=&#8221;1\/6&#8243;][\/vc_column][\/vc_row][vc_row][vc_column][\/vc_column][\/vc_row]","og_url":"https:\/\/www.stoelzle.com\/stm\/contacter\/","og_site_name":"Stoelzle Masni\u00e8res","article_modified_time":"2024-11-05T14:53:51+00:00","twitter_card":"summary_large_image","twitter_misc":{"Est. reading time":"1 minute"},"schema":{"@context":"https:\/\/schema.org","@graph":[{"@type":"WebPage","@id":"https:\/\/www.stoelzle.com\/stm\/contacter\/","url":"https:\/\/www.stoelzle.com\/stm\/contacter\/","name":"Contacter - Stoelzle Masni\u00e8res","isPartOf":{"@id":"https:\/\/www.stoelzle.com\/stm\/#website"},"datePublished":"2021-02-18T18:36:16+00:00","dateModified":"2024-11-05T14:53:51+00:00","breadcrumb":{"@id":"https:\/\/www.stoelzle.com\/stm\/contacter\/#breadcrumb"},"inLanguage":"en-US","potentialAction":[{"@type":"ReadAction","target":["https:\/\/www.stoelzle.com\/stm\/contacter\/"]}]},{"@type":"BreadcrumbList","@id":"https:\/\/www.stoelzle.com\/stm\/contacter\/#breadcrumb","itemListElement":[{"@type":"ListItem","position":1,"name":"Home","item":"https:\/\/www.stoelzle.com"},{"@type":"ListItem","position":2,"name":"Stoelzle Masni\u00e8res","item":"https:\/\/www.stoelzle.com\/stm\/"},{"@type":"ListItem","position":3,"name":"Contacter"}]},{"@type":"WebSite","@id":"https:\/\/www.stoelzle.com\/stm\/#website","url":"https:\/\/www.stoelzle.com\/stm\/","name":"Stoelzle Masni\u00e8res","description":"","publisher":{"@id":"https:\/\/www.stoelzle.com\/stm\/#organization"},"potentialAction":[{"@type":"SearchAction","target":{"@type":"EntryPoint","urlTemplate":"https:\/\/www.stoelzle.com\/stm\/?s={search_term_string}"},"query-input":{"@type":"PropertyValueSpecification","valueRequired":true,"valueName":"search_term_string"}}],"inLanguage":"en-US"},{"@type":"Organization","@id":"https:\/\/www.stoelzle.com\/stm\/#organization","name":"Stoelzle Masni\u00e8res Parfumerie SAS","url":"https:\/\/www.stoelzle.com\/stm\/","logo":{"@type":"ImageObject","inLanguage":"en-US","@id":"https:\/\/www.stoelzle.com\/stm\/#\/schema\/logo\/image\/","url":"https:\/\/www.stoelzle.com\/stm\/wp-content\/uploads\/sites\/10\/2021\/03\/logo_stm.svg","contentUrl":"https:\/\/www.stoelzle.com\/stm\/wp-content\/uploads\/sites\/10\/2021\/03\/logo_stm.svg","width":158,"height":40,"caption":"Stoelzle Masni\u00e8res Parfumerie SAS"},"image":{"@id":"https:\/\/www.stoelzle.com\/stm\/#\/schema\/logo\/image\/"}}]}},"_links":{"self":[{"href":"https:\/\/www.stoelzle.com\/stm\/wp-json\/wp\/v2\/pages\/19","targetHints":{"allow":["GET"]}}],"collection":[{"href":"https:\/\/www.stoelzle.com\/stm\/wp-json\/wp\/v2\/pages"}],"about":[{"href":"https:\/\/www.stoelzle.com\/stm\/wp-json\/wp\/v2\/types\/page"}],"author":[{"embeddable":true,"href":"https:\/\/www.stoelzle.com\/stm\/wp-json\/wp\/v2\/users\/1"}],"replies":[{"embeddable":true,"href":"https:\/\/www.stoelzle.com\/stm\/wp-json\/wp\/v2\/comments?post=19"}],"version-history":[{"count":0,"href":"https:\/\/www.stoelzle.com\/stm\/wp-json\/wp\/v2\/pages\/19\/revisions"}],"wp:attachment":[{"href":"https:\/\/www.stoelzle.com\/stm\/wp-json\/wp\/v2\/media?parent=19"}],"curies":[{"name":"wp","href":"https:\/\/api.w.org\/{rel}","templated":true}]}}