{"id":153,"date":"2021-03-09T17:04:42","date_gmt":"2021-03-09T17:04:42","guid":{"rendered":"https:\/\/stoelzle.com\/stm\/?page_id=153"},"modified":"2023-12-20T09:11:05","modified_gmt":"2023-12-20T09:11:05","slug":"mention-legales","status":"publish","type":"page","link":"https:\/\/www.stoelzle.com\/stm\/mention-legales\/","title":{"rendered":"Mentions l\u00e9gales"},"content":{"rendered":"<div class=\"wpb-content-wrapper\"><p>[vc_row][vc_column]<div class=\"vc-title  spacing-bottom-l text-center\">\n              <div class=\"topline\">Stoelzle Masni\u00e8res<\/div>\n              <h1 class=\"title position-relative separator\">Mentions l\u00e9gales<\/h1>\n              \n            <\/div><div class=\"vc-spacer spacing-bottom-m\"><\/div>[vc_row_inner el_class=&#8221;text-text&#8221;][vc_column_inner width=&#8221;1\/12&#8243;][\/vc_column_inner][vc_column_inner width=&#8221;5\/12&#8243;][vc_column_text]<\/p>\n<p class=\"h5\">Stoelzle Masni\u00e8res Parfumerie SAS<\/p>\n<p>Route Nationale<br \/>\nFR-59241 Masni\u00e8res<br \/>\nT\u00e9l\u00e9phone : +33 3 27 72 27 00<br \/>\nAdresse \u00e9lectronique : <a href=\"mailto:officeSTM@stoelzle.com\">officeSTM@stoelzle.com<\/a><\/p>\n<p>Objet de l\u2019activit\u00e9 : Fabrication d\u2019objets en verre creux<br \/>\nNum\u00e9ro de TVA Intracommunautaire : FR88811184027<br \/>\nInscription au registre du Commerce : 811 184 027 RCS Douai<br \/>\nTribunal du registre du commerce : Greffe de Douai<br \/>\nMontant du capital social : 100 000 \u20ac<\/p>\n<p>PDG : Corrado Ferrozzi<\/p>\n<p class=\"h5\">H\u00e9bergeur<\/p>\n<p>WP Engine, Inc.<br \/>\n504 Lavaca Street, Suite 1000<br \/>\nAustin, TX 78701, United States<br \/>\nT\u00e9l\u00e9phone : +1 512 273 3906<\/p>\n<p class=\"h5\">Cr\u00e9dits photo<\/p>\n<p>Les images, photos, vid\u00e9os et graphiques de ce site Web sont prot\u00e9g\u00e9s par le droit d\u2019auteur. Sources d\u2019images : Die Abbilderei, Jutta K\u00fcgerl Fotografie, Mathias Kniepeiss, Toni Muhr, Studio Foto Palac Jerzy Kozlowski, Adobe Stock, Stoelzle Archiv.<\/p>\n<p class=\"h5\">Concept, conception et mise en \u0153uvre<\/p>\n<p>Stoelzle Masni\u00e8res Parfumerie SAS &amp; Bramauer Branding, \u2028<a href=\"https:\/\/www.bramauer.at\/\" target=\"_blank\" rel=\"noopener\">www.bramauer.at<\/a><\/p>\n<p>[\/vc_column_text][\/vc_column_inner][vc_column_inner width=&#8221;5\/12&#8243;][vc_column_text]<\/p>\n<p class=\"h5\">Exon\u00e9ration de la responsabilit\u00e9<\/p>\n<p>Stoelzle Masni\u00e8res Parfumerie SAS efforce de maintenir les informations publi\u00e9es \u00e0 jour et exactes, mais d\u00e9cline toute responsabilit\u00e9 en ce qui concerne l\u2019actualit\u00e9, l\u2019exactitude et l\u2019exhaustivit\u00e9 des contenus. Par cons\u00e9quent, Stoelzle Masni\u00e8res Parfumerie SAS ne saurait \u00eatre tenue pour responsable de tout dommage r\u00e9sultant de l\u2019utilisation du contenu.<\/p>\n<p class=\"h5\">Liens vers des sites Internet externes<\/p>\n<p>Ce site Internet contient des liens vers des sites Internet externes sur lesquels nous n\u2019avons aucun contr\u00f4le. Par cons\u00e9quent, nous d\u00e9clinons toute responsabilit\u00e9 en ce qui concerne ces contenus externes. Le fournisseur ou l\u2019op\u00e9rateur respectif des sites Internet est toujours responsable du contenu des sites Internet li\u00e9s. Les informations qui y sont publi\u00e9es ne refl\u00e8tent pas non plus le point de vue de Stoelzle Masni\u00e8res Parfumerie SAS.<\/p>\n<p class=\"h5\">Droit d\u2019auteur<\/p>\n<p>Copyright \u00a9 Stoelzle Masni\u00e8res Parfumerie SAS. Tous droits r\u00e9serv\u00e9s. Les contenus de ce site Internet sont prot\u00e9g\u00e9s par le droit d\u2019auteur. Sans l\u2019autorisation \u00e9crite pr\u00e9alable de Stoelzle Masni\u00e8res Parfumerie SAS, il est interdit de reproduire sous quelque forme que ce soit, de traiter par des syst\u00e8mes \u00e9lectroniques, de reproduire ou de distribuer le contenu de ce site Internet.[\/vc_column_text][\/vc_column_inner][vc_column_inner width=&#8221;1\/12&#8243;][\/vc_column_inner][\/vc_row_inner]<div class=\"vc-spacer spacing-bottom-m\"><\/div>[\/vc_column][\/vc_row][vc_row][vc_column][\/vc_column][\/vc_row]<\/p>\n<\/div>","protected":false},"excerpt":{"rendered":"<p>[vc_row][vc_column][vc_row_inner el_class=&#8221;text-text&#8221;][vc_column_inner width=&#8221;1\/12&#8243;][\/vc_column_inner][vc_column_inner width=&#8221;5\/12&#8243;][vc_column_text] Stoelzle Masni\u00e8res Parfumerie SAS Route Nationale FR-59241 Masni\u00e8res T\u00e9l\u00e9phone : +33 3 27 72 27 00 Adresse \u00e9lectronique : officeSTM@stoelzle.com Objet de l\u2019activit\u00e9 : Fabrication d\u2019objets en verre creux Num\u00e9ro de TVA Intracommunautaire : FR88811184027 Inscription au registre du Commerce : 811 184 027 RCS Douai Tribunal du registre du commerce [&hellip;]<\/p>\n","protected":false},"author":1,"featured_media":0,"parent":0,"menu_order":0,"comment_status":"closed","ping_status":"closed","template":"","meta":{"_acf_changed":false,"footnotes":""},"class_list":["post-153","page","type-page","status-publish","hentry"],"acf":[],"yoast_head":"<!-- This site is optimized with the Yoast SEO plugin v26.6 - https:\/\/yoast.com\/wordpress\/plugins\/seo\/ -->\n<title>Mentions l\u00e9gales - Stoelzle Masni\u00e8res<\/title>\n<meta name=\"robots\" content=\"noindex, nofollow\" \/>\n<meta property=\"og:locale\" content=\"en_US\" \/>\n<meta property=\"og:type\" content=\"article\" \/>\n<meta property=\"og:title\" content=\"Mentions l\u00e9gales - Stoelzle Masni\u00e8res\" \/>\n<meta property=\"og:description\" content=\"[vc_row][vc_column][vc_row_inner el_class=&#8221;text-text&#8221;][vc_column_inner width=&#8221;1\/12&#8243;][\/vc_column_inner][vc_column_inner width=&#8221;5\/12&#8243;][vc_column_text] Stoelzle Masni\u00e8res Parfumerie SAS Route Nationale FR-59241 Masni\u00e8res T\u00e9l\u00e9phone : +33 3 27 72 27 00 Adresse \u00e9lectronique : officeSTM@stoelzle.com Objet de l\u2019activit\u00e9 : Fabrication d\u2019objets en verre creux Num\u00e9ro de TVA Intracommunautaire : FR88811184027 Inscription au registre du Commerce : 811 184 027 RCS Douai Tribunal du registre du commerce [&hellip;]\" \/>\n<meta property=\"og:url\" content=\"https:\/\/www.stoelzle.com\/stm\/mention-legales\/\" \/>\n<meta property=\"og:site_name\" content=\"Stoelzle Masni\u00e8res\" \/>\n<meta property=\"article:modified_time\" content=\"2023-12-20T09:11:05+00:00\" \/>\n<meta name=\"twitter:card\" content=\"summary_large_image\" \/>\n<meta name=\"twitter:label1\" content=\"Est. reading time\" \/>\n\t<meta name=\"twitter:data1\" content=\"2 minutes\" \/>\n<script type=\"application\/ld+json\" class=\"yoast-schema-graph\">{\"@context\":\"https:\/\/schema.org\",\"@graph\":[{\"@type\":\"WebPage\",\"@id\":\"https:\/\/www.stoelzle.com\/stm\/mention-legales\/\",\"url\":\"https:\/\/www.stoelzle.com\/stm\/mention-legales\/\",\"name\":\"Mentions l\u00e9gales - Stoelzle Masni\u00e8res\",\"isPartOf\":{\"@id\":\"https:\/\/www.stoelzle.com\/stm\/#website\"},\"datePublished\":\"2021-03-09T17:04:42+00:00\",\"dateModified\":\"2023-12-20T09:11:05+00:00\",\"breadcrumb\":{\"@id\":\"https:\/\/www.stoelzle.com\/stm\/mention-legales\/#breadcrumb\"},\"inLanguage\":\"en-US\",\"potentialAction\":[{\"@type\":\"ReadAction\",\"target\":[\"https:\/\/www.stoelzle.com\/stm\/mention-legales\/\"]}]},{\"@type\":\"BreadcrumbList\",\"@id\":\"https:\/\/www.stoelzle.com\/stm\/mention-legales\/#breadcrumb\",\"itemListElement\":[{\"@type\":\"ListItem\",\"position\":1,\"name\":\"Home\",\"item\":\"https:\/\/www.stoelzle.com\"},{\"@type\":\"ListItem\",\"position\":2,\"name\":\"Stoelzle Masni\u00e8res\",\"item\":\"https:\/\/www.stoelzle.com\/stm\/\"},{\"@type\":\"ListItem\",\"position\":3,\"name\":\"Mentions l\u00e9gales\"}]},{\"@type\":\"WebSite\",\"@id\":\"https:\/\/www.stoelzle.com\/stm\/#website\",\"url\":\"https:\/\/www.stoelzle.com\/stm\/\",\"name\":\"Stoelzle Masni\u00e8res\",\"description\":\"\",\"publisher\":{\"@id\":\"https:\/\/www.stoelzle.com\/stm\/#organization\"},\"potentialAction\":[{\"@type\":\"SearchAction\",\"target\":{\"@type\":\"EntryPoint\",\"urlTemplate\":\"https:\/\/www.stoelzle.com\/stm\/?s={search_term_string}\"},\"query-input\":{\"@type\":\"PropertyValueSpecification\",\"valueRequired\":true,\"valueName\":\"search_term_string\"}}],\"inLanguage\":\"en-US\"},{\"@type\":\"Organization\",\"@id\":\"https:\/\/www.stoelzle.com\/stm\/#organization\",\"name\":\"Stoelzle Masni\u00e8res Parfumerie SAS\",\"url\":\"https:\/\/www.stoelzle.com\/stm\/\",\"logo\":{\"@type\":\"ImageObject\",\"inLanguage\":\"en-US\",\"@id\":\"https:\/\/www.stoelzle.com\/stm\/#\/schema\/logo\/image\/\",\"url\":\"https:\/\/www.stoelzle.com\/stm\/wp-content\/uploads\/sites\/10\/2021\/03\/logo_stm.svg\",\"contentUrl\":\"https:\/\/www.stoelzle.com\/stm\/wp-content\/uploads\/sites\/10\/2021\/03\/logo_stm.svg\",\"width\":158,\"height\":40,\"caption\":\"Stoelzle Masni\u00e8res Parfumerie SAS\"},\"image\":{\"@id\":\"https:\/\/www.stoelzle.com\/stm\/#\/schema\/logo\/image\/\"}}]}<\/script>\n<!-- \/ Yoast SEO plugin. -->","yoast_head_json":{"title":"Mentions l\u00e9gales - Stoelzle Masni\u00e8res","robots":{"index":"noindex","follow":"nofollow"},"og_locale":"en_US","og_type":"article","og_title":"Mentions l\u00e9gales - Stoelzle Masni\u00e8res","og_description":"[vc_row][vc_column][vc_row_inner el_class=&#8221;text-text&#8221;][vc_column_inner width=&#8221;1\/12&#8243;][\/vc_column_inner][vc_column_inner width=&#8221;5\/12&#8243;][vc_column_text] Stoelzle Masni\u00e8res Parfumerie SAS Route Nationale FR-59241 Masni\u00e8res T\u00e9l\u00e9phone : +33 3 27 72 27 00 Adresse \u00e9lectronique : officeSTM@stoelzle.com Objet de l\u2019activit\u00e9 : Fabrication d\u2019objets en verre creux Num\u00e9ro de TVA Intracommunautaire : FR88811184027 Inscription au registre du Commerce : 811 184 027 RCS Douai Tribunal du registre du commerce [&hellip;]","og_url":"https:\/\/www.stoelzle.com\/stm\/mention-legales\/","og_site_name":"Stoelzle Masni\u00e8res","article_modified_time":"2023-12-20T09:11:05+00:00","twitter_card":"summary_large_image","twitter_misc":{"Est. reading time":"2 minutes"},"schema":{"@context":"https:\/\/schema.org","@graph":[{"@type":"WebPage","@id":"https:\/\/www.stoelzle.com\/stm\/mention-legales\/","url":"https:\/\/www.stoelzle.com\/stm\/mention-legales\/","name":"Mentions l\u00e9gales - Stoelzle Masni\u00e8res","isPartOf":{"@id":"https:\/\/www.stoelzle.com\/stm\/#website"},"datePublished":"2021-03-09T17:04:42+00:00","dateModified":"2023-12-20T09:11:05+00:00","breadcrumb":{"@id":"https:\/\/www.stoelzle.com\/stm\/mention-legales\/#breadcrumb"},"inLanguage":"en-US","potentialAction":[{"@type":"ReadAction","target":["https:\/\/www.stoelzle.com\/stm\/mention-legales\/"]}]},{"@type":"BreadcrumbList","@id":"https:\/\/www.stoelzle.com\/stm\/mention-legales\/#breadcrumb","itemListElement":[{"@type":"ListItem","position":1,"name":"Home","item":"https:\/\/www.stoelzle.com"},{"@type":"ListItem","position":2,"name":"Stoelzle Masni\u00e8res","item":"https:\/\/www.stoelzle.com\/stm\/"},{"@type":"ListItem","position":3,"name":"Mentions l\u00e9gales"}]},{"@type":"WebSite","@id":"https:\/\/www.stoelzle.com\/stm\/#website","url":"https:\/\/www.stoelzle.com\/stm\/","name":"Stoelzle Masni\u00e8res","description":"","publisher":{"@id":"https:\/\/www.stoelzle.com\/stm\/#organization"},"potentialAction":[{"@type":"SearchAction","target":{"@type":"EntryPoint","urlTemplate":"https:\/\/www.stoelzle.com\/stm\/?s={search_term_string}"},"query-input":{"@type":"PropertyValueSpecification","valueRequired":true,"valueName":"search_term_string"}}],"inLanguage":"en-US"},{"@type":"Organization","@id":"https:\/\/www.stoelzle.com\/stm\/#organization","name":"Stoelzle Masni\u00e8res Parfumerie SAS","url":"https:\/\/www.stoelzle.com\/stm\/","logo":{"@type":"ImageObject","inLanguage":"en-US","@id":"https:\/\/www.stoelzle.com\/stm\/#\/schema\/logo\/image\/","url":"https:\/\/www.stoelzle.com\/stm\/wp-content\/uploads\/sites\/10\/2021\/03\/logo_stm.svg","contentUrl":"https:\/\/www.stoelzle.com\/stm\/wp-content\/uploads\/sites\/10\/2021\/03\/logo_stm.svg","width":158,"height":40,"caption":"Stoelzle Masni\u00e8res Parfumerie SAS"},"image":{"@id":"https:\/\/www.stoelzle.com\/stm\/#\/schema\/logo\/image\/"}}]}},"_links":{"self":[{"href":"https:\/\/www.stoelzle.com\/stm\/wp-json\/wp\/v2\/pages\/153","targetHints":{"allow":["GET"]}}],"collection":[{"href":"https:\/\/www.stoelzle.com\/stm\/wp-json\/wp\/v2\/pages"}],"about":[{"href":"https:\/\/www.stoelzle.com\/stm\/wp-json\/wp\/v2\/types\/page"}],"author":[{"embeddable":true,"href":"https:\/\/www.stoelzle.com\/stm\/wp-json\/wp\/v2\/users\/1"}],"replies":[{"embeddable":true,"href":"https:\/\/www.stoelzle.com\/stm\/wp-json\/wp\/v2\/comments?post=153"}],"version-history":[{"count":0,"href":"https:\/\/www.stoelzle.com\/stm\/wp-json\/wp\/v2\/pages\/153\/revisions"}],"wp:attachment":[{"href":"https:\/\/www.stoelzle.com\/stm\/wp-json\/wp\/v2\/media?parent=153"}],"curies":[{"name":"wp","href":"https:\/\/api.w.org\/{rel}","templated":true}]}}