{"id":93,"date":"2021-02-19T12:19:10","date_gmt":"2021-02-19T12:19:10","guid":{"rendered":"http:\/\/stoelzle.com\/stc\/?page_id=93"},"modified":"2024-01-10T09:55:45","modified_gmt":"2024-01-10T09:55:45","slug":"csr","status":"publish","type":"page","link":"https:\/\/www.stoelzle.com\/stc\/csr\/","title":{"rendered":"CSR"},"content":{"rendered":"<div class=\"wpb-content-wrapper\"><p>[vc_row][vc_column]<div class=\"vc-title   text-center\">\n              <div class=\"topline\">Stoelzle CSR<\/div>\n              <h1 class=\"title position-relative separator\">Spo\u0142eczna odpowiedzialno\u015b\u0107 biznesu<\/h1>\n              <div class=\"row\"><div class=\"col-md-10 offset-md-1\"><\/p>\n<p class=\"large-text\">Stoelzle Cz\u0119stochowa troszczy si\u0119 o dobre relacje z klientami, pracownikami, jak i spo\u0142eczno\u015bci\u0105 lokaln\u0105, anga\u017cuj\u0105c si\u0119 w kolejne inicjatywy spo\u0142eczne i sportowe. Wspieramy fundacje, stowarzyszenia i miejscowe szko\u0142y.<\/p>\n<p><\/div><\/div>\n            <\/div>[\/vc_column][\/vc_row][vc_row full_width=&#8221;stretch_row_content_no_spaces&#8221;][vc_column]<div class=\"vc-two-columns  \">\n                <div class=\"row\">\n                    <div class=\"col-sm-6 bg-gray image-right\"><div class=\"column-content h-100 d-flex flex-column justify-content-center\"><\/p>\n<h2>Wspieramy sport!<\/h2>\n<p>Zw\u0142aszcza m\u0142odzie\u017cowy. Od 2018 roku jeste\u015bmy sponsorem tytularnym Eco-Team AZS Stoelzle Cz\u0119stochowa, mistrza i wicemistrza Polski formacji m\u0142odzie\u017cowych. Ponadto jeste\u015bmy\u00a0 sponsorem ekstraklasowego Rakowa Cz\u0119stochowa i W\u0142\u00f3kniarza Cz\u0119stochowa \u2013 br\u0105zowego medalisty Mistrzostw Polski na \u017cu\u017clu.<\/p>\n<p><a class=\"editor-button cta\" href=\"\/stc\/kontakt\/\">Pytania do nas?<\/a><\/p>\n<p><\/div><\/div>\n                    <div class=\"col-sm-6 bg-gray image-right\"><img loading=\"lazy\" decoding=\"async\" width=\"1024\" height=\"726\" src=\"https:\/\/www.stoelzle.com\/stc\/wp-content\/uploads\/sites\/8\/2024\/01\/AZS-1024x726.jpg\" class=\"w-100 h-100 cover\" alt=\"\" srcset=\"https:\/\/www.stoelzle.com\/stc\/wp-content\/uploads\/sites\/8\/2024\/01\/AZS-1024x726.jpg 1024w, https:\/\/www.stoelzle.com\/stc\/wp-content\/uploads\/sites\/8\/2024\/01\/AZS-480x340.jpg 480w, https:\/\/www.stoelzle.com\/stc\/wp-content\/uploads\/sites\/8\/2024\/01\/AZS-992x703.jpg 992w, https:\/\/www.stoelzle.com\/stc\/wp-content\/uploads\/sites\/8\/2024\/01\/AZS-180x128.jpg 180w, https:\/\/www.stoelzle.com\/stc\/wp-content\/uploads\/sites\/8\/2024\/01\/AZS.jpg 1498w\" sizes=\"auto, (max-width: 1024px) 100vw, 1024px\" \/><\/div>\n                <\/div>\n            <\/div>[\/vc_column][\/vc_row][vc_row full_width=&#8221;stretch_row_content_no_spaces&#8221;][vc_column]<div id=\"id-content-cards\" class=\"row no-gutters  \">\n        <div class=\"col-sm-6 col-md-4 col-lg-3 d-block d-md-none d-lg-block\">\n          <div class=\"card no-zoom theme-dark\">\n            \n          <div class=\"card-image position-absolute w-100 h-100\">\n            <img decoding=\"async\" class=\"w-100 h-100\"  src=\"https:\/\/www.stoelzle.com\/stc\/wp-content\/uploads\/sites\/8\/2024\/01\/teatr-za-jeden-usmiech-1.jpg\" alt=\"\" \/>\n          <\/div>\n            <div class=\"card-overlay d-flex flex-column\">\n            \n            \n            \n            \n              <div class=\"mt-auto\">\n                \n              <\/div>\n            <\/div>\n          <\/div>\n        <\/div>\n        <div class=\"col-sm-6 col-md-4 col-lg-3 \">\n          <div class=\"card card-text theme-blue\">\n            \n            <div class=\"card-overlay d-flex flex-column\">\n            \n            <div class=\"headline h3 w-100\">Sponsoring<\/div>\n            <div class=\"desc w-100\"><p>Stoelzle pomaga dzieciom, m\u0142odzie\u017cy i najbardziej potrzebuj\u0105cym z Cz\u0119stochowy i okolic. Byli\u015bmy m.in. sponsorem g\u0142\u00f3wnym: \u201e\u015awi\u0105tecznego Grania z Kub\u0105\u201d, koncertu \u201eSerca Szeroko Otwarte \u2013 Stanis\u0142awa Soyki\u201d, a tak\u017ce \u201eMiko\u0142aja z ul. Krakowskiej 44\u201d.<\/p><\/div>\n            \n              <div class=\"mt-auto\">\n                \n              <\/div>\n            <\/div>\n          <\/div>\n        <\/div>\n        <div class=\"col-sm-6 col-md-4 col-lg-3 \">\n          <div class=\"card no-zoom theme-dark\">\n            \n          <div class=\"card-image position-absolute w-100 h-100\">\n            <img decoding=\"async\" class=\"w-100 h-100\"  src=\"https:\/\/www.stoelzle.com\/stc\/wp-content\/uploads\/sites\/8\/2024\/01\/koncert-a-800x800.jpg\" alt=\"\" \/>\n          <\/div>\n            <div class=\"card-overlay d-flex flex-column\">\n            \n            \n            \n            \n              <div class=\"mt-auto\">\n                \n              <\/div>\n            <\/div>\n          <\/div>\n        <\/div>\n        <div class=\"col-sm-6 col-md-4 col-lg-3 \">\n          <div class=\"card card-text theme-light-gray\">\n            \n            <div class=\"card-overlay d-flex flex-column\">\n            \n            <div class=\"headline h3 w-100\">Stoelzle wspiera<\/div>\n            <div class=\"desc w-100\"><p><ul>\n<li>Dzieci\u0119ce Hospicjum w Cz\u0119stochowie<\/li>\n<li>Lokalne szko\u0142y i przedszkola<\/li>\n<li>Teatr za jeden u\u015bmiech<\/li>\n<li>Dom pomocy spo\u0142ecznej<\/li>\n<li>Stowarzyszenia i fundacje (r\u00f3wnie\u017c proekologiczne)<\/li>\n<\/ul><\/p><\/div>\n            \n              <div class=\"mt-auto\">\n                \n              <\/div>\n            <\/div>\n          <\/div>\n        <\/div><\/div>[\/vc_column][\/vc_row][vc_row][vc_column]<div id=\"id-gallery\" class=\"vc-gallery spacing-top-m spacing-bottom-m\"><div class=\"row vc-gallery-slider\"><a  href=\"https:\/\/www.stoelzle.com\/stc\/wp-content\/uploads\/sites\/8\/2021\/02\/stc-csr-1.jpg\"  class=\"vc-gallery-item mb-4 style-1 col-sm-6 col-md-4 col-lg-3\">\n                  <div class=\"vc-gallery-image off show-border\"><img decoding=\"async\" class=\"img-fluid\" src=\"https:\/\/www.stoelzle.com\/stc\/wp-content\/uploads\/sites\/8\/2021\/02\/stc-csr-1-800x800.jpg\" alt=\"Od kilku lat Stoelzle Cz\u0119stochowa wspiera r\u00f3wnie\u017c klub \u017cu\u017clowe, W\u0142\u00f3kniarz Cz\u0119stochowa\"><\/div>\n                  <div class=\"vc-gallery-content\"><\/div>\n                <\/a><a  href=\"https:\/\/www.stoelzle.com\/stc\/wp-content\/uploads\/sites\/8\/2022\/06\/bieg-13.png\"  class=\"vc-gallery-item mb-4 style-1 col-sm-6 col-md-4 col-lg-3\">\n                  <div class=\"vc-gallery-image off show-border\"><img decoding=\"async\" class=\"img-fluid\" src=\"https:\/\/www.stoelzle.com\/stc\/wp-content\/uploads\/sites\/8\/2022\/06\/bieg-13-800x800.png\" alt=\"\"><\/div>\n                  <div class=\"vc-gallery-content\"><\/div>\n                <\/a><a  href=\"https:\/\/www.stoelzle.com\/stc\/wp-content\/uploads\/sites\/8\/2021\/02\/stc-csr-2.jpg\"  class=\"vc-gallery-item mb-4 style-1 col-sm-6 col-md-4 col-lg-3\">\n                  <div class=\"vc-gallery-image off show-border\"><img decoding=\"async\" class=\"img-fluid\" src=\"https:\/\/www.stoelzle.com\/stc\/wp-content\/uploads\/sites\/8\/2021\/02\/stc-csr-2-800x800.jpg\" alt=\"Stoelzle Cz\u0119stochowa organizowa\u0142a akcj\u0119 oddawania krwi na ternie firmy. W wydarzeniu udzia\u0142 wzi\u0119\u0142o kilkunastu pracownik\u00f3w firmy\"><\/div>\n                  <div class=\"vc-gallery-content\"><\/div>\n                <\/a><a  href=\"https:\/\/www.stoelzle.com\/stc\/wp-content\/uploads\/sites\/8\/2021\/02\/stc-csr-4.jpg\"  class=\"vc-gallery-item mb-4 style-1 col-sm-6 col-md-4 col-lg-3\">\n                  <div class=\"vc-gallery-image off show-border\"><img decoding=\"async\" class=\"img-fluid\" src=\"https:\/\/www.stoelzle.com\/stc\/wp-content\/uploads\/sites\/8\/2021\/02\/stc-csr-4-800x800.jpg\" alt=\"Artur Wo\u0142oszyn i August Grupp uczestniczyli w treningu wspieranej przez nas dru\u017cyny\"><\/div>\n                  <div class=\"vc-gallery-content\"><\/div>\n                <\/a><a  href=\"https:\/\/www.stoelzle.com\/stc\/wp-content\/uploads\/sites\/8\/2021\/06\/Stoelzle-1-scaled.jpg\"  class=\"vc-gallery-item mb-4 style-1 col-sm-6 col-md-4 col-lg-3\">\n                  <div class=\"vc-gallery-image off show-border\"><img decoding=\"async\" class=\"img-fluid\" src=\"https:\/\/www.stoelzle.com\/stc\/wp-content\/uploads\/sites\/8\/2021\/06\/Stoelzle-1-800x800.jpg\" alt=\"\"><\/div>\n                  <div class=\"vc-gallery-content\"><\/div>\n                <\/a><a  href=\"https:\/\/www.stoelzle.com\/stc\/wp-content\/uploads\/sites\/8\/2021\/02\/stc-csr-5.jpg\"  class=\"vc-gallery-item mb-4 style-1 col-sm-6 col-md-4 col-lg-3\">\n                  <div class=\"vc-gallery-image off show-border\"><img decoding=\"async\" class=\"img-fluid\" src=\"https:\/\/www.stoelzle.com\/stc\/wp-content\/uploads\/sites\/8\/2021\/02\/stc-csr-5-800x800.jpg\" alt=\"Stoelzle wspiera\u0142o akcj\u0119 sadzenia drzew w dzielnicy Wyczerpy, gdzie znajduje si\u0119 siedziba firmy\"><\/div>\n                  <div class=\"vc-gallery-content\"><\/div>\n                <\/a><a  href=\"https:\/\/www.stoelzle.com\/stc\/wp-content\/uploads\/sites\/8\/2022\/04\/na-strone.png\"  class=\"vc-gallery-item mb-4 style-1 col-sm-6 col-md-4 col-lg-3\">\n                  <div class=\"vc-gallery-image off show-border\"><img decoding=\"async\" class=\"img-fluid\" src=\"https:\/\/www.stoelzle.com\/stc\/wp-content\/uploads\/sites\/8\/2022\/04\/na-strone-800x800.png\" alt=\"\"><\/div>\n                  <div class=\"vc-gallery-content\"><\/div>\n                <\/a><a  href=\"https:\/\/www.stoelzle.com\/stc\/wp-content\/uploads\/sites\/8\/2021\/02\/stc-csr-6.jpg\"  class=\"vc-gallery-item mb-4 style-1 col-sm-6 col-md-4 col-lg-3\">\n                  <div class=\"vc-gallery-image off show-border\"><img decoding=\"async\" class=\"img-fluid\" src=\"https:\/\/www.stoelzle.com\/stc\/wp-content\/uploads\/sites\/8\/2021\/02\/stc-csr-6-800x800.jpg\" alt=\"Jedynym laureatem miejskiego plebiscytu, po raz drugi z rz\u0119du zosta\u0142o Stoelzle Cz\u0119stochowa.\"><\/div>\n                  <div class=\"vc-gallery-content\"><\/div>\n                <\/a><a  href=\"https:\/\/www.stoelzle.com\/stc\/wp-content\/uploads\/sites\/8\/2021\/03\/122895845_4602010616507932_5156394563008642440_o.jpg\"  class=\"vc-gallery-item mb-4 style-1 col-sm-6 col-md-4 col-lg-3\">\n                  <div class=\"vc-gallery-image off show-border\"><img decoding=\"async\" class=\"img-fluid\" src=\"https:\/\/www.stoelzle.com\/stc\/wp-content\/uploads\/sites\/8\/2021\/03\/122895845_4602010616507932_5156394563008642440_o-800x800.jpg\" alt=\"Stoelzle wspiera walk\u0119 z koronawirusem\"><\/div>\n                  <div class=\"vc-gallery-content\"><\/div>\n                <\/a><a  href=\"https:\/\/www.stoelzle.com\/stc\/wp-content\/uploads\/sites\/8\/2021\/05\/Drzewo-3-scaled.jpg\"  class=\"vc-gallery-item mb-4 style-1 col-sm-6 col-md-4 col-lg-3\">\n                  <div class=\"vc-gallery-image off show-border\"><img decoding=\"async\" class=\"img-fluid\" src=\"https:\/\/www.stoelzle.com\/stc\/wp-content\/uploads\/sites\/8\/2021\/05\/Drzewo-3-800x800.jpg\" alt=\"\"><\/div>\n                  <div class=\"vc-gallery-content\"><\/div>\n                <\/a><a  href=\"https:\/\/www.stoelzle.com\/stc\/wp-content\/uploads\/sites\/8\/2021\/05\/Hospicjum.jpg\"  class=\"vc-gallery-item mb-4 style-1 col-sm-6 col-md-4 col-lg-3\">\n                  <div class=\"vc-gallery-image off show-border\"><img decoding=\"async\" class=\"img-fluid\" src=\"https:\/\/www.stoelzle.com\/stc\/wp-content\/uploads\/sites\/8\/2021\/05\/Hospicjum-800x800.jpg\" alt=\"\"><\/div>\n                  <div class=\"vc-gallery-content\"><\/div>\n                <\/a><a  href=\"https:\/\/www.stoelzle.com\/stc\/wp-content\/uploads\/sites\/8\/2021\/06\/Stoelzle-5-scaled.jpg\"  class=\"vc-gallery-item mb-4 style-1 col-sm-6 col-md-4 col-lg-3\">\n                  <div class=\"vc-gallery-image off show-border\"><img decoding=\"async\" class=\"img-fluid\" src=\"https:\/\/www.stoelzle.com\/stc\/wp-content\/uploads\/sites\/8\/2021\/06\/Stoelzle-5-800x800.jpg\" alt=\"\"><\/div>\n                  <div class=\"vc-gallery-content\"><\/div>\n                <\/a><a  href=\"https:\/\/www.stoelzle.com\/stc\/wp-content\/uploads\/sites\/8\/2022\/04\/278569939_4984667194982346_7647570479502885204_n.jpg\"  class=\"vc-gallery-item mb-4 style-1 col-sm-6 col-md-4 col-lg-3\">\n                  <div class=\"vc-gallery-image off show-border\"><img decoding=\"async\" class=\"img-fluid\" src=\"https:\/\/www.stoelzle.com\/stc\/wp-content\/uploads\/sites\/8\/2022\/04\/278569939_4984667194982346_7647570479502885204_n-800x800.jpg\" alt=\"\"><\/div>\n                  <div class=\"vc-gallery-content\"><\/div>\n                <\/a><a  href=\"https:\/\/www.stoelzle.com\/stc\/wp-content\/uploads\/sites\/8\/2021\/06\/norwid.jpg\"  class=\"vc-gallery-item mb-4 style-1 col-sm-6 col-md-4 col-lg-3\">\n                  <div class=\"vc-gallery-image off show-border\"><img decoding=\"async\" class=\"img-fluid\" src=\"https:\/\/www.stoelzle.com\/stc\/wp-content\/uploads\/sites\/8\/2021\/06\/norwid-800x800.jpg\" alt=\"\"><\/div>\n                  <div class=\"vc-gallery-content\"><\/div>\n                <\/a><\/div><div class=\"mt-4\"><div class=\"row\"><div class=\"col content-slider-arrows text-center\"><\/div><\/div><\/div><\/div>\n      <script async>\n        jQuery(document).ready(function($) {\n          jQuery(\"#id-gallery .vc-gallery-slider\").slick({\n            slidesToShow: 4,\n            prevArrow: \"<span class=\\\"d-inline-block slick-arrow slick-arrow-prev\\\"><\/span>\",\n            nextArrow: \"<span class=\\\"d-inline-block slick-arrow slick-arrow-next\\\"><\/span>\",\n            appendArrows: $(\"#id-gallery .content-slider-arrows\"),\n            adaptiveHeight: true,\n            responsive: [\n              {\n                breakpoint: 1024,\n                settings: {\n                  slidesToShow: 2\n                }\n              },\n              {\n                breakpoint: 768,\n                settings: {\n                  slidesToShow: 1\n                }\n              },\n            ]\n          });\n        });\n      <\/script>\n        <script async>\n        jQuery(document).ready(function($) {\n          jQuery(\"#id-gallery a\").simpleLightbox({uniqueImages: false});\n        });\n        <\/script>\n      [\/vc_column][\/vc_row]<\/p>\n<\/div>","protected":false},"excerpt":{"rendered":"<p>[vc_row][vc_column][\/vc_column][\/vc_row][vc_row full_width=&#8221;stretch_row_content_no_spaces&#8221;][vc_column][\/vc_column][\/vc_row][vc_row full_width=&#8221;stretch_row_content_no_spaces&#8221;][vc_column][\/vc_column][\/vc_row][vc_row][vc_column][\/vc_column][\/vc_row]<\/p>\n","protected":false},"author":1,"featured_media":0,"parent":0,"menu_order":0,"comment_status":"closed","ping_status":"closed","template":"","meta":{"_acf_changed":false,"footnotes":""},"class_list":["post-93","page","type-page","status-publish","hentry"],"acf":[],"yoast_head":"<!-- This site is optimized with the Yoast SEO plugin v26.6 - https:\/\/yoast.com\/wordpress\/plugins\/seo\/ -->\n<title>CSR - Stoelzle Cz\u0119stochowa<\/title>\n<meta name=\"robots\" content=\"index, follow, max-snippet:-1, max-image-preview:large, max-video-preview:-1\" \/>\n<link rel=\"canonical\" href=\"https:\/\/www.stoelzle.com\/stc\/csr\/\" \/>\n<meta property=\"og:locale\" content=\"en_US\" \/>\n<meta property=\"og:type\" content=\"article\" \/>\n<meta property=\"og:title\" content=\"CSR - Stoelzle Cz\u0119stochowa\" \/>\n<meta property=\"og:description\" content=\"[vc_row][vc_column][\/vc_column][\/vc_row][vc_row full_width=&#8221;stretch_row_content_no_spaces&#8221;][vc_column][\/vc_column][\/vc_row][vc_row full_width=&#8221;stretch_row_content_no_spaces&#8221;][vc_column][\/vc_column][\/vc_row][vc_row][vc_column][\/vc_column][\/vc_row]\" \/>\n<meta property=\"og:url\" content=\"https:\/\/www.stoelzle.com\/stc\/csr\/\" \/>\n<meta property=\"og:site_name\" content=\"Stoelzle Cz\u0119stochowa\" \/>\n<meta property=\"article:modified_time\" content=\"2024-01-10T09:55:45+00:00\" \/>\n<meta name=\"twitter:card\" content=\"summary_large_image\" \/>\n<meta name=\"twitter:label1\" content=\"Est. reading time\" \/>\n\t<meta name=\"twitter:data1\" content=\"1 minute\" \/>\n<script type=\"application\/ld+json\" class=\"yoast-schema-graph\">{\"@context\":\"https:\/\/schema.org\",\"@graph\":[{\"@type\":\"WebPage\",\"@id\":\"https:\/\/www.stoelzle.com\/stc\/csr\/\",\"url\":\"https:\/\/www.stoelzle.com\/stc\/csr\/\",\"name\":\"CSR - Stoelzle Cz\u0119stochowa\",\"isPartOf\":{\"@id\":\"https:\/\/www.stoelzle.com\/stc\/#website\"},\"datePublished\":\"2021-02-19T12:19:10+00:00\",\"dateModified\":\"2024-01-10T09:55:45+00:00\",\"breadcrumb\":{\"@id\":\"https:\/\/www.stoelzle.com\/stc\/csr\/#breadcrumb\"},\"inLanguage\":\"en-US\",\"potentialAction\":[{\"@type\":\"ReadAction\",\"target\":[\"https:\/\/www.stoelzle.com\/stc\/csr\/\"]}]},{\"@type\":\"BreadcrumbList\",\"@id\":\"https:\/\/www.stoelzle.com\/stc\/csr\/#breadcrumb\",\"itemListElement\":[{\"@type\":\"ListItem\",\"position\":1,\"name\":\"Home\",\"item\":\"https:\/\/www.stoelzle.com\"},{\"@type\":\"ListItem\",\"position\":2,\"name\":\"Stoelzle Cz\u0119stochowa\",\"item\":\"https:\/\/www.stoelzle.com\/stc\/\"},{\"@type\":\"ListItem\",\"position\":3,\"name\":\"CSR\"}]},{\"@type\":\"WebSite\",\"@id\":\"https:\/\/www.stoelzle.com\/stc\/#website\",\"url\":\"https:\/\/www.stoelzle.com\/stc\/\",\"name\":\"Stoelzle Cz\u0119stochowa\",\"description\":\"\",\"publisher\":{\"@id\":\"https:\/\/www.stoelzle.com\/stc\/#organization\"},\"potentialAction\":[{\"@type\":\"SearchAction\",\"target\":{\"@type\":\"EntryPoint\",\"urlTemplate\":\"https:\/\/www.stoelzle.com\/stc\/?s={search_term_string}\"},\"query-input\":{\"@type\":\"PropertyValueSpecification\",\"valueRequired\":true,\"valueName\":\"search_term_string\"}}],\"inLanguage\":\"en-US\"},{\"@type\":\"Organization\",\"@id\":\"https:\/\/www.stoelzle.com\/stc\/#organization\",\"name\":\"Stoelzle Cz\u0119stochowa Sp. z o.o.\",\"url\":\"https:\/\/www.stoelzle.com\/stc\/\",\"logo\":{\"@type\":\"ImageObject\",\"inLanguage\":\"en-US\",\"@id\":\"https:\/\/www.stoelzle.com\/stc\/#\/schema\/logo\/image\/\",\"url\":\"https:\/\/www.stoelzle.com\/stc\/wp-content\/uploads\/sites\/8\/2021\/03\/logo_stc.svg\",\"contentUrl\":\"https:\/\/www.stoelzle.com\/stc\/wp-content\/uploads\/sites\/8\/2021\/03\/logo_stc.svg\",\"width\":196,\"height\":40,\"caption\":\"Stoelzle Cz\u0119stochowa Sp. z o.o.\"},\"image\":{\"@id\":\"https:\/\/www.stoelzle.com\/stc\/#\/schema\/logo\/image\/\"}}]}<\/script>\n<!-- \/ Yoast SEO plugin. -->","yoast_head_json":{"title":"CSR - Stoelzle Cz\u0119stochowa","robots":{"index":"index","follow":"follow","max-snippet":"max-snippet:-1","max-image-preview":"max-image-preview:large","max-video-preview":"max-video-preview:-1"},"canonical":"https:\/\/www.stoelzle.com\/stc\/csr\/","og_locale":"en_US","og_type":"article","og_title":"CSR - Stoelzle Cz\u0119stochowa","og_description":"[vc_row][vc_column][\/vc_column][\/vc_row][vc_row full_width=&#8221;stretch_row_content_no_spaces&#8221;][vc_column][\/vc_column][\/vc_row][vc_row full_width=&#8221;stretch_row_content_no_spaces&#8221;][vc_column][\/vc_column][\/vc_row][vc_row][vc_column][\/vc_column][\/vc_row]","og_url":"https:\/\/www.stoelzle.com\/stc\/csr\/","og_site_name":"Stoelzle Cz\u0119stochowa","article_modified_time":"2024-01-10T09:55:45+00:00","twitter_card":"summary_large_image","twitter_misc":{"Est. reading time":"1 minute"},"schema":{"@context":"https:\/\/schema.org","@graph":[{"@type":"WebPage","@id":"https:\/\/www.stoelzle.com\/stc\/csr\/","url":"https:\/\/www.stoelzle.com\/stc\/csr\/","name":"CSR - Stoelzle Cz\u0119stochowa","isPartOf":{"@id":"https:\/\/www.stoelzle.com\/stc\/#website"},"datePublished":"2021-02-19T12:19:10+00:00","dateModified":"2024-01-10T09:55:45+00:00","breadcrumb":{"@id":"https:\/\/www.stoelzle.com\/stc\/csr\/#breadcrumb"},"inLanguage":"en-US","potentialAction":[{"@type":"ReadAction","target":["https:\/\/www.stoelzle.com\/stc\/csr\/"]}]},{"@type":"BreadcrumbList","@id":"https:\/\/www.stoelzle.com\/stc\/csr\/#breadcrumb","itemListElement":[{"@type":"ListItem","position":1,"name":"Home","item":"https:\/\/www.stoelzle.com"},{"@type":"ListItem","position":2,"name":"Stoelzle Cz\u0119stochowa","item":"https:\/\/www.stoelzle.com\/stc\/"},{"@type":"ListItem","position":3,"name":"CSR"}]},{"@type":"WebSite","@id":"https:\/\/www.stoelzle.com\/stc\/#website","url":"https:\/\/www.stoelzle.com\/stc\/","name":"Stoelzle Cz\u0119stochowa","description":"","publisher":{"@id":"https:\/\/www.stoelzle.com\/stc\/#organization"},"potentialAction":[{"@type":"SearchAction","target":{"@type":"EntryPoint","urlTemplate":"https:\/\/www.stoelzle.com\/stc\/?s={search_term_string}"},"query-input":{"@type":"PropertyValueSpecification","valueRequired":true,"valueName":"search_term_string"}}],"inLanguage":"en-US"},{"@type":"Organization","@id":"https:\/\/www.stoelzle.com\/stc\/#organization","name":"Stoelzle Cz\u0119stochowa Sp. z o.o.","url":"https:\/\/www.stoelzle.com\/stc\/","logo":{"@type":"ImageObject","inLanguage":"en-US","@id":"https:\/\/www.stoelzle.com\/stc\/#\/schema\/logo\/image\/","url":"https:\/\/www.stoelzle.com\/stc\/wp-content\/uploads\/sites\/8\/2021\/03\/logo_stc.svg","contentUrl":"https:\/\/www.stoelzle.com\/stc\/wp-content\/uploads\/sites\/8\/2021\/03\/logo_stc.svg","width":196,"height":40,"caption":"Stoelzle Cz\u0119stochowa Sp. z o.o."},"image":{"@id":"https:\/\/www.stoelzle.com\/stc\/#\/schema\/logo\/image\/"}}]}},"_links":{"self":[{"href":"https:\/\/www.stoelzle.com\/stc\/wp-json\/wp\/v2\/pages\/93","targetHints":{"allow":["GET"]}}],"collection":[{"href":"https:\/\/www.stoelzle.com\/stc\/wp-json\/wp\/v2\/pages"}],"about":[{"href":"https:\/\/www.stoelzle.com\/stc\/wp-json\/wp\/v2\/types\/page"}],"author":[{"embeddable":true,"href":"https:\/\/www.stoelzle.com\/stc\/wp-json\/wp\/v2\/users\/1"}],"replies":[{"embeddable":true,"href":"https:\/\/www.stoelzle.com\/stc\/wp-json\/wp\/v2\/comments?post=93"}],"version-history":[{"count":0,"href":"https:\/\/www.stoelzle.com\/stc\/wp-json\/wp\/v2\/pages\/93\/revisions"}],"wp:attachment":[{"href":"https:\/\/www.stoelzle.com\/stc\/wp-json\/wp\/v2\/media?parent=93"}],"curies":[{"name":"wp","href":"https:\/\/api.w.org\/{rel}","templated":true}]}}