{"id":30,"date":"2021-02-18T14:57:26","date_gmt":"2021-02-18T14:57:26","guid":{"rendered":"http:\/\/stoelzle.com\/stc\/?page_id=30"},"modified":"2022-06-08T13:50:47","modified_gmt":"2022-06-08T13:50:47","slug":"kontakt","status":"publish","type":"page","link":"https:\/\/www.stoelzle.com\/stc\/kontakt\/","title":{"rendered":"Kontakt"},"content":{"rendered":"<div class=\"wpb-content-wrapper\"><p>[vc_row][vc_column]<div class=\"vc-title   text-center\">\n              <div class=\"topline\">Cieszy nas Twoja opinia<\/div>\n              <h1 class=\"title position-relative separator\">Kontakt<\/h1>\n              \n            <\/div>[\/vc_column][\/vc_row][vc_row][vc_column width=&#8221;1\/6&#8243;][\/vc_column][vc_column width=&#8221;2\/3&#8243;]\n<div class=\"wpcf7 no-js\" id=\"wpcf7-f281-o1\" lang=\"en-US\" dir=\"ltr\" data-wpcf7-id=\"281\">\n<div class=\"screen-reader-response\"><p role=\"status\" aria-live=\"polite\" aria-atomic=\"true\"><\/p> <ul><\/ul><\/div>\n<form action=\"\/stc\/wp-json\/wp\/v2\/pages\/30#wpcf7-f281-o1\" method=\"post\" class=\"wpcf7-form init\" aria-label=\"Contact form\" novalidate=\"novalidate\" data-status=\"init\">\n<fieldset class=\"hidden-fields-container\"><input type=\"hidden\" name=\"_wpcf7\" value=\"281\" \/><input type=\"hidden\" name=\"_wpcf7_version\" value=\"6.1.5\" \/><input type=\"hidden\" name=\"_wpcf7_locale\" value=\"en_US\" \/><input type=\"hidden\" name=\"_wpcf7_unit_tag\" value=\"wpcf7-f281-o1\" \/><input type=\"hidden\" name=\"_wpcf7_container_post\" value=\"0\" \/><input type=\"hidden\" name=\"_wpcf7_posted_data_hash\" value=\"\" \/>\n<\/fieldset>\n<div class=\"col-12 mb-2\">\n\t<p><label class=\"mb-1\">Temat<\/label><br \/>\n<span class=\"wpcf7-form-control-wrap\" data-name=\"issue\"><span class=\"wpcf7-form-control wpcf7-checkbox\"><span class=\"wpcf7-list-item first\"><label><input type=\"checkbox\" name=\"issue[]\" value=\"Og\u00f3lne pytanie\" \/><span class=\"wpcf7-list-item-label\">Og\u00f3lne pytanie<\/span><\/label><\/span><span class=\"wpcf7-list-item\"><label><input type=\"checkbox\" name=\"issue[]\" value=\"Kariera\" \/><span class=\"wpcf7-list-item-label\">Kariera<\/span><\/label><\/span><span class=\"wpcf7-list-item\"><label><input type=\"checkbox\" name=\"issue[]\" value=\"Certyfikaty\" \/><span class=\"wpcf7-list-item-label\">Certyfikaty<\/span><\/label><\/span><span class=\"wpcf7-list-item\"><label><input type=\"checkbox\" name=\"issue[]\" value=\"Sprzeda\u017c\" \/><span class=\"wpcf7-list-item-label\">Sprzeda\u017c<\/span><\/label><\/span><span class=\"wpcf7-list-item last\"><label><input type=\"checkbox\" name=\"issue[]\" value=\"CSR\" \/><span class=\"wpcf7-list-item-label\">CSR<\/span><\/label><\/span><\/span><\/span>\n\t<\/p>\n<\/div>\n<div class=\"col-lg-6\">\n\t<p><label>Pozdrowienie*<br \/>\n<span class=\"wpcf7-form-control-wrap\" data-name=\"salutation\"><select class=\"wpcf7-form-control wpcf7-select\" aria-invalid=\"false\" name=\"salutation\"><option value=\"Pan\">Pan<\/option><option value=\"Pani\">Pani<\/option><\/select><\/span><\/label>\n\t<\/p>\n<\/div>\n<div class=\"col-lg-6\">\n\t<p><label>Tytu\u0142<br \/>\n<span class=\"wpcf7-form-control-wrap\" data-name=\"Title\"><input size=\"40\" maxlength=\"400\" class=\"wpcf7-form-control wpcf7-text\" aria-invalid=\"false\" value=\"\" type=\"text\" name=\"Title\" \/><\/span> <\/label>\n\t<\/p>\n<\/div>\n<div class=\"col-lg-6\">\n\t<p><label>Imi\u0119*<br \/>\n<span class=\"wpcf7-form-control-wrap\" data-name=\"first_name\"><input size=\"40\" maxlength=\"400\" class=\"wpcf7-form-control wpcf7-text wpcf7-validates-as-required\" aria-required=\"true\" aria-invalid=\"false\" value=\"\" type=\"text\" name=\"first_name\" \/><\/span> <\/label>\n\t<\/p>\n<\/div>\n<div class=\"col-lg-6\">\n\t<p><label>Nazwisko*<br \/>\n<span class=\"wpcf7-form-control-wrap\" data-name=\"surname\"><input size=\"40\" maxlength=\"400\" class=\"wpcf7-form-control wpcf7-text wpcf7-validates-as-required\" aria-required=\"true\" aria-invalid=\"false\" value=\"\" type=\"text\" name=\"surname\" \/><\/span> <\/label>\n\t<\/p>\n<\/div>\n<div class=\"col-lg-6\">\n\t<p><label>Numer telefonu*<br \/>\n<span class=\"wpcf7-form-control-wrap\" data-name=\"phone\"><input size=\"40\" maxlength=\"400\" class=\"wpcf7-form-control wpcf7-tel wpcf7-validates-as-required wpcf7-text wpcf7-validates-as-tel\" aria-required=\"true\" aria-invalid=\"false\" value=\"\" type=\"tel\" name=\"phone\" \/><\/span> <\/label>\n\t<\/p>\n<\/div>\n<div class=\"col-lg-6\">\n\t<p><label>E-Mail*<br \/>\n<span class=\"wpcf7-form-control-wrap\" data-name=\"email\"><input size=\"40\" maxlength=\"400\" class=\"wpcf7-form-control wpcf7-email wpcf7-validates-as-required wpcf7-text wpcf7-validates-as-email\" aria-required=\"true\" aria-invalid=\"false\" value=\"\" type=\"email\" name=\"email\" \/><\/span> <\/label>\n\t<\/p>\n<\/div>\n<div class=\"col-lg-6\">\n\t<p><label>Firma<br \/>\n<span class=\"wpcf7-form-control-wrap\" data-name=\"company\"><input size=\"40\" maxlength=\"400\" class=\"wpcf7-form-control wpcf7-text\" aria-invalid=\"false\" value=\"\" type=\"text\" name=\"company\" \/><\/span> <\/label>\n\t<\/p>\n<\/div>\n<div class=\"col-lg-6\">\n\t<p><label>Kraj*<br \/>\n<span class=\"wpcf7-form-control-wrap\" data-name=\"country\"><input size=\"40\" maxlength=\"400\" class=\"wpcf7-form-control wpcf7-text wpcf7-validates-as-required\" aria-required=\"true\" aria-invalid=\"false\" value=\"\" type=\"text\" name=\"country\" \/><\/span> <\/label>\n\t<\/p>\n<\/div>\n<div class=\"col-12\">\n\t<p><label>Twoja wiadomo\u015b\u0107<br \/>\n<span class=\"wpcf7-form-control-wrap\" data-name=\"message\"><textarea cols=\"40\" rows=\"10\" maxlength=\"2000\" class=\"wpcf7-form-control wpcf7-textarea\" aria-invalid=\"false\" name=\"message\"><\/textarea><\/span><\/label>\n\t<\/p>\n<\/div>\n<div class=\"col-12 mb-2\">\n\t<p><b>(*) Wymagane pola<\/b>\n\t<\/p>\n<\/div>\n<div class=\"col-12 d-flex data-protection\">\n\t<p><label for=\"data_protection\"><br \/>\n<span class=\"wpcf7-form-control-wrap\" data-name=\"data_protection\"><span class=\"wpcf7-form-control wpcf7-acceptance\"><span class=\"wpcf7-list-item\"><input type=\"checkbox\" name=\"data_protection\" value=\"1\" id=\"data_protection\" aria-invalid=\"false\" \/><\/span><\/span><\/span>Wyra\u017cam zgod\u0119 na przetwarzanie moich danych zgodnie z wytycznymi dotycz\u0105cymi ochrony danych. Wi\u0119cej informacji w <a href=\"\/stc\/zasady-ochrony-prywatnosci\/\">polityce prywatno\u015bci.<\/a><br \/>\n<\/label>\n\t<\/p>\n<\/div>\n<div class=\"col-12 text-right\">\n\t<p><input class=\"wpcf7-form-control wpcf7-submit has-spinner\" type=\"submit\" value=\"Wy\u015blij wiadomo\u015b\u0107\" \/>\n\t<\/p>\n<\/div><div class=\"frc-captcha \" data-sitekey=\"FCMLG0A8VCJ53UN7\" data-lang=\"en\" ><\/div>\n\t\t<noscript>You need to enable Javascript for the anti-spam check.<\/noscript><div class=\"wpcf7-response-output\" aria-hidden=\"true\"><\/div>\n<\/form>\n<\/div>\n<div class=\"vc-spacer spacing-bottom-m\"><\/div>[\/vc_column][vc_column width=&#8221;1\/6&#8243;][\/vc_column][\/vc_row][vc_row full_width=&#8221;stretch_row_content_no_spaces&#8221;][vc_column]<div class=\"vc-two-columns  \">\n                <div class=\"row\">\n                    <div class=\"col-sm-6 bg-gray image-left\"><img loading=\"lazy\" decoding=\"async\" width=\"1024\" height=\"666\" src=\"https:\/\/www.stoelzle.com\/stc\/wp-content\/uploads\/sites\/8\/2021\/02\/stc-stoelzle-czestochowa-1024x666.jpg\" class=\"w-100 h-100 cover\" alt=\"Stoelzle Cz\u0119stochowa z siedzib\u0105 w Cz\u0119stochowie przy ul. Warszawskiej 347\" srcset=\"https:\/\/www.stoelzle.com\/stc\/wp-content\/uploads\/sites\/8\/2021\/02\/stc-stoelzle-czestochowa-1024x666.jpg 1024w, https:\/\/www.stoelzle.com\/stc\/wp-content\/uploads\/sites\/8\/2021\/02\/stc-stoelzle-czestochowa-480x312.jpg 480w, https:\/\/www.stoelzle.com\/stc\/wp-content\/uploads\/sites\/8\/2021\/02\/stc-stoelzle-czestochowa-1536x998.jpg 1536w, https:\/\/www.stoelzle.com\/stc\/wp-content\/uploads\/sites\/8\/2021\/02\/stc-stoelzle-czestochowa-992x645.jpg 992w, https:\/\/www.stoelzle.com\/stc\/wp-content\/uploads\/sites\/8\/2021\/02\/stc-stoelzle-czestochowa-600x390.jpg 600w, https:\/\/www.stoelzle.com\/stc\/wp-content\/uploads\/sites\/8\/2021\/02\/stc-stoelzle-czestochowa.jpg 2000w\" sizes=\"auto, (max-width: 1024px) 100vw, 1024px\" \/><\/div>\n                    <div class=\"col-sm-6 bg-gray image-left\"><div class=\"column-content h-100 d-flex flex-column justify-content-center\"><\/p>\n<h2>Stoelzle Cz\u0119stochowa Sp.\u00a0z\u00a0o.o.<\/h2>\n<ul>\n<li>ul. Warszawska 347<br \/>\n42-209 Cz\u0119stochowa, Poland<br \/>\n(Wjazd od ul. Rz\u0105sawskiej)<\/li>\n<li>Tel.: +48 34 360 45 00<\/li>\n<\/ul>\n<p><\/div><\/div>\n                <\/div>\n            <\/div>[\/vc_column][\/vc_row][vc_row full_width=&#8221;stretch_row_content_no_spaces&#8221;][vc_column]<div class=\"vc-two-columns  \">\n                <div class=\"row\">\n                    <div class=\"col-sm-6 bg-gray image-right\"><div class=\"column-content h-100 d-flex flex-column justify-content-center\"><\/p>\n<p class=\"h2\">Skontaktuj si\u0119 z nami<\/p>\n<p><strong>Dzia\u0142 Personalny<\/strong><br \/>\nRekrutacje: <a href=\"mailto:praca@stoelzle.com\">praca@stoelzle.com<\/a><\/p>\n<p><strong>PR<\/strong><br \/>\nTel.: 34 390 37 58<\/p>\n<p><strong>Dzia\u0142 Sprzeda\u017cy<\/strong><\/p>\n<p>Tel. 34 3604 608<\/p>\n<p><strong>Logistyka<br \/>\n<\/strong>Tel.: +48 34 360 46 04<\/p>\n<p><\/div><\/div>\n                    <div class=\"col-sm-6 bg-gray image-right\"><img loading=\"lazy\" decoding=\"async\" width=\"1024\" height=\"678\" src=\"https:\/\/www.stoelzle.com\/stc\/wp-content\/uploads\/sites\/8\/2021\/03\/contact-us-2993000_1920-1-1024x678.jpg\" class=\"w-100 h-100 cover\" alt=\"Stoelzle Cz\u0119stochowa - Skontaktuj si\u0119 z nami\" srcset=\"https:\/\/www.stoelzle.com\/stc\/wp-content\/uploads\/sites\/8\/2021\/03\/contact-us-2993000_1920-1-1024x678.jpg 1024w, https:\/\/www.stoelzle.com\/stc\/wp-content\/uploads\/sites\/8\/2021\/03\/contact-us-2993000_1920-1-480x318.jpg 480w, https:\/\/www.stoelzle.com\/stc\/wp-content\/uploads\/sites\/8\/2021\/03\/contact-us-2993000_1920-1-1536x1017.jpg 1536w, https:\/\/www.stoelzle.com\/stc\/wp-content\/uploads\/sites\/8\/2021\/03\/contact-us-2993000_1920-1-992x657.jpg 992w, https:\/\/www.stoelzle.com\/stc\/wp-content\/uploads\/sites\/8\/2021\/03\/contact-us-2993000_1920-1-600x397.jpg 600w, https:\/\/www.stoelzle.com\/stc\/wp-content\/uploads\/sites\/8\/2021\/03\/contact-us-2993000_1920-1.jpg 1920w\" sizes=\"auto, (max-width: 1024px) 100vw, 1024px\" \/><\/div>\n                <\/div>\n            <\/div>[\/vc_column][\/vc_row]<\/p>\n<\/div>","protected":false},"excerpt":{"rendered":"<p>[vc_row][vc_column][\/vc_column][\/vc_row][vc_row][vc_column width=&#8221;1\/6&#8243;][\/vc_column][vc_column width=&#8221;2\/3&#8243;][\/vc_column][vc_column width=&#8221;1\/6&#8243;][\/vc_column][\/vc_row][vc_row full_width=&#8221;stretch_row_content_no_spaces&#8221;][vc_column][\/vc_column][\/vc_row][vc_row full_width=&#8221;stretch_row_content_no_spaces&#8221;][vc_column][\/vc_column][\/vc_row]<\/p>\n","protected":false},"author":1,"featured_media":0,"parent":0,"menu_order":80,"comment_status":"closed","ping_status":"closed","template":"","meta":{"_acf_changed":false,"footnotes":""},"class_list":["post-30","page","type-page","status-publish","hentry"],"acf":[],"yoast_head":"<!-- This site is optimized with the Yoast SEO plugin v26.6 - https:\/\/yoast.com\/wordpress\/plugins\/seo\/ -->\n<title>Kontakt - Stoelzle Cz\u0119stochowa<\/title>\n<meta name=\"robots\" content=\"noindex, follow\" \/>\n<meta property=\"og:locale\" content=\"en_US\" \/>\n<meta property=\"og:type\" content=\"article\" \/>\n<meta property=\"og:title\" content=\"Kontakt - Stoelzle Cz\u0119stochowa\" \/>\n<meta property=\"og:description\" content=\"[vc_row][vc_column][\/vc_column][\/vc_row][vc_row][vc_column width=&#8221;1\/6&#8243;][\/vc_column][vc_column width=&#8221;2\/3&#8243;][\/vc_column][vc_column width=&#8221;1\/6&#8243;][\/vc_column][\/vc_row][vc_row full_width=&#8221;stretch_row_content_no_spaces&#8221;][vc_column][\/vc_column][\/vc_row][vc_row full_width=&#8221;stretch_row_content_no_spaces&#8221;][vc_column][\/vc_column][\/vc_row]\" \/>\n<meta property=\"og:url\" content=\"https:\/\/www.stoelzle.com\/stc\/kontakt\/\" \/>\n<meta property=\"og:site_name\" content=\"Stoelzle Cz\u0119stochowa\" \/>\n<meta property=\"article:modified_time\" content=\"2022-06-08T13:50:47+00:00\" \/>\n<meta name=\"twitter:card\" content=\"summary_large_image\" \/>\n<meta name=\"twitter:label1\" content=\"Est. reading time\" \/>\n\t<meta name=\"twitter:data1\" content=\"1 minute\" \/>\n<script type=\"application\/ld+json\" class=\"yoast-schema-graph\">{\"@context\":\"https:\/\/schema.org\",\"@graph\":[{\"@type\":\"WebPage\",\"@id\":\"https:\/\/www.stoelzle.com\/stc\/kontakt\/\",\"url\":\"https:\/\/www.stoelzle.com\/stc\/kontakt\/\",\"name\":\"Kontakt - Stoelzle Cz\u0119stochowa\",\"isPartOf\":{\"@id\":\"https:\/\/www.stoelzle.com\/stc\/#website\"},\"datePublished\":\"2021-02-18T14:57:26+00:00\",\"dateModified\":\"2022-06-08T13:50:47+00:00\",\"breadcrumb\":{\"@id\":\"https:\/\/www.stoelzle.com\/stc\/kontakt\/#breadcrumb\"},\"inLanguage\":\"en-US\",\"potentialAction\":[{\"@type\":\"ReadAction\",\"target\":[\"https:\/\/www.stoelzle.com\/stc\/kontakt\/\"]}]},{\"@type\":\"BreadcrumbList\",\"@id\":\"https:\/\/www.stoelzle.com\/stc\/kontakt\/#breadcrumb\",\"itemListElement\":[{\"@type\":\"ListItem\",\"position\":1,\"name\":\"Home\",\"item\":\"https:\/\/www.stoelzle.com\"},{\"@type\":\"ListItem\",\"position\":2,\"name\":\"Stoelzle Cz\u0119stochowa\",\"item\":\"https:\/\/www.stoelzle.com\/stc\/\"},{\"@type\":\"ListItem\",\"position\":3,\"name\":\"Kontakt\"}]},{\"@type\":\"WebSite\",\"@id\":\"https:\/\/www.stoelzle.com\/stc\/#website\",\"url\":\"https:\/\/www.stoelzle.com\/stc\/\",\"name\":\"Stoelzle Cz\u0119stochowa\",\"description\":\"\",\"publisher\":{\"@id\":\"https:\/\/www.stoelzle.com\/stc\/#organization\"},\"potentialAction\":[{\"@type\":\"SearchAction\",\"target\":{\"@type\":\"EntryPoint\",\"urlTemplate\":\"https:\/\/www.stoelzle.com\/stc\/?s={search_term_string}\"},\"query-input\":{\"@type\":\"PropertyValueSpecification\",\"valueRequired\":true,\"valueName\":\"search_term_string\"}}],\"inLanguage\":\"en-US\"},{\"@type\":\"Organization\",\"@id\":\"https:\/\/www.stoelzle.com\/stc\/#organization\",\"name\":\"Stoelzle Cz\u0119stochowa Sp. z o.o.\",\"url\":\"https:\/\/www.stoelzle.com\/stc\/\",\"logo\":{\"@type\":\"ImageObject\",\"inLanguage\":\"en-US\",\"@id\":\"https:\/\/www.stoelzle.com\/stc\/#\/schema\/logo\/image\/\",\"url\":\"https:\/\/www.stoelzle.com\/stc\/wp-content\/uploads\/sites\/8\/2021\/03\/logo_stc.svg\",\"contentUrl\":\"https:\/\/www.stoelzle.com\/stc\/wp-content\/uploads\/sites\/8\/2021\/03\/logo_stc.svg\",\"width\":196,\"height\":40,\"caption\":\"Stoelzle Cz\u0119stochowa Sp. z o.o.\"},\"image\":{\"@id\":\"https:\/\/www.stoelzle.com\/stc\/#\/schema\/logo\/image\/\"}}]}<\/script>\n<!-- \/ Yoast SEO plugin. -->","yoast_head_json":{"title":"Kontakt - Stoelzle Cz\u0119stochowa","robots":{"index":"noindex","follow":"follow"},"og_locale":"en_US","og_type":"article","og_title":"Kontakt - Stoelzle Cz\u0119stochowa","og_description":"[vc_row][vc_column][\/vc_column][\/vc_row][vc_row][vc_column width=&#8221;1\/6&#8243;][\/vc_column][vc_column width=&#8221;2\/3&#8243;][\/vc_column][vc_column width=&#8221;1\/6&#8243;][\/vc_column][\/vc_row][vc_row full_width=&#8221;stretch_row_content_no_spaces&#8221;][vc_column][\/vc_column][\/vc_row][vc_row full_width=&#8221;stretch_row_content_no_spaces&#8221;][vc_column][\/vc_column][\/vc_row]","og_url":"https:\/\/www.stoelzle.com\/stc\/kontakt\/","og_site_name":"Stoelzle Cz\u0119stochowa","article_modified_time":"2022-06-08T13:50:47+00:00","twitter_card":"summary_large_image","twitter_misc":{"Est. reading time":"1 minute"},"schema":{"@context":"https:\/\/schema.org","@graph":[{"@type":"WebPage","@id":"https:\/\/www.stoelzle.com\/stc\/kontakt\/","url":"https:\/\/www.stoelzle.com\/stc\/kontakt\/","name":"Kontakt - Stoelzle Cz\u0119stochowa","isPartOf":{"@id":"https:\/\/www.stoelzle.com\/stc\/#website"},"datePublished":"2021-02-18T14:57:26+00:00","dateModified":"2022-06-08T13:50:47+00:00","breadcrumb":{"@id":"https:\/\/www.stoelzle.com\/stc\/kontakt\/#breadcrumb"},"inLanguage":"en-US","potentialAction":[{"@type":"ReadAction","target":["https:\/\/www.stoelzle.com\/stc\/kontakt\/"]}]},{"@type":"BreadcrumbList","@id":"https:\/\/www.stoelzle.com\/stc\/kontakt\/#breadcrumb","itemListElement":[{"@type":"ListItem","position":1,"name":"Home","item":"https:\/\/www.stoelzle.com"},{"@type":"ListItem","position":2,"name":"Stoelzle Cz\u0119stochowa","item":"https:\/\/www.stoelzle.com\/stc\/"},{"@type":"ListItem","position":3,"name":"Kontakt"}]},{"@type":"WebSite","@id":"https:\/\/www.stoelzle.com\/stc\/#website","url":"https:\/\/www.stoelzle.com\/stc\/","name":"Stoelzle Cz\u0119stochowa","description":"","publisher":{"@id":"https:\/\/www.stoelzle.com\/stc\/#organization"},"potentialAction":[{"@type":"SearchAction","target":{"@type":"EntryPoint","urlTemplate":"https:\/\/www.stoelzle.com\/stc\/?s={search_term_string}"},"query-input":{"@type":"PropertyValueSpecification","valueRequired":true,"valueName":"search_term_string"}}],"inLanguage":"en-US"},{"@type":"Organization","@id":"https:\/\/www.stoelzle.com\/stc\/#organization","name":"Stoelzle Cz\u0119stochowa Sp. z o.o.","url":"https:\/\/www.stoelzle.com\/stc\/","logo":{"@type":"ImageObject","inLanguage":"en-US","@id":"https:\/\/www.stoelzle.com\/stc\/#\/schema\/logo\/image\/","url":"https:\/\/www.stoelzle.com\/stc\/wp-content\/uploads\/sites\/8\/2021\/03\/logo_stc.svg","contentUrl":"https:\/\/www.stoelzle.com\/stc\/wp-content\/uploads\/sites\/8\/2021\/03\/logo_stc.svg","width":196,"height":40,"caption":"Stoelzle Cz\u0119stochowa Sp. z o.o."},"image":{"@id":"https:\/\/www.stoelzle.com\/stc\/#\/schema\/logo\/image\/"}}]}},"_links":{"self":[{"href":"https:\/\/www.stoelzle.com\/stc\/wp-json\/wp\/v2\/pages\/30","targetHints":{"allow":["GET"]}}],"collection":[{"href":"https:\/\/www.stoelzle.com\/stc\/wp-json\/wp\/v2\/pages"}],"about":[{"href":"https:\/\/www.stoelzle.com\/stc\/wp-json\/wp\/v2\/types\/page"}],"author":[{"embeddable":true,"href":"https:\/\/www.stoelzle.com\/stc\/wp-json\/wp\/v2\/users\/1"}],"replies":[{"embeddable":true,"href":"https:\/\/www.stoelzle.com\/stc\/wp-json\/wp\/v2\/comments?post=30"}],"version-history":[{"count":0,"href":"https:\/\/www.stoelzle.com\/stc\/wp-json\/wp\/v2\/pages\/30\/revisions"}],"wp:attachment":[{"href":"https:\/\/www.stoelzle.com\/stc\/wp-json\/wp\/v2\/media?parent=30"}],"curies":[{"name":"wp","href":"https:\/\/api.w.org\/{rel}","templated":true}]}}