{"id":27,"date":"2021-02-18T14:55:17","date_gmt":"2021-02-18T14:55:17","guid":{"rendered":"http:\/\/stoelzle.com\/stc\/?page_id=27"},"modified":"2024-02-09T08:04:56","modified_gmt":"2024-02-09T08:04:56","slug":"staze-i-praktyki","status":"publish","type":"page","link":"https:\/\/www.stoelzle.com\/stc\/staze-i-praktyki\/","title":{"rendered":"Sta\u017ce i praktyki"},"content":{"rendered":"<div class=\"wpb-content-wrapper\"><p>[vc_row][vc_column]<div class=\"vc-title   text-center\">\n              <div class=\"topline\">Kariera<\/div>\n              <h1 class=\"title position-relative separator\">Sta\u017ce i praktyki<\/h1>\n              <div class=\"row\"><div class=\"col-md-10 offset-md-1\"><\/p>\n<p class=\"large-text\">Stoelzle Glass Group od lat otwarta jest na wsp\u00f3\u0142prac\u0119 z plac\u00f3wkami edukacyjnymi oraz wsparcie m\u0142odzie\u017cy w pozyskiwaniu pierwszego do\u015bwiadczenia zawodowego. Jeste\u015bmy \u015bwiadomi, jak wa\u017cne jest kszta\u0142towanie przedsi\u0119biorczych postaw uczni\u00f3w, student\u00f3w i absolwent\u00f3w, a tak\u017ce konieczno\u015b\u0107 dostosowania ich umiej\u0119tno\u015bci do stale zmieniaj\u0105cych si\u0119 wymog\u00f3w nowoczesnego rynku pracy.<\/p>\n<p><\/div><\/div>\n            <\/div>[\/vc_column][\/vc_row][vc_row full_width=&#8221;stretch_row_content_no_spaces&#8221;][vc_column]<div class=\"vc-two-columns  \">\n                <div class=\"row\">\n                    <div class=\"col-sm-6 bg-blue image-right\"><div class=\"column-content h-100 d-flex flex-column justify-content-center\"><\/p>\n<p class=\"h2\">Gdzie mo\u017cna odby\u0107 praktyk\u0119?<\/p>\n<p>W zale\u017cno\u015bci od kierunku kszta\u0142cenia zapraszamy na praktyki i sta\u017ce w nast\u0119puj\u0105cych Dzia\u0142ach naszej firmy:<\/p>\n<ul>\n<li>Ci\u0105g\u0142ego doskonalenia (Lean)<\/li>\n<li>Konstrukcji i Regeneracji Form<\/li>\n<li>Utrzymania Ruchu<\/li>\n<li>Informatyki<\/li>\n<li>Produkcji<\/li>\n<li>Dekoracji<\/li>\n<li>Sprzeda\u017cy<\/li>\n<li>Zakup\u00f3w<\/li>\n<li>Jako\u015bci<\/li>\n<li>Logistyki<\/li>\n<li>Personalnym<\/li>\n<li>Ksi\u0119gowo\u015bci<\/li>\n<li>BHP i ochrony \u015brodowiska<\/li>\n<\/ul>\n<p><\/div><\/div>\n                    <div class=\"col-sm-6 bg-blue image-right\"><img loading=\"lazy\" decoding=\"async\" width=\"1024\" height=\"666\" src=\"https:\/\/www.stoelzle.com\/stc\/wp-content\/uploads\/sites\/8\/2021\/02\/stc-praktyki-1024x666.jpg\" class=\"w-100 h-100 cover\" alt=\"Stoelzle Glass Group od lat otwarta jest na wsp\u00f3\u0142prac\u0119 z plac\u00f3wkami edukacyjnymi oraz wspiera m\u0142odzie\u017c w pozyskiwaniu pierwszego do\u015bwiadczenia zawodowego. Jeste\u015bmy \u015bwiadomi, jak wa\u017cne jest kszta\u0142towanie przedsi\u0119biorczych postaw uczni\u00f3w, student\u00f3w i absolwent\u00f3w, a tak\u017ce konieczno\u015b\u0107 dostosowania ich umiej\u0119tno\u015bci do stale zmieniaj\u0105cych si\u0119 wymog\u00f3w nowoczesnego rynku pracy.\" srcset=\"https:\/\/www.stoelzle.com\/stc\/wp-content\/uploads\/sites\/8\/2021\/02\/stc-praktyki-1024x666.jpg 1024w, https:\/\/www.stoelzle.com\/stc\/wp-content\/uploads\/sites\/8\/2021\/02\/stc-praktyki-480x312.jpg 480w, https:\/\/www.stoelzle.com\/stc\/wp-content\/uploads\/sites\/8\/2021\/02\/stc-praktyki-1536x998.jpg 1536w, https:\/\/www.stoelzle.com\/stc\/wp-content\/uploads\/sites\/8\/2021\/02\/stc-praktyki-992x645.jpg 992w, https:\/\/www.stoelzle.com\/stc\/wp-content\/uploads\/sites\/8\/2021\/02\/stc-praktyki-600x390.jpg 600w, https:\/\/www.stoelzle.com\/stc\/wp-content\/uploads\/sites\/8\/2021\/02\/stc-praktyki.jpg 2000w\" sizes=\"auto, (max-width: 1024px) 100vw, 1024px\" \/><\/div>\n                <\/div>\n            <\/div>[\/vc_column][\/vc_row][vc_row full_width=&#8221;stretch_row&#8221;][vc_column]<div class=\"vc-spacer spacing-bottom-m\"><\/div>[vc_row_inner el_class=&#8221;text-text&#8221;][vc_column_inner width=&#8221;1\/2&#8243;][vc_column_text]<\/p>\n<p class=\"h2\">Kogo szukamy?<\/p>\n<p>Jakich praktykant\u00f3w i sta\u017cyst\u00f3w szukamy?<\/p>\n<ul>\n<li>Z inicjatyw\u0105, otwartych na zdobywanie wiedzy<\/li>\n<li>Zaanga\u017cowanych i ambitnych<\/li>\n<li>Potrafi\u0105cych wsp\u00f3\u0142pracowa\u0107 w zespole<\/li>\n<li>Pos\u0142uguj\u0105cych si\u0119 j. angielskim na poziomie co najmniej \u015bredniozaawansowanym (mile widziane inne j. obce)<\/li>\n<li>Znaj\u0105cych programy MS Office, w szczeg\u00f3lno\u015bci Excel na dobrym poziomie<\/li>\n<li>Dyspozycyjnych co najmniej 3 dni w tygodniu<\/li>\n<\/ul>\n<p>[\/vc_column_text][\/vc_column_inner][vc_column_inner width=&#8221;1\/2&#8243;][vc_column_text]<\/p>\n<p class=\"h2\">Co zyskasz?<\/p>\n<ul>\n<li>Przyjazn\u0105 atmosfer\u0119 wsp\u00f3\u0142pracy<\/li>\n<li>Aktywne i anga\u017cuj\u0105ce zadania, pozwalaj\u0105ce pozna\u0107 praktyczne aspekty pracy w danym dziale<\/li>\n<li>Rozw\u00f3j zawodowy w innowacyjnym zak\u0142adzie produkcyjnym<\/li>\n<li>Bezp\u0142atne praktyki, na podstawie tr\u00f3jstronnej umowy z plac\u00f3wk\u0105 dydaktyczn\u0105<\/li>\n<\/ul>\n<p>[\/vc_column_text][\/vc_column_inner][\/vc_row_inner]<div class=\"vc-spacer spacing-bottom-m\"><\/div>[\/vc_column][\/vc_row][vc_row full_width=&#8221;stretch_row&#8221; el_class=&#8221;light-gray&#8221;][vc_column width=&#8221;1\/6&#8243;][\/vc_column][vc_column width=&#8221;2\/3&#8243;]<div class=\"vc-title spacing-top-s spacing-bottom-m text-center\">\n              \n              <h2 class=\"title position-relative\">Chcesz do\u0142\u0105czy\u0107 do naszego zespo\u0142u?<\/h2>\n              <div class=\"row\"><div class=\"col-md-10 offset-md-1\">Aplikacje zbieramy i analizujemy ca\u0142y rok. Praktyki szkolne i studenckie najcz\u0119\u015bciej odbywaj\u0105 si\u0119 w okresie wakacyjnym. Autorskie sta\u017ce dla absolwent\u00f3w studi\u00f3w wy\u017cszych realizujemy w terminie dogodnym dla kandydat\u00f3w i firmy.<\/p>\n<p>&nbsp;<\/p>\n<p><a class=\"editor-button cta\" href=\"mailto:praca@stoelzle.com\">Napisz do nas<\/a><\/div><\/div>\n            <\/div>[\/vc_column][vc_column width=&#8221;1\/6&#8243;][\/vc_column][\/vc_row]<\/p>\n<\/div>","protected":false},"excerpt":{"rendered":"<p>[vc_row][vc_column][\/vc_column][\/vc_row][vc_row full_width=&#8221;stretch_row_content_no_spaces&#8221;][vc_column][\/vc_column][\/vc_row][vc_row full_width=&#8221;stretch_row&#8221;][vc_column][vc_row_inner el_class=&#8221;text-text&#8221;][vc_column_inner width=&#8221;1\/2&#8243;][vc_column_text] Kogo szukamy? Jakich praktykant\u00f3w i sta\u017cyst\u00f3w szukamy? Z inicjatyw\u0105, otwartych na zdobywanie wiedzy Zaanga\u017cowanych i ambitnych Potrafi\u0105cych wsp\u00f3\u0142pracowa\u0107 w zespole Pos\u0142uguj\u0105cych si\u0119 j. angielskim na poziomie co najmniej \u015bredniozaawansowanym (mile widziane inne j. obce) Znaj\u0105cych programy MS Office, w szczeg\u00f3lno\u015bci Excel na dobrym poziomie Dyspozycyjnych co najmniej 3 dni w [&hellip;]<\/p>\n","protected":false},"author":1,"featured_media":0,"parent":0,"menu_order":70,"comment_status":"closed","ping_status":"closed","template":"","meta":{"_acf_changed":false,"footnotes":""},"class_list":["post-27","page","type-page","status-publish","hentry"],"acf":[],"yoast_head":"<!-- This site is optimized with the Yoast SEO plugin v26.6 - https:\/\/yoast.com\/wordpress\/plugins\/seo\/ -->\n<title>Sta\u017ce i praktyki - Stoelzle Cz\u0119stochowa<\/title>\n<meta name=\"robots\" content=\"index, follow, max-snippet:-1, max-image-preview:large, max-video-preview:-1\" \/>\n<link rel=\"canonical\" href=\"https:\/\/www.stoelzle.com\/stc\/staze-i-praktyki\/\" \/>\n<meta property=\"og:locale\" content=\"en_US\" \/>\n<meta property=\"og:type\" content=\"article\" \/>\n<meta property=\"og:title\" content=\"Sta\u017ce i praktyki - Stoelzle Cz\u0119stochowa\" \/>\n<meta property=\"og:description\" content=\"[vc_row][vc_column][\/vc_column][\/vc_row][vc_row full_width=&#8221;stretch_row_content_no_spaces&#8221;][vc_column][\/vc_column][\/vc_row][vc_row full_width=&#8221;stretch_row&#8221;][vc_column][vc_row_inner el_class=&#8221;text-text&#8221;][vc_column_inner width=&#8221;1\/2&#8243;][vc_column_text] Kogo szukamy? Jakich praktykant\u00f3w i sta\u017cyst\u00f3w szukamy? Z inicjatyw\u0105, otwartych na zdobywanie wiedzy Zaanga\u017cowanych i ambitnych Potrafi\u0105cych wsp\u00f3\u0142pracowa\u0107 w zespole Pos\u0142uguj\u0105cych si\u0119 j. angielskim na poziomie co najmniej \u015bredniozaawansowanym (mile widziane inne j. obce) Znaj\u0105cych programy MS Office, w szczeg\u00f3lno\u015bci Excel na dobrym poziomie Dyspozycyjnych co najmniej 3 dni w [&hellip;]\" \/>\n<meta property=\"og:url\" content=\"https:\/\/www.stoelzle.com\/stc\/staze-i-praktyki\/\" \/>\n<meta property=\"og:site_name\" content=\"Stoelzle Cz\u0119stochowa\" \/>\n<meta property=\"article:modified_time\" content=\"2024-02-09T08:04:56+00:00\" \/>\n<meta name=\"twitter:card\" content=\"summary_large_image\" \/>\n<meta name=\"twitter:label1\" content=\"Est. reading time\" \/>\n\t<meta name=\"twitter:data1\" content=\"2 minutes\" \/>\n<script type=\"application\/ld+json\" class=\"yoast-schema-graph\">{\"@context\":\"https:\/\/schema.org\",\"@graph\":[{\"@type\":\"WebPage\",\"@id\":\"https:\/\/www.stoelzle.com\/stc\/staze-i-praktyki\/\",\"url\":\"https:\/\/www.stoelzle.com\/stc\/staze-i-praktyki\/\",\"name\":\"Sta\u017ce i praktyki - Stoelzle Cz\u0119stochowa\",\"isPartOf\":{\"@id\":\"https:\/\/www.stoelzle.com\/stc\/#website\"},\"datePublished\":\"2021-02-18T14:55:17+00:00\",\"dateModified\":\"2024-02-09T08:04:56+00:00\",\"breadcrumb\":{\"@id\":\"https:\/\/www.stoelzle.com\/stc\/staze-i-praktyki\/#breadcrumb\"},\"inLanguage\":\"en-US\",\"potentialAction\":[{\"@type\":\"ReadAction\",\"target\":[\"https:\/\/www.stoelzle.com\/stc\/staze-i-praktyki\/\"]}]},{\"@type\":\"BreadcrumbList\",\"@id\":\"https:\/\/www.stoelzle.com\/stc\/staze-i-praktyki\/#breadcrumb\",\"itemListElement\":[{\"@type\":\"ListItem\",\"position\":1,\"name\":\"Home\",\"item\":\"https:\/\/www.stoelzle.com\"},{\"@type\":\"ListItem\",\"position\":2,\"name\":\"Stoelzle Cz\u0119stochowa\",\"item\":\"https:\/\/www.stoelzle.com\/stc\/\"},{\"@type\":\"ListItem\",\"position\":3,\"name\":\"Sta\u017ce i praktyki\"}]},{\"@type\":\"WebSite\",\"@id\":\"https:\/\/www.stoelzle.com\/stc\/#website\",\"url\":\"https:\/\/www.stoelzle.com\/stc\/\",\"name\":\"Stoelzle Cz\u0119stochowa\",\"description\":\"\",\"publisher\":{\"@id\":\"https:\/\/www.stoelzle.com\/stc\/#organization\"},\"potentialAction\":[{\"@type\":\"SearchAction\",\"target\":{\"@type\":\"EntryPoint\",\"urlTemplate\":\"https:\/\/www.stoelzle.com\/stc\/?s={search_term_string}\"},\"query-input\":{\"@type\":\"PropertyValueSpecification\",\"valueRequired\":true,\"valueName\":\"search_term_string\"}}],\"inLanguage\":\"en-US\"},{\"@type\":\"Organization\",\"@id\":\"https:\/\/www.stoelzle.com\/stc\/#organization\",\"name\":\"Stoelzle Cz\u0119stochowa Sp. z o.o.\",\"url\":\"https:\/\/www.stoelzle.com\/stc\/\",\"logo\":{\"@type\":\"ImageObject\",\"inLanguage\":\"en-US\",\"@id\":\"https:\/\/www.stoelzle.com\/stc\/#\/schema\/logo\/image\/\",\"url\":\"https:\/\/www.stoelzle.com\/stc\/wp-content\/uploads\/sites\/8\/2021\/03\/logo_stc.svg\",\"contentUrl\":\"https:\/\/www.stoelzle.com\/stc\/wp-content\/uploads\/sites\/8\/2021\/03\/logo_stc.svg\",\"width\":196,\"height\":40,\"caption\":\"Stoelzle Cz\u0119stochowa Sp. z o.o.\"},\"image\":{\"@id\":\"https:\/\/www.stoelzle.com\/stc\/#\/schema\/logo\/image\/\"}}]}<\/script>\n<!-- \/ Yoast SEO plugin. -->","yoast_head_json":{"title":"Sta\u017ce i praktyki - Stoelzle Cz\u0119stochowa","robots":{"index":"index","follow":"follow","max-snippet":"max-snippet:-1","max-image-preview":"max-image-preview:large","max-video-preview":"max-video-preview:-1"},"canonical":"https:\/\/www.stoelzle.com\/stc\/staze-i-praktyki\/","og_locale":"en_US","og_type":"article","og_title":"Sta\u017ce i praktyki - Stoelzle Cz\u0119stochowa","og_description":"[vc_row][vc_column][\/vc_column][\/vc_row][vc_row full_width=&#8221;stretch_row_content_no_spaces&#8221;][vc_column][\/vc_column][\/vc_row][vc_row full_width=&#8221;stretch_row&#8221;][vc_column][vc_row_inner el_class=&#8221;text-text&#8221;][vc_column_inner width=&#8221;1\/2&#8243;][vc_column_text] Kogo szukamy? Jakich praktykant\u00f3w i sta\u017cyst\u00f3w szukamy? Z inicjatyw\u0105, otwartych na zdobywanie wiedzy Zaanga\u017cowanych i ambitnych Potrafi\u0105cych wsp\u00f3\u0142pracowa\u0107 w zespole Pos\u0142uguj\u0105cych si\u0119 j. angielskim na poziomie co najmniej \u015bredniozaawansowanym (mile widziane inne j. obce) Znaj\u0105cych programy MS Office, w szczeg\u00f3lno\u015bci Excel na dobrym poziomie Dyspozycyjnych co najmniej 3 dni w [&hellip;]","og_url":"https:\/\/www.stoelzle.com\/stc\/staze-i-praktyki\/","og_site_name":"Stoelzle Cz\u0119stochowa","article_modified_time":"2024-02-09T08:04:56+00:00","twitter_card":"summary_large_image","twitter_misc":{"Est. reading time":"2 minutes"},"schema":{"@context":"https:\/\/schema.org","@graph":[{"@type":"WebPage","@id":"https:\/\/www.stoelzle.com\/stc\/staze-i-praktyki\/","url":"https:\/\/www.stoelzle.com\/stc\/staze-i-praktyki\/","name":"Sta\u017ce i praktyki - Stoelzle Cz\u0119stochowa","isPartOf":{"@id":"https:\/\/www.stoelzle.com\/stc\/#website"},"datePublished":"2021-02-18T14:55:17+00:00","dateModified":"2024-02-09T08:04:56+00:00","breadcrumb":{"@id":"https:\/\/www.stoelzle.com\/stc\/staze-i-praktyki\/#breadcrumb"},"inLanguage":"en-US","potentialAction":[{"@type":"ReadAction","target":["https:\/\/www.stoelzle.com\/stc\/staze-i-praktyki\/"]}]},{"@type":"BreadcrumbList","@id":"https:\/\/www.stoelzle.com\/stc\/staze-i-praktyki\/#breadcrumb","itemListElement":[{"@type":"ListItem","position":1,"name":"Home","item":"https:\/\/www.stoelzle.com"},{"@type":"ListItem","position":2,"name":"Stoelzle Cz\u0119stochowa","item":"https:\/\/www.stoelzle.com\/stc\/"},{"@type":"ListItem","position":3,"name":"Sta\u017ce i praktyki"}]},{"@type":"WebSite","@id":"https:\/\/www.stoelzle.com\/stc\/#website","url":"https:\/\/www.stoelzle.com\/stc\/","name":"Stoelzle Cz\u0119stochowa","description":"","publisher":{"@id":"https:\/\/www.stoelzle.com\/stc\/#organization"},"potentialAction":[{"@type":"SearchAction","target":{"@type":"EntryPoint","urlTemplate":"https:\/\/www.stoelzle.com\/stc\/?s={search_term_string}"},"query-input":{"@type":"PropertyValueSpecification","valueRequired":true,"valueName":"search_term_string"}}],"inLanguage":"en-US"},{"@type":"Organization","@id":"https:\/\/www.stoelzle.com\/stc\/#organization","name":"Stoelzle Cz\u0119stochowa Sp. z o.o.","url":"https:\/\/www.stoelzle.com\/stc\/","logo":{"@type":"ImageObject","inLanguage":"en-US","@id":"https:\/\/www.stoelzle.com\/stc\/#\/schema\/logo\/image\/","url":"https:\/\/www.stoelzle.com\/stc\/wp-content\/uploads\/sites\/8\/2021\/03\/logo_stc.svg","contentUrl":"https:\/\/www.stoelzle.com\/stc\/wp-content\/uploads\/sites\/8\/2021\/03\/logo_stc.svg","width":196,"height":40,"caption":"Stoelzle Cz\u0119stochowa Sp. z o.o."},"image":{"@id":"https:\/\/www.stoelzle.com\/stc\/#\/schema\/logo\/image\/"}}]}},"_links":{"self":[{"href":"https:\/\/www.stoelzle.com\/stc\/wp-json\/wp\/v2\/pages\/27","targetHints":{"allow":["GET"]}}],"collection":[{"href":"https:\/\/www.stoelzle.com\/stc\/wp-json\/wp\/v2\/pages"}],"about":[{"href":"https:\/\/www.stoelzle.com\/stc\/wp-json\/wp\/v2\/types\/page"}],"author":[{"embeddable":true,"href":"https:\/\/www.stoelzle.com\/stc\/wp-json\/wp\/v2\/users\/1"}],"replies":[{"embeddable":true,"href":"https:\/\/www.stoelzle.com\/stc\/wp-json\/wp\/v2\/comments?post=27"}],"version-history":[{"count":0,"href":"https:\/\/www.stoelzle.com\/stc\/wp-json\/wp\/v2\/pages\/27\/revisions"}],"wp:attachment":[{"href":"https:\/\/www.stoelzle.com\/stc\/wp-json\/wp\/v2\/media?parent=27"}],"curies":[{"name":"wp","href":"https:\/\/api.w.org\/{rel}","templated":true}]}}