{"id":255,"date":"2021-03-09T16:48:33","date_gmt":"2021-03-09T16:48:33","guid":{"rendered":"https:\/\/stoelzle.com\/stc\/?page_id=255"},"modified":"2021-03-22T14:18:20","modified_gmt":"2021-03-22T14:18:20","slug":"nota-prawna","status":"publish","type":"page","link":"https:\/\/www.stoelzle.com\/stc\/nota-prawna\/","title":{"rendered":"Nota prawna"},"content":{"rendered":"<div class=\"wpb-content-wrapper\"><p>[vc_row][vc_column]<div class=\"vc-title  spacing-bottom-l text-center\">\n              <div class=\"topline\">Stoelzle Cz\u0119stochowa<\/div>\n              <h1 class=\"title position-relative separator\">Nota prawna<\/h1>\n              \n            <\/div><div class=\"vc-spacer spacing-bottom-m\"><\/div>[vc_row_inner el_class=&#8221;text-text&#8221;][vc_column_inner width=&#8221;1\/12&#8243;][\/vc_column_inner][vc_column_inner width=&#8221;5\/12&#8243;][vc_column_text]<\/p>\n<p class=\"h5\">Stoelzle Cz\u0119stochowa Sp. z o.o.<\/p>\n<p>ul. Warszawska 347<br \/>\nPL-42-209 Cz\u0119stochowa<br \/>\nTelefon: +48 34 3604 500<br \/>\nE-Mail: <a href=\"mailto:officeSTC@stoelzle.com\">officeSTC@stoelzle.com<\/a><\/p>\n<p>Cel dzia\u0142alno\u015bci: Produkcja wyrob\u00f3w szklanych<br \/>\nVAT: 573-01-13-736<br \/>\nKRS: 0000284061<br \/>\nS\u0105d: S\u0105d rejonowy w Cz\u0119stochowie<\/p>\n<p>Prezes Zarz\u0105du: Artur Wo\u0142oszyn<\/p>\n<p class=\"h5\">Zastrze\u017cenia<\/p>\n<p>Stoelzle Cz\u0119stochowa Sp. z o.o. dok\u0142ada wszelkich stara\u0144, aby publikowane informacje by\u0142y aktualne i poprawne, nie ponosi jednak odpowiedzialno\u015bci za aktualno\u015b\u0107, poprawno\u015b\u0107 i kompletno\u015b\u0107 tre\u015bci. Stoelzle Cz\u0119stochowa Sp. z o.o. nie ponosi zatem odpowiedzialno\u015bci za ewentualne szkody powsta\u0142e w wyniku korzystania z tych tre\u015bci.[\/vc_column_text][\/vc_column_inner][vc_column_inner width=&#8221;5\/12&#8243;][vc_column_text]<\/p>\n<p class=\"h5\">Linki do zewn\u0119trznych stron internetowych<\/p>\n<p>Ta strona zawiera linki do zewn\u0119trznych stron internetowych, na kt\u00f3rych tre\u015b\u0107 nie mamy \u017cadnego wp\u0142ywu. Dlatego nie ponosimy odpowiedzialno\u015bci za te tre\u015bci. Za tre\u015b\u0107 stron, do kt\u00f3rych prowadz\u0105 linki, odpowiada zawsze ich dostawca lub operator. Opublikowane tam informacje nie odzwierciedlaj\u0105 r\u00f3wnie\u017c opinii Stoelzle Cz\u0119stochowa Sp. z o.o.<\/p>\n<p class=\"h5\">Copyright<\/p>\n<p>Copyright \u00a9 Stoelzle Cz\u0119stochowa Sp. z o.o. Wszelkie prawa zastrze\u017cone. Zawarto\u015b\u0107 niniejszej strony internetowej jest chroniona prawem autorskim. Zawarto\u015b\u0107 niniejszej strony internetowej nie mo\u017ce by\u0107 powielana w jakiejkolwiek formie, przetwarzana za pomoc\u0105 system\u00f3w elektronicznych, kopiowana lub rozpowszechniana bez uprzedniej pisemnej zgody Stoelzle Cz\u0119stochowa Sp. z o.o.<\/p>\n<p class=\"h5\">Prawa autorskie<\/p>\n<p>Obrazy, zdj\u0119cia, filmy i grafiki na tej stronie s\u0105 chronione prawem autorskim. \u0179r\u00f3d\u0142a zdj\u0119\u0107: Die Abbilderei, Jutta K\u00fcgerl Fotografie, Mathias Kniepeiss, Toni Muhr, Studio Foto Palac Jerzy Kozlowski, Adobe Stock, Archiwum Stoelzle.<\/p>\n<p class=\"h5\">Koncepcja, projekt i realizacja<\/p>\n<p>Stoelzle Cz\u0119stochowa Sp. z o.o. &amp; Bramauer Branding, \u2028<a href=\"https:\/\/www.bramauer.at\/\" target=\"_blank\" rel=\"noopener\">www.bramauer.at<\/a>[\/vc_column_text][\/vc_column_inner][vc_column_inner width=&#8221;1\/12&#8243;][\/vc_column_inner][\/vc_row_inner]<div class=\"vc-spacer spacing-bottom-m\"><\/div>[\/vc_column][\/vc_row][vc_row][vc_column][\/vc_column][\/vc_row]<\/p>\n<\/div>","protected":false},"excerpt":{"rendered":"<p>[vc_row][vc_column][vc_row_inner el_class=&#8221;text-text&#8221;][vc_column_inner width=&#8221;1\/12&#8243;][\/vc_column_inner][vc_column_inner width=&#8221;5\/12&#8243;][vc_column_text] Stoelzle Cz\u0119stochowa Sp. z o.o. ul. Warszawska 347 PL-42-209 Cz\u0119stochowa Telefon: +48 34 3604 500 E-Mail: officeSTC@stoelzle.com Cel dzia\u0142alno\u015bci: Produkcja wyrob\u00f3w szklanych VAT: 573-01-13-736 KRS: 0000284061 S\u0105d: S\u0105d rejonowy w Cz\u0119stochowie Prezes Zarz\u0105du: Artur Wo\u0142oszyn Zastrze\u017cenia Stoelzle Cz\u0119stochowa Sp. z o.o. dok\u0142ada wszelkich stara\u0144, aby publikowane informacje by\u0142y aktualne i poprawne, [&hellip;]<\/p>\n","protected":false},"author":1,"featured_media":0,"parent":0,"menu_order":0,"comment_status":"closed","ping_status":"closed","template":"","meta":{"_acf_changed":false,"footnotes":""},"class_list":["post-255","page","type-page","status-publish","hentry"],"acf":[],"yoast_head":"<!-- This site is optimized with the Yoast SEO plugin v26.6 - https:\/\/yoast.com\/wordpress\/plugins\/seo\/ -->\n<title>Nota prawna - Stoelzle Cz\u0119stochowa<\/title>\n<meta name=\"robots\" content=\"noindex, nofollow\" \/>\n<meta property=\"og:locale\" content=\"en_US\" \/>\n<meta property=\"og:type\" content=\"article\" \/>\n<meta property=\"og:title\" content=\"Nota prawna - Stoelzle Cz\u0119stochowa\" \/>\n<meta property=\"og:description\" content=\"[vc_row][vc_column][vc_row_inner el_class=&#8221;text-text&#8221;][vc_column_inner width=&#8221;1\/12&#8243;][\/vc_column_inner][vc_column_inner width=&#8221;5\/12&#8243;][vc_column_text] Stoelzle Cz\u0119stochowa Sp. z o.o. ul. Warszawska 347 PL-42-209 Cz\u0119stochowa Telefon: +48 34 3604 500 E-Mail: officeSTC@stoelzle.com Cel dzia\u0142alno\u015bci: Produkcja wyrob\u00f3w szklanych VAT: 573-01-13-736 KRS: 0000284061 S\u0105d: S\u0105d rejonowy w Cz\u0119stochowie Prezes Zarz\u0105du: Artur Wo\u0142oszyn Zastrze\u017cenia Stoelzle Cz\u0119stochowa Sp. z o.o. dok\u0142ada wszelkich stara\u0144, aby publikowane informacje by\u0142y aktualne i poprawne, [&hellip;]\" \/>\n<meta property=\"og:url\" content=\"https:\/\/www.stoelzle.com\/stc\/nota-prawna\/\" \/>\n<meta property=\"og:site_name\" content=\"Stoelzle Cz\u0119stochowa\" \/>\n<meta property=\"article:modified_time\" content=\"2021-03-22T14:18:20+00:00\" \/>\n<meta name=\"twitter:card\" content=\"summary_large_image\" \/>\n<meta name=\"twitter:label1\" content=\"Est. reading time\" \/>\n\t<meta name=\"twitter:data1\" content=\"2 minutes\" \/>\n<script type=\"application\/ld+json\" class=\"yoast-schema-graph\">{\"@context\":\"https:\/\/schema.org\",\"@graph\":[{\"@type\":\"WebPage\",\"@id\":\"https:\/\/www.stoelzle.com\/stc\/nota-prawna\/\",\"url\":\"https:\/\/www.stoelzle.com\/stc\/nota-prawna\/\",\"name\":\"Nota prawna - Stoelzle Cz\u0119stochowa\",\"isPartOf\":{\"@id\":\"https:\/\/www.stoelzle.com\/stc\/#website\"},\"datePublished\":\"2021-03-09T16:48:33+00:00\",\"dateModified\":\"2021-03-22T14:18:20+00:00\",\"breadcrumb\":{\"@id\":\"https:\/\/www.stoelzle.com\/stc\/nota-prawna\/#breadcrumb\"},\"inLanguage\":\"en-US\",\"potentialAction\":[{\"@type\":\"ReadAction\",\"target\":[\"https:\/\/www.stoelzle.com\/stc\/nota-prawna\/\"]}]},{\"@type\":\"BreadcrumbList\",\"@id\":\"https:\/\/www.stoelzle.com\/stc\/nota-prawna\/#breadcrumb\",\"itemListElement\":[{\"@type\":\"ListItem\",\"position\":1,\"name\":\"Home\",\"item\":\"https:\/\/www.stoelzle.com\"},{\"@type\":\"ListItem\",\"position\":2,\"name\":\"Stoelzle Cz\u0119stochowa\",\"item\":\"https:\/\/www.stoelzle.com\/stc\/\"},{\"@type\":\"ListItem\",\"position\":3,\"name\":\"Nota prawna\"}]},{\"@type\":\"WebSite\",\"@id\":\"https:\/\/www.stoelzle.com\/stc\/#website\",\"url\":\"https:\/\/www.stoelzle.com\/stc\/\",\"name\":\"Stoelzle Cz\u0119stochowa\",\"description\":\"\",\"publisher\":{\"@id\":\"https:\/\/www.stoelzle.com\/stc\/#organization\"},\"potentialAction\":[{\"@type\":\"SearchAction\",\"target\":{\"@type\":\"EntryPoint\",\"urlTemplate\":\"https:\/\/www.stoelzle.com\/stc\/?s={search_term_string}\"},\"query-input\":{\"@type\":\"PropertyValueSpecification\",\"valueRequired\":true,\"valueName\":\"search_term_string\"}}],\"inLanguage\":\"en-US\"},{\"@type\":\"Organization\",\"@id\":\"https:\/\/www.stoelzle.com\/stc\/#organization\",\"name\":\"Stoelzle Cz\u0119stochowa Sp. z o.o.\",\"url\":\"https:\/\/www.stoelzle.com\/stc\/\",\"logo\":{\"@type\":\"ImageObject\",\"inLanguage\":\"en-US\",\"@id\":\"https:\/\/www.stoelzle.com\/stc\/#\/schema\/logo\/image\/\",\"url\":\"https:\/\/www.stoelzle.com\/stc\/wp-content\/uploads\/sites\/8\/2021\/03\/logo_stc.svg\",\"contentUrl\":\"https:\/\/www.stoelzle.com\/stc\/wp-content\/uploads\/sites\/8\/2021\/03\/logo_stc.svg\",\"width\":196,\"height\":40,\"caption\":\"Stoelzle Cz\u0119stochowa Sp. z o.o.\"},\"image\":{\"@id\":\"https:\/\/www.stoelzle.com\/stc\/#\/schema\/logo\/image\/\"}}]}<\/script>\n<!-- \/ Yoast SEO plugin. -->","yoast_head_json":{"title":"Nota prawna - Stoelzle Cz\u0119stochowa","robots":{"index":"noindex","follow":"nofollow"},"og_locale":"en_US","og_type":"article","og_title":"Nota prawna - Stoelzle Cz\u0119stochowa","og_description":"[vc_row][vc_column][vc_row_inner el_class=&#8221;text-text&#8221;][vc_column_inner width=&#8221;1\/12&#8243;][\/vc_column_inner][vc_column_inner width=&#8221;5\/12&#8243;][vc_column_text] Stoelzle Cz\u0119stochowa Sp. z o.o. ul. Warszawska 347 PL-42-209 Cz\u0119stochowa Telefon: +48 34 3604 500 E-Mail: officeSTC@stoelzle.com Cel dzia\u0142alno\u015bci: Produkcja wyrob\u00f3w szklanych VAT: 573-01-13-736 KRS: 0000284061 S\u0105d: S\u0105d rejonowy w Cz\u0119stochowie Prezes Zarz\u0105du: Artur Wo\u0142oszyn Zastrze\u017cenia Stoelzle Cz\u0119stochowa Sp. z o.o. dok\u0142ada wszelkich stara\u0144, aby publikowane informacje by\u0142y aktualne i poprawne, [&hellip;]","og_url":"https:\/\/www.stoelzle.com\/stc\/nota-prawna\/","og_site_name":"Stoelzle Cz\u0119stochowa","article_modified_time":"2021-03-22T14:18:20+00:00","twitter_card":"summary_large_image","twitter_misc":{"Est. reading time":"2 minutes"},"schema":{"@context":"https:\/\/schema.org","@graph":[{"@type":"WebPage","@id":"https:\/\/www.stoelzle.com\/stc\/nota-prawna\/","url":"https:\/\/www.stoelzle.com\/stc\/nota-prawna\/","name":"Nota prawna - Stoelzle Cz\u0119stochowa","isPartOf":{"@id":"https:\/\/www.stoelzle.com\/stc\/#website"},"datePublished":"2021-03-09T16:48:33+00:00","dateModified":"2021-03-22T14:18:20+00:00","breadcrumb":{"@id":"https:\/\/www.stoelzle.com\/stc\/nota-prawna\/#breadcrumb"},"inLanguage":"en-US","potentialAction":[{"@type":"ReadAction","target":["https:\/\/www.stoelzle.com\/stc\/nota-prawna\/"]}]},{"@type":"BreadcrumbList","@id":"https:\/\/www.stoelzle.com\/stc\/nota-prawna\/#breadcrumb","itemListElement":[{"@type":"ListItem","position":1,"name":"Home","item":"https:\/\/www.stoelzle.com"},{"@type":"ListItem","position":2,"name":"Stoelzle Cz\u0119stochowa","item":"https:\/\/www.stoelzle.com\/stc\/"},{"@type":"ListItem","position":3,"name":"Nota prawna"}]},{"@type":"WebSite","@id":"https:\/\/www.stoelzle.com\/stc\/#website","url":"https:\/\/www.stoelzle.com\/stc\/","name":"Stoelzle Cz\u0119stochowa","description":"","publisher":{"@id":"https:\/\/www.stoelzle.com\/stc\/#organization"},"potentialAction":[{"@type":"SearchAction","target":{"@type":"EntryPoint","urlTemplate":"https:\/\/www.stoelzle.com\/stc\/?s={search_term_string}"},"query-input":{"@type":"PropertyValueSpecification","valueRequired":true,"valueName":"search_term_string"}}],"inLanguage":"en-US"},{"@type":"Organization","@id":"https:\/\/www.stoelzle.com\/stc\/#organization","name":"Stoelzle Cz\u0119stochowa Sp. z o.o.","url":"https:\/\/www.stoelzle.com\/stc\/","logo":{"@type":"ImageObject","inLanguage":"en-US","@id":"https:\/\/www.stoelzle.com\/stc\/#\/schema\/logo\/image\/","url":"https:\/\/www.stoelzle.com\/stc\/wp-content\/uploads\/sites\/8\/2021\/03\/logo_stc.svg","contentUrl":"https:\/\/www.stoelzle.com\/stc\/wp-content\/uploads\/sites\/8\/2021\/03\/logo_stc.svg","width":196,"height":40,"caption":"Stoelzle Cz\u0119stochowa Sp. z o.o."},"image":{"@id":"https:\/\/www.stoelzle.com\/stc\/#\/schema\/logo\/image\/"}}]}},"_links":{"self":[{"href":"https:\/\/www.stoelzle.com\/stc\/wp-json\/wp\/v2\/pages\/255","targetHints":{"allow":["GET"]}}],"collection":[{"href":"https:\/\/www.stoelzle.com\/stc\/wp-json\/wp\/v2\/pages"}],"about":[{"href":"https:\/\/www.stoelzle.com\/stc\/wp-json\/wp\/v2\/types\/page"}],"author":[{"embeddable":true,"href":"https:\/\/www.stoelzle.com\/stc\/wp-json\/wp\/v2\/users\/1"}],"replies":[{"embeddable":true,"href":"https:\/\/www.stoelzle.com\/stc\/wp-json\/wp\/v2\/comments?post=255"}],"version-history":[{"count":0,"href":"https:\/\/www.stoelzle.com\/stc\/wp-json\/wp\/v2\/pages\/255\/revisions"}],"wp:attachment":[{"href":"https:\/\/www.stoelzle.com\/stc\/wp-json\/wp\/v2\/media?parent=255"}],"curies":[{"name":"wp","href":"https:\/\/api.w.org\/{rel}","templated":true}]}}