{"id":23,"date":"2021-02-18T14:54:58","date_gmt":"2021-02-18T14:54:58","guid":{"rendered":"http:\/\/stoelzle.com\/stc\/?page_id=23"},"modified":"2026-03-05T10:15:35","modified_gmt":"2026-03-05T10:15:35","slug":"kariera","status":"publish","type":"page","link":"https:\/\/www.stoelzle.com\/stc\/kariera\/","title":{"rendered":"Kariera"},"content":{"rendered":"<div class=\"wpb-content-wrapper\"><p>[vc_row][vc_column]<div class=\"vc-title   text-center\">\n              <div class=\"topline\">Kariera<\/div>\n              <h1 class=\"title position-relative separator\">Kariera w Stoelzle<\/h1>\n              <div class=\"row\"><div class=\"col-md-10 offset-md-1\"><\/p>\n<p class=\"large-text\">Innowacja, technologia, ci\u0105g\u0142y rozw\u00f3j, praca zespo\u0142owa i zaanga\u017cowanie \u2013 to nas wyr\u00f3\u017cnia. Daj nam si\u0119 przedstawi\u0107 z najlepszej strony i do\u0142\u0105cz do naszego zespo\u0142u!<\/p>\n<p><\/div><\/div>\n            <\/div>[\/vc_column][\/vc_row][vc_row][vc_column][vc_column_text] [\/vc_column_text][\/vc_column][\/vc_row][vc_row full_width=&#8221;stretch_row&#8221; el_class=&#8221;jasnoszary&#8221;][vc_column]<div class=\"vc-spacer odst\u0119py-na dole-m\"><\/div>[vc_row_inner content_placement=&#8221;\u015brodek&#8221; el_class=&#8221;tekst-tekst&#8221;][vc_column_inner width=&#8221;1\/2&#8243;][vc_video link=&#8221;https:\/\/youtu.be\/56ZINc-Ac44&#8243;][\/vc_column_inner][vc_column_inner width=&#8221;1\/2&#8243;][vc_column_text]<\/p>\n<p class=\"topline\">Wideo<\/p>\n<h2>Dlaczego Stoelzle<\/h2>\n<p>Stoelzle swoje produkty eksportuje do ponad 90 kraj\u00f3w. Oferuje wysokiej jako\u015bci, zorientowane na wzornictwo rozwi\u0105zania dla ekskluzywnych projekt\u00f3w, dzi\u0119ki czemu zdoby\u0142a zaufanie marek rozpoznawalnych na ca\u0142ym \u015bwiecie. Firma b\u0119dzie jednym z lider\u00f3w zatrudnienia w Cz\u0119stochowie stale stawia na rozw\u00f3j i motywacj\u0119 swojej kadry, r\u00f3wnie\u017c poprzez benefity pozap\u0142acowe. [\/vc_column_text][\/vc_column_inner][\/vc_row_inner]<div class=\"vc-spacer odst\u0119py-na dole-m\"><\/div>[\/vc_column][\/vc_row][vc_row][vc_column][vc_column_text] [\/vc_column_text][\/vc_column][\/vc_row][vc_row el_class=&#8221;tekst-tekst&#8221;][vc_column]<div class=\"vc-spacer odst\u0119py-na dole-s\"><\/div>[vc_row_inner][vc_column_inner width=&#8221;1\/2&#8243;][vc_column_text css=&#8221;&#8221;]<\/p>\n<h2><span style=\"vertical-align: inherit\"><span style=\"vertical-align: inherit\">Aktualne oferty pracy:<\/span><\/span><\/h2>\n<ul>\n<li style=\"list-style-type: none\">\n<ul>\n<li><a href=\"https:\/\/www.stoelzle.com\/stc\/wp-content\/uploads\/sites\/8\/2025\/02\/Operator-linii-do-matowania.pdf\" target=\"_blank\" rel=\"noopener\">Operator linii do matowania<\/a><\/li>\n<li><a href=\"https:\/\/www.stoelzle.com\/stc\/wp-content\/uploads\/sites\/8\/2025\/08\/Slusarz-narzedziowy.pdf\">\u015alusarz narz\u0119dziowy<\/a><\/li>\n<\/ul>\n<\/li>\n<\/ul>\n<ul>\n<li><a href=\"https:\/\/www.stoelzle.com\/stc\/wp-content\/uploads\/sites\/8\/2021\/04\/Informacja-i-klauzula-RODO-dla-kandydatow-do-pracy.pdf\" target=\"_blank\" rel=\"noopener\"><span style=\"vertical-align: inherit\"><span style=\"vertical-align: inherit\">Informacja i klauzula RODO dla kandydat\u00f3w do pracy<\/span><\/span><\/a><\/li>\n<li><a href=\"https:\/\/www.stoelzle.com\/stc\/wp-content\/uploads\/sites\/8\/2021\/06\/Klauzula-informacyjna-dot.-korespondencji-mailowej.pdf\" target=\"_blank\" rel=\"noopener\"><span style=\"vertical-align: inherit\"><span style=\"vertical-align: inherit\">Klauzula informacyjna dot. <\/span><span style=\"vertical-align: inherit\">korespondencja mailowa <\/span><\/span><\/a><\/li>\n<\/ul>\n<p>[\/vc_column_text][\/vc_column_inner][vc_column_inner width=&#8221;1\/2&#8243;][vc_column_text css=&#8221;&#8221;]<\/p>\n<p class=\"h2\">Dokumenty aplikacyjne<\/p>\n<p>Zainteresowa\u0142a Ci\u0119 kt\u00f3ra\u015b z ofert? Prosimy o przes\u0142anie CV.<\/p>\n<ul>\n<li>Stoelzle Cz\u0119stochowa Sp. z o.o.Warszawska<br \/>\n347, 42-209 Cz\u0119stochowa<\/li>\n<li>Tel.: +48 34 360 45 00<\/li>\n<\/ul>\n<p><a class=\"editor-button cta\" href=\"mailto:praca@stoelzle.com\">Aplikuj<\/a><\/p>\n<p>[\/vc_column_text][\/vc_column_inner][\/vc_row_inner]<div class=\"vc-spacer odst\u0119py-na dole-s\"><\/div>[\/vc_column][\/vc_row][vc_row][vc_column][vc_column_text] [\/vc_column_text][\/vc_column][\/vc_row][vc_row full_width=&#8221;stretch_row_content_no_spaces&#8221;][vc_column]<div class=\"vc-two-columns  \">\n                <div class=\"row\">\n                    <div class=\"col-sm-6 bg-gray image-right\"><div class=\"column-content h-100 d-flex flex-column justify-content-center\"><\/p>\n<p class=\"topline\">Aplikuj teraz!<\/p>\n<p class=\"h2\">Sta\u017ce i praktyki<\/p>\n<p>Poprzez wsp\u00f3\u0142prac\u0119 ze szko\u0142ami i uczelniami Stoelzle zapewnia uczniom i studentom mo\u017cliwo\u015b\u0107 organizacji sta\u017c\u00f3w i praktyk, a co za tym idzie zdobycia pierwszego do\u015bwiadczenia zawodowego.<\/p>\n<p><a class=\"editor-button cta\" href=\"\/stc\/staze-i-praktyki\/\">Zobacz wi\u0119cej<\/a><\/div><\/div>\n                    <div class=\"col-sm-6 bg-gray image-right\"><img loading=\"lazy\" decoding=\"async\" width=\"1024\" height=\"666\" src=\"https:\/\/www.stoelzle.com\/stc\/wp-content\/uploads\/sites\/8\/2021\/02\/stc-kariera-praktyki-1024x666.jpg\" class=\"w-100 h-100 cover\" alt=\"W zale\u017cno\u015bci od kierunku kszta\u0142cenia zapraszamy na praktyki i sta\u017ce w kilkunastu Dzia\u0142ach naszej firmy\" srcset=\"https:\/\/www.stoelzle.com\/stc\/wp-content\/uploads\/sites\/8\/2021\/02\/stc-kariera-praktyki-1024x666.jpg 1024w, https:\/\/www.stoelzle.com\/stc\/wp-content\/uploads\/sites\/8\/2021\/02\/stc-kariera-praktyki-480x312.jpg 480w, https:\/\/www.stoelzle.com\/stc\/wp-content\/uploads\/sites\/8\/2021\/02\/stc-kariera-praktyki-1536x998.jpg 1536w, https:\/\/www.stoelzle.com\/stc\/wp-content\/uploads\/sites\/8\/2021\/02\/stc-kariera-praktyki-992x645.jpg 992w, https:\/\/www.stoelzle.com\/stc\/wp-content\/uploads\/sites\/8\/2021\/02\/stc-kariera-praktyki-600x390.jpg 600w, https:\/\/www.stoelzle.com\/stc\/wp-content\/uploads\/sites\/8\/2021\/02\/stc-kariera-praktyki.jpg 2000w\" sizes=\"auto, (max-width: 1024px) 100vw, 1024px\" \/><\/div>\n                <\/div>\n            <\/div>[\/vc_column][\/vc_row][vc_row][vc_column][vc_column_text][\/vc_column_text][\/vc_column][\/vc_row]<\/p>\n<\/div>","protected":false},"excerpt":{"rendered":"<p>[vc_row][vc_column][\/vc_column][\/vc_row][vc_row][vc_column][vc_column_text] [\/vc_column_text][\/vc_column][\/vc_row][vc_row full_width=&#8221;stretch_row&#8221; el_class=&#8221;jasnoszary&#8221;][vc_column][vc_row_inner content_placement=&#8221;\u015brodek&#8221; el_class=&#8221;tekst-tekst&#8221;][vc_column_inner width=&#8221;1\/2&#8243;][vc_video link=&#8221;https:\/\/youtu.be\/56ZINc-Ac44&#8243;][\/vc_column_inner][vc_column_inner width=&#8221;1\/2&#8243;][vc_column_text] Wideo Dlaczego Stoelzle Stoelzle swoje produkty eksportuje do ponad 90 kraj\u00f3w. Oferuje wysokiej jako\u015bci, zorientowane na wzornictwo rozwi\u0105zania dla ekskluzywnych projekt\u00f3w, dzi\u0119ki czemu zdoby\u0142a zaufanie marek rozpoznawalnych na ca\u0142ym \u015bwiecie. Firma b\u0119dzie jednym z lider\u00f3w zatrudnienia w Cz\u0119stochowie stale stawia na rozw\u00f3j i motywacj\u0119 swojej kadry, [&hellip;]<\/p>\n","protected":false},"author":1,"featured_media":0,"parent":0,"menu_order":50,"comment_status":"closed","ping_status":"closed","template":"","meta":{"_acf_changed":false,"footnotes":""},"class_list":["post-23","page","type-page","status-publish","hentry"],"acf":[],"yoast_head":"<!-- This site is optimized with the Yoast SEO plugin v26.6 - https:\/\/yoast.com\/wordpress\/plugins\/seo\/ -->\n<title>Kariera - Stoelzle Cz\u0119stochowa<\/title>\n<meta name=\"robots\" content=\"index, follow, max-snippet:-1, max-image-preview:large, max-video-preview:-1\" \/>\n<link rel=\"canonical\" href=\"https:\/\/www.stoelzle.com\/stc\/kariera\/\" \/>\n<meta property=\"og:locale\" content=\"en_US\" \/>\n<meta property=\"og:type\" content=\"article\" \/>\n<meta property=\"og:title\" content=\"Kariera - Stoelzle Cz\u0119stochowa\" \/>\n<meta property=\"og:description\" content=\"[vc_row][vc_column][\/vc_column][\/vc_row][vc_row][vc_column][vc_column_text] [\/vc_column_text][\/vc_column][\/vc_row][vc_row full_width=&#8221;stretch_row&#8221; el_class=&#8221;jasnoszary&#8221;][vc_column][vc_row_inner content_placement=&#8221;\u015brodek&#8221; el_class=&#8221;tekst-tekst&#8221;][vc_column_inner width=&#8221;1\/2&#8243;][vc_video link=&#8221;https:\/\/youtu.be\/56ZINc-Ac44&#8243;][\/vc_column_inner][vc_column_inner width=&#8221;1\/2&#8243;][vc_column_text] Wideo Dlaczego Stoelzle Stoelzle swoje produkty eksportuje do ponad 90 kraj\u00f3w. Oferuje wysokiej jako\u015bci, zorientowane na wzornictwo rozwi\u0105zania dla ekskluzywnych projekt\u00f3w, dzi\u0119ki czemu zdoby\u0142a zaufanie marek rozpoznawalnych na ca\u0142ym \u015bwiecie. Firma b\u0119dzie jednym z lider\u00f3w zatrudnienia w Cz\u0119stochowie stale stawia na rozw\u00f3j i motywacj\u0119 swojej kadry, [&hellip;]\" \/>\n<meta property=\"og:url\" content=\"https:\/\/www.stoelzle.com\/stc\/kariera\/\" \/>\n<meta property=\"og:site_name\" content=\"Stoelzle Cz\u0119stochowa\" \/>\n<meta property=\"article:modified_time\" content=\"2026-03-05T10:15:35+00:00\" \/>\n<meta name=\"twitter:card\" content=\"summary_large_image\" \/>\n<meta name=\"twitter:label1\" content=\"Est. reading time\" \/>\n\t<meta name=\"twitter:data1\" content=\"2 minutes\" \/>\n<script type=\"application\/ld+json\" class=\"yoast-schema-graph\">{\"@context\":\"https:\/\/schema.org\",\"@graph\":[{\"@type\":\"WebPage\",\"@id\":\"https:\/\/www.stoelzle.com\/stc\/kariera\/\",\"url\":\"https:\/\/www.stoelzle.com\/stc\/kariera\/\",\"name\":\"Kariera - Stoelzle Cz\u0119stochowa\",\"isPartOf\":{\"@id\":\"https:\/\/www.stoelzle.com\/stc\/#website\"},\"datePublished\":\"2021-02-18T14:54:58+00:00\",\"dateModified\":\"2026-03-05T10:15:35+00:00\",\"breadcrumb\":{\"@id\":\"https:\/\/www.stoelzle.com\/stc\/kariera\/#breadcrumb\"},\"inLanguage\":\"en-US\",\"potentialAction\":[{\"@type\":\"ReadAction\",\"target\":[\"https:\/\/www.stoelzle.com\/stc\/kariera\/\"]}]},{\"@type\":\"BreadcrumbList\",\"@id\":\"https:\/\/www.stoelzle.com\/stc\/kariera\/#breadcrumb\",\"itemListElement\":[{\"@type\":\"ListItem\",\"position\":1,\"name\":\"Home\",\"item\":\"https:\/\/www.stoelzle.com\"},{\"@type\":\"ListItem\",\"position\":2,\"name\":\"Stoelzle Cz\u0119stochowa\",\"item\":\"https:\/\/www.stoelzle.com\/stc\/\"},{\"@type\":\"ListItem\",\"position\":3,\"name\":\"Kariera\"}]},{\"@type\":\"WebSite\",\"@id\":\"https:\/\/www.stoelzle.com\/stc\/#website\",\"url\":\"https:\/\/www.stoelzle.com\/stc\/\",\"name\":\"Stoelzle Cz\u0119stochowa\",\"description\":\"\",\"publisher\":{\"@id\":\"https:\/\/www.stoelzle.com\/stc\/#organization\"},\"potentialAction\":[{\"@type\":\"SearchAction\",\"target\":{\"@type\":\"EntryPoint\",\"urlTemplate\":\"https:\/\/www.stoelzle.com\/stc\/?s={search_term_string}\"},\"query-input\":{\"@type\":\"PropertyValueSpecification\",\"valueRequired\":true,\"valueName\":\"search_term_string\"}}],\"inLanguage\":\"en-US\"},{\"@type\":\"Organization\",\"@id\":\"https:\/\/www.stoelzle.com\/stc\/#organization\",\"name\":\"Stoelzle Cz\u0119stochowa Sp. z o.o.\",\"url\":\"https:\/\/www.stoelzle.com\/stc\/\",\"logo\":{\"@type\":\"ImageObject\",\"inLanguage\":\"en-US\",\"@id\":\"https:\/\/www.stoelzle.com\/stc\/#\/schema\/logo\/image\/\",\"url\":\"https:\/\/www.stoelzle.com\/stc\/wp-content\/uploads\/sites\/8\/2021\/03\/logo_stc.svg\",\"contentUrl\":\"https:\/\/www.stoelzle.com\/stc\/wp-content\/uploads\/sites\/8\/2021\/03\/logo_stc.svg\",\"width\":196,\"height\":40,\"caption\":\"Stoelzle Cz\u0119stochowa Sp. z o.o.\"},\"image\":{\"@id\":\"https:\/\/www.stoelzle.com\/stc\/#\/schema\/logo\/image\/\"}}]}<\/script>\n<!-- \/ Yoast SEO plugin. -->","yoast_head_json":{"title":"Kariera - Stoelzle Cz\u0119stochowa","robots":{"index":"index","follow":"follow","max-snippet":"max-snippet:-1","max-image-preview":"max-image-preview:large","max-video-preview":"max-video-preview:-1"},"canonical":"https:\/\/www.stoelzle.com\/stc\/kariera\/","og_locale":"en_US","og_type":"article","og_title":"Kariera - Stoelzle Cz\u0119stochowa","og_description":"[vc_row][vc_column][\/vc_column][\/vc_row][vc_row][vc_column][vc_column_text] [\/vc_column_text][\/vc_column][\/vc_row][vc_row full_width=&#8221;stretch_row&#8221; el_class=&#8221;jasnoszary&#8221;][vc_column][vc_row_inner content_placement=&#8221;\u015brodek&#8221; el_class=&#8221;tekst-tekst&#8221;][vc_column_inner width=&#8221;1\/2&#8243;][vc_video link=&#8221;https:\/\/youtu.be\/56ZINc-Ac44&#8243;][\/vc_column_inner][vc_column_inner width=&#8221;1\/2&#8243;][vc_column_text] Wideo Dlaczego Stoelzle Stoelzle swoje produkty eksportuje do ponad 90 kraj\u00f3w. Oferuje wysokiej jako\u015bci, zorientowane na wzornictwo rozwi\u0105zania dla ekskluzywnych projekt\u00f3w, dzi\u0119ki czemu zdoby\u0142a zaufanie marek rozpoznawalnych na ca\u0142ym \u015bwiecie. Firma b\u0119dzie jednym z lider\u00f3w zatrudnienia w Cz\u0119stochowie stale stawia na rozw\u00f3j i motywacj\u0119 swojej kadry, [&hellip;]","og_url":"https:\/\/www.stoelzle.com\/stc\/kariera\/","og_site_name":"Stoelzle Cz\u0119stochowa","article_modified_time":"2026-03-05T10:15:35+00:00","twitter_card":"summary_large_image","twitter_misc":{"Est. reading time":"2 minutes"},"schema":{"@context":"https:\/\/schema.org","@graph":[{"@type":"WebPage","@id":"https:\/\/www.stoelzle.com\/stc\/kariera\/","url":"https:\/\/www.stoelzle.com\/stc\/kariera\/","name":"Kariera - Stoelzle Cz\u0119stochowa","isPartOf":{"@id":"https:\/\/www.stoelzle.com\/stc\/#website"},"datePublished":"2021-02-18T14:54:58+00:00","dateModified":"2026-03-05T10:15:35+00:00","breadcrumb":{"@id":"https:\/\/www.stoelzle.com\/stc\/kariera\/#breadcrumb"},"inLanguage":"en-US","potentialAction":[{"@type":"ReadAction","target":["https:\/\/www.stoelzle.com\/stc\/kariera\/"]}]},{"@type":"BreadcrumbList","@id":"https:\/\/www.stoelzle.com\/stc\/kariera\/#breadcrumb","itemListElement":[{"@type":"ListItem","position":1,"name":"Home","item":"https:\/\/www.stoelzle.com"},{"@type":"ListItem","position":2,"name":"Stoelzle Cz\u0119stochowa","item":"https:\/\/www.stoelzle.com\/stc\/"},{"@type":"ListItem","position":3,"name":"Kariera"}]},{"@type":"WebSite","@id":"https:\/\/www.stoelzle.com\/stc\/#website","url":"https:\/\/www.stoelzle.com\/stc\/","name":"Stoelzle Cz\u0119stochowa","description":"","publisher":{"@id":"https:\/\/www.stoelzle.com\/stc\/#organization"},"potentialAction":[{"@type":"SearchAction","target":{"@type":"EntryPoint","urlTemplate":"https:\/\/www.stoelzle.com\/stc\/?s={search_term_string}"},"query-input":{"@type":"PropertyValueSpecification","valueRequired":true,"valueName":"search_term_string"}}],"inLanguage":"en-US"},{"@type":"Organization","@id":"https:\/\/www.stoelzle.com\/stc\/#organization","name":"Stoelzle Cz\u0119stochowa Sp. z o.o.","url":"https:\/\/www.stoelzle.com\/stc\/","logo":{"@type":"ImageObject","inLanguage":"en-US","@id":"https:\/\/www.stoelzle.com\/stc\/#\/schema\/logo\/image\/","url":"https:\/\/www.stoelzle.com\/stc\/wp-content\/uploads\/sites\/8\/2021\/03\/logo_stc.svg","contentUrl":"https:\/\/www.stoelzle.com\/stc\/wp-content\/uploads\/sites\/8\/2021\/03\/logo_stc.svg","width":196,"height":40,"caption":"Stoelzle Cz\u0119stochowa Sp. z o.o."},"image":{"@id":"https:\/\/www.stoelzle.com\/stc\/#\/schema\/logo\/image\/"}}]}},"_links":{"self":[{"href":"https:\/\/www.stoelzle.com\/stc\/wp-json\/wp\/v2\/pages\/23","targetHints":{"allow":["GET"]}}],"collection":[{"href":"https:\/\/www.stoelzle.com\/stc\/wp-json\/wp\/v2\/pages"}],"about":[{"href":"https:\/\/www.stoelzle.com\/stc\/wp-json\/wp\/v2\/types\/page"}],"author":[{"embeddable":true,"href":"https:\/\/www.stoelzle.com\/stc\/wp-json\/wp\/v2\/users\/1"}],"replies":[{"embeddable":true,"href":"https:\/\/www.stoelzle.com\/stc\/wp-json\/wp\/v2\/comments?post=23"}],"version-history":[{"count":0,"href":"https:\/\/www.stoelzle.com\/stc\/wp-json\/wp\/v2\/pages\/23\/revisions"}],"wp:attachment":[{"href":"https:\/\/www.stoelzle.com\/stc\/wp-json\/wp\/v2\/media?parent=23"}],"curies":[{"name":"wp","href":"https:\/\/api.w.org\/{rel}","templated":true}]}}