{"id":416,"date":"2021-01-27T11:29:55","date_gmt":"2021-01-27T11:29:55","guid":{"rendered":"http:\/\/stoelzle.com\/pharma\/ueber-uns\/sicherheit\/"},"modified":"2021-03-10T14:14:33","modified_gmt":"2021-03-10T14:14:33","slug":"safety","status":"publish","type":"page","link":"https:\/\/www.stoelzle.com\/pharma\/about-us\/safety\/","title":{"rendered":"Safety"},"content":{"rendered":"<div class=\"wpb-content-wrapper\"><p>[vc_row][vc_column width=&#8221;1\/6&#8243;][\/vc_column][vc_column width=&#8221;2\/3&#8243;]<div class=\"vc-title   text-center\">\n              <div class=\"topline\">Naturally a basic requirement<\/div>\n              <h1 class=\"title position-relative separator\">Safety<\/h1>\n              <div class=\"row\"><div class=\"col-md-10 offset-md-1\"><\/p>\n<p class=\"large-text\">Stoelzle glass packaging is an important component of the finished medicinal product. We place great emphasis on safety in all work processes and work steps.<\/p>\n<p><\/div><\/div>\n            <\/div>[\/vc_column][vc_column width=&#8221;1\/6&#8243;][\/vc_column][\/vc_row][vc_row full_width=&#8221;stretch_row_content_no_spaces&#8221;][vc_column]<div class=\"vc-two-columns  \">\n                <div class=\"row\">\n                    <div class=\"col-sm-6 bg-gray image-left\"><img loading=\"lazy\" decoding=\"async\" width=\"1024\" height=\"666\" src=\"https:\/\/www.stoelzle.com\/pharma\/wp-content\/uploads\/sites\/2\/2021\/01\/safety-safety-conscious-behaviour-1024x666.jpg\" class=\"w-100 h-100 cover\" alt=\"Mitarbeiterin arbeitet an der Verpackungsmaschine\" srcset=\"https:\/\/www.stoelzle.com\/pharma\/wp-content\/uploads\/sites\/2\/2021\/01\/safety-safety-conscious-behaviour-1024x666.jpg 1024w, https:\/\/www.stoelzle.com\/pharma\/wp-content\/uploads\/sites\/2\/2021\/01\/safety-safety-conscious-behaviour-480x312.jpg 480w, https:\/\/www.stoelzle.com\/pharma\/wp-content\/uploads\/sites\/2\/2021\/01\/safety-safety-conscious-behaviour-1536x998.jpg 1536w, https:\/\/www.stoelzle.com\/pharma\/wp-content\/uploads\/sites\/2\/2021\/01\/safety-safety-conscious-behaviour-992x645.jpg 992w, https:\/\/www.stoelzle.com\/pharma\/wp-content\/uploads\/sites\/2\/2021\/01\/safety-safety-conscious-behaviour-600x390.jpg 600w, https:\/\/www.stoelzle.com\/pharma\/wp-content\/uploads\/sites\/2\/2021\/01\/safety-safety-conscious-behaviour.jpg 2000w\" sizes=\"auto, (max-width: 1024px) 100vw, 1024px\" \/><\/div>\n                    <div class=\"col-sm-6 bg-gray image-left\"><div class=\"column-content h-100 d-flex flex-column justify-content-center\"><\/p>\n<p class=\"h2\">Safety-conscious behaviour<\/p>\n<p>Changes in technology, automation and the implementation of Industry 4.0 all require highly trained and qualified employees.\u00a0Stoelzle\u00a0invests in and promotes constant training and further education to guarantee the highest product and service quality.<\/div><\/div>\n                <\/div>\n            <\/div><div class=\"vc-two-columns  \">\n                <div class=\"row\">\n                    <div class=\"col-sm-6 bg-blue image-right\"><div class=\"column-content h-100 d-flex flex-column justify-content-center\"><\/p>\n<p class=\"h2\">Occupational safety\u00a0and health protection<\/p>\n<p>Safety is a fundamental principle, and we are well aware of our responsibility. Our goal is to become an accident-free industrial company. Over the course of the coming months, the installation of the Health &amp; Safety management system ISO 45001 will be concluded.<\/div><\/div>\n                    <div class=\"col-sm-6 bg-blue image-right\"><img loading=\"lazy\" decoding=\"async\" width=\"1024\" height=\"666\" src=\"https:\/\/www.stoelzle.com\/pharma\/wp-content\/uploads\/sites\/2\/2021\/01\/safety-health-protection-1024x666.jpg\" class=\"w-100 h-100 cover\" alt=\"Mitarbeiter in der Umkleide\" srcset=\"https:\/\/www.stoelzle.com\/pharma\/wp-content\/uploads\/sites\/2\/2021\/01\/safety-health-protection-1024x666.jpg 1024w, https:\/\/www.stoelzle.com\/pharma\/wp-content\/uploads\/sites\/2\/2021\/01\/safety-health-protection-480x312.jpg 480w, https:\/\/www.stoelzle.com\/pharma\/wp-content\/uploads\/sites\/2\/2021\/01\/safety-health-protection-1536x998.jpg 1536w, https:\/\/www.stoelzle.com\/pharma\/wp-content\/uploads\/sites\/2\/2021\/01\/safety-health-protection-992x645.jpg 992w, https:\/\/www.stoelzle.com\/pharma\/wp-content\/uploads\/sites\/2\/2021\/01\/safety-health-protection-600x390.jpg 600w, https:\/\/www.stoelzle.com\/pharma\/wp-content\/uploads\/sites\/2\/2021\/01\/safety-health-protection.jpg 2000w\" sizes=\"auto, (max-width: 1024px) 100vw, 1024px\" \/><\/div>\n                <\/div>\n            <\/div>[\/vc_column][\/vc_row][vc_row][vc_column]<div class=\"vc-spacer spacing-bottom-m\"><\/div>[vc_row_inner content_placement=&#8221;middle&#8221; el_class=&#8221;text-text&#8221;][vc_column_inner width=&#8221;1\/2&#8243;]\n      <div class=\"vc-image\">\n         \n          <img loading=\"lazy\" decoding=\"async\" width=\"2000\" height=\"1081\" src=\"https:\/\/www.stoelzle.com\/pharma\/wp-content\/uploads\/sites\/2\/2021\/01\/safety-sip-intelligent-production.jpg\" class=\"img-fluid w-100 h-100 d-none d-md-block\" alt=\"Screen with SIP program\" srcset=\"https:\/\/www.stoelzle.com\/pharma\/wp-content\/uploads\/sites\/2\/2021\/01\/safety-sip-intelligent-production.jpg 2000w, https:\/\/www.stoelzle.com\/pharma\/wp-content\/uploads\/sites\/2\/2021\/01\/safety-sip-intelligent-production-480x259.jpg 480w, https:\/\/www.stoelzle.com\/pharma\/wp-content\/uploads\/sites\/2\/2021\/01\/safety-sip-intelligent-production-1024x553.jpg 1024w, https:\/\/www.stoelzle.com\/pharma\/wp-content\/uploads\/sites\/2\/2021\/01\/safety-sip-intelligent-production-1536x830.jpg 1536w, https:\/\/www.stoelzle.com\/pharma\/wp-content\/uploads\/sites\/2\/2021\/01\/safety-sip-intelligent-production-992x536.jpg 992w, https:\/\/www.stoelzle.com\/pharma\/wp-content\/uploads\/sites\/2\/2021\/01\/safety-sip-intelligent-production-600x324.jpg 600w\" sizes=\"auto, (max-width: 2000px) 100vw, 2000px\" \/> \n          <img loading=\"lazy\" decoding=\"async\" width=\"992\" height=\"536\" src=\"https:\/\/www.stoelzle.com\/pharma\/wp-content\/uploads\/sites\/2\/2021\/01\/safety-sip-intelligent-production-992x536.jpg\" class=\"img-fluid w-100 h-100 d-mdx-none\" alt=\"Screen with SIP program\" srcset=\"https:\/\/www.stoelzle.com\/pharma\/wp-content\/uploads\/sites\/2\/2021\/01\/safety-sip-intelligent-production-992x536.jpg 992w, https:\/\/www.stoelzle.com\/pharma\/wp-content\/uploads\/sites\/2\/2021\/01\/safety-sip-intelligent-production-480x259.jpg 480w, https:\/\/www.stoelzle.com\/pharma\/wp-content\/uploads\/sites\/2\/2021\/01\/safety-sip-intelligent-production-1024x553.jpg 1024w, https:\/\/www.stoelzle.com\/pharma\/wp-content\/uploads\/sites\/2\/2021\/01\/safety-sip-intelligent-production-1536x830.jpg 1536w, https:\/\/www.stoelzle.com\/pharma\/wp-content\/uploads\/sites\/2\/2021\/01\/safety-sip-intelligent-production-600x324.jpg 600w, https:\/\/www.stoelzle.com\/pharma\/wp-content\/uploads\/sites\/2\/2021\/01\/safety-sip-intelligent-production.jpg 2000w\" sizes=\"auto, (max-width: 992px) 100vw, 992px\" \/>\n          \n         \n      <\/div>[\/vc_column_inner][vc_column_inner width=&#8221;1\/2&#8243;][vc_column_text]<\/p>\n<p class=\"h2\">Safe products, intelligently produced<\/p>\n<p>For us, digitalisation is an ongoing process in which the evaluation of production processes as well as the testing and implementation of new, forward-looking systems are at the forefront.<\/p>\n<ul>\n<li><strong>Web development<\/strong>: The internally developed SIP software is designed to continuously improve the manufacturing process by collecting and analysing data.<\/li>\n<li><strong>Networking of the machinery<\/strong>: All production and inspection machines are linked in one network and feed all incoming data into a central database.<\/li>\n<li><strong>Central knowledge database<\/strong>: At all\u00a0Stoelzle\u00a0locations\u00a0we collect data\u00a0for the analysis of the manufacturing process.<\/li>\n<li><strong>Increasing the reaction speed<\/strong>: Thanks to a maximum process understanding, flexibility and reaction speed are optimally increased.<\/li>\n<\/ul>\n<p>[\/vc_column_text][\/vc_column_inner][\/vc_row_inner]<div class=\"vc-spacer spacing-bottom-m\"><\/div>[\/vc_column][\/vc_row][vc_row disable_element=&#8221;yes&#8221;][vc_column]<div class=\"vc-two-columns  \">\n                <div class=\"row\">\n                    <div class=\"col-sm-6 bg-white image-left\"><img loading=\"lazy\" decoding=\"async\" width=\"1024\" height=\"666\" src=\"https:\/\/www.stoelzle.com\/pharma\/wp-content\/uploads\/sites\/2\/2021\/01\/safety-sip-intelligent-production-1024x666.jpg\" class=\"w-100 h-100 cover\" alt=\"Bildschirm mit SIP Programm\" srcset=\"https:\/\/www.stoelzle.com\/pharma\/wp-content\/uploads\/sites\/2\/2021\/01\/safety-sip-intelligent-production-1024x666.jpg 1024w, https:\/\/www.stoelzle.com\/pharma\/wp-content\/uploads\/sites\/2\/2021\/01\/safety-sip-intelligent-production-480x312.jpg 480w, https:\/\/www.stoelzle.com\/pharma\/wp-content\/uploads\/sites\/2\/2021\/01\/safety-sip-intelligent-production-1536x998.jpg 1536w, https:\/\/www.stoelzle.com\/pharma\/wp-content\/uploads\/sites\/2\/2021\/01\/safety-sip-intelligent-production-992x645.jpg 992w, https:\/\/www.stoelzle.com\/pharma\/wp-content\/uploads\/sites\/2\/2021\/01\/safety-sip-intelligent-production-600x390.jpg 600w, https:\/\/www.stoelzle.com\/pharma\/wp-content\/uploads\/sites\/2\/2021\/01\/safety-sip-intelligent-production.jpg 2000w\" sizes=\"auto, (max-width: 1024px) 100vw, 1024px\" \/><\/div>\n                    <div class=\"col-sm-6 bg-white image-left\"><div class=\"column-content h-100 d-flex flex-column justify-content-center\"><\/p>\n<h4>Sichere Produkte intelligent produziert<\/h4>\n<p>Digitalisierung ist f\u00fcr uns ein laufender Prozess, in dem die Evaluierung von Produktionsprozessen sowie das Testen und Umsetzen neuer, zukunftsweisender Systeme im Vordergrund stehen.<\/p>\n<ul>\n<li><strong>Web-Entwicklung:<\/strong> Die intern entwickelte SIP Software soll den Fertigungsprozess durch das Sammeln und Auswerten von Daten kontinuierlich verbessern.<\/li>\n<li><strong>Vernetzung des Maschinenparks:<\/strong> Alle Fertigungs und Inspektionsmaschinen sind in einem Netzwerk verbunden und speisen s\u00e4mtliche anfallenden Daten in eine zentrale Datenbank ein.<\/li>\n<li><strong>Zentrale Wissensdatenbank:<\/strong> An allen Stoelzle Standorten werden Daten gesammelt, um den Herstellungsprozess zu analysieren.<\/li>\n<li><strong>Erh\u00f6hung der Reaktionsgeschwindigkeit:<\/strong> Durch ein maximales Prozessverst\u00e4ndnis werden Flexibilit\u00e4t und Reaktionsgeschwindigkeit bestm\u00f6glich erh\u00f6ht.<\/li>\n<\/ul>\n<p><\/div><\/div>\n                <\/div>\n            <\/div>[\/vc_column][\/vc_row]<\/p>\n<\/div>","protected":false},"excerpt":{"rendered":"<p>[vc_row][vc_column width=&#8221;1\/6&#8243;][\/vc_column][vc_column width=&#8221;2\/3&#8243;][\/vc_column][vc_column width=&#8221;1\/6&#8243;][\/vc_column][\/vc_row][vc_row full_width=&#8221;stretch_row_content_no_spaces&#8221;][vc_column][\/vc_column][\/vc_row][vc_row][vc_column][vc_row_inner content_placement=&#8221;middle&#8221; el_class=&#8221;text-text&#8221;][vc_column_inner width=&#8221;1\/2&#8243;][\/vc_column_inner][vc_column_inner width=&#8221;1\/2&#8243;][vc_column_text] Safe products, intelligently produced For us, digitalisation is an ongoing process in which the evaluation of production processes as well as the testing and implementation of new, forward-looking systems are at the forefront. Web development: The internally developed SIP software is designed to continuously improve the [&hellip;]<\/p>\n","protected":false},"author":1,"featured_media":0,"parent":406,"menu_order":0,"comment_status":"closed","ping_status":"closed","template":"","meta":{"_acf_changed":false,"footnotes":""},"class_list":["post-416","page","type-page","status-publish","hentry"],"acf":[],"yoast_head":"<!-- This site is optimized with the Yoast SEO plugin v26.6 - https:\/\/yoast.com\/wordpress\/plugins\/seo\/ -->\n<title>Safety \u00bb Our priority | Stoelzle Pharma - Health &amp; Safety<\/title>\n<meta name=\"description\" content=\"Safety measures \u279c safe work processes \u2713 health protection \u2713 group-wide training \u2713 digitalisation \u2713Find out more!\" \/>\n<meta name=\"robots\" content=\"index, follow, max-snippet:-1, max-image-preview:large, max-video-preview:-1\" \/>\n<link rel=\"canonical\" href=\"https:\/\/www.stoelzle.com\/pharma\/about-us\/safety\/\" \/>\n<meta property=\"og:locale\" content=\"en_US\" \/>\n<meta property=\"og:type\" content=\"article\" \/>\n<meta property=\"og:title\" content=\"Safety \u00bb Our priority | Stoelzle Pharma - Health &amp; Safety\" \/>\n<meta property=\"og:description\" content=\"Safety measures \u279c safe work processes \u2713 health protection \u2713 group-wide training \u2713 digitalisation \u2713Find out more!\" \/>\n<meta property=\"og:url\" content=\"https:\/\/www.stoelzle.com\/pharma\/about-us\/safety\/\" \/>\n<meta property=\"og:site_name\" content=\"Stoelzle Pharma \u2013 Health &amp; Safety\" \/>\n<meta property=\"article:modified_time\" content=\"2021-03-10T14:14:33+00:00\" \/>\n<meta name=\"twitter:card\" content=\"summary_large_image\" \/>\n<meta name=\"twitter:label1\" content=\"Est. reading time\" \/>\n\t<meta name=\"twitter:data1\" content=\"2 minutes\" \/>\n<script type=\"application\/ld+json\" class=\"yoast-schema-graph\">{\"@context\":\"https:\/\/schema.org\",\"@graph\":[{\"@type\":\"WebPage\",\"@id\":\"https:\/\/www.stoelzle.com\/pharma\/about-us\/safety\/\",\"url\":\"https:\/\/www.stoelzle.com\/pharma\/about-us\/safety\/\",\"name\":\"Safety \u00bb Our priority | Stoelzle Pharma - Health & Safety\",\"isPartOf\":{\"@id\":\"https:\/\/www.stoelzle.com\/pharma\/#website\"},\"datePublished\":\"2021-01-27T11:29:55+00:00\",\"dateModified\":\"2021-03-10T14:14:33+00:00\",\"description\":\"Safety measures \u279c safe work processes \u2713 health protection \u2713 group-wide training \u2713 digitalisation \u2713Find out more!\",\"breadcrumb\":{\"@id\":\"https:\/\/www.stoelzle.com\/pharma\/about-us\/safety\/#breadcrumb\"},\"inLanguage\":\"en-US\",\"potentialAction\":[{\"@type\":\"ReadAction\",\"target\":[\"https:\/\/www.stoelzle.com\/pharma\/about-us\/safety\/\"]}]},{\"@type\":\"BreadcrumbList\",\"@id\":\"https:\/\/www.stoelzle.com\/pharma\/about-us\/safety\/#breadcrumb\",\"itemListElement\":[{\"@type\":\"ListItem\",\"position\":1,\"name\":\"Home\",\"item\":\"https:\/\/www.stoelzle.com\"},{\"@type\":\"ListItem\",\"position\":2,\"name\":\"Pharma\",\"item\":\"https:\/\/www.stoelzle.com\/pharma\/\"},{\"@type\":\"ListItem\",\"position\":3,\"name\":\"About us\",\"item\":\"https:\/\/www.stoelzle.com\/pharma\/about-us\/\"},{\"@type\":\"ListItem\",\"position\":4,\"name\":\"Safety\"}]},{\"@type\":\"WebSite\",\"@id\":\"https:\/\/www.stoelzle.com\/pharma\/#website\",\"url\":\"https:\/\/www.stoelzle.com\/pharma\/\",\"name\":\"Stoelzle Pharma \u2013 Health &amp; Safety\",\"description\":\"\",\"publisher\":{\"@id\":\"https:\/\/www.stoelzle.com\/pharma\/#organization\"},\"potentialAction\":[{\"@type\":\"SearchAction\",\"target\":{\"@type\":\"EntryPoint\",\"urlTemplate\":\"https:\/\/www.stoelzle.com\/pharma\/?s={search_term_string}\"},\"query-input\":{\"@type\":\"PropertyValueSpecification\",\"valueRequired\":true,\"valueName\":\"search_term_string\"}}],\"inLanguage\":\"en-US\"},{\"@type\":\"Organization\",\"@id\":\"https:\/\/www.stoelzle.com\/pharma\/#organization\",\"name\":\"Stoelzle Pharma - Health & Safety\",\"url\":\"https:\/\/www.stoelzle.com\/pharma\/\",\"logo\":{\"@type\":\"ImageObject\",\"inLanguage\":\"en-US\",\"@id\":\"https:\/\/www.stoelzle.com\/pharma\/#\/schema\/logo\/image\/\",\"url\":\"https:\/\/www.stoelzle.com\/pharma\/wp-content\/uploads\/sites\/2\/2021\/03\/logo_pharma.svg\",\"contentUrl\":\"https:\/\/www.stoelzle.com\/pharma\/wp-content\/uploads\/sites\/2\/2021\/03\/logo_pharma.svg\",\"width\":212,\"height\":40,\"caption\":\"Stoelzle Pharma - Health & Safety\"},\"image\":{\"@id\":\"https:\/\/www.stoelzle.com\/pharma\/#\/schema\/logo\/image\/\"}}]}<\/script>\n<!-- \/ Yoast SEO plugin. -->","yoast_head_json":{"title":"Safety \u00bb Our priority | Stoelzle Pharma - Health & Safety","description":"Safety measures \u279c safe work processes \u2713 health protection \u2713 group-wide training \u2713 digitalisation \u2713Find out more!","robots":{"index":"index","follow":"follow","max-snippet":"max-snippet:-1","max-image-preview":"max-image-preview:large","max-video-preview":"max-video-preview:-1"},"canonical":"https:\/\/www.stoelzle.com\/pharma\/about-us\/safety\/","og_locale":"en_US","og_type":"article","og_title":"Safety \u00bb Our priority | Stoelzle Pharma - Health & Safety","og_description":"Safety measures \u279c safe work processes \u2713 health protection \u2713 group-wide training \u2713 digitalisation \u2713Find out more!","og_url":"https:\/\/www.stoelzle.com\/pharma\/about-us\/safety\/","og_site_name":"Stoelzle Pharma \u2013 Health &amp; Safety","article_modified_time":"2021-03-10T14:14:33+00:00","twitter_card":"summary_large_image","twitter_misc":{"Est. reading time":"2 minutes"},"schema":{"@context":"https:\/\/schema.org","@graph":[{"@type":"WebPage","@id":"https:\/\/www.stoelzle.com\/pharma\/about-us\/safety\/","url":"https:\/\/www.stoelzle.com\/pharma\/about-us\/safety\/","name":"Safety \u00bb Our priority | Stoelzle Pharma - Health & Safety","isPartOf":{"@id":"https:\/\/www.stoelzle.com\/pharma\/#website"},"datePublished":"2021-01-27T11:29:55+00:00","dateModified":"2021-03-10T14:14:33+00:00","description":"Safety measures \u279c safe work processes \u2713 health protection \u2713 group-wide training \u2713 digitalisation \u2713Find out more!","breadcrumb":{"@id":"https:\/\/www.stoelzle.com\/pharma\/about-us\/safety\/#breadcrumb"},"inLanguage":"en-US","potentialAction":[{"@type":"ReadAction","target":["https:\/\/www.stoelzle.com\/pharma\/about-us\/safety\/"]}]},{"@type":"BreadcrumbList","@id":"https:\/\/www.stoelzle.com\/pharma\/about-us\/safety\/#breadcrumb","itemListElement":[{"@type":"ListItem","position":1,"name":"Home","item":"https:\/\/www.stoelzle.com"},{"@type":"ListItem","position":2,"name":"Pharma","item":"https:\/\/www.stoelzle.com\/pharma\/"},{"@type":"ListItem","position":3,"name":"About us","item":"https:\/\/www.stoelzle.com\/pharma\/about-us\/"},{"@type":"ListItem","position":4,"name":"Safety"}]},{"@type":"WebSite","@id":"https:\/\/www.stoelzle.com\/pharma\/#website","url":"https:\/\/www.stoelzle.com\/pharma\/","name":"Stoelzle Pharma \u2013 Health &amp; Safety","description":"","publisher":{"@id":"https:\/\/www.stoelzle.com\/pharma\/#organization"},"potentialAction":[{"@type":"SearchAction","target":{"@type":"EntryPoint","urlTemplate":"https:\/\/www.stoelzle.com\/pharma\/?s={search_term_string}"},"query-input":{"@type":"PropertyValueSpecification","valueRequired":true,"valueName":"search_term_string"}}],"inLanguage":"en-US"},{"@type":"Organization","@id":"https:\/\/www.stoelzle.com\/pharma\/#organization","name":"Stoelzle Pharma - Health & Safety","url":"https:\/\/www.stoelzle.com\/pharma\/","logo":{"@type":"ImageObject","inLanguage":"en-US","@id":"https:\/\/www.stoelzle.com\/pharma\/#\/schema\/logo\/image\/","url":"https:\/\/www.stoelzle.com\/pharma\/wp-content\/uploads\/sites\/2\/2021\/03\/logo_pharma.svg","contentUrl":"https:\/\/www.stoelzle.com\/pharma\/wp-content\/uploads\/sites\/2\/2021\/03\/logo_pharma.svg","width":212,"height":40,"caption":"Stoelzle Pharma - Health & Safety"},"image":{"@id":"https:\/\/www.stoelzle.com\/pharma\/#\/schema\/logo\/image\/"}}]}},"_links":{"self":[{"href":"https:\/\/www.stoelzle.com\/pharma\/wp-json\/wp\/v2\/pages\/416","targetHints":{"allow":["GET"]}}],"collection":[{"href":"https:\/\/www.stoelzle.com\/pharma\/wp-json\/wp\/v2\/pages"}],"about":[{"href":"https:\/\/www.stoelzle.com\/pharma\/wp-json\/wp\/v2\/types\/page"}],"author":[{"embeddable":true,"href":"https:\/\/www.stoelzle.com\/pharma\/wp-json\/wp\/v2\/users\/1"}],"replies":[{"embeddable":true,"href":"https:\/\/www.stoelzle.com\/pharma\/wp-json\/wp\/v2\/comments?post=416"}],"version-history":[{"count":0,"href":"https:\/\/www.stoelzle.com\/pharma\/wp-json\/wp\/v2\/pages\/416\/revisions"}],"up":[{"embeddable":true,"href":"https:\/\/www.stoelzle.com\/pharma\/wp-json\/wp\/v2\/pages\/406"}],"wp:attachment":[{"href":"https:\/\/www.stoelzle.com\/pharma\/wp-json\/wp\/v2\/media?parent=416"}],"curies":[{"name":"wp","href":"https:\/\/api.w.org\/{rel}","templated":true}]}}