{"id":414,"date":"2021-01-27T11:29:30","date_gmt":"2021-01-27T11:29:30","guid":{"rendered":"http:\/\/stoelzle.com\/pharma\/ueber-uns\/qualitaet\/"},"modified":"2021-11-30T15:09:54","modified_gmt":"2021-11-30T15:09:54","slug":"quality","status":"publish","type":"page","link":"https:\/\/www.stoelzle.com\/pharma\/about-us\/quality\/","title":{"rendered":"Quality"},"content":{"rendered":"<div class=\"wpb-content-wrapper\"><p>[vc_row][vc_column]<div class=\"vc-title   text-center\">\n              <div class=\"topline\">Only the best for our customers<\/div>\n              <h1 class=\"title position-relative separator\">Quality<\/h1>\n              <div class=\"row\"><div class=\"col-md-10 offset-md-1\"><\/p>\n<p class=\"large-text\">Both the production and quality controls of our European production facilities are subject to strict guidelines. Thanks to group-wide standardized quality processes, our plants can support each other and thus react flexibly to customer requirements.<\/p>\n<p><\/div><\/div>\n            <\/div>[\/vc_column][\/vc_row][vc_row full_width=&#8221;stretch_row_content_no_spaces&#8221;][vc_column]<div id=\"id-0\" class=\"row no-gutters  spacing-bottom-s\">\n        <div class=\"col-sm-6 col-md-4 col-lg-3 \">\n          <div class=\"card card-text theme-blue\">\n            \n            <div class=\"card-overlay d-flex flex-column\">\n            <div class=\"sub-headline w-100\">Standards<\/div>\n            <div class=\"headline h3 w-100\">Stoelzle quality management<\/div>\n            <div class=\"desc w-100\"><p>Standardized, group-wide quality processes in our production plants lead to a consistently high level of production quality.<\/p><\/div>\n            \n              <div class=\"mt-auto\">\n                \n              <\/div>\n            <\/div>\n          <\/div>\n        <\/div>\n        <div class=\"col-sm-6 col-md-4 col-lg-3 d-block d-md-none d-lg-block\">\n          <div class=\"card theme-dark\">\n            \n          <div class=\"card-image position-absolute w-100 h-100\">\n            <img decoding=\"async\" class=\"w-100 h-100\"  src=\"https:\/\/www.stoelzle.com\/pharma\/wp-content\/uploads\/sites\/2\/2021\/01\/quality-stars.jpg\" alt=\"Piktogramm von 3 Sternen\" \/>\n          <\/div>\n            <div class=\"card-overlay d-flex flex-column\">\n            \n            \n            \n            \n              <div class=\"mt-auto\">\n                \n              <\/div>\n            <\/div>\n          <\/div>\n        <\/div>\n        <div class=\"col-sm-6 col-md-4 col-lg-3 \">\n          <a href=\"\/pharma\/downloads\/\"  class=\"card d-block card-text theme-white\">\n            \n            <div class=\"card-overlay d-flex flex-column\">\n            <div class=\"sub-headline w-100\">Downloads<\/div>\n            <div class=\"headline h3 w-100\">Certificates and guidelines<\/div>\n            <div class=\"desc w-100\"><p><ul>\n<li>ISO 9001<\/li>\n<li>ISO 15378 (GMP)<\/li>\n<li>Active Drugmaster File at FDA and Canada<\/li>\n<li>BRC IOP Food packaging standard<\/li>\n<\/ul>\n\n<\/p><\/div>\n            \n              <div class=\"mt-auto\">\n                <span class=\"cta big-button arrow\"><\/span>\n              <\/div>\n            <\/div>\n          <\/a>\n        <\/div>\n        <div class=\"col-sm-6 col-md-4 col-lg-3 \">\n          <a href=\"https:\/\/stoelzle.com\/pharma\/contact\/\"  class=\"card d-block card-text theme-light-gray\">\n            \n            <div class=\"card-overlay d-flex flex-column\">\n            <div class=\"sub-headline w-100\">Contact<\/div>\n            <div class=\"headline h3 w-100\">Quality Management team<\/div>\n            \n            \n              <div class=\"mt-auto\">\n                <span class=\"cta big-button arrow\"><\/span>\n              <\/div>\n            <\/div>\n          <\/a>\n        <\/div><\/div>[\/vc_column][\/vc_row][vc_row][vc_column]<div class=\"vc-title   text-center\">\n              \n              <h2 class=\"title position-relative\">Our quality standards<\/h2>\n              \n            <\/div><div id=\"id-standards-slider\" class=\" spacing-bottom-s\"><div class=\"mb-4\"><div class=\"row\"><div class=\"col content-slider-arrows text-center\"><\/div><\/div><\/div><div class=\"row content-slider mb-5\"><div class=\"col\"><div>\n                        <div class=\"mb-3\"><div class=\"content-slider-image\">\n                      <img decoding=\"async\" class=\"img-fluid w-100 h-100\" src=\"https:\/\/www.stoelzle.com\/pharma\/wp-content\/uploads\/sites\/2\/2021\/02\/quality-quality-in-processes-and-products.jpg\" alt=\"One person operate a check point in production\">\n                    <\/div><\/div>\n                        <div class=\"h3 content-slider-title\">Quality in processes and products<\/div><div class=\"content-slider-text\"><ul>\n<li>Quality inspections in accordance with the European, Japanese and US-pharmacopeia<\/li>\n<li>Regular checks of heavy metal content<\/li>\n<li>Microbiological and particle testings<\/li>\n<li>Comprehensive quality controls with state-of-the-art inspection machines<\/li>\n<li>Top-class, cutting-edge production and quality testing facilities<\/li>\n<\/ul><\/div>\n                      <\/div><\/div><div class=\"col\"><div>\n                        <div class=\"mb-3\"><div class=\"content-slider-image\">\n                      <img decoding=\"async\" class=\"img-fluid w-100 h-100\" src=\"https:\/\/www.stoelzle.com\/pharma\/wp-content\/uploads\/sites\/2\/2021\/02\/quality-standards.jpg\" alt=\"The control parameters are displayed via a screen\">\n                    <\/div><\/div>\n                        <div class=\"h3 content-slider-title\">Quality standards<\/div><div class=\"content-slider-text\">Stoelzle aspires toward the constant improvement of its process capability. Our employees, as well as digitalisation and improvement measures, shall support us in this endeavour and we continuously invest in first-class inspection machines and state-of-the-art production systems.<br><br>\n<ul>\n<li>ISO 9001<\/li>\n<li>ISO 15378 (GMP)<\/li>\n<li>Active Drugmaster File at FDA and Canada<\/li>\n<\/ul><\/div>\n                      <\/div><\/div><div class=\"col\"><div>\n                        <div class=\"mb-3\"><div class=\"content-slider-image\">\n                      <img decoding=\"async\" class=\"img-fluid w-100 h-100\" src=\"https:\/\/www.stoelzle.com\/pharma\/wp-content\/uploads\/sites\/2\/2021\/02\/quality-microbiological-laboratory.jpg\" alt=\"One person checks the petri dish with a magnifying glass\">\n                    <\/div><\/div>\n                        <div class=\"h3 content-slider-title\">Microbiological laboratory<\/div><div class=\"content-slider-text\">Regular participation in comparative\/ring trials (within the Stoelzle Glass Group and with external laboratories) ensures a constant high quality and accuracy of the testing procedures. The tests performed in the microbiological laboratory are focused on three fields: <br><br>\n<ul>\n<li>Microbiological- and particle purity of the produced containers<\/li>\n<li>Environmental monitoring of microbiological and particle count of the air<\/li>\n<li>Monitoring of the hygienic behaviour of the employees<\/li>\n<\/ul><\/div>\n                      <\/div><\/div><div class=\"col\"><div>\n                        <div class=\"mb-3\"><div class=\"content-slider-image\">\n                      <img decoding=\"async\" class=\"img-fluid w-100 h-100\" src=\"https:\/\/www.stoelzle.com\/pharma\/wp-content\/uploads\/sites\/2\/2021\/02\/quality-chemical-laboratory.jpg\" alt=\"Person is checking the raw materials in the chemical laboratory\">\n                    <\/div><\/div>\n                        <div class=\"h3 content-slider-title\">Chemical laboratory<\/div><div class=\"content-slider-text\">In our well-equipped chemical laboratory, we have years-long experience in a variety of tests for quality assurance and production support. These tests include:<br><br>\n<ul>\n<li>Determination of hydrolytic resistance (inner surface and glass grains) according to the latest versions of E.P.\/USP, ISO 4802-1 and ISO 719<\/li>\n<li>Measurements of glass colour parameters and density<\/li>\n<li>Monitoring of selected raw material parameters (e.g. content of iron, alumina, sulphate)<\/li>\n<\/ul><\/div>\n                      <\/div><\/div><div class=\"col\"><div>\n                        <div class=\"mb-3\"><div class=\"content-slider-image\">\n                      <img decoding=\"async\" class=\"img-fluid w-100 h-100\" src=\"https:\/\/www.stoelzle.com\/pharma\/wp-content\/uploads\/sites\/2\/2021\/02\/quality-technical-customer-service.jpg\" alt=\"Graphic to show our technical customer service\">\n                    <\/div><\/div>\n                        <div class=\"h3 content-slider-title\">Technical customer service<\/div><div class=\"content-slider-text\">We support our customers before, during and after bottling. With proactive customer visits, we enable a smooth and hassle-free conversion to new items. We are also happy to provide you with technical support for on-site test bottling.<br><br>\n\nBenefit from:\n<ul>\n \t<li>A global network of client advisors<\/li>\n \t<li>Our technical customer service<\/li>\n \t<li>Pro-active customer visits and support<\/li>\n<\/ul>\n<\/div>\n                      <\/div><\/div><\/div><\/div>\n    <script async>\n      jQuery(document).ready(function($) {\n        jQuery(\"#id-standards-slider .content-slider\").slick({\n          slidesToShow: 3,\n          prevArrow: \"<span class=\\\"d-inline-block slick-arrow slick-arrow-prev\\\"><\/span>\",\n          nextArrow: \"<span class=\\\"d-inline-block slick-arrow slick-arrow-next\\\"><\/span>\",\n          appendArrows: $(\"#id-standards-slider .content-slider-arrows\"),\n          adaptiveHeight: true,\n          responsive: [\n            {\n              breakpoint: 1024,\n              settings: {\n                slidesToShow: 2\n              }\n            },\n            {\n              breakpoint: 768,\n              settings: {\n                slidesToShow: 1\n              }\n            },\n          ]\n        });\n      });\n    <\/script>[\/vc_column][\/vc_row][vc_row][vc_column]<div class=\"vc-two-columns  \">\n                <div class=\"row\">\n                    <div class=\"col-sm-6 bg-gray image-right\"><div class=\"column-content h-100 d-flex flex-column justify-content-center\"><\/p>\n<p class=\"h2\">Continuous improvement<\/p>\n<p>As Stoelzle team we are constantly working on optimizing our processes. In order to increase our efficiency, we use a variety of in-house systems:<\/p>\n<ul>\n<li><strong>Stoelzle Ideas Management:<\/strong> Ideas and suggestions coming from Stoelzle employees.<\/li>\n<li><strong>CAPA:<\/strong> We solve problems and identify causes using a structured method.<\/li>\n<li><strong>Plan, do, check, act (PDCA):<\/strong> We work according to the PDCA model to optimize our group-wide quality management.<\/li>\n<li><strong>Training &amp; Qualification:<\/strong> Group-wide training for our employees.<\/li>\n<li><strong>Zero-error strategy:<\/strong> Our corporate culture and standards support error-free processes.<\/li>\n<\/ul>\n<p><\/div><\/div>\n                    <div class=\"col-sm-6 bg-gray image-right\"><img loading=\"lazy\" decoding=\"async\" width=\"1024\" height=\"666\" src=\"https:\/\/www.stoelzle.com\/pharma\/wp-content\/uploads\/sites\/2\/2021\/03\/about-us-continuous-improvement-1024x666.jpg\" class=\"w-100 h-100 cover\" alt=\"Stoelzle employees is working on a computer\" srcset=\"https:\/\/www.stoelzle.com\/pharma\/wp-content\/uploads\/sites\/2\/2021\/03\/about-us-continuous-improvement-1024x666.jpg 1024w, https:\/\/www.stoelzle.com\/pharma\/wp-content\/uploads\/sites\/2\/2021\/03\/about-us-continuous-improvement-480x312.jpg 480w, https:\/\/www.stoelzle.com\/pharma\/wp-content\/uploads\/sites\/2\/2021\/03\/about-us-continuous-improvement-1536x998.jpg 1536w, https:\/\/www.stoelzle.com\/pharma\/wp-content\/uploads\/sites\/2\/2021\/03\/about-us-continuous-improvement-992x645.jpg 992w, https:\/\/www.stoelzle.com\/pharma\/wp-content\/uploads\/sites\/2\/2021\/03\/about-us-continuous-improvement-600x390.jpg 600w, https:\/\/www.stoelzle.com\/pharma\/wp-content\/uploads\/sites\/2\/2021\/03\/about-us-continuous-improvement.jpg 2000w\" sizes=\"auto, (max-width: 1024px) 100vw, 1024px\" \/><\/div>\n                <\/div>\n            <\/div>[\/vc_column][\/vc_row][vc_row full_width=&#8221;stretch_row&#8221; disable_element=&#8221;yes&#8221; el_class=&#8221;light-gray&#8221;][vc_column]<div class=\"vc-title spacing-top-s  text-center\">\n              \n              <h2 class=\"title position-relative\">Kontinuierliche Verbesserung<\/h2>\n              \n            <\/div>[vc_row_inner el_class=&#8221;text-text&#8221;][vc_column_inner width=&#8221;1\/3&#8243;]\n      <div class=\"vc-image\">\n         \n          <img loading=\"lazy\" decoding=\"async\" width=\"2000\" height=\"1300\" src=\"https:\/\/www.stoelzle.com\/pharma\/wp-content\/uploads\/sites\/2\/2021\/03\/placeholder_2000x1300px.jpg\" class=\"img-fluid w-100 h-100 d-none d-md-block\" alt=\"\" srcset=\"https:\/\/www.stoelzle.com\/pharma\/wp-content\/uploads\/sites\/2\/2021\/03\/placeholder_2000x1300px.jpg 2000w, https:\/\/www.stoelzle.com\/pharma\/wp-content\/uploads\/sites\/2\/2021\/03\/placeholder_2000x1300px-480x312.jpg 480w, https:\/\/www.stoelzle.com\/pharma\/wp-content\/uploads\/sites\/2\/2021\/03\/placeholder_2000x1300px-1024x666.jpg 1024w, https:\/\/www.stoelzle.com\/pharma\/wp-content\/uploads\/sites\/2\/2021\/03\/placeholder_2000x1300px-1536x998.jpg 1536w, https:\/\/www.stoelzle.com\/pharma\/wp-content\/uploads\/sites\/2\/2021\/03\/placeholder_2000x1300px-992x645.jpg 992w, https:\/\/www.stoelzle.com\/pharma\/wp-content\/uploads\/sites\/2\/2021\/03\/placeholder_2000x1300px-600x390.jpg 600w\" sizes=\"auto, (max-width: 2000px) 100vw, 2000px\" \/> \n          <img loading=\"lazy\" decoding=\"async\" width=\"992\" height=\"645\" src=\"https:\/\/www.stoelzle.com\/pharma\/wp-content\/uploads\/sites\/2\/2021\/03\/placeholder_2000x1300px-992x645.jpg\" class=\"img-fluid w-100 h-100 d-mdx-none\" alt=\"\" srcset=\"https:\/\/www.stoelzle.com\/pharma\/wp-content\/uploads\/sites\/2\/2021\/03\/placeholder_2000x1300px-992x645.jpg 992w, https:\/\/www.stoelzle.com\/pharma\/wp-content\/uploads\/sites\/2\/2021\/03\/placeholder_2000x1300px-480x312.jpg 480w, https:\/\/www.stoelzle.com\/pharma\/wp-content\/uploads\/sites\/2\/2021\/03\/placeholder_2000x1300px-1024x666.jpg 1024w, https:\/\/www.stoelzle.com\/pharma\/wp-content\/uploads\/sites\/2\/2021\/03\/placeholder_2000x1300px-1536x998.jpg 1536w, https:\/\/www.stoelzle.com\/pharma\/wp-content\/uploads\/sites\/2\/2021\/03\/placeholder_2000x1300px-600x390.jpg 600w, https:\/\/www.stoelzle.com\/pharma\/wp-content\/uploads\/sites\/2\/2021\/03\/placeholder_2000x1300px.jpg 2000w\" sizes=\"auto, (max-width: 992px) 100vw, 992px\" \/>\n          \n         \n      <\/div>[\/vc_column_inner][vc_column_inner width=&#8221;1\/3&#8243;][vc_column_text]Als Stoelzle-Team optimieren wir unsere Arbeitsprozesse st\u00e4ndig. Dazu dienen uns eine Vielzahl an innerbetrieblichen Systemen:<\/p>\n<ul>\n<li><strong>Stoelzle Ideen Management:<\/strong> Ideen und Vorschl\u00e4ge unserer Mitarbeiter.<\/li>\n<li><strong>CAPA: <\/strong>Wir l\u00f6sen Probleme und identifizieren Ursachen nach einer strukturierten Methodik.<\/li>\n<\/ul>\n<p>[\/vc_column_text][\/vc_column_inner][vc_column_inner width=&#8221;1\/3&#8243;][vc_column_text]<\/p>\n<ul>\n<li><strong>Plan, do, check, act: <\/strong>Wir arbeiten nach dem PDCA Modell um unser gruppenweites Qualit\u00e4tsmanagement zu optimieren.<\/li>\n<li><strong>Schulung &amp; Qualifikation:<\/strong> Gruppenweite Fortbildungen f\u00fcr unsere Mitarbeiter.<\/li>\n<li><strong>Null Fehler Strategie:<\/strong> Unsere Firmenkultur und Standards unterst\u00fctzen fehlerfreie Prozesse.<\/li>\n<\/ul>\n<p>[\/vc_column_text][\/vc_column_inner][\/vc_row_inner][\/vc_column][\/vc_row]<\/p>\n<\/div>","protected":false},"excerpt":{"rendered":"<p>[vc_row][vc_column][\/vc_column][\/vc_row][vc_row full_width=&#8221;stretch_row_content_no_spaces&#8221;][vc_column][\/vc_column][\/vc_row][vc_row][vc_column][\/vc_column][\/vc_row][vc_row][vc_column][\/vc_column][\/vc_row][vc_row full_width=&#8221;stretch_row&#8221; disable_element=&#8221;yes&#8221; el_class=&#8221;light-gray&#8221;][vc_column][vc_row_inner el_class=&#8221;text-text&#8221;][vc_column_inner width=&#8221;1\/3&#8243;][\/vc_column_inner][vc_column_inner width=&#8221;1\/3&#8243;][vc_column_text]Als Stoelzle-Team optimieren wir unsere Arbeitsprozesse st\u00e4ndig. Dazu dienen uns eine Vielzahl an innerbetrieblichen Systemen: Stoelzle Ideen Management: Ideen und Vorschl\u00e4ge unserer Mitarbeiter. CAPA: Wir l\u00f6sen Probleme und identifizieren Ursachen nach einer strukturierten Methodik. [\/vc_column_text][\/vc_column_inner][vc_column_inner width=&#8221;1\/3&#8243;][vc_column_text] Plan, do, check, act: Wir arbeiten nach dem PDCA Modell um unser [&hellip;]<\/p>\n","protected":false},"author":1,"featured_media":0,"parent":406,"menu_order":0,"comment_status":"closed","ping_status":"closed","template":"","meta":{"_acf_changed":false,"footnotes":""},"class_list":["post-414","page","type-page","status-publish","hentry"],"acf":[],"yoast_head":"<!-- This site is optimized with the Yoast SEO plugin v26.6 - https:\/\/yoast.com\/wordpress\/plugins\/seo\/ -->\n<title>High quality packaging | Stoelzle Pharma - Health&amp; Safety<\/title>\n<meta name=\"description\" content=\"Highest quality \u279c GMP 15378 \u2713 modern inspection machines \u2713 continuous improvement \u2713 reliable partner \u2713 Find out more!\" \/>\n<meta name=\"robots\" content=\"index, follow, max-snippet:-1, max-image-preview:large, max-video-preview:-1\" \/>\n<link rel=\"canonical\" href=\"https:\/\/www.stoelzle.com\/corporation\/quality\/\" \/>\n<meta property=\"og:locale\" content=\"en_US\" \/>\n<meta property=\"og:type\" content=\"article\" \/>\n<meta property=\"og:title\" content=\"High quality packaging | Stoelzle Pharma - Health&amp; Safety\" \/>\n<meta property=\"og:description\" content=\"Highest quality \u279c GMP 15378 \u2713 modern inspection machines \u2713 continuous improvement \u2713 reliable partner \u2713 Find out more!\" \/>\n<meta property=\"og:url\" content=\"https:\/\/www.stoelzle.com\/corporation\/quality\/\" \/>\n<meta property=\"og:site_name\" content=\"Stoelzle Pharma \u2013 Health &amp; Safety\" \/>\n<meta property=\"article:modified_time\" content=\"2021-11-30T15:09:54+00:00\" \/>\n<meta name=\"twitter:card\" content=\"summary_large_image\" \/>\n<meta name=\"twitter:label1\" content=\"Est. reading time\" \/>\n\t<meta name=\"twitter:data1\" content=\"2 minutes\" \/>\n<script type=\"application\/ld+json\" class=\"yoast-schema-graph\">{\"@context\":\"https:\/\/schema.org\",\"@graph\":[{\"@type\":\"WebPage\",\"@id\":\"https:\/\/www.stoelzle.com\/pharma\/about-us\/quality\/\",\"url\":\"https:\/\/www.stoelzle.com\/corporation\/quality\/\",\"name\":\"High quality packaging | Stoelzle Pharma - Health& Safety\",\"isPartOf\":{\"@id\":\"https:\/\/www.stoelzle.com\/pharma\/#website\"},\"datePublished\":\"2021-01-27T11:29:30+00:00\",\"dateModified\":\"2021-11-30T15:09:54+00:00\",\"description\":\"Highest quality \u279c GMP 15378 \u2713 modern inspection machines \u2713 continuous improvement \u2713 reliable partner \u2713 Find out more!\",\"breadcrumb\":{\"@id\":\"https:\/\/www.stoelzle.com\/corporation\/quality\/#breadcrumb\"},\"inLanguage\":\"en-US\",\"potentialAction\":[{\"@type\":\"ReadAction\",\"target\":[\"https:\/\/www.stoelzle.com\/corporation\/quality\/\"]}]},{\"@type\":\"BreadcrumbList\",\"@id\":\"https:\/\/www.stoelzle.com\/corporation\/quality\/#breadcrumb\",\"itemListElement\":[{\"@type\":\"ListItem\",\"position\":1,\"name\":\"Home\",\"item\":\"https:\/\/www.stoelzle.com\"},{\"@type\":\"ListItem\",\"position\":2,\"name\":\"Pharma\",\"item\":\"https:\/\/www.stoelzle.com\/pharma\/\"},{\"@type\":\"ListItem\",\"position\":3,\"name\":\"About us\",\"item\":\"https:\/\/www.stoelzle.com\/pharma\/about-us\/\"},{\"@type\":\"ListItem\",\"position\":4,\"name\":\"Quality\"}]},{\"@type\":\"WebSite\",\"@id\":\"https:\/\/www.stoelzle.com\/pharma\/#website\",\"url\":\"https:\/\/www.stoelzle.com\/pharma\/\",\"name\":\"Stoelzle Pharma \u2013 Health &amp; Safety\",\"description\":\"\",\"publisher\":{\"@id\":\"https:\/\/www.stoelzle.com\/pharma\/#organization\"},\"potentialAction\":[{\"@type\":\"SearchAction\",\"target\":{\"@type\":\"EntryPoint\",\"urlTemplate\":\"https:\/\/www.stoelzle.com\/pharma\/?s={search_term_string}\"},\"query-input\":{\"@type\":\"PropertyValueSpecification\",\"valueRequired\":true,\"valueName\":\"search_term_string\"}}],\"inLanguage\":\"en-US\"},{\"@type\":\"Organization\",\"@id\":\"https:\/\/www.stoelzle.com\/pharma\/#organization\",\"name\":\"Stoelzle Pharma - Health & Safety\",\"url\":\"https:\/\/www.stoelzle.com\/pharma\/\",\"logo\":{\"@type\":\"ImageObject\",\"inLanguage\":\"en-US\",\"@id\":\"https:\/\/www.stoelzle.com\/pharma\/#\/schema\/logo\/image\/\",\"url\":\"https:\/\/www.stoelzle.com\/pharma\/wp-content\/uploads\/sites\/2\/2021\/03\/logo_pharma.svg\",\"contentUrl\":\"https:\/\/www.stoelzle.com\/pharma\/wp-content\/uploads\/sites\/2\/2021\/03\/logo_pharma.svg\",\"width\":212,\"height\":40,\"caption\":\"Stoelzle Pharma - Health & Safety\"},\"image\":{\"@id\":\"https:\/\/www.stoelzle.com\/pharma\/#\/schema\/logo\/image\/\"}}]}<\/script>\n<!-- \/ Yoast SEO plugin. -->","yoast_head_json":{"title":"High quality packaging | Stoelzle Pharma - Health& Safety","description":"Highest quality \u279c GMP 15378 \u2713 modern inspection machines \u2713 continuous improvement \u2713 reliable partner \u2713 Find out more!","robots":{"index":"index","follow":"follow","max-snippet":"max-snippet:-1","max-image-preview":"max-image-preview:large","max-video-preview":"max-video-preview:-1"},"canonical":"https:\/\/www.stoelzle.com\/corporation\/quality\/","og_locale":"en_US","og_type":"article","og_title":"High quality packaging | Stoelzle Pharma - Health& Safety","og_description":"Highest quality \u279c GMP 15378 \u2713 modern inspection machines \u2713 continuous improvement \u2713 reliable partner \u2713 Find out more!","og_url":"https:\/\/www.stoelzle.com\/corporation\/quality\/","og_site_name":"Stoelzle Pharma \u2013 Health &amp; Safety","article_modified_time":"2021-11-30T15:09:54+00:00","twitter_card":"summary_large_image","twitter_misc":{"Est. reading time":"2 minutes"},"schema":{"@context":"https:\/\/schema.org","@graph":[{"@type":"WebPage","@id":"https:\/\/www.stoelzle.com\/pharma\/about-us\/quality\/","url":"https:\/\/www.stoelzle.com\/corporation\/quality\/","name":"High quality packaging | Stoelzle Pharma - Health& Safety","isPartOf":{"@id":"https:\/\/www.stoelzle.com\/pharma\/#website"},"datePublished":"2021-01-27T11:29:30+00:00","dateModified":"2021-11-30T15:09:54+00:00","description":"Highest quality \u279c GMP 15378 \u2713 modern inspection machines \u2713 continuous improvement \u2713 reliable partner \u2713 Find out more!","breadcrumb":{"@id":"https:\/\/www.stoelzle.com\/corporation\/quality\/#breadcrumb"},"inLanguage":"en-US","potentialAction":[{"@type":"ReadAction","target":["https:\/\/www.stoelzle.com\/corporation\/quality\/"]}]},{"@type":"BreadcrumbList","@id":"https:\/\/www.stoelzle.com\/corporation\/quality\/#breadcrumb","itemListElement":[{"@type":"ListItem","position":1,"name":"Home","item":"https:\/\/www.stoelzle.com"},{"@type":"ListItem","position":2,"name":"Pharma","item":"https:\/\/www.stoelzle.com\/pharma\/"},{"@type":"ListItem","position":3,"name":"About us","item":"https:\/\/www.stoelzle.com\/pharma\/about-us\/"},{"@type":"ListItem","position":4,"name":"Quality"}]},{"@type":"WebSite","@id":"https:\/\/www.stoelzle.com\/pharma\/#website","url":"https:\/\/www.stoelzle.com\/pharma\/","name":"Stoelzle Pharma \u2013 Health &amp; Safety","description":"","publisher":{"@id":"https:\/\/www.stoelzle.com\/pharma\/#organization"},"potentialAction":[{"@type":"SearchAction","target":{"@type":"EntryPoint","urlTemplate":"https:\/\/www.stoelzle.com\/pharma\/?s={search_term_string}"},"query-input":{"@type":"PropertyValueSpecification","valueRequired":true,"valueName":"search_term_string"}}],"inLanguage":"en-US"},{"@type":"Organization","@id":"https:\/\/www.stoelzle.com\/pharma\/#organization","name":"Stoelzle Pharma - Health & Safety","url":"https:\/\/www.stoelzle.com\/pharma\/","logo":{"@type":"ImageObject","inLanguage":"en-US","@id":"https:\/\/www.stoelzle.com\/pharma\/#\/schema\/logo\/image\/","url":"https:\/\/www.stoelzle.com\/pharma\/wp-content\/uploads\/sites\/2\/2021\/03\/logo_pharma.svg","contentUrl":"https:\/\/www.stoelzle.com\/pharma\/wp-content\/uploads\/sites\/2\/2021\/03\/logo_pharma.svg","width":212,"height":40,"caption":"Stoelzle Pharma - Health & Safety"},"image":{"@id":"https:\/\/www.stoelzle.com\/pharma\/#\/schema\/logo\/image\/"}}]}},"_links":{"self":[{"href":"https:\/\/www.stoelzle.com\/pharma\/wp-json\/wp\/v2\/pages\/414","targetHints":{"allow":["GET"]}}],"collection":[{"href":"https:\/\/www.stoelzle.com\/pharma\/wp-json\/wp\/v2\/pages"}],"about":[{"href":"https:\/\/www.stoelzle.com\/pharma\/wp-json\/wp\/v2\/types\/page"}],"author":[{"embeddable":true,"href":"https:\/\/www.stoelzle.com\/pharma\/wp-json\/wp\/v2\/users\/1"}],"replies":[{"embeddable":true,"href":"https:\/\/www.stoelzle.com\/pharma\/wp-json\/wp\/v2\/comments?post=414"}],"version-history":[{"count":0,"href":"https:\/\/www.stoelzle.com\/pharma\/wp-json\/wp\/v2\/pages\/414\/revisions"}],"up":[{"embeddable":true,"href":"https:\/\/www.stoelzle.com\/pharma\/wp-json\/wp\/v2\/pages\/406"}],"wp:attachment":[{"href":"https:\/\/www.stoelzle.com\/pharma\/wp-json\/wp\/v2\/media?parent=414"}],"curies":[{"name":"wp","href":"https:\/\/api.w.org\/{rel}","templated":true}]}}