{"id":3114,"date":"2021-02-20T16:42:54","date_gmt":"2021-02-20T16:42:54","guid":{"rendered":"http:\/\/stoelzle.com\/pharma\/service\/product-development\/"},"modified":"2021-07-26T14:55:57","modified_gmt":"2021-07-26T14:55:57","slug":"produktentwicklung","status":"publish","type":"page","link":"https:\/\/www.stoelzle.com\/pharma\/de\/service\/produktentwicklung\/","title":{"rendered":"Produktentwicklung"},"content":{"rendered":"<div class=\"wpb-content-wrapper\"><p>[vc_row][vc_column]<div class=\"vc-title   text-center\">\n              <div class=\"topline\">Wir erwecken Ihre Ideen zum Leben<\/div>\n              <h1 class=\"title position-relative separator\">Design &amp; Entwicklung<\/h1>\n              <div class=\"row\"><div class=\"col-md-10 offset-md-1\"><\/p>\n<p class=\"large-text\">Kundenspezifische Produktentwicklungen er\u00f6ffnen f\u00fcr Sie neue M\u00f6glichkeiten Potenziale am Markt besser auszusch\u00f6pfen und verschaffen Ihnen einen strategischen Vorteil. Entwickeln Sie mit Hilfe unseres erfahrenen Teams unverwechselbare Produkte und profitieren Sie von den Vorteilen der Individualit\u00e4t.<\/p>\n<p><\/div><\/div>\n            <\/div>[\/vc_column][\/vc_row][vc_row full_width=&#8221;stretch_row_content_no_spaces&#8221;][vc_column]<div id=\"id-0\" class=\"row no-gutters  \">\n        <div class=\"col-sm-6 col-md-4 col-lg-3 \">\n          <div class=\"card card-text theme-blue quote\">\n            \n            <div class=\"card-overlay d-flex flex-column\">\n            \n            <div class=\"headline h3 w-100\">Au\u00dfergew\u00f6hnliche, individuelle Glasverpackungen.<\/div>\n            \n            \n              <div class=\"mt-auto\">\n                \n              <\/div>\n            <\/div>\n          <\/div>\n        <\/div>\n        <div class=\"col-sm-6 col-md-4 col-lg-3 \">\n          <div class=\"card no-zoom theme-dark\">\n            \n          <div class=\"card-image position-absolute w-100 h-100\">\n            <img decoding=\"async\" class=\"w-100 h-100\"  src=\"https:\/\/www.stoelzle.com\/pharma\/wp-content\/uploads\/sites\/2\/2021\/02\/service-product-development-bottle-white-800x800.jpg\" alt=\"Flint glass containers in the production\" \/>\n          <\/div>\n            <div class=\"card-overlay d-flex flex-column\">\n            \n            \n            \n            \n              <div class=\"mt-auto\">\n                \n              <\/div>\n            <\/div>\n          <\/div>\n        <\/div>\n        <div class=\"col-sm-6 col-md-4 col-lg-3 \">\n          <a href=\"\/pharma\/de\/kontakt\/\"  class=\"card d-block card-text theme-light-gray\">\n            \n            <div class=\"card-overlay d-flex flex-column\">\n            <div class=\"sub-headline w-100\">Kontakt<\/div>\n            <div class=\"headline h3 w-100\">Fragen zu unseren Entwicklungen?<\/div>\n            <div class=\"desc w-100\"><p>Profitieren Sie von einem Team aus Experten in den Bereichen Design, Technik und Glasproduktion.<\/p><\/div>\n            \n              <div class=\"mt-auto\">\n                <span class=\"cta big-button arrow\"><\/span>\n              <\/div>\n            <\/div>\n          <\/a>\n        <\/div>\n        <div class=\"col-sm-6 col-md-4 col-lg-3 d-block d-md-none d-lg-block\">\n          <div class=\"card no-zoom theme-dark\">\n            \n          <div class=\"card-image position-absolute w-100 h-100\">\n            <img decoding=\"async\" class=\"w-100 h-100\"  src=\"https:\/\/www.stoelzle.com\/pharma\/wp-content\/uploads\/sites\/2\/2021\/02\/service-product-development-computer-rendering-800x800.jpg\" alt=\"Person sitting in front of the computer designing the new glass bottle\" \/>\n          <\/div>\n            <div class=\"card-overlay d-flex flex-column\">\n            \n            \n            \n            \n              <div class=\"mt-auto\">\n                \n              <\/div>\n            <\/div>\n          <\/div>\n        <\/div><\/div>[\/vc_column][\/vc_row][vc_row][vc_column]<div class=\"vc-title spacing-top-m  text-center\">\n              \n              <h2 class=\"title position-relative\">Von der Anfrage zu Ihrem pers\u00f6nlichen Produkt<\/h2>\n              \n            <\/div><div id=\"id-wunschdesign-slider\" class=\" spacing-bottom-m\"><div class=\"mb-4\"><div class=\"row\"><div class=\"col content-slider-arrows text-center\"><\/div><\/div><\/div><div class=\"row content-slider mb-5\"><div class=\"col\"><div>\n                        <div class=\"mb-3\"><div class=\"content-slider-image\">\n                      <img decoding=\"async\" class=\"img-fluid w-100 h-100 show-border\" src=\"https:\/\/www.stoelzle.com\/pharma\/wp-content\/uploads\/sites\/2\/2021\/02\/service-product-development-0-idea.jpg\" alt=\"Icon for new ideas within our product development process\">\n                    <\/div><\/div>\n                        <div class=\"h3 content-slider-title\">#1 \u2013 Idee<\/div><div class=\"content-slider-text\">Ist das Passende nicht in unserem Sortiment? Kein Problem \u2013 erz\u00e4hlen Sie uns von Ihren Anforderungen und Vorstellungen. Mit unserem Know-How wandeln wir Ihre Idee in ein individuelles Produkt um.<\/div>\n                      <\/div><\/div><div class=\"col\"><div>\n                        <div class=\"mb-3\"><div class=\"content-slider-image\">\n                      <img decoding=\"async\" class=\"img-fluid w-100 h-100 show-border\" src=\"https:\/\/www.stoelzle.com\/pharma\/wp-content\/uploads\/sites\/2\/2021\/02\/service-product-development-1-drawing.jpg\" alt=\"Technical drawing of a new designed bottle\">\n                    <\/div><\/div>\n                        <div class=\"h3 content-slider-title\">#2 \u2013\u00a0Zeichnung<\/div><div class=\"content-slider-text\">Der beste Startpunkt f\u00fcr eine Neuentwicklung ist eine technische Zeichnung. Auf Basis Ihrer Spezifikation und unter Ber\u00fccksichtigung aller technischen Details wird diese von uns erstellt.<\/div>\n                      <\/div><\/div><div class=\"col\"><div>\n                        <div class=\"mb-3\"><div class=\"content-slider-image\">\n                      <img decoding=\"async\" class=\"img-fluid w-100 h-100 show-border\" src=\"https:\/\/www.stoelzle.com\/pharma\/wp-content\/uploads\/sites\/2\/2021\/02\/service-product-development-2-3d.jpg\" alt=\"3D model of a new developed bottle\">\n                    <\/div><\/div>\n                        <div class=\"h3 content-slider-title\">#3 \u2013 3D Modell<\/div><div class=\"content-slider-text\">Um Ihre Neuentwicklung zu visualisieren setzen wir auf Wunsch modernen 3D Druck zum Erstellen von Prototypen ein. <\/div>\n                      <\/div><\/div><div class=\"col\"><div>\n                        <div class=\"mb-3\"><div class=\"content-slider-image\">\n                      <img decoding=\"async\" class=\"img-fluid w-100 h-100 show-border\" src=\"https:\/\/www.stoelzle.com\/pharma\/wp-content\/uploads\/sites\/2\/2021\/02\/service-product-development-3-pattern.jpg\" alt=\"Amber dropper bottle\">\n                    <\/div><\/div>\n                        <div class=\"h3 content-slider-title\">#4 \u2013 Musterung<\/div><div class=\"content-slider-text\">Der Prototyp entspricht Ihren Erwartungen? Dann geben Sie uns doch den Auftrag f\u00fcr die Herstellung Ihrer ersten eigenen Muster aus Glas.<\/div>\n                      <\/div><\/div><div class=\"col\"><div>\n                        <div class=\"mb-3\"><div class=\"content-slider-image\">\n                      <img decoding=\"async\" class=\"img-fluid w-100 h-100 show-border\" src=\"https:\/\/www.stoelzle.com\/pharma\/wp-content\/uploads\/sites\/2\/2021\/02\/service-product-development-4-decoration.jpg\" alt=\"Amber dropper bottle sprayed with black colour\">\n                    <\/div><\/div>\n                        <div class=\"h3 content-slider-title\">#5 \u2013 Dekoration<\/div><div class=\"content-slider-text\">Machen Sie Ihr Produkt durch individuelle Veredelung einzigartig! Wir nutzen die Vorteile von 3 hauseigenen Dekorationsst\u00e4tten. Um Ihre Erwartungen zu erf\u00fcllen, wenden wir zahlreiche traditionelle und innovative Dekorationstechniken an.<\/div>\n                      <\/div><\/div><div class=\"col\"><div>\n                        <div class=\"mb-3\"><div class=\"content-slider-image\">\n                      <img decoding=\"async\" class=\"img-fluid w-100 h-100 show-border\" src=\"https:\/\/www.stoelzle.com\/pharma\/wp-content\/uploads\/sites\/2\/2021\/02\/service-product-development-5-added-value.jpg\" alt=\"Amber dropper bottle sprayed with white closure\">\n                    <\/div><\/div>\n                        <div class=\"h3 content-slider-title\">#6 \u2013 Verschl\u00fcsse<\/div><div class=\"content-slider-text\">Sie ben\u00f6tigen noch einen Verschluss zu Ihrem neu entwickelten Glas? Wir bieten Ihnen ein Rundum-Service und beraten Sie gerne bei der passenden Verschlussl\u00f6sung. <\/div>\n                      <\/div><\/div><\/div><\/div>\n    <script async>\n      jQuery(document).ready(function($) {\n        jQuery(\"#id-wunschdesign-slider .content-slider\").slick({\n          slidesToShow: 3,\n          prevArrow: \"<span class=\\\"d-inline-block slick-arrow slick-arrow-prev\\\"><\/span>\",\n          nextArrow: \"<span class=\\\"d-inline-block slick-arrow slick-arrow-next\\\"><\/span>\",\n          appendArrows: $(\"#id-wunschdesign-slider .content-slider-arrows\"),\n          adaptiveHeight: true,\n          responsive: [\n            {\n              breakpoint: 1024,\n              settings: {\n                slidesToShow: 2\n              }\n            },\n            {\n              breakpoint: 768,\n              settings: {\n                slidesToShow: 1\n              }\n            },\n          ]\n        });\n      });\n    <\/script>[\/vc_column][\/vc_row][vc_row full_width=&#8221;stretch_row_content_no_spaces&#8221;][vc_column]<div class=\"vc-two-columns  \">\n                <div class=\"row\">\n                    <div class=\"col-sm-6 bg-gray image-left\"><img loading=\"lazy\" decoding=\"async\" width=\"1024\" height=\"666\" src=\"https:\/\/www.stoelzle.com\/pharma\/wp-content\/uploads\/sites\/2\/2021\/02\/service-product-development-cbd-1024x666.jpg\" class=\"w-100 h-100 cover\" alt=\"Green embossed bottle with hemp leaf\" srcset=\"https:\/\/www.stoelzle.com\/pharma\/wp-content\/uploads\/sites\/2\/2021\/02\/service-product-development-cbd-1024x666.jpg 1024w, https:\/\/www.stoelzle.com\/pharma\/wp-content\/uploads\/sites\/2\/2021\/02\/service-product-development-cbd-480x312.jpg 480w, https:\/\/www.stoelzle.com\/pharma\/wp-content\/uploads\/sites\/2\/2021\/02\/service-product-development-cbd-1536x998.jpg 1536w, https:\/\/www.stoelzle.com\/pharma\/wp-content\/uploads\/sites\/2\/2021\/02\/service-product-development-cbd-992x645.jpg 992w, https:\/\/www.stoelzle.com\/pharma\/wp-content\/uploads\/sites\/2\/2021\/02\/service-product-development-cbd-600x390.jpg 600w, https:\/\/www.stoelzle.com\/pharma\/wp-content\/uploads\/sites\/2\/2021\/02\/service-product-development-cbd.jpg 2000w\" sizes=\"auto, (max-width: 1024px) 100vw, 1024px\" \/><\/div>\n                    <div class=\"col-sm-6 bg-gray image-left\"><div class=\"column-content h-100 d-flex flex-column justify-content-center\"><\/p>\n<h2>Embossing<\/h2>\n<p>Bei gepr\u00e4gten Flaschen haben Sie die M\u00f6glichkeit ihre Markenbotschaft auch \u00fcber die Haptik der Glasverpackungen zu kommunizieren. Logos, Schriftz\u00fcge oder andere Highlights werden direkt in das Glas gepr\u00e4gt. Dadurch entstehen individuelle Glasformen in einem Schritt.<\/div><\/div>\n                <\/div>\n            <\/div>[\/vc_column][\/vc_row]<\/p>\n<\/div>","protected":false},"excerpt":{"rendered":"<p>[vc_row][vc_column][\/vc_column][\/vc_row][vc_row full_width=&#8221;stretch_row_content_no_spaces&#8221;][vc_column][\/vc_column][\/vc_row][vc_row][vc_column][\/vc_column][\/vc_row][vc_row full_width=&#8221;stretch_row_content_no_spaces&#8221;][vc_column][\/vc_column][\/vc_row]<\/p>\n","protected":false},"author":1,"featured_media":0,"parent":3038,"menu_order":0,"comment_status":"closed","ping_status":"closed","template":"","meta":{"_acf_changed":false,"footnotes":""},"class_list":["post-3114","page","type-page","status-publish","hentry"],"acf":[],"yoast_head":"<!-- This site is optimized with the Yoast SEO plugin v26.6 - https:\/\/yoast.com\/wordpress\/plugins\/seo\/ -->\n<title>Produktentwicklung \u00bb innovativ und individuell | Stoelzle<\/title>\n<meta name=\"description\" content=\"Stoelzle entwirft nach Ihren Anfordernissen und Ideen \u279c Know-How \u2713 Gepr\u00e4gte Flaschen \u2713 innovative Flaschenformen \u2713 Erfahren Sie mehr!\" \/>\n<meta name=\"robots\" content=\"index, follow, max-snippet:-1, max-image-preview:large, max-video-preview:-1\" \/>\n<link rel=\"canonical\" href=\"https:\/\/www.stoelzle.com\/de\/service\/produktentwicklung\/\" \/>\n<meta property=\"og:locale\" content=\"de_DE\" \/>\n<meta property=\"og:type\" content=\"article\" \/>\n<meta property=\"og:title\" content=\"Produktentwicklung \u00bb innovativ und individuell | Stoelzle\" \/>\n<meta property=\"og:description\" content=\"Stoelzle entwirft nach Ihren Anfordernissen und Ideen \u279c Know-How \u2713 Gepr\u00e4gte Flaschen \u2713 innovative Flaschenformen \u2713 Erfahren Sie mehr!\" \/>\n<meta property=\"og:url\" content=\"https:\/\/www.stoelzle.com\/de\/service\/produktentwicklung\/\" \/>\n<meta property=\"og:site_name\" content=\"Stoelzle Pharma \u2013 Health &amp; Safety\" \/>\n<meta property=\"article:modified_time\" content=\"2021-07-26T14:55:57+00:00\" \/>\n<meta name=\"twitter:card\" content=\"summary_large_image\" \/>\n<meta name=\"twitter:label1\" content=\"Gesch\u00e4tzte Lesezeit\" \/>\n\t<meta name=\"twitter:data1\" content=\"1 Minute\" \/>\n<script type=\"application\/ld+json\" class=\"yoast-schema-graph\">{\"@context\":\"https:\/\/schema.org\",\"@graph\":[{\"@type\":\"WebPage\",\"@id\":\"https:\/\/www.stoelzle.com\/pharma\/de\/service\/produktentwicklung\/\",\"url\":\"https:\/\/www.stoelzle.com\/de\/service\/produktentwicklung\/\",\"name\":\"Produktentwicklung \u00bb innovativ und individuell | Stoelzle\",\"isPartOf\":{\"@id\":\"https:\/\/www.stoelzle.com\/pharma\/de\/#website\"},\"datePublished\":\"2021-02-20T16:42:54+00:00\",\"dateModified\":\"2021-07-26T14:55:57+00:00\",\"description\":\"Stoelzle entwirft nach Ihren Anfordernissen und Ideen \u279c Know-How \u2713 Gepr\u00e4gte Flaschen \u2713 innovative Flaschenformen \u2713 Erfahren Sie mehr!\",\"breadcrumb\":{\"@id\":\"https:\/\/www.stoelzle.com\/de\/service\/produktentwicklung\/#breadcrumb\"},\"inLanguage\":\"de-DE\",\"potentialAction\":[{\"@type\":\"ReadAction\",\"target\":[\"https:\/\/www.stoelzle.com\/de\/service\/produktentwicklung\/\"]}]},{\"@type\":\"BreadcrumbList\",\"@id\":\"https:\/\/www.stoelzle.com\/de\/service\/produktentwicklung\/#breadcrumb\",\"itemListElement\":[{\"@type\":\"ListItem\",\"position\":1,\"name\":\"Home\",\"item\":\"https:\/\/www.stoelzle.com\/de\/\"},{\"@type\":\"ListItem\",\"position\":2,\"name\":\"Pharma\",\"item\":\"https:\/\/www.stoelzle.com\/pharma\/de\/\"},{\"@type\":\"ListItem\",\"position\":3,\"name\":\"Service\",\"item\":\"https:\/\/www.stoelzle.com\/pharma\/de\/service\/\"},{\"@type\":\"ListItem\",\"position\":4,\"name\":\"Produktentwicklung\"}]},{\"@type\":\"WebSite\",\"@id\":\"https:\/\/www.stoelzle.com\/pharma\/de\/#website\",\"url\":\"https:\/\/www.stoelzle.com\/pharma\/de\/\",\"name\":\"Stoelzle Pharma \u2013 Health &amp; Safety\",\"description\":\"\",\"publisher\":{\"@id\":\"https:\/\/www.stoelzle.com\/pharma\/de\/#organization\"},\"potentialAction\":[{\"@type\":\"SearchAction\",\"target\":{\"@type\":\"EntryPoint\",\"urlTemplate\":\"https:\/\/www.stoelzle.com\/pharma\/de\/?s={search_term_string}\"},\"query-input\":{\"@type\":\"PropertyValueSpecification\",\"valueRequired\":true,\"valueName\":\"search_term_string\"}}],\"inLanguage\":\"de-DE\"},{\"@type\":\"Organization\",\"@id\":\"https:\/\/www.stoelzle.com\/pharma\/de\/#organization\",\"name\":\"Stoelzle Pharma - Health & Safety\",\"url\":\"https:\/\/www.stoelzle.com\/pharma\/de\/\",\"logo\":{\"@type\":\"ImageObject\",\"inLanguage\":\"de-DE\",\"@id\":\"https:\/\/www.stoelzle.com\/pharma\/de\/#\/schema\/logo\/image\/\",\"url\":\"https:\/\/www.stoelzle.com\/pharma\/wp-content\/uploads\/sites\/2\/2021\/03\/logo_pharma.svg\",\"contentUrl\":\"https:\/\/www.stoelzle.com\/pharma\/wp-content\/uploads\/sites\/2\/2021\/03\/logo_pharma.svg\",\"width\":212,\"height\":40,\"caption\":\"Stoelzle Pharma - Health & Safety\"},\"image\":{\"@id\":\"https:\/\/www.stoelzle.com\/pharma\/de\/#\/schema\/logo\/image\/\"}}]}<\/script>\n<!-- \/ Yoast SEO plugin. -->","yoast_head_json":{"title":"Produktentwicklung \u00bb innovativ und individuell | Stoelzle","description":"Stoelzle entwirft nach Ihren Anfordernissen und Ideen \u279c Know-How \u2713 Gepr\u00e4gte Flaschen \u2713 innovative Flaschenformen \u2713 Erfahren Sie mehr!","robots":{"index":"index","follow":"follow","max-snippet":"max-snippet:-1","max-image-preview":"max-image-preview:large","max-video-preview":"max-video-preview:-1"},"canonical":"https:\/\/www.stoelzle.com\/de\/service\/produktentwicklung\/","og_locale":"de_DE","og_type":"article","og_title":"Produktentwicklung \u00bb innovativ und individuell | Stoelzle","og_description":"Stoelzle entwirft nach Ihren Anfordernissen und Ideen \u279c Know-How \u2713 Gepr\u00e4gte Flaschen \u2713 innovative Flaschenformen \u2713 Erfahren Sie mehr!","og_url":"https:\/\/www.stoelzle.com\/de\/service\/produktentwicklung\/","og_site_name":"Stoelzle Pharma \u2013 Health &amp; Safety","article_modified_time":"2021-07-26T14:55:57+00:00","twitter_card":"summary_large_image","twitter_misc":{"Gesch\u00e4tzte Lesezeit":"1 Minute"},"schema":{"@context":"https:\/\/schema.org","@graph":[{"@type":"WebPage","@id":"https:\/\/www.stoelzle.com\/pharma\/de\/service\/produktentwicklung\/","url":"https:\/\/www.stoelzle.com\/de\/service\/produktentwicklung\/","name":"Produktentwicklung \u00bb innovativ und individuell | Stoelzle","isPartOf":{"@id":"https:\/\/www.stoelzle.com\/pharma\/de\/#website"},"datePublished":"2021-02-20T16:42:54+00:00","dateModified":"2021-07-26T14:55:57+00:00","description":"Stoelzle entwirft nach Ihren Anfordernissen und Ideen \u279c Know-How \u2713 Gepr\u00e4gte Flaschen \u2713 innovative Flaschenformen \u2713 Erfahren Sie mehr!","breadcrumb":{"@id":"https:\/\/www.stoelzle.com\/de\/service\/produktentwicklung\/#breadcrumb"},"inLanguage":"de-DE","potentialAction":[{"@type":"ReadAction","target":["https:\/\/www.stoelzle.com\/de\/service\/produktentwicklung\/"]}]},{"@type":"BreadcrumbList","@id":"https:\/\/www.stoelzle.com\/de\/service\/produktentwicklung\/#breadcrumb","itemListElement":[{"@type":"ListItem","position":1,"name":"Home","item":"https:\/\/www.stoelzle.com\/de\/"},{"@type":"ListItem","position":2,"name":"Pharma","item":"https:\/\/www.stoelzle.com\/pharma\/de\/"},{"@type":"ListItem","position":3,"name":"Service","item":"https:\/\/www.stoelzle.com\/pharma\/de\/service\/"},{"@type":"ListItem","position":4,"name":"Produktentwicklung"}]},{"@type":"WebSite","@id":"https:\/\/www.stoelzle.com\/pharma\/de\/#website","url":"https:\/\/www.stoelzle.com\/pharma\/de\/","name":"Stoelzle Pharma \u2013 Health &amp; Safety","description":"","publisher":{"@id":"https:\/\/www.stoelzle.com\/pharma\/de\/#organization"},"potentialAction":[{"@type":"SearchAction","target":{"@type":"EntryPoint","urlTemplate":"https:\/\/www.stoelzle.com\/pharma\/de\/?s={search_term_string}"},"query-input":{"@type":"PropertyValueSpecification","valueRequired":true,"valueName":"search_term_string"}}],"inLanguage":"de-DE"},{"@type":"Organization","@id":"https:\/\/www.stoelzle.com\/pharma\/de\/#organization","name":"Stoelzle Pharma - Health & Safety","url":"https:\/\/www.stoelzle.com\/pharma\/de\/","logo":{"@type":"ImageObject","inLanguage":"de-DE","@id":"https:\/\/www.stoelzle.com\/pharma\/de\/#\/schema\/logo\/image\/","url":"https:\/\/www.stoelzle.com\/pharma\/wp-content\/uploads\/sites\/2\/2021\/03\/logo_pharma.svg","contentUrl":"https:\/\/www.stoelzle.com\/pharma\/wp-content\/uploads\/sites\/2\/2021\/03\/logo_pharma.svg","width":212,"height":40,"caption":"Stoelzle Pharma - Health & Safety"},"image":{"@id":"https:\/\/www.stoelzle.com\/pharma\/de\/#\/schema\/logo\/image\/"}}]}},"_links":{"self":[{"href":"https:\/\/www.stoelzle.com\/pharma\/de\/wp-json\/wp\/v2\/pages\/3114","targetHints":{"allow":["GET"]}}],"collection":[{"href":"https:\/\/www.stoelzle.com\/pharma\/de\/wp-json\/wp\/v2\/pages"}],"about":[{"href":"https:\/\/www.stoelzle.com\/pharma\/de\/wp-json\/wp\/v2\/types\/page"}],"author":[{"embeddable":true,"href":"https:\/\/www.stoelzle.com\/pharma\/de\/wp-json\/wp\/v2\/users\/1"}],"replies":[{"embeddable":true,"href":"https:\/\/www.stoelzle.com\/pharma\/de\/wp-json\/wp\/v2\/comments?post=3114"}],"version-history":[{"count":0,"href":"https:\/\/www.stoelzle.com\/pharma\/de\/wp-json\/wp\/v2\/pages\/3114\/revisions"}],"up":[{"embeddable":true,"href":"https:\/\/www.stoelzle.com\/pharma\/de\/wp-json\/wp\/v2\/pages\/3038"}],"wp:attachment":[{"href":"https:\/\/www.stoelzle.com\/pharma\/de\/wp-json\/wp\/v2\/media?parent=3114"}],"curies":[{"name":"wp","href":"https:\/\/api.w.org\/{rel}","templated":true}]}}