{"id":3057,"date":"2021-02-20T16:32:43","date_gmt":"2021-02-20T16:32:43","guid":{"rendered":"http:\/\/stoelzle.com\/pharma\/service\/packaging\/"},"modified":"2021-05-11T06:58:41","modified_gmt":"2021-05-11T06:58:41","slug":"verpackung","status":"publish","type":"page","link":"https:\/\/www.stoelzle.com\/pharma\/de\/service\/verpackung\/","title":{"rendered":"Verpackung"},"content":{"rendered":"<div class=\"wpb-content-wrapper\"><p>[vc_row][vc_column]<div class=\"vc-title   text-center\">\n              <div class=\"topline\">Kundenspezifische Verpackungsl\u00f6sungen<\/div>\n              <h1 class=\"title position-relative separator\">Verpackungsvarianten<\/h1>\n              <div class=\"row\"><div class=\"col-md-10 offset-md-1\"><\/p>\n<p class=\"large-text\">Wir legen gro\u00dfen Wert darauf, dass Ihre Gl\u00e4ser unbeschadet bei Ihnen ankommen und die bestm\u00f6glichen Transport- und Lagerungsvorg\u00e4nge durch eine optimale Verpackung gegeben sind.\u00a0 Deshalb setzen wir neben Standardl\u00f6sungen auch auf kundenindiviuelle Varianten, die auf Ihre Bed\u00fcrfnisse abgestimmt sind.<\/p>\n<p><\/div><\/div>\n            <\/div>[\/vc_column][\/vc_row][vc_row full_width=&#8221;stretch_row_content_no_spaces&#8221;][vc_column]<div id=\"id-content-cards\" class=\"row no-gutters  \">\n        <div class=\"col-sm-6 col-md-4 col-lg-3 \">\n          <div class=\"card card-text theme-light-gray\">\n            \n            <div class=\"card-overlay d-flex flex-column\">\n            <div class=\"sub-headline w-100\">Verpackungen<\/div>\n            <div class=\"headline h3 w-100\">Sorgfalt und Sicherheit<\/div>\n            <div class=\"desc w-100\"><p>F\u00fcr uns ist es besonders wichtig, dass Ihre wertvollen Gl\u00e4ser unbeschadet bei Ihnen ankommen. Deswegen investieren wir kontinuierlich Zeit und Ressourcen, um unsere Verpackungsvarianten zu erweitern.<\/p><\/div>\n            \n              <div class=\"mt-auto\">\n                \n              <\/div>\n            <\/div>\n          <\/div>\n        <\/div>\n        <div class=\"col-sm-6 col-md-4 col-lg-3 d-block d-md-none d-lg-block\">\n          <div class=\"card no-zoom theme-dark\">\n            \n          <div class=\"card-image position-absolute w-100 h-100\">\n            <img decoding=\"async\" class=\"w-100 h-100\"  src=\"https:\/\/www.stoelzle.com\/pharma\/wp-content\/uploads\/sites\/2\/2021\/02\/packaging-machine-800x800.jpg\" alt=\"Picture of our automatic packaging machine\" \/>\n          <\/div>\n            <div class=\"card-overlay d-flex flex-column\">\n            \n            \n            \n            \n              <div class=\"mt-auto\">\n                \n              <\/div>\n            <\/div>\n          <\/div>\n        <\/div>\n        <div class=\"col-sm-6 col-md-4 col-lg-3 \">\n          <div class=\"card card-text theme-blue quote\">\n            \n            <div class=\"card-overlay d-flex flex-column\">\n            \n            <div class=\"headline h3 w-100\">Individuelle L\u00f6sungen angepasst an Ihre Bed\u00fcrfnisse.<\/div>\n            \n            \n              <div class=\"mt-auto\">\n                \n              <\/div>\n            <\/div>\n          <\/div>\n        <\/div>\n        <div class=\"col-sm-6 col-md-4 col-lg-3 \">\n          <div class=\"card no-zoom theme-dark\">\n            \n          <div class=\"card-image position-absolute w-100 h-100\">\n            <img decoding=\"async\" class=\"w-100 h-100\"  src=\"https:\/\/www.stoelzle.com\/pharma\/wp-content\/uploads\/sites\/2\/2021\/05\/service-logistic-800x800.jpg\" alt=\"Transportbereite Paletten im Warenlager\" \/>\n          <\/div>\n            <div class=\"card-overlay d-flex flex-column\">\n            \n            \n            \n            \n              <div class=\"mt-auto\">\n                \n              <\/div>\n            <\/div>\n          <\/div>\n        <\/div><\/div>[\/vc_column][\/vc_row][vc_row][vc_column]<div class=\"vc-title spacing-top-m  text-center\">\n              \n              <h2 class=\"title position-relative\">Verpackungsoptionen<\/h2>\n              \n            <\/div><div id=\"id-verpackungsoptionen\" class=\" spacing-bottom-s\"><div class=\"row content-slider mb-5\"><div class=\"col\"><div>\n                        <div class=\"mb-3\"><div class=\"content-slider-image\">\n                      <img decoding=\"async\" class=\"img-fluid w-100 h-100\" src=\"https:\/\/www.stoelzle.com\/pharma\/wp-content\/uploads\/sites\/2\/2021\/02\/packaging-shrink.jpg\" alt=\"Picture of flint glass containers on a pallet with shrinking foil\">\n                    <\/div><\/div>\n                        <div class=\"h3 content-slider-title\">Schrumpfverpackung<\/div><div class=\"content-slider-text\">Bei der Schrumpfverpackung werden unsere Flaschen mit einer Folie vakuumverpackt und wie eine zweite Haut umschlossen. Diese Verpackungsvariante bietet h\u00f6chste Stabilit\u00e4t und Schutz vor Verunreinigungen. Alle Paletten werden noch in der Produktionshalle eingeschrumpft. Somit sind unsere Produkte rundum vor \u00e4u\u00dferen Einfl\u00fcssen wie Staub, Schmutz oder Feuchtigkeit gesch\u00fctzt sowie perfekt fixiert und stabilisiert.  \n<\/div>\n                      <\/div><\/div><div class=\"col\"><div>\n                        <div class=\"mb-3\"><div class=\"content-slider-image\">\n                      <img decoding=\"async\" class=\"img-fluid w-100 h-100\" src=\"https:\/\/www.stoelzle.com\/pharma\/wp-content\/uploads\/sites\/2\/2021\/02\/packaging-palette.jpg\" alt=\"Picture of wood pallets in our warehouse\">\n                    <\/div><\/div>\n                        <div class=\"h3 content-slider-title\">Palettenvarianten<\/div><div class=\"content-slider-text\">Paletten k\u00f6nnen aus unterschiedlichen Materialien und in verschiedenen Gr\u00f6\u00dfen gefertigt werden. Wir bieten Ihnen eine Vielzahl an Varianten wie die klassischen Europaletten, Kunststoffpaletten oder Industriepaletten zur Auswahl an. W\u00e4hlen Sie die optimale Palette f\u00fcr Ihre Anforderungen.<\/div>\n                      <\/div><\/div><div class=\"col\"><div>\n                        <div class=\"mb-3\"><div class=\"content-slider-image\">\n                      <img decoding=\"async\" class=\"img-fluid w-100 h-100\" src=\"https:\/\/www.stoelzle.com\/pharma\/wp-content\/uploads\/sites\/2\/2021\/01\/service-packaging-tray.jpg\" alt=\"A shrinked pallet with bottles in our warehouse\">\n                    <\/div><\/div>\n                        <div class=\"h3 content-slider-title\">Zwischenlagen<\/div><div class=\"content-slider-text\">Zwischenlagen sind wesentlich zum Trennen, Stapeln und Stabilisieren der Produkte auf den Paletten. Dazu bieten wir eine gro\u00dfe Auswahl an unterschiedlichen Varianten an.  Zwischenlagen aus Pappe z.B. verhindern Verrutschen und dienen ordnungsgem\u00e4\u00dfer Trennung, Kunststoff hingegen ist feuchtigkeitsresistenter und wiederverwendbar.  Gemeinsam finden wir die beste L\u00f6sung f\u00fcr Sie.<\/div>\n                      <\/div><\/div><\/div><div class=\"mb-4\"><div class=\"row\"><div class=\"col content-slider-arrows text-center\"><\/div><\/div><\/div><\/div>\n    <script async>\n      jQuery(document).ready(function($) {\n        jQuery(\"#id-verpackungsoptionen .content-slider\").slick({\n          slidesToShow: 3,\n          prevArrow: \"<span class=\\\"d-inline-block slick-arrow slick-arrow-prev\\\"><\/span>\",\n          nextArrow: \"<span class=\\\"d-inline-block slick-arrow slick-arrow-next\\\"><\/span>\",\n          appendArrows: $(\"#id-verpackungsoptionen .content-slider-arrows\"),\n          adaptiveHeight: true,\n          responsive: [\n            {\n              breakpoint: 1024,\n              settings: {\n                slidesToShow: 2\n              }\n            },\n            {\n              breakpoint: 768,\n              settings: {\n                slidesToShow: 1\n              }\n            },\n          ]\n        });\n      });\n    <\/script>[\/vc_column][\/vc_row][vc_row full_width=&#8221;stretch_row&#8221; el_class=&#8221;light-gray&#8221;][vc_column]<div class=\"vc-spacer spacing-bottom-m\"><\/div>[vc_row_inner content_placement=&#8221;middle&#8221; el_class=&#8221;text-text&#8221;][vc_column_inner width=&#8221;1\/2&#8243;][vc_column_text]<\/p>\n<p class=\"h2\">Kundenspezifische Verpackungsl\u00f6sungen<\/p>\n<p>Was die Verpackung unserer Gl\u00e4ser betrifft, sind wir \u00e4u\u00dferst flexibel und gehen bestm\u00f6glich auf die W\u00fcnsche unserer Kunden ein. So bieten wir neben zahlreichen Standardl\u00f6sungen etwa Gro\u00dftrays, Kleintrays, Schrumpfverpackung, Mietplatten, Zwischeneinlagen aus Karton oder Kunststoff, Euro- oder Industriepaletten \u2013 und vieles mehr.[\/vc_column_text][\/vc_column_inner][vc_column_inner width=&#8221;1\/2&#8243;]\n      <div class=\"vc-image\">\n         \n          <img loading=\"lazy\" decoding=\"async\" width=\"2000\" height=\"1300\" src=\"https:\/\/www.stoelzle.com\/pharma\/wp-content\/uploads\/sites\/2\/2021\/02\/packaging-machine-customized.jpg\" class=\"img-fluid w-100 h-100 d-none d-md-block\" alt=\"Picture of the packaging machine within the production\" srcset=\"https:\/\/www.stoelzle.com\/pharma\/wp-content\/uploads\/sites\/2\/2021\/02\/packaging-machine-customized.jpg 2000w, https:\/\/www.stoelzle.com\/pharma\/wp-content\/uploads\/sites\/2\/2021\/02\/packaging-machine-customized-480x312.jpg 480w, https:\/\/www.stoelzle.com\/pharma\/wp-content\/uploads\/sites\/2\/2021\/02\/packaging-machine-customized-1024x666.jpg 1024w, https:\/\/www.stoelzle.com\/pharma\/wp-content\/uploads\/sites\/2\/2021\/02\/packaging-machine-customized-1536x998.jpg 1536w, https:\/\/www.stoelzle.com\/pharma\/wp-content\/uploads\/sites\/2\/2021\/02\/packaging-machine-customized-992x645.jpg 992w, https:\/\/www.stoelzle.com\/pharma\/wp-content\/uploads\/sites\/2\/2021\/02\/packaging-machine-customized-600x390.jpg 600w\" sizes=\"auto, (max-width: 2000px) 100vw, 2000px\" \/> \n          <img loading=\"lazy\" decoding=\"async\" width=\"992\" height=\"645\" src=\"https:\/\/www.stoelzle.com\/pharma\/wp-content\/uploads\/sites\/2\/2021\/02\/packaging-machine-customized-992x645.jpg\" class=\"img-fluid w-100 h-100 d-mdx-none\" alt=\"Picture of the packaging machine within the production\" srcset=\"https:\/\/www.stoelzle.com\/pharma\/wp-content\/uploads\/sites\/2\/2021\/02\/packaging-machine-customized-992x645.jpg 992w, https:\/\/www.stoelzle.com\/pharma\/wp-content\/uploads\/sites\/2\/2021\/02\/packaging-machine-customized-480x312.jpg 480w, https:\/\/www.stoelzle.com\/pharma\/wp-content\/uploads\/sites\/2\/2021\/02\/packaging-machine-customized-1024x666.jpg 1024w, https:\/\/www.stoelzle.com\/pharma\/wp-content\/uploads\/sites\/2\/2021\/02\/packaging-machine-customized-1536x998.jpg 1536w, https:\/\/www.stoelzle.com\/pharma\/wp-content\/uploads\/sites\/2\/2021\/02\/packaging-machine-customized-600x390.jpg 600w, https:\/\/www.stoelzle.com\/pharma\/wp-content\/uploads\/sites\/2\/2021\/02\/packaging-machine-customized.jpg 2000w\" sizes=\"auto, (max-width: 992px) 100vw, 992px\" \/>\n          \n         \n      <\/div>[\/vc_column_inner][\/vc_row_inner]<div class=\"vc-spacer spacing-bottom-m\"><\/div>[\/vc_column][\/vc_row]<\/p>\n<\/div>","protected":false},"excerpt":{"rendered":"<p>[vc_row][vc_column][\/vc_column][\/vc_row][vc_row full_width=&#8221;stretch_row_content_no_spaces&#8221;][vc_column][\/vc_column][\/vc_row][vc_row][vc_column][\/vc_column][\/vc_row][vc_row full_width=&#8221;stretch_row&#8221; el_class=&#8221;light-gray&#8221;][vc_column][vc_row_inner content_placement=&#8221;middle&#8221; el_class=&#8221;text-text&#8221;][vc_column_inner width=&#8221;1\/2&#8243;][vc_column_text] Kundenspezifische Verpackungsl\u00f6sungen Was die Verpackung unserer Gl\u00e4ser betrifft, sind wir \u00e4u\u00dferst flexibel und gehen bestm\u00f6glich auf die W\u00fcnsche unserer Kunden ein. So bieten wir neben zahlreichen Standardl\u00f6sungen etwa Gro\u00dftrays, Kleintrays, Schrumpfverpackung, Mietplatten, Zwischeneinlagen aus Karton oder Kunststoff, Euro- oder Industriepaletten \u2013 und vieles mehr.[\/vc_column_text][\/vc_column_inner][vc_column_inner width=&#8221;1\/2&#8243;][\/vc_column_inner][\/vc_row_inner][\/vc_column][\/vc_row]<\/p>\n","protected":false},"author":1,"featured_media":0,"parent":3038,"menu_order":0,"comment_status":"closed","ping_status":"closed","template":"","meta":{"_acf_changed":false,"footnotes":""},"class_list":["post-3057","page","type-page","status-publish","hentry"],"acf":[],"yoast_head":"<!-- This site is optimized with the Yoast SEO plugin v26.6 - https:\/\/yoast.com\/wordpress\/plugins\/seo\/ -->\n<title>Kundenorientierte Verpackungsl\u00f6sungen \u00bb zur \u00dcbersicht | Stoelzle<\/title>\n<meta name=\"description\" content=\"Stoelzle bietet Verpackungspackungsl\u00f6sungen f\u00fcr Ihre individuellen Anfordernisse \u279c diverse Varianten \u2713 Ma\u00dfgeschneiderte L\u00f6sungen \u2713 Mehr!\" \/>\n<meta name=\"robots\" content=\"noindex, follow\" \/>\n<meta property=\"og:locale\" content=\"de_DE\" \/>\n<meta property=\"og:type\" content=\"article\" \/>\n<meta property=\"og:title\" content=\"Kundenorientierte Verpackungsl\u00f6sungen \u00bb zur \u00dcbersicht | Stoelzle\" \/>\n<meta property=\"og:description\" content=\"Stoelzle bietet Verpackungspackungsl\u00f6sungen f\u00fcr Ihre individuellen Anfordernisse \u279c diverse Varianten \u2713 Ma\u00dfgeschneiderte L\u00f6sungen \u2713 Mehr!\" \/>\n<meta property=\"og:url\" content=\"https:\/\/www.stoelzle.com\/pharma\/de\/service\/verpackung\/\" \/>\n<meta property=\"og:site_name\" content=\"Stoelzle Pharma \u2013 Health &amp; Safety\" \/>\n<meta property=\"article:modified_time\" content=\"2021-05-11T06:58:41+00:00\" \/>\n<meta name=\"twitter:card\" content=\"summary_large_image\" \/>\n<meta name=\"twitter:label1\" content=\"Gesch\u00e4tzte Lesezeit\" \/>\n\t<meta name=\"twitter:data1\" content=\"1 Minute\" \/>\n<script type=\"application\/ld+json\" class=\"yoast-schema-graph\">{\"@context\":\"https:\/\/schema.org\",\"@graph\":[{\"@type\":\"WebPage\",\"@id\":\"https:\/\/www.stoelzle.com\/pharma\/de\/service\/verpackung\/\",\"url\":\"https:\/\/www.stoelzle.com\/pharma\/de\/service\/verpackung\/\",\"name\":\"Kundenorientierte Verpackungsl\u00f6sungen \u00bb zur \u00dcbersicht | Stoelzle\",\"isPartOf\":{\"@id\":\"https:\/\/www.stoelzle.com\/pharma\/de\/#website\"},\"datePublished\":\"2021-02-20T16:32:43+00:00\",\"dateModified\":\"2021-05-11T06:58:41+00:00\",\"description\":\"Stoelzle bietet Verpackungspackungsl\u00f6sungen f\u00fcr Ihre individuellen Anfordernisse \u279c diverse Varianten \u2713 Ma\u00dfgeschneiderte L\u00f6sungen \u2713 Mehr!\",\"breadcrumb\":{\"@id\":\"https:\/\/www.stoelzle.com\/pharma\/de\/service\/verpackung\/#breadcrumb\"},\"inLanguage\":\"de-DE\",\"potentialAction\":[{\"@type\":\"ReadAction\",\"target\":[\"https:\/\/www.stoelzle.com\/pharma\/de\/service\/verpackung\/\"]}]},{\"@type\":\"BreadcrumbList\",\"@id\":\"https:\/\/www.stoelzle.com\/pharma\/de\/service\/verpackung\/#breadcrumb\",\"itemListElement\":[{\"@type\":\"ListItem\",\"position\":1,\"name\":\"Home\",\"item\":\"https:\/\/www.stoelzle.com\/de\/\"},{\"@type\":\"ListItem\",\"position\":2,\"name\":\"Pharma\",\"item\":\"https:\/\/www.stoelzle.com\/pharma\/de\/\"},{\"@type\":\"ListItem\",\"position\":3,\"name\":\"Service\",\"item\":\"https:\/\/www.stoelzle.com\/pharma\/de\/service\/\"},{\"@type\":\"ListItem\",\"position\":4,\"name\":\"Verpackung\"}]},{\"@type\":\"WebSite\",\"@id\":\"https:\/\/www.stoelzle.com\/pharma\/de\/#website\",\"url\":\"https:\/\/www.stoelzle.com\/pharma\/de\/\",\"name\":\"Stoelzle Pharma \u2013 Health &amp; Safety\",\"description\":\"\",\"publisher\":{\"@id\":\"https:\/\/www.stoelzle.com\/pharma\/de\/#organization\"},\"potentialAction\":[{\"@type\":\"SearchAction\",\"target\":{\"@type\":\"EntryPoint\",\"urlTemplate\":\"https:\/\/www.stoelzle.com\/pharma\/de\/?s={search_term_string}\"},\"query-input\":{\"@type\":\"PropertyValueSpecification\",\"valueRequired\":true,\"valueName\":\"search_term_string\"}}],\"inLanguage\":\"de-DE\"},{\"@type\":\"Organization\",\"@id\":\"https:\/\/www.stoelzle.com\/pharma\/de\/#organization\",\"name\":\"Stoelzle Pharma - Health & Safety\",\"url\":\"https:\/\/www.stoelzle.com\/pharma\/de\/\",\"logo\":{\"@type\":\"ImageObject\",\"inLanguage\":\"de-DE\",\"@id\":\"https:\/\/www.stoelzle.com\/pharma\/de\/#\/schema\/logo\/image\/\",\"url\":\"https:\/\/www.stoelzle.com\/pharma\/wp-content\/uploads\/sites\/2\/2021\/03\/logo_pharma.svg\",\"contentUrl\":\"https:\/\/www.stoelzle.com\/pharma\/wp-content\/uploads\/sites\/2\/2021\/03\/logo_pharma.svg\",\"width\":212,\"height\":40,\"caption\":\"Stoelzle Pharma - Health & Safety\"},\"image\":{\"@id\":\"https:\/\/www.stoelzle.com\/pharma\/de\/#\/schema\/logo\/image\/\"}}]}<\/script>\n<!-- \/ Yoast SEO plugin. -->","yoast_head_json":{"title":"Kundenorientierte Verpackungsl\u00f6sungen \u00bb zur \u00dcbersicht | Stoelzle","description":"Stoelzle bietet Verpackungspackungsl\u00f6sungen f\u00fcr Ihre individuellen Anfordernisse \u279c diverse Varianten \u2713 Ma\u00dfgeschneiderte L\u00f6sungen \u2713 Mehr!","robots":{"index":"noindex","follow":"follow"},"og_locale":"de_DE","og_type":"article","og_title":"Kundenorientierte Verpackungsl\u00f6sungen \u00bb zur \u00dcbersicht | Stoelzle","og_description":"Stoelzle bietet Verpackungspackungsl\u00f6sungen f\u00fcr Ihre individuellen Anfordernisse \u279c diverse Varianten \u2713 Ma\u00dfgeschneiderte L\u00f6sungen \u2713 Mehr!","og_url":"https:\/\/www.stoelzle.com\/pharma\/de\/service\/verpackung\/","og_site_name":"Stoelzle Pharma \u2013 Health &amp; Safety","article_modified_time":"2021-05-11T06:58:41+00:00","twitter_card":"summary_large_image","twitter_misc":{"Gesch\u00e4tzte Lesezeit":"1 Minute"},"schema":{"@context":"https:\/\/schema.org","@graph":[{"@type":"WebPage","@id":"https:\/\/www.stoelzle.com\/pharma\/de\/service\/verpackung\/","url":"https:\/\/www.stoelzle.com\/pharma\/de\/service\/verpackung\/","name":"Kundenorientierte Verpackungsl\u00f6sungen \u00bb zur \u00dcbersicht | Stoelzle","isPartOf":{"@id":"https:\/\/www.stoelzle.com\/pharma\/de\/#website"},"datePublished":"2021-02-20T16:32:43+00:00","dateModified":"2021-05-11T06:58:41+00:00","description":"Stoelzle bietet Verpackungspackungsl\u00f6sungen f\u00fcr Ihre individuellen Anfordernisse \u279c diverse Varianten \u2713 Ma\u00dfgeschneiderte L\u00f6sungen \u2713 Mehr!","breadcrumb":{"@id":"https:\/\/www.stoelzle.com\/pharma\/de\/service\/verpackung\/#breadcrumb"},"inLanguage":"de-DE","potentialAction":[{"@type":"ReadAction","target":["https:\/\/www.stoelzle.com\/pharma\/de\/service\/verpackung\/"]}]},{"@type":"BreadcrumbList","@id":"https:\/\/www.stoelzle.com\/pharma\/de\/service\/verpackung\/#breadcrumb","itemListElement":[{"@type":"ListItem","position":1,"name":"Home","item":"https:\/\/www.stoelzle.com\/de\/"},{"@type":"ListItem","position":2,"name":"Pharma","item":"https:\/\/www.stoelzle.com\/pharma\/de\/"},{"@type":"ListItem","position":3,"name":"Service","item":"https:\/\/www.stoelzle.com\/pharma\/de\/service\/"},{"@type":"ListItem","position":4,"name":"Verpackung"}]},{"@type":"WebSite","@id":"https:\/\/www.stoelzle.com\/pharma\/de\/#website","url":"https:\/\/www.stoelzle.com\/pharma\/de\/","name":"Stoelzle Pharma \u2013 Health &amp; Safety","description":"","publisher":{"@id":"https:\/\/www.stoelzle.com\/pharma\/de\/#organization"},"potentialAction":[{"@type":"SearchAction","target":{"@type":"EntryPoint","urlTemplate":"https:\/\/www.stoelzle.com\/pharma\/de\/?s={search_term_string}"},"query-input":{"@type":"PropertyValueSpecification","valueRequired":true,"valueName":"search_term_string"}}],"inLanguage":"de-DE"},{"@type":"Organization","@id":"https:\/\/www.stoelzle.com\/pharma\/de\/#organization","name":"Stoelzle Pharma - Health & Safety","url":"https:\/\/www.stoelzle.com\/pharma\/de\/","logo":{"@type":"ImageObject","inLanguage":"de-DE","@id":"https:\/\/www.stoelzle.com\/pharma\/de\/#\/schema\/logo\/image\/","url":"https:\/\/www.stoelzle.com\/pharma\/wp-content\/uploads\/sites\/2\/2021\/03\/logo_pharma.svg","contentUrl":"https:\/\/www.stoelzle.com\/pharma\/wp-content\/uploads\/sites\/2\/2021\/03\/logo_pharma.svg","width":212,"height":40,"caption":"Stoelzle Pharma - Health & Safety"},"image":{"@id":"https:\/\/www.stoelzle.com\/pharma\/de\/#\/schema\/logo\/image\/"}}]}},"_links":{"self":[{"href":"https:\/\/www.stoelzle.com\/pharma\/de\/wp-json\/wp\/v2\/pages\/3057","targetHints":{"allow":["GET"]}}],"collection":[{"href":"https:\/\/www.stoelzle.com\/pharma\/de\/wp-json\/wp\/v2\/pages"}],"about":[{"href":"https:\/\/www.stoelzle.com\/pharma\/de\/wp-json\/wp\/v2\/types\/page"}],"author":[{"embeddable":true,"href":"https:\/\/www.stoelzle.com\/pharma\/de\/wp-json\/wp\/v2\/users\/1"}],"replies":[{"embeddable":true,"href":"https:\/\/www.stoelzle.com\/pharma\/de\/wp-json\/wp\/v2\/comments?post=3057"}],"version-history":[{"count":0,"href":"https:\/\/www.stoelzle.com\/pharma\/de\/wp-json\/wp\/v2\/pages\/3057\/revisions"}],"up":[{"embeddable":true,"href":"https:\/\/www.stoelzle.com\/pharma\/de\/wp-json\/wp\/v2\/pages\/3038"}],"wp:attachment":[{"href":"https:\/\/www.stoelzle.com\/pharma\/de\/wp-json\/wp\/v2\/media?parent=3057"}],"curies":[{"name":"wp","href":"https:\/\/api.w.org\/{rel}","templated":true}]}}