{"id":3055,"date":"2021-01-27T11:29:55","date_gmt":"2021-01-27T11:29:55","guid":{"rendered":"http:\/\/stoelzle.com\/pharma\/about-us\/safety\/"},"modified":"2021-03-10T15:26:50","modified_gmt":"2021-03-10T15:26:50","slug":"sicherheit","status":"publish","type":"page","link":"https:\/\/www.stoelzle.com\/pharma\/de\/ueber-uns\/sicherheit\/","title":{"rendered":"Sicherheit"},"content":{"rendered":"<div class=\"wpb-content-wrapper\"><p>[vc_row][vc_column]<div class=\"vc-title   text-center\">\n              <div class=\"topline\">Eine Grundvoraussetzung<\/div>\n              <h1 class=\"title position-relative separator\">Sicherheit<\/h1>\n              <div class=\"row\"><div class=\"col-md-10 offset-md-1\"><\/p>\n<p class=\"large-text\">Stoelzle Glasverpackungen sind ein wesentlicher Bestandteil des fertigen Arzneimittels. Sicherheit wird bei uns in allen Arbeitsprozessen und Arbeitsschritten gro\u00df geschrieben.<\/p>\n<p><\/div><\/div>\n            <\/div>[\/vc_column][\/vc_row][vc_row full_width=&#8221;stretch_row_content_no_spaces&#8221;][vc_column]<div class=\"vc-two-columns  \">\n                <div class=\"row\">\n                    <div class=\"col-sm-6 bg-gray image-left\"><img loading=\"lazy\" decoding=\"async\" width=\"1024\" height=\"666\" src=\"https:\/\/www.stoelzle.com\/pharma\/wp-content\/uploads\/sites\/2\/2021\/01\/safety-safety-conscious-behaviour-1024x666.jpg\" class=\"w-100 h-100 cover\" alt=\"Mitarbeiterin arbeitet an der Verpackungsmaschine\" srcset=\"https:\/\/www.stoelzle.com\/pharma\/wp-content\/uploads\/sites\/2\/2021\/01\/safety-safety-conscious-behaviour-1024x666.jpg 1024w, https:\/\/www.stoelzle.com\/pharma\/wp-content\/uploads\/sites\/2\/2021\/01\/safety-safety-conscious-behaviour-480x312.jpg 480w, https:\/\/www.stoelzle.com\/pharma\/wp-content\/uploads\/sites\/2\/2021\/01\/safety-safety-conscious-behaviour-1536x998.jpg 1536w, https:\/\/www.stoelzle.com\/pharma\/wp-content\/uploads\/sites\/2\/2021\/01\/safety-safety-conscious-behaviour-992x645.jpg 992w, https:\/\/www.stoelzle.com\/pharma\/wp-content\/uploads\/sites\/2\/2021\/01\/safety-safety-conscious-behaviour-600x390.jpg 600w, https:\/\/www.stoelzle.com\/pharma\/wp-content\/uploads\/sites\/2\/2021\/01\/safety-safety-conscious-behaviour.jpg 2000w\" sizes=\"auto, (max-width: 1024px) 100vw, 1024px\" \/><\/div>\n                    <div class=\"col-sm-6 bg-gray image-left\"><div class=\"column-content h-100 d-flex flex-column justify-content-center\"><\/p>\n<p class=\"h2\">Sicherheitsbewusstes Verhalten<\/p>\n<p>Technologie\u00e4nderungen, Automatisierungen wie auch die Implementierung von Industrie 4.0, fordern bestgeschulte und trainierte Mitarbeiterinnen und Mitarbeiter. Stoelzle investiert und f\u00f6rdert die stetige Aus- und Weiterbildung, um h\u00f6chste Produkt- und Servicequalit\u00e4t zu garantieren.<\/div><\/div>\n                <\/div>\n            <\/div><div class=\"vc-two-columns  \">\n                <div class=\"row\">\n                    <div class=\"col-sm-6 bg-blue image-right\"><div class=\"column-content h-100 d-flex flex-column justify-content-center\"><\/p>\n<p class=\"h2\">Arbeitssicherheit und Gesundheitsschutz<\/p>\n<p>Sicherheit ist ein grundlegendes Prinzip und wir sind uns unserer Verantwortung bewusst. Unser Ziel ist es, ein unfallfreies Industrieunternehmen zu werden. Im Laufe der n\u00e4chsten Monate wird die Installierung des Health &amp; Safety Management Systems ISO 45001 abgeschlossen sein.<\/div><\/div>\n                    <div class=\"col-sm-6 bg-blue image-right\"><img loading=\"lazy\" decoding=\"async\" width=\"1024\" height=\"666\" src=\"https:\/\/www.stoelzle.com\/pharma\/wp-content\/uploads\/sites\/2\/2021\/01\/safety-health-protection-1024x666.jpg\" class=\"w-100 h-100 cover\" alt=\"Mitarbeiter in der Umkleide\" srcset=\"https:\/\/www.stoelzle.com\/pharma\/wp-content\/uploads\/sites\/2\/2021\/01\/safety-health-protection-1024x666.jpg 1024w, https:\/\/www.stoelzle.com\/pharma\/wp-content\/uploads\/sites\/2\/2021\/01\/safety-health-protection-480x312.jpg 480w, https:\/\/www.stoelzle.com\/pharma\/wp-content\/uploads\/sites\/2\/2021\/01\/safety-health-protection-1536x998.jpg 1536w, https:\/\/www.stoelzle.com\/pharma\/wp-content\/uploads\/sites\/2\/2021\/01\/safety-health-protection-992x645.jpg 992w, https:\/\/www.stoelzle.com\/pharma\/wp-content\/uploads\/sites\/2\/2021\/01\/safety-health-protection-600x390.jpg 600w, https:\/\/www.stoelzle.com\/pharma\/wp-content\/uploads\/sites\/2\/2021\/01\/safety-health-protection.jpg 2000w\" sizes=\"auto, (max-width: 1024px) 100vw, 1024px\" \/><\/div>\n                <\/div>\n            <\/div>[\/vc_column][\/vc_row][vc_row][vc_column]<div class=\"vc-spacer spacing-bottom-m\"><\/div>[vc_row_inner content_placement=&#8221;middle&#8221; el_class=&#8221;text-text&#8221;][vc_column_inner width=&#8221;1\/2&#8243;]\n      <div class=\"vc-image\">\n         \n          <img loading=\"lazy\" decoding=\"async\" width=\"2000\" height=\"1081\" src=\"https:\/\/www.stoelzle.com\/pharma\/wp-content\/uploads\/sites\/2\/2021\/01\/safety-sip-intelligent-production.jpg\" class=\"img-fluid w-100 h-100 d-none d-md-block\" alt=\"Screen with SIP program\" srcset=\"https:\/\/www.stoelzle.com\/pharma\/wp-content\/uploads\/sites\/2\/2021\/01\/safety-sip-intelligent-production.jpg 2000w, https:\/\/www.stoelzle.com\/pharma\/wp-content\/uploads\/sites\/2\/2021\/01\/safety-sip-intelligent-production-480x259.jpg 480w, https:\/\/www.stoelzle.com\/pharma\/wp-content\/uploads\/sites\/2\/2021\/01\/safety-sip-intelligent-production-1024x553.jpg 1024w, https:\/\/www.stoelzle.com\/pharma\/wp-content\/uploads\/sites\/2\/2021\/01\/safety-sip-intelligent-production-1536x830.jpg 1536w, https:\/\/www.stoelzle.com\/pharma\/wp-content\/uploads\/sites\/2\/2021\/01\/safety-sip-intelligent-production-992x536.jpg 992w, https:\/\/www.stoelzle.com\/pharma\/wp-content\/uploads\/sites\/2\/2021\/01\/safety-sip-intelligent-production-600x324.jpg 600w\" sizes=\"auto, (max-width: 2000px) 100vw, 2000px\" \/> \n          <img loading=\"lazy\" decoding=\"async\" width=\"992\" height=\"536\" src=\"https:\/\/www.stoelzle.com\/pharma\/wp-content\/uploads\/sites\/2\/2021\/01\/safety-sip-intelligent-production-992x536.jpg\" class=\"img-fluid w-100 h-100 d-mdx-none\" alt=\"Screen with SIP program\" srcset=\"https:\/\/www.stoelzle.com\/pharma\/wp-content\/uploads\/sites\/2\/2021\/01\/safety-sip-intelligent-production-992x536.jpg 992w, https:\/\/www.stoelzle.com\/pharma\/wp-content\/uploads\/sites\/2\/2021\/01\/safety-sip-intelligent-production-480x259.jpg 480w, https:\/\/www.stoelzle.com\/pharma\/wp-content\/uploads\/sites\/2\/2021\/01\/safety-sip-intelligent-production-1024x553.jpg 1024w, https:\/\/www.stoelzle.com\/pharma\/wp-content\/uploads\/sites\/2\/2021\/01\/safety-sip-intelligent-production-1536x830.jpg 1536w, https:\/\/www.stoelzle.com\/pharma\/wp-content\/uploads\/sites\/2\/2021\/01\/safety-sip-intelligent-production-600x324.jpg 600w, https:\/\/www.stoelzle.com\/pharma\/wp-content\/uploads\/sites\/2\/2021\/01\/safety-sip-intelligent-production.jpg 2000w\" sizes=\"auto, (max-width: 992px) 100vw, 992px\" \/>\n          \n         \n      <\/div>[\/vc_column_inner][vc_column_inner width=&#8221;1\/2&#8243;][vc_column_text]<\/p>\n<p class=\"h2\">Sichere Produkte intelligent produziert<\/p>\n<p>Digitalisierung ist f\u00fcr uns ein laufender Prozess, in dem die Evaluierung von Produktionsprozessen sowie das Testen und Umsetzen neuer, zukunftsweisender Systeme im Vordergrund stehen.<\/p>\n<ul>\n<li><strong>Web-Entwicklung:<\/strong> Die intern entwickelte SIP Software soll den Fertigungsprozess durch das Sammeln und Auswerten von Daten kontinuierlich verbessern.<\/li>\n<li><strong>Vernetzung des Maschinenparks:<\/strong> Alle Fertigungs und Inspektionsmaschinen sind in einem Netzwerk verbunden und speisen s\u00e4mtliche anfallenden Daten in eine zentrale Datenbank ein.<\/li>\n<li><strong>Zentrale Wissensdatenbank:<\/strong> An allen Stoelzle Standorten werden Daten gesammelt, um den Herstellungsprozess zu analysieren.<\/li>\n<li><strong>Erh\u00f6hung der Reaktionsgeschwindigkeit:<\/strong> Durch ein maximales Prozessverst\u00e4ndnis werden Flexibilit\u00e4t und Reaktionsgeschwindigkeit bestm\u00f6glich erh\u00f6ht.<\/li>\n<\/ul>\n<p>[\/vc_column_text][\/vc_column_inner][\/vc_row_inner]<div class=\"vc-spacer spacing-bottom-m\"><\/div>[\/vc_column][\/vc_row]<\/p>\n<\/div>","protected":false},"excerpt":{"rendered":"<p>[vc_row][vc_column][\/vc_column][\/vc_row][vc_row full_width=&#8221;stretch_row_content_no_spaces&#8221;][vc_column][\/vc_column][\/vc_row][vc_row][vc_column][vc_row_inner content_placement=&#8221;middle&#8221; el_class=&#8221;text-text&#8221;][vc_column_inner width=&#8221;1\/2&#8243;][\/vc_column_inner][vc_column_inner width=&#8221;1\/2&#8243;][vc_column_text] Sichere Produkte intelligent produziert Digitalisierung ist f\u00fcr uns ein laufender Prozess, in dem die Evaluierung von Produktionsprozessen sowie das Testen und Umsetzen neuer, zukunftsweisender Systeme im Vordergrund stehen. Web-Entwicklung: Die intern entwickelte SIP Software soll den Fertigungsprozess durch das Sammeln und Auswerten von Daten kontinuierlich verbessern. Vernetzung des Maschinenparks: [&hellip;]<\/p>\n","protected":false},"author":1,"featured_media":0,"parent":3045,"menu_order":0,"comment_status":"closed","ping_status":"closed","template":"","meta":{"_acf_changed":false,"footnotes":""},"class_list":["post-3055","page","type-page","status-publish","hentry"],"acf":[],"yoast_head":"<!-- This site is optimized with the Yoast SEO plugin v26.6 - https:\/\/yoast.com\/wordpress\/plugins\/seo\/ -->\n<title>Sicherheit \u00bb H\u00f6chste Priorit\u00e4t | Stoelzle Pharma - Health &amp; Safety<\/title>\n<meta name=\"description\" content=\"Sicherheitma\u00dfnahmen \u279c in Arbeitsprozessen \u2713 in Arbeitsschritten \u2713 Gesundheitsschutz \u2713 Digitalisierung \u2713Mehr erfahren!\" \/>\n<meta name=\"robots\" content=\"index, follow, max-snippet:-1, max-image-preview:large, max-video-preview:-1\" \/>\n<link rel=\"canonical\" href=\"https:\/\/www.stoelzle.com\/pharma\/de\/ueber-uns\/sicherheit\/\" \/>\n<meta property=\"og:locale\" content=\"de_DE\" \/>\n<meta property=\"og:type\" content=\"article\" \/>\n<meta property=\"og:title\" content=\"Sicherheit \u00bb H\u00f6chste Priorit\u00e4t | Stoelzle Pharma - Health &amp; Safety\" \/>\n<meta property=\"og:description\" content=\"Sicherheitma\u00dfnahmen \u279c in Arbeitsprozessen \u2713 in Arbeitsschritten \u2713 Gesundheitsschutz \u2713 Digitalisierung \u2713Mehr erfahren!\" \/>\n<meta property=\"og:url\" content=\"https:\/\/www.stoelzle.com\/pharma\/de\/ueber-uns\/sicherheit\/\" \/>\n<meta property=\"og:site_name\" content=\"Stoelzle Pharma \u2013 Health &amp; Safety\" \/>\n<meta property=\"article:modified_time\" content=\"2021-03-10T15:26:50+00:00\" \/>\n<meta name=\"twitter:card\" content=\"summary_large_image\" \/>\n<meta name=\"twitter:label1\" content=\"Gesch\u00e4tzte Lesezeit\" \/>\n\t<meta name=\"twitter:data1\" content=\"1 Minute\" \/>\n<script type=\"application\/ld+json\" class=\"yoast-schema-graph\">{\"@context\":\"https:\/\/schema.org\",\"@graph\":[{\"@type\":\"WebPage\",\"@id\":\"https:\/\/www.stoelzle.com\/pharma\/de\/ueber-uns\/sicherheit\/\",\"url\":\"https:\/\/www.stoelzle.com\/pharma\/de\/ueber-uns\/sicherheit\/\",\"name\":\"Sicherheit \u00bb H\u00f6chste Priorit\u00e4t | Stoelzle Pharma - Health & Safety\",\"isPartOf\":{\"@id\":\"https:\/\/www.stoelzle.com\/pharma\/de\/#website\"},\"datePublished\":\"2021-01-27T11:29:55+00:00\",\"dateModified\":\"2021-03-10T15:26:50+00:00\",\"description\":\"Sicherheitma\u00dfnahmen \u279c in Arbeitsprozessen \u2713 in Arbeitsschritten \u2713 Gesundheitsschutz \u2713 Digitalisierung \u2713Mehr erfahren!\",\"breadcrumb\":{\"@id\":\"https:\/\/www.stoelzle.com\/pharma\/de\/ueber-uns\/sicherheit\/#breadcrumb\"},\"inLanguage\":\"de-DE\",\"potentialAction\":[{\"@type\":\"ReadAction\",\"target\":[\"https:\/\/www.stoelzle.com\/pharma\/de\/ueber-uns\/sicherheit\/\"]}]},{\"@type\":\"BreadcrumbList\",\"@id\":\"https:\/\/www.stoelzle.com\/pharma\/de\/ueber-uns\/sicherheit\/#breadcrumb\",\"itemListElement\":[{\"@type\":\"ListItem\",\"position\":1,\"name\":\"Home\",\"item\":\"https:\/\/www.stoelzle.com\/de\/\"},{\"@type\":\"ListItem\",\"position\":2,\"name\":\"Pharma\",\"item\":\"https:\/\/www.stoelzle.com\/pharma\/de\/\"},{\"@type\":\"ListItem\",\"position\":3,\"name\":\"\u00dcber uns\",\"item\":\"https:\/\/www.stoelzle.com\/pharma\/de\/ueber-uns\/\"},{\"@type\":\"ListItem\",\"position\":4,\"name\":\"Sicherheit\"}]},{\"@type\":\"WebSite\",\"@id\":\"https:\/\/www.stoelzle.com\/pharma\/de\/#website\",\"url\":\"https:\/\/www.stoelzle.com\/pharma\/de\/\",\"name\":\"Stoelzle Pharma \u2013 Health &amp; Safety\",\"description\":\"\",\"publisher\":{\"@id\":\"https:\/\/www.stoelzle.com\/pharma\/de\/#organization\"},\"potentialAction\":[{\"@type\":\"SearchAction\",\"target\":{\"@type\":\"EntryPoint\",\"urlTemplate\":\"https:\/\/www.stoelzle.com\/pharma\/de\/?s={search_term_string}\"},\"query-input\":{\"@type\":\"PropertyValueSpecification\",\"valueRequired\":true,\"valueName\":\"search_term_string\"}}],\"inLanguage\":\"de-DE\"},{\"@type\":\"Organization\",\"@id\":\"https:\/\/www.stoelzle.com\/pharma\/de\/#organization\",\"name\":\"Stoelzle Pharma - Health & Safety\",\"url\":\"https:\/\/www.stoelzle.com\/pharma\/de\/\",\"logo\":{\"@type\":\"ImageObject\",\"inLanguage\":\"de-DE\",\"@id\":\"https:\/\/www.stoelzle.com\/pharma\/de\/#\/schema\/logo\/image\/\",\"url\":\"https:\/\/www.stoelzle.com\/pharma\/wp-content\/uploads\/sites\/2\/2021\/03\/logo_pharma.svg\",\"contentUrl\":\"https:\/\/www.stoelzle.com\/pharma\/wp-content\/uploads\/sites\/2\/2021\/03\/logo_pharma.svg\",\"width\":212,\"height\":40,\"caption\":\"Stoelzle Pharma - Health & Safety\"},\"image\":{\"@id\":\"https:\/\/www.stoelzle.com\/pharma\/de\/#\/schema\/logo\/image\/\"}}]}<\/script>\n<!-- \/ Yoast SEO plugin. -->","yoast_head_json":{"title":"Sicherheit \u00bb H\u00f6chste Priorit\u00e4t | Stoelzle Pharma - Health & Safety","description":"Sicherheitma\u00dfnahmen \u279c in Arbeitsprozessen \u2713 in Arbeitsschritten \u2713 Gesundheitsschutz \u2713 Digitalisierung \u2713Mehr erfahren!","robots":{"index":"index","follow":"follow","max-snippet":"max-snippet:-1","max-image-preview":"max-image-preview:large","max-video-preview":"max-video-preview:-1"},"canonical":"https:\/\/www.stoelzle.com\/pharma\/de\/ueber-uns\/sicherheit\/","og_locale":"de_DE","og_type":"article","og_title":"Sicherheit \u00bb H\u00f6chste Priorit\u00e4t | Stoelzle Pharma - Health & Safety","og_description":"Sicherheitma\u00dfnahmen \u279c in Arbeitsprozessen \u2713 in Arbeitsschritten \u2713 Gesundheitsschutz \u2713 Digitalisierung \u2713Mehr erfahren!","og_url":"https:\/\/www.stoelzle.com\/pharma\/de\/ueber-uns\/sicherheit\/","og_site_name":"Stoelzle Pharma \u2013 Health &amp; Safety","article_modified_time":"2021-03-10T15:26:50+00:00","twitter_card":"summary_large_image","twitter_misc":{"Gesch\u00e4tzte Lesezeit":"1 Minute"},"schema":{"@context":"https:\/\/schema.org","@graph":[{"@type":"WebPage","@id":"https:\/\/www.stoelzle.com\/pharma\/de\/ueber-uns\/sicherheit\/","url":"https:\/\/www.stoelzle.com\/pharma\/de\/ueber-uns\/sicherheit\/","name":"Sicherheit \u00bb H\u00f6chste Priorit\u00e4t | Stoelzle Pharma - Health & Safety","isPartOf":{"@id":"https:\/\/www.stoelzle.com\/pharma\/de\/#website"},"datePublished":"2021-01-27T11:29:55+00:00","dateModified":"2021-03-10T15:26:50+00:00","description":"Sicherheitma\u00dfnahmen \u279c in Arbeitsprozessen \u2713 in Arbeitsschritten \u2713 Gesundheitsschutz \u2713 Digitalisierung \u2713Mehr erfahren!","breadcrumb":{"@id":"https:\/\/www.stoelzle.com\/pharma\/de\/ueber-uns\/sicherheit\/#breadcrumb"},"inLanguage":"de-DE","potentialAction":[{"@type":"ReadAction","target":["https:\/\/www.stoelzle.com\/pharma\/de\/ueber-uns\/sicherheit\/"]}]},{"@type":"BreadcrumbList","@id":"https:\/\/www.stoelzle.com\/pharma\/de\/ueber-uns\/sicherheit\/#breadcrumb","itemListElement":[{"@type":"ListItem","position":1,"name":"Home","item":"https:\/\/www.stoelzle.com\/de\/"},{"@type":"ListItem","position":2,"name":"Pharma","item":"https:\/\/www.stoelzle.com\/pharma\/de\/"},{"@type":"ListItem","position":3,"name":"\u00dcber uns","item":"https:\/\/www.stoelzle.com\/pharma\/de\/ueber-uns\/"},{"@type":"ListItem","position":4,"name":"Sicherheit"}]},{"@type":"WebSite","@id":"https:\/\/www.stoelzle.com\/pharma\/de\/#website","url":"https:\/\/www.stoelzle.com\/pharma\/de\/","name":"Stoelzle Pharma \u2013 Health &amp; Safety","description":"","publisher":{"@id":"https:\/\/www.stoelzle.com\/pharma\/de\/#organization"},"potentialAction":[{"@type":"SearchAction","target":{"@type":"EntryPoint","urlTemplate":"https:\/\/www.stoelzle.com\/pharma\/de\/?s={search_term_string}"},"query-input":{"@type":"PropertyValueSpecification","valueRequired":true,"valueName":"search_term_string"}}],"inLanguage":"de-DE"},{"@type":"Organization","@id":"https:\/\/www.stoelzle.com\/pharma\/de\/#organization","name":"Stoelzle Pharma - Health & Safety","url":"https:\/\/www.stoelzle.com\/pharma\/de\/","logo":{"@type":"ImageObject","inLanguage":"de-DE","@id":"https:\/\/www.stoelzle.com\/pharma\/de\/#\/schema\/logo\/image\/","url":"https:\/\/www.stoelzle.com\/pharma\/wp-content\/uploads\/sites\/2\/2021\/03\/logo_pharma.svg","contentUrl":"https:\/\/www.stoelzle.com\/pharma\/wp-content\/uploads\/sites\/2\/2021\/03\/logo_pharma.svg","width":212,"height":40,"caption":"Stoelzle Pharma - Health & Safety"},"image":{"@id":"https:\/\/www.stoelzle.com\/pharma\/de\/#\/schema\/logo\/image\/"}}]}},"_links":{"self":[{"href":"https:\/\/www.stoelzle.com\/pharma\/de\/wp-json\/wp\/v2\/pages\/3055","targetHints":{"allow":["GET"]}}],"collection":[{"href":"https:\/\/www.stoelzle.com\/pharma\/de\/wp-json\/wp\/v2\/pages"}],"about":[{"href":"https:\/\/www.stoelzle.com\/pharma\/de\/wp-json\/wp\/v2\/types\/page"}],"author":[{"embeddable":true,"href":"https:\/\/www.stoelzle.com\/pharma\/de\/wp-json\/wp\/v2\/users\/1"}],"replies":[{"embeddable":true,"href":"https:\/\/www.stoelzle.com\/pharma\/de\/wp-json\/wp\/v2\/comments?post=3055"}],"version-history":[{"count":0,"href":"https:\/\/www.stoelzle.com\/pharma\/de\/wp-json\/wp\/v2\/pages\/3055\/revisions"}],"up":[{"embeddable":true,"href":"https:\/\/www.stoelzle.com\/pharma\/de\/wp-json\/wp\/v2\/pages\/3045"}],"wp:attachment":[{"href":"https:\/\/www.stoelzle.com\/pharma\/de\/wp-json\/wp\/v2\/media?parent=3055"}],"curies":[{"name":"wp","href":"https:\/\/api.w.org\/{rel}","templated":true}]}}