{"id":3053,"date":"2021-01-27T11:29:30","date_gmt":"2021-01-27T11:29:30","guid":{"rendered":"http:\/\/stoelzle.com\/pharma\/about-us\/quality\/"},"modified":"2021-05-18T05:59:48","modified_gmt":"2021-05-18T05:59:48","slug":"qualitaet","status":"publish","type":"page","link":"https:\/\/www.stoelzle.com\/pharma\/de\/ueber-uns\/qualitaet\/","title":{"rendered":"Qualit\u00e4t"},"content":{"rendered":"<div class=\"wpb-content-wrapper\"><p>[vc_row][vc_column]<div class=\"vc-title   text-center\">\n              <div class=\"topline\">F\u00fcr unsere Kunden nur das Beste<\/div>\n              <h1 class=\"title position-relative separator\">Qualit\u00e4t<\/h1>\n              <div class=\"row\"><div class=\"col-md-10 offset-md-1\"><\/p>\n<p class=\"large-text\">Sowohl die Produktions- als auch Qualit\u00e4tskontrolle unserer europ\u00e4ischen Produktionsst\u00e4tten unterliegen strengen Richtlinien. Durch gruppenweite standardisierte Qualit\u00e4tsprozesse k\u00f6nnen sich unsere Werke gegenseitig unterst\u00fctzen und flexibel auf Kundenanforderungen reagieren.<\/p>\n<p><\/div><\/div>\n            <\/div>[\/vc_column][\/vc_row][vc_row full_width=&#8221;stretch_row_content_no_spaces&#8221;][vc_column]<div id=\"id-0\" class=\"row no-gutters  spacing-bottom-s\">\n        <div class=\"col-sm-6 col-md-4 col-lg-3 \">\n          <div class=\"card card-text theme-blue\">\n            \n            <div class=\"card-overlay d-flex flex-column\">\n            <div class=\"sub-headline w-100\">Standards<\/div>\n            <div class=\"headline h3 w-100\">Stoelzle Qualit\u00e4tsmanagement<\/div>\n            <div class=\"desc w-100\"><p>Standardisierte Qualit\u00e4tsprozesse in unseren Produktionswerken f\u00fchren zu einer einheitlich hohen Produktionsqualit\u00e4t.<\/p><\/div>\n            \n              <div class=\"mt-auto\">\n                \n              <\/div>\n            <\/div>\n          <\/div>\n        <\/div>\n        <div class=\"col-sm-6 col-md-4 col-lg-3 d-block d-md-none d-lg-block\">\n          <div class=\"card theme-dark\">\n            \n          <div class=\"card-image position-absolute w-100 h-100\">\n            <img decoding=\"async\" class=\"w-100 h-100\"  src=\"https:\/\/www.stoelzle.com\/pharma\/wp-content\/uploads\/sites\/2\/2021\/01\/quality-stars.jpg\" alt=\"Piktogramm von 3 Sternen\" \/>\n          <\/div>\n            <div class=\"card-overlay d-flex flex-column\">\n            \n            \n            \n            \n              <div class=\"mt-auto\">\n                \n              <\/div>\n            <\/div>\n          <\/div>\n        <\/div>\n        <div class=\"col-sm-6 col-md-4 col-lg-3 \">\n          <a href=\"\/pharma\/de\/downloads\/\"  class=\"card d-block card-text theme-white\">\n            \n            <div class=\"card-overlay d-flex flex-column\">\n            <div class=\"sub-headline w-100\">Downloads<\/div>\n            <div class=\"headline h3 w-100\">Zertifikate & Richtlinien<\/div>\n            <div class=\"desc w-100\"><p><ul>\n<li>ISO 9001<\/li>\n<li>ISO 15378 (GMP)<\/li>\n<li>Active Drugmaster File bei der FDA und Kanada<\/li>\n<li>BRC IOP Food packaging standard<\/li>\n<\/ul><\/p><\/div>\n            \n              <div class=\"mt-auto\">\n                <span class=\"cta big-button arrow\"><\/span>\n              <\/div>\n            <\/div>\n          <\/a>\n        <\/div>\n        <div class=\"col-sm-6 col-md-4 col-lg-3 \">\n          <a href=\"https:\/\/stoelzle.com\/pharma\/de\/kontakt\/\"  class=\"card d-block card-text theme-light-gray\">\n            \n            <div class=\"card-overlay d-flex flex-column\">\n            <div class=\"sub-headline w-100\">Kontakt<\/div>\n            <div class=\"headline h3 w-100\">Qualit\u00e4ts-Management-Team<\/div>\n            \n            \n              <div class=\"mt-auto\">\n                <span class=\"cta big-button arrow\"><\/span>\n              <\/div>\n            <\/div>\n          <\/a>\n        <\/div><\/div>[\/vc_column][\/vc_row][vc_row][vc_column]<div class=\"vc-title   text-center\">\n              \n              <h2 class=\"title position-relative\">Unsere Standards<\/h2>\n              \n            <\/div><div id=\"id-standards-slider\" class=\" spacing-bottom-s\"><div class=\"mb-4\"><div class=\"row\"><div class=\"col content-slider-arrows text-center\"><\/div><\/div><\/div><div class=\"row content-slider mb-5\"><div class=\"col\"><div>\n                        <div class=\"mb-3\"><div class=\"content-slider-image\">\n                      <img decoding=\"async\" class=\"img-fluid w-100 h-100\" src=\"https:\/\/www.stoelzle.com\/pharma\/wp-content\/uploads\/sites\/2\/2021\/02\/quality-quality-in-processes-and-products.jpg\" alt=\"One person operate a check point in production\">\n                    <\/div><\/div>\n                        <div class=\"h3 content-slider-title\">Prozess- und Produktqualit\u00e4t<\/div><div class=\"content-slider-text\"><ul>\n<li>Qualit\u00e4tspr\u00fcfungen gem\u00e4\u00df europ\u00e4ischer, japanischer und US-Pharmacopeia<\/li>\n<li>\u00dcberpr\u00fcfungen des Gehalts von Schwermetallen<\/li>\n<li>Mikrobiologische Pr\u00fcfungen und Partikeltests<\/li>\n<li>Umfassenden Qualit\u00e4tskontrollen mittels modernster Inspektionsmaschinen<\/li>\n<li>Erstklassige und modernste Fertigungs- und Pr\u00fcfanlagen<\/li>\n<\/ul><\/div>\n                      <\/div><\/div><div class=\"col\"><div>\n                        <div class=\"mb-3\"><div class=\"content-slider-image\">\n                      <img decoding=\"async\" class=\"img-fluid w-100 h-100\" src=\"https:\/\/www.stoelzle.com\/pharma\/wp-content\/uploads\/sites\/2\/2021\/02\/quality-standards.jpg\" alt=\"The control parameters are displayed via a screen\">\n                    <\/div><\/div>\n                        <div class=\"h3 content-slider-title\">Qualit\u00e4tsstandards<\/div><div class=\"content-slider-text\">Stoelzle ist bestrebt die Prozessf\u00e4higkeit kontinuierlich zu verbessern. Unsere Mitarbeiter, wie auch Digitalisierungs- und Verbesserungsma\u00dfnahmen unterst\u00fctzen uns dabei und wir investieren kontinuierlich in erstklassige Inspektionsmaschinen und modernste Produktionssysteme.<br><br>\n<ul>\n<li>ISO 9001<\/li>\n<li>ISO 15378 (GMP)<\/li>\n<li>Active Drugmaster File bei der FDA und Kanada<\/li>\n<\/ul><\/div>\n                      <\/div><\/div><div class=\"col\"><div>\n                        <div class=\"mb-3\"><div class=\"content-slider-image\">\n                      <img decoding=\"async\" class=\"img-fluid w-100 h-100\" src=\"https:\/\/www.stoelzle.com\/pharma\/wp-content\/uploads\/sites\/2\/2021\/02\/quality-microbiological-laboratory.jpg\" alt=\"One person checks the petri dish with a magnifying glass\">\n                    <\/div><\/div>\n                        <div class=\"h3 content-slider-title\">Mikrobiologisches Labor<\/div><div class=\"content-slider-text\">Die regelm\u00e4\u00dfige Teilnahme an Vergleichs-\/Ringversuchen (innerhalb der Stoelzle Glasgruppe und mit externen Labors) gew\u00e4hrleistet eine gleichbleibend hohe Qualit\u00e4t und Genauigkeit der Testverfahren. Die durchgef\u00fchrten Tests konzentrieren sich auf drei Bereiche:<br><br>\n<ul>\n<li>Analyse der Glasbeh\u00e4ltnisse auf mikrobiologische und partikul\u00e4re Verunreinigungen<\/li>\n<li>Monitoring der Umgebungsbedingungen<\/li>\n<li>\u00dcberwachung des hygienischen Verhaltens der Mitarbeiter<\/li>\n<\/ul><\/div>\n                      <\/div><\/div><div class=\"col\"><div>\n                        <div class=\"mb-3\"><div class=\"content-slider-image\">\n                      <img decoding=\"async\" class=\"img-fluid w-100 h-100\" src=\"https:\/\/www.stoelzle.com\/pharma\/wp-content\/uploads\/sites\/2\/2021\/02\/quality-chemical-laboratory.jpg\" alt=\"Person is checking the raw materials in the chemical laboratory\">\n                    <\/div><\/div>\n                        <div class=\"h3 content-slider-title\">Chemisches Labor<\/div><div class=\"content-slider-text\">In unserem gut ausgestatteten Labor verf\u00fcgen wir \u00fcber eine langj\u00e4hrige Erfahrung in einer Vielzahl von Tests zur Qualit\u00e4tssicherung und Produktionsunterst\u00fctzung, diese umfassen:<br><br>\n<ul>\n<li>Bestimmung der hydrolytischen Best\u00e4ndigkeit (innere Oberfl\u00e4che und Glask\u00f6rner) nach den neuesten Versionen von E.P.\/USP, ISO\u00a04802-1 und ISO\u00a0719<\/li>\n<li>Messungen von Glasfarbparametern und Dichte<\/li>\n<li>\u00dcberwachung ausgew\u00e4hlter Rohstoffparameter (z.B. Gehalt an Eisen, Tonerde, Sulfat)<\/li>\n<\/ul><\/div>\n                      <\/div><\/div><div class=\"col\"><div>\n                        <div class=\"mb-3\"><div class=\"content-slider-image\">\n                      <img decoding=\"async\" class=\"img-fluid w-100 h-100\" src=\"https:\/\/www.stoelzle.com\/pharma\/wp-content\/uploads\/sites\/2\/2021\/02\/quality-technical-customer-service.jpg\" alt=\"Graphic to show our technical customer service\">\n                    <\/div><\/div>\n                        <div class=\"h3 content-slider-title\">Technischer Kundendienst<\/div><div class=\"content-slider-text\">Wir begleiten unsere Kunden vor, w\u00e4hrend und nach der Abf\u00fcllung. Mit proaktiven Kundenbesuchen erm\u00f6glichen wir die reibungslose Umstellung auf neue Artikel. Gerne begleiten wir Sie auch technisch bei Testabf\u00fcllungen vor Ort.<br><br>\nProfitieren Sie von:\n<ul>\n \t<li>Einem weltweiten Netzwerk an Kundenberatern<\/li>\n \t<li>Unserem technischen Kundendienst<\/li>\n \t<li>Proaktiven Kundenbesuchen und Beratung<\/li>\n<\/ul><\/div>\n                      <\/div><\/div><\/div><\/div>\n    <script async>\n      jQuery(document).ready(function($) {\n        jQuery(\"#id-standards-slider .content-slider\").slick({\n          slidesToShow: 3,\n          prevArrow: \"<span class=\\\"d-inline-block slick-arrow slick-arrow-prev\\\"><\/span>\",\n          nextArrow: \"<span class=\\\"d-inline-block slick-arrow slick-arrow-next\\\"><\/span>\",\n          appendArrows: $(\"#id-standards-slider .content-slider-arrows\"),\n          adaptiveHeight: true,\n          responsive: [\n            {\n              breakpoint: 1024,\n              settings: {\n                slidesToShow: 2\n              }\n            },\n            {\n              breakpoint: 768,\n              settings: {\n                slidesToShow: 1\n              }\n            },\n          ]\n        });\n      });\n    <\/script>[\/vc_column][\/vc_row][vc_row][vc_column]<div class=\"vc-two-columns  \">\n                <div class=\"row\">\n                    <div class=\"col-sm-6 bg-gray image-right\"><div class=\"column-content h-100 d-flex flex-column justify-content-center\"><\/p>\n<p class=\"h2\">Kontinuierliche Verbesserung<\/p>\n<p>Als Stoelzle-Team optimieren wir unsere Arbeitsprozesse st\u00e4ndig. Dazu dienen eine Vielzahl an innerbetrieblichen Systemen:<\/p>\n<ul>\n<li><strong>Stoelzle Ideen Management:<\/strong> Ideen und Vorschl\u00e4ge unserer Mitarbeiter.<\/li>\n<li><strong>CAPA:<\/strong> Wir l\u00f6sen Probleme und identifizieren Ursachen nach einer strukturierten Methodik.<\/li>\n<li><strong>Plan, do, check, act:<\/strong> Wir arbeiten nach dem PDCA Modell um unser gruppenweites Qualit\u00e4tsmanagement zu optimieren.<\/li>\n<li><strong>Schulung &amp; Qualifikation:<\/strong> Gruppenweite Fortbildungen f\u00fcr unsere Mitarbeiter.<\/li>\n<li><strong>Null-Fehler-Strategie:<\/strong> Unsere Firmenkultur und Standards unterst\u00fctzen fehlerfreie Prozesse.<\/li>\n<\/ul>\n<p><\/div><\/div>\n                    <div class=\"col-sm-6 bg-gray image-right\"><img loading=\"lazy\" decoding=\"async\" width=\"1024\" height=\"666\" src=\"https:\/\/www.stoelzle.com\/pharma\/wp-content\/uploads\/sites\/2\/2021\/03\/about-us-continuous-improvement-1024x666.jpg\" class=\"w-100 h-100 cover\" alt=\"Mitarbeiter arbeitet vor dem Computer\" srcset=\"https:\/\/www.stoelzle.com\/pharma\/wp-content\/uploads\/sites\/2\/2021\/03\/about-us-continuous-improvement-1024x666.jpg 1024w, https:\/\/www.stoelzle.com\/pharma\/wp-content\/uploads\/sites\/2\/2021\/03\/about-us-continuous-improvement-480x312.jpg 480w, https:\/\/www.stoelzle.com\/pharma\/wp-content\/uploads\/sites\/2\/2021\/03\/about-us-continuous-improvement-1536x998.jpg 1536w, https:\/\/www.stoelzle.com\/pharma\/wp-content\/uploads\/sites\/2\/2021\/03\/about-us-continuous-improvement-992x645.jpg 992w, https:\/\/www.stoelzle.com\/pharma\/wp-content\/uploads\/sites\/2\/2021\/03\/about-us-continuous-improvement-600x390.jpg 600w, https:\/\/www.stoelzle.com\/pharma\/wp-content\/uploads\/sites\/2\/2021\/03\/about-us-continuous-improvement.jpg 2000w\" sizes=\"auto, (max-width: 1024px) 100vw, 1024px\" \/><\/div>\n                <\/div>\n            <\/div>[\/vc_column][\/vc_row]<\/p>\n<\/div>","protected":false},"excerpt":{"rendered":"<p>[vc_row][vc_column][\/vc_column][\/vc_row][vc_row full_width=&#8221;stretch_row_content_no_spaces&#8221;][vc_column][\/vc_column][\/vc_row][vc_row][vc_column][\/vc_column][\/vc_row][vc_row][vc_column][\/vc_column][\/vc_row]<\/p>\n","protected":false},"author":1,"featured_media":0,"parent":3045,"menu_order":0,"comment_status":"closed","ping_status":"closed","template":"","meta":{"_acf_changed":false,"footnotes":""},"class_list":["post-3053","page","type-page","status-publish","hentry"],"acf":[],"yoast_head":"<!-- This site is optimized with the Yoast SEO plugin v26.6 - https:\/\/yoast.com\/wordpress\/plugins\/seo\/ -->\n<title>F\u00fcr unsere Kunden nur das Beste \u00bb Qualit\u00e4tskonzept | Stoelzle Pharma<\/title>\n<meta name=\"description\" content=\"Qualit\u00e4tskontrolle \u279c GMP 15378 \u2713 Managementsystem \u2713 kontinuierliche Verbesserung \u2713 zuverl\u00e4ssiger Partner \u2713 Mehr erfahren!\" \/>\n<meta name=\"robots\" content=\"index, follow, max-snippet:-1, max-image-preview:large, max-video-preview:-1\" \/>\n<link rel=\"canonical\" href=\"https:\/\/www.stoelzle.com\/de\/unternehmen\/qualitaet\/\" \/>\n<meta property=\"og:locale\" content=\"de_DE\" \/>\n<meta property=\"og:type\" content=\"article\" \/>\n<meta property=\"og:title\" content=\"F\u00fcr unsere Kunden nur das Beste \u00bb Qualit\u00e4tskonzept | Stoelzle Pharma\" \/>\n<meta property=\"og:description\" content=\"Qualit\u00e4tskontrolle \u279c GMP 15378 \u2713 Managementsystem \u2713 kontinuierliche Verbesserung \u2713 zuverl\u00e4ssiger Partner \u2713 Mehr erfahren!\" \/>\n<meta property=\"og:url\" content=\"https:\/\/www.stoelzle.com\/de\/unternehmen\/qualitaet\" \/>\n<meta property=\"og:site_name\" content=\"Stoelzle Pharma \u2013 Health &amp; Safety\" \/>\n<meta property=\"article:modified_time\" content=\"2021-05-18T05:59:48+00:00\" \/>\n<meta name=\"twitter:card\" content=\"summary_large_image\" \/>\n<meta name=\"twitter:label1\" content=\"Gesch\u00e4tzte Lesezeit\" \/>\n\t<meta name=\"twitter:data1\" content=\"1 Minute\" \/>\n<script type=\"application\/ld+json\" class=\"yoast-schema-graph\">{\"@context\":\"https:\/\/schema.org\",\"@graph\":[{\"@type\":\"WebPage\",\"@id\":\"https:\/\/www.stoelzle.com\/pharma\/de\/ueber-uns\/qualitaet\/\",\"url\":\"https:\/\/www.stoelzle.com\/de\/unternehmen\/qualitaet\",\"name\":\"F\u00fcr unsere Kunden nur das Beste \u00bb Qualit\u00e4tskonzept | Stoelzle Pharma\",\"isPartOf\":{\"@id\":\"https:\/\/www.stoelzle.com\/pharma\/de\/#website\"},\"datePublished\":\"2021-01-27T11:29:30+00:00\",\"dateModified\":\"2021-05-18T05:59:48+00:00\",\"description\":\"Qualit\u00e4tskontrolle \u279c GMP 15378 \u2713 Managementsystem \u2713 kontinuierliche Verbesserung \u2713 zuverl\u00e4ssiger Partner \u2713 Mehr erfahren!\",\"breadcrumb\":{\"@id\":\"https:\/\/www.stoelzle.com\/de\/unternehmen\/qualitaet#breadcrumb\"},\"inLanguage\":\"de-DE\",\"potentialAction\":[{\"@type\":\"ReadAction\",\"target\":[\"https:\/\/www.stoelzle.com\/de\/unternehmen\/qualitaet\"]}]},{\"@type\":\"BreadcrumbList\",\"@id\":\"https:\/\/www.stoelzle.com\/de\/unternehmen\/qualitaet#breadcrumb\",\"itemListElement\":[{\"@type\":\"ListItem\",\"position\":1,\"name\":\"Home\",\"item\":\"https:\/\/www.stoelzle.com\/de\/\"},{\"@type\":\"ListItem\",\"position\":2,\"name\":\"Pharma\",\"item\":\"https:\/\/www.stoelzle.com\/pharma\/de\/\"},{\"@type\":\"ListItem\",\"position\":3,\"name\":\"\u00dcber uns\",\"item\":\"https:\/\/www.stoelzle.com\/pharma\/de\/ueber-uns\/\"},{\"@type\":\"ListItem\",\"position\":4,\"name\":\"Qualit\u00e4t\"}]},{\"@type\":\"WebSite\",\"@id\":\"https:\/\/www.stoelzle.com\/pharma\/de\/#website\",\"url\":\"https:\/\/www.stoelzle.com\/pharma\/de\/\",\"name\":\"Stoelzle Pharma \u2013 Health &amp; Safety\",\"description\":\"\",\"publisher\":{\"@id\":\"https:\/\/www.stoelzle.com\/pharma\/de\/#organization\"},\"potentialAction\":[{\"@type\":\"SearchAction\",\"target\":{\"@type\":\"EntryPoint\",\"urlTemplate\":\"https:\/\/www.stoelzle.com\/pharma\/de\/?s={search_term_string}\"},\"query-input\":{\"@type\":\"PropertyValueSpecification\",\"valueRequired\":true,\"valueName\":\"search_term_string\"}}],\"inLanguage\":\"de-DE\"},{\"@type\":\"Organization\",\"@id\":\"https:\/\/www.stoelzle.com\/pharma\/de\/#organization\",\"name\":\"Stoelzle Pharma - Health & Safety\",\"url\":\"https:\/\/www.stoelzle.com\/pharma\/de\/\",\"logo\":{\"@type\":\"ImageObject\",\"inLanguage\":\"de-DE\",\"@id\":\"https:\/\/www.stoelzle.com\/pharma\/de\/#\/schema\/logo\/image\/\",\"url\":\"https:\/\/www.stoelzle.com\/pharma\/wp-content\/uploads\/sites\/2\/2021\/03\/logo_pharma.svg\",\"contentUrl\":\"https:\/\/www.stoelzle.com\/pharma\/wp-content\/uploads\/sites\/2\/2021\/03\/logo_pharma.svg\",\"width\":212,\"height\":40,\"caption\":\"Stoelzle Pharma - Health & Safety\"},\"image\":{\"@id\":\"https:\/\/www.stoelzle.com\/pharma\/de\/#\/schema\/logo\/image\/\"}}]}<\/script>\n<!-- \/ Yoast SEO plugin. -->","yoast_head_json":{"title":"F\u00fcr unsere Kunden nur das Beste \u00bb Qualit\u00e4tskonzept | Stoelzle Pharma","description":"Qualit\u00e4tskontrolle \u279c GMP 15378 \u2713 Managementsystem \u2713 kontinuierliche Verbesserung \u2713 zuverl\u00e4ssiger Partner \u2713 Mehr erfahren!","robots":{"index":"index","follow":"follow","max-snippet":"max-snippet:-1","max-image-preview":"max-image-preview:large","max-video-preview":"max-video-preview:-1"},"canonical":"https:\/\/www.stoelzle.com\/de\/unternehmen\/qualitaet\/","og_locale":"de_DE","og_type":"article","og_title":"F\u00fcr unsere Kunden nur das Beste \u00bb Qualit\u00e4tskonzept | Stoelzle Pharma","og_description":"Qualit\u00e4tskontrolle \u279c GMP 15378 \u2713 Managementsystem \u2713 kontinuierliche Verbesserung \u2713 zuverl\u00e4ssiger Partner \u2713 Mehr erfahren!","og_url":"https:\/\/www.stoelzle.com\/de\/unternehmen\/qualitaet","og_site_name":"Stoelzle Pharma \u2013 Health &amp; Safety","article_modified_time":"2021-05-18T05:59:48+00:00","twitter_card":"summary_large_image","twitter_misc":{"Gesch\u00e4tzte Lesezeit":"1 Minute"},"schema":{"@context":"https:\/\/schema.org","@graph":[{"@type":"WebPage","@id":"https:\/\/www.stoelzle.com\/pharma\/de\/ueber-uns\/qualitaet\/","url":"https:\/\/www.stoelzle.com\/de\/unternehmen\/qualitaet","name":"F\u00fcr unsere Kunden nur das Beste \u00bb Qualit\u00e4tskonzept | Stoelzle Pharma","isPartOf":{"@id":"https:\/\/www.stoelzle.com\/pharma\/de\/#website"},"datePublished":"2021-01-27T11:29:30+00:00","dateModified":"2021-05-18T05:59:48+00:00","description":"Qualit\u00e4tskontrolle \u279c GMP 15378 \u2713 Managementsystem \u2713 kontinuierliche Verbesserung \u2713 zuverl\u00e4ssiger Partner \u2713 Mehr erfahren!","breadcrumb":{"@id":"https:\/\/www.stoelzle.com\/de\/unternehmen\/qualitaet#breadcrumb"},"inLanguage":"de-DE","potentialAction":[{"@type":"ReadAction","target":["https:\/\/www.stoelzle.com\/de\/unternehmen\/qualitaet"]}]},{"@type":"BreadcrumbList","@id":"https:\/\/www.stoelzle.com\/de\/unternehmen\/qualitaet#breadcrumb","itemListElement":[{"@type":"ListItem","position":1,"name":"Home","item":"https:\/\/www.stoelzle.com\/de\/"},{"@type":"ListItem","position":2,"name":"Pharma","item":"https:\/\/www.stoelzle.com\/pharma\/de\/"},{"@type":"ListItem","position":3,"name":"\u00dcber uns","item":"https:\/\/www.stoelzle.com\/pharma\/de\/ueber-uns\/"},{"@type":"ListItem","position":4,"name":"Qualit\u00e4t"}]},{"@type":"WebSite","@id":"https:\/\/www.stoelzle.com\/pharma\/de\/#website","url":"https:\/\/www.stoelzle.com\/pharma\/de\/","name":"Stoelzle Pharma \u2013 Health &amp; Safety","description":"","publisher":{"@id":"https:\/\/www.stoelzle.com\/pharma\/de\/#organization"},"potentialAction":[{"@type":"SearchAction","target":{"@type":"EntryPoint","urlTemplate":"https:\/\/www.stoelzle.com\/pharma\/de\/?s={search_term_string}"},"query-input":{"@type":"PropertyValueSpecification","valueRequired":true,"valueName":"search_term_string"}}],"inLanguage":"de-DE"},{"@type":"Organization","@id":"https:\/\/www.stoelzle.com\/pharma\/de\/#organization","name":"Stoelzle Pharma - Health & Safety","url":"https:\/\/www.stoelzle.com\/pharma\/de\/","logo":{"@type":"ImageObject","inLanguage":"de-DE","@id":"https:\/\/www.stoelzle.com\/pharma\/de\/#\/schema\/logo\/image\/","url":"https:\/\/www.stoelzle.com\/pharma\/wp-content\/uploads\/sites\/2\/2021\/03\/logo_pharma.svg","contentUrl":"https:\/\/www.stoelzle.com\/pharma\/wp-content\/uploads\/sites\/2\/2021\/03\/logo_pharma.svg","width":212,"height":40,"caption":"Stoelzle Pharma - Health & Safety"},"image":{"@id":"https:\/\/www.stoelzle.com\/pharma\/de\/#\/schema\/logo\/image\/"}}]}},"_links":{"self":[{"href":"https:\/\/www.stoelzle.com\/pharma\/de\/wp-json\/wp\/v2\/pages\/3053","targetHints":{"allow":["GET"]}}],"collection":[{"href":"https:\/\/www.stoelzle.com\/pharma\/de\/wp-json\/wp\/v2\/pages"}],"about":[{"href":"https:\/\/www.stoelzle.com\/pharma\/de\/wp-json\/wp\/v2\/types\/page"}],"author":[{"embeddable":true,"href":"https:\/\/www.stoelzle.com\/pharma\/de\/wp-json\/wp\/v2\/users\/1"}],"replies":[{"embeddable":true,"href":"https:\/\/www.stoelzle.com\/pharma\/de\/wp-json\/wp\/v2\/comments?post=3053"}],"version-history":[{"count":0,"href":"https:\/\/www.stoelzle.com\/pharma\/de\/wp-json\/wp\/v2\/pages\/3053\/revisions"}],"up":[{"embeddable":true,"href":"https:\/\/www.stoelzle.com\/pharma\/de\/wp-json\/wp\/v2\/pages\/3045"}],"wp:attachment":[{"href":"https:\/\/www.stoelzle.com\/pharma\/de\/wp-json\/wp\/v2\/media?parent=3053"}],"curies":[{"name":"wp","href":"https:\/\/api.w.org\/{rel}","templated":true}]}}