{"id":3051,"date":"2021-01-27T11:30:44","date_gmt":"2021-01-27T11:30:44","guid":{"rendered":"http:\/\/stoelzle.com\/pharma\/about-us\/production-location\/"},"modified":"2021-03-12T13:38:07","modified_gmt":"2021-03-12T13:38:07","slug":"produktionsstandorte","status":"publish","type":"page","link":"https:\/\/www.stoelzle.com\/pharma\/de\/ueber-uns\/produktionsstandorte\/","title":{"rendered":"Produktionsstandorte"},"content":{"rendered":"<div class=\"wpb-content-wrapper\"><p>[vc_row][vc_column]<div class=\"vc-title   text-center\">\n              <div class=\"topline\">hier findet man uns<\/div>\n              <h1 class=\"title position-relative separator\">Produktionsstandorte Pharma<\/h1>\n              <div class=\"row\"><div class=\"col-md-10 offset-md-1\"><\/p>\n<p class=\"large-text\">Wir sind einer der f\u00fchrenden Hersteller f\u00fcr pharmazeutische Glasverpackungen und Lieferant der weltweiten Pharma- und Gesundheitsbranche. An unseren europ\u00e4ischen Produktionsstandorten in \u00d6sterreich und Tschechien konzentrieren wir uns speziell auf diese Branchen.<\/p>\n<p><\/div><\/div>\n            <\/div>[\/vc_column][\/vc_row][vc_row full_width=&#8221;stretch_row&#8221;][vc_column]<div class=\"vc-two-columns  \">\n                <div class=\"row\">\n                    <div class=\"col-sm-6 bg-blue image-left\"><img loading=\"lazy\" decoding=\"async\" width=\"1024\" height=\"666\" src=\"https:\/\/www.stoelzle.com\/pharma\/wp-content\/uploads\/sites\/2\/2021\/02\/production-location-sto-koeflach-1024x666.jpg\" class=\"w-100 h-100 cover\" alt=\"Panoramabild der Produktion in K\u00f6flach\" srcset=\"https:\/\/www.stoelzle.com\/pharma\/wp-content\/uploads\/sites\/2\/2021\/02\/production-location-sto-koeflach-1024x666.jpg 1024w, https:\/\/www.stoelzle.com\/pharma\/wp-content\/uploads\/sites\/2\/2021\/02\/production-location-sto-koeflach-480x312.jpg 480w, https:\/\/www.stoelzle.com\/pharma\/wp-content\/uploads\/sites\/2\/2021\/02\/production-location-sto-koeflach-1536x998.jpg 1536w, https:\/\/www.stoelzle.com\/pharma\/wp-content\/uploads\/sites\/2\/2021\/02\/production-location-sto-koeflach-992x645.jpg 992w, https:\/\/www.stoelzle.com\/pharma\/wp-content\/uploads\/sites\/2\/2021\/02\/production-location-sto-koeflach-600x390.jpg 600w, https:\/\/www.stoelzle.com\/pharma\/wp-content\/uploads\/sites\/2\/2021\/02\/production-location-sto-koeflach.jpg 2000w\" sizes=\"auto, (max-width: 1024px) 100vw, 1024px\" \/><\/div>\n                    <div class=\"col-sm-6 bg-blue image-left\"><div class=\"column-content h-100 d-flex flex-column justify-content-center\"><\/p>\n<div class=\"topline\">\u00d6sterreich, K\u00f6flach<\/div>\n<p class=\"h2\">Stoelzle Oberglas GmbH<\/p>\n<ul>\n<li><strong>Gegr\u00fcndet<\/strong>: 1871 (seit 1987 bei der CAG Holding GmbH)<\/li>\n<li><strong>Besch\u00e4ftigte:<\/strong> 470<\/li>\n<li><strong>Technik:<\/strong> 6 Wei\u00dfglaslinien und 5 Linien f\u00fcr Braun-\/Gr\u00fcnglas, Tropfengewichtskontrolle<\/li>\n<li><strong>Verpackung:<\/strong> Kleinschrumpfanlagen, Roboter<\/li>\n<li><strong>Zertifikate:<\/strong> ISO GMP 15378, ISO 9001, BRC IoP, ISO 14001<\/li>\n<li><strong>Investitionen:<\/strong> Erneuerung der Wei\u00df- und Braunglaswanne (2013\/15), Bau eines Ausbildungszentrums f\u00fcr Glasfachkr\u00e4fte (2018), Errichtung einer Aufdach-Photovoltaikanlage (2018), Erweiterung der Produktionskapazit\u00e4t um 1 Linie 2019<\/li>\n<\/ul>\n<p><\/div><\/div>\n                <\/div>\n            <\/div><div class=\"vc-two-columns  \">\n                <div class=\"row\">\n                    <div class=\"col-sm-6 bg-gray image-right\"><div class=\"column-content h-100 d-flex flex-column justify-content-center\"><\/p>\n<div class=\"topline\">Tschechien, He\u0159manova Hu\u0165<\/div>\n<p class=\"h2\">Stoelzle Union s.r.o<\/p>\n<ul>\n<li><strong>Gegr\u00fcndet:<\/strong> 1907 (von der CAG Holding 1992 \u00fcbernommen), 2009 durch einen Brand vollst\u00e4ndig zerst\u00f6rt, 2010 nach Wiederaufbau neu er\u00f6ffnet (Kapazit\u00e4tserweiterung um 2 Linien)<\/li>\n<li><strong>Besch\u00e4ftigte:<\/strong> 235<\/li>\n<li><strong>Technik:<\/strong> 6 Braunglaslinien, Tropfengewichtskontrolle<\/li>\n<li><strong>Verpackung:<\/strong> Kleinschrumpfanlagen, Verpackungsroboter<\/li>\n<li><strong>Zertifikate:<\/strong> ISO GMP 15378, ISO 9001, ISO 14001, ISO 50001<\/li>\n<li><strong>Investitionen:<\/strong> Laminar-air-flow-Technik und moderne Inspektionsmaschinen an allen Kaltend-Linien<\/li>\n<\/ul>\n<p><\/div><\/div>\n                    <div class=\"col-sm-6 bg-gray image-right\"><img loading=\"lazy\" decoding=\"async\" width=\"1024\" height=\"666\" src=\"https:\/\/www.stoelzle.com\/pharma\/wp-content\/uploads\/sites\/2\/2021\/02\/production-location-stu-hermanova-hut-1024x666.jpg\" class=\"w-100 h-100 cover\" alt=\"Panoramabild der Produktion in Hermanova Hut\" srcset=\"https:\/\/www.stoelzle.com\/pharma\/wp-content\/uploads\/sites\/2\/2021\/02\/production-location-stu-hermanova-hut-1024x666.jpg 1024w, https:\/\/www.stoelzle.com\/pharma\/wp-content\/uploads\/sites\/2\/2021\/02\/production-location-stu-hermanova-hut-480x312.jpg 480w, https:\/\/www.stoelzle.com\/pharma\/wp-content\/uploads\/sites\/2\/2021\/02\/production-location-stu-hermanova-hut-1536x998.jpg 1536w, https:\/\/www.stoelzle.com\/pharma\/wp-content\/uploads\/sites\/2\/2021\/02\/production-location-stu-hermanova-hut-992x645.jpg 992w, https:\/\/www.stoelzle.com\/pharma\/wp-content\/uploads\/sites\/2\/2021\/02\/production-location-stu-hermanova-hut-600x390.jpg 600w, https:\/\/www.stoelzle.com\/pharma\/wp-content\/uploads\/sites\/2\/2021\/02\/production-location-stu-hermanova-hut.jpg 2000w\" sizes=\"auto, (max-width: 1024px) 100vw, 1024px\" \/><\/div>\n                <\/div>\n            <\/div>[\/vc_column][\/vc_row][vc_row][vc_column]<div class=\"vc-two-columns  \">\n                <div class=\"row\">\n                    <div class=\"col-sm-6 bg-white image-left\"><img loading=\"lazy\" decoding=\"async\" width=\"1024\" height=\"666\" src=\"https:\/\/www.stoelzle.com\/pharma\/wp-content\/uploads\/sites\/2\/2021\/02\/production-location-european-production-1024x666.jpg\" class=\"w-100 h-100 cover\" alt=\"Hei\u00dfes Ende der Glasproduktion\" srcset=\"https:\/\/www.stoelzle.com\/pharma\/wp-content\/uploads\/sites\/2\/2021\/02\/production-location-european-production-1024x666.jpg 1024w, https:\/\/www.stoelzle.com\/pharma\/wp-content\/uploads\/sites\/2\/2021\/02\/production-location-european-production-480x312.jpg 480w, https:\/\/www.stoelzle.com\/pharma\/wp-content\/uploads\/sites\/2\/2021\/02\/production-location-european-production-1536x998.jpg 1536w, https:\/\/www.stoelzle.com\/pharma\/wp-content\/uploads\/sites\/2\/2021\/02\/production-location-european-production-992x645.jpg 992w, https:\/\/www.stoelzle.com\/pharma\/wp-content\/uploads\/sites\/2\/2021\/02\/production-location-european-production-600x390.jpg 600w, https:\/\/www.stoelzle.com\/pharma\/wp-content\/uploads\/sites\/2\/2021\/02\/production-location-european-production.jpg 2000w\" sizes=\"auto, (max-width: 1024px) 100vw, 1024px\" \/><\/div>\n                    <div class=\"col-sm-6 bg-white image-left\"><div class=\"column-content h-100 d-flex flex-column justify-content-center\"><\/p>\n<div class=\"topline\">Alles aus einer Hand<\/div>\n<p class=\"h2\">Vorteile einer europ\u00e4ischen Produktion<\/p>\n<ul>\n<li>Backup-Funktion f\u00fcr Ihre Sicherheit und Flexibilit\u00e4t<\/li>\n<li>Pharma-Zertifikate, Pharma-Techniken und Pharma-Produktionsbedingungen<\/li>\n<li>Laminar-Flow-Technik (gem\u00e4\u00df ISO 8 im Stillstand)<\/li>\n<li>Umfassende und r\u00fcckverfolgbare Qualit\u00e4tsprozesse<\/li>\n<li>Vollautomatisierte Robotersysteme<\/li>\n<li>Trainingszentrum f\u00fcr Glasexperten<\/li>\n<\/ul>\n<p><\/div><\/div>\n                <\/div>\n            <\/div>[\/vc_column][\/vc_row]<\/p>\n<\/div>","protected":false},"excerpt":{"rendered":"<p>[vc_row][vc_column][\/vc_column][\/vc_row][vc_row full_width=&#8221;stretch_row&#8221;][vc_column][\/vc_column][\/vc_row][vc_row][vc_column][\/vc_column][\/vc_row]<\/p>\n","protected":false},"author":1,"featured_media":0,"parent":3045,"menu_order":0,"comment_status":"closed","ping_status":"closed","template":"","meta":{"_acf_changed":false,"footnotes":""},"class_list":["post-3051","page","type-page","status-publish","hentry"],"acf":[],"yoast_head":"<!-- This site is optimized with the Yoast SEO plugin v26.6 - https:\/\/yoast.com\/wordpress\/plugins\/seo\/ -->\n<title>Pharmazeutische Glasproduktion \u00bb Aus Europa | Stoelzle<\/title>\n<meta name=\"description\" content=\"Europ\u00e4ische Glasherstellung \u279c Expertise \u2713 Pharma Qualit\u00e4t \u2713 GMP 15378 \u2713Back Up Werke \u2713 Sicherheit \u2713 Mehr erfahren!\" \/>\n<meta name=\"robots\" content=\"index, follow, max-snippet:-1, max-image-preview:large, max-video-preview:-1\" \/>\n<link rel=\"canonical\" href=\"https:\/\/www.stoelzle.com\/pharma\/de\/ueber-uns\/produktionsstandorte\/\" \/>\n<meta property=\"og:locale\" content=\"de_DE\" \/>\n<meta property=\"og:type\" content=\"article\" \/>\n<meta property=\"og:title\" content=\"Pharmazeutische Glasproduktion \u00bb Aus Europa | Stoelzle\" \/>\n<meta property=\"og:description\" content=\"Europ\u00e4ische Glasherstellung \u279c Expertise \u2713 Pharma Qualit\u00e4t \u2713 GMP 15378 \u2713Back Up Werke \u2713 Sicherheit \u2713 Mehr erfahren!\" \/>\n<meta property=\"og:url\" content=\"https:\/\/www.stoelzle.com\/pharma\/de\/ueber-uns\/produktionsstandorte\/\" \/>\n<meta property=\"og:site_name\" content=\"Stoelzle Pharma \u2013 Health &amp; Safety\" \/>\n<meta property=\"article:modified_time\" content=\"2021-03-12T13:38:07+00:00\" \/>\n<meta name=\"twitter:card\" content=\"summary_large_image\" \/>\n<meta name=\"twitter:label1\" content=\"Gesch\u00e4tzte Lesezeit\" \/>\n\t<meta name=\"twitter:data1\" content=\"1 Minute\" \/>\n<script type=\"application\/ld+json\" class=\"yoast-schema-graph\">{\"@context\":\"https:\/\/schema.org\",\"@graph\":[{\"@type\":\"WebPage\",\"@id\":\"https:\/\/www.stoelzle.com\/pharma\/de\/ueber-uns\/produktionsstandorte\/\",\"url\":\"https:\/\/www.stoelzle.com\/pharma\/de\/ueber-uns\/produktionsstandorte\/\",\"name\":\"Pharmazeutische Glasproduktion \u00bb Aus Europa | Stoelzle\",\"isPartOf\":{\"@id\":\"https:\/\/www.stoelzle.com\/pharma\/de\/#website\"},\"datePublished\":\"2021-01-27T11:30:44+00:00\",\"dateModified\":\"2021-03-12T13:38:07+00:00\",\"description\":\"Europ\u00e4ische Glasherstellung \u279c Expertise \u2713 Pharma Qualit\u00e4t \u2713 GMP 15378 \u2713Back Up Werke \u2713 Sicherheit \u2713 Mehr erfahren!\",\"breadcrumb\":{\"@id\":\"https:\/\/www.stoelzle.com\/pharma\/de\/ueber-uns\/produktionsstandorte\/#breadcrumb\"},\"inLanguage\":\"de-DE\",\"potentialAction\":[{\"@type\":\"ReadAction\",\"target\":[\"https:\/\/www.stoelzle.com\/pharma\/de\/ueber-uns\/produktionsstandorte\/\"]}]},{\"@type\":\"BreadcrumbList\",\"@id\":\"https:\/\/www.stoelzle.com\/pharma\/de\/ueber-uns\/produktionsstandorte\/#breadcrumb\",\"itemListElement\":[{\"@type\":\"ListItem\",\"position\":1,\"name\":\"Home\",\"item\":\"https:\/\/www.stoelzle.com\/de\/\"},{\"@type\":\"ListItem\",\"position\":2,\"name\":\"Pharma\",\"item\":\"https:\/\/www.stoelzle.com\/pharma\/de\/\"},{\"@type\":\"ListItem\",\"position\":3,\"name\":\"\u00dcber uns\",\"item\":\"https:\/\/www.stoelzle.com\/pharma\/de\/ueber-uns\/\"},{\"@type\":\"ListItem\",\"position\":4,\"name\":\"Produktionsstandorte\"}]},{\"@type\":\"WebSite\",\"@id\":\"https:\/\/www.stoelzle.com\/pharma\/de\/#website\",\"url\":\"https:\/\/www.stoelzle.com\/pharma\/de\/\",\"name\":\"Stoelzle Pharma \u2013 Health &amp; Safety\",\"description\":\"\",\"publisher\":{\"@id\":\"https:\/\/www.stoelzle.com\/pharma\/de\/#organization\"},\"potentialAction\":[{\"@type\":\"SearchAction\",\"target\":{\"@type\":\"EntryPoint\",\"urlTemplate\":\"https:\/\/www.stoelzle.com\/pharma\/de\/?s={search_term_string}\"},\"query-input\":{\"@type\":\"PropertyValueSpecification\",\"valueRequired\":true,\"valueName\":\"search_term_string\"}}],\"inLanguage\":\"de-DE\"},{\"@type\":\"Organization\",\"@id\":\"https:\/\/www.stoelzle.com\/pharma\/de\/#organization\",\"name\":\"Stoelzle Pharma - Health & Safety\",\"url\":\"https:\/\/www.stoelzle.com\/pharma\/de\/\",\"logo\":{\"@type\":\"ImageObject\",\"inLanguage\":\"de-DE\",\"@id\":\"https:\/\/www.stoelzle.com\/pharma\/de\/#\/schema\/logo\/image\/\",\"url\":\"https:\/\/www.stoelzle.com\/pharma\/wp-content\/uploads\/sites\/2\/2021\/03\/logo_pharma.svg\",\"contentUrl\":\"https:\/\/www.stoelzle.com\/pharma\/wp-content\/uploads\/sites\/2\/2021\/03\/logo_pharma.svg\",\"width\":212,\"height\":40,\"caption\":\"Stoelzle Pharma - Health & Safety\"},\"image\":{\"@id\":\"https:\/\/www.stoelzle.com\/pharma\/de\/#\/schema\/logo\/image\/\"}}]}<\/script>\n<!-- \/ Yoast SEO plugin. -->","yoast_head_json":{"title":"Pharmazeutische Glasproduktion \u00bb Aus Europa | Stoelzle","description":"Europ\u00e4ische Glasherstellung \u279c Expertise \u2713 Pharma Qualit\u00e4t \u2713 GMP 15378 \u2713Back Up Werke \u2713 Sicherheit \u2713 Mehr erfahren!","robots":{"index":"index","follow":"follow","max-snippet":"max-snippet:-1","max-image-preview":"max-image-preview:large","max-video-preview":"max-video-preview:-1"},"canonical":"https:\/\/www.stoelzle.com\/pharma\/de\/ueber-uns\/produktionsstandorte\/","og_locale":"de_DE","og_type":"article","og_title":"Pharmazeutische Glasproduktion \u00bb Aus Europa | Stoelzle","og_description":"Europ\u00e4ische Glasherstellung \u279c Expertise \u2713 Pharma Qualit\u00e4t \u2713 GMP 15378 \u2713Back Up Werke \u2713 Sicherheit \u2713 Mehr erfahren!","og_url":"https:\/\/www.stoelzle.com\/pharma\/de\/ueber-uns\/produktionsstandorte\/","og_site_name":"Stoelzle Pharma \u2013 Health &amp; Safety","article_modified_time":"2021-03-12T13:38:07+00:00","twitter_card":"summary_large_image","twitter_misc":{"Gesch\u00e4tzte Lesezeit":"1 Minute"},"schema":{"@context":"https:\/\/schema.org","@graph":[{"@type":"WebPage","@id":"https:\/\/www.stoelzle.com\/pharma\/de\/ueber-uns\/produktionsstandorte\/","url":"https:\/\/www.stoelzle.com\/pharma\/de\/ueber-uns\/produktionsstandorte\/","name":"Pharmazeutische Glasproduktion \u00bb Aus Europa | Stoelzle","isPartOf":{"@id":"https:\/\/www.stoelzle.com\/pharma\/de\/#website"},"datePublished":"2021-01-27T11:30:44+00:00","dateModified":"2021-03-12T13:38:07+00:00","description":"Europ\u00e4ische Glasherstellung \u279c Expertise \u2713 Pharma Qualit\u00e4t \u2713 GMP 15378 \u2713Back Up Werke \u2713 Sicherheit \u2713 Mehr erfahren!","breadcrumb":{"@id":"https:\/\/www.stoelzle.com\/pharma\/de\/ueber-uns\/produktionsstandorte\/#breadcrumb"},"inLanguage":"de-DE","potentialAction":[{"@type":"ReadAction","target":["https:\/\/www.stoelzle.com\/pharma\/de\/ueber-uns\/produktionsstandorte\/"]}]},{"@type":"BreadcrumbList","@id":"https:\/\/www.stoelzle.com\/pharma\/de\/ueber-uns\/produktionsstandorte\/#breadcrumb","itemListElement":[{"@type":"ListItem","position":1,"name":"Home","item":"https:\/\/www.stoelzle.com\/de\/"},{"@type":"ListItem","position":2,"name":"Pharma","item":"https:\/\/www.stoelzle.com\/pharma\/de\/"},{"@type":"ListItem","position":3,"name":"\u00dcber uns","item":"https:\/\/www.stoelzle.com\/pharma\/de\/ueber-uns\/"},{"@type":"ListItem","position":4,"name":"Produktionsstandorte"}]},{"@type":"WebSite","@id":"https:\/\/www.stoelzle.com\/pharma\/de\/#website","url":"https:\/\/www.stoelzle.com\/pharma\/de\/","name":"Stoelzle Pharma \u2013 Health &amp; Safety","description":"","publisher":{"@id":"https:\/\/www.stoelzle.com\/pharma\/de\/#organization"},"potentialAction":[{"@type":"SearchAction","target":{"@type":"EntryPoint","urlTemplate":"https:\/\/www.stoelzle.com\/pharma\/de\/?s={search_term_string}"},"query-input":{"@type":"PropertyValueSpecification","valueRequired":true,"valueName":"search_term_string"}}],"inLanguage":"de-DE"},{"@type":"Organization","@id":"https:\/\/www.stoelzle.com\/pharma\/de\/#organization","name":"Stoelzle Pharma - Health & Safety","url":"https:\/\/www.stoelzle.com\/pharma\/de\/","logo":{"@type":"ImageObject","inLanguage":"de-DE","@id":"https:\/\/www.stoelzle.com\/pharma\/de\/#\/schema\/logo\/image\/","url":"https:\/\/www.stoelzle.com\/pharma\/wp-content\/uploads\/sites\/2\/2021\/03\/logo_pharma.svg","contentUrl":"https:\/\/www.stoelzle.com\/pharma\/wp-content\/uploads\/sites\/2\/2021\/03\/logo_pharma.svg","width":212,"height":40,"caption":"Stoelzle Pharma - Health & Safety"},"image":{"@id":"https:\/\/www.stoelzle.com\/pharma\/de\/#\/schema\/logo\/image\/"}}]}},"_links":{"self":[{"href":"https:\/\/www.stoelzle.com\/pharma\/de\/wp-json\/wp\/v2\/pages\/3051","targetHints":{"allow":["GET"]}}],"collection":[{"href":"https:\/\/www.stoelzle.com\/pharma\/de\/wp-json\/wp\/v2\/pages"}],"about":[{"href":"https:\/\/www.stoelzle.com\/pharma\/de\/wp-json\/wp\/v2\/types\/page"}],"author":[{"embeddable":true,"href":"https:\/\/www.stoelzle.com\/pharma\/de\/wp-json\/wp\/v2\/users\/1"}],"replies":[{"embeddable":true,"href":"https:\/\/www.stoelzle.com\/pharma\/de\/wp-json\/wp\/v2\/comments?post=3051"}],"version-history":[{"count":0,"href":"https:\/\/www.stoelzle.com\/pharma\/de\/wp-json\/wp\/v2\/pages\/3051\/revisions"}],"up":[{"embeddable":true,"href":"https:\/\/www.stoelzle.com\/pharma\/de\/wp-json\/wp\/v2\/pages\/3045"}],"wp:attachment":[{"href":"https:\/\/www.stoelzle.com\/pharma\/de\/wp-json\/wp\/v2\/media?parent=3051"}],"curies":[{"name":"wp","href":"https:\/\/api.w.org\/{rel}","templated":true}]}}