{"id":3047,"date":"2021-01-27T11:30:19","date_gmt":"2021-01-27T11:30:19","guid":{"rendered":"http:\/\/stoelzle.com\/pharma\/about-us\/research-development\/"},"modified":"2022-03-23T11:25:34","modified_gmt":"2022-03-23T11:25:34","slug":"forschung-entwicklung","status":"publish","type":"page","link":"https:\/\/www.stoelzle.com\/pharma\/de\/ueber-uns\/forschung-entwicklung\/","title":{"rendered":"Forschung und Entwicklung"},"content":{"rendered":"<div class=\"wpb-content-wrapper\"><p>[vc_row][vc_column]<div class=\"vc-title   text-center\">\n              <div class=\"topline\">Neue Wege finden<\/div>\n              <h1 class=\"title position-relative separator\">Forschung &amp; Entwicklung<\/h1>\n              <div class=\"row\"><div class=\"col-md-10 offset-md-1\"><\/p>\n<p class=\"large-text\">Besonders die Qualit\u00e4tsverbesserung in der Produktion und die Reduktion des CO<sub>2<\/sub> Fu\u00dfabdrucks sind vorrangig f\u00fcr unsere Forschungs- und Entwicklungs-Projekte. Hier geben wir Ihnen einen kurzen \u00dcberblick \u00fcber unsere derzeitigen Projekte.<\/p>\n<p><\/div><\/div>\n            <\/div>[\/vc_column][\/vc_row][vc_row full_width=&#8221;stretch_row_content_no_spaces&#8221;][vc_column]<div id=\"id-0\" class=\"row no-gutters  \">\n        <div class=\"col-sm-6 col-md-4 col-lg-3 \">\n          <div class=\"card card-text theme-blue quote\">\n            \n            <div class=\"card-overlay d-flex flex-column\">\n            \n            <div class=\"headline h3 w-100\">Unsere Forschung konzentriert sich auf die st\u00e4ndige Verbesserung der Glasherstellung.<\/div>\n            \n            \n              <div class=\"mt-auto\">\n                \n              <\/div>\n            <\/div>\n          <\/div>\n        <\/div>\n        <div class=\"col-sm-6 col-md-4 col-lg-3 d-block d-md-none d-lg-block\">\n          <div class=\"card no-zoom theme-dark\">\n            \n          <div class=\"card-image position-absolute w-100 h-100\">\n            <img decoding=\"async\" class=\"w-100 h-100\"  src=\"https:\/\/www.stoelzle.com\/pharma\/wp-content\/uploads\/sites\/2\/2021\/02\/research-development-calculate-formulas.jpg\" alt=\"Mitarbeiter berechnet Formeln\" \/>\n          <\/div>\n            <div class=\"card-overlay d-flex flex-column\">\n            \n            \n            \n            \n              <div class=\"mt-auto\">\n                \n              <\/div>\n            <\/div>\n          <\/div>\n        <\/div>\n        <div class=\"col-sm-6 col-md-4 col-lg-3 \">\n          <div class=\"card card-text theme-white\">\n            \n            <div class=\"card-overlay d-flex flex-column\">\n            <div class=\"sub-headline w-100\">Wissen ist Macht<\/div>\n            <div class=\"headline h3 w-100\">Kontinuierliche Verbesserung<\/div>\n            <div class=\"desc w-100\"><p>Wir geben uns nicht mit dem Status Quo zufrieden, deshalb forcieren wir sowohl die Grundlagenforschung, als auch die anwendungsorientierte Forschung, um neues Wissen im Bereich der Glasherstellung zu erlangen. <\/p><\/div>\n            \n              <div class=\"mt-auto\">\n                \n              <\/div>\n            <\/div>\n          <\/div>\n        <\/div>\n        <div class=\"col-sm-6 col-md-4 col-lg-3 \">\n          <div class=\"card no-zoom theme-dark\">\n            \n          <div class=\"card-image position-absolute w-100 h-100\">\n            <img decoding=\"async\" class=\"w-100 h-100\"  src=\"https:\/\/www.stoelzle.com\/pharma\/wp-content\/uploads\/sites\/2\/2021\/05\/research-development-2-3-800x800.jpg\" alt=\"Bildcollage technischer Instrumente und wei\u00dfer Glasflaschen\" \/>\n          <\/div>\n            <div class=\"card-overlay d-flex flex-column\">\n            \n            \n            \n            \n              <div class=\"mt-auto\">\n                \n              <\/div>\n            <\/div>\n          <\/div>\n        <\/div><\/div>[\/vc_column][\/vc_row][vc_row][vc_column]<div class=\"vc-title spacing-top-m  text-center\">\n              \n              <h2 class=\"title position-relative\">Auszug aus unseren Projekten<\/h2>\n              \n            <\/div><div id=\"id-projekte-slider\" class=\" spacing-bottom-m\"><div class=\"mb-4\"><div class=\"row\"><div class=\"col content-slider-arrows text-center\"><\/div><\/div><\/div><div class=\"row content-slider mb-5\"><div class=\"col\"><div>\n                        <div class=\"mb-3\"><div class=\"content-slider-image\">\n                      <img decoding=\"async\" class=\"img-fluid w-100 h-100\" src=\"https:\/\/www.stoelzle.com\/pharma\/wp-content\/uploads\/sites\/2\/2021\/02\/sustainability-circular-economy.jpg\" alt=\"Picture of green glass cullets\">\n                    <\/div><\/div>\n                        <div class=\"h3 content-slider-title\">Einsatz von Scherben<\/div><div class=\"content-slider-text\">W\u00e4hrend einer Kampagne im Jahr 2019 konnte durch die Zugabe von 20% PCR-Glasscherben (recyceltes Consumer-Glas) in den Flintglasofen unseres \u00f6sterreichischen Produktionsstandorts 6% Energie und 10% CO<sub>2<\/sub> eingespart werden. Unser Ziel ist es, den Einsatz von industriellem Glasscherben (PIR-Glas) an allen Standorten zu erh\u00f6hen.<\/div>\n                      <\/div><\/div><div class=\"col\"><div>\n                        <div class=\"mb-3\"><div class=\"content-slider-image\">\n                      <img decoding=\"async\" class=\"img-fluid w-100 h-100\" src=\"https:\/\/www.stoelzle.com\/pharma\/wp-content\/uploads\/sites\/2\/2021\/02\/research-development-secondary-raw-materials.jpg\" alt=\"Secondary raw material for our glass production\">\n                    <\/div><\/div>\n                        <div class=\"h3 content-slider-title\">Einsatz sekund\u00e4rer Rohstoffe<\/div><div class=\"content-slider-text\">In der Stoelzle-Gruppe stieg der Einsatz von Sekund\u00e4rrohstoffen zwischen 2015 und 2019 von 5.000 t pro Jahr auf ~ 9.000 t. Calumite\u00ae\/Schlackensand als Abfallmaterial aus der Stahlproduktion; Biomasseasche als Abfallprodukt aus Biomasseanlagen; Prozess Soda als industrielles Nebenprodukt.<\/div>\n                      <\/div><\/div><div class=\"col\"><div>\n                        <div class=\"mb-3\"><div class=\"content-slider-image\">\n                      <img decoding=\"async\" class=\"img-fluid w-100 h-100\" src=\"https:\/\/www.stoelzle.com\/pharma\/wp-content\/uploads\/sites\/2\/2021\/02\/research-development-calumite-slag-sand.jpg\" alt=\"Picture of calumite slag sand to be used in our production\">\n                    <\/div><\/div>\n                        <div class=\"h3 content-slider-title\">Calumite\u00ae\/Schlacke<\/div><div class=\"content-slider-text\">Enth\u00e4lt kein gebundenes CO<sub>2<\/sub> und reduziert somit den \u00f6kologischen Fu\u00dfabdruck sowie den Energieverbrauch zum Schmelzen erheblich. Hochofenschlacke f\u00e4llt als Nebenprodukt der Stahlindustrie an. Dieses homogene Material wirkt sich positiv auf Glasfarbe und -qualit\u00e4t aus.<\/div>\n                      <\/div><\/div><div class=\"col\"><div>\n                        <div class=\"mb-3\"><div class=\"content-slider-image\">\n                      <img decoding=\"async\" class=\"img-fluid w-100 h-100\" src=\"https:\/\/www.stoelzle.com\/pharma\/wp-content\/uploads\/sites\/2\/2021\/02\/research-development-biomass-ash.jpg\" alt=\"Picture of biomass ash to be used in our production\">\n                    <\/div><\/div>\n                        <div class=\"h3 content-slider-title\">Asche aus Biomasse<\/div><div class=\"content-slider-text\">Pro Jahr stehen \u00fcber 10.000 Tonnen als Abfallprodukt von Biomasseanlagen zur Verf\u00fcgung, die der CAG Holding angeschlossen sind. Stoelzle untersucht die Verwendung dieses Sekund\u00e4rrohstoffs in der Glascharge.<\/div>\n                      <\/div><\/div><div class=\"col\"><div>\n                        <div class=\"mb-3\"><div class=\"content-slider-image\">\n                      <img decoding=\"async\" class=\"img-fluid w-100 h-100\" src=\"https:\/\/www.stoelzle.com\/pharma\/wp-content\/uploads\/sites\/2\/2022\/03\/research-development-glass-laboratory-2.jpg\" alt=\"Qualit\u00e4tscheck aller Stoelzle Glasflaschen im hauseigenen Labor\">\n                    <\/div><\/div>\n                        <div class=\"h3 content-slider-title\">Glaslabor<\/div><div class=\"content-slider-text\">Im hauseigenen Glaslabor kann die Qualit\u00e4t von Glas und Rohstoffen genauestens gepr\u00fcft werden. Wir n\u00fctzen unser Labor als Versuchslabor f\u00fcr die Forschung und Weiterentwicklung der Glasschmelze.<\/div>\n                      <\/div><\/div><div class=\"col\"><div>\n                        <div class=\"mb-3\"><div class=\"content-slider-image\">\n                      <img decoding=\"async\" class=\"img-fluid w-100 h-100\" src=\"https:\/\/www.stoelzle.com\/pharma\/wp-content\/uploads\/sites\/2\/2021\/02\/research-development-process-optimisation.jpg\" alt=\"Two persons are discussing the production process in front of a screen\">\n                    <\/div><\/div>\n                        <div class=\"h3 content-slider-title\">Prozessoptimierung<\/div><div class=\"content-slider-text\">Die Erfassung und Analyse von Prozessdaten erm\u00f6glichen uns, die Herstellungsprozesse genauer zu kalibrieren. Wir evaluieren und implementieren st\u00e4ndig neue Technologien im Bereich der Inspektionsmaschinen und Prozessautomatisierung.<\/div>\n                      <\/div><\/div><div class=\"col\"><div>\n                        <div class=\"mb-3\"><div class=\"content-slider-image\">\n                      <img decoding=\"async\" class=\"img-fluid w-100 h-100 show-border\" src=\"https:\/\/www.stoelzle.com\/pharma\/wp-content\/uploads\/sites\/2\/2021\/08\/innovation-ecosecur-glasflaschen.png\" alt=\"Gruppenbild von Typ 2 Glasflaschen\">\n                    <\/div><\/div>\n                        <div class=\"h3 content-slider-title\">EcoSecur Typ 2 Pharmaglas<\/div><div class=\"content-slider-text\">Unsere Absicht war, ein neues Verfahren f\u00fcr die Oberfl\u00e4chenbehandlung von Kalk-Natron-Glas zu entwickeln, um die Hauptschw\u00e4che der beiden derzeit bestehenden Verfahren in Bezug auf Stabilit\u00e4t und Sicherheit zu verringern, und ein Verfahren zu entwickeln, das auch f\u00fcr kleinere Flaschen geeignet ist, indem eine optimale Dosierung der Innenverg\u00fctung erm\u00f6glicht wird. Erfahren Sie mehr \u00fcber unser <a href=\"\/pharma\/de\/innovation\/typ-2-glas\/\">Typ 2 Glas.<\/a><\/div>\n                      <\/div><\/div><div class=\"col\"><div>\n                        <div class=\"mb-3\"><div class=\"content-slider-image\">\n                      <img decoding=\"async\" class=\"img-fluid w-100 h-100\" src=\"https:\/\/www.stoelzle.com\/pharma\/wp-content\/uploads\/sites\/2\/2021\/02\/decoration-nrg4.jpg\" alt=\"Flint glass decorated with NRG4 showing different colours\">\n                    <\/div><\/div>\n                        <div class=\"h3 content-slider-title\">NRG 4.0<\/div><div class=\"content-slider-text\">\u201eNew Radiating Glass\u201c ist eine einzigartige Art der phosphoreszierenden Glasdekoration. Die Farben \u00e4ndern sich entsprechend dem Umgebungslicht. Es gibt Tag- und Nachtfarbschemata.<\/div>\n                      <\/div><\/div><\/div><\/div>\n    <script async>\n      jQuery(document).ready(function($) {\n        jQuery(\"#id-projekte-slider .content-slider\").slick({\n          slidesToShow: 3,\n          prevArrow: \"<span class=\\\"d-inline-block slick-arrow slick-arrow-prev\\\"><\/span>\",\n          nextArrow: \"<span class=\\\"d-inline-block slick-arrow slick-arrow-next\\\"><\/span>\",\n          appendArrows: $(\"#id-projekte-slider .content-slider-arrows\"),\n          adaptiveHeight: true,\n          responsive: [\n            {\n              breakpoint: 1024,\n              settings: {\n                slidesToShow: 2\n              }\n            },\n            {\n              breakpoint: 768,\n              settings: {\n                slidesToShow: 1\n              }\n            },\n          ]\n        });\n      });\n    <\/script>[\/vc_column][\/vc_row]<\/p>\n<\/div>","protected":false},"excerpt":{"rendered":"<p>[vc_row][vc_column][\/vc_column][\/vc_row][vc_row full_width=&#8221;stretch_row_content_no_spaces&#8221;][vc_column][\/vc_column][\/vc_row][vc_row][vc_column][\/vc_column][\/vc_row]<\/p>\n","protected":false},"author":1,"featured_media":0,"parent":3045,"menu_order":0,"comment_status":"closed","ping_status":"closed","template":"","meta":{"_acf_changed":false,"footnotes":""},"class_list":["post-3047","page","type-page","status-publish","hentry"],"acf":[],"yoast_head":"<!-- This site is optimized with the Yoast SEO plugin v26.6 - https:\/\/yoast.com\/wordpress\/plugins\/seo\/ -->\n<title>Qualit\u00e4tsverbesserung &amp; Umweltbewu\u00dftsein \u00bb Unsere Ziele | Stoelzle<\/title>\n<meta name=\"description\" content=\"Stoelzle legt Wert auf Forschung &amp; Innovation \u279c Hauseigenes Glaslabor \u2713 Proze\u00dfoptimierung \u2713 Energie &amp; CO2 Einsparung \u2713 Mehr erfahren!\" \/>\n<meta name=\"robots\" content=\"index, follow, max-snippet:-1, max-image-preview:large, max-video-preview:-1\" \/>\n<link rel=\"canonical\" href=\"https:\/\/www.stoelzle.com\/de\/unternehmen\/forschung-entwicklung\/\" \/>\n<meta property=\"og:locale\" content=\"de_DE\" \/>\n<meta property=\"og:type\" content=\"article\" \/>\n<meta property=\"og:title\" content=\"Qualit\u00e4tsverbesserung &amp; Umweltbewu\u00dftsein \u00bb Unsere Ziele | Stoelzle\" \/>\n<meta property=\"og:description\" content=\"Stoelzle legt Wert auf Forschung &amp; Innovation \u279c Hauseigenes Glaslabor \u2713 Proze\u00dfoptimierung \u2713 Energie &amp; CO2 Einsparung \u2713 Mehr erfahren!\" \/>\n<meta property=\"og:url\" content=\"https:\/\/www.stoelzle.com\/de\/unternehmen\/forschung-entwicklung\" \/>\n<meta property=\"og:site_name\" content=\"Stoelzle Pharma \u2013 Health &amp; Safety\" \/>\n<meta property=\"article:modified_time\" content=\"2022-03-23T11:25:34+00:00\" \/>\n<meta name=\"twitter:card\" content=\"summary_large_image\" \/>\n<meta name=\"twitter:label1\" content=\"Gesch\u00e4tzte Lesezeit\" \/>\n\t<meta name=\"twitter:data1\" content=\"1 Minute\" \/>\n<script type=\"application\/ld+json\" class=\"yoast-schema-graph\">{\"@context\":\"https:\/\/schema.org\",\"@graph\":[{\"@type\":\"WebPage\",\"@id\":\"https:\/\/www.stoelzle.com\/pharma\/de\/ueber-uns\/forschung-entwicklung\/\",\"url\":\"https:\/\/www.stoelzle.com\/de\/unternehmen\/forschung-entwicklung\",\"name\":\"Qualit\u00e4tsverbesserung & Umweltbewu\u00dftsein \u00bb Unsere Ziele | Stoelzle\",\"isPartOf\":{\"@id\":\"https:\/\/www.stoelzle.com\/pharma\/de\/#website\"},\"datePublished\":\"2021-01-27T11:30:19+00:00\",\"dateModified\":\"2022-03-23T11:25:34+00:00\",\"description\":\"Stoelzle legt Wert auf Forschung & Innovation \u279c Hauseigenes Glaslabor \u2713 Proze\u00dfoptimierung \u2713 Energie & CO2 Einsparung \u2713 Mehr erfahren!\",\"breadcrumb\":{\"@id\":\"https:\/\/www.stoelzle.com\/de\/unternehmen\/forschung-entwicklung#breadcrumb\"},\"inLanguage\":\"de-DE\",\"potentialAction\":[{\"@type\":\"ReadAction\",\"target\":[\"https:\/\/www.stoelzle.com\/de\/unternehmen\/forschung-entwicklung\"]}]},{\"@type\":\"BreadcrumbList\",\"@id\":\"https:\/\/www.stoelzle.com\/de\/unternehmen\/forschung-entwicklung#breadcrumb\",\"itemListElement\":[{\"@type\":\"ListItem\",\"position\":1,\"name\":\"Home\",\"item\":\"https:\/\/www.stoelzle.com\/de\/\"},{\"@type\":\"ListItem\",\"position\":2,\"name\":\"Pharma\",\"item\":\"https:\/\/www.stoelzle.com\/pharma\/de\/\"},{\"@type\":\"ListItem\",\"position\":3,\"name\":\"\u00dcber uns\",\"item\":\"https:\/\/www.stoelzle.com\/pharma\/de\/ueber-uns\/\"},{\"@type\":\"ListItem\",\"position\":4,\"name\":\"Forschung und Entwicklung\"}]},{\"@type\":\"WebSite\",\"@id\":\"https:\/\/www.stoelzle.com\/pharma\/de\/#website\",\"url\":\"https:\/\/www.stoelzle.com\/pharma\/de\/\",\"name\":\"Stoelzle Pharma \u2013 Health &amp; Safety\",\"description\":\"\",\"publisher\":{\"@id\":\"https:\/\/www.stoelzle.com\/pharma\/de\/#organization\"},\"potentialAction\":[{\"@type\":\"SearchAction\",\"target\":{\"@type\":\"EntryPoint\",\"urlTemplate\":\"https:\/\/www.stoelzle.com\/pharma\/de\/?s={search_term_string}\"},\"query-input\":{\"@type\":\"PropertyValueSpecification\",\"valueRequired\":true,\"valueName\":\"search_term_string\"}}],\"inLanguage\":\"de-DE\"},{\"@type\":\"Organization\",\"@id\":\"https:\/\/www.stoelzle.com\/pharma\/de\/#organization\",\"name\":\"Stoelzle Pharma - Health & Safety\",\"url\":\"https:\/\/www.stoelzle.com\/pharma\/de\/\",\"logo\":{\"@type\":\"ImageObject\",\"inLanguage\":\"de-DE\",\"@id\":\"https:\/\/www.stoelzle.com\/pharma\/de\/#\/schema\/logo\/image\/\",\"url\":\"https:\/\/www.stoelzle.com\/pharma\/wp-content\/uploads\/sites\/2\/2021\/03\/logo_pharma.svg\",\"contentUrl\":\"https:\/\/www.stoelzle.com\/pharma\/wp-content\/uploads\/sites\/2\/2021\/03\/logo_pharma.svg\",\"width\":212,\"height\":40,\"caption\":\"Stoelzle Pharma - Health & Safety\"},\"image\":{\"@id\":\"https:\/\/www.stoelzle.com\/pharma\/de\/#\/schema\/logo\/image\/\"}}]}<\/script>\n<!-- \/ Yoast SEO plugin. -->","yoast_head_json":{"title":"Qualit\u00e4tsverbesserung & Umweltbewu\u00dftsein \u00bb Unsere Ziele | Stoelzle","description":"Stoelzle legt Wert auf Forschung & Innovation \u279c Hauseigenes Glaslabor \u2713 Proze\u00dfoptimierung \u2713 Energie & CO2 Einsparung \u2713 Mehr erfahren!","robots":{"index":"index","follow":"follow","max-snippet":"max-snippet:-1","max-image-preview":"max-image-preview:large","max-video-preview":"max-video-preview:-1"},"canonical":"https:\/\/www.stoelzle.com\/de\/unternehmen\/forschung-entwicklung\/","og_locale":"de_DE","og_type":"article","og_title":"Qualit\u00e4tsverbesserung & Umweltbewu\u00dftsein \u00bb Unsere Ziele | Stoelzle","og_description":"Stoelzle legt Wert auf Forschung & Innovation \u279c Hauseigenes Glaslabor \u2713 Proze\u00dfoptimierung \u2713 Energie & CO2 Einsparung \u2713 Mehr erfahren!","og_url":"https:\/\/www.stoelzle.com\/de\/unternehmen\/forschung-entwicklung","og_site_name":"Stoelzle Pharma \u2013 Health &amp; Safety","article_modified_time":"2022-03-23T11:25:34+00:00","twitter_card":"summary_large_image","twitter_misc":{"Gesch\u00e4tzte Lesezeit":"1 Minute"},"schema":{"@context":"https:\/\/schema.org","@graph":[{"@type":"WebPage","@id":"https:\/\/www.stoelzle.com\/pharma\/de\/ueber-uns\/forschung-entwicklung\/","url":"https:\/\/www.stoelzle.com\/de\/unternehmen\/forschung-entwicklung","name":"Qualit\u00e4tsverbesserung & Umweltbewu\u00dftsein \u00bb Unsere Ziele | Stoelzle","isPartOf":{"@id":"https:\/\/www.stoelzle.com\/pharma\/de\/#website"},"datePublished":"2021-01-27T11:30:19+00:00","dateModified":"2022-03-23T11:25:34+00:00","description":"Stoelzle legt Wert auf Forschung & Innovation \u279c Hauseigenes Glaslabor \u2713 Proze\u00dfoptimierung \u2713 Energie & CO2 Einsparung \u2713 Mehr erfahren!","breadcrumb":{"@id":"https:\/\/www.stoelzle.com\/de\/unternehmen\/forschung-entwicklung#breadcrumb"},"inLanguage":"de-DE","potentialAction":[{"@type":"ReadAction","target":["https:\/\/www.stoelzle.com\/de\/unternehmen\/forschung-entwicklung"]}]},{"@type":"BreadcrumbList","@id":"https:\/\/www.stoelzle.com\/de\/unternehmen\/forschung-entwicklung#breadcrumb","itemListElement":[{"@type":"ListItem","position":1,"name":"Home","item":"https:\/\/www.stoelzle.com\/de\/"},{"@type":"ListItem","position":2,"name":"Pharma","item":"https:\/\/www.stoelzle.com\/pharma\/de\/"},{"@type":"ListItem","position":3,"name":"\u00dcber uns","item":"https:\/\/www.stoelzle.com\/pharma\/de\/ueber-uns\/"},{"@type":"ListItem","position":4,"name":"Forschung und Entwicklung"}]},{"@type":"WebSite","@id":"https:\/\/www.stoelzle.com\/pharma\/de\/#website","url":"https:\/\/www.stoelzle.com\/pharma\/de\/","name":"Stoelzle Pharma \u2013 Health &amp; Safety","description":"","publisher":{"@id":"https:\/\/www.stoelzle.com\/pharma\/de\/#organization"},"potentialAction":[{"@type":"SearchAction","target":{"@type":"EntryPoint","urlTemplate":"https:\/\/www.stoelzle.com\/pharma\/de\/?s={search_term_string}"},"query-input":{"@type":"PropertyValueSpecification","valueRequired":true,"valueName":"search_term_string"}}],"inLanguage":"de-DE"},{"@type":"Organization","@id":"https:\/\/www.stoelzle.com\/pharma\/de\/#organization","name":"Stoelzle Pharma - Health & Safety","url":"https:\/\/www.stoelzle.com\/pharma\/de\/","logo":{"@type":"ImageObject","inLanguage":"de-DE","@id":"https:\/\/www.stoelzle.com\/pharma\/de\/#\/schema\/logo\/image\/","url":"https:\/\/www.stoelzle.com\/pharma\/wp-content\/uploads\/sites\/2\/2021\/03\/logo_pharma.svg","contentUrl":"https:\/\/www.stoelzle.com\/pharma\/wp-content\/uploads\/sites\/2\/2021\/03\/logo_pharma.svg","width":212,"height":40,"caption":"Stoelzle Pharma - Health & Safety"},"image":{"@id":"https:\/\/www.stoelzle.com\/pharma\/de\/#\/schema\/logo\/image\/"}}]}},"_links":{"self":[{"href":"https:\/\/www.stoelzle.com\/pharma\/de\/wp-json\/wp\/v2\/pages\/3047","targetHints":{"allow":["GET"]}}],"collection":[{"href":"https:\/\/www.stoelzle.com\/pharma\/de\/wp-json\/wp\/v2\/pages"}],"about":[{"href":"https:\/\/www.stoelzle.com\/pharma\/de\/wp-json\/wp\/v2\/types\/page"}],"author":[{"embeddable":true,"href":"https:\/\/www.stoelzle.com\/pharma\/de\/wp-json\/wp\/v2\/users\/1"}],"replies":[{"embeddable":true,"href":"https:\/\/www.stoelzle.com\/pharma\/de\/wp-json\/wp\/v2\/comments?post=3047"}],"version-history":[{"count":0,"href":"https:\/\/www.stoelzle.com\/pharma\/de\/wp-json\/wp\/v2\/pages\/3047\/revisions"}],"up":[{"embeddable":true,"href":"https:\/\/www.stoelzle.com\/pharma\/de\/wp-json\/wp\/v2\/pages\/3045"}],"wp:attachment":[{"href":"https:\/\/www.stoelzle.com\/pharma\/de\/wp-json\/wp\/v2\/media?parent=3047"}],"curies":[{"name":"wp","href":"https:\/\/api.w.org\/{rel}","templated":true}]}}