{"id":3040,"date":"2021-01-27T11:33:49","date_gmt":"2021-01-27T11:33:49","guid":{"rendered":"http:\/\/stoelzle.com\/pharma\/service\/decoration\/"},"modified":"2022-05-02T17:20:28","modified_gmt":"2022-05-02T17:20:28","slug":"dekoration","status":"publish","type":"page","link":"https:\/\/www.stoelzle.com\/pharma\/de\/service\/dekoration\/","title":{"rendered":"Dekoration"},"content":{"rendered":"<div class=\"wpb-content-wrapper\"><p>[vc_row][vc_column]<div class=\"vc-title   text-center\">\n              <div class=\"topline\">Service<\/div>\n              <h1 class=\"title position-relative separator\">Dekoration<\/h1>\n              <div class=\"row\"><div class=\"col-md-10 offset-md-1\"><\/p>\n<p class=\"large-text\">Die Stoelzle Glass Group hat jahrelange Erfahrung und viele Auszeichnungen f\u00fcr die Herstellung dekorierter Flaschen errungen. In unseren drei hauseigenen Dekorationsst\u00e4tten in Europa veredeln wir auch gerne Ihre Produkte und machen sie einzigartig! Schenken Sie uns Ihr Vertrauen und kreieren Sie mit uns unverwechselbare Produkte.<\/p>\n<p><\/div><\/div>\n            <\/div>[\/vc_column][\/vc_row][vc_row full_width=&#8221;stretch_row&#8221; el_class=&#8221;light-gray&#8221;][vc_column]<div class=\"vc-spacer spacing-bottom-m\"><\/div>[vc_row_inner content_placement=&#8221;middle&#8221; el_class=&#8221;text-text&#8221;][vc_column_inner width=&#8221;1\/2&#8243;]\n      <div class=\"vc-image\">\n         \n          <img loading=\"lazy\" decoding=\"async\" width=\"2000\" height=\"1333\" src=\"https:\/\/www.stoelzle.com\/pharma\/wp-content\/uploads\/sites\/2\/2022\/04\/decoration-techniques.jpg\" class=\"img-fluid w-100 h-100 d-none d-md-block\" alt=\"Overview of our different decoration methods\" srcset=\"https:\/\/www.stoelzle.com\/pharma\/wp-content\/uploads\/sites\/2\/2022\/04\/decoration-techniques.jpg 2000w, https:\/\/www.stoelzle.com\/pharma\/wp-content\/uploads\/sites\/2\/2022\/04\/decoration-techniques-480x320.jpg 480w, https:\/\/www.stoelzle.com\/pharma\/wp-content\/uploads\/sites\/2\/2022\/04\/decoration-techniques-1024x682.jpg 1024w, https:\/\/www.stoelzle.com\/pharma\/wp-content\/uploads\/sites\/2\/2022\/04\/decoration-techniques-1536x1024.jpg 1536w, https:\/\/www.stoelzle.com\/pharma\/wp-content\/uploads\/sites\/2\/2022\/04\/decoration-techniques-992x661.jpg 992w, https:\/\/www.stoelzle.com\/pharma\/wp-content\/uploads\/sites\/2\/2022\/04\/decoration-techniques-180x120.jpg 180w\" sizes=\"auto, (max-width: 2000px) 100vw, 2000px\" \/> \n          <img loading=\"lazy\" decoding=\"async\" width=\"992\" height=\"661\" src=\"https:\/\/www.stoelzle.com\/pharma\/wp-content\/uploads\/sites\/2\/2022\/04\/decoration-techniques-992x661.jpg\" class=\"img-fluid w-100 h-100 d-mdx-none\" alt=\"Overview of our different decoration methods\" srcset=\"https:\/\/www.stoelzle.com\/pharma\/wp-content\/uploads\/sites\/2\/2022\/04\/decoration-techniques-992x661.jpg 992w, https:\/\/www.stoelzle.com\/pharma\/wp-content\/uploads\/sites\/2\/2022\/04\/decoration-techniques-480x320.jpg 480w, https:\/\/www.stoelzle.com\/pharma\/wp-content\/uploads\/sites\/2\/2022\/04\/decoration-techniques-1024x682.jpg 1024w, https:\/\/www.stoelzle.com\/pharma\/wp-content\/uploads\/sites\/2\/2022\/04\/decoration-techniques-1536x1024.jpg 1536w, https:\/\/www.stoelzle.com\/pharma\/wp-content\/uploads\/sites\/2\/2022\/04\/decoration-techniques-180x120.jpg 180w, https:\/\/www.stoelzle.com\/pharma\/wp-content\/uploads\/sites\/2\/2022\/04\/decoration-techniques.jpg 2000w\" sizes=\"auto, (max-width: 992px) 100vw, 992px\" \/>\n          \n         \n      <\/div>[\/vc_column_inner][vc_column_inner width=&#8221;1\/2&#8243;][vc_column_text]<\/p>\n<p class=\"topline\">Wir machen Ihr Produkt einzigartig!<\/p>\n<h2>Individualit\u00e4t durch Dekoration<\/h2>\n<ul>\n<li><strong>Mehrwert durch Dekoration:<\/strong> Durch die individuelle Dekoration werden die Glasverpackungen zu Unikaten.<\/li>\n<li><strong>Veredelte Produkte:<\/strong> Sowohl haptische, als auch optische Effekte unterstreichen den Wert Ihres Produkts.<\/li>\n<li><strong>Innovative Techniken:<\/strong> Nat\u00fcrlich ist h\u00f6chste Qualit\u00e4t auch im Bereich Dekoration ein absolutes Muss. Neben Standardtechniken bieten wir auch innovative L\u00f6sungen an.<\/li>\n<\/ul>\n<p>[\/vc_column_text][\/vc_column_inner][\/vc_row_inner]<div class=\"vc-spacer spacing-bottom-m\"><\/div>[\/vc_column][\/vc_row][vc_row][vc_column]<div class=\"vc-title spacing-top-s  text-center\">\n              \n              <h2 class=\"title position-relative\">Dekorationstechniken<\/h2>\n              \n            <\/div><div id=\"id-dekorationstechniken-slider\" class=\" \"><div class=\"row content-slider mb-5\"><div class=\"col\"><div>\n                        <div class=\"mb-3\"><div class=\"content-slider-image\">\n                      <img decoding=\"async\" class=\"img-fluid w-100 h-100\" src=\"https:\/\/www.stoelzle.com\/pharma\/wp-content\/uploads\/sites\/2\/2021\/02\/decoration-spraying-bottle-black.jpg\" alt=\"Amber glass decorated with black spraying\">\n                    <\/div><\/div>\n                        <div class=\"h3 content-slider-title\">Lackierung<\/div><div class=\"content-slider-text\">Mittels Spr\u00fchtechnik wird Farbe aufgetragen. Wir bieten eine gro\u00dfe Auswahl an Farben und unterschiedlichen Ausf\u00fchrungen von deckend, transparent \u00fcber matt bis hin zu gl\u00e4nzend und Effektlackierungen an.<\/div>\n                      <\/div><\/div><div class=\"col\"><div>\n                        <div class=\"mb-3\"><div class=\"content-slider-image\">\n                      <img decoding=\"async\" class=\"img-fluid w-100 h-100\" src=\"https:\/\/www.stoelzle.com\/pharma\/wp-content\/uploads\/sites\/2\/2021\/02\/decoration-printing-bottle-amber.jpg\" alt=\"Amber glass bottle with printed Logo\">\n                    <\/div><\/div>\n                        <div class=\"h3 content-slider-title\">Siebdruck<\/div><div class=\"content-slider-text\">Pr\u00e4zise Dekoration mittels ein- und mehrf\u00e4rbigen vollautomatisierten Siebdruck. Wir arbeiten mit allen g\u00e4ngigen Farbsystemen: organisch, keramisch und UV-Farben.<\/div>\n                      <\/div><\/div><div class=\"col\"><div>\n                        <div class=\"mb-3\"><div class=\"content-slider-image\">\n                      <img decoding=\"async\" class=\"img-fluid w-100 h-100\" src=\"https:\/\/www.stoelzle.com\/pharma\/wp-content\/uploads\/sites\/2\/2021\/02\/decoration-frosting-bottle-flint.jpg\" alt=\"Flint glass decorated with frosting\">\n                    <\/div><\/div>\n                        <div class=\"h3 content-slider-title\">S\u00e4uremattierung<\/div><div class=\"content-slider-text\">Durch diesen Veredelungsprozess erh\u00e4lt das Glas eine matte Oberfl\u00e4che. Derart behandeltes Glas kann auf Wunsch mit Siebdruck und Hei\u00dfpr\u00e4gung weiter dekoriert werden.<\/div>\n                      <\/div><\/div><\/div><div class=\"mb-4\"><div class=\"row\"><div class=\"col content-slider-arrows text-center\"><\/div><\/div><\/div><\/div>\n    <script async>\n      jQuery(document).ready(function($) {\n        jQuery(\"#id-dekorationstechniken-slider .content-slider\").slick({\n          slidesToShow: 3,\n          prevArrow: \"<span class=\\\"d-inline-block slick-arrow slick-arrow-prev\\\"><\/span>\",\n          nextArrow: \"<span class=\\\"d-inline-block slick-arrow slick-arrow-next\\\"><\/span>\",\n          appendArrows: $(\"#id-dekorationstechniken-slider .content-slider-arrows\"),\n          adaptiveHeight: true,\n          responsive: [\n            {\n              breakpoint: 1024,\n              settings: {\n                slidesToShow: 2\n              }\n            },\n            {\n              breakpoint: 768,\n              settings: {\n                slidesToShow: 1\n              }\n            },\n          ]\n        });\n      });\n    <\/script>[\/vc_column][\/vc_row][vc_row full_width=&#8221;stretch_row&#8221; el_class=&#8221;light-gray&#8221;][vc_column]<div class=\"vc-spacer spacing-bottom-m\"><\/div>[vc_row_inner][vc_column_inner width=&#8221;1\/6&#8243;][\/vc_column_inner][vc_column_inner width=&#8221;2\/3&#8243;][vc_column_text]<\/p>\n<p class=\"h2\" style=\"text-align: center;\">Weitere Dekorationstechniken<\/p>\n<p style=\"text-align: center;\">Neben Standardtechniken bieten wir auch innovative L\u00f6sungen an. Wir konzentrieren uns auf die Entwicklung neuer Verfahren und Techniken, um unser <a href=\"\/de\/service\/dekoration\/\" target=\"_blank\" rel=\"noopener\">Dekorationsangebot<\/a> zu erweitern und Auswirkungen auf die Umwelt zu verringern.<\/p>\n<p style=\"text-align: center;\"><a class=\"editor-button cta\" href=\"\/pharma\/de\/kontakt\/\" rel=\"noopener\">Fragen zu unseren Dekorationstechniken?<\/a><\/p>\n<p>[\/vc_column_text][\/vc_column_inner][vc_column_inner width=&#8221;1\/6&#8243;][\/vc_column_inner][\/vc_row_inner][vc_empty_space height=&#8221;40px&#8221;][vc_row_inner][vc_column_inner width=&#8221;1\/6&#8243;][\/vc_column_inner][vc_column_inner width=&#8221;1\/6&#8243;][vc_column_text]<\/p>\n<ul>\n<li>Digitaldruck<\/li>\n<li>Effektlackierung<\/li>\n<li>Hei\u00dffolienpr\u00e4gung<\/li>\n<li>Refliefdekor<\/li>\n<li>Lasergravur<\/li>\n<\/ul>\n<p>[\/vc_column_text][\/vc_column_inner][vc_column_inner width=&#8221;1\/6&#8243;][vc_column_text]<\/p>\n<ul>\n<li>NRG 4.0<\/li>\n<li>Tigital<\/li>\n<li>Siebdruck<\/li>\n<li>Lackierung<\/li>\n<li>Quadrochromie<\/li>\n<\/ul>\n<p>[\/vc_column_text][\/vc_column_inner][vc_column_inner width=&#8221;1\/6&#8243;][vc_column_text]<\/p>\n<ul>\n<li>UV Kleben<\/li>\n<li>Quali Glass Coat 2.0<\/li>\n<li>Rundum-Druck<\/li>\n<li>IPET Beschichtung<\/li>\n<\/ul>\n<p>[\/vc_column_text][\/vc_column_inner][vc_column_inner width=&#8221;1\/6&#8243;][vc_column_text]<\/p>\n<ul>\n<li>S\u00e4uremattierung<\/li>\n<li>Abziehbilder<\/li>\n<li>Bruchsicheres Glas<\/li>\n<li>Tampo Druck<\/li>\n<\/ul>\n<p>[\/vc_column_text][\/vc_column_inner][vc_column_inner width=&#8221;1\/6&#8243;][\/vc_column_inner][\/vc_row_inner]<div class=\"vc-spacer spacing-bottom-m\"><\/div>[\/vc_column][\/vc_row]<\/p>\n<\/div>","protected":false},"excerpt":{"rendered":"<p>[vc_row][vc_column][\/vc_column][\/vc_row][vc_row full_width=&#8221;stretch_row&#8221; el_class=&#8221;light-gray&#8221;][vc_column][vc_row_inner content_placement=&#8221;middle&#8221; el_class=&#8221;text-text&#8221;][vc_column_inner width=&#8221;1\/2&#8243;][\/vc_column_inner][vc_column_inner width=&#8221;1\/2&#8243;][vc_column_text] Wir machen Ihr Produkt einzigartig! Individualit\u00e4t durch Dekoration Mehrwert durch Dekoration: Durch die individuelle Dekoration werden die Glasverpackungen zu Unikaten. Veredelte Produkte: Sowohl haptische, als auch optische Effekte unterstreichen den Wert Ihres Produkts. Innovative Techniken: Nat\u00fcrlich ist h\u00f6chste Qualit\u00e4t auch im Bereich Dekoration ein absolutes Muss. Neben Standardtechniken [&hellip;]<\/p>\n","protected":false},"author":1,"featured_media":0,"parent":3038,"menu_order":0,"comment_status":"closed","ping_status":"closed","template":"","meta":{"_acf_changed":false,"footnotes":""},"class_list":["post-3040","page","type-page","status-publish","hentry"],"acf":[],"yoast_head":"<!-- This site is optimized with the Yoast SEO plugin v26.6 - https:\/\/yoast.com\/wordpress\/plugins\/seo\/ -->\n<title>Einzigartige Produkte durch Dekoration \u00bb zur \u00dcbersicht | Stoelzle<\/title>\n<meta name=\"description\" content=\"Stoelzle veredelt Ihre Produkte durch individuelle Dekoration \u279c hauseigene Dekorationsst\u00e4tten \u2713 Mehrwert \u2713 Unikate \u2713 Erfahren Sie mehr!\" \/>\n<meta name=\"robots\" content=\"index, follow, max-snippet:-1, max-image-preview:large, max-video-preview:-1\" \/>\n<link rel=\"canonical\" href=\"https:\/\/www.stoelzle.com\/de\/service\/dekoration\/\" \/>\n<meta property=\"og:locale\" content=\"de_DE\" \/>\n<meta property=\"og:type\" content=\"article\" \/>\n<meta property=\"og:title\" content=\"Einzigartige Produkte durch Dekoration \u00bb zur \u00dcbersicht | Stoelzle\" \/>\n<meta property=\"og:description\" content=\"Stoelzle veredelt Ihre Produkte durch individuelle Dekoration \u279c hauseigene Dekorationsst\u00e4tten \u2713 Mehrwert \u2713 Unikate \u2713 Erfahren Sie mehr!\" \/>\n<meta property=\"og:url\" content=\"https:\/\/www.stoelzle.com\/de\/service\/dekoration\/\" \/>\n<meta property=\"og:site_name\" content=\"Stoelzle Pharma \u2013 Health &amp; Safety\" \/>\n<meta property=\"article:modified_time\" content=\"2022-05-02T17:20:28+00:00\" \/>\n<meta name=\"twitter:card\" content=\"summary_large_image\" \/>\n<meta name=\"twitter:label1\" content=\"Gesch\u00e4tzte Lesezeit\" \/>\n\t<meta name=\"twitter:data1\" content=\"2 Minuten\" \/>\n<script type=\"application\/ld+json\" class=\"yoast-schema-graph\">{\"@context\":\"https:\/\/schema.org\",\"@graph\":[{\"@type\":\"WebPage\",\"@id\":\"https:\/\/www.stoelzle.com\/pharma\/de\/service\/dekoration\/\",\"url\":\"https:\/\/www.stoelzle.com\/de\/service\/dekoration\/\",\"name\":\"Einzigartige Produkte durch Dekoration \u00bb zur \u00dcbersicht | Stoelzle\",\"isPartOf\":{\"@id\":\"https:\/\/www.stoelzle.com\/pharma\/de\/#website\"},\"datePublished\":\"2021-01-27T11:33:49+00:00\",\"dateModified\":\"2022-05-02T17:20:28+00:00\",\"description\":\"Stoelzle veredelt Ihre Produkte durch individuelle Dekoration \u279c hauseigene Dekorationsst\u00e4tten \u2713 Mehrwert \u2713 Unikate \u2713 Erfahren Sie mehr!\",\"breadcrumb\":{\"@id\":\"https:\/\/www.stoelzle.com\/de\/service\/dekoration\/#breadcrumb\"},\"inLanguage\":\"de-DE\",\"potentialAction\":[{\"@type\":\"ReadAction\",\"target\":[\"https:\/\/www.stoelzle.com\/de\/service\/dekoration\/\"]}]},{\"@type\":\"BreadcrumbList\",\"@id\":\"https:\/\/www.stoelzle.com\/de\/service\/dekoration\/#breadcrumb\",\"itemListElement\":[{\"@type\":\"ListItem\",\"position\":1,\"name\":\"Home\",\"item\":\"https:\/\/www.stoelzle.com\/de\/\"},{\"@type\":\"ListItem\",\"position\":2,\"name\":\"Pharma\",\"item\":\"https:\/\/www.stoelzle.com\/pharma\/de\/\"},{\"@type\":\"ListItem\",\"position\":3,\"name\":\"Service\",\"item\":\"https:\/\/www.stoelzle.com\/pharma\/de\/service\/\"},{\"@type\":\"ListItem\",\"position\":4,\"name\":\"Dekoration\"}]},{\"@type\":\"WebSite\",\"@id\":\"https:\/\/www.stoelzle.com\/pharma\/de\/#website\",\"url\":\"https:\/\/www.stoelzle.com\/pharma\/de\/\",\"name\":\"Stoelzle Pharma \u2013 Health &amp; Safety\",\"description\":\"\",\"publisher\":{\"@id\":\"https:\/\/www.stoelzle.com\/pharma\/de\/#organization\"},\"potentialAction\":[{\"@type\":\"SearchAction\",\"target\":{\"@type\":\"EntryPoint\",\"urlTemplate\":\"https:\/\/www.stoelzle.com\/pharma\/de\/?s={search_term_string}\"},\"query-input\":{\"@type\":\"PropertyValueSpecification\",\"valueRequired\":true,\"valueName\":\"search_term_string\"}}],\"inLanguage\":\"de-DE\"},{\"@type\":\"Organization\",\"@id\":\"https:\/\/www.stoelzle.com\/pharma\/de\/#organization\",\"name\":\"Stoelzle Pharma - Health & Safety\",\"url\":\"https:\/\/www.stoelzle.com\/pharma\/de\/\",\"logo\":{\"@type\":\"ImageObject\",\"inLanguage\":\"de-DE\",\"@id\":\"https:\/\/www.stoelzle.com\/pharma\/de\/#\/schema\/logo\/image\/\",\"url\":\"https:\/\/www.stoelzle.com\/pharma\/wp-content\/uploads\/sites\/2\/2021\/03\/logo_pharma.svg\",\"contentUrl\":\"https:\/\/www.stoelzle.com\/pharma\/wp-content\/uploads\/sites\/2\/2021\/03\/logo_pharma.svg\",\"width\":212,\"height\":40,\"caption\":\"Stoelzle Pharma - Health & Safety\"},\"image\":{\"@id\":\"https:\/\/www.stoelzle.com\/pharma\/de\/#\/schema\/logo\/image\/\"}}]}<\/script>\n<!-- \/ Yoast SEO plugin. -->","yoast_head_json":{"title":"Einzigartige Produkte durch Dekoration \u00bb zur \u00dcbersicht | Stoelzle","description":"Stoelzle veredelt Ihre Produkte durch individuelle Dekoration \u279c hauseigene Dekorationsst\u00e4tten \u2713 Mehrwert \u2713 Unikate \u2713 Erfahren Sie mehr!","robots":{"index":"index","follow":"follow","max-snippet":"max-snippet:-1","max-image-preview":"max-image-preview:large","max-video-preview":"max-video-preview:-1"},"canonical":"https:\/\/www.stoelzle.com\/de\/service\/dekoration\/","og_locale":"de_DE","og_type":"article","og_title":"Einzigartige Produkte durch Dekoration \u00bb zur \u00dcbersicht | Stoelzle","og_description":"Stoelzle veredelt Ihre Produkte durch individuelle Dekoration \u279c hauseigene Dekorationsst\u00e4tten \u2713 Mehrwert \u2713 Unikate \u2713 Erfahren Sie mehr!","og_url":"https:\/\/www.stoelzle.com\/de\/service\/dekoration\/","og_site_name":"Stoelzle Pharma \u2013 Health &amp; Safety","article_modified_time":"2022-05-02T17:20:28+00:00","twitter_card":"summary_large_image","twitter_misc":{"Gesch\u00e4tzte Lesezeit":"2 Minuten"},"schema":{"@context":"https:\/\/schema.org","@graph":[{"@type":"WebPage","@id":"https:\/\/www.stoelzle.com\/pharma\/de\/service\/dekoration\/","url":"https:\/\/www.stoelzle.com\/de\/service\/dekoration\/","name":"Einzigartige Produkte durch Dekoration \u00bb zur \u00dcbersicht | Stoelzle","isPartOf":{"@id":"https:\/\/www.stoelzle.com\/pharma\/de\/#website"},"datePublished":"2021-01-27T11:33:49+00:00","dateModified":"2022-05-02T17:20:28+00:00","description":"Stoelzle veredelt Ihre Produkte durch individuelle Dekoration \u279c hauseigene Dekorationsst\u00e4tten \u2713 Mehrwert \u2713 Unikate \u2713 Erfahren Sie mehr!","breadcrumb":{"@id":"https:\/\/www.stoelzle.com\/de\/service\/dekoration\/#breadcrumb"},"inLanguage":"de-DE","potentialAction":[{"@type":"ReadAction","target":["https:\/\/www.stoelzle.com\/de\/service\/dekoration\/"]}]},{"@type":"BreadcrumbList","@id":"https:\/\/www.stoelzle.com\/de\/service\/dekoration\/#breadcrumb","itemListElement":[{"@type":"ListItem","position":1,"name":"Home","item":"https:\/\/www.stoelzle.com\/de\/"},{"@type":"ListItem","position":2,"name":"Pharma","item":"https:\/\/www.stoelzle.com\/pharma\/de\/"},{"@type":"ListItem","position":3,"name":"Service","item":"https:\/\/www.stoelzle.com\/pharma\/de\/service\/"},{"@type":"ListItem","position":4,"name":"Dekoration"}]},{"@type":"WebSite","@id":"https:\/\/www.stoelzle.com\/pharma\/de\/#website","url":"https:\/\/www.stoelzle.com\/pharma\/de\/","name":"Stoelzle Pharma \u2013 Health &amp; Safety","description":"","publisher":{"@id":"https:\/\/www.stoelzle.com\/pharma\/de\/#organization"},"potentialAction":[{"@type":"SearchAction","target":{"@type":"EntryPoint","urlTemplate":"https:\/\/www.stoelzle.com\/pharma\/de\/?s={search_term_string}"},"query-input":{"@type":"PropertyValueSpecification","valueRequired":true,"valueName":"search_term_string"}}],"inLanguage":"de-DE"},{"@type":"Organization","@id":"https:\/\/www.stoelzle.com\/pharma\/de\/#organization","name":"Stoelzle Pharma - Health & Safety","url":"https:\/\/www.stoelzle.com\/pharma\/de\/","logo":{"@type":"ImageObject","inLanguage":"de-DE","@id":"https:\/\/www.stoelzle.com\/pharma\/de\/#\/schema\/logo\/image\/","url":"https:\/\/www.stoelzle.com\/pharma\/wp-content\/uploads\/sites\/2\/2021\/03\/logo_pharma.svg","contentUrl":"https:\/\/www.stoelzle.com\/pharma\/wp-content\/uploads\/sites\/2\/2021\/03\/logo_pharma.svg","width":212,"height":40,"caption":"Stoelzle Pharma - Health & Safety"},"image":{"@id":"https:\/\/www.stoelzle.com\/pharma\/de\/#\/schema\/logo\/image\/"}}]}},"_links":{"self":[{"href":"https:\/\/www.stoelzle.com\/pharma\/de\/wp-json\/wp\/v2\/pages\/3040","targetHints":{"allow":["GET"]}}],"collection":[{"href":"https:\/\/www.stoelzle.com\/pharma\/de\/wp-json\/wp\/v2\/pages"}],"about":[{"href":"https:\/\/www.stoelzle.com\/pharma\/de\/wp-json\/wp\/v2\/types\/page"}],"author":[{"embeddable":true,"href":"https:\/\/www.stoelzle.com\/pharma\/de\/wp-json\/wp\/v2\/users\/1"}],"replies":[{"embeddable":true,"href":"https:\/\/www.stoelzle.com\/pharma\/de\/wp-json\/wp\/v2\/comments?post=3040"}],"version-history":[{"count":0,"href":"https:\/\/www.stoelzle.com\/pharma\/de\/wp-json\/wp\/v2\/pages\/3040\/revisions"}],"up":[{"embeddable":true,"href":"https:\/\/www.stoelzle.com\/pharma\/de\/wp-json\/wp\/v2\/pages\/3038"}],"wp:attachment":[{"href":"https:\/\/www.stoelzle.com\/pharma\/de\/wp-json\/wp\/v2\/media?parent=3040"}],"curies":[{"name":"wp","href":"https:\/\/api.w.org\/{rel}","templated":true}]}}