{"id":3038,"date":"2021-01-27T11:33:16","date_gmt":"2021-01-27T11:33:16","guid":{"rendered":"http:\/\/stoelzle.com\/pharma\/service\/"},"modified":"2022-05-02T17:18:44","modified_gmt":"2022-05-02T17:18:44","slug":"service","status":"publish","type":"page","link":"https:\/\/www.stoelzle.com\/pharma\/de\/service\/","title":{"rendered":"Service"},"content":{"rendered":"<div class=\"wpb-content-wrapper\"><p>[vc_row][vc_column]<div class=\"vc-title  spacing-bottom-m text-center\">\n              <div class=\"topline\">Entwicklung \u2013 Produktion \u2013 Dekoration \u2013 Verschl\u00fcsse<\/div>\n              <h1 class=\"title position-relative separator\">Serviceleistungen f\u00fcr Ihre Produkte<\/h1>\n              <div class=\"row\"><div class=\"col-md-10 offset-md-1\"><\/p>\n<p class=\"large-text\">Als Kunde stehen Sie im Zentrum unserer Entscheidungen. Deshalb haben wir es uns zur Aufgabe gemacht, Ihnen als One-Stop-Shop ein umfassendes Service anzubieten. Wir entwickeln gemeinsam mit Ihnen Produkte, k\u00fcmmern uns von der individuellen Dekoration bis hin zum passenden Verschluss, und bieten bei Bedarf kundenspezifische Verpackungsvarianten. Nutzen Sie unser Angebot und profitieren Sie von unserer Erfahrung!<\/p>\n<p><\/div><\/div>\n            <\/div>[\/vc_column][\/vc_row][vc_row full_width=&#8221;stretch_row&#8221; el_class=&#8221;light-gray&#8221;][vc_column]<div class=\"vc-spacer spacing-bottom-m\"><\/div>[vc_row_inner content_placement=&#8221;middle&#8221; el_class=&#8221;text-text&#8221; css=&#8221;.vc_custom_1621022408617{background-position: 0 0 !important;background-repeat: repeat !important;}&#8221;][vc_column_inner width=&#8221;1\/2&#8243;][vc_column_text]<\/p>\n<h2>Verschl\u00fcsse<\/h2>\n<h3 class=\"h4\">Verschluss und Flasche sind ein Team.<\/h3>\n<p>Als One-Stop-Shop bieten wir umfassende Beratung zu passenden Verschlussl\u00f6sungen zu unseren Flaschen. Sie suchen nach der perfekten Kombination von Flasche und Verschluss?<\/p>\n<p><a class=\"editor-button cta\" href=\"\/pharma\/de\/service\/verschluss\/\">Mehr erfahren<\/a>[\/vc_column_text][\/vc_column_inner][vc_column_inner width=&#8221;1\/2&#8243;]\n      <div class=\"vc-image\">\n         \n          <img loading=\"lazy\" decoding=\"async\" width=\"2000\" height=\"1380\" src=\"https:\/\/www.stoelzle.com\/pharma\/wp-content\/uploads\/sites\/2\/2022\/05\/pharma-closures-2.jpg\" class=\"img-fluid w-100 h-100 d-none d-md-block\" alt=\"Overview of different closure systems for glass bottles\" srcset=\"https:\/\/www.stoelzle.com\/pharma\/wp-content\/uploads\/sites\/2\/2022\/05\/pharma-closures-2.jpg 2000w, https:\/\/www.stoelzle.com\/pharma\/wp-content\/uploads\/sites\/2\/2022\/05\/pharma-closures-2-480x331.jpg 480w, https:\/\/www.stoelzle.com\/pharma\/wp-content\/uploads\/sites\/2\/2022\/05\/pharma-closures-2-1024x707.jpg 1024w, https:\/\/www.stoelzle.com\/pharma\/wp-content\/uploads\/sites\/2\/2022\/05\/pharma-closures-2-1536x1060.jpg 1536w, https:\/\/www.stoelzle.com\/pharma\/wp-content\/uploads\/sites\/2\/2022\/05\/pharma-closures-2-992x684.jpg 992w, https:\/\/www.stoelzle.com\/pharma\/wp-content\/uploads\/sites\/2\/2022\/05\/pharma-closures-2-180x124.jpg 180w\" sizes=\"auto, (max-width: 2000px) 100vw, 2000px\" \/> \n          <img loading=\"lazy\" decoding=\"async\" width=\"992\" height=\"684\" src=\"https:\/\/www.stoelzle.com\/pharma\/wp-content\/uploads\/sites\/2\/2022\/05\/pharma-closures-2-992x684.jpg\" class=\"img-fluid w-100 h-100 d-mdx-none\" alt=\"Overview of different closure systems for glass bottles\" srcset=\"https:\/\/www.stoelzle.com\/pharma\/wp-content\/uploads\/sites\/2\/2022\/05\/pharma-closures-2-992x684.jpg 992w, https:\/\/www.stoelzle.com\/pharma\/wp-content\/uploads\/sites\/2\/2022\/05\/pharma-closures-2-480x331.jpg 480w, https:\/\/www.stoelzle.com\/pharma\/wp-content\/uploads\/sites\/2\/2022\/05\/pharma-closures-2-1024x707.jpg 1024w, https:\/\/www.stoelzle.com\/pharma\/wp-content\/uploads\/sites\/2\/2022\/05\/pharma-closures-2-1536x1060.jpg 1536w, https:\/\/www.stoelzle.com\/pharma\/wp-content\/uploads\/sites\/2\/2022\/05\/pharma-closures-2-180x124.jpg 180w, https:\/\/www.stoelzle.com\/pharma\/wp-content\/uploads\/sites\/2\/2022\/05\/pharma-closures-2.jpg 2000w\" sizes=\"auto, (max-width: 992px) 100vw, 992px\" \/>\n          \n         \n      <\/div>[\/vc_column_inner][\/vc_row_inner]<div class=\"vc-spacer spacing-bottom-m\"><\/div>[\/vc_column][\/vc_row][vc_row full_width=&#8221;stretch_row&#8221;][vc_column]<div class=\"vc-spacer spacing-bottom-m\"><\/div>[vc_row_inner content_placement=&#8221;middle&#8221; el_class=&#8221;text-text&#8221;][vc_column_inner width=&#8221;1\/2&#8243; css=&#8221;.vc_custom_1621022330033{background-position: 0 0 !important;background-repeat: repeat !important;}&#8221;]\n      <div class=\"vc-image\">\n         \n          <img loading=\"lazy\" decoding=\"async\" width=\"2000\" height=\"1333\" src=\"https:\/\/www.stoelzle.com\/pharma\/wp-content\/uploads\/sites\/2\/2022\/04\/decoration-techniques-2.jpg\" class=\"img-fluid w-100 h-100 d-none d-md-block\" alt=\"Decorated products with closures\" srcset=\"https:\/\/www.stoelzle.com\/pharma\/wp-content\/uploads\/sites\/2\/2022\/04\/decoration-techniques-2.jpg 2000w, https:\/\/www.stoelzle.com\/pharma\/wp-content\/uploads\/sites\/2\/2022\/04\/decoration-techniques-2-480x320.jpg 480w, https:\/\/www.stoelzle.com\/pharma\/wp-content\/uploads\/sites\/2\/2022\/04\/decoration-techniques-2-1024x682.jpg 1024w, https:\/\/www.stoelzle.com\/pharma\/wp-content\/uploads\/sites\/2\/2022\/04\/decoration-techniques-2-1536x1024.jpg 1536w, https:\/\/www.stoelzle.com\/pharma\/wp-content\/uploads\/sites\/2\/2022\/04\/decoration-techniques-2-992x661.jpg 992w, https:\/\/www.stoelzle.com\/pharma\/wp-content\/uploads\/sites\/2\/2022\/04\/decoration-techniques-2-180x120.jpg 180w\" sizes=\"auto, (max-width: 2000px) 100vw, 2000px\" \/> \n          <img loading=\"lazy\" decoding=\"async\" width=\"992\" height=\"661\" src=\"https:\/\/www.stoelzle.com\/pharma\/wp-content\/uploads\/sites\/2\/2022\/04\/decoration-techniques-2-992x661.jpg\" class=\"img-fluid w-100 h-100 d-mdx-none\" alt=\"Decorated products with closures\" srcset=\"https:\/\/www.stoelzle.com\/pharma\/wp-content\/uploads\/sites\/2\/2022\/04\/decoration-techniques-2-992x661.jpg 992w, https:\/\/www.stoelzle.com\/pharma\/wp-content\/uploads\/sites\/2\/2022\/04\/decoration-techniques-2-480x320.jpg 480w, https:\/\/www.stoelzle.com\/pharma\/wp-content\/uploads\/sites\/2\/2022\/04\/decoration-techniques-2-1024x682.jpg 1024w, https:\/\/www.stoelzle.com\/pharma\/wp-content\/uploads\/sites\/2\/2022\/04\/decoration-techniques-2-1536x1024.jpg 1536w, https:\/\/www.stoelzle.com\/pharma\/wp-content\/uploads\/sites\/2\/2022\/04\/decoration-techniques-2-180x120.jpg 180w, https:\/\/www.stoelzle.com\/pharma\/wp-content\/uploads\/sites\/2\/2022\/04\/decoration-techniques-2.jpg 2000w\" sizes=\"auto, (max-width: 992px) 100vw, 992px\" \/>\n          \n         \n      <\/div>[\/vc_column_inner][vc_column_inner width=&#8221;1\/2&#8243;][vc_column_text]<\/p>\n<h2>Dekoration<\/h2>\n<h3 class=\"h4\">Individuelle Veredelung nach Ihren W\u00fcnschen.<\/h3>\n<p>Dekoration bietet die M\u00f6glichkeit Ihr Produkt zu einem Unikat zu machen. Sprechen Sie uns auf unsere au\u00dfergew\u00f6hnlichen Dekorationstechniken an!<\/p>\n<p><a class=\"editor-button cta\" href=\"\/pharma\/de\/service\/dekoration\/\">Mehr erfahren<\/a>[\/vc_column_text][\/vc_column_inner][vc_column_inner][\/vc_column_inner][\/vc_row_inner]<div class=\"vc-spacer spacing-bottom-m\"><\/div>[\/vc_column][\/vc_row][vc_row full_width=&#8221;stretch_row&#8221; el_class=&#8221;light-gray&#8221;][vc_column]<div class=\"vc-spacer spacing-bottom-m\"><\/div>[vc_row_inner el_class=&#8221;text-text&#8221;][vc_column_inner width=&#8221;1\/2&#8243;][vc_column_text]<\/p>\n<h2>Produktentwicklung<\/h2>\n<h3 class=\"h4\">Wir entwickeln Glasverpackungen speziell nach Ihren Anforderungen und Ideen.<\/h3>\n<p>Unsere Produktspezialisten begleiten Sie w\u00e4hrend des gesamten Entwicklungsprozesses \u2013 von der ersten Idee eines neuen Produkts, \u00fcber die Steuerung der Projektphasen, bis zur Produktion.<\/p>\n<p><a class=\"editor-button cta\" href=\"\/pharma\/de\/service\/produktentwicklung\/\">Mehr erfahren<\/a>[\/vc_column_text][\/vc_column_inner][vc_column_inner width=&#8221;1\/2&#8243;]\n      <div class=\"vc-image\">\n         \n          <img loading=\"lazy\" decoding=\"async\" width=\"2000\" height=\"1300\" src=\"https:\/\/www.stoelzle.com\/pharma\/wp-content\/uploads\/sites\/2\/2021\/02\/service-product-development.png\" class=\"img-fluid w-100 h-100 d-none d-md-block\" alt=\"Showing the way from an idea, to a sketch and a finished product\" srcset=\"https:\/\/www.stoelzle.com\/pharma\/wp-content\/uploads\/sites\/2\/2021\/02\/service-product-development.png 2000w, https:\/\/www.stoelzle.com\/pharma\/wp-content\/uploads\/sites\/2\/2021\/02\/service-product-development-480x312.png 480w, https:\/\/www.stoelzle.com\/pharma\/wp-content\/uploads\/sites\/2\/2021\/02\/service-product-development-1024x666.png 1024w, https:\/\/www.stoelzle.com\/pharma\/wp-content\/uploads\/sites\/2\/2021\/02\/service-product-development-1536x998.png 1536w, https:\/\/www.stoelzle.com\/pharma\/wp-content\/uploads\/sites\/2\/2021\/02\/service-product-development-992x645.png 992w, https:\/\/www.stoelzle.com\/pharma\/wp-content\/uploads\/sites\/2\/2021\/02\/service-product-development-600x390.png 600w\" sizes=\"auto, (max-width: 2000px) 100vw, 2000px\" \/> \n          <img loading=\"lazy\" decoding=\"async\" width=\"992\" height=\"645\" src=\"https:\/\/www.stoelzle.com\/pharma\/wp-content\/uploads\/sites\/2\/2021\/02\/service-product-development-992x645.png\" class=\"img-fluid w-100 h-100 d-mdx-none\" alt=\"Showing the way from an idea, to a sketch and a finished product\" srcset=\"https:\/\/www.stoelzle.com\/pharma\/wp-content\/uploads\/sites\/2\/2021\/02\/service-product-development-992x645.png 992w, https:\/\/www.stoelzle.com\/pharma\/wp-content\/uploads\/sites\/2\/2021\/02\/service-product-development-480x312.png 480w, https:\/\/www.stoelzle.com\/pharma\/wp-content\/uploads\/sites\/2\/2021\/02\/service-product-development-1024x666.png 1024w, https:\/\/www.stoelzle.com\/pharma\/wp-content\/uploads\/sites\/2\/2021\/02\/service-product-development-1536x998.png 1536w, https:\/\/www.stoelzle.com\/pharma\/wp-content\/uploads\/sites\/2\/2021\/02\/service-product-development-600x390.png 600w, https:\/\/www.stoelzle.com\/pharma\/wp-content\/uploads\/sites\/2\/2021\/02\/service-product-development.png 2000w\" sizes=\"auto, (max-width: 992px) 100vw, 992px\" \/>\n          \n         \n      <\/div>[\/vc_column_inner][\/vc_row_inner]<div class=\"vc-spacer spacing-bottom-m\"><\/div>[\/vc_column][\/vc_row][vc_row][vc_column]<div class=\"vc-two-columns  \">\n                <div class=\"row\">\n                    <div class=\"col-sm-6 bg-blue image-left\"><img loading=\"lazy\" decoding=\"async\" width=\"1024\" height=\"666\" src=\"https:\/\/www.stoelzle.com\/pharma\/wp-content\/uploads\/sites\/2\/2021\/01\/service-packaging-tray-1024x666.jpg\" class=\"w-100 h-100 cover\" alt=\"A shrinked pallet with bottles in our warehouse\" srcset=\"https:\/\/www.stoelzle.com\/pharma\/wp-content\/uploads\/sites\/2\/2021\/01\/service-packaging-tray-1024x666.jpg 1024w, https:\/\/www.stoelzle.com\/pharma\/wp-content\/uploads\/sites\/2\/2021\/01\/service-packaging-tray-480x312.jpg 480w, https:\/\/www.stoelzle.com\/pharma\/wp-content\/uploads\/sites\/2\/2021\/01\/service-packaging-tray-1536x998.jpg 1536w, https:\/\/www.stoelzle.com\/pharma\/wp-content\/uploads\/sites\/2\/2021\/01\/service-packaging-tray-992x645.jpg 992w, https:\/\/www.stoelzle.com\/pharma\/wp-content\/uploads\/sites\/2\/2021\/01\/service-packaging-tray-600x390.jpg 600w, https:\/\/www.stoelzle.com\/pharma\/wp-content\/uploads\/sites\/2\/2021\/01\/service-packaging-tray.jpg 2000w\" sizes=\"auto, (max-width: 1024px) 100vw, 1024px\" \/><\/div>\n                    <div class=\"col-sm-6 bg-blue image-left\"><div class=\"column-content h-100 d-flex flex-column justify-content-center\"><\/p>\n<h2>Kundenspezifische Verpackungsvarianten<\/h2>\n<h3 class=\"h4\">Unser Anliegen ist es Ihre Verpackungsbed\u00fcrfnisse zu unterst\u00fctzen.<\/h3>\n<p>Nicht immer sind Standardverpackungen ideal f\u00fcr alle Einsatzzwecke. Deshalb legen wir gro\u00dfen Wert auf enge Zusammenarbeit und gehen gerne auf Ihre Bed\u00fcrfnisse und W\u00fcnsche bei der Verpackung ein.<\/p>\n<p><a class=\"cta editor-button cta-white\" href=\"\/pharma\/de\/service\/verpackung\/\">Mehr erfahren<\/a><\/div><\/div>\n                <\/div>\n            <\/div>[\/vc_column][\/vc_row][vc_row][vc_column width=&#8221;1\/6&#8243;][\/vc_column][vc_column width=&#8221;2\/3&#8243;]<div class=\"vc-title  spacing-bottom-s text-center\">\n              <div class=\"topline\">Kontakt<\/div>\n              <h2 class=\"title position-relative\">Wir sind f\u00fcr Sie da!<\/h2>\n              <div class=\"row\"><div class=\"col-md-10 offset-md-1\"><\/p>\n<p class=\"large-text\">Unser kundenspezifischer Service wird auf Ihre Bed\u00fcrfnisse und Produktanforderungen abgestimmt. Gerne beraten wir Sie individuell!<\/p>\n<p>&nbsp;<\/p>\n<p><a class=\"editor-button cta\" href=\"\/pharma\/de\/kontakt\/\">Anfrage<\/a><\/div><\/div>\n            <\/div>[\/vc_column][vc_column width=&#8221;1\/6&#8243;][\/vc_column][\/vc_row]<\/p>\n<\/div>","protected":false},"excerpt":{"rendered":"<p>[vc_row][vc_column][\/vc_column][\/vc_row][vc_row full_width=&#8221;stretch_row&#8221; el_class=&#8221;light-gray&#8221;][vc_column][vc_row_inner content_placement=&#8221;middle&#8221; el_class=&#8221;text-text&#8221; css=&#8221;.vc_custom_1621022408617{background-position: 0 0 !important;background-repeat: repeat !important;}&#8221;][vc_column_inner width=&#8221;1\/2&#8243;][vc_column_text] Verschl\u00fcsse Verschluss und Flasche sind ein Team. Als One-Stop-Shop bieten wir umfassende Beratung zu passenden Verschlussl\u00f6sungen zu unseren Flaschen. Sie suchen nach der perfekten Kombination von Flasche und Verschluss? Mehr erfahren[\/vc_column_text][\/vc_column_inner][vc_column_inner width=&#8221;1\/2&#8243;][\/vc_column_inner][\/vc_row_inner][\/vc_column][\/vc_row][vc_row full_width=&#8221;stretch_row&#8221;][vc_column][vc_row_inner content_placement=&#8221;middle&#8221; el_class=&#8221;text-text&#8221;][vc_column_inner width=&#8221;1\/2&#8243; css=&#8221;.vc_custom_1621022330033{background-position: 0 0 !important;background-repeat: repeat !important;}&#8221;][\/vc_column_inner][vc_column_inner width=&#8221;1\/2&#8243;][vc_column_text] [&hellip;]<\/p>\n","protected":false},"author":1,"featured_media":0,"parent":0,"menu_order":300,"comment_status":"closed","ping_status":"closed","template":"","meta":{"_acf_changed":false,"footnotes":""},"class_list":["post-3038","page","type-page","status-publish","hentry"],"acf":[],"yoast_head":"<!-- This site is optimized with the Yoast SEO plugin v26.6 - https:\/\/yoast.com\/wordpress\/plugins\/seo\/ -->\n<title>One-Stop-Shop Service \u00bb Umfassende Beratung | Stoelzle Pharma<\/title>\n<meta name=\"description\" content=\"Stoelzle als Komplettanbieter \u279c Produktentwicklung \u2713 passende Verschl\u00fcsse \u2713 Dekoration \u2713 individuelle Verpackung \u2713 Erfahren Sie mehr!\" \/>\n<meta name=\"robots\" content=\"index, follow, max-snippet:-1, max-image-preview:large, max-video-preview:-1\" \/>\n<link rel=\"canonical\" href=\"https:\/\/www.stoelzle.com\/de\/service\/\" \/>\n<meta property=\"og:locale\" content=\"de_DE\" \/>\n<meta property=\"og:type\" content=\"article\" \/>\n<meta property=\"og:title\" content=\"One-Stop-Shop Service \u00bb Umfassende Beratung | Stoelzle Pharma\" \/>\n<meta property=\"og:description\" content=\"Stoelzle als Komplettanbieter \u279c Produktentwicklung \u2713 passende Verschl\u00fcsse \u2713 Dekoration \u2713 individuelle Verpackung \u2713 Erfahren Sie mehr!\" \/>\n<meta property=\"og:url\" content=\"https:\/\/www.stoelzle.com\/de\/service\" \/>\n<meta property=\"og:site_name\" content=\"Stoelzle Pharma \u2013 Health &amp; Safety\" \/>\n<meta property=\"article:modified_time\" content=\"2022-05-02T17:18:44+00:00\" \/>\n<meta name=\"twitter:card\" content=\"summary_large_image\" \/>\n<meta name=\"twitter:label1\" content=\"Gesch\u00e4tzte Lesezeit\" \/>\n\t<meta name=\"twitter:data1\" content=\"2 Minuten\" \/>\n<script type=\"application\/ld+json\" class=\"yoast-schema-graph\">{\"@context\":\"https:\/\/schema.org\",\"@graph\":[{\"@type\":\"WebPage\",\"@id\":\"https:\/\/www.stoelzle.com\/pharma\/de\/service\/\",\"url\":\"https:\/\/www.stoelzle.com\/de\/service\",\"name\":\"One-Stop-Shop Service \u00bb Umfassende Beratung | Stoelzle Pharma\",\"isPartOf\":{\"@id\":\"https:\/\/www.stoelzle.com\/pharma\/de\/#website\"},\"datePublished\":\"2021-01-27T11:33:16+00:00\",\"dateModified\":\"2022-05-02T17:18:44+00:00\",\"description\":\"Stoelzle als Komplettanbieter \u279c Produktentwicklung \u2713 passende Verschl\u00fcsse \u2713 Dekoration \u2713 individuelle Verpackung \u2713 Erfahren Sie mehr!\",\"breadcrumb\":{\"@id\":\"https:\/\/www.stoelzle.com\/de\/service#breadcrumb\"},\"inLanguage\":\"de-DE\",\"potentialAction\":[{\"@type\":\"ReadAction\",\"target\":[\"https:\/\/www.stoelzle.com\/de\/service\"]}]},{\"@type\":\"BreadcrumbList\",\"@id\":\"https:\/\/www.stoelzle.com\/de\/service#breadcrumb\",\"itemListElement\":[{\"@type\":\"ListItem\",\"position\":1,\"name\":\"Home\",\"item\":\"https:\/\/www.stoelzle.com\/de\/\"},{\"@type\":\"ListItem\",\"position\":2,\"name\":\"Pharma\",\"item\":\"https:\/\/www.stoelzle.com\/pharma\/de\/\"},{\"@type\":\"ListItem\",\"position\":3,\"name\":\"Service\"}]},{\"@type\":\"WebSite\",\"@id\":\"https:\/\/www.stoelzle.com\/pharma\/de\/#website\",\"url\":\"https:\/\/www.stoelzle.com\/pharma\/de\/\",\"name\":\"Stoelzle Pharma \u2013 Health &amp; Safety\",\"description\":\"\",\"publisher\":{\"@id\":\"https:\/\/www.stoelzle.com\/pharma\/de\/#organization\"},\"potentialAction\":[{\"@type\":\"SearchAction\",\"target\":{\"@type\":\"EntryPoint\",\"urlTemplate\":\"https:\/\/www.stoelzle.com\/pharma\/de\/?s={search_term_string}\"},\"query-input\":{\"@type\":\"PropertyValueSpecification\",\"valueRequired\":true,\"valueName\":\"search_term_string\"}}],\"inLanguage\":\"de-DE\"},{\"@type\":\"Organization\",\"@id\":\"https:\/\/www.stoelzle.com\/pharma\/de\/#organization\",\"name\":\"Stoelzle Pharma - Health & Safety\",\"url\":\"https:\/\/www.stoelzle.com\/pharma\/de\/\",\"logo\":{\"@type\":\"ImageObject\",\"inLanguage\":\"de-DE\",\"@id\":\"https:\/\/www.stoelzle.com\/pharma\/de\/#\/schema\/logo\/image\/\",\"url\":\"https:\/\/www.stoelzle.com\/pharma\/wp-content\/uploads\/sites\/2\/2021\/03\/logo_pharma.svg\",\"contentUrl\":\"https:\/\/www.stoelzle.com\/pharma\/wp-content\/uploads\/sites\/2\/2021\/03\/logo_pharma.svg\",\"width\":212,\"height\":40,\"caption\":\"Stoelzle Pharma - Health & Safety\"},\"image\":{\"@id\":\"https:\/\/www.stoelzle.com\/pharma\/de\/#\/schema\/logo\/image\/\"}}]}<\/script>\n<!-- \/ Yoast SEO plugin. -->","yoast_head_json":{"title":"One-Stop-Shop Service \u00bb Umfassende Beratung | Stoelzle Pharma","description":"Stoelzle als Komplettanbieter \u279c Produktentwicklung \u2713 passende Verschl\u00fcsse \u2713 Dekoration \u2713 individuelle Verpackung \u2713 Erfahren Sie mehr!","robots":{"index":"index","follow":"follow","max-snippet":"max-snippet:-1","max-image-preview":"max-image-preview:large","max-video-preview":"max-video-preview:-1"},"canonical":"https:\/\/www.stoelzle.com\/de\/service\/","og_locale":"de_DE","og_type":"article","og_title":"One-Stop-Shop Service \u00bb Umfassende Beratung | Stoelzle Pharma","og_description":"Stoelzle als Komplettanbieter \u279c Produktentwicklung \u2713 passende Verschl\u00fcsse \u2713 Dekoration \u2713 individuelle Verpackung \u2713 Erfahren Sie mehr!","og_url":"https:\/\/www.stoelzle.com\/de\/service","og_site_name":"Stoelzle Pharma \u2013 Health &amp; Safety","article_modified_time":"2022-05-02T17:18:44+00:00","twitter_card":"summary_large_image","twitter_misc":{"Gesch\u00e4tzte Lesezeit":"2 Minuten"},"schema":{"@context":"https:\/\/schema.org","@graph":[{"@type":"WebPage","@id":"https:\/\/www.stoelzle.com\/pharma\/de\/service\/","url":"https:\/\/www.stoelzle.com\/de\/service","name":"One-Stop-Shop Service \u00bb Umfassende Beratung | Stoelzle Pharma","isPartOf":{"@id":"https:\/\/www.stoelzle.com\/pharma\/de\/#website"},"datePublished":"2021-01-27T11:33:16+00:00","dateModified":"2022-05-02T17:18:44+00:00","description":"Stoelzle als Komplettanbieter \u279c Produktentwicklung \u2713 passende Verschl\u00fcsse \u2713 Dekoration \u2713 individuelle Verpackung \u2713 Erfahren Sie mehr!","breadcrumb":{"@id":"https:\/\/www.stoelzle.com\/de\/service#breadcrumb"},"inLanguage":"de-DE","potentialAction":[{"@type":"ReadAction","target":["https:\/\/www.stoelzle.com\/de\/service"]}]},{"@type":"BreadcrumbList","@id":"https:\/\/www.stoelzle.com\/de\/service#breadcrumb","itemListElement":[{"@type":"ListItem","position":1,"name":"Home","item":"https:\/\/www.stoelzle.com\/de\/"},{"@type":"ListItem","position":2,"name":"Pharma","item":"https:\/\/www.stoelzle.com\/pharma\/de\/"},{"@type":"ListItem","position":3,"name":"Service"}]},{"@type":"WebSite","@id":"https:\/\/www.stoelzle.com\/pharma\/de\/#website","url":"https:\/\/www.stoelzle.com\/pharma\/de\/","name":"Stoelzle Pharma \u2013 Health &amp; Safety","description":"","publisher":{"@id":"https:\/\/www.stoelzle.com\/pharma\/de\/#organization"},"potentialAction":[{"@type":"SearchAction","target":{"@type":"EntryPoint","urlTemplate":"https:\/\/www.stoelzle.com\/pharma\/de\/?s={search_term_string}"},"query-input":{"@type":"PropertyValueSpecification","valueRequired":true,"valueName":"search_term_string"}}],"inLanguage":"de-DE"},{"@type":"Organization","@id":"https:\/\/www.stoelzle.com\/pharma\/de\/#organization","name":"Stoelzle Pharma - Health & Safety","url":"https:\/\/www.stoelzle.com\/pharma\/de\/","logo":{"@type":"ImageObject","inLanguage":"de-DE","@id":"https:\/\/www.stoelzle.com\/pharma\/de\/#\/schema\/logo\/image\/","url":"https:\/\/www.stoelzle.com\/pharma\/wp-content\/uploads\/sites\/2\/2021\/03\/logo_pharma.svg","contentUrl":"https:\/\/www.stoelzle.com\/pharma\/wp-content\/uploads\/sites\/2\/2021\/03\/logo_pharma.svg","width":212,"height":40,"caption":"Stoelzle Pharma - Health & Safety"},"image":{"@id":"https:\/\/www.stoelzle.com\/pharma\/de\/#\/schema\/logo\/image\/"}}]}},"_links":{"self":[{"href":"https:\/\/www.stoelzle.com\/pharma\/de\/wp-json\/wp\/v2\/pages\/3038","targetHints":{"allow":["GET"]}}],"collection":[{"href":"https:\/\/www.stoelzle.com\/pharma\/de\/wp-json\/wp\/v2\/pages"}],"about":[{"href":"https:\/\/www.stoelzle.com\/pharma\/de\/wp-json\/wp\/v2\/types\/page"}],"author":[{"embeddable":true,"href":"https:\/\/www.stoelzle.com\/pharma\/de\/wp-json\/wp\/v2\/users\/1"}],"replies":[{"embeddable":true,"href":"https:\/\/www.stoelzle.com\/pharma\/de\/wp-json\/wp\/v2\/comments?post=3038"}],"version-history":[{"count":0,"href":"https:\/\/www.stoelzle.com\/pharma\/de\/wp-json\/wp\/v2\/pages\/3038\/revisions"}],"wp:attachment":[{"href":"https:\/\/www.stoelzle.com\/pharma\/de\/wp-json\/wp\/v2\/media?parent=3038"}],"curies":[{"name":"wp","href":"https:\/\/api.w.org\/{rel}","templated":true}]}}