{"id":3036,"date":"2021-01-27T11:33:02","date_gmt":"2021-01-27T11:33:02","guid":{"rendered":"http:\/\/stoelzle.com\/pharma\/product-overview\/"},"modified":"2023-10-23T10:17:04","modified_gmt":"2023-10-23T10:17:04","slug":"produkt-uebersicht","status":"publish","type":"page","link":"https:\/\/www.stoelzle.com\/pharma\/de\/produkt-uebersicht\/","title":{"rendered":"Produkte"},"content":{"rendered":"<div class=\"wpb-content-wrapper\"><p>[vc_row][vc_column]<div class=\"vc-title   text-center\">\n              <div class=\"topline\">Der Spezialist f\u00fcr hochwertiges Pharmaglas<\/div>\n              <h1 class=\"title position-relative separator\">Pharmazeutisches Glas \u2013 Produkt\u00fcbersicht<\/h1>\n              <div class=\"row\"><div class=\"col-md-10 offset-md-1\"><\/p>\n<p class=\"large-text\">Unser Standardportfolio umfasst Typ 3 Glas in braun, wei\u00df und gr\u00fcn, das gem\u00e4\u00df ISO 15378 GMP in unseren zwei europ\u00e4ischen pharmazeutischen Produktionsst\u00e4tten hergestellt wird. Mittels eines innovativen &amp; stabilen Verfahrens stellen wir ebenfalls Typ 2 Glas in Klarglas her.\u00a0 Dabei erf\u00fcllen wir die h\u00f6chsten Hygiene- und Qualit\u00e4tsstandards. Dazu passende Verschl\u00fcsse runden unser Portfolio ab.<\/p>\n<p><\/div><\/div>\n            <\/div>[\/vc_column][\/vc_row][vc_row][vc_column]<div id=\"id-produktuebersicht\" class=\"vc-gallery  spacing-bottom-m\"><div class=\"row vc-gallery-grid\"><a  href=\"\/pharma\/de\/produkte\/\"  class=\"vc-gallery-item mb-4 style-3 col-sm-6 col-md-4 col-lg-3\">\n                  <div class=\"vc-gallery-image off show-border\"><img decoding=\"async\" class=\"img-fluid\" src=\"https:\/\/www.stoelzle.com\/pharma\/wp-content\/uploads\/sites\/2\/2021\/02\/categorie-product-finder-800x800.jpg\" alt=\"Picture of a hand holding an amber bottle\"><\/div>\n                  <div class=\"vc-gallery-content\"><div class=\"vc-gallery-toptitle\">Schnell und einfach<\/div><div class=\"vc-gallery-title\">Produktfinder<\/div><\/div>\n                <\/a><a  href=\"\/pharma\/de\/produkte\/tropfflaschen\/\"  class=\"vc-gallery-item mb-4 style-3 col-sm-6 col-md-4 col-lg-3\">\n                  <div class=\"vc-gallery-image off show-border\"><img decoding=\"async\" class=\"img-fluid\" src=\"https:\/\/www.stoelzle.com\/pharma\/wp-content\/uploads\/sites\/2\/2021\/02\/categorie-dropper-800x800.jpg\" alt=\"Picture showing flint and amber dropper bottles in different sizes\"><\/div>\n                  <div class=\"vc-gallery-content\"><div class=\"vc-gallery-toptitle\">2,5 \u2013 100 ML<\/div><div class=\"vc-gallery-title\">Tropfflaschen<\/div><\/div>\n                <\/a><a  href=\"\/pharma\/de\/produkte\/boston-round-flasche\/\"  class=\"vc-gallery-item mb-4 style-3 col-sm-6 col-md-4 col-lg-3\">\n                  <div class=\"vc-gallery-image off show-border\"><img decoding=\"async\" class=\"img-fluid\" src=\"https:\/\/www.stoelzle.com\/pharma\/wp-content\/uploads\/sites\/2\/2021\/02\/categorie-boston-800x800.jpg\" alt=\"Picture showing amber boston round bottles in different sizes\"><\/div>\n                  <div class=\"vc-gallery-content\"><div class=\"vc-gallery-toptitle\">0.45 \u2013 8 oz<\/div><div class=\"vc-gallery-title\">Boston round<\/div><\/div>\n                <\/a><a  href=\"\/pharma\/de\/produkte\/sirupflasche\/\"  class=\"vc-gallery-item mb-4 style-3 col-sm-6 col-md-4 col-lg-3\">\n                  <div class=\"vc-gallery-image off show-border\"><img decoding=\"async\" class=\"img-fluid\" src=\"https:\/\/www.stoelzle.com\/pharma\/wp-content\/uploads\/sites\/2\/2021\/02\/categorie-syrup-800x800.jpg\" alt=\"Picture showing amber syrup bottles in different sizes\"><\/div>\n                  <div class=\"vc-gallery-content\"><div class=\"vc-gallery-toptitle\">30 \u2013 1.000 ml<\/div><div class=\"vc-gallery-title\">Sirupflaschen<\/div><\/div>\n                <\/a><a  href=\"\/pharma\/de\/produkte\/medizinflasche\/\"  class=\"vc-gallery-item mb-4 style-3 col-sm-6 col-md-4 col-lg-3\">\n                  <div class=\"vc-gallery-image off show-border\"><img decoding=\"async\" class=\"img-fluid\" src=\"https:\/\/www.stoelzle.com\/pharma\/wp-content\/uploads\/sites\/2\/2021\/02\/categorie-medicine-800x800.jpg\" alt=\"Picture showing amber medicine bottles in different sizes\"><\/div>\n                  <div class=\"vc-gallery-content\"><div class=\"vc-gallery-toptitle\">30 \u2013 300 ml<\/div><div class=\"vc-gallery-title\">Medizinflaschen<\/div><\/div>\n                <\/a><a  href=\"\/pharma\/de\/produkte\/formflasche\/\"  class=\"vc-gallery-item mb-4 style-3 col-sm-6 col-md-4 col-lg-3\">\n                  <div class=\"vc-gallery-image off show-border\"><img decoding=\"async\" class=\"img-fluid\" src=\"https:\/\/www.stoelzle.com\/pharma\/wp-content\/uploads\/sites\/2\/2021\/02\/categorie-shaped-800x800.jpg\" alt=\"Picture showing flint and amber shaped bottles in different sizes\"><\/div>\n                  <div class=\"vc-gallery-content\"><div class=\"vc-gallery-toptitle\">30 \u2013 1.000 ml<\/div><div class=\"vc-gallery-title\">Formflaschen<\/div><\/div>\n                <\/a><a  href=\"\/pharma\/de\/produkte\/injektionsflasche\/\"  class=\"vc-gallery-item mb-4 style-3 col-sm-6 col-md-4 col-lg-3\">\n                  <div class=\"vc-gallery-image off show-border\"><img decoding=\"async\" class=\"img-fluid\" src=\"https:\/\/www.stoelzle.com\/pharma\/wp-content\/uploads\/sites\/2\/2021\/02\/categorie-injection-800x800.jpg\" alt=\"Picture showing flint and amber injection vials in different sizes\"><\/div>\n                  <div class=\"vc-gallery-content\"><div class=\"vc-gallery-toptitle\">6 \u2013 100 ml<\/div><div class=\"vc-gallery-title\">Injektionsflaschen<\/div><\/div>\n                <\/a><a  href=\"\/pharma\/de\/produkte\/salbentiegel\/\"  class=\"vc-gallery-item mb-4 style-3 col-sm-6 col-md-4 col-lg-3\">\n                  <div class=\"vc-gallery-image off show-border\"><img decoding=\"async\" class=\"img-fluid\" src=\"https:\/\/www.stoelzle.com\/pharma\/wp-content\/uploads\/sites\/2\/2021\/02\/categorie-ointment-800x800.jpg\" alt=\"Picture showing amber ointment jars in different sizes\"><\/div>\n                  <div class=\"vc-gallery-content\"><div class=\"vc-gallery-toptitle\">100 \u2013 200 ml<\/div><div class=\"vc-gallery-title\">Salbentiegel<\/div><\/div>\n                <\/a><a  href=\"\/pharma\/de\/produkte\/tablettenglas\/\"  class=\"vc-gallery-item mb-4 style-3 col-sm-6 col-md-4 col-lg-3\">\n                  <div class=\"vc-gallery-image off show-border\"><img decoding=\"async\" class=\"img-fluid\" src=\"https:\/\/www.stoelzle.com\/pharma\/wp-content\/uploads\/sites\/2\/2021\/02\/categorie-pill-800x800.jpg\" alt=\"Picture showing amber pill bottles in different sizes\"><\/div>\n                  <div class=\"vc-gallery-content\"><div class=\"vc-gallery-toptitle\">5 \u2013 200 ml<\/div><div class=\"vc-gallery-title\">Tablettengl\u00e4ser<\/div><\/div>\n                <\/a><a  href=\"\/pharma\/de\/produkte\/weithalsglas\/\"  class=\"vc-gallery-item mb-4 style-3 col-sm-6 col-md-4 col-lg-3\">\n                  <div class=\"vc-gallery-image off show-border\"><img decoding=\"async\" class=\"img-fluid\" src=\"https:\/\/www.stoelzle.com\/pharma\/wp-content\/uploads\/sites\/2\/2021\/02\/categorie-widemouth-800x800.jpg\" alt=\"Picture showing amber wide mouth packers in different sizes\"><\/div>\n                  <div class=\"vc-gallery-content\"><div class=\"vc-gallery-toptitle\">60 \u2013 500 ml<\/div><div class=\"vc-gallery-title\">Weithalsgl\u00e4ser<\/div><\/div>\n                <\/a><a  href=\"\/pharma\/de\/produkte\/roll-on-glasflasche\/\"  class=\"vc-gallery-item mb-4 style-3 col-sm-6 col-md-4 col-lg-3\">\n                  <div class=\"vc-gallery-image off show-border\"><img decoding=\"async\" class=\"img-fluid\" src=\"https:\/\/www.stoelzle.com\/pharma\/wp-content\/uploads\/sites\/2\/2021\/03\/categorie-roll-on-1-800x800.jpg\" alt=\"Abbildung einer braunen und einer wei\u00dfen Roll-On Flasche\"><\/div>\n                  <div class=\"vc-gallery-content\"><div class=\"vc-gallery-toptitle\">10 \u2013 50 ml<\/div><div class=\"vc-gallery-title\">Roll-on Glasflaschen<\/div><\/div>\n                <\/a><a  href=\"\/pharma\/de\/produkte\/pharmacos-kollektion\/\"  class=\"vc-gallery-item mb-4 style-3 col-sm-6 col-md-4 col-lg-3\">\n                  <div class=\"vc-gallery-image off show-border\"><img decoding=\"async\" class=\"img-fluid\" src=\"https:\/\/www.stoelzle.com\/pharma\/wp-content\/uploads\/sites\/2\/2023\/10\/category-pharmacos-800x800.jpg\" alt=\"Picture showing amber wide mouth packers in different sizes\"><\/div>\n                  <div class=\"vc-gallery-content\"><div class=\"vc-gallery-toptitle\">5 \u2013 500 ml<\/div><div class=\"vc-gallery-title\">PharmaCos Kollektion<\/div><\/div>\n                <\/a><\/div><\/div>[\/vc_column][\/vc_row][vc_row full_width=&#8221;stretch_row&#8221; el_class=&#8221;light-gray&#8221;][vc_column]<div class=\"vc-spacer spacing-bottom-m\"><\/div>[vc_row_inner content_placement=&#8221;middle&#8221; el_class=&#8221;text-text&#8221;][vc_column_inner width=&#8221;1\/2&#8243;]\n      <div class=\"vc-image\">\n         \n          <img loading=\"lazy\" decoding=\"async\" width=\"2000\" height=\"1300\" src=\"https:\/\/www.stoelzle.com\/pharma\/wp-content\/uploads\/sites\/2\/2021\/02\/pharma-essential-oils-cbd.jpg\" class=\"img-fluid w-100 h-100 d-none d-md-block\" alt=\"Pharma Glass bottles for essential oils and cbd with herbs and flowers in background\" srcset=\"https:\/\/www.stoelzle.com\/pharma\/wp-content\/uploads\/sites\/2\/2021\/02\/pharma-essential-oils-cbd.jpg 2000w, https:\/\/www.stoelzle.com\/pharma\/wp-content\/uploads\/sites\/2\/2021\/02\/pharma-essential-oils-cbd-480x312.jpg 480w, https:\/\/www.stoelzle.com\/pharma\/wp-content\/uploads\/sites\/2\/2021\/02\/pharma-essential-oils-cbd-1024x666.jpg 1024w, https:\/\/www.stoelzle.com\/pharma\/wp-content\/uploads\/sites\/2\/2021\/02\/pharma-essential-oils-cbd-1536x998.jpg 1536w, https:\/\/www.stoelzle.com\/pharma\/wp-content\/uploads\/sites\/2\/2021\/02\/pharma-essential-oils-cbd-992x645.jpg 992w, https:\/\/www.stoelzle.com\/pharma\/wp-content\/uploads\/sites\/2\/2021\/02\/pharma-essential-oils-cbd-600x390.jpg 600w\" sizes=\"auto, (max-width: 2000px) 100vw, 2000px\" \/> \n          <img loading=\"lazy\" decoding=\"async\" width=\"992\" height=\"645\" src=\"https:\/\/www.stoelzle.com\/pharma\/wp-content\/uploads\/sites\/2\/2021\/02\/pharma-essential-oils-cbd-992x645.jpg\" class=\"img-fluid w-100 h-100 d-mdx-none\" alt=\"Pharma Glass bottles for essential oils and cbd with herbs and flowers in background\" srcset=\"https:\/\/www.stoelzle.com\/pharma\/wp-content\/uploads\/sites\/2\/2021\/02\/pharma-essential-oils-cbd-992x645.jpg 992w, https:\/\/www.stoelzle.com\/pharma\/wp-content\/uploads\/sites\/2\/2021\/02\/pharma-essential-oils-cbd-480x312.jpg 480w, https:\/\/www.stoelzle.com\/pharma\/wp-content\/uploads\/sites\/2\/2021\/02\/pharma-essential-oils-cbd-1024x666.jpg 1024w, https:\/\/www.stoelzle.com\/pharma\/wp-content\/uploads\/sites\/2\/2021\/02\/pharma-essential-oils-cbd-1536x998.jpg 1536w, https:\/\/www.stoelzle.com\/pharma\/wp-content\/uploads\/sites\/2\/2021\/02\/pharma-essential-oils-cbd-600x390.jpg 600w, https:\/\/www.stoelzle.com\/pharma\/wp-content\/uploads\/sites\/2\/2021\/02\/pharma-essential-oils-cbd.jpg 2000w\" sizes=\"auto, (max-width: 992px) 100vw, 992px\" \/>\n          \n         \n      <\/div>[\/vc_column_inner][vc_column_inner width=&#8221;1\/2&#8243;][vc_column_text]<\/p>\n<h2>CBD \u00d6le<\/h2>\n<p>Eine sachgerechte und sichere Verpackung f\u00fcr CBD Produkte ist uns ein Anliegen. Die extrem fragilen Verbindungen der Bestandteile m\u00fcssen bestm\u00f6glich gesch\u00fctzt sein. Unsere hochwertigen Pipetten- bzw. Tropfflaschen, Boston-Round und Roll-on Flaschen tragen dazu bei, die Reinheit und Stabilit\u00e4t Ihres Produkts zu erhalten.<\/p>\n<p><a class=\"editor-button cta cta\" href=\"\/pharma\/de\/anwendung\/cbd\/\">Flaschen f\u00fcr CBD \u00d6le<\/a><\/p>\n<p>&nbsp;<\/p>\n<h2>Aromatherapie<\/h2>\n<p>\u00c4therische \u00d6le werden in der Aromatherapie verwendet, um die k\u00f6rperliche und geistige Gesundheit zu unterst\u00fctzen. Besonderes Augenmerk muss auf die sorgf\u00e4ltige Lagerung ihrer nat\u00fcrlichen Pflanzenbestandteile gelegt werden. Unsere Pipetten-, Tropf-, Boston-Round sowie Roll-On Flaschen bieten optimalen Schutz f\u00fcr Ihr Produkt.<\/p>\n<p><a class=\"editor-button cta\" href=\"\/pharma\/de\/anwendung\/aetherisches-oel\/\">Flaschen f\u00fcr Aromatherapie<\/a>[\/vc_column_text][\/vc_column_inner][\/vc_row_inner]<div class=\"vc-spacer spacing-bottom-m\"><\/div>[\/vc_column][\/vc_row][vc_row][vc_column width=&#8221;1\/4&#8243;][\/vc_column][vc_column width=&#8221;1\/2&#8243;]<div id=\"id-rx-otc-gesundheit\" class=\"vc-gallery spacing-top-m spacing-bottom-m\"><div class=\"row vc-gallery-grid\"><div  class=\"vc-gallery-item mb-4 style-2 col-sm-6 col-md-4 text-center\">\n                  <a  href=\"\/pharma\/de\/anwendung\/rx-flasche\/\" ><div class=\"vc-gallery-image off\"><img decoding=\"async\" class=\"img-fluid\" src=\"https:\/\/www.stoelzle.com\/pharma\/wp-content\/uploads\/sites\/2\/2021\/03\/1-800x800.jpg\" alt=\"Wei\u00dfe Grafik auf blauem Hintergrund zur Erkl\u00e4rung der RX Produkte\"><\/div><\/a>\n                  <div class=\"vc-gallery-content\"><div class=\"vc-gallery-title\">Rx Flaschen<\/div><\/div>\n                <\/div><div  class=\"vc-gallery-item mb-4 style-2 col-sm-6 col-md-4 text-center text-center\">\n                  <a  href=\"\/pharma\/de\/anwendung\/otc-flasche\/\" ><div class=\"vc-gallery-image off\"><img decoding=\"async\" class=\"img-fluid\" src=\"https:\/\/www.stoelzle.com\/pharma\/wp-content\/uploads\/sites\/2\/2021\/03\/products-otc-icon-800x800.jpg\" alt=\"Wei\u00dfe Grafik auf blauem Hintergrund zur Erkl\u00e4rung der OTC Produkte\"><\/div><\/a>\n                  <div class=\"vc-gallery-content\"><div class=\"vc-gallery-title\">OTC Flaschen<\/div><\/div>\n                <\/div><div  class=\"vc-gallery-item mb-4 style-2 col-sm-6 col-md-4 text-center text-center text-center\">\n                  <a  href=\"\/pharma\/de\/anwendung\/gesundheitsprodukte\/\" ><div class=\"vc-gallery-image off\"><img decoding=\"async\" class=\"img-fluid\" src=\"https:\/\/www.stoelzle.com\/pharma\/wp-content\/uploads\/sites\/2\/2021\/03\/products-well-being-icon-800x800.jpg\" alt=\"Wei\u00dfe Grafik auf blauem Hintergrund zur Erkl\u00e4rung der Well-being Produkte\"><\/div><\/a>\n                  <div class=\"vc-gallery-content\"><div class=\"vc-gallery-title\">Gesundheitsprodukte<\/div><\/div>\n                <\/div><\/div><\/div>[\/vc_column][vc_column width=&#8221;1\/4&#8243;][\/vc_column][\/vc_row][vc_row full_width=&#8221;stretch_row&#8221; disable_element=&#8221;yes&#8221;][vc_column]<div class=\"vc-spacer spacing-bottom-m\"><\/div>[vc_row_inner el_class=&#8221;text-text&#8221;][vc_column_inner width=&#8221;1\/5&#8243;][\/vc_column_inner][vc_column_inner width=&#8221;1\/5&#8243;][vc_single_image image=&#8221;2661&#8243; img_size=&#8221;full&#8221; alignment=&#8221;center&#8221; onclick=&#8221;custom_link&#8221; link=&#8221;https:\/\/www.stoelzle.com\/pharma\/de\/anwendung\/rx-flasche\/&#8221;][vc_column_text]<\/p>\n<h5 style=\"text-align: center;\"><a href=\"https:\/\/www.stoelzle.com\/pharma\/de\/anwendung\/rx-flasche\/\">RX Flaschen<\/a><\/h5>\n<p>[\/vc_column_text][\/vc_column_inner][vc_column_inner width=&#8221;1\/5&#8243;][vc_single_image image=&#8221;2659&#8243; img_size=&#8221;full&#8221; alignment=&#8221;center&#8221; onclick=&#8221;custom_link&#8221; link=&#8221;https:\/\/www.stoelzle.com\/pharma\/de\/anwendung\/otc-flasche\/&#8221;][vc_column_text]<\/p>\n<h5 style=\"text-align: center;\"><a href=\"https:\/\/www.stoelzle.com\/pharma\/de\/anwendung\/otc-flasche\/\">OTC Flaschen<\/a><\/h5>\n<p>[\/vc_column_text][\/vc_column_inner][vc_column_inner width=&#8221;1\/5&#8243;][vc_single_image image=&#8221;2663&#8243; img_size=&#8221;128&#215;128&#8243; alignment=&#8221;center&#8221; onclick=&#8221;custom_link&#8221; link=&#8221;https:\/\/www.stoelzle.com\/pharma\/de\/anwendung\/gesundheitsprodukte\/&#8221;][vc_column_text]<\/p>\n<h5 style=\"text-align: center;\"><a href=\"https:\/\/www.stoelzle.com\/pharma\/de\/anwendung\/gesundheitsprodukte\/\">Gesundheitsprodukte<\/a><\/h5>\n<p>[\/vc_column_text][\/vc_column_inner][vc_column_inner width=&#8221;1\/5&#8243;][\/vc_column_inner][\/vc_row_inner][\/vc_column][\/vc_row]<\/p>\n<\/div>","protected":false},"excerpt":{"rendered":"<p>[vc_row][vc_column][\/vc_column][\/vc_row][vc_row][vc_column][\/vc_column][\/vc_row][vc_row full_width=&#8221;stretch_row&#8221; el_class=&#8221;light-gray&#8221;][vc_column][vc_row_inner content_placement=&#8221;middle&#8221; el_class=&#8221;text-text&#8221;][vc_column_inner width=&#8221;1\/2&#8243;][\/vc_column_inner][vc_column_inner width=&#8221;1\/2&#8243;][vc_column_text] CBD \u00d6le Eine sachgerechte und sichere Verpackung f\u00fcr CBD Produkte ist uns ein Anliegen. Die extrem fragilen Verbindungen der Bestandteile m\u00fcssen bestm\u00f6glich gesch\u00fctzt sein. Unsere hochwertigen Pipetten- bzw. Tropfflaschen, Boston-Round und Roll-on Flaschen tragen dazu bei, die Reinheit und Stabilit\u00e4t Ihres Produkts zu erhalten. Flaschen f\u00fcr CBD \u00d6le [&hellip;]<\/p>\n","protected":false},"author":1,"featured_media":0,"parent":0,"menu_order":200,"comment_status":"closed","ping_status":"closed","template":"","meta":{"_acf_changed":false,"footnotes":""},"class_list":["post-3036","page","type-page","status-publish","hentry"],"acf":[],"yoast_head":"<!-- This site is optimized with the Yoast SEO plugin v26.6 - https:\/\/yoast.com\/wordpress\/plugins\/seo\/ -->\n<title>Pharmazeutisches Glas \u00bb Prim\u00e4rverpackungen | Stoelzle<\/title>\n<meta name=\"description\" content=\"Stoelzle Pharma produziert \u279c Tropfflaschen \u2713 Salbentiegel \u2713 Medizinflaschen uvm. \u2713 aus pharmazeutischem Glas \u2713 Mehr entdecken!\" \/>\n<meta name=\"robots\" content=\"index, follow, max-snippet:-1, max-image-preview:large, max-video-preview:-1\" \/>\n<link rel=\"canonical\" href=\"https:\/\/www.stoelzle.com\/pharma\/de\/produkt-uebersicht\/\" \/>\n<meta property=\"og:locale\" content=\"de_DE\" \/>\n<meta property=\"og:type\" content=\"article\" \/>\n<meta property=\"og:title\" content=\"Pharmazeutisches Glas \u00bb Prim\u00e4rverpackungen | Stoelzle\" \/>\n<meta property=\"og:description\" content=\"Stoelzle Pharma produziert \u279c Tropfflaschen \u2713 Salbentiegel \u2713 Medizinflaschen uvm. \u2713 aus pharmazeutischem Glas \u2713 Mehr entdecken!\" \/>\n<meta property=\"og:url\" content=\"https:\/\/www.stoelzle.com\/pharma\/de\/produkt-uebersicht\/\" \/>\n<meta property=\"og:site_name\" content=\"Stoelzle Pharma \u2013 Health &amp; Safety\" \/>\n<meta property=\"article:modified_time\" content=\"2023-10-23T10:17:04+00:00\" \/>\n<meta name=\"twitter:card\" content=\"summary_large_image\" \/>\n<meta name=\"twitter:label1\" content=\"Gesch\u00e4tzte Lesezeit\" \/>\n\t<meta name=\"twitter:data1\" content=\"2 Minuten\" \/>\n<script type=\"application\/ld+json\" class=\"yoast-schema-graph\">{\"@context\":\"https:\/\/schema.org\",\"@graph\":[{\"@type\":\"WebPage\",\"@id\":\"https:\/\/www.stoelzle.com\/pharma\/de\/produkt-uebersicht\/\",\"url\":\"https:\/\/www.stoelzle.com\/pharma\/de\/produkt-uebersicht\/\",\"name\":\"Pharmazeutisches Glas \u00bb Prim\u00e4rverpackungen | Stoelzle\",\"isPartOf\":{\"@id\":\"https:\/\/www.stoelzle.com\/pharma\/de\/#website\"},\"datePublished\":\"2021-01-27T11:33:02+00:00\",\"dateModified\":\"2023-10-23T10:17:04+00:00\",\"description\":\"Stoelzle Pharma produziert \u279c Tropfflaschen \u2713 Salbentiegel \u2713 Medizinflaschen uvm. \u2713 aus pharmazeutischem Glas \u2713 Mehr entdecken!\",\"breadcrumb\":{\"@id\":\"https:\/\/www.stoelzle.com\/pharma\/de\/produkt-uebersicht\/#breadcrumb\"},\"inLanguage\":\"de-DE\",\"potentialAction\":[{\"@type\":\"ReadAction\",\"target\":[\"https:\/\/www.stoelzle.com\/pharma\/de\/produkt-uebersicht\/\"]}]},{\"@type\":\"BreadcrumbList\",\"@id\":\"https:\/\/www.stoelzle.com\/pharma\/de\/produkt-uebersicht\/#breadcrumb\",\"itemListElement\":[{\"@type\":\"ListItem\",\"position\":1,\"name\":\"Home\",\"item\":\"https:\/\/www.stoelzle.com\/de\/\"},{\"@type\":\"ListItem\",\"position\":2,\"name\":\"Pharma\",\"item\":\"https:\/\/www.stoelzle.com\/pharma\/de\/\"},{\"@type\":\"ListItem\",\"position\":3,\"name\":\"Produkte\"}]},{\"@type\":\"WebSite\",\"@id\":\"https:\/\/www.stoelzle.com\/pharma\/de\/#website\",\"url\":\"https:\/\/www.stoelzle.com\/pharma\/de\/\",\"name\":\"Stoelzle Pharma \u2013 Health &amp; Safety\",\"description\":\"\",\"publisher\":{\"@id\":\"https:\/\/www.stoelzle.com\/pharma\/de\/#organization\"},\"potentialAction\":[{\"@type\":\"SearchAction\",\"target\":{\"@type\":\"EntryPoint\",\"urlTemplate\":\"https:\/\/www.stoelzle.com\/pharma\/de\/?s={search_term_string}\"},\"query-input\":{\"@type\":\"PropertyValueSpecification\",\"valueRequired\":true,\"valueName\":\"search_term_string\"}}],\"inLanguage\":\"de-DE\"},{\"@type\":\"Organization\",\"@id\":\"https:\/\/www.stoelzle.com\/pharma\/de\/#organization\",\"name\":\"Stoelzle Pharma - Health & Safety\",\"url\":\"https:\/\/www.stoelzle.com\/pharma\/de\/\",\"logo\":{\"@type\":\"ImageObject\",\"inLanguage\":\"de-DE\",\"@id\":\"https:\/\/www.stoelzle.com\/pharma\/de\/#\/schema\/logo\/image\/\",\"url\":\"https:\/\/www.stoelzle.com\/pharma\/wp-content\/uploads\/sites\/2\/2021\/03\/logo_pharma.svg\",\"contentUrl\":\"https:\/\/www.stoelzle.com\/pharma\/wp-content\/uploads\/sites\/2\/2021\/03\/logo_pharma.svg\",\"width\":212,\"height\":40,\"caption\":\"Stoelzle Pharma - Health & Safety\"},\"image\":{\"@id\":\"https:\/\/www.stoelzle.com\/pharma\/de\/#\/schema\/logo\/image\/\"}}]}<\/script>\n<!-- \/ Yoast SEO plugin. -->","yoast_head_json":{"title":"Pharmazeutisches Glas \u00bb Prim\u00e4rverpackungen | Stoelzle","description":"Stoelzle Pharma produziert \u279c Tropfflaschen \u2713 Salbentiegel \u2713 Medizinflaschen uvm. \u2713 aus pharmazeutischem Glas \u2713 Mehr entdecken!","robots":{"index":"index","follow":"follow","max-snippet":"max-snippet:-1","max-image-preview":"max-image-preview:large","max-video-preview":"max-video-preview:-1"},"canonical":"https:\/\/www.stoelzle.com\/pharma\/de\/produkt-uebersicht\/","og_locale":"de_DE","og_type":"article","og_title":"Pharmazeutisches Glas \u00bb Prim\u00e4rverpackungen | Stoelzle","og_description":"Stoelzle Pharma produziert \u279c Tropfflaschen \u2713 Salbentiegel \u2713 Medizinflaschen uvm. \u2713 aus pharmazeutischem Glas \u2713 Mehr entdecken!","og_url":"https:\/\/www.stoelzle.com\/pharma\/de\/produkt-uebersicht\/","og_site_name":"Stoelzle Pharma \u2013 Health &amp; Safety","article_modified_time":"2023-10-23T10:17:04+00:00","twitter_card":"summary_large_image","twitter_misc":{"Gesch\u00e4tzte Lesezeit":"2 Minuten"},"schema":{"@context":"https:\/\/schema.org","@graph":[{"@type":"WebPage","@id":"https:\/\/www.stoelzle.com\/pharma\/de\/produkt-uebersicht\/","url":"https:\/\/www.stoelzle.com\/pharma\/de\/produkt-uebersicht\/","name":"Pharmazeutisches Glas \u00bb Prim\u00e4rverpackungen | Stoelzle","isPartOf":{"@id":"https:\/\/www.stoelzle.com\/pharma\/de\/#website"},"datePublished":"2021-01-27T11:33:02+00:00","dateModified":"2023-10-23T10:17:04+00:00","description":"Stoelzle Pharma produziert \u279c Tropfflaschen \u2713 Salbentiegel \u2713 Medizinflaschen uvm. \u2713 aus pharmazeutischem Glas \u2713 Mehr entdecken!","breadcrumb":{"@id":"https:\/\/www.stoelzle.com\/pharma\/de\/produkt-uebersicht\/#breadcrumb"},"inLanguage":"de-DE","potentialAction":[{"@type":"ReadAction","target":["https:\/\/www.stoelzle.com\/pharma\/de\/produkt-uebersicht\/"]}]},{"@type":"BreadcrumbList","@id":"https:\/\/www.stoelzle.com\/pharma\/de\/produkt-uebersicht\/#breadcrumb","itemListElement":[{"@type":"ListItem","position":1,"name":"Home","item":"https:\/\/www.stoelzle.com\/de\/"},{"@type":"ListItem","position":2,"name":"Pharma","item":"https:\/\/www.stoelzle.com\/pharma\/de\/"},{"@type":"ListItem","position":3,"name":"Produkte"}]},{"@type":"WebSite","@id":"https:\/\/www.stoelzle.com\/pharma\/de\/#website","url":"https:\/\/www.stoelzle.com\/pharma\/de\/","name":"Stoelzle Pharma \u2013 Health &amp; Safety","description":"","publisher":{"@id":"https:\/\/www.stoelzle.com\/pharma\/de\/#organization"},"potentialAction":[{"@type":"SearchAction","target":{"@type":"EntryPoint","urlTemplate":"https:\/\/www.stoelzle.com\/pharma\/de\/?s={search_term_string}"},"query-input":{"@type":"PropertyValueSpecification","valueRequired":true,"valueName":"search_term_string"}}],"inLanguage":"de-DE"},{"@type":"Organization","@id":"https:\/\/www.stoelzle.com\/pharma\/de\/#organization","name":"Stoelzle Pharma - Health & Safety","url":"https:\/\/www.stoelzle.com\/pharma\/de\/","logo":{"@type":"ImageObject","inLanguage":"de-DE","@id":"https:\/\/www.stoelzle.com\/pharma\/de\/#\/schema\/logo\/image\/","url":"https:\/\/www.stoelzle.com\/pharma\/wp-content\/uploads\/sites\/2\/2021\/03\/logo_pharma.svg","contentUrl":"https:\/\/www.stoelzle.com\/pharma\/wp-content\/uploads\/sites\/2\/2021\/03\/logo_pharma.svg","width":212,"height":40,"caption":"Stoelzle Pharma - Health & Safety"},"image":{"@id":"https:\/\/www.stoelzle.com\/pharma\/de\/#\/schema\/logo\/image\/"}}]}},"_links":{"self":[{"href":"https:\/\/www.stoelzle.com\/pharma\/de\/wp-json\/wp\/v2\/pages\/3036","targetHints":{"allow":["GET"]}}],"collection":[{"href":"https:\/\/www.stoelzle.com\/pharma\/de\/wp-json\/wp\/v2\/pages"}],"about":[{"href":"https:\/\/www.stoelzle.com\/pharma\/de\/wp-json\/wp\/v2\/types\/page"}],"author":[{"embeddable":true,"href":"https:\/\/www.stoelzle.com\/pharma\/de\/wp-json\/wp\/v2\/users\/1"}],"replies":[{"embeddable":true,"href":"https:\/\/www.stoelzle.com\/pharma\/de\/wp-json\/wp\/v2\/comments?post=3036"}],"version-history":[{"count":0,"href":"https:\/\/www.stoelzle.com\/pharma\/de\/wp-json\/wp\/v2\/pages\/3036\/revisions"}],"wp:attachment":[{"href":"https:\/\/www.stoelzle.com\/pharma\/de\/wp-json\/wp\/v2\/media?parent=3036"}],"curies":[{"name":"wp","href":"https:\/\/api.w.org\/{rel}","templated":true}]}}