{"id":3026,"date":"2021-01-27T11:36:31","date_gmt":"2021-01-27T11:36:31","guid":{"rendered":"http:\/\/stoelzle.com\/pharma\/events\/"},"modified":"2025-05-15T06:00:37","modified_gmt":"2025-05-15T06:00:37","slug":"events","status":"publish","type":"page","link":"https:\/\/www.stoelzle.com\/pharma\/de\/events\/","title":{"rendered":"Events"},"content":{"rendered":"<div class=\"wpb-content-wrapper\"><p>[vc_row][vc_column]<div class=\"vc-title   text-center\">\n              <div class=\"topline\">Infocenter<\/div>\n              <h1 class=\"title position-relative separator\">Messen &amp; Veranstaltungen<\/h1>\n              <div class=\"row\"><div class=\"col-md-10 offset-md-1\"><\/p>\n<p class=\"large-text\">Wir freuen uns, Sie auf unseren internationalen Messen begr\u00fc\u00dfen zu d\u00fcrfen. Entdecken Sie unsere St\u00e4nde, um mehr \u00fcber innovative Produkte, atemberaubende Dekorationen und Neuheiten im Bereich Verpackungsglas zu erfahren.<\/p>\n<p><\/div><\/div>\n            <\/div>[\/vc_column][\/vc_row][vc_row][vc_column width=&#8221;1\/12&#8243;][\/vc_column][vc_column width=&#8221;10\/12&#8243;]<div id=\"id-events\" class=\"vc-gallery  spacing-bottom-s\"><div class=\"row vc-gallery-grid\"><div  class=\"vc-gallery-item mb-4 style-2 col-sm-6 col-md-4 col-lg-3 text-left\">\n                  <div class=\"vc-gallery-image off show-border\"><img decoding=\"async\" class=\"img-fluid\" src=\"https:\/\/www.stoelzle.com\/pharma\/wp-content\/uploads\/sites\/2\/2022\/11\/events-logo-vitafood-europe.png\" alt=\"Logo Vitafoods 2023\"><\/div>\n                  <div class=\"vc-gallery-content\"><div class=\"vc-gallery-title\">Vitafoods<\/div><div class=\"vc-gallery-text\">20. \u2013 22.05.2025<br>\nBarcelona. Spanien<br>\n<a href=\"https:\/\/www.vitafoods.eu.com\/en\/home.html\" target=\"_blank\">www.vitafoods.eu.com<\/a>\n<\/div><\/div>\n                <\/div><div  class=\"vc-gallery-item mb-4 style-2 col-sm-6 col-md-4 col-lg-3 text-left text-left\">\n                  <div class=\"vc-gallery-image off show-border\"><img decoding=\"async\" class=\"img-fluid\" src=\"https:\/\/www.stoelzle.com\/pharma\/wp-content\/uploads\/sites\/2\/2021\/04\/events-logo-cphiworldwide-800x600.jpg\" alt=\"Logo f\u00fcr Messe CPhI worldwide\"><\/div>\n                  <div class=\"vc-gallery-content\"><div class=\"vc-gallery-title\">CPhI Mailand<\/div><div class=\"vc-gallery-text\">28. \u2013 30.10.2025<br>\nFrankfurt, Deutschland<br>\n<a href=\"https:\/\/www.cphi.com\/europe\/en\/home.html\" target=\"_blank\">www.cphi.com<\/a><\/div><\/div>\n                <\/div><\/div><\/div>[\/vc_column][vc_column width=&#8221;1\/12&#8243;][\/vc_column][\/vc_row][vc_row][vc_column]<div id=\"id-gallery\" class=\"vc-gallery spacing-top-s spacing-bottom-m\"><div class=\"row vc-gallery-slider\"><a  href=\"https:\/\/www.stoelzle.com\/pharma\/wp-content\/uploads\/sites\/2\/2021\/02\/events-pharma-exhibition-1.jpg\"  class=\"vc-gallery-item mb-4 style-1 col-sm-6 col-md-4 col-lg-3\">\n                  <div class=\"vc-gallery-image off\"><img decoding=\"async\" class=\"img-fluid\" src=\"https:\/\/www.stoelzle.com\/pharma\/wp-content\/uploads\/sites\/2\/2021\/02\/events-pharma-exhibition-1-800x800.jpg\" alt=\"Mock-up or a Stoelzle booth\"><\/div>\n                  <div class=\"vc-gallery-content\"><\/div>\n                <\/a><a  href=\"https:\/\/www.stoelzle.com\/pharma\/wp-content\/uploads\/sites\/2\/2021\/02\/events-pharma-nutraceuticals-folder.jpg\"  class=\"vc-gallery-item mb-4 style-1 col-sm-6 col-md-4 col-lg-3\">\n                  <div class=\"vc-gallery-image off\"><img decoding=\"async\" class=\"img-fluid\" src=\"https:\/\/www.stoelzle.com\/pharma\/wp-content\/uploads\/sites\/2\/2021\/02\/events-pharma-nutraceuticals-folder-800x800.jpg\" alt=\"Picture of Stoelzle\u00b4s nutraceutical folder\"><\/div>\n                  <div class=\"vc-gallery-content\"><\/div>\n                <\/a><a  href=\"https:\/\/www.stoelzle.com\/pharma\/wp-content\/uploads\/sites\/2\/2021\/02\/events-pharma-rollup.jpg\"  class=\"vc-gallery-item mb-4 style-1 col-sm-6 col-md-4 col-lg-3\">\n                  <div class=\"vc-gallery-image off\"><img decoding=\"async\" class=\"img-fluid\" src=\"https:\/\/www.stoelzle.com\/pharma\/wp-content\/uploads\/sites\/2\/2021\/02\/events-pharma-rollup-800x800.jpg\" alt=\"Picture of our Pharma roll-up presenting our product overview\"><\/div>\n                  <div class=\"vc-gallery-content\"><\/div>\n                <\/a><a  href=\"https:\/\/www.stoelzle.com\/pharma\/wp-content\/uploads\/sites\/2\/2021\/02\/events-pharma-cataloge.jpg\"  class=\"vc-gallery-item mb-4 style-1 col-sm-6 col-md-4 col-lg-3\">\n                  <div class=\"vc-gallery-image off\"><img decoding=\"async\" class=\"img-fluid\" src=\"https:\/\/www.stoelzle.com\/pharma\/wp-content\/uploads\/sites\/2\/2021\/02\/events-pharma-cataloge-800x800.jpg\" alt=\"Picture of Pharma product catalogue\"><\/div>\n                  <div class=\"vc-gallery-content\"><\/div>\n                <\/a><a  href=\"https:\/\/www.stoelzle.com\/pharma\/wp-content\/uploads\/sites\/2\/2021\/02\/events-pharma-brochure.jpg\"  class=\"vc-gallery-item mb-4 style-1 col-sm-6 col-md-4 col-lg-3\">\n                  <div class=\"vc-gallery-image off\"><img decoding=\"async\" class=\"img-fluid\" src=\"https:\/\/www.stoelzle.com\/pharma\/wp-content\/uploads\/sites\/2\/2021\/02\/events-pharma-brochure-800x800.jpg\" alt=\"Overview of our product catalogues and flyers\"><\/div>\n                  <div class=\"vc-gallery-content\"><\/div>\n                <\/a><\/div><div class=\"mt-4\"><div class=\"row\"><div class=\"col content-slider-arrows text-center\"><\/div><\/div><\/div><\/div>\n      <script async>\n        jQuery(document).ready(function($) {\n          jQuery(\"#id-gallery .vc-gallery-slider\").slick({\n            slidesToShow: 4,\n            prevArrow: \"<span class=\\\"d-inline-block slick-arrow slick-arrow-prev\\\"><\/span>\",\n            nextArrow: \"<span class=\\\"d-inline-block slick-arrow slick-arrow-next\\\"><\/span>\",\n            appendArrows: $(\"#id-gallery .content-slider-arrows\"),\n            adaptiveHeight: true,\n            responsive: [\n              {\n                breakpoint: 1024,\n                settings: {\n                  slidesToShow: 2\n                }\n              },\n              {\n                breakpoint: 768,\n                settings: {\n                  slidesToShow: 1\n                }\n              },\n            ]\n          });\n        });\n      <\/script>\n        <script async>\n        jQuery(document).ready(function($) {\n          jQuery(\"#id-gallery a\").simpleLightbox({uniqueImages: false});\n        });\n        <\/script>\n      [\/vc_column][\/vc_row][vc_row full_width=&#8221;stretch_row&#8221; el_class=&#8221;light-gray&#8221;][vc_column width=&#8221;1\/4&#8243;][\/vc_column][vc_column width=&#8221;1\/2&#8243;]<div class=\"vc-title spacing-top-s spacing-bottom-s text-center\">\n              \n              <h2 class=\"title position-relative\">Pressekontakt<\/h2>\n              <div class=\"row\"><div class=\"col-md-10 offset-md-1\"><\/p>\n<p class=\"large-text\">Wenn Sie Medienvertreter sind und Informationen \u00fcber unser Unternehmen oder unsere Produkte ben\u00f6tigen, helfen wir Ihnen gerne weiter!<\/p>\n<p>&nbsp;<\/p>\n<p><strong>marketing@stoelzle.com<\/strong><br \/>\nTel.: +43 3144 \/ 7060<\/p>\n<p>&nbsp;<\/p>\n<p><a class=\"editor-button cta\" href=\"https:\/\/www.stoelzle.com\/pharma\/de\/kontakt\/\">Kontaktieren Sie uns<\/a><\/p>\n<p><\/div><\/div>\n            <\/div>[\/vc_column][vc_column width=&#8221;1\/4&#8243;][\/vc_column][\/vc_row]<\/p>\n<\/div>","protected":false},"excerpt":{"rendered":"<p>[vc_row][vc_column][\/vc_column][\/vc_row][vc_row][vc_column width=&#8221;1\/12&#8243;][\/vc_column][vc_column width=&#8221;10\/12&#8243;][\/vc_column][vc_column width=&#8221;1\/12&#8243;][\/vc_column][\/vc_row][vc_row][vc_column][\/vc_column][\/vc_row][vc_row full_width=&#8221;stretch_row&#8221; el_class=&#8221;light-gray&#8221;][vc_column width=&#8221;1\/4&#8243;][\/vc_column][vc_column width=&#8221;1\/2&#8243;][\/vc_column][vc_column width=&#8221;1\/4&#8243;][\/vc_column][\/vc_row]<\/p>\n","protected":false},"author":1,"featured_media":0,"parent":0,"menu_order":600,"comment_status":"closed","ping_status":"closed","template":"","meta":{"_acf_changed":false,"footnotes":""},"class_list":["post-3026","page","type-page","status-publish","hentry"],"acf":[],"yoast_head":"<!-- This site is optimized with the Yoast SEO plugin v26.6 - https:\/\/yoast.com\/wordpress\/plugins\/seo\/ -->\n<title>Events \u00bb Veranstaltungen &amp; Messen | Stoelzle<\/title>\n<meta name=\"robots\" content=\"index, follow, max-snippet:-1, max-image-preview:large, max-video-preview:-1\" \/>\n<link rel=\"canonical\" href=\"https:\/\/www.stoelzle.com\/de\/events\/\" \/>\n<meta property=\"og:locale\" content=\"de_DE\" \/>\n<meta property=\"og:type\" content=\"article\" \/>\n<meta property=\"og:title\" content=\"Events \u00bb Veranstaltungen &amp; Messen | Stoelzle\" \/>\n<meta property=\"og:description\" content=\"[vc_row][vc_column][\/vc_column][\/vc_row][vc_row][vc_column width=&#8221;1\/12&#8243;][\/vc_column][vc_column width=&#8221;10\/12&#8243;][\/vc_column][vc_column width=&#8221;1\/12&#8243;][\/vc_column][\/vc_row][vc_row][vc_column][\/vc_column][\/vc_row][vc_row full_width=&#8221;stretch_row&#8221; el_class=&#8221;light-gray&#8221;][vc_column width=&#8221;1\/4&#8243;][\/vc_column][vc_column width=&#8221;1\/2&#8243;][\/vc_column][vc_column width=&#8221;1\/4&#8243;][\/vc_column][\/vc_row]\" \/>\n<meta property=\"og:url\" content=\"https:\/\/www.stoelzle.com\/de\/events\" \/>\n<meta property=\"og:site_name\" content=\"Stoelzle Pharma \u2013 Health &amp; Safety\" \/>\n<meta property=\"article:modified_time\" content=\"2025-05-15T06:00:37+00:00\" \/>\n<meta name=\"twitter:card\" content=\"summary_large_image\" \/>\n<meta name=\"twitter:label1\" content=\"Gesch\u00e4tzte Lesezeit\" \/>\n\t<meta name=\"twitter:data1\" content=\"1 Minute\" \/>\n<script type=\"application\/ld+json\" class=\"yoast-schema-graph\">{\"@context\":\"https:\/\/schema.org\",\"@graph\":[{\"@type\":\"WebPage\",\"@id\":\"https:\/\/www.stoelzle.com\/pharma\/de\/events\/\",\"url\":\"https:\/\/www.stoelzle.com\/de\/events\",\"name\":\"Events \u00bb Veranstaltungen & Messen | Stoelzle\",\"isPartOf\":{\"@id\":\"https:\/\/www.stoelzle.com\/pharma\/de\/#website\"},\"datePublished\":\"2021-01-27T11:36:31+00:00\",\"dateModified\":\"2025-05-15T06:00:37+00:00\",\"breadcrumb\":{\"@id\":\"https:\/\/www.stoelzle.com\/de\/events#breadcrumb\"},\"inLanguage\":\"de-DE\",\"potentialAction\":[{\"@type\":\"ReadAction\",\"target\":[\"https:\/\/www.stoelzle.com\/de\/events\"]}]},{\"@type\":\"BreadcrumbList\",\"@id\":\"https:\/\/www.stoelzle.com\/de\/events#breadcrumb\",\"itemListElement\":[{\"@type\":\"ListItem\",\"position\":1,\"name\":\"Home\",\"item\":\"https:\/\/www.stoelzle.com\/de\/\"},{\"@type\":\"ListItem\",\"position\":2,\"name\":\"Pharma\",\"item\":\"https:\/\/www.stoelzle.com\/pharma\/de\/\"},{\"@type\":\"ListItem\",\"position\":3,\"name\":\"Events\"}]},{\"@type\":\"WebSite\",\"@id\":\"https:\/\/www.stoelzle.com\/pharma\/de\/#website\",\"url\":\"https:\/\/www.stoelzle.com\/pharma\/de\/\",\"name\":\"Stoelzle Pharma \u2013 Health &amp; Safety\",\"description\":\"\",\"publisher\":{\"@id\":\"https:\/\/www.stoelzle.com\/pharma\/de\/#organization\"},\"potentialAction\":[{\"@type\":\"SearchAction\",\"target\":{\"@type\":\"EntryPoint\",\"urlTemplate\":\"https:\/\/www.stoelzle.com\/pharma\/de\/?s={search_term_string}\"},\"query-input\":{\"@type\":\"PropertyValueSpecification\",\"valueRequired\":true,\"valueName\":\"search_term_string\"}}],\"inLanguage\":\"de-DE\"},{\"@type\":\"Organization\",\"@id\":\"https:\/\/www.stoelzle.com\/pharma\/de\/#organization\",\"name\":\"Stoelzle Pharma - Health & Safety\",\"url\":\"https:\/\/www.stoelzle.com\/pharma\/de\/\",\"logo\":{\"@type\":\"ImageObject\",\"inLanguage\":\"de-DE\",\"@id\":\"https:\/\/www.stoelzle.com\/pharma\/de\/#\/schema\/logo\/image\/\",\"url\":\"https:\/\/www.stoelzle.com\/pharma\/wp-content\/uploads\/sites\/2\/2021\/03\/logo_pharma.svg\",\"contentUrl\":\"https:\/\/www.stoelzle.com\/pharma\/wp-content\/uploads\/sites\/2\/2021\/03\/logo_pharma.svg\",\"width\":212,\"height\":40,\"caption\":\"Stoelzle Pharma - Health & Safety\"},\"image\":{\"@id\":\"https:\/\/www.stoelzle.com\/pharma\/de\/#\/schema\/logo\/image\/\"}}]}<\/script>\n<!-- \/ Yoast SEO plugin. -->","yoast_head_json":{"title":"Events \u00bb Veranstaltungen & Messen | Stoelzle","robots":{"index":"index","follow":"follow","max-snippet":"max-snippet:-1","max-image-preview":"max-image-preview:large","max-video-preview":"max-video-preview:-1"},"canonical":"https:\/\/www.stoelzle.com\/de\/events\/","og_locale":"de_DE","og_type":"article","og_title":"Events \u00bb Veranstaltungen & Messen | Stoelzle","og_description":"[vc_row][vc_column][\/vc_column][\/vc_row][vc_row][vc_column width=&#8221;1\/12&#8243;][\/vc_column][vc_column width=&#8221;10\/12&#8243;][\/vc_column][vc_column width=&#8221;1\/12&#8243;][\/vc_column][\/vc_row][vc_row][vc_column][\/vc_column][\/vc_row][vc_row full_width=&#8221;stretch_row&#8221; el_class=&#8221;light-gray&#8221;][vc_column width=&#8221;1\/4&#8243;][\/vc_column][vc_column width=&#8221;1\/2&#8243;][\/vc_column][vc_column width=&#8221;1\/4&#8243;][\/vc_column][\/vc_row]","og_url":"https:\/\/www.stoelzle.com\/de\/events","og_site_name":"Stoelzle Pharma \u2013 Health &amp; Safety","article_modified_time":"2025-05-15T06:00:37+00:00","twitter_card":"summary_large_image","twitter_misc":{"Gesch\u00e4tzte Lesezeit":"1 Minute"},"schema":{"@context":"https:\/\/schema.org","@graph":[{"@type":"WebPage","@id":"https:\/\/www.stoelzle.com\/pharma\/de\/events\/","url":"https:\/\/www.stoelzle.com\/de\/events","name":"Events \u00bb Veranstaltungen & Messen | Stoelzle","isPartOf":{"@id":"https:\/\/www.stoelzle.com\/pharma\/de\/#website"},"datePublished":"2021-01-27T11:36:31+00:00","dateModified":"2025-05-15T06:00:37+00:00","breadcrumb":{"@id":"https:\/\/www.stoelzle.com\/de\/events#breadcrumb"},"inLanguage":"de-DE","potentialAction":[{"@type":"ReadAction","target":["https:\/\/www.stoelzle.com\/de\/events"]}]},{"@type":"BreadcrumbList","@id":"https:\/\/www.stoelzle.com\/de\/events#breadcrumb","itemListElement":[{"@type":"ListItem","position":1,"name":"Home","item":"https:\/\/www.stoelzle.com\/de\/"},{"@type":"ListItem","position":2,"name":"Pharma","item":"https:\/\/www.stoelzle.com\/pharma\/de\/"},{"@type":"ListItem","position":3,"name":"Events"}]},{"@type":"WebSite","@id":"https:\/\/www.stoelzle.com\/pharma\/de\/#website","url":"https:\/\/www.stoelzle.com\/pharma\/de\/","name":"Stoelzle Pharma \u2013 Health &amp; Safety","description":"","publisher":{"@id":"https:\/\/www.stoelzle.com\/pharma\/de\/#organization"},"potentialAction":[{"@type":"SearchAction","target":{"@type":"EntryPoint","urlTemplate":"https:\/\/www.stoelzle.com\/pharma\/de\/?s={search_term_string}"},"query-input":{"@type":"PropertyValueSpecification","valueRequired":true,"valueName":"search_term_string"}}],"inLanguage":"de-DE"},{"@type":"Organization","@id":"https:\/\/www.stoelzle.com\/pharma\/de\/#organization","name":"Stoelzle Pharma - Health & Safety","url":"https:\/\/www.stoelzle.com\/pharma\/de\/","logo":{"@type":"ImageObject","inLanguage":"de-DE","@id":"https:\/\/www.stoelzle.com\/pharma\/de\/#\/schema\/logo\/image\/","url":"https:\/\/www.stoelzle.com\/pharma\/wp-content\/uploads\/sites\/2\/2021\/03\/logo_pharma.svg","contentUrl":"https:\/\/www.stoelzle.com\/pharma\/wp-content\/uploads\/sites\/2\/2021\/03\/logo_pharma.svg","width":212,"height":40,"caption":"Stoelzle Pharma - Health & Safety"},"image":{"@id":"https:\/\/www.stoelzle.com\/pharma\/de\/#\/schema\/logo\/image\/"}}]}},"_links":{"self":[{"href":"https:\/\/www.stoelzle.com\/pharma\/de\/wp-json\/wp\/v2\/pages\/3026","targetHints":{"allow":["GET"]}}],"collection":[{"href":"https:\/\/www.stoelzle.com\/pharma\/de\/wp-json\/wp\/v2\/pages"}],"about":[{"href":"https:\/\/www.stoelzle.com\/pharma\/de\/wp-json\/wp\/v2\/types\/page"}],"author":[{"embeddable":true,"href":"https:\/\/www.stoelzle.com\/pharma\/de\/wp-json\/wp\/v2\/users\/1"}],"replies":[{"embeddable":true,"href":"https:\/\/www.stoelzle.com\/pharma\/de\/wp-json\/wp\/v2\/comments?post=3026"}],"version-history":[{"count":0,"href":"https:\/\/www.stoelzle.com\/pharma\/de\/wp-json\/wp\/v2\/pages\/3026\/revisions"}],"wp:attachment":[{"href":"https:\/\/www.stoelzle.com\/pharma\/de\/wp-json\/wp\/v2\/media?parent=3026"}],"curies":[{"name":"wp","href":"https:\/\/api.w.org\/{rel}","templated":true}]}}