{"id":4490,"date":"2023-09-11T11:35:11","date_gmt":"2023-09-11T11:35:11","guid":{"rendered":"https:\/\/www.stoelzle.com\/?page_id=4490"},"modified":"2023-09-27T09:46:47","modified_gmt":"2023-09-27T09:46:47","slug":"transparenz","status":"publish","type":"page","link":"https:\/\/www.stoelzle.com\/de\/unternehmen\/nachhaltigkeit\/transparenz\/","title":{"rendered":"Transparenz"},"content":{"rendered":"<div class=\"wpb-content-wrapper\"><p>[vc_row][vc_column]<div class=\"vc-title   text-center\">\n              <div class=\"topline\">Transparenz entlang unserer gesamten Wertsch\u00f6pfungskette<\/div>\n              <h1 class=\"title position-relative separator\">Ethische Grunds\u00e4tze &amp; Gesellschaftliche Verantwortung<\/h1>\n              <div class=\"row\"><div class=\"col-md-10 offset-md-1\"><\/p>\n<p class=\"large-text\">Unser Unternehmen operiert mit Integrit\u00e4t und Transparenz und befolgt einen soliden Verhaltenskodex. Unser Ziel ist es, eine respektvolle und integrative Organisation zu schaffen, die Vielfalt und Compliance f\u00f6rdert. Wir nutzen datengest\u00fctzte Entscheidungsfindung, um Verbesserungsm\u00f6glichkeiten im Einklang mit den SDGs zu identifizieren. Als lernende Organisation versuchen wir kontinuierlich unsere betriebliche Effizienz, Produktqualit\u00e4t und Nachhaltigkeit zu verbessern.<\/p>\n<p><\/div><\/div>\n            <\/div>[\/vc_column][\/vc_row][vc_row][vc_column]<div class=\"vc-title   text-center\">\n              \n              <h2 class=\"title position-relative\">Wir legen Wert auf Transparenz entlang unserer gesamten Wertsch\u00f6pfungskette<\/h2>\n              \n            <\/div>[vc_row_inner][vc_column_inner width=&#8221;1\/3&#8243;]\n      <div class=\"vc-image\">\n        <a href=\"#ethics-compliance\" target=\"\"> \n          <img loading=\"lazy\" decoding=\"async\" width=\"2000\" height=\"1300\" src=\"https:\/\/www.stoelzle.com\/wp-content\/uploads\/2023\/08\/ethics-and-compliance.jpg\" class=\"img-fluid w-100 h-100 d-none d-md-block\" alt=\"\" srcset=\"https:\/\/www.stoelzle.com\/wp-content\/uploads\/2023\/08\/ethics-and-compliance.jpg 2000w, https:\/\/www.stoelzle.com\/wp-content\/uploads\/2023\/08\/ethics-and-compliance-480x312.jpg 480w, https:\/\/www.stoelzle.com\/wp-content\/uploads\/2023\/08\/ethics-and-compliance-1024x666.jpg 1024w, https:\/\/www.stoelzle.com\/wp-content\/uploads\/2023\/08\/ethics-and-compliance-1536x998.jpg 1536w, https:\/\/www.stoelzle.com\/wp-content\/uploads\/2023\/08\/ethics-and-compliance-992x645.jpg 992w, https:\/\/www.stoelzle.com\/wp-content\/uploads\/2023\/08\/ethics-and-compliance-180x117.jpg 180w\" sizes=\"auto, (max-width: 2000px) 100vw, 2000px\" \/> \n          <img loading=\"lazy\" decoding=\"async\" width=\"992\" height=\"645\" src=\"https:\/\/www.stoelzle.com\/wp-content\/uploads\/2023\/08\/ethics-and-compliance-992x645.jpg\" class=\"img-fluid w-100 h-100 d-mdx-none\" alt=\"\" srcset=\"https:\/\/www.stoelzle.com\/wp-content\/uploads\/2023\/08\/ethics-and-compliance-992x645.jpg 992w, https:\/\/www.stoelzle.com\/wp-content\/uploads\/2023\/08\/ethics-and-compliance-480x312.jpg 480w, https:\/\/www.stoelzle.com\/wp-content\/uploads\/2023\/08\/ethics-and-compliance-1024x666.jpg 1024w, https:\/\/www.stoelzle.com\/wp-content\/uploads\/2023\/08\/ethics-and-compliance-1536x998.jpg 1536w, https:\/\/www.stoelzle.com\/wp-content\/uploads\/2023\/08\/ethics-and-compliance-180x117.jpg 180w, https:\/\/www.stoelzle.com\/wp-content\/uploads\/2023\/08\/ethics-and-compliance.jpg 2000w\" sizes=\"auto, (max-width: 992px) 100vw, 992px\" \/>\n          \n        <\/a> \n      <\/div>[vc_column_text css=&#8221;.vc_custom_1694438547201{padding-top: 16px !important;}&#8221;]<\/p>\n<h3>Ethik &amp; Compliance<\/h3>\n<p><span style=\"font-weight: 400;\">Das Compliance Management umfasst interne Vorschriften, rechtliche \u00dcberwachung, Beschwerdemanagement, Weiterbildung und Kommunikation.<\/span><\/p>\n<p><a class=\"editor-button cta\" href=\"#ethics-compliance\">Mehr dazu<\/a><\/p>\n<p>[\/vc_column_text][\/vc_column_inner][vc_column_inner width=&#8221;1\/3&#8243;]\n      <div class=\"vc-image\">\n        <a href=\"#corporate-citizenship\" target=\"\"> \n          <img loading=\"lazy\" decoding=\"async\" width=\"2000\" height=\"1300\" src=\"https:\/\/www.stoelzle.com\/wp-content\/uploads\/2023\/08\/corporate-citizenship.jpg\" class=\"img-fluid w-100 h-100 d-none d-md-block\" alt=\"\" srcset=\"https:\/\/www.stoelzle.com\/wp-content\/uploads\/2023\/08\/corporate-citizenship.jpg 2000w, https:\/\/www.stoelzle.com\/wp-content\/uploads\/2023\/08\/corporate-citizenship-480x312.jpg 480w, https:\/\/www.stoelzle.com\/wp-content\/uploads\/2023\/08\/corporate-citizenship-1024x666.jpg 1024w, https:\/\/www.stoelzle.com\/wp-content\/uploads\/2023\/08\/corporate-citizenship-1536x998.jpg 1536w, https:\/\/www.stoelzle.com\/wp-content\/uploads\/2023\/08\/corporate-citizenship-992x645.jpg 992w, https:\/\/www.stoelzle.com\/wp-content\/uploads\/2023\/08\/corporate-citizenship-180x117.jpg 180w\" sizes=\"auto, (max-width: 2000px) 100vw, 2000px\" \/> \n          <img loading=\"lazy\" decoding=\"async\" width=\"992\" height=\"645\" src=\"https:\/\/www.stoelzle.com\/wp-content\/uploads\/2023\/08\/corporate-citizenship-992x645.jpg\" class=\"img-fluid w-100 h-100 d-mdx-none\" alt=\"\" srcset=\"https:\/\/www.stoelzle.com\/wp-content\/uploads\/2023\/08\/corporate-citizenship-992x645.jpg 992w, https:\/\/www.stoelzle.com\/wp-content\/uploads\/2023\/08\/corporate-citizenship-480x312.jpg 480w, https:\/\/www.stoelzle.com\/wp-content\/uploads\/2023\/08\/corporate-citizenship-1024x666.jpg 1024w, https:\/\/www.stoelzle.com\/wp-content\/uploads\/2023\/08\/corporate-citizenship-1536x998.jpg 1536w, https:\/\/www.stoelzle.com\/wp-content\/uploads\/2023\/08\/corporate-citizenship-180x117.jpg 180w, https:\/\/www.stoelzle.com\/wp-content\/uploads\/2023\/08\/corporate-citizenship.jpg 2000w\" sizes=\"auto, (max-width: 992px) 100vw, 992px\" \/>\n          \n        <\/a> \n      <\/div>[vc_column_text css=&#8221;.vc_custom_1694438569553{padding-top: 16px !important;}&#8221;]<\/p>\n<h3>Gesellschaftliche Verantwortung<\/h3>\n<p><span style=\"font-weight: 400;\">Die F\u00f6rderung einer nachhaltigen Entwicklung, die sich positiv auf lokale und globale Gemeinschaften auswirkt, ist f\u00fcr Stoelzle von zentraler Bedeutung.<\/span><\/p>\n<p><a class=\"editor-button cta\" href=\"#corporate-citizenship\">Mehr dazu<\/a><\/p>\n<p>[\/vc_column_text][\/vc_column_inner][vc_column_inner width=&#8221;1\/3&#8243;]\n      <div class=\"vc-image\">\n        <a href=\"#managing-supply-chain\" target=\"\"> \n          <img loading=\"lazy\" decoding=\"async\" width=\"2000\" height=\"1300\" src=\"https:\/\/www.stoelzle.com\/wp-content\/uploads\/2023\/08\/managing-supply-chain.jpg\" class=\"img-fluid w-100 h-100 d-none d-md-block\" alt=\"\" srcset=\"https:\/\/www.stoelzle.com\/wp-content\/uploads\/2023\/08\/managing-supply-chain.jpg 2000w, https:\/\/www.stoelzle.com\/wp-content\/uploads\/2023\/08\/managing-supply-chain-480x312.jpg 480w, https:\/\/www.stoelzle.com\/wp-content\/uploads\/2023\/08\/managing-supply-chain-1024x666.jpg 1024w, https:\/\/www.stoelzle.com\/wp-content\/uploads\/2023\/08\/managing-supply-chain-1536x998.jpg 1536w, https:\/\/www.stoelzle.com\/wp-content\/uploads\/2023\/08\/managing-supply-chain-992x645.jpg 992w, https:\/\/www.stoelzle.com\/wp-content\/uploads\/2023\/08\/managing-supply-chain-180x117.jpg 180w\" sizes=\"auto, (max-width: 2000px) 100vw, 2000px\" \/> \n          <img loading=\"lazy\" decoding=\"async\" width=\"992\" height=\"645\" src=\"https:\/\/www.stoelzle.com\/wp-content\/uploads\/2023\/08\/managing-supply-chain-992x645.jpg\" class=\"img-fluid w-100 h-100 d-mdx-none\" alt=\"\" srcset=\"https:\/\/www.stoelzle.com\/wp-content\/uploads\/2023\/08\/managing-supply-chain-992x645.jpg 992w, https:\/\/www.stoelzle.com\/wp-content\/uploads\/2023\/08\/managing-supply-chain-480x312.jpg 480w, https:\/\/www.stoelzle.com\/wp-content\/uploads\/2023\/08\/managing-supply-chain-1024x666.jpg 1024w, https:\/\/www.stoelzle.com\/wp-content\/uploads\/2023\/08\/managing-supply-chain-1536x998.jpg 1536w, https:\/\/www.stoelzle.com\/wp-content\/uploads\/2023\/08\/managing-supply-chain-180x117.jpg 180w, https:\/\/www.stoelzle.com\/wp-content\/uploads\/2023\/08\/managing-supply-chain.jpg 2000w\" sizes=\"auto, (max-width: 992px) 100vw, 992px\" \/>\n          \n        <\/a> \n      <\/div>[vc_column_text css=&#8221;.vc_custom_1694438596017{padding-top: 16px !important;}&#8221;]<\/p>\n<h3>Management der Lieferkette<\/h3>\n<p><span style=\"font-weight: 400;\">Der Aufbau langfristiger Partnerschaften mit unseren Lieferanten ist Teil unserer Strategie zur Schaffung einer nachhaltigen Lieferkette f\u00fcr alle Beteiligten.<\/span><\/p>\n<p><a class=\"editor-button cta\" href=\"#managing-supply-chain\">Mehr dazu<\/a><\/p>\n<p>[\/vc_column_text][\/vc_column_inner][\/vc_row_inner][\/vc_column][\/vc_row][vc_row el_id=&#8221;ethics-compliance&#8221;][vc_column]<div class=\"vc-two-columns spacing-top-s \">\n                <div class=\"row\">\n                    <div class=\"col-sm-6 bg-gray image-right\"><div class=\"column-content h-100 d-flex flex-column justify-content-center\"><\/p>\n<h2>Ethik &amp; Compliance<\/h2>\n<p><span style=\"font-weight: 400;\">Der Stoelzle-Verhaltenskodex bildet die Grundlage unseres Compliance-Management-Systems, welches unternehmensweit f\u00fcr Compliance, verantwortungsbewusstes Verhalten und Gesetzestreue sorgt. Das System umfasst interne Regelungen, Rechtskontrolle, Beschwerdemanagement, Schulungen und Kommunikation.<\/span><\/p>\n<p><a class=\"editor-button cta\" href=\"\/wp-content\/uploads\/2021\/04\/code-of-conduct-DE.pdf\" target=\"_blank\" rel=\"noopener\">Verhaltenskodex herunterladen<\/a><\/p>\n<p><\/div><\/div>\n                    <div class=\"col-sm-6 bg-gray image-right\"><img loading=\"lazy\" decoding=\"async\" width=\"1024\" height=\"666\" src=\"https:\/\/www.stoelzle.com\/wp-content\/uploads\/2023\/09\/ethics-and-compliance-infographic-de-1024x666.png\" class=\"w-100 h-100 contain\" alt=\"\" srcset=\"https:\/\/www.stoelzle.com\/wp-content\/uploads\/2023\/09\/ethics-and-compliance-infographic-de-1024x666.png 1024w, https:\/\/www.stoelzle.com\/wp-content\/uploads\/2023\/09\/ethics-and-compliance-infographic-de-480x312.png 480w, https:\/\/www.stoelzle.com\/wp-content\/uploads\/2023\/09\/ethics-and-compliance-infographic-de-1536x998.png 1536w, https:\/\/www.stoelzle.com\/wp-content\/uploads\/2023\/09\/ethics-and-compliance-infographic-de-992x645.png 992w, https:\/\/www.stoelzle.com\/wp-content\/uploads\/2023\/09\/ethics-and-compliance-infographic-de-180x117.png 180w, https:\/\/www.stoelzle.com\/wp-content\/uploads\/2023\/09\/ethics-and-compliance-infographic-de.png 2000w\" sizes=\"auto, (max-width: 1024px) 100vw, 1024px\" \/><\/div>\n                <\/div>\n            <\/div>[\/vc_column][\/vc_row][vc_row full_width=&#8221;stretch_row_content_no_spaces&#8221; el_id=&#8221;corporate-citizenship&#8221;][vc_column]<div class=\"vc-two-columns  \">\n                <div class=\"row\">\n                    <div class=\"col-sm-6 bg-blue image-left\"><img loading=\"lazy\" decoding=\"async\" width=\"1024\" height=\"666\" src=\"https:\/\/www.stoelzle.com\/wp-content\/uploads\/2023\/08\/corporate-citizenship-1024x666.jpg\" class=\"w-100 h-100 cover\" alt=\"\" srcset=\"https:\/\/www.stoelzle.com\/wp-content\/uploads\/2023\/08\/corporate-citizenship-1024x666.jpg 1024w, https:\/\/www.stoelzle.com\/wp-content\/uploads\/2023\/08\/corporate-citizenship-480x312.jpg 480w, https:\/\/www.stoelzle.com\/wp-content\/uploads\/2023\/08\/corporate-citizenship-1536x998.jpg 1536w, https:\/\/www.stoelzle.com\/wp-content\/uploads\/2023\/08\/corporate-citizenship-992x645.jpg 992w, https:\/\/www.stoelzle.com\/wp-content\/uploads\/2023\/08\/corporate-citizenship-180x117.jpg 180w, https:\/\/www.stoelzle.com\/wp-content\/uploads\/2023\/08\/corporate-citizenship.jpg 2000w\" sizes=\"auto, (max-width: 1024px) 100vw, 1024px\" \/><\/div>\n                    <div class=\"col-sm-6 bg-blue image-left\"><div class=\"column-content h-100 d-flex flex-column justify-content-center\"><\/p>\n<h2>Gesellschaftliches Engagement<\/h2>\n<p><span style=\"font-weight: 400;\">Wir wissen, wie wichtig es ist, lokale und globale Gemeinschaften zu unterst\u00fctzen. Unsere Outreach-Programme bieten finanzielle Unterst\u00fctzung, Freiwilligenarbeit und andere Formen der Unterst\u00fctzung f\u00fcr lokale Gemeinschaften. Gleichzeitig engagieren wir uns f\u00fcr globale Initiativen wie humanit\u00e4re Hilfe.<\/span><\/p>\n<ul>\n<li style=\"font-weight: 400;\"><span style=\"font-weight: 400;\">Katastrophenhilfe und humanit\u00e4re Hilfe (Pandemie, &#8230;)<\/span><\/li>\n<li style=\"font-weight: 400;\"><span style=\"font-weight: 400;\">Umweltinitiativen (Stoelzle-Bienen, B\u00e4ume pflanzen, &#8230;)<\/span><\/li>\n<li style=\"font-weight: 400;\"><span style=\"font-weight: 400;\">Soziale Initiativen (Tage der offenen T\u00fcr, Spendenaktionen, &#8230;)<\/span><\/li>\n<li style=\"font-weight: 400;\"><span style=\"font-weight: 400;\">Sport-Sponsoring<\/span><\/li>\n<\/ul>\n<p><\/div><\/div>\n                <\/div>\n            <\/div>[\/vc_column][\/vc_row][vc_row full_width=&#8221;stretch_row_content_no_spaces&#8221; el_id=&#8221;managing-supply-chain&#8221;][vc_column]<div class=\"vc-two-columns  \">\n                <div class=\"row\">\n                    <div class=\"col-sm-6 bg-gray image-right\"><div class=\"column-content h-100 d-flex flex-column justify-content-center\"><\/p>\n<h2>Management der Lieferkette<\/h2>\n<p><span style=\"font-weight: 400;\">Wir f\u00fchren j\u00e4hrliche Bewertungen bestehender und neuer Lieferanten durch und bewerten diese dabei in den Kategorien Rohstoffe, Verpackungs- und Dekorationsmaterialien, Formen, Dienstleister und Energielieferanten. Da wir weltweit von 3.150 (2022) Lieferanten beziehen, werden ethische und \u00f6kologische Grunds\u00e4tze in unsere Lieferantenaudits mit einbezogen, um sicherzustellen, dass alle Lieferanten unsere erforderlichen Nachhaltigkeitsstandards erf\u00fcllen.<\/span><\/p>\n<p><a class=\"editor-button cta\" href=\"\/wp-content\/uploads\/2021\/04\/code-of-conduct-supplier-EN.pdf\" target=\"_blank\" rel=\"noopener\">Verhaltenskodex f\u00fcr Lieferanten herunterladen<\/a><\/p>\n<p><\/div><\/div>\n                    <div class=\"col-sm-6 bg-gray image-right\"><img loading=\"lazy\" decoding=\"async\" width=\"1024\" height=\"666\" src=\"https:\/\/www.stoelzle.com\/wp-content\/uploads\/2023\/08\/managing-supply-chain-1024x666.jpg\" class=\"w-100 h-100 cover\" alt=\"\" srcset=\"https:\/\/www.stoelzle.com\/wp-content\/uploads\/2023\/08\/managing-supply-chain-1024x666.jpg 1024w, https:\/\/www.stoelzle.com\/wp-content\/uploads\/2023\/08\/managing-supply-chain-480x312.jpg 480w, https:\/\/www.stoelzle.com\/wp-content\/uploads\/2023\/08\/managing-supply-chain-1536x998.jpg 1536w, https:\/\/www.stoelzle.com\/wp-content\/uploads\/2023\/08\/managing-supply-chain-992x645.jpg 992w, https:\/\/www.stoelzle.com\/wp-content\/uploads\/2023\/08\/managing-supply-chain-180x117.jpg 180w, https:\/\/www.stoelzle.com\/wp-content\/uploads\/2023\/08\/managing-supply-chain.jpg 2000w\" sizes=\"auto, (max-width: 1024px) 100vw, 1024px\" \/><\/div>\n                <\/div>\n            <\/div>[\/vc_column][\/vc_row][vc_row full_width=&#8221;stretch_row_content_no_spaces&#8221;][vc_column]<div class=\"vc-two-columns  \">\n                <div class=\"row\">\n                    <div class=\"col-sm-6 bg-blue image-left\"><img loading=\"lazy\" decoding=\"async\" width=\"1024\" height=\"666\" src=\"https:\/\/www.stoelzle.com\/wp-content\/uploads\/2023\/08\/smeta-sedex-audits-1024x666.jpg\" class=\"w-100 h-100 cover\" alt=\"\" srcset=\"https:\/\/www.stoelzle.com\/wp-content\/uploads\/2023\/08\/smeta-sedex-audits-1024x666.jpg 1024w, https:\/\/www.stoelzle.com\/wp-content\/uploads\/2023\/08\/smeta-sedex-audits-480x312.jpg 480w, https:\/\/www.stoelzle.com\/wp-content\/uploads\/2023\/08\/smeta-sedex-audits-1536x998.jpg 1536w, https:\/\/www.stoelzle.com\/wp-content\/uploads\/2023\/08\/smeta-sedex-audits-992x645.jpg 992w, https:\/\/www.stoelzle.com\/wp-content\/uploads\/2023\/08\/smeta-sedex-audits-180x117.jpg 180w, https:\/\/www.stoelzle.com\/wp-content\/uploads\/2023\/08\/smeta-sedex-audits.jpg 2000w\" sizes=\"auto, (max-width: 1024px) 100vw, 1024px\" \/><\/div>\n                    <div class=\"col-sm-6 bg-blue image-left\"><div class=\"column-content h-100 d-flex flex-column justify-content-center\"><\/p>\n<h2>SMETA Sedex-Audits<\/h2>\n<p><span style=\"font-weight: 400;\">Die Durchf\u00fchrung regelm\u00e4\u00dfiger Kontrollen zur \u00dcberpr\u00fcfung ethischen Handelns ist der Schl\u00fcssel zur Aufrechterhaltung hoher Standards in den Bereichen Arbeitsbedingungen, Gesundheit und Sicherheit, Umwelt und Gesch\u00e4ftsethik. Daher werden alle unsere Standorte regelm\u00e4\u00dfig von unabh\u00e4ngigen Dritten auditiert. Die Ergebnisse und Fortschritte in verbesserungsw\u00fcrdigen Bereichen werden unseren Kunden \u00fcber die Online-Plattform SEDEX mitgeteilt.<\/span><\/p>\n<p><a class=\"editor-button cta-white\" href=\"\/wp-content\/uploads\/2021\/04\/corporate-social-responsibility-policy-EN.pdf?nocache=1&amp;t=1693315058\" target=\"_blank\" rel=\"noopener\">Lesen Sie unsere CSR-Politik<\/a><\/p>\n<p><\/div><\/div>\n                <\/div>\n            <\/div>[\/vc_column][\/vc_row]<\/p>\n<\/div>","protected":false},"excerpt":{"rendered":"<p>[vc_row][vc_column][\/vc_column][\/vc_row][vc_row][vc_column][vc_row_inner][vc_column_inner width=&#8221;1\/3&#8243;][vc_column_text css=&#8221;.vc_custom_1694438547201{padding-top: 16px !important;}&#8221;] Ethik &amp; Compliance Das Compliance Management umfasst interne Vorschriften, rechtliche \u00dcberwachung, Beschwerdemanagement, Weiterbildung und Kommunikation. Mehr dazu [\/vc_column_text][\/vc_column_inner][vc_column_inner width=&#8221;1\/3&#8243;][vc_column_text css=&#8221;.vc_custom_1694438569553{padding-top: 16px !important;}&#8221;] Gesellschaftliche Verantwortung Die F\u00f6rderung einer nachhaltigen Entwicklung, die sich positiv auf lokale und globale Gemeinschaften auswirkt, ist f\u00fcr Stoelzle von zentraler Bedeutung. Mehr dazu [\/vc_column_text][\/vc_column_inner][vc_column_inner width=&#8221;1\/3&#8243;][vc_column_text css=&#8221;.vc_custom_1694438596017{padding-top: 16px [&hellip;]<\/p>\n","protected":false},"author":1,"featured_media":0,"parent":1706,"menu_order":275,"comment_status":"closed","ping_status":"closed","template":"","meta":{"_acf_changed":false,"footnotes":""},"class_list":["post-4490","page","type-page","status-publish","hentry"],"acf":[],"yoast_head":"<!-- This site is optimized with the Yoast SEO plugin v26.6 - https:\/\/yoast.com\/wordpress\/plugins\/seo\/ -->\n<title>Ethische Grunds\u00e4tze &amp; Corporate Citizenship \u00bb Transparenz | Stoelzle<\/title>\n<meta name=\"description\" content=\"Verpflichtungen und Transparenz bei Stoelzle \u279c Ethik &amp; Compliance \u2713 Corporate Citizenship \u2713 Management der Lieferkette \u2713\" \/>\n<meta name=\"robots\" content=\"index, nofollow, max-snippet:-1, max-image-preview:large, max-video-preview:-1\" \/>\n<link rel=\"canonical\" href=\"https:\/\/www.stoelzle.com\/de\/unternehmen\/nachhaltigkeit\/transparenz\/\" \/>\n<meta property=\"og:locale\" content=\"de_DE\" \/>\n<meta property=\"og:type\" content=\"article\" \/>\n<meta property=\"og:title\" content=\"Ethische Grunds\u00e4tze &amp; Corporate Citizenship \u00bb Transparenz | Stoelzle\" \/>\n<meta property=\"og:description\" content=\"Verpflichtungen und Transparenz bei Stoelzle \u279c Ethik &amp; Compliance \u2713 Corporate Citizenship \u2713 Management der Lieferkette \u2713\" \/>\n<meta property=\"og:url\" content=\"https:\/\/www.stoelzle.com\/de\/unternehmen\/nachhaltigkeit\/transparenz\/\" \/>\n<meta property=\"og:site_name\" content=\"Stoelzle Glass Group\" \/>\n<meta property=\"article:modified_time\" content=\"2023-09-27T09:46:47+00:00\" \/>\n<meta name=\"twitter:card\" content=\"summary_large_image\" \/>\n<meta name=\"twitter:label1\" content=\"Gesch\u00e4tzte Lesezeit\" \/>\n\t<meta name=\"twitter:data1\" content=\"3 Minuten\" \/>\n<script type=\"application\/ld+json\" class=\"yoast-schema-graph\">{\"@context\":\"https:\/\/schema.org\",\"@graph\":[{\"@type\":\"WebPage\",\"@id\":\"https:\/\/www.stoelzle.com\/de\/unternehmen\/nachhaltigkeit\/transparenz\/\",\"url\":\"https:\/\/www.stoelzle.com\/de\/unternehmen\/nachhaltigkeit\/transparenz\/\",\"name\":\"Ethische Grunds\u00e4tze & Corporate Citizenship \u00bb Transparenz | Stoelzle\",\"isPartOf\":{\"@id\":\"https:\/\/www.stoelzle.com\/#website\"},\"datePublished\":\"2023-09-11T11:35:11+00:00\",\"dateModified\":\"2023-09-27T09:46:47+00:00\",\"description\":\"Verpflichtungen und Transparenz bei Stoelzle \u279c Ethik & Compliance \u2713 Corporate Citizenship \u2713 Management der Lieferkette \u2713\",\"breadcrumb\":{\"@id\":\"https:\/\/www.stoelzle.com\/de\/unternehmen\/nachhaltigkeit\/transparenz\/#breadcrumb\"},\"inLanguage\":\"de-DE\",\"potentialAction\":[{\"@type\":\"ReadAction\",\"target\":[\"https:\/\/www.stoelzle.com\/de\/unternehmen\/nachhaltigkeit\/transparenz\/\"]}]},{\"@type\":\"BreadcrumbList\",\"@id\":\"https:\/\/www.stoelzle.com\/de\/unternehmen\/nachhaltigkeit\/transparenz\/#breadcrumb\",\"itemListElement\":[{\"@type\":\"ListItem\",\"position\":1,\"name\":\"Home\",\"item\":\"https:\/\/www.stoelzle.com\/de\/\"},{\"@type\":\"ListItem\",\"position\":2,\"name\":\"Unternehmen\",\"item\":\"https:\/\/www.stoelzle.com\/de\/unternehmen\/\"},{\"@type\":\"ListItem\",\"position\":3,\"name\":\"Nachhaltigkeit\",\"item\":\"https:\/\/www.stoelzle.com\/de\/unternehmen\/nachhaltigkeit\/\"},{\"@type\":\"ListItem\",\"position\":4,\"name\":\"Transparenz\"}]},{\"@type\":\"WebSite\",\"@id\":\"https:\/\/www.stoelzle.com\/#website\",\"url\":\"https:\/\/www.stoelzle.com\/\",\"name\":\"Stoelzle Glass Group\",\"description\":\"\",\"publisher\":{\"@id\":\"https:\/\/www.stoelzle.com\/#organization\"},\"potentialAction\":[{\"@type\":\"SearchAction\",\"target\":{\"@type\":\"EntryPoint\",\"urlTemplate\":\"https:\/\/www.stoelzle.com\/?s={search_term_string}\"},\"query-input\":{\"@type\":\"PropertyValueSpecification\",\"valueRequired\":true,\"valueName\":\"search_term_string\"}}],\"inLanguage\":\"de-DE\"},{\"@type\":\"Organization\",\"@id\":\"https:\/\/www.stoelzle.com\/#organization\",\"name\":\"Stoelzle Glass Group\",\"url\":\"https:\/\/www.stoelzle.com\/\",\"logo\":{\"@type\":\"ImageObject\",\"inLanguage\":\"de-DE\",\"@id\":\"https:\/\/www.stoelzle.com\/#\/schema\/logo\/image\/\",\"url\":\"https:\/\/www.stoelzle.com\/wp-content\/uploads\/2020\/06\/Logo.svg\",\"contentUrl\":\"https:\/\/www.stoelzle.com\/wp-content\/uploads\/2020\/06\/Logo.svg\",\"width\":180,\"height\":40,\"caption\":\"Stoelzle Glass Group\"},\"image\":{\"@id\":\"https:\/\/www.stoelzle.com\/#\/schema\/logo\/image\/\"}}]}<\/script>\n<!-- \/ Yoast SEO plugin. -->","yoast_head_json":{"title":"Ethische Grunds\u00e4tze & Corporate Citizenship \u00bb Transparenz | Stoelzle","description":"Verpflichtungen und Transparenz bei Stoelzle \u279c Ethik & Compliance \u2713 Corporate Citizenship \u2713 Management der Lieferkette \u2713","robots":{"index":"index","follow":"nofollow","max-snippet":"max-snippet:-1","max-image-preview":"max-image-preview:large","max-video-preview":"max-video-preview:-1"},"canonical":"https:\/\/www.stoelzle.com\/de\/unternehmen\/nachhaltigkeit\/transparenz\/","og_locale":"de_DE","og_type":"article","og_title":"Ethische Grunds\u00e4tze & Corporate Citizenship \u00bb Transparenz | Stoelzle","og_description":"Verpflichtungen und Transparenz bei Stoelzle \u279c Ethik & Compliance \u2713 Corporate Citizenship \u2713 Management der Lieferkette \u2713","og_url":"https:\/\/www.stoelzle.com\/de\/unternehmen\/nachhaltigkeit\/transparenz\/","og_site_name":"Stoelzle Glass Group","article_modified_time":"2023-09-27T09:46:47+00:00","twitter_card":"summary_large_image","twitter_misc":{"Gesch\u00e4tzte Lesezeit":"3 Minuten"},"schema":{"@context":"https:\/\/schema.org","@graph":[{"@type":"WebPage","@id":"https:\/\/www.stoelzle.com\/de\/unternehmen\/nachhaltigkeit\/transparenz\/","url":"https:\/\/www.stoelzle.com\/de\/unternehmen\/nachhaltigkeit\/transparenz\/","name":"Ethische Grunds\u00e4tze & Corporate Citizenship \u00bb Transparenz | Stoelzle","isPartOf":{"@id":"https:\/\/www.stoelzle.com\/#website"},"datePublished":"2023-09-11T11:35:11+00:00","dateModified":"2023-09-27T09:46:47+00:00","description":"Verpflichtungen und Transparenz bei Stoelzle \u279c Ethik & Compliance \u2713 Corporate Citizenship \u2713 Management der Lieferkette \u2713","breadcrumb":{"@id":"https:\/\/www.stoelzle.com\/de\/unternehmen\/nachhaltigkeit\/transparenz\/#breadcrumb"},"inLanguage":"de-DE","potentialAction":[{"@type":"ReadAction","target":["https:\/\/www.stoelzle.com\/de\/unternehmen\/nachhaltigkeit\/transparenz\/"]}]},{"@type":"BreadcrumbList","@id":"https:\/\/www.stoelzle.com\/de\/unternehmen\/nachhaltigkeit\/transparenz\/#breadcrumb","itemListElement":[{"@type":"ListItem","position":1,"name":"Home","item":"https:\/\/www.stoelzle.com\/de\/"},{"@type":"ListItem","position":2,"name":"Unternehmen","item":"https:\/\/www.stoelzle.com\/de\/unternehmen\/"},{"@type":"ListItem","position":3,"name":"Nachhaltigkeit","item":"https:\/\/www.stoelzle.com\/de\/unternehmen\/nachhaltigkeit\/"},{"@type":"ListItem","position":4,"name":"Transparenz"}]},{"@type":"WebSite","@id":"https:\/\/www.stoelzle.com\/#website","url":"https:\/\/www.stoelzle.com\/","name":"Stoelzle Glass Group","description":"","publisher":{"@id":"https:\/\/www.stoelzle.com\/#organization"},"potentialAction":[{"@type":"SearchAction","target":{"@type":"EntryPoint","urlTemplate":"https:\/\/www.stoelzle.com\/?s={search_term_string}"},"query-input":{"@type":"PropertyValueSpecification","valueRequired":true,"valueName":"search_term_string"}}],"inLanguage":"de-DE"},{"@type":"Organization","@id":"https:\/\/www.stoelzle.com\/#organization","name":"Stoelzle Glass Group","url":"https:\/\/www.stoelzle.com\/","logo":{"@type":"ImageObject","inLanguage":"de-DE","@id":"https:\/\/www.stoelzle.com\/#\/schema\/logo\/image\/","url":"https:\/\/www.stoelzle.com\/wp-content\/uploads\/2020\/06\/Logo.svg","contentUrl":"https:\/\/www.stoelzle.com\/wp-content\/uploads\/2020\/06\/Logo.svg","width":180,"height":40,"caption":"Stoelzle Glass Group"},"image":{"@id":"https:\/\/www.stoelzle.com\/#\/schema\/logo\/image\/"}}]}},"_links":{"self":[{"href":"https:\/\/www.stoelzle.com\/de\/wp-json\/wp\/v2\/pages\/4490","targetHints":{"allow":["GET"]}}],"collection":[{"href":"https:\/\/www.stoelzle.com\/de\/wp-json\/wp\/v2\/pages"}],"about":[{"href":"https:\/\/www.stoelzle.com\/de\/wp-json\/wp\/v2\/types\/page"}],"author":[{"embeddable":true,"href":"https:\/\/www.stoelzle.com\/de\/wp-json\/wp\/v2\/users\/1"}],"replies":[{"embeddable":true,"href":"https:\/\/www.stoelzle.com\/de\/wp-json\/wp\/v2\/comments?post=4490"}],"version-history":[{"count":0,"href":"https:\/\/www.stoelzle.com\/de\/wp-json\/wp\/v2\/pages\/4490\/revisions"}],"up":[{"embeddable":true,"href":"https:\/\/www.stoelzle.com\/de\/wp-json\/wp\/v2\/pages\/1706"}],"wp:attachment":[{"href":"https:\/\/www.stoelzle.com\/de\/wp-json\/wp\/v2\/media?parent=4490"}],"curies":[{"name":"wp","href":"https:\/\/api.w.org\/{rel}","templated":true}]}}