{"id":3670,"date":"2021-08-19T05:57:28","date_gmt":"2021-08-19T05:57:28","guid":{"rendered":"https:\/\/www.stoelzle.com\/?page_id=3670"},"modified":"2024-02-19T15:12:31","modified_gmt":"2024-02-19T15:12:31","slug":"glasproduktion","status":"publish","type":"page","link":"https:\/\/www.stoelzle.com\/de\/unternehmen\/glasproduktion\/","title":{"rendered":"Glasproduktion"},"content":{"rendered":"<div class=\"wpb-content-wrapper\"><p>[vc_row][vc_column]<div class=\"vc-title   text-center\">\n              <div class=\"topline\">Wie wird Glas hergestellt?<\/div>\n              <h1 class=\"title position-relative separator\">Der Glas Herstellungsprozess<\/h1>\n              <div class=\"row\"><div class=\"col-md-10 offset-md-1\"><\/p>\n<p>Glas begleitet uns Menschen schon seit tausenden von Jahren. Das Material wurde von unseren Vorfahren entdeckt, als man feststellte, dass Blitzschl\u00e4ge oder hei\u00dfe Lava Quarzsand schmelzen konnten. Im Laufe der Jahre haben es die Menschen der Natur nachgemacht, und die Produktion von Glas ist stetig gewachsen. Stoelzle ist ein weltweit anerkannter Spezialist auf dem Gebiet der Verpackungsglasproduktion, und mit \u00fcber 200 Jahren Erfahrung ist unsere Leidenschaft und Begeisterung ungebrochen. Wir laden Sie ein, in unsere Welt einzutauchen und mehr \u00fcber diesen faszinierenden Prozess der Glasproduktion zu erfahren.<\/p>\n<p><\/div><\/div>\n            <\/div>[\/vc_column][\/vc_row][vc_row][vc_column width=&#8221;1\/2&#8243;]<div class=\"vc-spacer spacing-bottom-s\"><\/div>[vc_column_text]<\/p>\n<h2>Die Kunst der Glasherstellung<\/h2>\n<p>Haben Sie sich jemals gefragt, was hinter der Herstellung von Glas steckt? Folgen wir dem Glas durch die unterschiedlichen Phasen des Entstehungsprozesses, welche Kameras normalerweise nicht einfangen k\u00f6nnen.<\/p>\n<p>[\/vc_column_text][\/vc_column][vc_column width=&#8221;1\/2&#8243;][vc_video link=&#8221;https:\/\/youtu.be\/q_QeMqZAh2s&#8221; el_width=&#8221;80&#8243; align=&#8221;center&#8221;][\/vc_column][vc_column]<div class=\"vc-spacer spacing-bottom-s\"><\/div>[\/vc_column][\/vc_row][vc_row full_width=&#8221;stretch_row_content_no_spaces&#8221;][vc_column]<div class=\"vc-two-columns  \">\n                <div class=\"row\">\n                    <div class=\"col-sm-6 bg-gray image-left\"><img loading=\"lazy\" decoding=\"async\" width=\"1024\" height=\"666\" src=\"https:\/\/www.stoelzle.com\/wp-content\/uploads\/2021\/08\/glass-production-raw-materials-1024x666.jpg\" class=\"w-100 h-100 cover\" alt=\"\" srcset=\"https:\/\/www.stoelzle.com\/wp-content\/uploads\/2021\/08\/glass-production-raw-materials-1024x666.jpg 1024w, https:\/\/www.stoelzle.com\/wp-content\/uploads\/2021\/08\/glass-production-raw-materials-480x312.jpg 480w, https:\/\/www.stoelzle.com\/wp-content\/uploads\/2021\/08\/glass-production-raw-materials-1536x998.jpg 1536w, https:\/\/www.stoelzle.com\/wp-content\/uploads\/2021\/08\/glass-production-raw-materials-992x645.jpg 992w, https:\/\/www.stoelzle.com\/wp-content\/uploads\/2021\/08\/glass-production-raw-materials-180x117.jpg 180w, https:\/\/www.stoelzle.com\/wp-content\/uploads\/2021\/08\/glass-production-raw-materials.jpg 2000w\" sizes=\"auto, (max-width: 1024px) 100vw, 1024px\" \/><\/div>\n                    <div class=\"col-sm-6 bg-gray image-left\"><div class=\"column-content h-100 d-flex flex-column justify-content-center\"><\/p>\n<h2 class=\"h2\">Aus welchen Rohstoffen besteht Glas?<\/h2>\n<p>Bei Stoelzle stellen wir ein <strong>Kalk-Natron-Silikatglas<\/strong> her. Diese Glasart wird in der Industrie am h\u00e4ufigsten verwendet. Die Rohstoffe, die wir daf\u00fcr verwenden, sind:<\/p>\n<ul>\n<li>Quarzsand<\/li>\n<li>Kalkstein<\/li>\n<li>Soda<\/li>\n<li>recycelte Glasscherben<\/li>\n<\/ul>\n<p>Der <strong>Sand<\/strong> ist dabei der <strong>Hauptbestandteil<\/strong>, <strong>Kalkstein<\/strong> sorgt f\u00fcr die <strong>Stabilit\u00e4t<\/strong> und das <strong>Sodapulver<\/strong> <strong>senkt<\/strong> den <strong>Schmelzpunkt<\/strong>. Um wertvolle Rohstoffe und Energie zu sparen, werden recycelte Glasscherben im Glasherstellungsprozess miteingeschmolzen. Nach exaktem Wiegen der Rohstoffe werden diese miteinander gemischt. Anschlie\u00dfend ist das Gemisch der Rohstoffe, welches als <strong>Gemenge<\/strong> bezeichnet wird, bereit f\u00fcr das Schmelzen.<\/p>\n<p><\/div><\/div>\n                <\/div>\n            <\/div><div class=\"vc-two-columns  \">\n                <div class=\"row\">\n                    <div class=\"col-sm-6 bg-gray image-right\"><div class=\"column-content h-100 d-flex flex-column justify-content-center\"><\/p>\n<h2 class=\"h2\">Das Schmelzen im Glas-Herstellungsprozess<\/h2>\n<p>Der Glasschmelzprozess l\u00e4sst sich in drei Schritte unterteilen:<\/p>\n<ol>\n<li>Zuerst wird das Gemenge in einen Ofen gegeben, der Temperaturen von bis zu <strong>1600 \u00b0C <\/strong>erreicht. Dort schmelzen die festen Bestandteile langsam zu einer homogenen Masse.<\/li>\n<li>Im n\u00e4chsten Schritt beginnt die <strong>L\u00e4uterung<\/strong>. In dieser Phase werden die Gase ausgetrieben, was essenziell f\u00fcr die <strong>Qualit\u00e4t<\/strong> des Glases ist.<\/li>\n<li>Zum Schluss wird die Masse <strong>abgek\u00fchlt,<\/strong> bis sie die f\u00fcr die Formgebung gew\u00fcnschte Temperatur erreicht hat.<\/li>\n<\/ol>\n<p><\/div><\/div>\n                    <div class=\"col-sm-6 bg-gray image-right\"><img loading=\"lazy\" decoding=\"async\" width=\"1024\" height=\"666\" src=\"https:\/\/www.stoelzle.com\/wp-content\/uploads\/2021\/08\/glass-production-moulding-process-1024x666.jpg\" class=\"w-100 h-100 cover\" alt=\"Glastropfen, der abgeschnitten wird und in die Formen f\u00e4llt\" srcset=\"https:\/\/www.stoelzle.com\/wp-content\/uploads\/2021\/08\/glass-production-moulding-process-1024x666.jpg 1024w, https:\/\/www.stoelzle.com\/wp-content\/uploads\/2021\/08\/glass-production-moulding-process-480x312.jpg 480w, https:\/\/www.stoelzle.com\/wp-content\/uploads\/2021\/08\/glass-production-moulding-process-1536x998.jpg 1536w, https:\/\/www.stoelzle.com\/wp-content\/uploads\/2021\/08\/glass-production-moulding-process-992x645.jpg 992w, https:\/\/www.stoelzle.com\/wp-content\/uploads\/2021\/08\/glass-production-moulding-process-180x117.jpg 180w, https:\/\/www.stoelzle.com\/wp-content\/uploads\/2021\/08\/glass-production-moulding-process.jpg 2000w\" sizes=\"auto, (max-width: 1024px) 100vw, 1024px\" \/><\/div>\n                <\/div>\n            <\/div><div class=\"vc-two-columns  \">\n                <div class=\"row\">\n                    <div class=\"col-sm-6 bg-gray image-left\"><img loading=\"lazy\" decoding=\"async\" width=\"1024\" height=\"666\" src=\"https:\/\/www.stoelzle.com\/wp-content\/uploads\/2022\/03\/news-glass-research-1024x666.jpg\" class=\"w-100 h-100 cover\" alt=\"Glass shaping process\" srcset=\"https:\/\/www.stoelzle.com\/wp-content\/uploads\/2022\/03\/news-glass-research-1024x666.jpg 1024w, https:\/\/www.stoelzle.com\/wp-content\/uploads\/2022\/03\/news-glass-research-480x312.jpg 480w, https:\/\/www.stoelzle.com\/wp-content\/uploads\/2022\/03\/news-glass-research-1536x998.jpg 1536w, https:\/\/www.stoelzle.com\/wp-content\/uploads\/2022\/03\/news-glass-research-992x645.jpg 992w, https:\/\/www.stoelzle.com\/wp-content\/uploads\/2022\/03\/news-glass-research-180x117.jpg 180w, https:\/\/www.stoelzle.com\/wp-content\/uploads\/2022\/03\/news-glass-research.jpg 2000w\" sizes=\"auto, (max-width: 1024px) 100vw, 1024px\" \/><\/div>\n                    <div class=\"col-sm-6 bg-gray image-left\"><div class=\"column-content h-100 d-flex flex-column justify-content-center\"><\/p>\n<h2 class=\"h2\">Wie erh\u00e4lt Glas seine Form?<\/h2>\n<p>Der Formgebungsprozess beginnt im sogenannten <strong>Speiser<\/strong>. Dort werden Glastropfen abgeschnitten, die dann mithilfe der <strong>IS-Maschine<\/strong> in die gew\u00fcnschte Form gebracht werden. Die Maschine verarbeitet die z\u00e4he Fl\u00fcssigkeit in wenigen Sekunden mittels dem Blas-Blas- oder Press-Blas-Verfahren zu fertigen Produkten. Anschlie\u00dfend werden die geformten Glasbeh\u00e4lter und -flaschen \u00fcber ein Transportband zur <strong>K\u00fchlung<\/strong> weitergeleitet.<\/p>\n<h3 class=\"h3\">Zwei Verfahren der Glasherstellung<\/h3>\n<p>In der industriellen Hohlglasproduktion wird zwischen dem Press-Blas-Verfahren und dem Blas-Blas-Verfahren unterschieden.<\/p>\n<ul>\n<li>Das <strong>Press-Blas-Verfahren<\/strong> ist eines der gebr\u00e4uchlichsten Verfahren in der Glasproduktion. Der fl\u00fcssige Glastropfen wird in die gew\u00fcnschte Vorform geleitet, w\u00e4hrend ein Pressstempel von unten eingef\u00fchrt wird. Anschlie\u00dfend wird die Form mit einem Vorformboden von oben geschlossen. Nun wird der Pressstempel nach oben bewegt und formt so die M\u00fcndung des Glasbeh\u00e4ltnisses. Das Verfahren eignet sich, um gro\u00df-dimensionierte Glasbeh\u00e4lter wie <a href=\"https:\/\/www.stoelzle.com\/pharma\/de\/produkte\/weithalsglas\/\">Weithalsflaschen<\/a><\/li>\n<li>Das <strong>Blas-Blas-Verfahren<\/strong> ist ebenso eine weit verbreitete Methode zur Hohlglas-Herstellung. Hier wird aus der Glasmasse ein l\u00e4nglicher Glastropfen geformt, welcher \u00fcber eine Rinne in die Vorform geleitet wird. Die M\u00fcndung und die fertige Form des Glasbeh\u00e4lters werden anschlie\u00dfend mittels Druckluft geformt. Das Verfahren wird f\u00fcr die Produktion von schmalen, kleineren Glasflaschen oder Beh\u00e4ltern angewandt, wie beispielsweise <a href=\"https:\/\/www.stoelzle.com\/pharma\/de\/produkte\/tropfflaschen\/\">Tropfflaschen<\/a> oder <a href=\"https:\/\/www.stoelzle.com\/pharma\/de\/produkte\/boston-round-flasche\/\">Boston Round Flaschen<\/a>.<\/li>\n<\/ul>\n<p><\/div><\/div>\n                <\/div>\n            <\/div><div class=\"vc-two-columns  \">\n                <div class=\"row\">\n                    <div class=\"col-sm-6 bg-gray image-right\"><div class=\"column-content h-100 d-flex flex-column justify-content-center\"><\/p>\n<h2 class=\"h2\">Der K\u00fchlungsprozess in der Glas-Herstellung<\/h2>\n<p>Als <strong>Ausgl\u00fchen<\/strong> bezeichnet man den Prozess, bei dem die Glasprodukte nach dem Formungsprozess abgek\u00fchlt werden. Das Glas wird dabei in einem beheizten Ofen, der <strong>Lehr<\/strong> genannt wird, <strong>langsam<\/strong> abgek\u00fchlt, um Spannungen oder Bruchsch\u00e4den zu vermeiden. Die Temperaturen dieses K\u00fchlbereichs liegen zwischen 590 \u00b0C und 450 \u00b0C.<\/p>\n<p>W\u00e4hrend des K\u00fchlungsprozesses wird die Au\u00dfenfl\u00e4che der Glasprodukte mit einer Beschichtung versehen. Diese dient der <strong>Oberfl\u00e4chenveredelung<\/strong> und als <strong>Schutzschicht<\/strong>.<\/p>\n<p><\/div><\/div>\n                    <div class=\"col-sm-6 bg-gray image-right\"><img loading=\"lazy\" decoding=\"async\" width=\"1024\" height=\"666\" src=\"https:\/\/www.stoelzle.com\/wp-content\/uploads\/2021\/08\/glass-production-annealing-inspecting-1024x666.jpg\" class=\"w-100 h-100 cover\" alt=\"Gl\u00e4ser nach dem K\u00fchlofen\" srcset=\"https:\/\/www.stoelzle.com\/wp-content\/uploads\/2021\/08\/glass-production-annealing-inspecting-1024x666.jpg 1024w, https:\/\/www.stoelzle.com\/wp-content\/uploads\/2021\/08\/glass-production-annealing-inspecting-480x312.jpg 480w, https:\/\/www.stoelzle.com\/wp-content\/uploads\/2021\/08\/glass-production-annealing-inspecting-1536x998.jpg 1536w, https:\/\/www.stoelzle.com\/wp-content\/uploads\/2021\/08\/glass-production-annealing-inspecting-992x645.jpg 992w, https:\/\/www.stoelzle.com\/wp-content\/uploads\/2021\/08\/glass-production-annealing-inspecting-180x117.jpg 180w, https:\/\/www.stoelzle.com\/wp-content\/uploads\/2021\/08\/glass-production-annealing-inspecting.jpg 2000w\" sizes=\"auto, (max-width: 1024px) 100vw, 1024px\" \/><\/div>\n                <\/div>\n            <\/div><div class=\"vc-two-columns  \">\n                <div class=\"row\">\n                    <div class=\"col-sm-6 bg-gray image-left\"><img loading=\"lazy\" decoding=\"async\" width=\"1024\" height=\"666\" src=\"https:\/\/www.stoelzle.com\/wp-content\/uploads\/2021\/02\/quality-production-machine-1024x666.jpg\" class=\"w-100 h-100 cover\" alt=\"Qualit\u00e4tspr\u00fcfung mit Multikamerasystem am Kalten Ende der Stoelzle Produktionsst\u00e4tten\" srcset=\"https:\/\/www.stoelzle.com\/wp-content\/uploads\/2021\/02\/quality-production-machine-1024x666.jpg 1024w, https:\/\/www.stoelzle.com\/wp-content\/uploads\/2021\/02\/quality-production-machine-480x312.jpg 480w, https:\/\/www.stoelzle.com\/wp-content\/uploads\/2021\/02\/quality-production-machine-1536x998.jpg 1536w, https:\/\/www.stoelzle.com\/wp-content\/uploads\/2021\/02\/quality-production-machine-992x645.jpg 992w, https:\/\/www.stoelzle.com\/wp-content\/uploads\/2021\/02\/quality-production-machine-600x390.jpg 600w, https:\/\/www.stoelzle.com\/wp-content\/uploads\/2021\/02\/quality-production-machine.jpg 2000w\" sizes=\"auto, (max-width: 1024px) 100vw, 1024px\" \/><\/div>\n                    <div class=\"col-sm-6 bg-gray image-left\"><div class=\"column-content h-100 d-flex flex-column justify-content-center\"><\/p>\n<h2 class=\"h2\">Qualit\u00e4tskontrolle bei der Glas-Herstellung<\/h2>\n<p><a href=\"https:\/\/www.stoelzle.com\/de\/unternehmen\/qualitaet\/\">Qualit\u00e4t<\/a> wird bei Stoelzle gro\u00dfgeschrieben. Deshalb durchlaufen unsere hergestellten Glasprodukte beim Verlassen des Lehrs einen umfangreichen <strong>Kontrollprozess<\/strong>. Bei diesem Vorgang begutachten unsere zahlreichen Inspektionsmaschinen alle Beh\u00e4lter auf Fehler und sortieren diese gegebenenfalls aus.<\/p>\n<p><\/div><\/div>\n                <\/div>\n            <\/div><div class=\"vc-two-columns  \">\n                <div class=\"row\">\n                    <div class=\"col-sm-6 bg-gray image-right\"><div class=\"column-content h-100 d-flex flex-column justify-content-center\"><\/p>\n<h2 class=\"h2\">Vom Rohstoff hin zur Prim\u00e4rverpackung<\/h2>\n<p>Wir sind stolz, unseren Kunden eine umfangreiche Produktpalette anbieten zu k\u00f6nnen. Unser Sortiment erstreckt sich von <a href=\"https:\/\/www.stoelzle.com\/pharma\/de\/produkt-uebersicht\/\">pharmazeu<\/a><a href=\"https:\/\/www.stoelzle.com\/pharma\/de\/produkt-uebersicht\/\">tischen Prim\u00e4rverpackungen<\/a> \u00fcber <a href=\"https:\/\/www.stoelzle.com\/beauty\/de\/produkt-uebersicht\/\">Kosmetikbeh\u00e4lter<\/a> und <a href=\"https:\/\/www.stoelzle.com\/de\/geschaeftsfelder\/tableware\/\">Tableware<\/a> bis hin zu Glasverpackungen f\u00fcr <a href=\"https:\/\/www.stoelzle.com\/consumer\/de\/produkt-uebersicht\/\">Lebensmittel, Getr\u00e4nke<\/a> und <a href=\"https:\/\/www.stoelzlespirits.com\/\">Prestige Sp<\/a><a href=\"https:\/\/www.stoelzlespirits.com\/\">irituosen<\/a>.<\/p>\n<p><\/div><\/div>\n                    <div class=\"col-sm-6 bg-gray image-right\"><img loading=\"lazy\" decoding=\"async\" width=\"1024\" height=\"666\" src=\"https:\/\/www.stoelzle.com\/wp-content\/uploads\/2021\/01\/services-caps-closures-1024x666.jpg\" class=\"w-100 h-100 cover\" alt=\"Gruppe von Glasprodukten mit unterschiedlichen Verschl\u00fcssen\" srcset=\"https:\/\/www.stoelzle.com\/wp-content\/uploads\/2021\/01\/services-caps-closures-1024x666.jpg 1024w, https:\/\/www.stoelzle.com\/wp-content\/uploads\/2021\/01\/services-caps-closures-480x312.jpg 480w, https:\/\/www.stoelzle.com\/wp-content\/uploads\/2021\/01\/services-caps-closures-1536x998.jpg 1536w, https:\/\/www.stoelzle.com\/wp-content\/uploads\/2021\/01\/services-caps-closures-992x645.jpg 992w, https:\/\/www.stoelzle.com\/wp-content\/uploads\/2021\/01\/services-caps-closures-600x390.jpg 600w, https:\/\/www.stoelzle.com\/wp-content\/uploads\/2021\/01\/services-caps-closures.jpg 2000w\" sizes=\"auto, (max-width: 1024px) 100vw, 1024px\" \/><\/div>\n                <\/div>\n            <\/div><div class=\"vc-two-columns  \">\n                <div class=\"row\">\n                    <div class=\"col-sm-6 bg-gray image-left\"><img loading=\"lazy\" decoding=\"async\" width=\"1024\" height=\"666\" src=\"https:\/\/www.stoelzle.com\/wp-content\/uploads\/2021\/08\/glass-production-packaging-1024x666.jpg\" class=\"w-100 h-100 cover\" alt=\"\" srcset=\"https:\/\/www.stoelzle.com\/wp-content\/uploads\/2021\/08\/glass-production-packaging-1024x666.jpg 1024w, https:\/\/www.stoelzle.com\/wp-content\/uploads\/2021\/08\/glass-production-packaging-480x312.jpg 480w, https:\/\/www.stoelzle.com\/wp-content\/uploads\/2021\/08\/glass-production-packaging-1536x999.jpg 1536w, https:\/\/www.stoelzle.com\/wp-content\/uploads\/2021\/08\/glass-production-packaging-992x645.jpg 992w, https:\/\/www.stoelzle.com\/wp-content\/uploads\/2021\/08\/glass-production-packaging-180x117.jpg 180w, https:\/\/www.stoelzle.com\/wp-content\/uploads\/2021\/08\/glass-production-packaging.jpg 1538w\" sizes=\"auto, (max-width: 1024px) 100vw, 1024px\" \/><\/div>\n                    <div class=\"col-sm-6 bg-gray image-left\"><div class=\"column-content h-100 d-flex flex-column justify-content-center\"><\/p>\n<h2 class=\"h2\">Sicher verpackt f\u00fcr den Transport<\/h2>\n<p>Glas ist von Natur aus ein zerbrechliches Material. Umso wichtiger ist es, unsere Produkte so zu verpacken, dass sie absolut <strong>transportsicher<\/strong> sind und unsere Kunden einwandfrei erreichen. Dabei gehen wir flexibel auf die <strong>Bed\u00fcrfnisse<\/strong> und W\u00fcnsche von Kunden ein. Von gro\u00dfen und kleinen Trays \u00fcber Schrumpfverpackungen, Mietplatten, Karton- oder Kunststofflagen bis hin zu Euro- oder Industrieplatten. Wir finden die <strong>perfekte L\u00f6sung<\/strong>.<\/p>\n<p><\/div><\/div>\n                <\/div>\n            <\/div>[\/vc_column][\/vc_row]<\/p>\n<\/div>","protected":false},"excerpt":{"rendered":"<p>[vc_row][vc_column][\/vc_column][\/vc_row][vc_row][vc_column width=&#8221;1\/2&#8243;][vc_column_text] Die Kunst der Glasherstellung Haben Sie sich jemals gefragt, was hinter der Herstellung von Glas steckt? Folgen wir dem Glas durch die unterschiedlichen Phasen des Entstehungsprozesses, welche Kameras normalerweise nicht einfangen k\u00f6nnen. [\/vc_column_text][\/vc_column][vc_column width=&#8221;1\/2&#8243;][vc_video link=&#8221;https:\/\/youtu.be\/q_QeMqZAh2s&#8221; el_width=&#8221;80&#8243; align=&#8221;center&#8221;][\/vc_column][vc_column][\/vc_column][\/vc_row][vc_row full_width=&#8221;stretch_row_content_no_spaces&#8221;][vc_column][\/vc_column][\/vc_row]<\/p>\n","protected":false},"author":19,"featured_media":0,"parent":1698,"menu_order":0,"comment_status":"closed","ping_status":"closed","template":"","meta":{"_acf_changed":false,"footnotes":""},"class_list":["post-3670","page","type-page","status-publish","hentry"],"acf":[],"yoast_head":"<!-- This site is optimized with the Yoast SEO plugin v26.6 - https:\/\/yoast.com\/wordpress\/plugins\/seo\/ -->\n<title>Glas Herstellungsprozess \u00bb Wie wird Glas hergestellt? | Stoelzle<\/title>\n<meta name=\"description\" content=\"Der Herstellungsprozess von Glas einfach erkl\u00e4rt \u279c Rohstoffe \u2713 Verarbeitung \u2713 Formgebung \u2713 K\u00fchlung \u2713 Qualit\u00e4tskontrolle \u2713 Verpackung &amp; mehr!\" \/>\n<meta name=\"robots\" content=\"index, follow, max-snippet:-1, max-image-preview:large, max-video-preview:-1\" \/>\n<link rel=\"canonical\" href=\"https:\/\/www.stoelzle.com\/de\/unternehmen\/glasproduktion\/\" \/>\n<meta property=\"og:locale\" content=\"de_DE\" \/>\n<meta property=\"og:type\" content=\"article\" \/>\n<meta property=\"og:title\" content=\"Glas Herstellungsprozess \u00bb Wie wird Glas hergestellt? | Stoelzle\" \/>\n<meta property=\"og:description\" content=\"Der Herstellungsprozess von Glas einfach erkl\u00e4rt \u279c Rohstoffe \u2713 Verarbeitung \u2713 Formgebung \u2713 K\u00fchlung \u2713 Qualit\u00e4tskontrolle \u2713 Verpackung &amp; mehr!\" \/>\n<meta property=\"og:url\" content=\"https:\/\/www.stoelzle.com\/de\/unternehmen\/glasproduktion\/\" \/>\n<meta property=\"og:site_name\" content=\"Stoelzle Glass Group\" \/>\n<meta property=\"article:modified_time\" content=\"2024-02-19T15:12:31+00:00\" \/>\n<meta name=\"twitter:card\" content=\"summary_large_image\" \/>\n<meta name=\"twitter:label1\" content=\"Gesch\u00e4tzte Lesezeit\" \/>\n\t<meta name=\"twitter:data1\" content=\"4 Minuten\" \/>\n<script type=\"application\/ld+json\" class=\"yoast-schema-graph\">{\"@context\":\"https:\/\/schema.org\",\"@graph\":[{\"@type\":\"WebPage\",\"@id\":\"https:\/\/www.stoelzle.com\/de\/unternehmen\/glasproduktion\/\",\"url\":\"https:\/\/www.stoelzle.com\/de\/unternehmen\/glasproduktion\/\",\"name\":\"Glas Herstellungsprozess \u00bb Wie wird Glas hergestellt? | Stoelzle\",\"isPartOf\":{\"@id\":\"https:\/\/www.stoelzle.com\/#website\"},\"datePublished\":\"2021-08-19T05:57:28+00:00\",\"dateModified\":\"2024-02-19T15:12:31+00:00\",\"description\":\"Der Herstellungsprozess von Glas einfach erkl\u00e4rt \u279c Rohstoffe \u2713 Verarbeitung \u2713 Formgebung \u2713 K\u00fchlung \u2713 Qualit\u00e4tskontrolle \u2713 Verpackung & mehr!\",\"breadcrumb\":{\"@id\":\"https:\/\/www.stoelzle.com\/de\/unternehmen\/glasproduktion\/#breadcrumb\"},\"inLanguage\":\"de-DE\",\"potentialAction\":[{\"@type\":\"ReadAction\",\"target\":[\"https:\/\/www.stoelzle.com\/de\/unternehmen\/glasproduktion\/\"]}]},{\"@type\":\"BreadcrumbList\",\"@id\":\"https:\/\/www.stoelzle.com\/de\/unternehmen\/glasproduktion\/#breadcrumb\",\"itemListElement\":[{\"@type\":\"ListItem\",\"position\":1,\"name\":\"Home\",\"item\":\"https:\/\/www.stoelzle.com\/de\/\"},{\"@type\":\"ListItem\",\"position\":2,\"name\":\"Unternehmen\",\"item\":\"https:\/\/www.stoelzle.com\/de\/unternehmen\/\"},{\"@type\":\"ListItem\",\"position\":3,\"name\":\"Glasproduktion\"}]},{\"@type\":\"WebSite\",\"@id\":\"https:\/\/www.stoelzle.com\/#website\",\"url\":\"https:\/\/www.stoelzle.com\/\",\"name\":\"Stoelzle Glass Group\",\"description\":\"\",\"publisher\":{\"@id\":\"https:\/\/www.stoelzle.com\/#organization\"},\"potentialAction\":[{\"@type\":\"SearchAction\",\"target\":{\"@type\":\"EntryPoint\",\"urlTemplate\":\"https:\/\/www.stoelzle.com\/?s={search_term_string}\"},\"query-input\":{\"@type\":\"PropertyValueSpecification\",\"valueRequired\":true,\"valueName\":\"search_term_string\"}}],\"inLanguage\":\"de-DE\"},{\"@type\":\"Organization\",\"@id\":\"https:\/\/www.stoelzle.com\/#organization\",\"name\":\"Stoelzle Glass Group\",\"url\":\"https:\/\/www.stoelzle.com\/\",\"logo\":{\"@type\":\"ImageObject\",\"inLanguage\":\"de-DE\",\"@id\":\"https:\/\/www.stoelzle.com\/#\/schema\/logo\/image\/\",\"url\":\"https:\/\/www.stoelzle.com\/wp-content\/uploads\/2020\/06\/Logo.svg\",\"contentUrl\":\"https:\/\/www.stoelzle.com\/wp-content\/uploads\/2020\/06\/Logo.svg\",\"width\":180,\"height\":40,\"caption\":\"Stoelzle Glass Group\"},\"image\":{\"@id\":\"https:\/\/www.stoelzle.com\/#\/schema\/logo\/image\/\"}}]}<\/script>\n<!-- \/ Yoast SEO plugin. -->","yoast_head_json":{"title":"Glas Herstellungsprozess \u00bb Wie wird Glas hergestellt? | Stoelzle","description":"Der Herstellungsprozess von Glas einfach erkl\u00e4rt \u279c Rohstoffe \u2713 Verarbeitung \u2713 Formgebung \u2713 K\u00fchlung \u2713 Qualit\u00e4tskontrolle \u2713 Verpackung & mehr!","robots":{"index":"index","follow":"follow","max-snippet":"max-snippet:-1","max-image-preview":"max-image-preview:large","max-video-preview":"max-video-preview:-1"},"canonical":"https:\/\/www.stoelzle.com\/de\/unternehmen\/glasproduktion\/","og_locale":"de_DE","og_type":"article","og_title":"Glas Herstellungsprozess \u00bb Wie wird Glas hergestellt? | Stoelzle","og_description":"Der Herstellungsprozess von Glas einfach erkl\u00e4rt \u279c Rohstoffe \u2713 Verarbeitung \u2713 Formgebung \u2713 K\u00fchlung \u2713 Qualit\u00e4tskontrolle \u2713 Verpackung & mehr!","og_url":"https:\/\/www.stoelzle.com\/de\/unternehmen\/glasproduktion\/","og_site_name":"Stoelzle Glass Group","article_modified_time":"2024-02-19T15:12:31+00:00","twitter_card":"summary_large_image","twitter_misc":{"Gesch\u00e4tzte Lesezeit":"4 Minuten"},"schema":{"@context":"https:\/\/schema.org","@graph":[{"@type":"WebPage","@id":"https:\/\/www.stoelzle.com\/de\/unternehmen\/glasproduktion\/","url":"https:\/\/www.stoelzle.com\/de\/unternehmen\/glasproduktion\/","name":"Glas Herstellungsprozess \u00bb Wie wird Glas hergestellt? | Stoelzle","isPartOf":{"@id":"https:\/\/www.stoelzle.com\/#website"},"datePublished":"2021-08-19T05:57:28+00:00","dateModified":"2024-02-19T15:12:31+00:00","description":"Der Herstellungsprozess von Glas einfach erkl\u00e4rt \u279c Rohstoffe \u2713 Verarbeitung \u2713 Formgebung \u2713 K\u00fchlung \u2713 Qualit\u00e4tskontrolle \u2713 Verpackung & mehr!","breadcrumb":{"@id":"https:\/\/www.stoelzle.com\/de\/unternehmen\/glasproduktion\/#breadcrumb"},"inLanguage":"de-DE","potentialAction":[{"@type":"ReadAction","target":["https:\/\/www.stoelzle.com\/de\/unternehmen\/glasproduktion\/"]}]},{"@type":"BreadcrumbList","@id":"https:\/\/www.stoelzle.com\/de\/unternehmen\/glasproduktion\/#breadcrumb","itemListElement":[{"@type":"ListItem","position":1,"name":"Home","item":"https:\/\/www.stoelzle.com\/de\/"},{"@type":"ListItem","position":2,"name":"Unternehmen","item":"https:\/\/www.stoelzle.com\/de\/unternehmen\/"},{"@type":"ListItem","position":3,"name":"Glasproduktion"}]},{"@type":"WebSite","@id":"https:\/\/www.stoelzle.com\/#website","url":"https:\/\/www.stoelzle.com\/","name":"Stoelzle Glass Group","description":"","publisher":{"@id":"https:\/\/www.stoelzle.com\/#organization"},"potentialAction":[{"@type":"SearchAction","target":{"@type":"EntryPoint","urlTemplate":"https:\/\/www.stoelzle.com\/?s={search_term_string}"},"query-input":{"@type":"PropertyValueSpecification","valueRequired":true,"valueName":"search_term_string"}}],"inLanguage":"de-DE"},{"@type":"Organization","@id":"https:\/\/www.stoelzle.com\/#organization","name":"Stoelzle Glass Group","url":"https:\/\/www.stoelzle.com\/","logo":{"@type":"ImageObject","inLanguage":"de-DE","@id":"https:\/\/www.stoelzle.com\/#\/schema\/logo\/image\/","url":"https:\/\/www.stoelzle.com\/wp-content\/uploads\/2020\/06\/Logo.svg","contentUrl":"https:\/\/www.stoelzle.com\/wp-content\/uploads\/2020\/06\/Logo.svg","width":180,"height":40,"caption":"Stoelzle Glass Group"},"image":{"@id":"https:\/\/www.stoelzle.com\/#\/schema\/logo\/image\/"}}]}},"_links":{"self":[{"href":"https:\/\/www.stoelzle.com\/de\/wp-json\/wp\/v2\/pages\/3670","targetHints":{"allow":["GET"]}}],"collection":[{"href":"https:\/\/www.stoelzle.com\/de\/wp-json\/wp\/v2\/pages"}],"about":[{"href":"https:\/\/www.stoelzle.com\/de\/wp-json\/wp\/v2\/types\/page"}],"author":[{"embeddable":true,"href":"https:\/\/www.stoelzle.com\/de\/wp-json\/wp\/v2\/users\/19"}],"replies":[{"embeddable":true,"href":"https:\/\/www.stoelzle.com\/de\/wp-json\/wp\/v2\/comments?post=3670"}],"version-history":[{"count":0,"href":"https:\/\/www.stoelzle.com\/de\/wp-json\/wp\/v2\/pages\/3670\/revisions"}],"up":[{"embeddable":true,"href":"https:\/\/www.stoelzle.com\/de\/wp-json\/wp\/v2\/pages\/1698"}],"wp:attachment":[{"href":"https:\/\/www.stoelzle.com\/de\/wp-json\/wp\/v2\/media?parent=3670"}],"curies":[{"name":"wp","href":"https:\/\/api.w.org\/{rel}","templated":true}]}}