{"id":3639,"date":"2021-08-17T14:02:59","date_gmt":"2021-08-17T14:02:59","guid":{"rendered":"https:\/\/www.stoelzle.com\/?page_id=3639"},"modified":"2021-09-02T07:23:35","modified_gmt":"2021-09-02T07:23:35","slug":"mini-spirituosen","status":"publish","type":"page","link":"https:\/\/www.stoelzle.com\/de\/geschaeftsfelder\/mini-spirituosen\/","title":{"rendered":"Mini Spirituosen"},"content":{"rendered":"<div class=\"wpb-content-wrapper\"><p>[vc_row][vc_column]<div class=\"vc-title   text-center\">\n              <div class=\"topline\">Verf\u00fchrerische Glasverpackung<\/div>\n              <h1 class=\"title position-relative separator\">Miniaturflaschen Spirituosen<\/h1>\n              <div class=\"row\"><div class=\"col-md-10 offset-md-1\"><\/p>\n<p class=\"large-text\">Wir sind ein langj\u00e4hriger Glasexperte, der sich auf die Herstellung von Miniaturflaschen f\u00fcr Spirituosen und Alkohol aus Klarglas, Braunglas und Gr\u00fcnglas spezialisiert hat. Die kleinste derzeit derzeit produzierte Portionsflasche von 20 ml hat ein Leichtgewicht von nur 25 Gramm. Bekannt sind Miniaturflaschen unter anderem unter den Namen Klopfer, H\u00fcpfer oder Quickie. Glas zeigt Getr\u00e4nke von ihrer besten Seite, verf\u00fchrt das Auge, bevor der Inhalt die Geschmacksnerven erfreut. Hohe Glasqualit\u00e4t und modernste Qualit\u00e4tskontrolltechnik unserer Glasverpackung sorgen daf\u00fcr, dass Aromen oder Zutaten sicher erhalten bleiben.<\/p>\n<p><\/div><\/div>\n            <\/div>[\/vc_column][\/vc_row][vc_row full_width=&#8221;stretch_row_content_no_spaces&#8221;][vc_column]<div class=\"vc-two-columns  \">\n                <div class=\"row\">\n                    <div class=\"col-sm-6 bg-blue image-left\"><img loading=\"lazy\" decoding=\"async\" width=\"1024\" height=\"666\" src=\"https:\/\/www.stoelzle.com\/wp-content\/uploads\/2021\/08\/business-unit-mini-spirits-group-1024x666.jpg\" class=\"w-100 h-100 cover\" alt=\"Auswahl von Miniatur Spirituosenflaschen in verschiedenen Farben\" srcset=\"https:\/\/www.stoelzle.com\/wp-content\/uploads\/2021\/08\/business-unit-mini-spirits-group-1024x666.jpg 1024w, https:\/\/www.stoelzle.com\/wp-content\/uploads\/2021\/08\/business-unit-mini-spirits-group-480x312.jpg 480w, https:\/\/www.stoelzle.com\/wp-content\/uploads\/2021\/08\/business-unit-mini-spirits-group-1536x998.jpg 1536w, https:\/\/www.stoelzle.com\/wp-content\/uploads\/2021\/08\/business-unit-mini-spirits-group-992x645.jpg 992w, https:\/\/www.stoelzle.com\/wp-content\/uploads\/2021\/08\/business-unit-mini-spirits-group-180x117.jpg 180w, https:\/\/www.stoelzle.com\/wp-content\/uploads\/2021\/08\/business-unit-mini-spirits-group.jpg 2000w\" sizes=\"auto, (max-width: 1024px) 100vw, 1024px\" \/><\/div>\n                    <div class=\"col-sm-6 bg-blue image-left\"><div class=\"column-content h-100 d-flex flex-column justify-content-center\"><\/p>\n<h2 style=\"color: #ffff\">Globaler Experte f\u00fcr Miniaturflaschen<\/h2>\n<ul>\n<li>Langj\u00e4hrig erfahrener Glasexperte f\u00fcr Premium-Miniaturflaschen<\/li>\n<li>Spezialisiert auf die Herstellung von Leichtgewicht-Portionsflaschen<\/li>\n<li>Zuverl\u00e4ssige Glasqualit\u00e4t f\u00fcr Hochgeschwindigkeits-Abf\u00fclllinien<\/li>\n<li>Produktion in Wei\u00dfglas, Braunglas und Gr\u00fcnglas<\/li>\n<li>Hohe Umweltqualit\u00e4tsstandards<\/li>\n<li>Gro\u00dfe Auswahl an individuellen Veredelungsm\u00f6glichkeiten und passenden Verschl\u00fcssen<\/li>\n<\/ul>\n<p><a class=\"editor-button cta-white\" href=\"\/consumer\/de\/produkte\/flasche\/miniatur\/\">Zu den Produkten<\/a><\/p>\n<p><\/div><\/div>\n                <\/div>\n            <\/div>[\/vc_column][\/vc_row][vc_row][vc_column]<div class=\"vc-title spacing-top-m  text-center\">\n              \n              <h2 class=\"title position-relative\">Beispiele von Miniaturflaschen<\/h2>\n              \n            <\/div><div id=\"id-gallery\" class=\"vc-gallery  spacing-bottom-m\"><div class=\"row vc-gallery-slider\"><a  href=\"https:\/\/www.stoelzle.com\/wp-content\/uploads\/2021\/08\/mini-spirits-bottle-5.jpg\"  class=\"vc-gallery-item mb-4 style-1 col-sm-6 col-md-4 col-lg-3\">\n                  <div class=\"vc-gallery-image off show-border\"><img decoding=\"async\" class=\"img-fluid\" src=\"https:\/\/www.stoelzle.com\/wp-content\/uploads\/2021\/08\/mini-spirits-bottle-5-800x800.jpg\" alt=\"Rechteckige Braunglas Miniatur Flasche f\u00fcr Spirituosen\"><\/div>\n                  <div class=\"vc-gallery-content\"><\/div>\n                <\/a><a  href=\"https:\/\/www.stoelzle.com\/wp-content\/uploads\/2021\/08\/mini-spirits-bottle-2.jpg\"  class=\"vc-gallery-item mb-4 style-1 col-sm-6 col-md-4 col-lg-3\">\n                  <div class=\"vc-gallery-image off show-border\"><img decoding=\"async\" class=\"img-fluid\" src=\"https:\/\/www.stoelzle.com\/wp-content\/uploads\/2021\/08\/mini-spirits-bottle-2-800x800.jpg\" alt=\"Runde Wei\u00dfglas Miniatur Flasche f\u00fcr Spirituosen\"><\/div>\n                  <div class=\"vc-gallery-content\"><\/div>\n                <\/a><a  href=\"https:\/\/www.stoelzle.com\/wp-content\/uploads\/2021\/08\/mini-spirits-bottle-6.jpg\"  class=\"vc-gallery-item mb-4 style-1 col-sm-6 col-md-4 col-lg-3\">\n                  <div class=\"vc-gallery-image off show-border\"><img decoding=\"async\" class=\"img-fluid\" src=\"https:\/\/www.stoelzle.com\/wp-content\/uploads\/2021\/08\/mini-spirits-bottle-6-800x800.jpg\" alt=\"Rechteckige Gr\u00fcnglas Miniatur Flasche f\u00fcr Spirituosen\"><\/div>\n                  <div class=\"vc-gallery-content\"><\/div>\n                <\/a><a  href=\"https:\/\/www.stoelzle.com\/wp-content\/uploads\/2021\/08\/mini-spirits-bottle-1.jpg\"  class=\"vc-gallery-item mb-4 style-1 col-sm-6 col-md-4 col-lg-3\">\n                  <div class=\"vc-gallery-image off show-border\"><img decoding=\"async\" class=\"img-fluid\" src=\"https:\/\/www.stoelzle.com\/wp-content\/uploads\/2021\/08\/mini-spirits-bottle-1-800x800.jpg\" alt=\"Rechteckige Wei\u00dfglas Miniatur Flasche f\u00fcr Spirituosen\"><\/div>\n                  <div class=\"vc-gallery-content\"><\/div>\n                <\/a><a  href=\"https:\/\/www.stoelzle.com\/wp-content\/uploads\/2021\/08\/mini-spirits-bottle-4.jpg\"  class=\"vc-gallery-item mb-4 style-1 col-sm-6 col-md-4 col-lg-3\">\n                  <div class=\"vc-gallery-image off show-border\"><img decoding=\"async\" class=\"img-fluid\" src=\"https:\/\/www.stoelzle.com\/wp-content\/uploads\/2021\/08\/mini-spirits-bottle-4-800x800.jpg\" alt=\"Runde Braunglas Miniatur Flasche f\u00fcr Spirituosen\"><\/div>\n                  <div class=\"vc-gallery-content\"><\/div>\n                <\/a><a  href=\"https:\/\/www.stoelzle.com\/wp-content\/uploads\/2021\/08\/mini-spirits-bottle-3.jpg\"  class=\"vc-gallery-item mb-4 style-1 col-sm-6 col-md-4 col-lg-3\">\n                  <div class=\"vc-gallery-image off show-border\"><img decoding=\"async\" class=\"img-fluid\" src=\"https:\/\/www.stoelzle.com\/wp-content\/uploads\/2021\/08\/mini-spirits-bottle-3-800x800.jpg\" alt=\"Runde Wei\u00dfglas Miniatur Flasche f\u00fcr Spirituosen\"><\/div>\n                  <div class=\"vc-gallery-content\"><\/div>\n                <\/a><\/div><div class=\"mt-4\"><div class=\"row\"><div class=\"col content-slider-arrows text-center\"><\/div><\/div><\/div><\/div>\n      <script async>\n        jQuery(document).ready(function($) {\n          jQuery(\"#id-gallery .vc-gallery-slider\").slick({\n            slidesToShow: 4,\n            prevArrow: \"<span class=\\\"d-inline-block slick-arrow slick-arrow-prev\\\"><\/span>\",\n            nextArrow: \"<span class=\\\"d-inline-block slick-arrow slick-arrow-next\\\"><\/span>\",\n            appendArrows: $(\"#id-gallery .content-slider-arrows\"),\n            adaptiveHeight: true,\n            responsive: [\n              {\n                breakpoint: 1024,\n                settings: {\n                  slidesToShow: 2\n                }\n              },\n              {\n                breakpoint: 768,\n                settings: {\n                  slidesToShow: 1\n                }\n              },\n            ]\n          });\n        });\n      <\/script>\n        <script async>\n        jQuery(document).ready(function($) {\n          jQuery(\"#id-gallery a\").simpleLightbox({uniqueImages: false});\n        });\n        <\/script>\n      [\/vc_column][\/vc_row]<\/p>\n<\/div>","protected":false},"excerpt":{"rendered":"<p>[vc_row][vc_column][\/vc_column][\/vc_row][vc_row full_width=&#8221;stretch_row_content_no_spaces&#8221;][vc_column][\/vc_column][\/vc_row][vc_row][vc_column][\/vc_column][\/vc_row]<\/p>\n","protected":false},"author":6,"featured_media":0,"parent":1700,"menu_order":0,"comment_status":"closed","ping_status":"closed","template":"","meta":{"_acf_changed":false,"footnotes":""},"class_list":["post-3639","page","type-page","status-publish","hentry"],"acf":[],"yoast_head":"<!-- This site is optimized with the Yoast SEO plugin v26.6 - https:\/\/yoast.com\/wordpress\/plugins\/seo\/ -->\n<title>Miniaturflaschen f\u00fcr Spirituosen \u00bb Portionsflaschen | Stoelzle<\/title>\n<meta name=\"description\" content=\"Entdecken Sie unsere Miniaturflaschen f\u00fcr Spirituosen \u279c Portionsflaschen in vielen Gr\u00f6\u00dfen \u2713 individuelle Veredelung \u2713 passende Verschl\u00fcsse \u2713\" \/>\n<meta name=\"robots\" content=\"index, follow, max-snippet:-1, max-image-preview:large, max-video-preview:-1\" \/>\n<link rel=\"canonical\" href=\"https:\/\/www.stoelzle.com\/de\/geschaeftsfelder\/mini-spirituosen\/\" \/>\n<meta property=\"og:locale\" content=\"de_DE\" \/>\n<meta property=\"og:type\" content=\"article\" \/>\n<meta property=\"og:title\" content=\"Miniaturflaschen f\u00fcr Spirituosen \u00bb Portionsflaschen | Stoelzle\" \/>\n<meta property=\"og:description\" content=\"Entdecken Sie unsere Miniaturflaschen f\u00fcr Spirituosen \u279c Portionsflaschen in vielen Gr\u00f6\u00dfen \u2713 individuelle Veredelung \u2713 passende Verschl\u00fcsse \u2713\" \/>\n<meta property=\"og:url\" content=\"https:\/\/www.stoelzle.com\/de\/geschaeftsfelder\/mini-spirituosen\/\" \/>\n<meta property=\"og:site_name\" content=\"Stoelzle Glass Group\" \/>\n<meta property=\"article:modified_time\" content=\"2021-09-02T07:23:35+00:00\" \/>\n<meta name=\"twitter:card\" content=\"summary_large_image\" \/>\n<meta name=\"twitter:label1\" content=\"Gesch\u00e4tzte Lesezeit\" \/>\n\t<meta name=\"twitter:data1\" content=\"1 Minute\" \/>\n<script type=\"application\/ld+json\" class=\"yoast-schema-graph\">{\"@context\":\"https:\/\/schema.org\",\"@graph\":[{\"@type\":\"WebPage\",\"@id\":\"https:\/\/www.stoelzle.com\/de\/geschaeftsfelder\/mini-spirituosen\/\",\"url\":\"https:\/\/www.stoelzle.com\/de\/geschaeftsfelder\/mini-spirituosen\/\",\"name\":\"Miniaturflaschen f\u00fcr Spirituosen \u00bb Portionsflaschen | Stoelzle\",\"isPartOf\":{\"@id\":\"https:\/\/www.stoelzle.com\/#website\"},\"datePublished\":\"2021-08-17T14:02:59+00:00\",\"dateModified\":\"2021-09-02T07:23:35+00:00\",\"description\":\"Entdecken Sie unsere Miniaturflaschen f\u00fcr Spirituosen \u279c Portionsflaschen in vielen Gr\u00f6\u00dfen \u2713 individuelle Veredelung \u2713 passende Verschl\u00fcsse \u2713\",\"breadcrumb\":{\"@id\":\"https:\/\/www.stoelzle.com\/de\/geschaeftsfelder\/mini-spirituosen\/#breadcrumb\"},\"inLanguage\":\"de-DE\",\"potentialAction\":[{\"@type\":\"ReadAction\",\"target\":[\"https:\/\/www.stoelzle.com\/de\/geschaeftsfelder\/mini-spirituosen\/\"]}]},{\"@type\":\"BreadcrumbList\",\"@id\":\"https:\/\/www.stoelzle.com\/de\/geschaeftsfelder\/mini-spirituosen\/#breadcrumb\",\"itemListElement\":[{\"@type\":\"ListItem\",\"position\":1,\"name\":\"Home\",\"item\":\"https:\/\/www.stoelzle.com\/de\/\"},{\"@type\":\"ListItem\",\"position\":2,\"name\":\"Gesch\u00e4ftsfelder\",\"item\":\"https:\/\/www.stoelzle.com\/de\/geschaeftsfelder\/\"},{\"@type\":\"ListItem\",\"position\":3,\"name\":\"Mini Spirituosen\"}]},{\"@type\":\"WebSite\",\"@id\":\"https:\/\/www.stoelzle.com\/#website\",\"url\":\"https:\/\/www.stoelzle.com\/\",\"name\":\"Stoelzle Glass Group\",\"description\":\"\",\"publisher\":{\"@id\":\"https:\/\/www.stoelzle.com\/#organization\"},\"potentialAction\":[{\"@type\":\"SearchAction\",\"target\":{\"@type\":\"EntryPoint\",\"urlTemplate\":\"https:\/\/www.stoelzle.com\/?s={search_term_string}\"},\"query-input\":{\"@type\":\"PropertyValueSpecification\",\"valueRequired\":true,\"valueName\":\"search_term_string\"}}],\"inLanguage\":\"de-DE\"},{\"@type\":\"Organization\",\"@id\":\"https:\/\/www.stoelzle.com\/#organization\",\"name\":\"Stoelzle Glass Group\",\"url\":\"https:\/\/www.stoelzle.com\/\",\"logo\":{\"@type\":\"ImageObject\",\"inLanguage\":\"de-DE\",\"@id\":\"https:\/\/www.stoelzle.com\/#\/schema\/logo\/image\/\",\"url\":\"https:\/\/www.stoelzle.com\/wp-content\/uploads\/2020\/06\/Logo.svg\",\"contentUrl\":\"https:\/\/www.stoelzle.com\/wp-content\/uploads\/2020\/06\/Logo.svg\",\"width\":180,\"height\":40,\"caption\":\"Stoelzle Glass Group\"},\"image\":{\"@id\":\"https:\/\/www.stoelzle.com\/#\/schema\/logo\/image\/\"}}]}<\/script>\n<!-- \/ Yoast SEO plugin. -->","yoast_head_json":{"title":"Miniaturflaschen f\u00fcr Spirituosen \u00bb Portionsflaschen | Stoelzle","description":"Entdecken Sie unsere Miniaturflaschen f\u00fcr Spirituosen \u279c Portionsflaschen in vielen Gr\u00f6\u00dfen \u2713 individuelle Veredelung \u2713 passende Verschl\u00fcsse \u2713","robots":{"index":"index","follow":"follow","max-snippet":"max-snippet:-1","max-image-preview":"max-image-preview:large","max-video-preview":"max-video-preview:-1"},"canonical":"https:\/\/www.stoelzle.com\/de\/geschaeftsfelder\/mini-spirituosen\/","og_locale":"de_DE","og_type":"article","og_title":"Miniaturflaschen f\u00fcr Spirituosen \u00bb Portionsflaschen | Stoelzle","og_description":"Entdecken Sie unsere Miniaturflaschen f\u00fcr Spirituosen \u279c Portionsflaschen in vielen Gr\u00f6\u00dfen \u2713 individuelle Veredelung \u2713 passende Verschl\u00fcsse \u2713","og_url":"https:\/\/www.stoelzle.com\/de\/geschaeftsfelder\/mini-spirituosen\/","og_site_name":"Stoelzle Glass Group","article_modified_time":"2021-09-02T07:23:35+00:00","twitter_card":"summary_large_image","twitter_misc":{"Gesch\u00e4tzte Lesezeit":"1 Minute"},"schema":{"@context":"https:\/\/schema.org","@graph":[{"@type":"WebPage","@id":"https:\/\/www.stoelzle.com\/de\/geschaeftsfelder\/mini-spirituosen\/","url":"https:\/\/www.stoelzle.com\/de\/geschaeftsfelder\/mini-spirituosen\/","name":"Miniaturflaschen f\u00fcr Spirituosen \u00bb Portionsflaschen | Stoelzle","isPartOf":{"@id":"https:\/\/www.stoelzle.com\/#website"},"datePublished":"2021-08-17T14:02:59+00:00","dateModified":"2021-09-02T07:23:35+00:00","description":"Entdecken Sie unsere Miniaturflaschen f\u00fcr Spirituosen \u279c Portionsflaschen in vielen Gr\u00f6\u00dfen \u2713 individuelle Veredelung \u2713 passende Verschl\u00fcsse \u2713","breadcrumb":{"@id":"https:\/\/www.stoelzle.com\/de\/geschaeftsfelder\/mini-spirituosen\/#breadcrumb"},"inLanguage":"de-DE","potentialAction":[{"@type":"ReadAction","target":["https:\/\/www.stoelzle.com\/de\/geschaeftsfelder\/mini-spirituosen\/"]}]},{"@type":"BreadcrumbList","@id":"https:\/\/www.stoelzle.com\/de\/geschaeftsfelder\/mini-spirituosen\/#breadcrumb","itemListElement":[{"@type":"ListItem","position":1,"name":"Home","item":"https:\/\/www.stoelzle.com\/de\/"},{"@type":"ListItem","position":2,"name":"Gesch\u00e4ftsfelder","item":"https:\/\/www.stoelzle.com\/de\/geschaeftsfelder\/"},{"@type":"ListItem","position":3,"name":"Mini Spirituosen"}]},{"@type":"WebSite","@id":"https:\/\/www.stoelzle.com\/#website","url":"https:\/\/www.stoelzle.com\/","name":"Stoelzle Glass Group","description":"","publisher":{"@id":"https:\/\/www.stoelzle.com\/#organization"},"potentialAction":[{"@type":"SearchAction","target":{"@type":"EntryPoint","urlTemplate":"https:\/\/www.stoelzle.com\/?s={search_term_string}"},"query-input":{"@type":"PropertyValueSpecification","valueRequired":true,"valueName":"search_term_string"}}],"inLanguage":"de-DE"},{"@type":"Organization","@id":"https:\/\/www.stoelzle.com\/#organization","name":"Stoelzle Glass Group","url":"https:\/\/www.stoelzle.com\/","logo":{"@type":"ImageObject","inLanguage":"de-DE","@id":"https:\/\/www.stoelzle.com\/#\/schema\/logo\/image\/","url":"https:\/\/www.stoelzle.com\/wp-content\/uploads\/2020\/06\/Logo.svg","contentUrl":"https:\/\/www.stoelzle.com\/wp-content\/uploads\/2020\/06\/Logo.svg","width":180,"height":40,"caption":"Stoelzle Glass Group"},"image":{"@id":"https:\/\/www.stoelzle.com\/#\/schema\/logo\/image\/"}}]}},"_links":{"self":[{"href":"https:\/\/www.stoelzle.com\/de\/wp-json\/wp\/v2\/pages\/3639","targetHints":{"allow":["GET"]}}],"collection":[{"href":"https:\/\/www.stoelzle.com\/de\/wp-json\/wp\/v2\/pages"}],"about":[{"href":"https:\/\/www.stoelzle.com\/de\/wp-json\/wp\/v2\/types\/page"}],"author":[{"embeddable":true,"href":"https:\/\/www.stoelzle.com\/de\/wp-json\/wp\/v2\/users\/6"}],"replies":[{"embeddable":true,"href":"https:\/\/www.stoelzle.com\/de\/wp-json\/wp\/v2\/comments?post=3639"}],"version-history":[{"count":0,"href":"https:\/\/www.stoelzle.com\/de\/wp-json\/wp\/v2\/pages\/3639\/revisions"}],"up":[{"embeddable":true,"href":"https:\/\/www.stoelzle.com\/de\/wp-json\/wp\/v2\/pages\/1700"}],"wp:attachment":[{"href":"https:\/\/www.stoelzle.com\/de\/wp-json\/wp\/v2\/media?parent=3639"}],"curies":[{"name":"wp","href":"https:\/\/api.w.org\/{rel}","templated":true}]}}