{"id":2826,"date":"2021-04-08T11:55:57","date_gmt":"2021-04-08T11:55:57","guid":{"rendered":"https:\/\/stoelzle.com\/stories\/"},"modified":"2022-01-24T13:52:15","modified_gmt":"2022-01-24T13:52:15","slug":"erfolgsgeschichten-karriere-mit-glas-stoelzle","status":"publish","type":"page","link":"https:\/\/www.stoelzle.com\/de\/erfolgsgeschichten-karriere-mit-glas-stoelzle\/","title":{"rendered":"Erfolgsgeschichten"},"content":{"rendered":"<div class=\"wpb-content-wrapper\"><p>[vc_row][vc_column]<div class=\"vc-title   text-center\">\n              <div class=\"topline\">Gemeinsam sind wir Stoelzle<\/div>\n              <h1 class=\"title position-relative separator\">Erfolgsgeschichten<\/h1>\n              <div class=\"row\"><div class=\"col-md-10 offset-md-1\"><\/p>\n<p class=\"large-text\">Die Leidenschaft f\u00fcr Glas eint alle Stoelzle Mitarbeitenden. Erfahren Sie mehr dar\u00fcber, warum das Stoelzle-Team f\u00fcr den fabelhaften Werkstoff Glas brennt und von seinem Arbeitgeber begeistert ist.<\/p>\n<p><\/div><\/div>\n            <\/div>[\/vc_column][\/vc_row][vc_row full_width=&#8221;stretch_row_content_no_spaces&#8221;][vc_column]<div class=\"row no-gutters cpt-content-cards  \">\n        <div class=\"col-sm-6 col-md-4 col-lg-3\">\n            <a class=\"card d-block theme-dark button-outline saturation-70\" href=\"https:\/\/www.stoelzle.com\/de\/stories\/thomas-m\/\">\n            \n        <div class=\"card-image position-absolute w-100 h-100\">\n          <img decoding=\"async\" class=\"w-100 h-100\"  src=\"https:\/\/www.stoelzle.com\/wp-content\/uploads\/2021\/04\/stories-thomas-mayrold-800x800.jpg\" alt=\"Thomas M.\" \/>\n        <\/div>\n            <div class=\"position-absolute w-75 h-100 card-image-overlay overlay-30\"><\/div>\n            <div class=\"card-overlay d-flex flex-column\">\n            <div class=\"sub-headline\">Energiemanagement<\/div>\n            <div class=\"h3 headline\">Thomas M.<\/div>\n                <div class=\"mt-auto\">\n                <span class=\"cta big-button arrow\"><\/span>\n                <\/div>\n            <\/div>\n            <\/a>\n        <\/div>\n        <div class=\"col-sm-6 col-md-4 col-lg-3\">\n            <a class=\"card d-block theme-dark button-outline saturation-70\" href=\"https:\/\/www.stoelzle.com\/de\/stories\/janine-r\/\">\n            \n        <div class=\"card-image position-absolute w-100 h-100\">\n          <img decoding=\"async\" class=\"w-100 h-100\"  src=\"https:\/\/www.stoelzle.com\/wp-content\/uploads\/2021\/04\/stories-janine-raudner-800x800.jpg\" alt=\"Janine R.\" \/>\n        <\/div>\n            <div class=\"position-absolute w-75 h-100 card-image-overlay overlay-30\"><\/div>\n            <div class=\"card-overlay d-flex flex-column\">\n            <div class=\"sub-headline\">Logistik<\/div>\n            <div class=\"h3 headline\">Janine R.<\/div>\n                <div class=\"mt-auto\">\n                <span class=\"cta big-button arrow\"><\/span>\n                <\/div>\n            <\/div>\n            <\/a>\n        <\/div>\n        <div class=\"col-sm-6 col-md-4 col-lg-3\">\n            <a class=\"card d-block theme-dark button-outline saturation-70\" href=\"https:\/\/www.stoelzle.com\/de\/stories\/birgit-s\/\">\n            \n        <div class=\"card-image position-absolute w-100 h-100\">\n          <img decoding=\"async\" class=\"w-100 h-100\"  src=\"https:\/\/www.stoelzle.com\/wp-content\/uploads\/2021\/04\/stories-birgit-schalk-800x800.jpg\" alt=\"Birgit S.\" \/>\n        <\/div>\n            <div class=\"position-absolute w-75 h-100 card-image-overlay overlay-30\"><\/div>\n            <div class=\"card-overlay d-flex flex-column\">\n            <div class=\"sub-headline\">Umwelt<\/div>\n            <div class=\"h3 headline\">Birgit S.<\/div>\n                <div class=\"mt-auto\">\n                <span class=\"cta big-button arrow\"><\/span>\n                <\/div>\n            <\/div>\n            <\/a>\n        <\/div>\n        <div class=\"col-sm-6 col-md-4 col-lg-3\">\n            <a class=\"card d-block theme-dark button-outline saturation-70\" href=\"https:\/\/www.stoelzle.com\/de\/stories\/jan-r\/\">\n            \n        <div class=\"card-image position-absolute w-100 h-100\">\n          <img decoding=\"async\" class=\"w-100 h-100\"  src=\"https:\/\/www.stoelzle.com\/wp-content\/uploads\/2021\/04\/stories-jan-redzus-800x800.jpg\" alt=\"Jan R.\" \/>\n        <\/div>\n            <div class=\"position-absolute w-75 h-100 card-image-overlay overlay-30\"><\/div>\n            <div class=\"card-overlay d-flex flex-column\">\n            <div class=\"sub-headline\">Design &amp; Konstruktion<\/div>\n            <div class=\"h3 headline\">Jan R.<\/div>\n                <div class=\"mt-auto\">\n                <span class=\"cta big-button arrow\"><\/span>\n                <\/div>\n            <\/div>\n            <\/a>\n        <\/div>\n        <div class=\"col-sm-6 col-md-4 col-lg-3\">\n            <a class=\"card d-block theme-dark button-outline saturation-70\" href=\"https:\/\/www.stoelzle.com\/de\/stories\/niklas-z\/\">\n            \n        <div class=\"card-image position-absolute w-100 h-100\">\n          <img decoding=\"async\" class=\"w-100 h-100\"  src=\"https:\/\/www.stoelzle.com\/wp-content\/uploads\/2021\/04\/stories-niklas-zwettler-800x800.jpg\" alt=\"Niklas Z.\" \/>\n        <\/div>\n            <div class=\"position-absolute w-75 h-100 card-image-overlay overlay-30\"><\/div>\n            <div class=\"card-overlay d-flex flex-column\">\n            <div class=\"sub-headline\">F&E<\/div>\n            <div class=\"h3 headline\">Niklas Z.<\/div>\n                <div class=\"mt-auto\">\n                <span class=\"cta big-button arrow\"><\/span>\n                <\/div>\n            <\/div>\n            <\/a>\n        <\/div>\n        <div class=\"col-sm-6 col-md-4 col-lg-3\">\n            <a class=\"card d-block theme-dark button-outline saturation-70\" href=\"https:\/\/www.stoelzle.com\/de\/stories\/stefan-s\/\">\n            \n        <div class=\"card-image position-absolute w-100 h-100\">\n          <img decoding=\"async\" class=\"w-100 h-100\"  src=\"https:\/\/www.stoelzle.com\/wp-content\/uploads\/2021\/04\/stories-stefan-schwarz-800x800.jpg\" alt=\"Stefan S.\" \/>\n        <\/div>\n            <div class=\"position-absolute w-75 h-100 card-image-overlay overlay-30\"><\/div>\n            <div class=\"card-overlay d-flex flex-column\">\n            <div class=\"sub-headline\">Produktion<\/div>\n            <div class=\"h3 headline\">Stefan S.<\/div>\n                <div class=\"mt-auto\">\n                <span class=\"cta big-button arrow\"><\/span>\n                <\/div>\n            <\/div>\n            <\/a>\n        <\/div><\/div>[\/vc_column][\/vc_row][vc_row full_width=&#8221;stretch_row&#8221; el_class=&#8221;light-gray&#8221;][vc_column]<div class=\"vc-title spacing-top-m  text-center\">\n              <div class=\"topline\">Videointerviews<\/div>\n              <h2 class=\"title position-relative\">Das Stoelzle-Team<\/h2>\n              <div class=\"row\"><div class=\"col-md-10 offset-md-1\"><\/p>\n<p class=\"large-text\">Sehen Sie sich einige gro\u00dfartige Mitarbeiter-Videos an: Die junge Auszubildende Lisa, Schichtleiterin Sabine, Digitalisierungsmanager Daniel und Qualit\u00e4tsmanager Peter sind nur einige unserer Glasbegeisterten, die Einblicke in ihre Arbeit bei Stoelzle geben.<\/p>\n<p><\/div><\/div>\n            <\/div><div class=\"vc-spacer spacing-bottom-m\"><\/div>[vc_row_inner][vc_column_inner width=&#8221;1\/3&#8243;][vc_video link=&#8221;https:\/\/youtu.be\/mTBcFhENw9w&#8221;][\/vc_column_inner][vc_column_inner width=&#8221;1\/3&#8243;][vc_video link=&#8221;https:\/\/youtu.be\/XIOF_UidHQA&#8221;][\/vc_column_inner][vc_column_inner width=&#8221;1\/3&#8243;][vc_video link=&#8221;https:\/\/youtu.be\/Og85-bDwr9c&#8221;][\/vc_column_inner][\/vc_row_inner][vc_row_inner][vc_column_inner width=&#8221;1\/3&#8243;][vc_video link=&#8221;https:\/\/youtu.be\/rY9tQ_NfQrM&#8221;][\/vc_column_inner][vc_column_inner width=&#8221;1\/3&#8243;][vc_video link=&#8221;https:\/\/youtu.be\/Qyuov41mr6A&#8221;][\/vc_column_inner][vc_column_inner width=&#8221;1\/3&#8243;][vc_video link=&#8221;https:\/\/youtu.be\/sKV549Oyvhs&#8221;][\/vc_column_inner][\/vc_row_inner][vc_row_inner][vc_column_inner width=&#8221;1\/3&#8243;][vc_video link=&#8221;https:\/\/youtu.be\/e1So4BP0TBE&#8221;][\/vc_column_inner][vc_column_inner width=&#8221;1\/3&#8243;][vc_video link=&#8221;https:\/\/youtu.be\/BJiSq0xmYmo&#8221;][\/vc_column_inner][vc_column_inner width=&#8221;1\/3&#8243;][\/vc_column_inner][\/vc_row_inner]<div class=\"vc-spacer spacing-bottom-m\"><\/div>[\/vc_column][\/vc_row][vc_row full_width=&#8221;stretch_row&#8221; disable_element=&#8221;yes&#8221; el_class=&#8221;light-gray&#8221;][vc_column]<div class=\"vc-title spacing-top-m  text-center\">\n              <div class=\"topline\">Toptitle Toptitle Toptitle<\/div>\n              <h2 class=\"title position-relative\">Titel Titel Titel<\/h2>\n              <div class=\"row\"><div class=\"col-md-10 offset-md-1\"><\/p>\n<p class=\"large-text\">Lorem ipsum dolor sit amet, consetetur sadipscing elitr, sed diam nonumy eirmod tempor invidunt ut labore et dolore magna aliquyam erat, sed diam voluptua. At vero eos et accusam et justo duo dolores et ea rebum.<\/p>\n<p><\/div><\/div>\n            <\/div>[vc_row_inner][vc_column_inner width=&#8221;1\/5&#8243;][vc_video link=&#8221;https:\/\/youtu.be\/mTBcFhENw9w&#8221;][\/vc_column_inner][vc_column_inner width=&#8221;1\/5&#8243;][vc_video link=&#8221;https:\/\/youtu.be\/XIOF_UidHQA&#8221;][\/vc_column_inner][vc_column_inner width=&#8221;1\/5&#8243;][vc_video link=&#8221;https:\/\/youtu.be\/Og85-bDwr9c&#8221;][\/vc_column_inner][vc_column_inner width=&#8221;1\/5&#8243;][vc_video link=&#8221;https:\/\/youtu.be\/rY9tQ_NfQrM&#8221;][\/vc_column_inner][vc_column_inner width=&#8221;1\/5&#8243;][vc_video link=&#8221;https:\/\/youtu.be\/Qyuov41mr6A&#8221;][\/vc_column_inner][\/vc_row_inner][vc_row_inner][vc_column_inner width=&#8221;1\/5&#8243;][vc_video link=&#8221;https:\/\/youtu.be\/oUA91681nmM&#8221;][\/vc_column_inner][vc_column_inner width=&#8221;1\/5&#8243;][vc_video link=&#8221;https:\/\/youtu.be\/e1So4BP0TBE&#8221;][\/vc_column_inner][vc_column_inner width=&#8221;1\/5&#8243;][vc_video link=&#8221;https:\/\/youtu.be\/BJiSq0xmYmo&#8221;][\/vc_column_inner][vc_column_inner width=&#8221;1\/5&#8243;][vc_video link=&#8221;https:\/\/youtu.be\/sKV549Oyvhs&#8221;][\/vc_column_inner][vc_column_inner width=&#8221;1\/5&#8243;][\/vc_column_inner][\/vc_row_inner]<div class=\"vc-spacer spacing-bottom-m\"><\/div>[\/vc_column][\/vc_row]<\/p>\n<\/div>","protected":false},"excerpt":{"rendered":"<p>[vc_row][vc_column][\/vc_column][\/vc_row][vc_row full_width=&#8221;stretch_row_content_no_spaces&#8221;][vc_column][\/vc_column][\/vc_row][vc_row full_width=&#8221;stretch_row&#8221; el_class=&#8221;light-gray&#8221;][vc_column][vc_row_inner][vc_column_inner width=&#8221;1\/3&#8243;][vc_video link=&#8221;https:\/\/youtu.be\/mTBcFhENw9w&#8221;][\/vc_column_inner][vc_column_inner width=&#8221;1\/3&#8243;][vc_video link=&#8221;https:\/\/youtu.be\/XIOF_UidHQA&#8221;][\/vc_column_inner][vc_column_inner width=&#8221;1\/3&#8243;][vc_video link=&#8221;https:\/\/youtu.be\/Og85-bDwr9c&#8221;][\/vc_column_inner][\/vc_row_inner][vc_row_inner][vc_column_inner width=&#8221;1\/3&#8243;][vc_video link=&#8221;https:\/\/youtu.be\/rY9tQ_NfQrM&#8221;][\/vc_column_inner][vc_column_inner width=&#8221;1\/3&#8243;][vc_video link=&#8221;https:\/\/youtu.be\/Qyuov41mr6A&#8221;][\/vc_column_inner][vc_column_inner width=&#8221;1\/3&#8243;][vc_video link=&#8221;https:\/\/youtu.be\/sKV549Oyvhs&#8221;][\/vc_column_inner][\/vc_row_inner][vc_row_inner][vc_column_inner width=&#8221;1\/3&#8243;][vc_video link=&#8221;https:\/\/youtu.be\/e1So4BP0TBE&#8221;][\/vc_column_inner][vc_column_inner width=&#8221;1\/3&#8243;][vc_video link=&#8221;https:\/\/youtu.be\/BJiSq0xmYmo&#8221;][\/vc_column_inner][vc_column_inner width=&#8221;1\/3&#8243;][\/vc_column_inner][\/vc_row_inner][\/vc_column][\/vc_row][vc_row full_width=&#8221;stretch_row&#8221; disable_element=&#8221;yes&#8221; el_class=&#8221;light-gray&#8221;][vc_column][vc_row_inner][vc_column_inner width=&#8221;1\/5&#8243;][vc_video link=&#8221;https:\/\/youtu.be\/mTBcFhENw9w&#8221;][\/vc_column_inner][vc_column_inner width=&#8221;1\/5&#8243;][vc_video link=&#8221;https:\/\/youtu.be\/XIOF_UidHQA&#8221;][\/vc_column_inner][vc_column_inner width=&#8221;1\/5&#8243;][vc_video link=&#8221;https:\/\/youtu.be\/Og85-bDwr9c&#8221;][\/vc_column_inner][vc_column_inner width=&#8221;1\/5&#8243;][vc_video link=&#8221;https:\/\/youtu.be\/rY9tQ_NfQrM&#8221;][\/vc_column_inner][vc_column_inner width=&#8221;1\/5&#8243;][vc_video link=&#8221;https:\/\/youtu.be\/Qyuov41mr6A&#8221;][\/vc_column_inner][\/vc_row_inner][vc_row_inner][vc_column_inner width=&#8221;1\/5&#8243;][vc_video link=&#8221;https:\/\/youtu.be\/oUA91681nmM&#8221;][\/vc_column_inner][vc_column_inner width=&#8221;1\/5&#8243;][vc_video link=&#8221;https:\/\/youtu.be\/e1So4BP0TBE&#8221;][\/vc_column_inner][vc_column_inner width=&#8221;1\/5&#8243;][vc_video link=&#8221;https:\/\/youtu.be\/BJiSq0xmYmo&#8221;][\/vc_column_inner][vc_column_inner width=&#8221;1\/5&#8243;][vc_video link=&#8221;https:\/\/youtu.be\/sKV549Oyvhs&#8221;][\/vc_column_inner][vc_column_inner width=&#8221;1\/5&#8243;][\/vc_column_inner][\/vc_row_inner][\/vc_column][\/vc_row]<\/p>\n","protected":false},"author":1,"featured_media":0,"parent":0,"menu_order":650,"comment_status":"closed","ping_status":"closed","template":"","meta":{"_acf_changed":false,"footnotes":""},"class_list":["post-2826","page","type-page","status-publish","hentry"],"acf":[],"yoast_head":"<!-- This site is optimized with the Yoast SEO plugin v26.6 - https:\/\/yoast.com\/wordpress\/plugins\/seo\/ -->\n<title>Erfolgsgeschichten von Mitarbeitern \u00bb Karriere mit Glas | Stoelzle<\/title>\n<meta name=\"description\" content=\"Stoelzle bietet beste Karrierechancen im internationalen Umfeld \u279c 7 Produktionsstandorte \u2713 3 Dekorationswerke \u2713 3000 Besch\u00e4ftigte\" \/>\n<meta name=\"robots\" content=\"index, follow, max-snippet:-1, max-image-preview:large, max-video-preview:-1\" \/>\n<link rel=\"canonical\" href=\"https:\/\/www.stoelzle.com\/de\/erfolgsgeschichten-karriere-mit-glas-stoelzle\/\" \/>\n<meta property=\"og:locale\" content=\"de_DE\" \/>\n<meta property=\"og:type\" content=\"article\" \/>\n<meta property=\"og:title\" content=\"Erfolgsgeschichten von Mitarbeitern \u00bb Karriere mit Glas | Stoelzle\" \/>\n<meta property=\"og:description\" content=\"Stoelzle bietet beste Karrierechancen im internationalen Umfeld \u279c 7 Produktionsstandorte \u2713 3 Dekorationswerke \u2713 3000 Besch\u00e4ftigte\" \/>\n<meta property=\"og:url\" content=\"https:\/\/www.stoelzle.com\/de\/erfolgsgeschichten-karriere-mit-glas-stoelzle\/\" \/>\n<meta property=\"og:site_name\" content=\"Stoelzle Glass Group\" \/>\n<meta property=\"article:modified_time\" content=\"2022-01-24T13:52:15+00:00\" \/>\n<meta name=\"twitter:card\" content=\"summary_large_image\" \/>\n<meta name=\"twitter:label1\" content=\"Gesch\u00e4tzte Lesezeit\" \/>\n\t<meta name=\"twitter:data1\" content=\"1 Minute\" \/>\n<script type=\"application\/ld+json\" class=\"yoast-schema-graph\">{\"@context\":\"https:\/\/schema.org\",\"@graph\":[{\"@type\":\"WebPage\",\"@id\":\"https:\/\/www.stoelzle.com\/de\/erfolgsgeschichten-karriere-mit-glas-stoelzle\/\",\"url\":\"https:\/\/www.stoelzle.com\/de\/erfolgsgeschichten-karriere-mit-glas-stoelzle\/\",\"name\":\"Erfolgsgeschichten von Mitarbeitern \u00bb Karriere mit Glas | Stoelzle\",\"isPartOf\":{\"@id\":\"https:\/\/www.stoelzle.com\/#website\"},\"datePublished\":\"2021-04-08T11:55:57+00:00\",\"dateModified\":\"2022-01-24T13:52:15+00:00\",\"description\":\"Stoelzle bietet beste Karrierechancen im internationalen Umfeld \u279c 7 Produktionsstandorte \u2713 3 Dekorationswerke \u2713 3000 Besch\u00e4ftigte\",\"breadcrumb\":{\"@id\":\"https:\/\/www.stoelzle.com\/de\/erfolgsgeschichten-karriere-mit-glas-stoelzle\/#breadcrumb\"},\"inLanguage\":\"de-DE\",\"potentialAction\":[{\"@type\":\"ReadAction\",\"target\":[\"https:\/\/www.stoelzle.com\/de\/erfolgsgeschichten-karriere-mit-glas-stoelzle\/\"]}]},{\"@type\":\"BreadcrumbList\",\"@id\":\"https:\/\/www.stoelzle.com\/de\/erfolgsgeschichten-karriere-mit-glas-stoelzle\/#breadcrumb\",\"itemListElement\":[{\"@type\":\"ListItem\",\"position\":1,\"name\":\"Home\",\"item\":\"https:\/\/www.stoelzle.com\/de\/\"},{\"@type\":\"ListItem\",\"position\":2,\"name\":\"Erfolgsgeschichten\"}]},{\"@type\":\"WebSite\",\"@id\":\"https:\/\/www.stoelzle.com\/#website\",\"url\":\"https:\/\/www.stoelzle.com\/\",\"name\":\"Stoelzle Glass Group\",\"description\":\"\",\"publisher\":{\"@id\":\"https:\/\/www.stoelzle.com\/#organization\"},\"potentialAction\":[{\"@type\":\"SearchAction\",\"target\":{\"@type\":\"EntryPoint\",\"urlTemplate\":\"https:\/\/www.stoelzle.com\/?s={search_term_string}\"},\"query-input\":{\"@type\":\"PropertyValueSpecification\",\"valueRequired\":true,\"valueName\":\"search_term_string\"}}],\"inLanguage\":\"de-DE\"},{\"@type\":\"Organization\",\"@id\":\"https:\/\/www.stoelzle.com\/#organization\",\"name\":\"Stoelzle Glass Group\",\"url\":\"https:\/\/www.stoelzle.com\/\",\"logo\":{\"@type\":\"ImageObject\",\"inLanguage\":\"de-DE\",\"@id\":\"https:\/\/www.stoelzle.com\/#\/schema\/logo\/image\/\",\"url\":\"https:\/\/www.stoelzle.com\/wp-content\/uploads\/2020\/06\/Logo.svg\",\"contentUrl\":\"https:\/\/www.stoelzle.com\/wp-content\/uploads\/2020\/06\/Logo.svg\",\"width\":180,\"height\":40,\"caption\":\"Stoelzle Glass Group\"},\"image\":{\"@id\":\"https:\/\/www.stoelzle.com\/#\/schema\/logo\/image\/\"}}]}<\/script>\n<!-- \/ Yoast SEO plugin. -->","yoast_head_json":{"title":"Erfolgsgeschichten von Mitarbeitern \u00bb Karriere mit Glas | Stoelzle","description":"Stoelzle bietet beste Karrierechancen im internationalen Umfeld \u279c 7 Produktionsstandorte \u2713 3 Dekorationswerke \u2713 3000 Besch\u00e4ftigte","robots":{"index":"index","follow":"follow","max-snippet":"max-snippet:-1","max-image-preview":"max-image-preview:large","max-video-preview":"max-video-preview:-1"},"canonical":"https:\/\/www.stoelzle.com\/de\/erfolgsgeschichten-karriere-mit-glas-stoelzle\/","og_locale":"de_DE","og_type":"article","og_title":"Erfolgsgeschichten von Mitarbeitern \u00bb Karriere mit Glas | Stoelzle","og_description":"Stoelzle bietet beste Karrierechancen im internationalen Umfeld \u279c 7 Produktionsstandorte \u2713 3 Dekorationswerke \u2713 3000 Besch\u00e4ftigte","og_url":"https:\/\/www.stoelzle.com\/de\/erfolgsgeschichten-karriere-mit-glas-stoelzle\/","og_site_name":"Stoelzle Glass Group","article_modified_time":"2022-01-24T13:52:15+00:00","twitter_card":"summary_large_image","twitter_misc":{"Gesch\u00e4tzte Lesezeit":"1 Minute"},"schema":{"@context":"https:\/\/schema.org","@graph":[{"@type":"WebPage","@id":"https:\/\/www.stoelzle.com\/de\/erfolgsgeschichten-karriere-mit-glas-stoelzle\/","url":"https:\/\/www.stoelzle.com\/de\/erfolgsgeschichten-karriere-mit-glas-stoelzle\/","name":"Erfolgsgeschichten von Mitarbeitern \u00bb Karriere mit Glas | Stoelzle","isPartOf":{"@id":"https:\/\/www.stoelzle.com\/#website"},"datePublished":"2021-04-08T11:55:57+00:00","dateModified":"2022-01-24T13:52:15+00:00","description":"Stoelzle bietet beste Karrierechancen im internationalen Umfeld \u279c 7 Produktionsstandorte \u2713 3 Dekorationswerke \u2713 3000 Besch\u00e4ftigte","breadcrumb":{"@id":"https:\/\/www.stoelzle.com\/de\/erfolgsgeschichten-karriere-mit-glas-stoelzle\/#breadcrumb"},"inLanguage":"de-DE","potentialAction":[{"@type":"ReadAction","target":["https:\/\/www.stoelzle.com\/de\/erfolgsgeschichten-karriere-mit-glas-stoelzle\/"]}]},{"@type":"BreadcrumbList","@id":"https:\/\/www.stoelzle.com\/de\/erfolgsgeschichten-karriere-mit-glas-stoelzle\/#breadcrumb","itemListElement":[{"@type":"ListItem","position":1,"name":"Home","item":"https:\/\/www.stoelzle.com\/de\/"},{"@type":"ListItem","position":2,"name":"Erfolgsgeschichten"}]},{"@type":"WebSite","@id":"https:\/\/www.stoelzle.com\/#website","url":"https:\/\/www.stoelzle.com\/","name":"Stoelzle Glass Group","description":"","publisher":{"@id":"https:\/\/www.stoelzle.com\/#organization"},"potentialAction":[{"@type":"SearchAction","target":{"@type":"EntryPoint","urlTemplate":"https:\/\/www.stoelzle.com\/?s={search_term_string}"},"query-input":{"@type":"PropertyValueSpecification","valueRequired":true,"valueName":"search_term_string"}}],"inLanguage":"de-DE"},{"@type":"Organization","@id":"https:\/\/www.stoelzle.com\/#organization","name":"Stoelzle Glass Group","url":"https:\/\/www.stoelzle.com\/","logo":{"@type":"ImageObject","inLanguage":"de-DE","@id":"https:\/\/www.stoelzle.com\/#\/schema\/logo\/image\/","url":"https:\/\/www.stoelzle.com\/wp-content\/uploads\/2020\/06\/Logo.svg","contentUrl":"https:\/\/www.stoelzle.com\/wp-content\/uploads\/2020\/06\/Logo.svg","width":180,"height":40,"caption":"Stoelzle Glass Group"},"image":{"@id":"https:\/\/www.stoelzle.com\/#\/schema\/logo\/image\/"}}]}},"_links":{"self":[{"href":"https:\/\/www.stoelzle.com\/de\/wp-json\/wp\/v2\/pages\/2826","targetHints":{"allow":["GET"]}}],"collection":[{"href":"https:\/\/www.stoelzle.com\/de\/wp-json\/wp\/v2\/pages"}],"about":[{"href":"https:\/\/www.stoelzle.com\/de\/wp-json\/wp\/v2\/types\/page"}],"author":[{"embeddable":true,"href":"https:\/\/www.stoelzle.com\/de\/wp-json\/wp\/v2\/users\/1"}],"replies":[{"embeddable":true,"href":"https:\/\/www.stoelzle.com\/de\/wp-json\/wp\/v2\/comments?post=2826"}],"version-history":[{"count":0,"href":"https:\/\/www.stoelzle.com\/de\/wp-json\/wp\/v2\/pages\/2826\/revisions"}],"wp:attachment":[{"href":"https:\/\/www.stoelzle.com\/de\/wp-json\/wp\/v2\/media?parent=2826"}],"curies":[{"name":"wp","href":"https:\/\/api.w.org\/{rel}","templated":true}]}}