{"id":2223,"date":"2021-03-05T14:28:13","date_gmt":"2021-03-05T14:28:13","guid":{"rendered":"https:\/\/stoelzle.com\/legal-notice\/"},"modified":"2023-12-20T09:07:03","modified_gmt":"2023-12-20T09:07:03","slug":"impressum","status":"publish","type":"page","link":"https:\/\/www.stoelzle.com\/de\/impressum\/","title":{"rendered":"Impressum"},"content":{"rendered":"<div class=\"wpb-content-wrapper\"><p>[vc_row][vc_column]<div class=\"vc-title  spacing-bottom-l text-center\">\n              <div class=\"topline\">Stoelzle Glasgruppe<\/div>\n              <h1 class=\"title position-relative separator\">Impressum<\/h1>\n              \n            <\/div><div class=\"vc-spacer spacing-bottom-m\"><\/div>[vc_row_inner el_class=&#8221;text-text&#8221;][vc_column_inner width=&#8221;1\/12&#8243;][\/vc_column_inner][vc_column_inner width=&#8221;5\/12&#8243;][vc_column_text]<\/p>\n<p><a href=\"https:\/\/firmen.wko.at\/stoelzle-oberglas-gmbh\/steiermark\/?firmaid=e78add77-9b59-4370-aab6-5740f1743a37\" target=\"_blank\" rel=\"noopener\">Informationspflicht<\/a> laut \u00a75 E-Commerce Gesetz, \u00a714 Unternehmensgesetzbuch, \u00a763 Gewerbeordnung und Offenlegungspflicht laut \u00a725 Mediengesetz.<\/p>\n<p class=\"h5\">Stoelzle Oberglas GmbH<\/p>\n<p>Fabrikstra\u00dfe 11<br \/>\nA-8580 K\u00f6flach<br \/>\nTel.: +43 3144 706<br \/>\nFax: +43 3144 706 318<br \/>\nE-Mail: <a href=\"mailto:office@stoelzle.com\">office@stoelzle.com<\/a><\/p>\n<p>Unternehmensgegenstand: Erzeugung von Glaswaren<br \/>\nUID-Nr.: ATU 14980706<br \/>\nFirmenbuchnummer: FN 63600f<br \/>\nFirmenbuchgericht: Landesgericht f. ZRS Graz<\/p>\n<p>Gesch\u00e4ftsf\u00fchrer: Dr. August Grupp, MBA<\/p>\n<p class=\"h5\">Haftungsausschluss<\/p>\n<p>Stoelzle Oberglas GmbH ist bestrebt, die ver\u00f6ffentlichte Information immer aktuell und richtig zu halten, \u00fcbernimmt jedoch keine Verantwortung oder Haftung f\u00fcr die Aktualit\u00e4t und Richtigkeit sowie Vollst\u00e4ndigkeit der Inhalte. Insofern kann Stoelzle Oberglas GmbH f\u00fcr keinerlei Sch\u00e4den, die sich aus der Nutzung des Inhalts ergeben k\u00f6nnen, haftbar gemacht werden.<\/p>\n<p>[\/vc_column_text][\/vc_column_inner][vc_column_inner width=&#8221;5\/12&#8243;][vc_column_text]<\/p>\n<p class=\"h5\">Links zu externen Websites<\/p>\n<p>Die Website enth\u00e4lt Links zu externen Websites, auf deren Inhalte wir keinen Einfluss haben. Deshalb k\u00f6nnen wir f\u00fcr diese fremden Inhalte auch keine Gew\u00e4hr \u00fcbernehmen. F\u00fcr die Inhalte der verlinkten Seiten ist stets der jeweilige Anbieter oder Betreiber der Seiten verantwortlich. Die publizierten Informationen spiegeln zudem nicht die Meinung von Stoelzle Oberglas GmbH wider.<\/p>\n<p class=\"h5\">Urheberrecht<\/p>\n<p>Copyright \u00a9 Stoelzle Oberglas GmbH. Alle Rechte vorbehalten. Die Inhalte dieser Website sind urheberrechtlich gesch\u00fctzt. Ohne schriftliche Genehmigung seitens Stoelzle Oberglas GmbH darf der Inhalt dieser Seite in keiner Form reproduziert oder unter Verwendung elektronischer Systeme verarbeitet, vervielf\u00e4ltigt oder verbreitet werden.<\/p>\n<p class=\"h5\">Bildnachweise<\/p>\n<p>Bilder, Fotos, Videos und Grafiken auf dieser Website sind urheberrechtlich gesch\u00fctzt. Bildquellen: Die Abbilderei, Jutta K\u00fcgerl Fotografie, Mathias Kniepeiss, Toni Muhr, Studio Foto Palac Jerzy Kozlowski, Adobe Stock, Stoelzle Archiv.<\/p>\n<p class=\"h5\">Konzept, Design und Implementation<\/p>\n<p>Stoelzle Oberglas Gmbh &amp; Bramauer Branding, \u2028<a href=\"https:\/\/www.bramauer.at\/\" target=\"_blank\" rel=\"noopener\">www.bramauer.at<\/a>[\/vc_column_text][\/vc_column_inner][vc_column_inner width=&#8221;1\/12&#8243;][\/vc_column_inner][\/vc_row_inner]<div class=\"vc-spacer spacing-bottom-m\"><\/div>[\/vc_column][\/vc_row][vc_row][vc_column][\/vc_column][\/vc_row]<\/p>\n<\/div>","protected":false},"excerpt":{"rendered":"<p>[vc_row][vc_column][vc_row_inner el_class=&#8221;text-text&#8221;][vc_column_inner width=&#8221;1\/12&#8243;][\/vc_column_inner][vc_column_inner width=&#8221;5\/12&#8243;][vc_column_text] Informationspflicht laut \u00a75 E-Commerce Gesetz, \u00a714 Unternehmensgesetzbuch, \u00a763 Gewerbeordnung und Offenlegungspflicht laut \u00a725 Mediengesetz. Stoelzle Oberglas GmbH Fabrikstra\u00dfe 11 A-8580 K\u00f6flach Tel.: +43 3144 706 Fax: +43 3144 706 318 E-Mail: office@stoelzle.com Unternehmensgegenstand: Erzeugung von Glaswaren UID-Nr.: ATU 14980706 Firmenbuchnummer: FN 63600f Firmenbuchgericht: Landesgericht f. ZRS Graz Gesch\u00e4ftsf\u00fchrer: Dr. August Grupp, [&hellip;]<\/p>\n","protected":false},"author":1,"featured_media":0,"parent":0,"menu_order":1000,"comment_status":"closed","ping_status":"closed","template":"","meta":{"_acf_changed":false,"footnotes":""},"class_list":["post-2223","page","type-page","status-publish","hentry"],"acf":[],"yoast_head":"<!-- This site is optimized with the Yoast SEO plugin v26.6 - https:\/\/yoast.com\/wordpress\/plugins\/seo\/ -->\n<title>Impressum - Stoelzle Glass Group<\/title>\n<meta name=\"robots\" content=\"noindex, nofollow\" \/>\n<meta property=\"og:locale\" content=\"de_DE\" \/>\n<meta property=\"og:type\" content=\"article\" \/>\n<meta property=\"og:title\" content=\"Impressum - Stoelzle Glass Group\" \/>\n<meta property=\"og:description\" content=\"[vc_row][vc_column][vc_row_inner el_class=&#8221;text-text&#8221;][vc_column_inner width=&#8221;1\/12&#8243;][\/vc_column_inner][vc_column_inner width=&#8221;5\/12&#8243;][vc_column_text] Informationspflicht laut \u00a75 E-Commerce Gesetz, \u00a714 Unternehmensgesetzbuch, \u00a763 Gewerbeordnung und Offenlegungspflicht laut \u00a725 Mediengesetz. Stoelzle Oberglas GmbH Fabrikstra\u00dfe 11 A-8580 K\u00f6flach Tel.: +43 3144 706 Fax: +43 3144 706 318 E-Mail: office@stoelzle.com Unternehmensgegenstand: Erzeugung von Glaswaren UID-Nr.: ATU 14980706 Firmenbuchnummer: FN 63600f Firmenbuchgericht: Landesgericht f. ZRS Graz Gesch\u00e4ftsf\u00fchrer: Dr. August Grupp, [&hellip;]\" \/>\n<meta property=\"og:url\" content=\"https:\/\/www.stoelzle.com\/de\/impressum\/\" \/>\n<meta property=\"og:site_name\" content=\"Stoelzle Glass Group\" \/>\n<meta property=\"article:modified_time\" content=\"2023-12-20T09:07:03+00:00\" \/>\n<meta name=\"twitter:card\" content=\"summary_large_image\" \/>\n<meta name=\"twitter:label1\" content=\"Gesch\u00e4tzte Lesezeit\" \/>\n\t<meta name=\"twitter:data1\" content=\"2 Minuten\" \/>\n<script type=\"application\/ld+json\" class=\"yoast-schema-graph\">{\"@context\":\"https:\/\/schema.org\",\"@graph\":[{\"@type\":\"WebPage\",\"@id\":\"https:\/\/www.stoelzle.com\/de\/impressum\/\",\"url\":\"https:\/\/www.stoelzle.com\/de\/impressum\/\",\"name\":\"Impressum - Stoelzle Glass Group\",\"isPartOf\":{\"@id\":\"https:\/\/www.stoelzle.com\/#website\"},\"datePublished\":\"2021-03-05T14:28:13+00:00\",\"dateModified\":\"2023-12-20T09:07:03+00:00\",\"breadcrumb\":{\"@id\":\"https:\/\/www.stoelzle.com\/de\/impressum\/#breadcrumb\"},\"inLanguage\":\"de-DE\",\"potentialAction\":[{\"@type\":\"ReadAction\",\"target\":[\"https:\/\/www.stoelzle.com\/de\/impressum\/\"]}]},{\"@type\":\"BreadcrumbList\",\"@id\":\"https:\/\/www.stoelzle.com\/de\/impressum\/#breadcrumb\",\"itemListElement\":[{\"@type\":\"ListItem\",\"position\":1,\"name\":\"Home\",\"item\":\"https:\/\/www.stoelzle.com\/de\/\"},{\"@type\":\"ListItem\",\"position\":2,\"name\":\"Impressum\"}]},{\"@type\":\"WebSite\",\"@id\":\"https:\/\/www.stoelzle.com\/#website\",\"url\":\"https:\/\/www.stoelzle.com\/\",\"name\":\"Stoelzle Glass Group\",\"description\":\"\",\"publisher\":{\"@id\":\"https:\/\/www.stoelzle.com\/#organization\"},\"potentialAction\":[{\"@type\":\"SearchAction\",\"target\":{\"@type\":\"EntryPoint\",\"urlTemplate\":\"https:\/\/www.stoelzle.com\/?s={search_term_string}\"},\"query-input\":{\"@type\":\"PropertyValueSpecification\",\"valueRequired\":true,\"valueName\":\"search_term_string\"}}],\"inLanguage\":\"de-DE\"},{\"@type\":\"Organization\",\"@id\":\"https:\/\/www.stoelzle.com\/#organization\",\"name\":\"Stoelzle Glass Group\",\"url\":\"https:\/\/www.stoelzle.com\/\",\"logo\":{\"@type\":\"ImageObject\",\"inLanguage\":\"de-DE\",\"@id\":\"https:\/\/www.stoelzle.com\/#\/schema\/logo\/image\/\",\"url\":\"https:\/\/www.stoelzle.com\/wp-content\/uploads\/2020\/06\/Logo.svg\",\"contentUrl\":\"https:\/\/www.stoelzle.com\/wp-content\/uploads\/2020\/06\/Logo.svg\",\"width\":180,\"height\":40,\"caption\":\"Stoelzle Glass Group\"},\"image\":{\"@id\":\"https:\/\/www.stoelzle.com\/#\/schema\/logo\/image\/\"}}]}<\/script>\n<!-- \/ Yoast SEO plugin. -->","yoast_head_json":{"title":"Impressum - Stoelzle Glass Group","robots":{"index":"noindex","follow":"nofollow"},"og_locale":"de_DE","og_type":"article","og_title":"Impressum - Stoelzle Glass Group","og_description":"[vc_row][vc_column][vc_row_inner el_class=&#8221;text-text&#8221;][vc_column_inner width=&#8221;1\/12&#8243;][\/vc_column_inner][vc_column_inner width=&#8221;5\/12&#8243;][vc_column_text] Informationspflicht laut \u00a75 E-Commerce Gesetz, \u00a714 Unternehmensgesetzbuch, \u00a763 Gewerbeordnung und Offenlegungspflicht laut \u00a725 Mediengesetz. Stoelzle Oberglas GmbH Fabrikstra\u00dfe 11 A-8580 K\u00f6flach Tel.: +43 3144 706 Fax: +43 3144 706 318 E-Mail: office@stoelzle.com Unternehmensgegenstand: Erzeugung von Glaswaren UID-Nr.: ATU 14980706 Firmenbuchnummer: FN 63600f Firmenbuchgericht: Landesgericht f. ZRS Graz Gesch\u00e4ftsf\u00fchrer: Dr. August Grupp, [&hellip;]","og_url":"https:\/\/www.stoelzle.com\/de\/impressum\/","og_site_name":"Stoelzle Glass Group","article_modified_time":"2023-12-20T09:07:03+00:00","twitter_card":"summary_large_image","twitter_misc":{"Gesch\u00e4tzte Lesezeit":"2 Minuten"},"schema":{"@context":"https:\/\/schema.org","@graph":[{"@type":"WebPage","@id":"https:\/\/www.stoelzle.com\/de\/impressum\/","url":"https:\/\/www.stoelzle.com\/de\/impressum\/","name":"Impressum - Stoelzle Glass Group","isPartOf":{"@id":"https:\/\/www.stoelzle.com\/#website"},"datePublished":"2021-03-05T14:28:13+00:00","dateModified":"2023-12-20T09:07:03+00:00","breadcrumb":{"@id":"https:\/\/www.stoelzle.com\/de\/impressum\/#breadcrumb"},"inLanguage":"de-DE","potentialAction":[{"@type":"ReadAction","target":["https:\/\/www.stoelzle.com\/de\/impressum\/"]}]},{"@type":"BreadcrumbList","@id":"https:\/\/www.stoelzle.com\/de\/impressum\/#breadcrumb","itemListElement":[{"@type":"ListItem","position":1,"name":"Home","item":"https:\/\/www.stoelzle.com\/de\/"},{"@type":"ListItem","position":2,"name":"Impressum"}]},{"@type":"WebSite","@id":"https:\/\/www.stoelzle.com\/#website","url":"https:\/\/www.stoelzle.com\/","name":"Stoelzle Glass Group","description":"","publisher":{"@id":"https:\/\/www.stoelzle.com\/#organization"},"potentialAction":[{"@type":"SearchAction","target":{"@type":"EntryPoint","urlTemplate":"https:\/\/www.stoelzle.com\/?s={search_term_string}"},"query-input":{"@type":"PropertyValueSpecification","valueRequired":true,"valueName":"search_term_string"}}],"inLanguage":"de-DE"},{"@type":"Organization","@id":"https:\/\/www.stoelzle.com\/#organization","name":"Stoelzle Glass Group","url":"https:\/\/www.stoelzle.com\/","logo":{"@type":"ImageObject","inLanguage":"de-DE","@id":"https:\/\/www.stoelzle.com\/#\/schema\/logo\/image\/","url":"https:\/\/www.stoelzle.com\/wp-content\/uploads\/2020\/06\/Logo.svg","contentUrl":"https:\/\/www.stoelzle.com\/wp-content\/uploads\/2020\/06\/Logo.svg","width":180,"height":40,"caption":"Stoelzle Glass Group"},"image":{"@id":"https:\/\/www.stoelzle.com\/#\/schema\/logo\/image\/"}}]}},"_links":{"self":[{"href":"https:\/\/www.stoelzle.com\/de\/wp-json\/wp\/v2\/pages\/2223","targetHints":{"allow":["GET"]}}],"collection":[{"href":"https:\/\/www.stoelzle.com\/de\/wp-json\/wp\/v2\/pages"}],"about":[{"href":"https:\/\/www.stoelzle.com\/de\/wp-json\/wp\/v2\/types\/page"}],"author":[{"embeddable":true,"href":"https:\/\/www.stoelzle.com\/de\/wp-json\/wp\/v2\/users\/1"}],"replies":[{"embeddable":true,"href":"https:\/\/www.stoelzle.com\/de\/wp-json\/wp\/v2\/comments?post=2223"}],"version-history":[{"count":0,"href":"https:\/\/www.stoelzle.com\/de\/wp-json\/wp\/v2\/pages\/2223\/revisions"}],"wp:attachment":[{"href":"https:\/\/www.stoelzle.com\/de\/wp-json\/wp\/v2\/media?parent=2223"}],"curies":[{"name":"wp","href":"https:\/\/api.w.org\/{rel}","templated":true}]}}