{"id":2020,"date":"2021-01-14T07:39:34","date_gmt":"2021-01-14T07:39:34","guid":{"rendered":"http:\/\/stoelzle.com\/service\/caps-and-closures\/"},"modified":"2021-05-20T06:09:53","modified_gmt":"2021-05-20T06:09:53","slug":"verschluss","status":"publish","type":"page","link":"https:\/\/www.stoelzle.com\/de\/service\/verschluss\/","title":{"rendered":"Verschl\u00fcsse"},"content":{"rendered":"<div class=\"wpb-content-wrapper\"><p>[vc_row][vc_column]<div class=\"vc-title   text-center\">\n              <div class=\"topline\">One-Stop-Shop<\/div>\n              <h1 class=\"title position-relative separator\">Verschl\u00fcsse<\/h1>\n              <div class=\"row\"><div class=\"col-md-10 offset-md-1\"><\/p>\n<p class=\"large-text\">Als Gesamtanbieter liefert Stoelzle f\u00fcr beinahe alle Standard- und Kundenprodukte den passenden Verschluss. Wir zeigen Ihnen den f\u00fcr Ihr spezielles Produkt optimalen Verschluss und beraten Sie in puncto Sicherheit, Handhabung und Design.<\/p>\n<p><\/div><\/div>\n            <\/div>[\/vc_column][\/vc_row][vc_row full_width=&#8221;stretch_row_content_no_spaces&#8221;][vc_column]<div class=\"vc-two-columns  \">\n                <div class=\"row\">\n                    <div class=\"col-sm-6 bg-blue image-right\"><div class=\"column-content h-100 d-flex flex-column justify-content-center\"><\/p>\n<p class=\"h2\">Funktionalit\u00e4t und Vorz\u00fcge<\/p>\n<p>Betrachtet aus der Warte des Konsumenten oder Abf\u00fcllers, hat jeder Verschluss in verschiedener Hinsicht Vor-und Nachteile. Originalit\u00e4tsverschl\u00fcsse etwa sind ein Sicherheitssiegel und zeigen, ob ein Produkt bereits ge\u00f6ffnet wurde. Andere Verschlussarten erleichtern die Entnahme des Produktes oder gew\u00e4hrleisten ein sicheres Wiederverschlie\u00dfen. F\u00fcr jedes Produkt findet sich ein passender, harmonierender Verschluss. Wir bieten Ihnen Verschl\u00fcsse, die technisch, in puncto Design und auch Sicherheit, optimal zu Ihrem Produkt passen.<\/div><\/div>\n                    <div class=\"col-sm-6 bg-blue image-right\"><img loading=\"lazy\" decoding=\"async\" width=\"1024\" height=\"666\" src=\"https:\/\/www.stoelzle.com\/wp-content\/uploads\/2021\/01\/services-caps-closures-1024x666.jpg\" class=\"w-100 h-100 cover\" alt=\"Different bottles with caps and closures\" srcset=\"https:\/\/www.stoelzle.com\/wp-content\/uploads\/2021\/01\/services-caps-closures-1024x666.jpg 1024w, https:\/\/www.stoelzle.com\/wp-content\/uploads\/2021\/01\/services-caps-closures-480x312.jpg 480w, https:\/\/www.stoelzle.com\/wp-content\/uploads\/2021\/01\/services-caps-closures-1536x998.jpg 1536w, https:\/\/www.stoelzle.com\/wp-content\/uploads\/2021\/01\/services-caps-closures-992x645.jpg 992w, https:\/\/www.stoelzle.com\/wp-content\/uploads\/2021\/01\/services-caps-closures-600x390.jpg 600w, https:\/\/www.stoelzle.com\/wp-content\/uploads\/2021\/01\/services-caps-closures.jpg 2000w\" sizes=\"auto, (max-width: 1024px) 100vw, 1024px\" \/><\/div>\n                <\/div>\n            <\/div>[\/vc_column][\/vc_row][vc_row][vc_column]<div class=\"vc-title spacing-top-m  text-center\">\n              \n              <h2 class=\"title position-relative\">Der passende Verschluss f\u00fcr Ihr Produkt<\/h2>\n              \n            <\/div><div id=\"id-gallery\" class=\"vc-gallery  spacing-bottom-m\"><div class=\"row vc-gallery-slider\"><a  href=\"https:\/\/www.stoelzle.com\/wp-content\/uploads\/2021\/02\/caps-closures-twist-off-regular.jpg\"  class=\"vc-gallery-item mb-4 style-1 col-sm-6 col-md-4 col-lg-3\">\n                  <div class=\"vc-gallery-image off show-border\"><img decoding=\"async\" class=\"img-fluid\" src=\"https:\/\/www.stoelzle.com\/wp-content\/uploads\/2021\/02\/caps-closures-twist-off-regular-800x800.jpg\" alt=\"Detail picture of Caps and Closures twist-off regular\"><\/div>\n                  <div class=\"vc-gallery-content\"><\/div>\n                <\/a><a  href=\"https:\/\/www.stoelzle.com\/wp-content\/uploads\/2021\/02\/caps-closures-carbon-sake.jpg\"  class=\"vc-gallery-item mb-4 style-1 col-sm-6 col-md-4 col-lg-3\">\n                  <div class=\"vc-gallery-image off show-border\"><img decoding=\"async\" class=\"img-fluid\" src=\"https:\/\/www.stoelzle.com\/wp-content\/uploads\/2021\/02\/caps-closures-carbon-sake-800x800.jpg\" alt=\"Detail picture of Caps and Closures Spirits bottle Carbon Sake\"><\/div>\n                  <div class=\"vc-gallery-content\"><\/div>\n                <\/a><a  href=\"https:\/\/www.stoelzle.com\/wp-content\/uploads\/2021\/02\/caps-closures-spatula-brushes.jpg\"  class=\"vc-gallery-item mb-4 style-1 col-sm-6 col-md-4 col-lg-3\">\n                  <div class=\"vc-gallery-image off show-border\"><img decoding=\"async\" class=\"img-fluid\" src=\"https:\/\/www.stoelzle.com\/wp-content\/uploads\/2021\/02\/caps-closures-spatula-brushes-800x800.jpg\" alt=\"Detail picture of Caps and Closures spatula and brush\"><\/div>\n                  <div class=\"vc-gallery-content\"><\/div>\n                <\/a><a  href=\"https:\/\/www.stoelzle.com\/wp-content\/uploads\/2021\/02\/caps-closures-morcone-limoncello.jpg\"  class=\"vc-gallery-item mb-4 style-1 col-sm-6 col-md-4 col-lg-3\">\n                  <div class=\"vc-gallery-image off show-border\"><img decoding=\"async\" class=\"img-fluid\" src=\"https:\/\/www.stoelzle.com\/wp-content\/uploads\/2021\/02\/caps-closures-morcone-limoncello-800x800.jpg\" alt=\"Detail picture of Caps and Closures Spirits bottle Morcone\"><\/div>\n                  <div class=\"vc-gallery-content\"><\/div>\n                <\/a><a  href=\"https:\/\/www.stoelzle.com\/wp-content\/uploads\/2021\/02\/caps-closures-plastic-screw-cap.jpg\"  class=\"vc-gallery-item mb-4 style-1 col-sm-6 col-md-4 col-lg-3\">\n                  <div class=\"vc-gallery-image off show-border\"><img decoding=\"async\" class=\"img-fluid\" src=\"https:\/\/www.stoelzle.com\/wp-content\/uploads\/2021\/02\/caps-closures-plastic-screw-cap-800x800.jpg\" alt=\"Detail picture of Caps and Closures plastic screw cap\"><\/div>\n                  <div class=\"vc-gallery-content\"><\/div>\n                <\/a><a  href=\"https:\/\/www.stoelzle.com\/wp-content\/uploads\/2021\/02\/caps-closures-devoto.jpg\"  class=\"vc-gallery-item mb-4 style-1 col-sm-6 col-md-4 col-lg-3\">\n                  <div class=\"vc-gallery-image off show-border\"><img decoding=\"async\" class=\"img-fluid\" src=\"https:\/\/www.stoelzle.com\/wp-content\/uploads\/2021\/02\/caps-closures-devoto-800x800.jpg\" alt=\"Detail picture of Caps and Closures Spirits bottle Devoto\"><\/div>\n                  <div class=\"vc-gallery-content\"><\/div>\n                <\/a><a  href=\"https:\/\/www.stoelzle.com\/wp-content\/uploads\/2021\/02\/caps-closures-lotus.jpg\"  class=\"vc-gallery-item mb-4 style-1 col-sm-6 col-md-4 col-lg-3\">\n                  <div class=\"vc-gallery-image off show-border\"><img decoding=\"async\" class=\"img-fluid\" src=\"https:\/\/www.stoelzle.com\/wp-content\/uploads\/2021\/02\/caps-closures-lotus-800x800.jpg\" alt=\"Detail picture of Caps and Closures Lotus pourer\"><\/div>\n                  <div class=\"vc-gallery-content\"><\/div>\n                <\/a><a  href=\"https:\/\/www.stoelzle.com\/wp-content\/uploads\/2021\/02\/caps-closures-castle-sacred-spring-vodka.jpg\"  class=\"vc-gallery-item mb-4 style-1 col-sm-6 col-md-4 col-lg-3\">\n                  <div class=\"vc-gallery-image off show-border\"><img decoding=\"async\" class=\"img-fluid\" src=\"https:\/\/www.stoelzle.com\/wp-content\/uploads\/2021\/02\/caps-closures-castle-sacred-spring-vodka-800x800.jpg\" alt=\"Detail picture of Caps and Closures Spirits bottle Castle Sacred Spring Vodka\"><\/div>\n                  <div class=\"vc-gallery-content\"><\/div>\n                <\/a><a  href=\"https:\/\/www.stoelzle.com\/wp-content\/uploads\/2021\/02\/caps-closures-fliptop.jpg\"  class=\"vc-gallery-item mb-4 style-1 col-sm-6 col-md-4 col-lg-3\">\n                  <div class=\"vc-gallery-image off show-border\"><img decoding=\"async\" class=\"img-fluid\" src=\"https:\/\/www.stoelzle.com\/wp-content\/uploads\/2021\/02\/caps-closures-fliptop-800x800.jpg\" alt=\"Detail picture of Caps and Closures Fliptop\"><\/div>\n                  <div class=\"vc-gallery-content\"><\/div>\n                <\/a><a  href=\"https:\/\/www.stoelzle.com\/wp-content\/uploads\/2021\/02\/caps-closures-comte-de-grasse-44.jpg\"  class=\"vc-gallery-item mb-4 style-1 col-sm-6 col-md-4 col-lg-3\">\n                  <div class=\"vc-gallery-image off show-border\"><img decoding=\"async\" class=\"img-fluid\" src=\"https:\/\/www.stoelzle.com\/wp-content\/uploads\/2021\/02\/caps-closures-comte-de-grasse-44-800x800.jpg\" alt=\"Detail picture of  Caps and Closures Spirits bottle Comte de grasse 44\"><\/div>\n                  <div class=\"vc-gallery-content\"><\/div>\n                <\/a><\/div><div class=\"mt-4\"><div class=\"row\"><div class=\"col content-slider-arrows text-center\"><\/div><\/div><\/div><\/div>\n      <script async>\n        jQuery(document).ready(function($) {\n          jQuery(\"#id-gallery .vc-gallery-slider\").slick({\n            slidesToShow: 4,\n            prevArrow: \"<span class=\\\"d-inline-block slick-arrow slick-arrow-prev\\\"><\/span>\",\n            nextArrow: \"<span class=\\\"d-inline-block slick-arrow slick-arrow-next\\\"><\/span>\",\n            appendArrows: $(\"#id-gallery .content-slider-arrows\"),\n            adaptiveHeight: true,\n            responsive: [\n              {\n                breakpoint: 1024,\n                settings: {\n                  slidesToShow: 2\n                }\n              },\n              {\n                breakpoint: 768,\n                settings: {\n                  slidesToShow: 1\n                }\n              },\n            ]\n          });\n        });\n      <\/script>\n        <script async>\n        jQuery(document).ready(function($) {\n          jQuery(\"#id-gallery a\").simpleLightbox({uniqueImages: false});\n        });\n        <\/script>\n      [\/vc_column][\/vc_row][vc_row full_width=&#8221;stretch_row&#8221; el_class=&#8221;light-gray&#8221;][vc_column]<div class=\"vc-title spacing-top-s spacing-bottom-m text-center\">\n              <div class=\"topline\">Verschlussl\u00f6sungen<\/div>\n              <h2 class=\"title position-relative\">Weiterf\u00fchrende Informationen<\/h2>\n              <div class=\"row\"><div class=\"col-md-10 offset-md-1\"><a href=\"\/pharma\/de\/service\/verschluss\/\" rel=\"noopener\">Pharma \u2013 Health &amp; Safety<\/a><br \/>\n<a href=\"\/beauty\/de\/spezialanfertigung\/\" rel=\"noopener\">Parf\u00fcmerie &amp; Kosmetik<\/a><br \/>\n<a href=\"\/consumer\/de\/service\/verschluss\/\" rel=\"noopener\">Lebensmittel &amp; Getr\u00e4nke<\/a><br \/>\n<a href=\"https:\/\/www.stoelzlespirits.com\/contact\" target=\"_blank\" rel=\"noopener\">Spirituosen<\/a><\/div><\/div>\n            <\/div>[\/vc_column][\/vc_row]<\/p>\n<\/div>","protected":false},"excerpt":{"rendered":"<p>[vc_row][vc_column][\/vc_column][\/vc_row][vc_row full_width=&#8221;stretch_row_content_no_spaces&#8221;][vc_column][\/vc_column][\/vc_row][vc_row][vc_column][\/vc_column][\/vc_row][vc_row full_width=&#8221;stretch_row&#8221; el_class=&#8221;light-gray&#8221;][vc_column][\/vc_column][\/vc_row]<\/p>\n","protected":false},"author":1,"featured_media":0,"parent":1710,"menu_order":520,"comment_status":"closed","ping_status":"closed","template":"","meta":{"_acf_changed":false,"footnotes":""},"class_list":["post-2020","page","type-page","status-publish","hentry"],"acf":[],"yoast_head":"<!-- This site is optimized with the Yoast SEO plugin v26.6 - https:\/\/yoast.com\/wordpress\/plugins\/seo\/ -->\n<title>Verschl\u00fcsse f\u00fcr Flaschen &amp; Glas \u00bb gro\u00dfe Auswahl | Stoelzle<\/title>\n<meta name=\"description\" content=\"Stoelzle liefert Verschl\u00fcsse f\u00fcr Glasflaschen &amp; Glasbeh\u00e4lter \u279c Passende Verschlussl\u00f6sungen zu unseren Produkten \u2713 zur Auswahl!\" \/>\n<meta name=\"robots\" content=\"index, follow, max-snippet:-1, max-image-preview:large, max-video-preview:-1\" \/>\n<link rel=\"canonical\" href=\"https:\/\/www.stoelzle.com\/de\/service\/verschluss\/\" \/>\n<meta property=\"og:locale\" content=\"de_DE\" \/>\n<meta property=\"og:type\" content=\"article\" \/>\n<meta property=\"og:title\" content=\"Verschl\u00fcsse f\u00fcr Flaschen &amp; Glas \u00bb gro\u00dfe Auswahl | Stoelzle\" \/>\n<meta property=\"og:description\" content=\"Stoelzle liefert Verschl\u00fcsse f\u00fcr Glasflaschen &amp; Glasbeh\u00e4lter \u279c Passende Verschlussl\u00f6sungen zu unseren Produkten \u2713 zur Auswahl!\" \/>\n<meta property=\"og:url\" content=\"https:\/\/www.stoelzle.com\/de\/service\/verschluss\/\" \/>\n<meta property=\"og:site_name\" content=\"Stoelzle Glass Group\" \/>\n<meta property=\"article:modified_time\" content=\"2021-05-20T06:09:53+00:00\" \/>\n<meta name=\"twitter:card\" content=\"summary_large_image\" \/>\n<meta name=\"twitter:label1\" content=\"Gesch\u00e4tzte Lesezeit\" \/>\n\t<meta name=\"twitter:data1\" content=\"1 Minute\" \/>\n<script type=\"application\/ld+json\" class=\"yoast-schema-graph\">{\"@context\":\"https:\/\/schema.org\",\"@graph\":[{\"@type\":\"WebPage\",\"@id\":\"https:\/\/www.stoelzle.com\/de\/service\/verschluss\/\",\"url\":\"https:\/\/www.stoelzle.com\/de\/service\/verschluss\/\",\"name\":\"Verschl\u00fcsse f\u00fcr Flaschen & Glas \u00bb gro\u00dfe Auswahl | Stoelzle\",\"isPartOf\":{\"@id\":\"https:\/\/www.stoelzle.com\/#website\"},\"datePublished\":\"2021-01-14T07:39:34+00:00\",\"dateModified\":\"2021-05-20T06:09:53+00:00\",\"description\":\"Stoelzle liefert Verschl\u00fcsse f\u00fcr Glasflaschen & Glasbeh\u00e4lter \u279c Passende Verschlussl\u00f6sungen zu unseren Produkten \u2713 zur Auswahl!\",\"breadcrumb\":{\"@id\":\"https:\/\/www.stoelzle.com\/de\/service\/verschluss\/#breadcrumb\"},\"inLanguage\":\"de-DE\",\"potentialAction\":[{\"@type\":\"ReadAction\",\"target\":[\"https:\/\/www.stoelzle.com\/de\/service\/verschluss\/\"]}]},{\"@type\":\"BreadcrumbList\",\"@id\":\"https:\/\/www.stoelzle.com\/de\/service\/verschluss\/#breadcrumb\",\"itemListElement\":[{\"@type\":\"ListItem\",\"position\":1,\"name\":\"Home\",\"item\":\"https:\/\/www.stoelzle.com\/de\/\"},{\"@type\":\"ListItem\",\"position\":2,\"name\":\"Service\",\"item\":\"https:\/\/www.stoelzle.com\/de\/service\/\"},{\"@type\":\"ListItem\",\"position\":3,\"name\":\"Verschl\u00fcsse\"}]},{\"@type\":\"WebSite\",\"@id\":\"https:\/\/www.stoelzle.com\/#website\",\"url\":\"https:\/\/www.stoelzle.com\/\",\"name\":\"Stoelzle Glass Group\",\"description\":\"\",\"publisher\":{\"@id\":\"https:\/\/www.stoelzle.com\/#organization\"},\"potentialAction\":[{\"@type\":\"SearchAction\",\"target\":{\"@type\":\"EntryPoint\",\"urlTemplate\":\"https:\/\/www.stoelzle.com\/?s={search_term_string}\"},\"query-input\":{\"@type\":\"PropertyValueSpecification\",\"valueRequired\":true,\"valueName\":\"search_term_string\"}}],\"inLanguage\":\"de-DE\"},{\"@type\":\"Organization\",\"@id\":\"https:\/\/www.stoelzle.com\/#organization\",\"name\":\"Stoelzle Glass Group\",\"url\":\"https:\/\/www.stoelzle.com\/\",\"logo\":{\"@type\":\"ImageObject\",\"inLanguage\":\"de-DE\",\"@id\":\"https:\/\/www.stoelzle.com\/#\/schema\/logo\/image\/\",\"url\":\"https:\/\/www.stoelzle.com\/wp-content\/uploads\/2020\/06\/Logo.svg\",\"contentUrl\":\"https:\/\/www.stoelzle.com\/wp-content\/uploads\/2020\/06\/Logo.svg\",\"width\":180,\"height\":40,\"caption\":\"Stoelzle Glass Group\"},\"image\":{\"@id\":\"https:\/\/www.stoelzle.com\/#\/schema\/logo\/image\/\"}}]}<\/script>\n<!-- \/ Yoast SEO plugin. -->","yoast_head_json":{"title":"Verschl\u00fcsse f\u00fcr Flaschen & Glas \u00bb gro\u00dfe Auswahl | Stoelzle","description":"Stoelzle liefert Verschl\u00fcsse f\u00fcr Glasflaschen & Glasbeh\u00e4lter \u279c Passende Verschlussl\u00f6sungen zu unseren Produkten \u2713 zur Auswahl!","robots":{"index":"index","follow":"follow","max-snippet":"max-snippet:-1","max-image-preview":"max-image-preview:large","max-video-preview":"max-video-preview:-1"},"canonical":"https:\/\/www.stoelzle.com\/de\/service\/verschluss\/","og_locale":"de_DE","og_type":"article","og_title":"Verschl\u00fcsse f\u00fcr Flaschen & Glas \u00bb gro\u00dfe Auswahl | Stoelzle","og_description":"Stoelzle liefert Verschl\u00fcsse f\u00fcr Glasflaschen & Glasbeh\u00e4lter \u279c Passende Verschlussl\u00f6sungen zu unseren Produkten \u2713 zur Auswahl!","og_url":"https:\/\/www.stoelzle.com\/de\/service\/verschluss\/","og_site_name":"Stoelzle Glass Group","article_modified_time":"2021-05-20T06:09:53+00:00","twitter_card":"summary_large_image","twitter_misc":{"Gesch\u00e4tzte Lesezeit":"1 Minute"},"schema":{"@context":"https:\/\/schema.org","@graph":[{"@type":"WebPage","@id":"https:\/\/www.stoelzle.com\/de\/service\/verschluss\/","url":"https:\/\/www.stoelzle.com\/de\/service\/verschluss\/","name":"Verschl\u00fcsse f\u00fcr Flaschen & Glas \u00bb gro\u00dfe Auswahl | Stoelzle","isPartOf":{"@id":"https:\/\/www.stoelzle.com\/#website"},"datePublished":"2021-01-14T07:39:34+00:00","dateModified":"2021-05-20T06:09:53+00:00","description":"Stoelzle liefert Verschl\u00fcsse f\u00fcr Glasflaschen & Glasbeh\u00e4lter \u279c Passende Verschlussl\u00f6sungen zu unseren Produkten \u2713 zur Auswahl!","breadcrumb":{"@id":"https:\/\/www.stoelzle.com\/de\/service\/verschluss\/#breadcrumb"},"inLanguage":"de-DE","potentialAction":[{"@type":"ReadAction","target":["https:\/\/www.stoelzle.com\/de\/service\/verschluss\/"]}]},{"@type":"BreadcrumbList","@id":"https:\/\/www.stoelzle.com\/de\/service\/verschluss\/#breadcrumb","itemListElement":[{"@type":"ListItem","position":1,"name":"Home","item":"https:\/\/www.stoelzle.com\/de\/"},{"@type":"ListItem","position":2,"name":"Service","item":"https:\/\/www.stoelzle.com\/de\/service\/"},{"@type":"ListItem","position":3,"name":"Verschl\u00fcsse"}]},{"@type":"WebSite","@id":"https:\/\/www.stoelzle.com\/#website","url":"https:\/\/www.stoelzle.com\/","name":"Stoelzle Glass Group","description":"","publisher":{"@id":"https:\/\/www.stoelzle.com\/#organization"},"potentialAction":[{"@type":"SearchAction","target":{"@type":"EntryPoint","urlTemplate":"https:\/\/www.stoelzle.com\/?s={search_term_string}"},"query-input":{"@type":"PropertyValueSpecification","valueRequired":true,"valueName":"search_term_string"}}],"inLanguage":"de-DE"},{"@type":"Organization","@id":"https:\/\/www.stoelzle.com\/#organization","name":"Stoelzle Glass Group","url":"https:\/\/www.stoelzle.com\/","logo":{"@type":"ImageObject","inLanguage":"de-DE","@id":"https:\/\/www.stoelzle.com\/#\/schema\/logo\/image\/","url":"https:\/\/www.stoelzle.com\/wp-content\/uploads\/2020\/06\/Logo.svg","contentUrl":"https:\/\/www.stoelzle.com\/wp-content\/uploads\/2020\/06\/Logo.svg","width":180,"height":40,"caption":"Stoelzle Glass Group"},"image":{"@id":"https:\/\/www.stoelzle.com\/#\/schema\/logo\/image\/"}}]}},"_links":{"self":[{"href":"https:\/\/www.stoelzle.com\/de\/wp-json\/wp\/v2\/pages\/2020","targetHints":{"allow":["GET"]}}],"collection":[{"href":"https:\/\/www.stoelzle.com\/de\/wp-json\/wp\/v2\/pages"}],"about":[{"href":"https:\/\/www.stoelzle.com\/de\/wp-json\/wp\/v2\/types\/page"}],"author":[{"embeddable":true,"href":"https:\/\/www.stoelzle.com\/de\/wp-json\/wp\/v2\/users\/1"}],"replies":[{"embeddable":true,"href":"https:\/\/www.stoelzle.com\/de\/wp-json\/wp\/v2\/comments?post=2020"}],"version-history":[{"count":0,"href":"https:\/\/www.stoelzle.com\/de\/wp-json\/wp\/v2\/pages\/2020\/revisions"}],"up":[{"embeddable":true,"href":"https:\/\/www.stoelzle.com\/de\/wp-json\/wp\/v2\/pages\/1710"}],"wp:attachment":[{"href":"https:\/\/www.stoelzle.com\/de\/wp-json\/wp\/v2\/media?parent=2020"}],"curies":[{"name":"wp","href":"https:\/\/api.w.org\/{rel}","templated":true}]}}