{"id":1752,"date":"2021-01-25T09:07:42","date_gmt":"2021-01-25T09:07:42","guid":{"rendered":"http:\/\/stoelzle.com\/whistleblowing\/"},"modified":"2025-02-13T12:49:48","modified_gmt":"2025-02-13T12:49:48","slug":"speak-up-de","status":"publish","type":"page","link":"https:\/\/www.stoelzle.com\/de\/speak-up-de\/","title":{"rendered":"Speak up"},"content":{"rendered":"<div class=\"wpb-content-wrapper\"><p>[vc_row][vc_column]<div class=\"vc-title   text-center\">\n              <div class=\"topline\">Meldung von rechtswidrigem oder unethischem Verhalten<\/div>\n              <h1 class=\"title position-relative separator\">Speak up!<\/h1>\n              \n            <\/div>[\/vc_column][\/vc_row][vc_row][vc_column width=&#8221;1\/4&#8243;][\/vc_column][vc_column width=&#8221;1\/2&#8243;][vc_column_text]Wir erf\u00fcllen in allen M\u00e4rkten, in denen wir t\u00e4tig sind, die gesetzlichen Normen und Vorgaben und gew\u00e4hrleisten ein hohes Ma\u00df an Integrit\u00e4t. Faires und wettbewerbsf\u00e4higes Verhalten sind f\u00fcr uns von grundlegender Bedeutung. Ungeb\u00fchrliches Verhalten oder Verdachtsf\u00e4lle k\u00f6nnen uns jederzeit \u00fcber das &#8220;Speak up&#8221;-Portal gemeldet werden. Stoelzle hat die Compliance-Abteilung seiner Muttergesellschaft, der CAG Holding GmbH, damit beauftragt, alle eingehenden Compliance-Meldungen unabh\u00e4ngig vom Management der Stoelzle Glasgruppe zu bearbeiten.<\/p>\n<p>Da wir in allen Bereichen offene Kommunikation wertsch\u00e4tzen, bitten wir Sie, uns bei Ihrem Compliance-Anliegen auch Ihren Namen und Ihre Kontaktdaten mitzuteilen. Dies erm\u00f6glicht uns, das Anliegen rasch und effektiv zu bearbeiten. Bitte bedenken Sie stets, dass es untersagt ist, wissentlich falsche Informationen zu \u00fcbermitteln oder Hinweise zu melden, die unbegr\u00fcndete Vorw\u00fcrfe oder Anschuldigungen enthalten. Derartige Meldungen werden nicht toleriert, und sie k\u00f6nnen rechtliche Ma\u00dfnahmen nach sich ziehen.[\/vc_column_text][\/vc_column][vc_column width=&#8221;1\/4&#8243;][\/vc_column][\/vc_row][vc_row][vc_column width=&#8221;1\/4&#8243;][\/vc_column][vc_column width=&#8221;1\/2&#8243;]\n<div class=\"wpcf7 no-js\" id=\"wpcf7-f2627-o1\" lang=\"en-US\" dir=\"ltr\" data-wpcf7-id=\"2627\">\n<div class=\"screen-reader-response\"><p role=\"status\" aria-live=\"polite\" aria-atomic=\"true\"><\/p> <ul><\/ul><\/div>\n<form action=\"\/de\/wp-json\/wp\/v2\/pages\/1752#wpcf7-f2627-o1\" method=\"post\" class=\"wpcf7-form init\" aria-label=\"Contact form\" novalidate=\"novalidate\" data-status=\"init\">\n<fieldset class=\"hidden-fields-container\"><input type=\"hidden\" name=\"_wpcf7\" value=\"2627\" \/><input type=\"hidden\" name=\"_wpcf7_version\" value=\"6.1.5\" \/><input type=\"hidden\" name=\"_wpcf7_locale\" value=\"en_US\" \/><input type=\"hidden\" name=\"_wpcf7_unit_tag\" value=\"wpcf7-f2627-o1\" \/><input type=\"hidden\" name=\"_wpcf7_container_post\" value=\"0\" \/><input type=\"hidden\" name=\"_wpcf7_posted_data_hash\" value=\"\" \/>\n<\/fieldset>\n<div class=\"col-12\">\n\t<p><label>Thema Ihrer Anfrage*<br \/>\n<span class=\"wpcf7-form-control-wrap\" data-name=\"subject\"><input size=\"40\" maxlength=\"400\" class=\"wpcf7-form-control wpcf7-text wpcf7-validates-as-required\" aria-required=\"true\" aria-invalid=\"false\" value=\"\" type=\"text\" name=\"subject\" \/><\/span><\/label>\n\t<\/p>\n<\/div>\n<div class=\"col-lg-6\">\n\t<p><label>Anrede*<br \/>\n<span class=\"wpcf7-form-control-wrap\" data-name=\"salutation\"><select class=\"wpcf7-form-control wpcf7-select\" aria-invalid=\"false\" name=\"salutation\"><option value=\"Bitte w\u00e4hlen\">Bitte w\u00e4hlen<\/option><option value=\"Herr\">Herr<\/option><option value=\"Frau\">Frau<\/option><\/select><\/span><\/label>\n\t<\/p>\n<\/div>\n<div class=\"col-lg-6\">\n\t<p><label>Vorname<br \/>\n<span class=\"wpcf7-form-control-wrap\" data-name=\"first_name\"><input size=\"40\" maxlength=\"400\" class=\"wpcf7-form-control wpcf7-text\" aria-invalid=\"false\" value=\"\" type=\"text\" name=\"first_name\" \/><\/span> <\/label>\n\t<\/p>\n<\/div>\n<div class=\"col-lg-6\">\n\t<p><label>Nachname<br \/>\n<span class=\"wpcf7-form-control-wrap\" data-name=\"surname\"><input size=\"40\" maxlength=\"400\" class=\"wpcf7-form-control wpcf7-text\" aria-invalid=\"false\" value=\"\" type=\"text\" name=\"surname\" \/><\/span> <\/label>\n\t<\/p>\n<\/div>\n<div class=\"col-lg-6\">\n\t<p><label>Telefon<br \/>\n<span class=\"wpcf7-form-control-wrap\" data-name=\"phone\"><input size=\"40\" maxlength=\"400\" class=\"wpcf7-form-control wpcf7-tel wpcf7-text wpcf7-validates-as-tel\" aria-invalid=\"false\" value=\"\" type=\"tel\" name=\"phone\" \/><\/span> <\/label>\n\t<\/p>\n<\/div>\n<div class=\"col-lg-6\">\n\t<p><label>E-Mail<br \/>\n<span class=\"wpcf7-form-control-wrap\" data-name=\"email\"><input size=\"40\" maxlength=\"400\" class=\"wpcf7-form-control wpcf7-email wpcf7-text wpcf7-validates-as-email\" aria-invalid=\"false\" value=\"\" type=\"email\" name=\"email\" \/><\/span> <\/label>\n\t<\/p>\n<\/div>\n<div class=\"col-12\">\n\t<p><label>Bitte beschreiben Sie den Vorfall so detailliert wie m\u00f6glich*<br \/>\n<span class=\"wpcf7-form-control-wrap\" data-name=\"message\"><textarea cols=\"40\" rows=\"10\" maxlength=\"2000\" class=\"wpcf7-form-control wpcf7-textarea\" aria-invalid=\"false\" name=\"message\"><\/textarea><\/span><\/label>\n\t<\/p>\n<\/div>\n<div class=\"col-12 mb-2\">\n\t<p><b>(*) Pflichtfelder<\/b>\n\t<\/p>\n<\/div>\n<div class=\"col-12 d-flex data-protection\">\n\t<p><label for=\"data_protection\"><br \/>\n<span class=\"wpcf7-form-control-wrap\" data-name=\"data_protection\"><span class=\"wpcf7-form-control wpcf7-acceptance\"><span class=\"wpcf7-list-item\"><input type=\"checkbox\" name=\"data_protection\" value=\"1\" id=\"data_protection\" aria-invalid=\"false\" \/><\/span><\/span><\/span>Ich bin mit der DSGVO konformen Verarbeitung meiner Daten einverstanden. Mehr Informationen dazu sind in der <a href=\"\/de\/datenschutz\/\">Datenschutzerkl\u00e4rung<\/a> verf\u00fcgbar.<br \/>\n<\/label>\n\t<\/p>\n<\/div>\n<div class=\"col-12 text-right\">\n\t<p><input class=\"wpcf7-form-control wpcf7-submit has-spinner\" type=\"submit\" value=\"Nachricht senden\" \/>\n\t<\/p>\n<\/div><div class=\"frc-captcha \" data-sitekey=\"FCMLG0A8VCJ53UN7\" data-lang=\"de\" ><\/div>\n\t\t<noscript>You need to enable Javascript for the anti-spam check.<\/noscript><div class=\"wpcf7-response-output\" aria-hidden=\"true\"><\/div>\n<\/form>\n<\/div>\n[\/vc_column][vc_column width=&#8221;1\/4&#8243;][\/vc_column][\/vc_row][vc_row][vc_column]<div class=\"vc-spacer spacing-bottom-s\"><\/div>[\/vc_column][\/vc_row]<\/p>\n<\/div>","protected":false},"excerpt":{"rendered":"<p>[vc_row][vc_column][\/vc_column][\/vc_row][vc_row][vc_column width=&#8221;1\/4&#8243;][\/vc_column][vc_column width=&#8221;1\/2&#8243;][vc_column_text]Wir erf\u00fcllen in allen M\u00e4rkten, in denen wir t\u00e4tig sind, die gesetzlichen Normen und Vorgaben und gew\u00e4hrleisten ein hohes Ma\u00df an Integrit\u00e4t. Faires und wettbewerbsf\u00e4higes Verhalten sind f\u00fcr uns von grundlegender Bedeutung. Ungeb\u00fchrliches Verhalten oder Verdachtsf\u00e4lle k\u00f6nnen uns jederzeit \u00fcber das &#8220;Speak up&#8221;-Portal gemeldet werden. Stoelzle hat die Compliance-Abteilung seiner Muttergesellschaft, der CAG [&hellip;]<\/p>\n","protected":false},"author":1,"featured_media":0,"parent":0,"menu_order":950,"comment_status":"closed","ping_status":"closed","template":"","meta":{"_acf_changed":false,"footnotes":""},"class_list":["post-1752","page","type-page","status-publish","hentry"],"acf":[],"yoast_head":"<!-- This site is optimized with the Yoast SEO plugin v26.6 - https:\/\/yoast.com\/wordpress\/plugins\/seo\/ -->\n<title>Speak up - Stoelzle Glass Group<\/title>\n<meta name=\"robots\" content=\"noindex, follow\" \/>\n<meta property=\"og:locale\" content=\"de_DE\" \/>\n<meta property=\"og:type\" content=\"article\" \/>\n<meta property=\"og:title\" content=\"Speak up - Stoelzle Glass Group\" \/>\n<meta property=\"og:description\" content=\"[vc_row][vc_column][\/vc_column][\/vc_row][vc_row][vc_column width=&#8221;1\/4&#8243;][\/vc_column][vc_column width=&#8221;1\/2&#8243;][vc_column_text]Wir erf\u00fcllen in allen M\u00e4rkten, in denen wir t\u00e4tig sind, die gesetzlichen Normen und Vorgaben und gew\u00e4hrleisten ein hohes Ma\u00df an Integrit\u00e4t. Faires und wettbewerbsf\u00e4higes Verhalten sind f\u00fcr uns von grundlegender Bedeutung. Ungeb\u00fchrliches Verhalten oder Verdachtsf\u00e4lle k\u00f6nnen uns jederzeit \u00fcber das &#8220;Speak up&#8221;-Portal gemeldet werden. Stoelzle hat die Compliance-Abteilung seiner Muttergesellschaft, der CAG [&hellip;]\" \/>\n<meta property=\"og:url\" content=\"https:\/\/www.stoelzle.com\/de\/speak-up-de\/\" \/>\n<meta property=\"og:site_name\" content=\"Stoelzle Glass Group\" \/>\n<meta property=\"article:modified_time\" content=\"2025-02-13T12:49:48+00:00\" \/>\n<meta name=\"twitter:card\" content=\"summary_large_image\" \/>\n<meta name=\"twitter:label1\" content=\"Gesch\u00e4tzte Lesezeit\" \/>\n\t<meta name=\"twitter:data1\" content=\"1 Minute\" \/>\n<script type=\"application\/ld+json\" class=\"yoast-schema-graph\">{\"@context\":\"https:\/\/schema.org\",\"@graph\":[{\"@type\":\"WebPage\",\"@id\":\"https:\/\/www.stoelzle.com\/de\/speak-up-de\/\",\"url\":\"https:\/\/www.stoelzle.com\/de\/speak-up-de\/\",\"name\":\"Speak up - Stoelzle Glass Group\",\"isPartOf\":{\"@id\":\"https:\/\/www.stoelzle.com\/#website\"},\"datePublished\":\"2021-01-25T09:07:42+00:00\",\"dateModified\":\"2025-02-13T12:49:48+00:00\",\"breadcrumb\":{\"@id\":\"https:\/\/www.stoelzle.com\/de\/speak-up-de\/#breadcrumb\"},\"inLanguage\":\"de-DE\",\"potentialAction\":[{\"@type\":\"ReadAction\",\"target\":[\"https:\/\/www.stoelzle.com\/de\/speak-up-de\/\"]}]},{\"@type\":\"BreadcrumbList\",\"@id\":\"https:\/\/www.stoelzle.com\/de\/speak-up-de\/#breadcrumb\",\"itemListElement\":[{\"@type\":\"ListItem\",\"position\":1,\"name\":\"Home\",\"item\":\"https:\/\/www.stoelzle.com\/de\/\"},{\"@type\":\"ListItem\",\"position\":2,\"name\":\"Speak up\"}]},{\"@type\":\"WebSite\",\"@id\":\"https:\/\/www.stoelzle.com\/#website\",\"url\":\"https:\/\/www.stoelzle.com\/\",\"name\":\"Stoelzle Glass Group\",\"description\":\"\",\"publisher\":{\"@id\":\"https:\/\/www.stoelzle.com\/#organization\"},\"potentialAction\":[{\"@type\":\"SearchAction\",\"target\":{\"@type\":\"EntryPoint\",\"urlTemplate\":\"https:\/\/www.stoelzle.com\/?s={search_term_string}\"},\"query-input\":{\"@type\":\"PropertyValueSpecification\",\"valueRequired\":true,\"valueName\":\"search_term_string\"}}],\"inLanguage\":\"de-DE\"},{\"@type\":\"Organization\",\"@id\":\"https:\/\/www.stoelzle.com\/#organization\",\"name\":\"Stoelzle Glass Group\",\"url\":\"https:\/\/www.stoelzle.com\/\",\"logo\":{\"@type\":\"ImageObject\",\"inLanguage\":\"de-DE\",\"@id\":\"https:\/\/www.stoelzle.com\/#\/schema\/logo\/image\/\",\"url\":\"https:\/\/www.stoelzle.com\/wp-content\/uploads\/2020\/06\/Logo.svg\",\"contentUrl\":\"https:\/\/www.stoelzle.com\/wp-content\/uploads\/2020\/06\/Logo.svg\",\"width\":180,\"height\":40,\"caption\":\"Stoelzle Glass Group\"},\"image\":{\"@id\":\"https:\/\/www.stoelzle.com\/#\/schema\/logo\/image\/\"}}]}<\/script>\n<!-- \/ Yoast SEO plugin. -->","yoast_head_json":{"title":"Speak up - Stoelzle Glass Group","robots":{"index":"noindex","follow":"follow"},"og_locale":"de_DE","og_type":"article","og_title":"Speak up - Stoelzle Glass Group","og_description":"[vc_row][vc_column][\/vc_column][\/vc_row][vc_row][vc_column width=&#8221;1\/4&#8243;][\/vc_column][vc_column width=&#8221;1\/2&#8243;][vc_column_text]Wir erf\u00fcllen in allen M\u00e4rkten, in denen wir t\u00e4tig sind, die gesetzlichen Normen und Vorgaben und gew\u00e4hrleisten ein hohes Ma\u00df an Integrit\u00e4t. Faires und wettbewerbsf\u00e4higes Verhalten sind f\u00fcr uns von grundlegender Bedeutung. Ungeb\u00fchrliches Verhalten oder Verdachtsf\u00e4lle k\u00f6nnen uns jederzeit \u00fcber das &#8220;Speak up&#8221;-Portal gemeldet werden. Stoelzle hat die Compliance-Abteilung seiner Muttergesellschaft, der CAG [&hellip;]","og_url":"https:\/\/www.stoelzle.com\/de\/speak-up-de\/","og_site_name":"Stoelzle Glass Group","article_modified_time":"2025-02-13T12:49:48+00:00","twitter_card":"summary_large_image","twitter_misc":{"Gesch\u00e4tzte Lesezeit":"1 Minute"},"schema":{"@context":"https:\/\/schema.org","@graph":[{"@type":"WebPage","@id":"https:\/\/www.stoelzle.com\/de\/speak-up-de\/","url":"https:\/\/www.stoelzle.com\/de\/speak-up-de\/","name":"Speak up - Stoelzle Glass Group","isPartOf":{"@id":"https:\/\/www.stoelzle.com\/#website"},"datePublished":"2021-01-25T09:07:42+00:00","dateModified":"2025-02-13T12:49:48+00:00","breadcrumb":{"@id":"https:\/\/www.stoelzle.com\/de\/speak-up-de\/#breadcrumb"},"inLanguage":"de-DE","potentialAction":[{"@type":"ReadAction","target":["https:\/\/www.stoelzle.com\/de\/speak-up-de\/"]}]},{"@type":"BreadcrumbList","@id":"https:\/\/www.stoelzle.com\/de\/speak-up-de\/#breadcrumb","itemListElement":[{"@type":"ListItem","position":1,"name":"Home","item":"https:\/\/www.stoelzle.com\/de\/"},{"@type":"ListItem","position":2,"name":"Speak up"}]},{"@type":"WebSite","@id":"https:\/\/www.stoelzle.com\/#website","url":"https:\/\/www.stoelzle.com\/","name":"Stoelzle Glass Group","description":"","publisher":{"@id":"https:\/\/www.stoelzle.com\/#organization"},"potentialAction":[{"@type":"SearchAction","target":{"@type":"EntryPoint","urlTemplate":"https:\/\/www.stoelzle.com\/?s={search_term_string}"},"query-input":{"@type":"PropertyValueSpecification","valueRequired":true,"valueName":"search_term_string"}}],"inLanguage":"de-DE"},{"@type":"Organization","@id":"https:\/\/www.stoelzle.com\/#organization","name":"Stoelzle Glass Group","url":"https:\/\/www.stoelzle.com\/","logo":{"@type":"ImageObject","inLanguage":"de-DE","@id":"https:\/\/www.stoelzle.com\/#\/schema\/logo\/image\/","url":"https:\/\/www.stoelzle.com\/wp-content\/uploads\/2020\/06\/Logo.svg","contentUrl":"https:\/\/www.stoelzle.com\/wp-content\/uploads\/2020\/06\/Logo.svg","width":180,"height":40,"caption":"Stoelzle Glass Group"},"image":{"@id":"https:\/\/www.stoelzle.com\/#\/schema\/logo\/image\/"}}]}},"_links":{"self":[{"href":"https:\/\/www.stoelzle.com\/de\/wp-json\/wp\/v2\/pages\/1752","targetHints":{"allow":["GET"]}}],"collection":[{"href":"https:\/\/www.stoelzle.com\/de\/wp-json\/wp\/v2\/pages"}],"about":[{"href":"https:\/\/www.stoelzle.com\/de\/wp-json\/wp\/v2\/types\/page"}],"author":[{"embeddable":true,"href":"https:\/\/www.stoelzle.com\/de\/wp-json\/wp\/v2\/users\/1"}],"replies":[{"embeddable":true,"href":"https:\/\/www.stoelzle.com\/de\/wp-json\/wp\/v2\/comments?post=1752"}],"version-history":[{"count":0,"href":"https:\/\/www.stoelzle.com\/de\/wp-json\/wp\/v2\/pages\/1752\/revisions"}],"wp:attachment":[{"href":"https:\/\/www.stoelzle.com\/de\/wp-json\/wp\/v2\/media?parent=1752"}],"curies":[{"name":"wp","href":"https:\/\/api.w.org\/{rel}","templated":true}]}}