{"id":1750,"date":"2021-01-22T13:41:02","date_gmt":"2021-01-22T13:41:02","guid":{"rendered":"http:\/\/stoelzle.com\/locations\/"},"modified":"2025-06-30T07:33:10","modified_gmt":"2025-06-30T07:33:10","slug":"standorte","status":"publish","type":"page","link":"https:\/\/www.stoelzle.com\/de\/standorte\/","title":{"rendered":"Standorte"},"content":{"rendered":"<div class=\"wpb-content-wrapper\"><p>[vc_row][vc_column]<div class=\"vc-title   text-center\">\n              <div class=\"topline\">Das weltweite Stoelzle Netzwerk<\/div>\n              <h1 class=\"title position-relative separator\">Stoelzle Standorte<\/h1>\n              \n            <\/div>[\/vc_column][\/vc_row][vc_row full_width=&#8221;stretch_row_content_no_spaces&#8221;][vc_column]<div class=\"vc-two-columns  \">\n                <div class=\"row\">\n                    <div class=\"col-sm-6 bg-blue image-left\"><img loading=\"lazy\" decoding=\"async\" width=\"1024\" height=\"666\" src=\"https:\/\/www.stoelzle.com\/wp-content\/uploads\/2023\/05\/location-headquarter-stoelzle-koeflach2023-austria-1024x666.jpg\" class=\"w-100 h-100 cover\" alt=\"\" srcset=\"https:\/\/www.stoelzle.com\/wp-content\/uploads\/2023\/05\/location-headquarter-stoelzle-koeflach2023-austria-1024x666.jpg 1024w, https:\/\/www.stoelzle.com\/wp-content\/uploads\/2023\/05\/location-headquarter-stoelzle-koeflach2023-austria-480x312.jpg 480w, https:\/\/www.stoelzle.com\/wp-content\/uploads\/2023\/05\/location-headquarter-stoelzle-koeflach2023-austria-1536x998.jpg 1536w, https:\/\/www.stoelzle.com\/wp-content\/uploads\/2023\/05\/location-headquarter-stoelzle-koeflach2023-austria-992x645.jpg 992w, https:\/\/www.stoelzle.com\/wp-content\/uploads\/2023\/05\/location-headquarter-stoelzle-koeflach2023-austria-180x117.jpg 180w, https:\/\/www.stoelzle.com\/wp-content\/uploads\/2023\/05\/location-headquarter-stoelzle-koeflach2023-austria.jpg 2000w\" sizes=\"auto, (max-width: 1024px) 100vw, 1024px\" \/><\/div>\n                    <div class=\"col-sm-6 bg-blue image-left\"><div class=\"column-content h-100 d-flex flex-column justify-content-center\"><\/p>\n<p class=\"topline\">stammwerk<\/p>\n<h2>Stoelzle Oberglas GmbH<\/h2>\n<p>Fabrikstra\u00dfe 11<br \/>\nA-8580 K\u00f6flach<br \/>\nTel.: <a href=\"tel:+433144706\">+43 3144 706<\/a><br \/>\nE-Mail: <a href=\"mailto:office@stoelzle.com\">office@stoelzle.com<\/a><\/p>\n<p><\/div><\/div>\n                <\/div>\n            <\/div>[\/vc_column][\/vc_row][vc_row][vc_column]<div class=\"vc-title spacing-top-m  text-center\">\n              \n              <h2 class=\"title position-relative\">Produktionsstandorte<\/h2>\n              \n            <\/div><div id=\"id-production-locations\" class=\"vc-gallery  spacing-bottom-m\"><div class=\"row vc-gallery-grid\"><div  class=\"vc-gallery-item mb-4 style-2 col-sm-6 col-md-4 col-lg-3 text-left\">\n                  <a  href=\"https:\/\/www.stoelzle.com\/sto\/\"  target=\"_blank\" ><div class=\"vc-gallery-image off\"><img decoding=\"async\" class=\"img-fluid\" src=\"https:\/\/www.stoelzle.com\/wp-content\/uploads\/2023\/05\/locations-stoelzle-oberglas2023-austria-800x600.jpg\" alt=\"\"><\/div><\/a>\n                  <div class=\"vc-gallery-content\"><div class=\"vc-gallery-title\">Stoelzle Oberglas GmbH<\/div><div class=\"vc-gallery-text\">Fabrikstra\u00dfe 11<br>8580 K\u00f6flach, \u00d6sterreich<br>\nTel.: <a href=\"tel:+433144706\">+43 3144 706<\/a><br>\n<a href=\"mailto:office@stoelzle.com\">E-Mail schreiben<\/a> | <a href=\"\/sto\/\" target=\"_blank\">Website<\/a><\/div><\/div>\n                <\/div><div  class=\"vc-gallery-item mb-4 style-2 col-sm-6 col-md-4 col-lg-3 text-left text-left\">\n                  <a  href=\"https:\/\/www.stoelzle.com\/stf\/\"  target=\"_blank\" ><div class=\"vc-gallery-image off\"><img decoding=\"async\" class=\"img-fluid\" src=\"https:\/\/www.stoelzle.com\/wp-content\/uploads\/2021\/03\/location-stoelzle-flaconnage-england-800x600.jpg\" alt=\"Bird view of production plant Stoelzle Flaconnage Great Britain\"><\/div><\/a>\n                  <div class=\"vc-gallery-content\"><div class=\"vc-gallery-title\">Stoelzle Flaconnage Ltd.<\/div><div class=\"vc-gallery-text\">Weeland Road, Knottingley<br>WF11 8AP, West Yorkshire, England<br>\nTel.: <a href=\"tel:+441977607124\">+44 1977 607124<\/a><br>\n<a href=\"mailto:officeSTF@stoelzle.com\">E-Mail schreiben<\/a> | <a href=\"\/stf\/\" target=\"_blank\">Website<\/a><\/div><\/div>\n                <\/div><div  class=\"vc-gallery-item mb-4 style-2 col-sm-6 col-md-4 col-lg-3 text-left text-left text-left\">\n                  <a  href=\"https:\/\/www.stoelzle.com\/stm\/\"  target=\"_blank\" ><div class=\"vc-gallery-image off\"><img decoding=\"async\" class=\"img-fluid\" src=\"https:\/\/www.stoelzle.com\/wp-content\/uploads\/2021\/03\/location-stoelzle-masnieres-france-800x600.jpg\" alt=\"Bird view of production plant Stoelzle Masnieres  France\"><\/div><\/a>\n                  <div class=\"vc-gallery-content\"><div class=\"vc-gallery-title\">Stoelzle Masni\u00e8res Parfumerie SAS<\/div><div class=\"vc-gallery-text\">Route Nationale<br>59241 Masni\u00e8res, Frankreich<br>\nTel.: <a href=\"tel:+33327722700\">+33 3 27 72 27 00<\/a><br>\n<a href=\"mailto:officeSTM@stoelzle.com\">E-Mail schreiben<\/a> | <a href=\"\/stm\/\" target=\"_blank\">Website<\/a><\/div><\/div>\n                <\/div><div  class=\"vc-gallery-item mb-4 style-2 col-sm-6 col-md-4 col-lg-3 text-left text-left text-left text-left\">\n                  <a  href=\"https:\/\/www.stoelzle.com\/stu\/\"  target=\"_blank\" ><div class=\"vc-gallery-image off\"><img decoding=\"async\" class=\"img-fluid\" src=\"https:\/\/www.stoelzle.com\/wp-content\/uploads\/2021\/03\/location-stoelzle-union-czech-800x600.jpg\" alt=\"Bird view of production  plant Stoelzle Union Czech Republic\"><\/div><\/a>\n                  <div class=\"vc-gallery-content\"><div class=\"vc-gallery-title\">Stoelzle Union s.r.o<\/div><div class=\"vc-gallery-text\">U Skl\u00e1rny 300<br>330 24 He\u0159manova Hu\u0165, Tschechien<br>\nTel.: <a href=\"tel:+420377882510\">+420 377 882 510<\/a><br>\n<a href=\"mailto:officeSTU@stoelzle.com\">E-Mail schreiben<\/a> | <a href=\"\/stu\/\" target=\"_blank\">Website<\/a><\/div><\/div>\n                <\/div><div  class=\"vc-gallery-item mb-4 style-2 col-sm-6 col-md-4 col-lg-3 text-left text-left text-left text-left text-left\">\n                  <a  href=\"https:\/\/www.stoelzle.com\/stc\/\"  target=\"_blank\" ><div class=\"vc-gallery-image off\"><img decoding=\"async\" class=\"img-fluid\" src=\"https:\/\/www.stoelzle.com\/wp-content\/uploads\/2021\/03\/location-stoelzle-czestochowa-poland-800x600.jpg\" alt=\"Bird view of production plant Stoelzle Czestochowa Poland\"><\/div><\/a>\n                  <div class=\"vc-gallery-content\"><div class=\"vc-gallery-title\">Stoelzle Cz\u0119stochowa Sp. z o.o.<\/div><div class=\"vc-gallery-text\">Ul. Warszawska 347<br>42-209 Cz\u0119stochowa, Polen<br>\nTel.: <a href=\"tel:+48343604500\">+48 34 3604 500<\/a><br>\n<a href=\"mailto:officeSTC@stoelzle.com\">E-Mail schreiben<\/a> | <a href=\"\/stc\/\" target=\"_blank\">Website<\/a><\/div><\/div>\n                <\/div><div  class=\"vc-gallery-item mb-4 style-2 col-sm-6 col-md-4 col-lg-3 text-left text-left text-left text-left text-left text-left\">\n                  <a  href=\"https:\/\/www.stoelzle.com\/stw\/\"  target=\"_blank\" ><div class=\"vc-gallery-image off\"><img decoding=\"async\" class=\"img-fluid\" src=\"https:\/\/www.stoelzle.com\/wp-content\/uploads\/2021\/03\/location-stoelzle-wymiarki-poland-800x600.jpg\" alt=\"Bird view of production plant Stoelzle Wymiarki Poland\"><\/div><\/a>\n                  <div class=\"vc-gallery-content\"><div class=\"vc-gallery-title\">Stoelzle Wymiarki Sp. z o.o.<\/div><div class=\"vc-gallery-text\">Ul. Ks. Witolda 11<br>68-131 Wymiarki, Polen<br>\nTel.: <a href=\"tel:+48683604450\">+48 68 3604 450<\/a><br>\n<a href=\"mailto:STWoffice@stoelzle.com\">E-Mail schreiben<\/a> | <a href=\"\/stw\/\" target=\"_blank\">Website<\/a><\/div><\/div>\n                <\/div><div  class=\"vc-gallery-item mb-4 style-2 col-sm-6 col-md-4 col-lg-3 text-left text-left text-left text-left text-left text-left text-left\">\n                  <div class=\"vc-gallery-image off\"><img decoding=\"async\" class=\"img-fluid\" src=\"https:\/\/www.stoelzle.com\/wp-content\/uploads\/2023\/05\/location-stoelzle-pennsylvania2023-usa-800x600.jpg\" alt=\"\"><\/div>\n                  <div class=\"vc-gallery-content\"><div class=\"vc-gallery-title\">Stoelzle Glass USA, Inc.<\/div><div class=\"vc-gallery-text\">400 9<sup>th<\/sup> Street<br>Monaca, PA, 15061, USA<br>\nTel.: <a href=\"tel:+17247733215\">+1 724 773 3215<\/a><br>\n<a href=\"mailto:officeSTP@stoelzle.com\">E-Mail schreiben<\/a><\/div><\/div>\n                <\/div><\/div><\/div>[\/vc_column][\/vc_row][vc_row full_width=&#8221;stretch_row&#8221; el_class=&#8221;light-gray&#8221;][vc_column]<div class=\"vc-title spacing-top-m spacing-bottom-s text-center\">\n              \n              <h2 class=\"title position-relative\">Verkaufsniederlassungen<\/h2>\n              \n            <\/div>[vc_row_inner][vc_column_inner width=&#8221;1\/5&#8243;][vc_column_text]<\/p>\n<p class=\"h4\">\u00d6sterreich<\/p>\n<p><strong>Stoelzle Oberglas GmbH<\/strong><br \/>\nKei\u00dflergasse 26-28<br \/>\n1140 Wien, \u00d6sterreich<br \/>\nTel.: <a href=\"tel:+43141565\">+43 1 41565<\/a><br \/>\n<a href=\"mailto:office@stoelzle.com\">E-Mail schreiben<\/a><\/p>\n<p>[\/vc_column_text][\/vc_column_inner][vc_column_inner width=&#8221;1\/5&#8243;][vc_column_text]<\/p>\n<p class=\"h4\">USA<\/p>\n<p><strong>Stoelzle Glass USA, Inc.<\/strong><br \/>\n5 Penn Plaza, 23<sup>rd<\/sup> Floor<br \/>\nNew York 10119, USA<br \/>\nTel.: <a href=\"tel:+16469017633\">+1 646 901 7633<\/a><br \/>\n<a href=\"mailto:spencer.emmet@stoelzle.com\">E-Mail schreiben<\/a><\/p>\n<p>[\/vc_column_text][\/vc_column_inner][vc_column_inner width=&#8221;1\/5&#8243;][vc_column_text]<\/p>\n<p class=\"h4\">Russland<\/p>\n<p><strong>Stoelzle Glass LLC<\/strong><br \/>\nUl. Dobrolyubova, 3, b.1, of. 300<br \/>\n127254 Moskau, Russland<br \/>\nTel.: <a href=\"tel:+74956191325\">+7 495 619 1325<\/a><br \/>\n<a href=\"mailto:elena.golubchikova@stoelzle.com\">E-Mail schreiben<\/a><\/p>\n<p>[\/vc_column_text][\/vc_column_inner][vc_column_inner width=&#8221;1\/5&#8243;][vc_column_text]<\/p>\n<p class=\"h4\">Italien<\/p>\n<p><strong>Stoelzle Glas Italia s.r.l<\/strong><br \/>\nVia Bisceglie 76<br \/>\n20152 Milano, Italien<br \/>\nTel.: <a href=\"tel:+393427404425\">+39 3427 404 425<\/a><br \/>\n<a href=\"mailto:alessandro.moraca@stoelzle.com\">E-Mail schreiben<\/a><\/p>\n<p>[\/vc_column_text][\/vc_column_inner][vc_column_inner width=&#8221;1\/5&#8243;][vc_column_text css=&#8221;&#8221;]<\/p>\n<p class=\"h4\">Frankreich<\/p>\n<p><strong>Stoelzle Glass Group<\/strong><br \/>\n7A Rue Marguerite de Navarre<br \/>\n16100 Cognac, Frankreich<br \/>\nTel.: <a href=\"tel:+33669421661\">+33 6 69 42 16 61<\/a><br \/>\n<a href=\"mailto:herve.derivoire@stoelzle.com\">E-Mail schreiben<\/a><\/p>\n<p>[\/vc_column_text][\/vc_column_inner][\/vc_row_inner]<div class=\"vc-spacer spacing-bottom-m\"><\/div>[\/vc_column][\/vc_row][vc_row full_width=&#8221;stretch_row&#8221; disable_element=&#8221;yes&#8221; el_class=&#8221;light-gray&#8221;][vc_column width=&#8221;1\/12&#8243;][\/vc_column][vc_column width=&#8221;10\/12&#8243;]<div class=\"vc-title spacing-top-m  text-center\">\n              \n              <h2 class=\"title position-relative\">Verkaufsniederlassungen<\/h2>\n              \n            <\/div><div id=\"id-sales-offices\" class=\"vc-gallery  spacing-bottom-m\"><div class=\"row vc-gallery-grid\"><div  class=\"vc-gallery-item mb-4 style-2 col-sm-6 col-md-4 text-left\">\n                  <div class=\"vc-gallery-image off\"><img decoding=\"async\" class=\"img-fluid\" src=\"\" alt=\"\"><\/div>\n                  <div class=\"vc-gallery-content\"><div class=\"vc-gallery-title\">\u00d6sterreich<\/div><div class=\"vc-gallery-text\"><ul>\n<li>Stoelzle Oberglas GmbH<\/li>\n<li>Kei\u00dflergasse 26-28<br>1140 Wien, \u00d6sterreich<\/li>\n<li>Tel.: +43 1 41565<\/li>\n<li><a href=\"mailto:office@stoelzle.com\">E-Mail schreiben<\/a><\/li>\n<\/ul><\/div><\/div>\n                <\/div><div  class=\"vc-gallery-item mb-4 style-2 col-sm-6 col-md-4 text-left text-left\">\n                  <div class=\"vc-gallery-image off\"><img decoding=\"async\" class=\"img-fluid\" src=\"\" alt=\"\"><\/div>\n                  <div class=\"vc-gallery-content\"><div class=\"vc-gallery-title\">USA<\/div><div class=\"vc-gallery-text\"><ul>\n<li>Stoelzle Glass USA, Inc.<\/li>\n<li>5 Penn Plaza, 23<sup>rd<\/sup> Floor<br>New York 10119, USA<\/li>\n<li>Tel.: +1 646 901 7633<\/li>\n<li><a href=\"mailto:spencer.emmet@stoelzle.com\">E-Mail schreiben<\/a><\/li>\n<\/ul><\/div><\/div>\n                <\/div><div  class=\"vc-gallery-item mb-4 style-2 col-sm-6 col-md-4 text-left text-left text-left\">\n                  <div class=\"vc-gallery-image off\"><img decoding=\"async\" class=\"img-fluid\" src=\"\" alt=\"\"><\/div>\n                  <div class=\"vc-gallery-content\"><div class=\"vc-gallery-title\">Russland<\/div><div class=\"vc-gallery-text\"><ul>\n<li>Stoelzle Glass LLC<\/li>\n<li>Ul. Dobrolyubova, 3, b.1, of. 300<br>127254 Moskau, Russland<\/li>\n<li>Tel.: +7 495 619 1325<\/li>\n<li><a href=\"mailto:elena.golubchikova@stoelzle.com\">E-Mail schreiben<\/a><\/li>\n<\/ul><\/div><\/div>\n                <\/div><div  class=\"vc-gallery-item mb-4 style-2 col-sm-6 col-md-4 text-left text-left text-left text-left\">\n                  <div class=\"vc-gallery-image off\"><img decoding=\"async\" class=\"img-fluid\" src=\"\" alt=\"\"><\/div>\n                  <div class=\"vc-gallery-content\"><div class=\"vc-gallery-title\">Italien<\/div><div class=\"vc-gallery-text\"><ul>\n<li>Stoelzle Glas Italia s.r.l<\/li>\n<li>Via Bisceglie 76<br>20152 Milano, Italien<\/li>\n<li>Tel.: +39 3427 404 425<\/li>\n<li><a href=\"mailto:alessandro.moraca@stoelzle.com\">E-Mail schreiben<\/a><\/li>\n<\/ul><\/div><\/div>\n                <\/div><div  class=\"vc-gallery-item mb-4 style-2 col-sm-6 col-md-4 text-left text-left text-left text-left text-left\">\n                  <div class=\"vc-gallery-image off\"><img decoding=\"async\" class=\"img-fluid\" src=\"\" alt=\"\"><\/div>\n                  <div class=\"vc-gallery-content\"><div class=\"vc-gallery-title\">Frankreich<\/div><div class=\"vc-gallery-text\"><ul>\n<li>Stoelzle Glass Group<\/li>\n<li>106 Boulevard Denfert Rochereau<br>16100 Cognac, Frankreich<\/li>\n<li>Tel.: +33 6 69 42 16 61<\/li>\n<li><a href=\"mailto:herve.derivoire@stoelzle.com\">E-Mail schreiben<\/a><\/li>\n<\/ul><\/div><\/div>\n                <\/div><\/div><\/div>[\/vc_column][vc_column width=&#8221;1\/12&#8243;][\/vc_column][\/vc_row]<\/p>\n<\/div>","protected":false},"excerpt":{"rendered":"<p>[vc_row][vc_column][\/vc_column][\/vc_row][vc_row full_width=&#8221;stretch_row_content_no_spaces&#8221;][vc_column][\/vc_column][\/vc_row][vc_row][vc_column][\/vc_column][\/vc_row][vc_row full_width=&#8221;stretch_row&#8221; el_class=&#8221;light-gray&#8221;][vc_column][vc_row_inner][vc_column_inner width=&#8221;1\/5&#8243;][vc_column_text] \u00d6sterreich Stoelzle Oberglas GmbH Kei\u00dflergasse 26-28 1140 Wien, \u00d6sterreich Tel.: +43 1 41565 E-Mail schreiben [\/vc_column_text][\/vc_column_inner][vc_column_inner width=&#8221;1\/5&#8243;][vc_column_text] USA Stoelzle Glass USA, Inc. 5 Penn Plaza, 23rd Floor New York 10119, USA Tel.: +1 646 901 7633 E-Mail schreiben [\/vc_column_text][\/vc_column_inner][vc_column_inner width=&#8221;1\/5&#8243;][vc_column_text] Russland Stoelzle Glass LLC Ul. Dobrolyubova, 3, b.1, of. 300 [&hellip;]<\/p>\n","protected":false},"author":1,"featured_media":0,"parent":0,"menu_order":810,"comment_status":"closed","ping_status":"closed","template":"","meta":{"_acf_changed":false,"footnotes":""},"class_list":["post-1750","page","type-page","status-publish","hentry"],"acf":[],"yoast_head":"<!-- This site is optimized with the Yoast SEO plugin v26.6 - https:\/\/yoast.com\/wordpress\/plugins\/seo\/ -->\n<title>Produktionsniederlassungen \u00bb Dekorationsstandorte | Stoelzle<\/title>\n<meta name=\"description\" content=\"Entdecken Sie alle Stoelzle Produktionsstandorte &amp; Dekorationsst\u00e4tten \u279c f\u00fchrender europ\u00e4ischer Glashersteller \u2713 Mehr erfahren!\" \/>\n<meta name=\"robots\" content=\"index, follow, max-snippet:-1, max-image-preview:large, max-video-preview:-1\" \/>\n<link rel=\"canonical\" href=\"https:\/\/www.stoelzle.com\/de\/standorte\/\" \/>\n<meta property=\"og:locale\" content=\"de_DE\" \/>\n<meta property=\"og:type\" content=\"article\" \/>\n<meta property=\"og:title\" content=\"Produktionsniederlassungen \u00bb Dekorationsstandorte | Stoelzle\" \/>\n<meta property=\"og:description\" content=\"Entdecken Sie alle Stoelzle Produktionsstandorte &amp; Dekorationsst\u00e4tten \u279c f\u00fchrender europ\u00e4ischer Glashersteller \u2713 Mehr erfahren!\" \/>\n<meta property=\"og:url\" content=\"https:\/\/www.stoelzle.com\/de\/standorte\/\" \/>\n<meta property=\"og:site_name\" content=\"Stoelzle Glass Group\" \/>\n<meta property=\"article:modified_time\" content=\"2025-06-30T07:33:10+00:00\" \/>\n<meta name=\"twitter:card\" content=\"summary_large_image\" \/>\n<meta name=\"twitter:label1\" content=\"Gesch\u00e4tzte Lesezeit\" \/>\n\t<meta name=\"twitter:data1\" content=\"1 Minute\" \/>\n<script type=\"application\/ld+json\" class=\"yoast-schema-graph\">{\"@context\":\"https:\/\/schema.org\",\"@graph\":[{\"@type\":\"WebPage\",\"@id\":\"https:\/\/www.stoelzle.com\/de\/standorte\/\",\"url\":\"https:\/\/www.stoelzle.com\/de\/standorte\/\",\"name\":\"Produktionsniederlassungen \u00bb Dekorationsstandorte | Stoelzle\",\"isPartOf\":{\"@id\":\"https:\/\/www.stoelzle.com\/#website\"},\"datePublished\":\"2021-01-22T13:41:02+00:00\",\"dateModified\":\"2025-06-30T07:33:10+00:00\",\"description\":\"Entdecken Sie alle Stoelzle Produktionsstandorte & Dekorationsst\u00e4tten \u279c f\u00fchrender europ\u00e4ischer Glashersteller \u2713 Mehr erfahren!\",\"breadcrumb\":{\"@id\":\"https:\/\/www.stoelzle.com\/de\/standorte\/#breadcrumb\"},\"inLanguage\":\"de-DE\",\"potentialAction\":[{\"@type\":\"ReadAction\",\"target\":[\"https:\/\/www.stoelzle.com\/de\/standorte\/\"]}]},{\"@type\":\"BreadcrumbList\",\"@id\":\"https:\/\/www.stoelzle.com\/de\/standorte\/#breadcrumb\",\"itemListElement\":[{\"@type\":\"ListItem\",\"position\":1,\"name\":\"Home\",\"item\":\"https:\/\/www.stoelzle.com\/de\/\"},{\"@type\":\"ListItem\",\"position\":2,\"name\":\"Standorte\"}]},{\"@type\":\"WebSite\",\"@id\":\"https:\/\/www.stoelzle.com\/#website\",\"url\":\"https:\/\/www.stoelzle.com\/\",\"name\":\"Stoelzle Glass Group\",\"description\":\"\",\"publisher\":{\"@id\":\"https:\/\/www.stoelzle.com\/#organization\"},\"potentialAction\":[{\"@type\":\"SearchAction\",\"target\":{\"@type\":\"EntryPoint\",\"urlTemplate\":\"https:\/\/www.stoelzle.com\/?s={search_term_string}\"},\"query-input\":{\"@type\":\"PropertyValueSpecification\",\"valueRequired\":true,\"valueName\":\"search_term_string\"}}],\"inLanguage\":\"de-DE\"},{\"@type\":\"Organization\",\"@id\":\"https:\/\/www.stoelzle.com\/#organization\",\"name\":\"Stoelzle Glass Group\",\"url\":\"https:\/\/www.stoelzle.com\/\",\"logo\":{\"@type\":\"ImageObject\",\"inLanguage\":\"de-DE\",\"@id\":\"https:\/\/www.stoelzle.com\/#\/schema\/logo\/image\/\",\"url\":\"https:\/\/www.stoelzle.com\/wp-content\/uploads\/2020\/06\/Logo.svg\",\"contentUrl\":\"https:\/\/www.stoelzle.com\/wp-content\/uploads\/2020\/06\/Logo.svg\",\"width\":180,\"height\":40,\"caption\":\"Stoelzle Glass Group\"},\"image\":{\"@id\":\"https:\/\/www.stoelzle.com\/#\/schema\/logo\/image\/\"}}]}<\/script>\n<!-- \/ Yoast SEO plugin. -->","yoast_head_json":{"title":"Produktionsniederlassungen \u00bb Dekorationsstandorte | Stoelzle","description":"Entdecken Sie alle Stoelzle Produktionsstandorte & Dekorationsst\u00e4tten \u279c f\u00fchrender europ\u00e4ischer Glashersteller \u2713 Mehr erfahren!","robots":{"index":"index","follow":"follow","max-snippet":"max-snippet:-1","max-image-preview":"max-image-preview:large","max-video-preview":"max-video-preview:-1"},"canonical":"https:\/\/www.stoelzle.com\/de\/standorte\/","og_locale":"de_DE","og_type":"article","og_title":"Produktionsniederlassungen \u00bb Dekorationsstandorte | Stoelzle","og_description":"Entdecken Sie alle Stoelzle Produktionsstandorte & Dekorationsst\u00e4tten \u279c f\u00fchrender europ\u00e4ischer Glashersteller \u2713 Mehr erfahren!","og_url":"https:\/\/www.stoelzle.com\/de\/standorte\/","og_site_name":"Stoelzle Glass Group","article_modified_time":"2025-06-30T07:33:10+00:00","twitter_card":"summary_large_image","twitter_misc":{"Gesch\u00e4tzte Lesezeit":"1 Minute"},"schema":{"@context":"https:\/\/schema.org","@graph":[{"@type":"WebPage","@id":"https:\/\/www.stoelzle.com\/de\/standorte\/","url":"https:\/\/www.stoelzle.com\/de\/standorte\/","name":"Produktionsniederlassungen \u00bb Dekorationsstandorte | Stoelzle","isPartOf":{"@id":"https:\/\/www.stoelzle.com\/#website"},"datePublished":"2021-01-22T13:41:02+00:00","dateModified":"2025-06-30T07:33:10+00:00","description":"Entdecken Sie alle Stoelzle Produktionsstandorte & Dekorationsst\u00e4tten \u279c f\u00fchrender europ\u00e4ischer Glashersteller \u2713 Mehr erfahren!","breadcrumb":{"@id":"https:\/\/www.stoelzle.com\/de\/standorte\/#breadcrumb"},"inLanguage":"de-DE","potentialAction":[{"@type":"ReadAction","target":["https:\/\/www.stoelzle.com\/de\/standorte\/"]}]},{"@type":"BreadcrumbList","@id":"https:\/\/www.stoelzle.com\/de\/standorte\/#breadcrumb","itemListElement":[{"@type":"ListItem","position":1,"name":"Home","item":"https:\/\/www.stoelzle.com\/de\/"},{"@type":"ListItem","position":2,"name":"Standorte"}]},{"@type":"WebSite","@id":"https:\/\/www.stoelzle.com\/#website","url":"https:\/\/www.stoelzle.com\/","name":"Stoelzle Glass Group","description":"","publisher":{"@id":"https:\/\/www.stoelzle.com\/#organization"},"potentialAction":[{"@type":"SearchAction","target":{"@type":"EntryPoint","urlTemplate":"https:\/\/www.stoelzle.com\/?s={search_term_string}"},"query-input":{"@type":"PropertyValueSpecification","valueRequired":true,"valueName":"search_term_string"}}],"inLanguage":"de-DE"},{"@type":"Organization","@id":"https:\/\/www.stoelzle.com\/#organization","name":"Stoelzle Glass Group","url":"https:\/\/www.stoelzle.com\/","logo":{"@type":"ImageObject","inLanguage":"de-DE","@id":"https:\/\/www.stoelzle.com\/#\/schema\/logo\/image\/","url":"https:\/\/www.stoelzle.com\/wp-content\/uploads\/2020\/06\/Logo.svg","contentUrl":"https:\/\/www.stoelzle.com\/wp-content\/uploads\/2020\/06\/Logo.svg","width":180,"height":40,"caption":"Stoelzle Glass Group"},"image":{"@id":"https:\/\/www.stoelzle.com\/#\/schema\/logo\/image\/"}}]}},"_links":{"self":[{"href":"https:\/\/www.stoelzle.com\/de\/wp-json\/wp\/v2\/pages\/1750","targetHints":{"allow":["GET"]}}],"collection":[{"href":"https:\/\/www.stoelzle.com\/de\/wp-json\/wp\/v2\/pages"}],"about":[{"href":"https:\/\/www.stoelzle.com\/de\/wp-json\/wp\/v2\/types\/page"}],"author":[{"embeddable":true,"href":"https:\/\/www.stoelzle.com\/de\/wp-json\/wp\/v2\/users\/1"}],"replies":[{"embeddable":true,"href":"https:\/\/www.stoelzle.com\/de\/wp-json\/wp\/v2\/comments?post=1750"}],"version-history":[{"count":0,"href":"https:\/\/www.stoelzle.com\/de\/wp-json\/wp\/v2\/pages\/1750\/revisions"}],"wp:attachment":[{"href":"https:\/\/www.stoelzle.com\/de\/wp-json\/wp\/v2\/media?parent=1750"}],"curies":[{"name":"wp","href":"https:\/\/api.w.org\/{rel}","templated":true}]}}