{"id":1744,"date":"2021-01-14T12:02:42","date_gmt":"2021-01-14T12:02:42","guid":{"rendered":"http:\/\/stoelzle.com\/business-units\/candle-jars-lanterns\/"},"modified":"2022-02-21T18:03:27","modified_gmt":"2022-02-21T18:03:27","slug":"kerzenglaeser-laternen","status":"publish","type":"page","link":"https:\/\/www.stoelzle.com\/de\/geschaeftsfelder\/kerzenglaeser-laternen\/","title":{"rendered":"Kerzengl\u00e4ser &amp; Laternen"},"content":{"rendered":"<div class=\"wpb-content-wrapper\"><p>[vc_row][vc_column]<div class=\"vc-title   text-center\">\n              <div class=\"topline\">Faszination Licht<\/div>\n              <h1 class=\"title position-relative separator\">Glasbeh\u00e4lter f\u00fcr Kerzen &amp; Laternen<\/h1>\n              <div class=\"row\"><div class=\"col-md-10 offset-md-1\"><\/p>\n<p class=\"large-text\">Dekorative Kerzengl\u00e4ser und Windlichter bringen Behaglichkeit in jedes Heim. Mit unseren ansprechenden Designs k\u00f6nnen Sie sich zur\u00fccklehnen und einfach relaxen. F\u00fcr religi\u00f6se Feste und besinnliche Anl\u00e4sse bieten wir eine Vielzahl an Laternen und Grablichtern. Sie begleiten Sie in Zeiten der Andacht und religi\u00f6sen Besinnung und sind in zahlreichen Standarddesigns und Dekoren auf Abruf vom Lager verf\u00fcgbar.<\/p>\n<p><\/div><\/div>\n            <\/div>[\/vc_column][\/vc_row][vc_row full_width=&#8221;stretch_row_content_no_spaces&#8221;][vc_column]<div class=\"vc-two-columns  \">\n                <div class=\"row\">\n                    <div class=\"col-sm-6 bg-blue image-left\"><img loading=\"lazy\" decoding=\"async\" width=\"1024\" height=\"666\" src=\"https:\/\/www.stoelzle.com\/wp-content\/uploads\/2021\/01\/candle-jars-lanterns-1024x666.jpg\" class=\"w-100 h-100 cover\" alt=\"Religious candle cars and lanterns for graveyards\" srcset=\"https:\/\/www.stoelzle.com\/wp-content\/uploads\/2021\/01\/candle-jars-lanterns-1024x666.jpg 1024w, https:\/\/www.stoelzle.com\/wp-content\/uploads\/2021\/01\/candle-jars-lanterns-480x312.jpg 480w, https:\/\/www.stoelzle.com\/wp-content\/uploads\/2021\/01\/candle-jars-lanterns-1536x998.jpg 1536w, https:\/\/www.stoelzle.com\/wp-content\/uploads\/2021\/01\/candle-jars-lanterns-992x645.jpg 992w, https:\/\/www.stoelzle.com\/wp-content\/uploads\/2021\/01\/candle-jars-lanterns-600x390.jpg 600w, https:\/\/www.stoelzle.com\/wp-content\/uploads\/2021\/01\/candle-jars-lanterns.jpg 2000w\" sizes=\"auto, (max-width: 1024px) 100vw, 1024px\" \/><\/div>\n                    <div class=\"col-sm-6 bg-blue image-left\"><div class=\"column-content h-100 d-flex flex-column justify-content-center\"><\/p>\n<h2 style=\"color: #ffff\">Kerzengl\u00e4ser und traditionelle Glaslaternen<\/h2>\n<ul>\n<li>Entwicklung von individuellen Glasformen<\/li>\n<li>Moderner 3D-Druck<\/li>\n<li>Hochwertige Verpackung<\/li>\n<li><a href=\"\/wp-content\/uploads\/2021\/04\/catalogue-lanterns-candles-EN.pdf\" target=\"_blank\" rel=\"noopener\">Lassen Sie sich von unserem Katalog inspirieren!<\/a><\/li>\n<\/ul>\n<p><a class=\"editor-button cta-white\" href=\"https:\/\/www.stoelzle.com\/de\/kontakt\/\" rel=\"noopener\">Noch Fragen?<\/a><\/div><\/div>\n                <\/div>\n            <\/div>[\/vc_column][\/vc_row][vc_row][vc_column]<div class=\"vc-title spacing-top-m  text-center\">\n              \n              <h2 class=\"title position-relative\">Unsere Produkte<\/h2>\n              \n            <\/div><div id=\"id-gallery\" class=\"vc-gallery  spacing-bottom-m\"><div class=\"row vc-gallery-slider\"><a  href=\"https:\/\/www.stoelzle.com\/wp-content\/uploads\/2021\/02\/candle-jars-lanterns-w227.jpg\"  class=\"vc-gallery-item mb-4 style-1 col-sm-6 col-md-4 col-lg-3\">\n                  <div class=\"vc-gallery-image darken-20 show-border\"><img decoding=\"async\" class=\"img-fluid\" src=\"https:\/\/www.stoelzle.com\/wp-content\/uploads\/2021\/02\/candle-jars-lanterns-w227-800x800.jpg\" alt=\"Product picture of candle jar w227\"><\/div>\n                  <div class=\"vc-gallery-content\"><div class=\"vc-gallery-title\">W227<\/div><\/div>\n                <\/a><a  href=\"https:\/\/www.stoelzle.com\/wp-content\/uploads\/2021\/02\/candle-jars-lanterns-w222.jpg\"  class=\"vc-gallery-item mb-4 style-1 col-sm-6 col-md-4 col-lg-3\">\n                  <div class=\"vc-gallery-image darken-20 show-border\"><img decoding=\"async\" class=\"img-fluid\" src=\"https:\/\/www.stoelzle.com\/wp-content\/uploads\/2021\/02\/candle-jars-lanterns-w222-800x800.jpg\" alt=\"Product picture of candle jar w222\"><\/div>\n                  <div class=\"vc-gallery-content\"><div class=\"vc-gallery-title\">W222<\/div><\/div>\n                <\/a><a  href=\"https:\/\/www.stoelzle.com\/wp-content\/uploads\/2021\/02\/candle-jars-lanterns-w212.jpg\"  class=\"vc-gallery-item mb-4 style-1 col-sm-6 col-md-4 col-lg-3\">\n                  <div class=\"vc-gallery-image darken-20 show-border\"><img decoding=\"async\" class=\"img-fluid\" src=\"https:\/\/www.stoelzle.com\/wp-content\/uploads\/2021\/02\/candle-jars-lanterns-w212-800x800.jpg\" alt=\"Product picture of candle jar w212\"><\/div>\n                  <div class=\"vc-gallery-content\"><div class=\"vc-gallery-title\">W212<\/div><\/div>\n                <\/a><a  href=\"https:\/\/www.stoelzle.com\/wp-content\/uploads\/2021\/02\/candle-jars-lanterns-w201.jpg\"  class=\"vc-gallery-item mb-4 style-1 col-sm-6 col-md-4 col-lg-3\">\n                  <div class=\"vc-gallery-image darken-20 show-border\"><img decoding=\"async\" class=\"img-fluid\" src=\"https:\/\/www.stoelzle.com\/wp-content\/uploads\/2021\/02\/candle-jars-lanterns-w201-800x800.jpg\" alt=\"Product picture of candle jar w201\"><\/div>\n                  <div class=\"vc-gallery-content\"><div class=\"vc-gallery-title\">W201<\/div><\/div>\n                <\/a><a  href=\"https:\/\/www.stoelzle.com\/wp-content\/uploads\/2021\/02\/candle-jars-lanterns-w116.jpg\"  class=\"vc-gallery-item mb-4 style-1 col-sm-6 col-md-4 col-lg-3\">\n                  <div class=\"vc-gallery-image darken-20 show-border\"><img decoding=\"async\" class=\"img-fluid\" src=\"https:\/\/www.stoelzle.com\/wp-content\/uploads\/2021\/02\/candle-jars-lanterns-w116-800x800.jpg\" alt=\"Product picture of candle jar w116\"><\/div>\n                  <div class=\"vc-gallery-content\"><div class=\"vc-gallery-title\">W116<\/div><\/div>\n                <\/a><a  href=\"https:\/\/www.stoelzle.com\/wp-content\/uploads\/2021\/02\/candle-jars-lanterns-w108.jpg\"  class=\"vc-gallery-item mb-4 style-1 col-sm-6 col-md-4 col-lg-3\">\n                  <div class=\"vc-gallery-image darken-20 show-border\"><img decoding=\"async\" class=\"img-fluid\" src=\"https:\/\/www.stoelzle.com\/wp-content\/uploads\/2021\/02\/candle-jars-lanterns-w108-800x800.jpg\" alt=\"Product picture of candle jar w108\"><\/div>\n                  <div class=\"vc-gallery-content\"><div class=\"vc-gallery-title\">W108<\/div><\/div>\n                <\/a><a  href=\"https:\/\/www.stoelzle.com\/wp-content\/uploads\/2021\/02\/candle-jars-lanterns-w21.jpg\"  class=\"vc-gallery-item mb-4 style-1 col-sm-6 col-md-4 col-lg-3\">\n                  <div class=\"vc-gallery-image darken-20 show-border\"><img decoding=\"async\" class=\"img-fluid\" src=\"https:\/\/www.stoelzle.com\/wp-content\/uploads\/2021\/02\/candle-jars-lanterns-w21-800x800.jpg\" alt=\"Product picture of candle jar w21\"><\/div>\n                  <div class=\"vc-gallery-content\"><div class=\"vc-gallery-title\">W21<\/div><\/div>\n                <\/a><a  href=\"https:\/\/www.stoelzle.com\/wp-content\/uploads\/2021\/02\/candle-jars-lanterns-spirit25.jpg\"  class=\"vc-gallery-item mb-4 style-1 col-sm-6 col-md-4 col-lg-3\">\n                  <div class=\"vc-gallery-image darken-20 show-border\"><img decoding=\"async\" class=\"img-fluid\" src=\"https:\/\/www.stoelzle.com\/wp-content\/uploads\/2021\/02\/candle-jars-lanterns-spirit25-800x800.jpg\" alt=\"Product picture of candle jar spirit25\"><\/div>\n                  <div class=\"vc-gallery-content\"><div class=\"vc-gallery-title\">Low Boy<\/div><\/div>\n                <\/a><\/div><div class=\"mt-4\"><div class=\"row\"><div class=\"col content-slider-arrows text-center\"><\/div><\/div><\/div><\/div>\n      <script async>\n        jQuery(document).ready(function($) {\n          jQuery(\"#id-gallery .vc-gallery-slider\").slick({\n            slidesToShow: 4,\n            prevArrow: \"<span class=\\\"d-inline-block slick-arrow slick-arrow-prev\\\"><\/span>\",\n            nextArrow: \"<span class=\\\"d-inline-block slick-arrow slick-arrow-next\\\"><\/span>\",\n            appendArrows: $(\"#id-gallery .content-slider-arrows\"),\n            adaptiveHeight: true,\n            responsive: [\n              {\n                breakpoint: 1024,\n                settings: {\n                  slidesToShow: 2\n                }\n              },\n              {\n                breakpoint: 768,\n                settings: {\n                  slidesToShow: 1\n                }\n              },\n            ]\n          });\n        });\n      <\/script>\n        <script async>\n        jQuery(document).ready(function($) {\n          jQuery(\"#id-gallery a\").simpleLightbox({uniqueImages: false});\n        });\n        <\/script>\n      [\/vc_column][\/vc_row]<\/p>\n<\/div>","protected":false},"excerpt":{"rendered":"<p>[vc_row][vc_column][\/vc_column][\/vc_row][vc_row full_width=&#8221;stretch_row_content_no_spaces&#8221;][vc_column][\/vc_column][\/vc_row][vc_row][vc_column][\/vc_column][\/vc_row]<\/p>\n","protected":false},"author":1,"featured_media":0,"parent":1700,"menu_order":470,"comment_status":"closed","ping_status":"closed","template":"","meta":{"_acf_changed":false,"footnotes":""},"class_list":["post-1744","page","type-page","status-publish","hentry"],"acf":[],"yoast_head":"<!-- This site is optimized with the Yoast SEO plugin v26.6 - https:\/\/yoast.com\/wordpress\/plugins\/seo\/ -->\n<title>Glasbeh\u00e4lter f\u00fcr Kerzen &amp; Laternen \u00bb zur Auswahl | Stoelzle<\/title>\n<meta name=\"description\" content=\"Die Stoelzle Glass Group fertigt hochwertige Glasbeh\u00e4lter f\u00fcr Kerzen &amp; Laternen \u279c Kerzenbecher \u2713 Windlichter \u2713 Laternen \u2713 Grablichter &amp; mehr \u2713\" \/>\n<meta name=\"robots\" content=\"index, follow, max-snippet:-1, max-image-preview:large, max-video-preview:-1\" \/>\n<link rel=\"canonical\" href=\"https:\/\/www.stoelzle.com\/de\/geschaeftsfelder\/kerzenglaeser-laternen\/\" \/>\n<meta property=\"og:locale\" content=\"de_DE\" \/>\n<meta property=\"og:type\" content=\"article\" \/>\n<meta property=\"og:title\" content=\"Glasbeh\u00e4lter f\u00fcr Kerzen &amp; Laternen \u00bb zur Auswahl | Stoelzle\" \/>\n<meta property=\"og:description\" content=\"Die Stoelzle Glass Group fertigt hochwertige Glasbeh\u00e4lter f\u00fcr Kerzen &amp; Laternen \u279c Kerzenbecher \u2713 Windlichter \u2713 Laternen \u2713 Grablichter &amp; mehr \u2713\" \/>\n<meta property=\"og:url\" content=\"https:\/\/www.stoelzle.com\/de\/geschaeftsfelder\/kerzenglaeser-laternen\/\" \/>\n<meta property=\"og:site_name\" content=\"Stoelzle Glass Group\" \/>\n<meta property=\"article:modified_time\" content=\"2022-02-21T18:03:27+00:00\" \/>\n<meta name=\"twitter:card\" content=\"summary_large_image\" \/>\n<meta name=\"twitter:label1\" content=\"Gesch\u00e4tzte Lesezeit\" \/>\n\t<meta name=\"twitter:data1\" content=\"1 Minute\" \/>\n<script type=\"application\/ld+json\" class=\"yoast-schema-graph\">{\"@context\":\"https:\/\/schema.org\",\"@graph\":[{\"@type\":\"WebPage\",\"@id\":\"https:\/\/www.stoelzle.com\/de\/geschaeftsfelder\/kerzenglaeser-laternen\/\",\"url\":\"https:\/\/www.stoelzle.com\/de\/geschaeftsfelder\/kerzenglaeser-laternen\/\",\"name\":\"Glasbeh\u00e4lter f\u00fcr Kerzen & Laternen \u00bb zur Auswahl | Stoelzle\",\"isPartOf\":{\"@id\":\"https:\/\/www.stoelzle.com\/#website\"},\"datePublished\":\"2021-01-14T12:02:42+00:00\",\"dateModified\":\"2022-02-21T18:03:27+00:00\",\"description\":\"Die Stoelzle Glass Group fertigt hochwertige Glasbeh\u00e4lter f\u00fcr Kerzen & Laternen \u279c Kerzenbecher \u2713 Windlichter \u2713 Laternen \u2713 Grablichter & mehr \u2713\",\"breadcrumb\":{\"@id\":\"https:\/\/www.stoelzle.com\/de\/geschaeftsfelder\/kerzenglaeser-laternen\/#breadcrumb\"},\"inLanguage\":\"de-DE\",\"potentialAction\":[{\"@type\":\"ReadAction\",\"target\":[\"https:\/\/www.stoelzle.com\/de\/geschaeftsfelder\/kerzenglaeser-laternen\/\"]}]},{\"@type\":\"BreadcrumbList\",\"@id\":\"https:\/\/www.stoelzle.com\/de\/geschaeftsfelder\/kerzenglaeser-laternen\/#breadcrumb\",\"itemListElement\":[{\"@type\":\"ListItem\",\"position\":1,\"name\":\"Home\",\"item\":\"https:\/\/www.stoelzle.com\/de\/\"},{\"@type\":\"ListItem\",\"position\":2,\"name\":\"Gesch\u00e4ftsfelder\",\"item\":\"https:\/\/www.stoelzle.com\/de\/geschaeftsfelder\/\"},{\"@type\":\"ListItem\",\"position\":3,\"name\":\"Kerzengl\u00e4ser &amp; Laternen\"}]},{\"@type\":\"WebSite\",\"@id\":\"https:\/\/www.stoelzle.com\/#website\",\"url\":\"https:\/\/www.stoelzle.com\/\",\"name\":\"Stoelzle Glass Group\",\"description\":\"\",\"publisher\":{\"@id\":\"https:\/\/www.stoelzle.com\/#organization\"},\"potentialAction\":[{\"@type\":\"SearchAction\",\"target\":{\"@type\":\"EntryPoint\",\"urlTemplate\":\"https:\/\/www.stoelzle.com\/?s={search_term_string}\"},\"query-input\":{\"@type\":\"PropertyValueSpecification\",\"valueRequired\":true,\"valueName\":\"search_term_string\"}}],\"inLanguage\":\"de-DE\"},{\"@type\":\"Organization\",\"@id\":\"https:\/\/www.stoelzle.com\/#organization\",\"name\":\"Stoelzle Glass Group\",\"url\":\"https:\/\/www.stoelzle.com\/\",\"logo\":{\"@type\":\"ImageObject\",\"inLanguage\":\"de-DE\",\"@id\":\"https:\/\/www.stoelzle.com\/#\/schema\/logo\/image\/\",\"url\":\"https:\/\/www.stoelzle.com\/wp-content\/uploads\/2020\/06\/Logo.svg\",\"contentUrl\":\"https:\/\/www.stoelzle.com\/wp-content\/uploads\/2020\/06\/Logo.svg\",\"width\":180,\"height\":40,\"caption\":\"Stoelzle Glass Group\"},\"image\":{\"@id\":\"https:\/\/www.stoelzle.com\/#\/schema\/logo\/image\/\"}}]}<\/script>\n<!-- \/ Yoast SEO plugin. -->","yoast_head_json":{"title":"Glasbeh\u00e4lter f\u00fcr Kerzen & Laternen \u00bb zur Auswahl | Stoelzle","description":"Die Stoelzle Glass Group fertigt hochwertige Glasbeh\u00e4lter f\u00fcr Kerzen & Laternen \u279c Kerzenbecher \u2713 Windlichter \u2713 Laternen \u2713 Grablichter & mehr \u2713","robots":{"index":"index","follow":"follow","max-snippet":"max-snippet:-1","max-image-preview":"max-image-preview:large","max-video-preview":"max-video-preview:-1"},"canonical":"https:\/\/www.stoelzle.com\/de\/geschaeftsfelder\/kerzenglaeser-laternen\/","og_locale":"de_DE","og_type":"article","og_title":"Glasbeh\u00e4lter f\u00fcr Kerzen & Laternen \u00bb zur Auswahl | Stoelzle","og_description":"Die Stoelzle Glass Group fertigt hochwertige Glasbeh\u00e4lter f\u00fcr Kerzen & Laternen \u279c Kerzenbecher \u2713 Windlichter \u2713 Laternen \u2713 Grablichter & mehr \u2713","og_url":"https:\/\/www.stoelzle.com\/de\/geschaeftsfelder\/kerzenglaeser-laternen\/","og_site_name":"Stoelzle Glass Group","article_modified_time":"2022-02-21T18:03:27+00:00","twitter_card":"summary_large_image","twitter_misc":{"Gesch\u00e4tzte Lesezeit":"1 Minute"},"schema":{"@context":"https:\/\/schema.org","@graph":[{"@type":"WebPage","@id":"https:\/\/www.stoelzle.com\/de\/geschaeftsfelder\/kerzenglaeser-laternen\/","url":"https:\/\/www.stoelzle.com\/de\/geschaeftsfelder\/kerzenglaeser-laternen\/","name":"Glasbeh\u00e4lter f\u00fcr Kerzen & Laternen \u00bb zur Auswahl | Stoelzle","isPartOf":{"@id":"https:\/\/www.stoelzle.com\/#website"},"datePublished":"2021-01-14T12:02:42+00:00","dateModified":"2022-02-21T18:03:27+00:00","description":"Die Stoelzle Glass Group fertigt hochwertige Glasbeh\u00e4lter f\u00fcr Kerzen & Laternen \u279c Kerzenbecher \u2713 Windlichter \u2713 Laternen \u2713 Grablichter & mehr \u2713","breadcrumb":{"@id":"https:\/\/www.stoelzle.com\/de\/geschaeftsfelder\/kerzenglaeser-laternen\/#breadcrumb"},"inLanguage":"de-DE","potentialAction":[{"@type":"ReadAction","target":["https:\/\/www.stoelzle.com\/de\/geschaeftsfelder\/kerzenglaeser-laternen\/"]}]},{"@type":"BreadcrumbList","@id":"https:\/\/www.stoelzle.com\/de\/geschaeftsfelder\/kerzenglaeser-laternen\/#breadcrumb","itemListElement":[{"@type":"ListItem","position":1,"name":"Home","item":"https:\/\/www.stoelzle.com\/de\/"},{"@type":"ListItem","position":2,"name":"Gesch\u00e4ftsfelder","item":"https:\/\/www.stoelzle.com\/de\/geschaeftsfelder\/"},{"@type":"ListItem","position":3,"name":"Kerzengl\u00e4ser &amp; Laternen"}]},{"@type":"WebSite","@id":"https:\/\/www.stoelzle.com\/#website","url":"https:\/\/www.stoelzle.com\/","name":"Stoelzle Glass Group","description":"","publisher":{"@id":"https:\/\/www.stoelzle.com\/#organization"},"potentialAction":[{"@type":"SearchAction","target":{"@type":"EntryPoint","urlTemplate":"https:\/\/www.stoelzle.com\/?s={search_term_string}"},"query-input":{"@type":"PropertyValueSpecification","valueRequired":true,"valueName":"search_term_string"}}],"inLanguage":"de-DE"},{"@type":"Organization","@id":"https:\/\/www.stoelzle.com\/#organization","name":"Stoelzle Glass Group","url":"https:\/\/www.stoelzle.com\/","logo":{"@type":"ImageObject","inLanguage":"de-DE","@id":"https:\/\/www.stoelzle.com\/#\/schema\/logo\/image\/","url":"https:\/\/www.stoelzle.com\/wp-content\/uploads\/2020\/06\/Logo.svg","contentUrl":"https:\/\/www.stoelzle.com\/wp-content\/uploads\/2020\/06\/Logo.svg","width":180,"height":40,"caption":"Stoelzle Glass Group"},"image":{"@id":"https:\/\/www.stoelzle.com\/#\/schema\/logo\/image\/"}}]}},"_links":{"self":[{"href":"https:\/\/www.stoelzle.com\/de\/wp-json\/wp\/v2\/pages\/1744","targetHints":{"allow":["GET"]}}],"collection":[{"href":"https:\/\/www.stoelzle.com\/de\/wp-json\/wp\/v2\/pages"}],"about":[{"href":"https:\/\/www.stoelzle.com\/de\/wp-json\/wp\/v2\/types\/page"}],"author":[{"embeddable":true,"href":"https:\/\/www.stoelzle.com\/de\/wp-json\/wp\/v2\/users\/1"}],"replies":[{"embeddable":true,"href":"https:\/\/www.stoelzle.com\/de\/wp-json\/wp\/v2\/comments?post=1744"}],"version-history":[{"count":0,"href":"https:\/\/www.stoelzle.com\/de\/wp-json\/wp\/v2\/pages\/1744\/revisions"}],"up":[{"embeddable":true,"href":"https:\/\/www.stoelzle.com\/de\/wp-json\/wp\/v2\/pages\/1700"}],"wp:attachment":[{"href":"https:\/\/www.stoelzle.com\/de\/wp-json\/wp\/v2\/media?parent=1744"}],"curies":[{"name":"wp","href":"https:\/\/api.w.org\/{rel}","templated":true}]}}