{"id":1742,"date":"2021-01-14T12:02:12","date_gmt":"2021-01-14T12:02:12","guid":{"rendered":"http:\/\/stoelzle.com\/business-units\/tableware\/"},"modified":"2022-02-21T17:59:45","modified_gmt":"2022-02-21T17:59:45","slug":"tableware","status":"publish","type":"page","link":"https:\/\/www.stoelzle.com\/de\/geschaeftsfelder\/tableware\/","title":{"rendered":"Tableware"},"content":{"rendered":"<div class=\"wpb-content-wrapper\"><p>[vc_row][vc_column]<div class=\"vc-title   text-center\">\n              <div class=\"topline\">Edle Gl\u00e4ser f\u00fcr den gedeckten Tisch<\/div>\n              <h1 class=\"title position-relative separator\">Alle Trinkgl\u00e4ser<\/h1>\n              <div class=\"row\"><div class=\"col-md-10 offset-md-1\"><\/p>\n<p class=\"large-text\">St\u00f6lzle Lausitz fertigt hochwertige Trinkgl\u00e4ser und z\u00e4hlt zu den f\u00fchrenden Herstellern von bleifreiem Kristallglas.\u00a0 Das Unternehmen z\u00e4hlt zu den wenigen Tableware Herstellern, die maschinell gezogene Stilgl\u00e4ser fertigen und beliefert Hotels, Restaurants, Weing\u00fcter wie auch Endverbraucher in \u00fcber 120 L\u00e4ndern weltweit.<\/p>\n<p><\/div><\/div>\n            <\/div>[\/vc_column][\/vc_row][vc_row full_width=&#8221;stretch_row_content_no_spaces&#8221;][vc_column]<div class=\"vc-two-columns  \">\n                <div class=\"row\">\n                    <div class=\"col-sm-6 bg-blue image-left\"><img loading=\"lazy\" decoding=\"async\" width=\"1024\" height=\"666\" src=\"https:\/\/www.stoelzle.com\/wp-content\/uploads\/2021\/01\/tableware-red-wine-glass-carafe-1024x666.jpg\" class=\"w-100 h-100 cover\" alt=\"Stem glasses for wine and wine carafe made by Stoelzle Lausitz\" srcset=\"https:\/\/www.stoelzle.com\/wp-content\/uploads\/2021\/01\/tableware-red-wine-glass-carafe-1024x666.jpg 1024w, https:\/\/www.stoelzle.com\/wp-content\/uploads\/2021\/01\/tableware-red-wine-glass-carafe-480x312.jpg 480w, https:\/\/www.stoelzle.com\/wp-content\/uploads\/2021\/01\/tableware-red-wine-glass-carafe-1536x998.jpg 1536w, https:\/\/www.stoelzle.com\/wp-content\/uploads\/2021\/01\/tableware-red-wine-glass-carafe-992x645.jpg 992w, https:\/\/www.stoelzle.com\/wp-content\/uploads\/2021\/01\/tableware-red-wine-glass-carafe-600x390.jpg 600w, https:\/\/www.stoelzle.com\/wp-content\/uploads\/2021\/01\/tableware-red-wine-glass-carafe.jpg 2000w\" sizes=\"auto, (max-width: 1024px) 100vw, 1024px\" \/><\/div>\n                    <div class=\"col-sm-6 bg-blue image-left\"><div class=\"column-content h-100 d-flex flex-column justify-content-center\"><\/p>\n<h2 style=\"color: #ffff\">H\u00f6chste Qualit\u00e4t f\u00fcr den gedeckten Tisch<\/h2>\n<ul>\n<li>Spezialist f\u00fcr gezogene Stilgl\u00e4ser<\/li>\n<li>Das Portfolio umfasst Gl\u00e4ser f\u00fcr Schaumweine, Wein, Bier und Spirituosen<\/li>\n<li>Cocktailgl\u00e4ser, Karaffen und Kr\u00fcge<\/li>\n<li>Modernste Produktionsprozesse<\/li>\n<li>Veredelung mittels Druck, Gravur, Abziehbild, wie auch Gold- oder Platinrand<\/li>\n<li>H\u00f6chste Brillanz, Bruchsicherheit und Eignung f\u00fcr Sp\u00fclmaschinen<\/li>\n<li>Ideales Preis-Leistung-Verh\u00e4ltnis<\/li>\n<\/ul>\n<p><a class=\"editor-button cta-white\" href=\"https:\/\/www.stoelzle-lausitz-shop.de\" target=\"_blank\" rel=\"noopener\">www.stoelzle-lausitz-shop.de<\/a><\/div><\/div>\n                <\/div>\n            <\/div>[\/vc_column][\/vc_row][vc_row][vc_column]<div class=\"vc-title spacing-top-m  text-center\">\n              \n              <h2 class=\"title position-relative\">Unsere Produkte<\/h2>\n              \n            <\/div><div id=\"id-gallery\" class=\"vc-gallery  spacing-bottom-m\"><div class=\"row vc-gallery-slider\"><a  href=\"https:\/\/www.stoelzle.com\/wp-content\/uploads\/2021\/02\/tableware-collection-weinland.jpg\"  class=\"vc-gallery-item mb-4 style-1 col-sm-6 col-md-4 col-lg-3\">\n                  <div class=\"vc-gallery-image darken-20 show-border\"><img decoding=\"async\" class=\"img-fluid\" src=\"https:\/\/www.stoelzle.com\/wp-content\/uploads\/2021\/02\/tableware-collection-weinland-800x800.jpg\" alt=\"Product picture of Tableware Collection Weinland\"><\/div>\n                  <div class=\"vc-gallery-content\"><div class=\"vc-gallery-title\">Weinland<\/div><div class=\"vc-gallery-text\">Collection<\/div><\/div>\n                <\/a><a  href=\"https:\/\/www.stoelzle.com\/wp-content\/uploads\/2021\/02\/tableware-collection-ultra.jpg\"  class=\"vc-gallery-item mb-4 style-1 col-sm-6 col-md-4 col-lg-3\">\n                  <div class=\"vc-gallery-image darken-20 show-border\"><img decoding=\"async\" class=\"img-fluid\" src=\"https:\/\/www.stoelzle.com\/wp-content\/uploads\/2021\/02\/tableware-collection-ultra-800x800.jpg\" alt=\"Product picture of Tableware Collection Ultra\"><\/div>\n                  <div class=\"vc-gallery-content\"><div class=\"vc-gallery-title\">Ultra<\/div><div class=\"vc-gallery-text\">Collection<\/div><\/div>\n                <\/a><a  href=\"https:\/\/www.stoelzle.com\/wp-content\/uploads\/2021\/02\/tableware-collection-starlight.jpg\"  class=\"vc-gallery-item mb-4 style-1 col-sm-6 col-md-4 col-lg-3\">\n                  <div class=\"vc-gallery-image darken-20 show-border\"><img decoding=\"async\" class=\"img-fluid\" src=\"https:\/\/www.stoelzle.com\/wp-content\/uploads\/2021\/02\/tableware-collection-starlight-800x800.jpg\" alt=\"Product picture of Tableware Collection Starlight\"><\/div>\n                  <div class=\"vc-gallery-content\"><div class=\"vc-gallery-title\">Starlight<\/div><div class=\"vc-gallery-text\">Collection<\/div><\/div>\n                <\/a><a  href=\"https:\/\/www.stoelzle.com\/wp-content\/uploads\/2021\/02\/tableware-collection-revolution.jpg\"  class=\"vc-gallery-item mb-4 style-1 col-sm-6 col-md-4 col-lg-3\">\n                  <div class=\"vc-gallery-image darken-20 show-border\"><img decoding=\"async\" class=\"img-fluid\" src=\"https:\/\/www.stoelzle.com\/wp-content\/uploads\/2021\/02\/tableware-collection-revolution-800x800.jpg\" alt=\"Product picture of Tableware Collection Revolution\"><\/div>\n                  <div class=\"vc-gallery-content\"><div class=\"vc-gallery-title\">Revolution<\/div><div class=\"vc-gallery-text\">Collection<\/div><\/div>\n                <\/a><a  href=\"https:\/\/www.stoelzle.com\/wp-content\/uploads\/2021\/02\/tableware-collection-power-champagne.jpg\"  class=\"vc-gallery-item mb-4 style-1 col-sm-6 col-md-4 col-lg-3\">\n                  <div class=\"vc-gallery-image darken-20 show-border\"><img decoding=\"async\" class=\"img-fluid\" src=\"https:\/\/www.stoelzle.com\/wp-content\/uploads\/2021\/02\/tableware-collection-power-champagne-800x800.jpg\" alt=\"Product picture of Tableware Collection Power Champagne\"><\/div>\n                  <div class=\"vc-gallery-content\"><div class=\"vc-gallery-title\">Power Champagne<\/div><div class=\"vc-gallery-text\">Collection<\/div><\/div>\n                <\/a><a  href=\"https:\/\/www.stoelzle.com\/wp-content\/uploads\/2021\/02\/tableware-collection-new-york-bar.jpg\"  class=\"vc-gallery-item mb-4 style-1 col-sm-6 col-md-4 col-lg-3\">\n                  <div class=\"vc-gallery-image darken-20 show-border\"><img decoding=\"async\" class=\"img-fluid\" src=\"https:\/\/www.stoelzle.com\/wp-content\/uploads\/2021\/02\/tableware-collection-new-york-bar-800x800.jpg\" alt=\"Product picture of Tableware Collection New York Bar\"><\/div>\n                  <div class=\"vc-gallery-content\"><div class=\"vc-gallery-title\">New York Bar<\/div><div class=\"vc-gallery-text\">Collection<\/div><\/div>\n                <\/a><a  href=\"https:\/\/www.stoelzle.com\/wp-content\/uploads\/2021\/02\/tableware-collection-exquisit.jpg\"  class=\"vc-gallery-item mb-4 style-1 col-sm-6 col-md-4 col-lg-3\">\n                  <div class=\"vc-gallery-image darken-20 show-border\"><img decoding=\"async\" class=\"img-fluid\" src=\"https:\/\/www.stoelzle.com\/wp-content\/uploads\/2021\/02\/tableware-collection-exquisit-800x800.jpg\" alt=\"Product picture of Tableware Collection  Exquisit\"><\/div>\n                  <div class=\"vc-gallery-content\"><div class=\"vc-gallery-title\">Exquisit<\/div><div class=\"vc-gallery-text\">Collection<\/div><\/div>\n                <\/a><a  href=\"https:\/\/www.stoelzle.com\/wp-content\/uploads\/2021\/02\/tableware-collection-experience.jpg\"  class=\"vc-gallery-item mb-4 style-1 col-sm-6 col-md-4 col-lg-3\">\n                  <div class=\"vc-gallery-image darken-20 show-border\"><img decoding=\"async\" class=\"img-fluid\" src=\"https:\/\/www.stoelzle.com\/wp-content\/uploads\/2021\/02\/tableware-collection-experience-800x800.jpg\" alt=\"Product picture of Tableware Collection  Experience\"><\/div>\n                  <div class=\"vc-gallery-content\"><div class=\"vc-gallery-title\">Experience<\/div><div class=\"vc-gallery-text\">Collection<\/div><\/div>\n                <\/a><\/div><div class=\"mt-4\"><div class=\"row\"><div class=\"col content-slider-arrows text-center\"><\/div><\/div><\/div><\/div>\n      <script async>\n        jQuery(document).ready(function($) {\n          jQuery(\"#id-gallery .vc-gallery-slider\").slick({\n            slidesToShow: 4,\n            prevArrow: \"<span class=\\\"d-inline-block slick-arrow slick-arrow-prev\\\"><\/span>\",\n            nextArrow: \"<span class=\\\"d-inline-block slick-arrow slick-arrow-next\\\"><\/span>\",\n            appendArrows: $(\"#id-gallery .content-slider-arrows\"),\n            adaptiveHeight: true,\n            responsive: [\n              {\n                breakpoint: 1024,\n                settings: {\n                  slidesToShow: 2\n                }\n              },\n              {\n                breakpoint: 768,\n                settings: {\n                  slidesToShow: 1\n                }\n              },\n            ]\n          });\n        });\n      <\/script>\n        <script async>\n        jQuery(document).ready(function($) {\n          jQuery(\"#id-gallery a\").simpleLightbox({uniqueImages: false});\n        });\n        <\/script>\n      [\/vc_column][\/vc_row]<\/p>\n<\/div>","protected":false},"excerpt":{"rendered":"<p>[vc_row][vc_column][\/vc_column][\/vc_row][vc_row full_width=&#8221;stretch_row_content_no_spaces&#8221;][vc_column][\/vc_column][\/vc_row][vc_row][vc_column][\/vc_column][\/vc_row]<\/p>\n","protected":false},"author":1,"featured_media":0,"parent":1700,"menu_order":450,"comment_status":"closed","ping_status":"closed","template":"","meta":{"_acf_changed":false,"footnotes":""},"class_list":["post-1742","page","type-page","status-publish","hentry"],"acf":[],"yoast_head":"<!-- This site is optimized with the Yoast SEO plugin v26.6 - https:\/\/yoast.com\/wordpress\/plugins\/seo\/ -->\n<title>Glashersteller f\u00fcr Trinkgl\u00e4ser \u00bb pure Eleganz | Stoelzle<\/title>\n<meta name=\"description\" content=\"Die exklusiven Trinkgl\u00e4ser des Glasherstellers Stoelzle Lausitz sind \u279c zeitlos \u2713 elegant \u2713 bruchresistent \u2713 sp\u00fclmaschinenfest \u2713\" \/>\n<meta name=\"robots\" content=\"index, follow, max-snippet:-1, max-image-preview:large, max-video-preview:-1\" \/>\n<link rel=\"canonical\" href=\"https:\/\/www.stoelzle.com\/de\/geschaeftsfelder\/tableware\/\" \/>\n<meta property=\"og:locale\" content=\"de_DE\" \/>\n<meta property=\"og:type\" content=\"article\" \/>\n<meta property=\"og:title\" content=\"Glashersteller f\u00fcr Trinkgl\u00e4ser \u00bb pure Eleganz | Stoelzle\" \/>\n<meta property=\"og:description\" content=\"Die exklusiven Trinkgl\u00e4ser des Glasherstellers Stoelzle Lausitz sind \u279c zeitlos \u2713 elegant \u2713 bruchresistent \u2713 sp\u00fclmaschinenfest \u2713\" \/>\n<meta property=\"og:url\" content=\"https:\/\/www.stoelzle.com\/de\/geschaeftsfelder\/tableware\/\" \/>\n<meta property=\"og:site_name\" content=\"Stoelzle Glass Group\" \/>\n<meta property=\"article:modified_time\" content=\"2022-02-21T17:59:45+00:00\" \/>\n<meta name=\"twitter:card\" content=\"summary_large_image\" \/>\n<meta name=\"twitter:label1\" content=\"Gesch\u00e4tzte Lesezeit\" \/>\n\t<meta name=\"twitter:data1\" content=\"1 Minute\" \/>\n<script type=\"application\/ld+json\" class=\"yoast-schema-graph\">{\"@context\":\"https:\/\/schema.org\",\"@graph\":[{\"@type\":\"WebPage\",\"@id\":\"https:\/\/www.stoelzle.com\/de\/geschaeftsfelder\/tableware\/\",\"url\":\"https:\/\/www.stoelzle.com\/de\/geschaeftsfelder\/tableware\/\",\"name\":\"Glashersteller f\u00fcr Trinkgl\u00e4ser \u00bb pure Eleganz | Stoelzle\",\"isPartOf\":{\"@id\":\"https:\/\/www.stoelzle.com\/#website\"},\"datePublished\":\"2021-01-14T12:02:12+00:00\",\"dateModified\":\"2022-02-21T17:59:45+00:00\",\"description\":\"Die exklusiven Trinkgl\u00e4ser des Glasherstellers Stoelzle Lausitz sind \u279c zeitlos \u2713 elegant \u2713 bruchresistent \u2713 sp\u00fclmaschinenfest \u2713\",\"breadcrumb\":{\"@id\":\"https:\/\/www.stoelzle.com\/de\/geschaeftsfelder\/tableware\/#breadcrumb\"},\"inLanguage\":\"de-DE\",\"potentialAction\":[{\"@type\":\"ReadAction\",\"target\":[\"https:\/\/www.stoelzle.com\/de\/geschaeftsfelder\/tableware\/\"]}]},{\"@type\":\"BreadcrumbList\",\"@id\":\"https:\/\/www.stoelzle.com\/de\/geschaeftsfelder\/tableware\/#breadcrumb\",\"itemListElement\":[{\"@type\":\"ListItem\",\"position\":1,\"name\":\"Home\",\"item\":\"https:\/\/www.stoelzle.com\/de\/\"},{\"@type\":\"ListItem\",\"position\":2,\"name\":\"Gesch\u00e4ftsfelder\",\"item\":\"https:\/\/www.stoelzle.com\/de\/geschaeftsfelder\/\"},{\"@type\":\"ListItem\",\"position\":3,\"name\":\"Tableware\"}]},{\"@type\":\"WebSite\",\"@id\":\"https:\/\/www.stoelzle.com\/#website\",\"url\":\"https:\/\/www.stoelzle.com\/\",\"name\":\"Stoelzle Glass Group\",\"description\":\"\",\"publisher\":{\"@id\":\"https:\/\/www.stoelzle.com\/#organization\"},\"potentialAction\":[{\"@type\":\"SearchAction\",\"target\":{\"@type\":\"EntryPoint\",\"urlTemplate\":\"https:\/\/www.stoelzle.com\/?s={search_term_string}\"},\"query-input\":{\"@type\":\"PropertyValueSpecification\",\"valueRequired\":true,\"valueName\":\"search_term_string\"}}],\"inLanguage\":\"de-DE\"},{\"@type\":\"Organization\",\"@id\":\"https:\/\/www.stoelzle.com\/#organization\",\"name\":\"Stoelzle Glass Group\",\"url\":\"https:\/\/www.stoelzle.com\/\",\"logo\":{\"@type\":\"ImageObject\",\"inLanguage\":\"de-DE\",\"@id\":\"https:\/\/www.stoelzle.com\/#\/schema\/logo\/image\/\",\"url\":\"https:\/\/www.stoelzle.com\/wp-content\/uploads\/2020\/06\/Logo.svg\",\"contentUrl\":\"https:\/\/www.stoelzle.com\/wp-content\/uploads\/2020\/06\/Logo.svg\",\"width\":180,\"height\":40,\"caption\":\"Stoelzle Glass Group\"},\"image\":{\"@id\":\"https:\/\/www.stoelzle.com\/#\/schema\/logo\/image\/\"}}]}<\/script>\n<!-- \/ Yoast SEO plugin. -->","yoast_head_json":{"title":"Glashersteller f\u00fcr Trinkgl\u00e4ser \u00bb pure Eleganz | Stoelzle","description":"Die exklusiven Trinkgl\u00e4ser des Glasherstellers Stoelzle Lausitz sind \u279c zeitlos \u2713 elegant \u2713 bruchresistent \u2713 sp\u00fclmaschinenfest \u2713","robots":{"index":"index","follow":"follow","max-snippet":"max-snippet:-1","max-image-preview":"max-image-preview:large","max-video-preview":"max-video-preview:-1"},"canonical":"https:\/\/www.stoelzle.com\/de\/geschaeftsfelder\/tableware\/","og_locale":"de_DE","og_type":"article","og_title":"Glashersteller f\u00fcr Trinkgl\u00e4ser \u00bb pure Eleganz | Stoelzle","og_description":"Die exklusiven Trinkgl\u00e4ser des Glasherstellers Stoelzle Lausitz sind \u279c zeitlos \u2713 elegant \u2713 bruchresistent \u2713 sp\u00fclmaschinenfest \u2713","og_url":"https:\/\/www.stoelzle.com\/de\/geschaeftsfelder\/tableware\/","og_site_name":"Stoelzle Glass Group","article_modified_time":"2022-02-21T17:59:45+00:00","twitter_card":"summary_large_image","twitter_misc":{"Gesch\u00e4tzte Lesezeit":"1 Minute"},"schema":{"@context":"https:\/\/schema.org","@graph":[{"@type":"WebPage","@id":"https:\/\/www.stoelzle.com\/de\/geschaeftsfelder\/tableware\/","url":"https:\/\/www.stoelzle.com\/de\/geschaeftsfelder\/tableware\/","name":"Glashersteller f\u00fcr Trinkgl\u00e4ser \u00bb pure Eleganz | Stoelzle","isPartOf":{"@id":"https:\/\/www.stoelzle.com\/#website"},"datePublished":"2021-01-14T12:02:12+00:00","dateModified":"2022-02-21T17:59:45+00:00","description":"Die exklusiven Trinkgl\u00e4ser des Glasherstellers Stoelzle Lausitz sind \u279c zeitlos \u2713 elegant \u2713 bruchresistent \u2713 sp\u00fclmaschinenfest \u2713","breadcrumb":{"@id":"https:\/\/www.stoelzle.com\/de\/geschaeftsfelder\/tableware\/#breadcrumb"},"inLanguage":"de-DE","potentialAction":[{"@type":"ReadAction","target":["https:\/\/www.stoelzle.com\/de\/geschaeftsfelder\/tableware\/"]}]},{"@type":"BreadcrumbList","@id":"https:\/\/www.stoelzle.com\/de\/geschaeftsfelder\/tableware\/#breadcrumb","itemListElement":[{"@type":"ListItem","position":1,"name":"Home","item":"https:\/\/www.stoelzle.com\/de\/"},{"@type":"ListItem","position":2,"name":"Gesch\u00e4ftsfelder","item":"https:\/\/www.stoelzle.com\/de\/geschaeftsfelder\/"},{"@type":"ListItem","position":3,"name":"Tableware"}]},{"@type":"WebSite","@id":"https:\/\/www.stoelzle.com\/#website","url":"https:\/\/www.stoelzle.com\/","name":"Stoelzle Glass Group","description":"","publisher":{"@id":"https:\/\/www.stoelzle.com\/#organization"},"potentialAction":[{"@type":"SearchAction","target":{"@type":"EntryPoint","urlTemplate":"https:\/\/www.stoelzle.com\/?s={search_term_string}"},"query-input":{"@type":"PropertyValueSpecification","valueRequired":true,"valueName":"search_term_string"}}],"inLanguage":"de-DE"},{"@type":"Organization","@id":"https:\/\/www.stoelzle.com\/#organization","name":"Stoelzle Glass Group","url":"https:\/\/www.stoelzle.com\/","logo":{"@type":"ImageObject","inLanguage":"de-DE","@id":"https:\/\/www.stoelzle.com\/#\/schema\/logo\/image\/","url":"https:\/\/www.stoelzle.com\/wp-content\/uploads\/2020\/06\/Logo.svg","contentUrl":"https:\/\/www.stoelzle.com\/wp-content\/uploads\/2020\/06\/Logo.svg","width":180,"height":40,"caption":"Stoelzle Glass Group"},"image":{"@id":"https:\/\/www.stoelzle.com\/#\/schema\/logo\/image\/"}}]}},"_links":{"self":[{"href":"https:\/\/www.stoelzle.com\/de\/wp-json\/wp\/v2\/pages\/1742","targetHints":{"allow":["GET"]}}],"collection":[{"href":"https:\/\/www.stoelzle.com\/de\/wp-json\/wp\/v2\/pages"}],"about":[{"href":"https:\/\/www.stoelzle.com\/de\/wp-json\/wp\/v2\/types\/page"}],"author":[{"embeddable":true,"href":"https:\/\/www.stoelzle.com\/de\/wp-json\/wp\/v2\/users\/1"}],"replies":[{"embeddable":true,"href":"https:\/\/www.stoelzle.com\/de\/wp-json\/wp\/v2\/comments?post=1742"}],"version-history":[{"count":0,"href":"https:\/\/www.stoelzle.com\/de\/wp-json\/wp\/v2\/pages\/1742\/revisions"}],"up":[{"embeddable":true,"href":"https:\/\/www.stoelzle.com\/de\/wp-json\/wp\/v2\/pages\/1700"}],"wp:attachment":[{"href":"https:\/\/www.stoelzle.com\/de\/wp-json\/wp\/v2\/media?parent=1742"}],"curies":[{"name":"wp","href":"https:\/\/api.w.org\/{rel}","templated":true}]}}