{"id":1738,"date":"2021-01-14T12:01:07","date_gmt":"2021-01-14T12:01:07","guid":{"rendered":"http:\/\/stoelzle.com\/business-units\/prestige-spirits\/"},"modified":"2022-06-07T11:35:06","modified_gmt":"2022-06-07T11:35:06","slug":"prestige-spirits","status":"publish","type":"page","link":"https:\/\/www.stoelzle.com\/de\/geschaeftsfelder\/prestige-spirits\/","title":{"rendered":"Prestige Spirituosen"},"content":{"rendered":"<div class=\"wpb-content-wrapper\"><p>[vc_row][vc_column]<div class=\"vc-title   text-center\">\n              <div class=\"topline\">Europ\u00e4ischer Spirituosenflaschenhersteller<\/div>\n              <h1 class=\"title position-relative separator\">Spirituosenflaschen aus Glas<\/h1>\n              <div class=\"row\"><div class=\"col-md-10 offset-md-1\"><\/p>\n<p class=\"large-text\">Stoelzle ist einer der weltweit f\u00fchrenden Hersteller von Spezial-Verpackungsglas f\u00fcr Prestige Spirituosen und Lik\u00f6re. Wir verf\u00fcgen \u00fcber profundes Know-how in der Fertigung von Standards wie auch kundenspezifischen Designs. Ein Innovationsteam, bestehend aus Designern und Entwicklern arbeitet eng zusammen mit den Kunden, damit aus einzigartigen Konzepten wundervolle Produkte entstehen. Den finalen Hauch von Luxus erhalten die Spirituosenflaschen in unseren hauseigenen Dekorationsst\u00e4tten.<\/p>\n<p><\/div><\/div>\n            <\/div>[\/vc_column][\/vc_row][vc_row full_width=&#8221;stretch_row_content_no_spaces&#8221;][vc_column]<div class=\"vc-two-columns  \">\n                <div class=\"row\">\n                    <div class=\"col-sm-6 bg-blue image-left\"><img loading=\"lazy\" decoding=\"async\" width=\"1024\" height=\"698\" src=\"https:\/\/www.stoelzle.com\/wp-content\/uploads\/2021\/01\/BusinessUnits-Spirits-BlaueFlasche-1024x698.jpg\" class=\"w-100 h-100 cover\" alt=\"Cobalt blue spirits bottle of the brand Haig Club\" srcset=\"https:\/\/www.stoelzle.com\/wp-content\/uploads\/2021\/01\/BusinessUnits-Spirits-BlaueFlasche-1024x698.jpg 1024w, https:\/\/www.stoelzle.com\/wp-content\/uploads\/2021\/01\/BusinessUnits-Spirits-BlaueFlasche-480x327.jpg 480w, https:\/\/www.stoelzle.com\/wp-content\/uploads\/2021\/01\/BusinessUnits-Spirits-BlaueFlasche-1536x1047.jpg 1536w, https:\/\/www.stoelzle.com\/wp-content\/uploads\/2021\/01\/BusinessUnits-Spirits-BlaueFlasche-2048x1397.jpg 2048w, https:\/\/www.stoelzle.com\/wp-content\/uploads\/2021\/01\/BusinessUnits-Spirits-BlaueFlasche-992x676.jpg 992w, https:\/\/www.stoelzle.com\/wp-content\/uploads\/2021\/01\/BusinessUnits-Spirits-BlaueFlasche-2000x1364.jpg 2000w, https:\/\/www.stoelzle.com\/wp-content\/uploads\/2021\/01\/BusinessUnits-Spirits-BlaueFlasche-600x409.jpg 600w\" sizes=\"auto, (max-width: 1024px) 100vw, 1024px\" \/><\/div>\n                    <div class=\"col-sm-6 bg-blue image-left\"><div class=\"column-content h-100 d-flex flex-column justify-content-center\"><\/p>\n<h2 style=\"color: #ffff\">Ihr Experte f\u00fcr Spirituosenflaschen<\/h2>\n<ul style=\"color: #ffff\">\n<li>Innovative, pr\u00e4mierte Designs<\/li>\n<li>Breites Spektrum an Feederfarben<\/li>\n<li>Brillianz durch Feuerpolitur<\/li>\n<li>Wei\u00dfglas nach Kosmetikstandard<\/li>\n<li>Beeindruckende Dekanter<\/li>\n<li>Gro\u00dfformatige Spirituosenflaschen<\/li>\n<\/ul>\n<p><a class=\"editor-button cta-white\" href=\"https:\/\/www.stoelzlespirits.com\" target=\"_blank\" rel=\"noopener\">www.stoelzlespirits.com<\/a><\/div><\/div>\n                <\/div>\n            <\/div>[\/vc_column][\/vc_row][vc_row][vc_column]<div class=\"vc-title spacing-top-m  text-center\">\n              \n              <h2 class=\"title position-relative\">Unsere Produkte<\/h2>\n              \n            <\/div><div id=\"id-gallery\" class=\"vc-gallery  spacing-bottom-m\"><div class=\"row vc-gallery-slider\"><a  href=\"https:\/\/www.stoelzle.com\/wp-content\/uploads\/2021\/02\/spirits-whitby-gin.jpg\"  class=\"vc-gallery-item mb-4 style-1 col-sm-6 col-md-4 col-lg-3\">\n                  <div class=\"vc-gallery-image darken-20 show-border\"><img decoding=\"async\" class=\"img-fluid\" src=\"https:\/\/www.stoelzle.com\/wp-content\/uploads\/2021\/02\/spirits-whitby-gin-800x800.jpg\" alt=\"Product picture Spirits bottle Whitby Gin\"><\/div>\n                  <div class=\"vc-gallery-content\"><div class=\"vc-gallery-title\">Whitby<\/div><div class=\"vc-gallery-text\">Gin<\/div><\/div>\n                <\/a><a  href=\"https:\/\/www.stoelzle.com\/wp-content\/uploads\/2021\/02\/spirits-waterford-single-malt-whisky.jpg\"  class=\"vc-gallery-item mb-4 style-1 col-sm-6 col-md-4 col-lg-3\">\n                  <div class=\"vc-gallery-image darken-20 show-border\"><img decoding=\"async\" class=\"img-fluid\" src=\"https:\/\/www.stoelzle.com\/wp-content\/uploads\/2021\/02\/spirits-waterford-single-malt-whisky-800x800.jpg\" alt=\"Product picture Spirits bottle Waterford Single Malt Whisky\"><\/div>\n                  <div class=\"vc-gallery-content\"><div class=\"vc-gallery-title\">Waterford<\/div><div class=\"vc-gallery-text\">Irish Single Malt Whisky<\/div><\/div>\n                <\/a><a  href=\"https:\/\/www.stoelzle.com\/wp-content\/uploads\/2021\/02\/spirits-aultmore-scotch-whisky.jpg\"  class=\"vc-gallery-item mb-4 style-1 col-sm-6 col-md-4 col-lg-3\">\n                  <div class=\"vc-gallery-image darken-20 show-border\"><img decoding=\"async\" class=\"img-fluid\" src=\"https:\/\/www.stoelzle.com\/wp-content\/uploads\/2021\/02\/spirits-aultmore-scotch-whisky-800x800.jpg\" alt=\"Product picture Spirits bottle Aultmore Scotch Whisky\"><\/div>\n                  <div class=\"vc-gallery-content\"><div class=\"vc-gallery-title\">Aultmore<\/div><div class=\"vc-gallery-text\">Single Malt Scotch Whisky<\/div><\/div>\n                <\/a><a  href=\"https:\/\/www.stoelzle.com\/wp-content\/uploads\/2021\/02\/spirits-deveron-scotch-whisky.jpg\"  class=\"vc-gallery-item mb-4 style-1 col-sm-6 col-md-4 col-lg-3\">\n                  <div class=\"vc-gallery-image darken-20 show-border\"><img decoding=\"async\" class=\"img-fluid\" src=\"https:\/\/www.stoelzle.com\/wp-content\/uploads\/2021\/02\/spirits-deveron-scotch-whisky-800x800.jpg\" alt=\"Product picture Spirits bottle Deveron Scotch Whisky\"><\/div>\n                  <div class=\"vc-gallery-content\"><div class=\"vc-gallery-title\">Deveron<\/div><div class=\"vc-gallery-text\">Single Malt Scotch Whisky<\/div><\/div>\n                <\/a><a  href=\"https:\/\/www.stoelzle.com\/wp-content\/uploads\/2021\/02\/spirits-carbon-sake.jpg\"  class=\"vc-gallery-item mb-4 style-1 col-sm-6 col-md-4 col-lg-3\">\n                  <div class=\"vc-gallery-image darken-20 show-border\"><img decoding=\"async\" class=\"img-fluid\" src=\"https:\/\/www.stoelzle.com\/wp-content\/uploads\/2021\/02\/spirits-carbon-sake-800x800.jpg\" alt=\"Product picture Spirits bottle Carbon Sake\"><\/div>\n                  <div class=\"vc-gallery-content\"><div class=\"vc-gallery-title\">Carbon Sake<\/div><\/div>\n                <\/a><a  href=\"https:\/\/www.stoelzle.com\/wp-content\/uploads\/2021\/02\/spirits-axberg-vodka.jpg\"  class=\"vc-gallery-item mb-4 style-1 col-sm-6 col-md-4 col-lg-3\">\n                  <div class=\"vc-gallery-image darken-20 show-border\"><img decoding=\"async\" class=\"img-fluid\" src=\"https:\/\/www.stoelzle.com\/wp-content\/uploads\/2021\/02\/spirits-axberg-vodka-800x800.jpg\" alt=\"Product picture Spirits bottle Axberg Vodka\"><\/div>\n                  <div class=\"vc-gallery-content\"><div class=\"vc-gallery-title\">Reisetbauer Axberg<\/div><div class=\"vc-gallery-text\">Premium Vodka<\/div><\/div>\n                <\/a><a  href=\"https:\/\/www.stoelzle.com\/wp-content\/uploads\/2021\/02\/spirits-brockmans-gin.jpg\"  class=\"vc-gallery-item mb-4 style-1 col-sm-6 col-md-4 col-lg-3\">\n                  <div class=\"vc-gallery-image darken-20 show-border\"><img decoding=\"async\" class=\"img-fluid\" src=\"https:\/\/www.stoelzle.com\/wp-content\/uploads\/2021\/02\/spirits-brockmans-gin-800x800.jpg\" alt=\"Product picture Spirits bottle Brockmans Gin\"><\/div>\n                  <div class=\"vc-gallery-content\"><div class=\"vc-gallery-title\">Brockmans<\/div><div class=\"vc-gallery-text\">Premium Gin<\/div><\/div>\n                <\/a><a  href=\"https:\/\/www.stoelzle.com\/wp-content\/uploads\/2021\/02\/spirits-comte-de-grasse-44-gin.jpg\"  class=\"vc-gallery-item mb-4 style-1 col-sm-6 col-md-4 col-lg-3\">\n                  <div class=\"vc-gallery-image darken-20 show-border\"><img decoding=\"async\" class=\"img-fluid\" src=\"https:\/\/www.stoelzle.com\/wp-content\/uploads\/2021\/02\/spirits-comte-de-grasse-44-gin-800x800.jpg\" alt=\"Product picture Spirits bottle Comte de Grasse no44 Gin\"><\/div>\n                  <div class=\"vc-gallery-content\"><div class=\"vc-gallery-title\">Comte de Grasse<\/div><div class=\"vc-gallery-text\">44\u00b0N Gin<\/div><\/div>\n                <\/a><a  href=\"https:\/\/www.stoelzle.com\/wp-content\/uploads\/2021\/02\/spirits-haig-club-scotch-whisky.jpg\"  class=\"vc-gallery-item mb-4 style-1 col-sm-6 col-md-4 col-lg-3\">\n                  <div class=\"vc-gallery-image darken-20 show-border\"><img decoding=\"async\" class=\"img-fluid\" src=\"https:\/\/www.stoelzle.com\/wp-content\/uploads\/2021\/02\/spirits-haig-club-scotch-whisky-800x800.jpg\" alt=\"Product picture Spirits bottle Haig Club Scotch Whisky\"><\/div>\n                  <div class=\"vc-gallery-content\"><div class=\"vc-gallery-title\">Haig Club<\/div><div class=\"vc-gallery-text\">Single Grain Scotch Whisky<\/div><\/div>\n                <\/a><a  href=\"https:\/\/www.stoelzle.com\/wp-content\/uploads\/2021\/02\/spirits-johnnie-walker-blue-label.jpg\"  class=\"vc-gallery-item mb-4 style-1 col-sm-6 col-md-4 col-lg-3\">\n                  <div class=\"vc-gallery-image darken-20 show-border\"><img decoding=\"async\" class=\"img-fluid\" src=\"https:\/\/www.stoelzle.com\/wp-content\/uploads\/2021\/02\/spirits-johnnie-walker-blue-label-800x800.jpg\" alt=\"Product picture Spirits bottle Johnnie Walker Blue Label\"><\/div>\n                  <div class=\"vc-gallery-content\"><div class=\"vc-gallery-title\">Johnnie Walker<\/div><div class=\"vc-gallery-text\">Blue Label Scotch Whisky<\/div><\/div>\n                <\/a><a  href=\"https:\/\/www.stoelzle.com\/wp-content\/uploads\/2021\/02\/spirits-merser-rum.jpg\"  class=\"vc-gallery-item mb-4 style-1 col-sm-6 col-md-4 col-lg-3\">\n                  <div class=\"vc-gallery-image darken-20 show-border\"><img decoding=\"async\" class=\"img-fluid\" src=\"https:\/\/www.stoelzle.com\/wp-content\/uploads\/2021\/02\/spirits-merser-rum-800x800.jpg\" alt=\"Product picture Spirits bottle Merser Rum\"><\/div>\n                  <div class=\"vc-gallery-content\"><div class=\"vc-gallery-title\">Merser & Co.<\/div><div class=\"vc-gallery-text\">Rum Merchants<\/div><\/div>\n                <\/a><a  href=\"https:\/\/www.stoelzle.com\/wp-content\/uploads\/2021\/02\/spirits-monkey-shoulder-scotch-whisky.jpg\"  class=\"vc-gallery-item mb-4 style-1 col-sm-6 col-md-4 col-lg-3\">\n                  <div class=\"vc-gallery-image darken-20 show-border\"><img decoding=\"async\" class=\"img-fluid\" src=\"https:\/\/www.stoelzle.com\/wp-content\/uploads\/2021\/02\/spirits-monkey-shoulder-scotch-whisky-800x800.jpg\" alt=\"Product picture Spirits bottle Monkey Shoulder Scotch Whisky\"><\/div>\n                  <div class=\"vc-gallery-content\"><div class=\"vc-gallery-title\">Monkey Shoulder<\/div><div class=\"vc-gallery-text\">Blended Malt Scotch Whisky<\/div><\/div>\n                <\/a><a  href=\"https:\/\/www.stoelzle.com\/wp-content\/uploads\/2021\/02\/spirits-mount-rigi-liqueur.jpg\"  class=\"vc-gallery-item mb-4 style-1 col-sm-6 col-md-4 col-lg-3\">\n                  <div class=\"vc-gallery-image darken-20 show-border\"><img decoding=\"async\" class=\"img-fluid\" src=\"https:\/\/www.stoelzle.com\/wp-content\/uploads\/2021\/02\/spirits-mount-rigi-liqueur-800x800.jpg\" alt=\"Product picture Spirits bottle Mount Rigi Liqueur\"><\/div>\n                  <div class=\"vc-gallery-content\"><div class=\"vc-gallery-title\">Mount Rigi<\/div><div class=\"vc-gallery-text\">Liqueur Aperitif<\/div><\/div>\n                <\/a><a  href=\"https:\/\/www.stoelzle.com\/wp-content\/uploads\/2021\/02\/spirits-squadron-303-vodka.jpg\"  class=\"vc-gallery-item mb-4 style-1 col-sm-6 col-md-4 col-lg-3\">\n                  <div class=\"vc-gallery-image darken-20 show-border\"><img decoding=\"async\" class=\"img-fluid\" src=\"https:\/\/www.stoelzle.com\/wp-content\/uploads\/2021\/02\/spirits-squadron-303-vodka-800x800.jpg\" alt=\"Product picture Spirits bottle Squadron 303 Vodka\"><\/div>\n                  <div class=\"vc-gallery-content\"><div class=\"vc-gallery-title\">Squadron 303<\/div><div class=\"vc-gallery-text\">Vodka<\/div><\/div>\n                <\/a><a  href=\"https:\/\/www.stoelzle.com\/wp-content\/uploads\/2021\/02\/spirits-tarquins-dry-gin.jpg\"  class=\"vc-gallery-item mb-4 style-1 col-sm-6 col-md-4 col-lg-3\">\n                  <div class=\"vc-gallery-image darken-20 show-border\"><img decoding=\"async\" class=\"img-fluid\" src=\"https:\/\/www.stoelzle.com\/wp-content\/uploads\/2021\/02\/spirits-tarquins-dry-gin-800x800.jpg\" alt=\"Product picture Spirits bottle Tarquins Dry Gin\"><\/div>\n                  <div class=\"vc-gallery-content\"><div class=\"vc-gallery-title\">Tarquin's<\/div><div class=\"vc-gallery-text\">Cornish Dry Gin<\/div><\/div>\n                <\/a><\/div><div class=\"mt-4\"><div class=\"row\"><div class=\"col content-slider-arrows text-center\"><\/div><\/div><\/div><\/div>\n      <script async>\n        jQuery(document).ready(function($) {\n          jQuery(\"#id-gallery .vc-gallery-slider\").slick({\n            slidesToShow: 4,\n            prevArrow: \"<span class=\\\"d-inline-block slick-arrow slick-arrow-prev\\\"><\/span>\",\n            nextArrow: \"<span class=\\\"d-inline-block slick-arrow slick-arrow-next\\\"><\/span>\",\n            appendArrows: $(\"#id-gallery .content-slider-arrows\"),\n            adaptiveHeight: true,\n            responsive: [\n              {\n                breakpoint: 1024,\n                settings: {\n                  slidesToShow: 2\n                }\n              },\n              {\n                breakpoint: 768,\n                settings: {\n                  slidesToShow: 1\n                }\n              },\n            ]\n          });\n        });\n      <\/script>\n        <script async>\n        jQuery(document).ready(function($) {\n          jQuery(\"#id-gallery a\").simpleLightbox({uniqueImages: false});\n        });\n        <\/script>\n      [\/vc_column][\/vc_row]<\/p>\n<\/div>","protected":false},"excerpt":{"rendered":"<p>[vc_row][vc_column][\/vc_column][\/vc_row][vc_row full_width=&#8221;stretch_row_content_no_spaces&#8221;][vc_column][\/vc_column][\/vc_row][vc_row][vc_column][\/vc_column][\/vc_row]<\/p>\n","protected":false},"author":1,"featured_media":0,"parent":1700,"menu_order":420,"comment_status":"closed","ping_status":"closed","template":"","meta":{"_acf_changed":false,"footnotes":""},"class_list":["post-1738","page","type-page","status-publish","hentry"],"acf":[],"yoast_head":"<!-- This site is optimized with the Yoast SEO plugin v26.6 - https:\/\/yoast.com\/wordpress\/plugins\/seo\/ -->\n<title>Spirituosenflaschen Hersteller \u00bb Prestige Spirits | Stoelzle<\/title>\n<meta name=\"description\" content=\"Die Stoelzle Glasgruppe bietet als Spirituosenflaschen-Hersteller \u279c Glasflaschen f\u00fcr Spirituosen &amp; Lik\u00f6re \u2713 stilvolle Designs \u2713 zum Angebot!\" \/>\n<meta name=\"robots\" content=\"index, follow, max-snippet:-1, max-image-preview:large, max-video-preview:-1\" \/>\n<link rel=\"canonical\" href=\"https:\/\/www.stoelzle.com\/de\/geschaeftsfelder\/prestige-spirits\/\" \/>\n<meta property=\"og:locale\" content=\"de_DE\" \/>\n<meta property=\"og:type\" content=\"article\" \/>\n<meta property=\"og:title\" content=\"Spirituosenflaschen Hersteller \u00bb Prestige Spirits | Stoelzle\" \/>\n<meta property=\"og:description\" content=\"Die Stoelzle Glasgruppe bietet als Spirituosenflaschen-Hersteller \u279c Glasflaschen f\u00fcr Spirituosen &amp; Lik\u00f6re \u2713 stilvolle Designs \u2713 zum Angebot!\" \/>\n<meta property=\"og:url\" content=\"https:\/\/www.stoelzle.com\/de\/geschaeftsfelder\/prestige-spirits\/\" \/>\n<meta property=\"og:site_name\" content=\"Stoelzle Glass Group\" \/>\n<meta property=\"article:modified_time\" content=\"2022-06-07T11:35:06+00:00\" \/>\n<meta name=\"twitter:card\" content=\"summary_large_image\" \/>\n<meta name=\"twitter:label1\" content=\"Gesch\u00e4tzte Lesezeit\" \/>\n\t<meta name=\"twitter:data1\" content=\"1 Minute\" \/>\n<script type=\"application\/ld+json\" class=\"yoast-schema-graph\">{\"@context\":\"https:\/\/schema.org\",\"@graph\":[{\"@type\":\"WebPage\",\"@id\":\"https:\/\/www.stoelzle.com\/de\/geschaeftsfelder\/prestige-spirits\/\",\"url\":\"https:\/\/www.stoelzle.com\/de\/geschaeftsfelder\/prestige-spirits\/\",\"name\":\"Spirituosenflaschen Hersteller \u00bb Prestige Spirits | Stoelzle\",\"isPartOf\":{\"@id\":\"https:\/\/www.stoelzle.com\/#website\"},\"datePublished\":\"2021-01-14T12:01:07+00:00\",\"dateModified\":\"2022-06-07T11:35:06+00:00\",\"description\":\"Die Stoelzle Glasgruppe bietet als Spirituosenflaschen-Hersteller \u279c Glasflaschen f\u00fcr Spirituosen & Lik\u00f6re \u2713 stilvolle Designs \u2713 zum Angebot!\",\"breadcrumb\":{\"@id\":\"https:\/\/www.stoelzle.com\/de\/geschaeftsfelder\/prestige-spirits\/#breadcrumb\"},\"inLanguage\":\"de-DE\",\"potentialAction\":[{\"@type\":\"ReadAction\",\"target\":[\"https:\/\/www.stoelzle.com\/de\/geschaeftsfelder\/prestige-spirits\/\"]}]},{\"@type\":\"BreadcrumbList\",\"@id\":\"https:\/\/www.stoelzle.com\/de\/geschaeftsfelder\/prestige-spirits\/#breadcrumb\",\"itemListElement\":[{\"@type\":\"ListItem\",\"position\":1,\"name\":\"Home\",\"item\":\"https:\/\/www.stoelzle.com\/de\/\"},{\"@type\":\"ListItem\",\"position\":2,\"name\":\"Gesch\u00e4ftsfelder\",\"item\":\"https:\/\/www.stoelzle.com\/de\/geschaeftsfelder\/\"},{\"@type\":\"ListItem\",\"position\":3,\"name\":\"Prestige Spirituosen\"}]},{\"@type\":\"WebSite\",\"@id\":\"https:\/\/www.stoelzle.com\/#website\",\"url\":\"https:\/\/www.stoelzle.com\/\",\"name\":\"Stoelzle Glass Group\",\"description\":\"\",\"publisher\":{\"@id\":\"https:\/\/www.stoelzle.com\/#organization\"},\"potentialAction\":[{\"@type\":\"SearchAction\",\"target\":{\"@type\":\"EntryPoint\",\"urlTemplate\":\"https:\/\/www.stoelzle.com\/?s={search_term_string}\"},\"query-input\":{\"@type\":\"PropertyValueSpecification\",\"valueRequired\":true,\"valueName\":\"search_term_string\"}}],\"inLanguage\":\"de-DE\"},{\"@type\":\"Organization\",\"@id\":\"https:\/\/www.stoelzle.com\/#organization\",\"name\":\"Stoelzle Glass Group\",\"url\":\"https:\/\/www.stoelzle.com\/\",\"logo\":{\"@type\":\"ImageObject\",\"inLanguage\":\"de-DE\",\"@id\":\"https:\/\/www.stoelzle.com\/#\/schema\/logo\/image\/\",\"url\":\"https:\/\/www.stoelzle.com\/wp-content\/uploads\/2020\/06\/Logo.svg\",\"contentUrl\":\"https:\/\/www.stoelzle.com\/wp-content\/uploads\/2020\/06\/Logo.svg\",\"width\":180,\"height\":40,\"caption\":\"Stoelzle Glass Group\"},\"image\":{\"@id\":\"https:\/\/www.stoelzle.com\/#\/schema\/logo\/image\/\"}}]}<\/script>\n<!-- \/ Yoast SEO plugin. -->","yoast_head_json":{"title":"Spirituosenflaschen Hersteller \u00bb Prestige Spirits | Stoelzle","description":"Die Stoelzle Glasgruppe bietet als Spirituosenflaschen-Hersteller \u279c Glasflaschen f\u00fcr Spirituosen & Lik\u00f6re \u2713 stilvolle Designs \u2713 zum Angebot!","robots":{"index":"index","follow":"follow","max-snippet":"max-snippet:-1","max-image-preview":"max-image-preview:large","max-video-preview":"max-video-preview:-1"},"canonical":"https:\/\/www.stoelzle.com\/de\/geschaeftsfelder\/prestige-spirits\/","og_locale":"de_DE","og_type":"article","og_title":"Spirituosenflaschen Hersteller \u00bb Prestige Spirits | Stoelzle","og_description":"Die Stoelzle Glasgruppe bietet als Spirituosenflaschen-Hersteller \u279c Glasflaschen f\u00fcr Spirituosen & Lik\u00f6re \u2713 stilvolle Designs \u2713 zum Angebot!","og_url":"https:\/\/www.stoelzle.com\/de\/geschaeftsfelder\/prestige-spirits\/","og_site_name":"Stoelzle Glass Group","article_modified_time":"2022-06-07T11:35:06+00:00","twitter_card":"summary_large_image","twitter_misc":{"Gesch\u00e4tzte Lesezeit":"1 Minute"},"schema":{"@context":"https:\/\/schema.org","@graph":[{"@type":"WebPage","@id":"https:\/\/www.stoelzle.com\/de\/geschaeftsfelder\/prestige-spirits\/","url":"https:\/\/www.stoelzle.com\/de\/geschaeftsfelder\/prestige-spirits\/","name":"Spirituosenflaschen Hersteller \u00bb Prestige Spirits | Stoelzle","isPartOf":{"@id":"https:\/\/www.stoelzle.com\/#website"},"datePublished":"2021-01-14T12:01:07+00:00","dateModified":"2022-06-07T11:35:06+00:00","description":"Die Stoelzle Glasgruppe bietet als Spirituosenflaschen-Hersteller \u279c Glasflaschen f\u00fcr Spirituosen & Lik\u00f6re \u2713 stilvolle Designs \u2713 zum Angebot!","breadcrumb":{"@id":"https:\/\/www.stoelzle.com\/de\/geschaeftsfelder\/prestige-spirits\/#breadcrumb"},"inLanguage":"de-DE","potentialAction":[{"@type":"ReadAction","target":["https:\/\/www.stoelzle.com\/de\/geschaeftsfelder\/prestige-spirits\/"]}]},{"@type":"BreadcrumbList","@id":"https:\/\/www.stoelzle.com\/de\/geschaeftsfelder\/prestige-spirits\/#breadcrumb","itemListElement":[{"@type":"ListItem","position":1,"name":"Home","item":"https:\/\/www.stoelzle.com\/de\/"},{"@type":"ListItem","position":2,"name":"Gesch\u00e4ftsfelder","item":"https:\/\/www.stoelzle.com\/de\/geschaeftsfelder\/"},{"@type":"ListItem","position":3,"name":"Prestige Spirituosen"}]},{"@type":"WebSite","@id":"https:\/\/www.stoelzle.com\/#website","url":"https:\/\/www.stoelzle.com\/","name":"Stoelzle Glass Group","description":"","publisher":{"@id":"https:\/\/www.stoelzle.com\/#organization"},"potentialAction":[{"@type":"SearchAction","target":{"@type":"EntryPoint","urlTemplate":"https:\/\/www.stoelzle.com\/?s={search_term_string}"},"query-input":{"@type":"PropertyValueSpecification","valueRequired":true,"valueName":"search_term_string"}}],"inLanguage":"de-DE"},{"@type":"Organization","@id":"https:\/\/www.stoelzle.com\/#organization","name":"Stoelzle Glass Group","url":"https:\/\/www.stoelzle.com\/","logo":{"@type":"ImageObject","inLanguage":"de-DE","@id":"https:\/\/www.stoelzle.com\/#\/schema\/logo\/image\/","url":"https:\/\/www.stoelzle.com\/wp-content\/uploads\/2020\/06\/Logo.svg","contentUrl":"https:\/\/www.stoelzle.com\/wp-content\/uploads\/2020\/06\/Logo.svg","width":180,"height":40,"caption":"Stoelzle Glass Group"},"image":{"@id":"https:\/\/www.stoelzle.com\/#\/schema\/logo\/image\/"}}]}},"_links":{"self":[{"href":"https:\/\/www.stoelzle.com\/de\/wp-json\/wp\/v2\/pages\/1738","targetHints":{"allow":["GET"]}}],"collection":[{"href":"https:\/\/www.stoelzle.com\/de\/wp-json\/wp\/v2\/pages"}],"about":[{"href":"https:\/\/www.stoelzle.com\/de\/wp-json\/wp\/v2\/types\/page"}],"author":[{"embeddable":true,"href":"https:\/\/www.stoelzle.com\/de\/wp-json\/wp\/v2\/users\/1"}],"replies":[{"embeddable":true,"href":"https:\/\/www.stoelzle.com\/de\/wp-json\/wp\/v2\/comments?post=1738"}],"version-history":[{"count":0,"href":"https:\/\/www.stoelzle.com\/de\/wp-json\/wp\/v2\/pages\/1738\/revisions"}],"up":[{"embeddable":true,"href":"https:\/\/www.stoelzle.com\/de\/wp-json\/wp\/v2\/pages\/1700"}],"wp:attachment":[{"href":"https:\/\/www.stoelzle.com\/de\/wp-json\/wp\/v2\/media?parent=1738"}],"curies":[{"name":"wp","href":"https:\/\/api.w.org\/{rel}","templated":true}]}}