{"id":1736,"date":"2021-01-14T07:39:52","date_gmt":"2021-01-14T07:39:52","guid":{"rendered":"http:\/\/stoelzle.com\/services\/product-development\/"},"modified":"2022-10-20T12:05:50","modified_gmt":"2022-10-20T12:05:50","slug":"produktentwicklung","status":"publish","type":"page","link":"https:\/\/www.stoelzle.com\/de\/service\/produktentwicklung\/","title":{"rendered":"Produktentwicklung"},"content":{"rendered":"<div class=\"wpb-content-wrapper\"><p>[vc_row][vc_column]<div class=\"vc-title   text-center\">\n              <div class=\"topline\">One-Stop-Shop<\/div>\n              <h1 class=\"title position-relative separator\">Produktentwicklung f\u00fcr individuelle Glasflaschen<\/h1>\n              <div class=\"row\"><div class=\"col-md-10 offset-md-1\"><\/p>\n<p class=\"large-text\">Als Gesamtanbieter begleiten wir Ihre Produktentwicklung von der Grundidee bis hin zur finalen Glasflasche. Wir verwandeln Ihre Ideen in au\u00dfergew\u00f6hnliche Verpackungen aus Glas. Passend dazu liefern wir Ihnen auch den perfekten Verschluss.<\/p>\n<p><\/div><\/div>\n            <\/div>[\/vc_column][\/vc_row][vc_row full_width=&#8221;stretch_row&#8221; el_class=&#8221;light-gray&#8221;][vc_column]<div class=\"vc-spacer spacing-bottom-m\"><\/div>[vc_row_inner content_placement=&#8221;middle&#8221; el_class=&#8221;text-text&#8221;][vc_column_inner width=&#8221;1\/2&#8243;][vc_column_text]<\/p>\n<p class=\"h2\">Auf Ihren Vorsprung bedacht<\/p>\n<p>Unsere Glasexperten entwerfen die optimale Verpackung f\u00fcr Ihr Produkt. Basierend auf Ihren W\u00fcnschen und Vorstellungen kreieren wir die perfekte H\u00fclle f\u00fcr Ihr Produkt. Dank moderner Produktions- und Dekorationstechnologien, erm\u00f6glicht Stoelzle Produktentwicklungen binnen weniger Wochen \u2013 von der technischen Zeichnung bis hin zum fertigen Glasmuster inklusive Dekoration.<\/p>\n<p>Profitieren Sie von unserem Fachwissen und der langj\u00e4hrigen Erfahrung, wenn es darum geht, eine kosteng\u00fcnstige, jedoch qualitativ hochwertige und ansprechende L\u00f6sung f\u00fcr Ihre individuellen Anforderungen zu finden. Verlassen Sie sich auf unser Expertenteam, das pro Jahr \u00fcber 250 neue Produkte entwickelt.<\/p>\n<p>[\/vc_column_text][\/vc_column_inner][vc_column_inner width=&#8221;1\/2&#8243;]\n      <div class=\"vc-image\">\n         \n          <img loading=\"lazy\" decoding=\"async\" width=\"1500\" height=\"747\" src=\"https:\/\/www.stoelzle.com\/wp-content\/uploads\/2021\/08\/product-development-process-sto-de.png\" class=\"img-fluid w-100 h-100 d-none d-md-block\" alt=\"Grafische Darstellung des Produktionsentwicklungsprozesses.\" srcset=\"https:\/\/www.stoelzle.com\/wp-content\/uploads\/2021\/08\/product-development-process-sto-de.png 1500w, https:\/\/www.stoelzle.com\/wp-content\/uploads\/2021\/08\/product-development-process-sto-de-480x239.png 480w, https:\/\/www.stoelzle.com\/wp-content\/uploads\/2021\/08\/product-development-process-sto-de-1024x510.png 1024w, https:\/\/www.stoelzle.com\/wp-content\/uploads\/2021\/08\/product-development-process-sto-de-992x494.png 992w, https:\/\/www.stoelzle.com\/wp-content\/uploads\/2021\/08\/product-development-process-sto-de-180x90.png 180w\" sizes=\"auto, (max-width: 1500px) 100vw, 1500px\" \/> \n          <img loading=\"lazy\" decoding=\"async\" width=\"992\" height=\"494\" src=\"https:\/\/www.stoelzle.com\/wp-content\/uploads\/2021\/08\/product-development-process-sto-de-992x494.png\" class=\"img-fluid w-100 h-100 d-mdx-none\" alt=\"Grafische Darstellung des Produktionsentwicklungsprozesses.\" srcset=\"https:\/\/www.stoelzle.com\/wp-content\/uploads\/2021\/08\/product-development-process-sto-de-992x494.png 992w, https:\/\/www.stoelzle.com\/wp-content\/uploads\/2021\/08\/product-development-process-sto-de-480x239.png 480w, https:\/\/www.stoelzle.com\/wp-content\/uploads\/2021\/08\/product-development-process-sto-de-1024x510.png 1024w, https:\/\/www.stoelzle.com\/wp-content\/uploads\/2021\/08\/product-development-process-sto-de-180x90.png 180w, https:\/\/www.stoelzle.com\/wp-content\/uploads\/2021\/08\/product-development-process-sto-de.png 1500w\" sizes=\"auto, (max-width: 992px) 100vw, 992px\" \/>\n          \n         \n      <\/div>[\/vc_column_inner][\/vc_row_inner]<div class=\"vc-spacer spacing-bottom-m\"><\/div>[\/vc_column][\/vc_row][vc_row][vc_column]<div class=\"vc-title spacing-top-m  text-center\">\n              \n              <h2 class=\"title position-relative\">Ausgezeichnete Projekte<\/h2>\n              \n            <\/div><div id=\"id-gallery\" class=\"vc-gallery  spacing-bottom-m\"><div class=\"row vc-gallery-slider\"><a  href=\"https:\/\/www.stoelzle.com\/wp-content\/uploads\/2022\/10\/awards-dragon-slayer-gin.jpg\"  class=\"vc-gallery-item mb-4 style-1 col-sm-6 col-md-4 col-lg-3\">\n                  <div class=\"vc-gallery-image off show-border\"><img decoding=\"async\" class=\"img-fluid\" src=\"https:\/\/www.stoelzle.com\/wp-content\/uploads\/2022\/10\/awards-dragon-slayer-gin-800x800.jpg\" alt=\"\"><\/div>\n                  <div class=\"vc-gallery-content\"><\/div>\n                <\/a><a  href=\"https:\/\/www.stoelzle.com\/wp-content\/uploads\/2021\/12\/awards-isle-of-raasay.jpg\"  class=\"vc-gallery-item mb-4 style-1 col-sm-6 col-md-4 col-lg-3\">\n                  <div class=\"vc-gallery-image off show-border\"><img decoding=\"async\" class=\"img-fluid\" src=\"https:\/\/www.stoelzle.com\/wp-content\/uploads\/2021\/12\/awards-isle-of-raasay-800x800.jpg\" alt=\"\"><\/div>\n                  <div class=\"vc-gallery-content\"><\/div>\n                <\/a><a  href=\"https:\/\/www.stoelzle.com\/wp-content\/uploads\/2021\/12\/awards-weavers-dry-gin.jpg\"  class=\"vc-gallery-item mb-4 style-1 col-sm-6 col-md-4 col-lg-3\">\n                  <div class=\"vc-gallery-image off show-border\"><img decoding=\"async\" class=\"img-fluid\" src=\"https:\/\/www.stoelzle.com\/wp-content\/uploads\/2021\/12\/awards-weavers-dry-gin-800x800.jpg\" alt=\"\"><\/div>\n                  <div class=\"vc-gallery-content\"><\/div>\n                <\/a><a  href=\"https:\/\/www.stoelzle.com\/wp-content\/uploads\/2021\/02\/awards-4x50-premium-rum.jpg\"  class=\"vc-gallery-item mb-4 style-1 col-sm-6 col-md-4 col-lg-3\">\n                  <div class=\"vc-gallery-image off show-border\"><img decoding=\"async\" class=\"img-fluid\" src=\"https:\/\/www.stoelzle.com\/wp-content\/uploads\/2021\/02\/awards-4x50-premium-rum-800x800.jpg\" alt=\"Awarded Stoelzle bottle 4x50 Premium Rum with winners logo\"><\/div>\n                  <div class=\"vc-gallery-content\"><\/div>\n                <\/a><a  href=\"https:\/\/www.stoelzle.com\/wp-content\/uploads\/2021\/02\/awards-tarquins-cornisch-dry-gin.jpg\"  class=\"vc-gallery-item mb-4 style-1 col-sm-6 col-md-4 col-lg-3\">\n                  <div class=\"vc-gallery-image off show-border\"><img decoding=\"async\" class=\"img-fluid\" src=\"https:\/\/www.stoelzle.com\/wp-content\/uploads\/2021\/02\/awards-tarquins-cornisch-dry-gin-800x800.jpg\" alt=\"Awarded Stoelzle bottle Tarquins Cornisch Dry Gin with winners logo\"><\/div>\n                  <div class=\"vc-gallery-content\"><\/div>\n                <\/a><a  href=\"https:\/\/www.stoelzle.com\/wp-content\/uploads\/2021\/02\/awards-mount-rigi.jpg\"  class=\"vc-gallery-item mb-4 style-1 col-sm-6 col-md-4 col-lg-3\">\n                  <div class=\"vc-gallery-image off show-border\"><img decoding=\"async\" class=\"img-fluid\" src=\"https:\/\/www.stoelzle.com\/wp-content\/uploads\/2021\/02\/awards-mount-rigi-800x800.jpg\" alt=\"Awarded Stoelzle bottle Mount Rigi with winners logo\"><\/div>\n                  <div class=\"vc-gallery-content\"><\/div>\n                <\/a><a  href=\"https:\/\/www.stoelzle.com\/wp-content\/uploads\/2021\/02\/awards-lancome-visionnaire.jpg\"  class=\"vc-gallery-item mb-4 style-1 col-sm-6 col-md-4 col-lg-3\">\n                  <div class=\"vc-gallery-image off show-border\"><img decoding=\"async\" class=\"img-fluid\" src=\"https:\/\/www.stoelzle.com\/wp-content\/uploads\/2021\/02\/awards-lancome-visionnaire-800x800.jpg\" alt=\"Awarded Stoelzle bottle Lancome Teint Visionnaire with winners logo\"><\/div>\n                  <div class=\"vc-gallery-content\"><\/div>\n                <\/a><a  href=\"https:\/\/www.stoelzle.com\/wp-content\/uploads\/2021\/02\/awards-isle-of-harris.jpg\"  class=\"vc-gallery-item mb-4 style-1 col-sm-6 col-md-4 col-lg-3\">\n                  <div class=\"vc-gallery-image off show-border\"><img decoding=\"async\" class=\"img-fluid\" src=\"https:\/\/www.stoelzle.com\/wp-content\/uploads\/2021\/02\/awards-isle-of-harris-800x800.jpg\" alt=\"Awarded Stoelzle bottle Isle of Harris with winners logo\"><\/div>\n                  <div class=\"vc-gallery-content\"><\/div>\n                <\/a><a  href=\"https:\/\/www.stoelzle.com\/wp-content\/uploads\/2021\/02\/awards-highland-park.jpg\"  class=\"vc-gallery-item mb-4 style-1 col-sm-6 col-md-4 col-lg-3\">\n                  <div class=\"vc-gallery-image off show-border\"><img decoding=\"async\" class=\"img-fluid\" src=\"https:\/\/www.stoelzle.com\/wp-content\/uploads\/2021\/02\/awards-highland-park-800x800.jpg\" alt=\"Awarded Stoelzle bottle Highland Park with winners logo\"><\/div>\n                  <div class=\"vc-gallery-content\"><\/div>\n                <\/a><a  href=\"https:\/\/www.stoelzle.com\/wp-content\/uploads\/2021\/02\/awards-haigh-club.jpg\"  class=\"vc-gallery-item mb-4 style-1 col-sm-6 col-md-4 col-lg-3\">\n                  <div class=\"vc-gallery-image off show-border\"><img decoding=\"async\" class=\"img-fluid\" src=\"https:\/\/www.stoelzle.com\/wp-content\/uploads\/2021\/02\/awards-haigh-club-800x800.jpg\" alt=\"Awarded Stoelzle bottle Haigh Club with winners logo\"><\/div>\n                  <div class=\"vc-gallery-content\"><\/div>\n                <\/a><a  href=\"https:\/\/www.stoelzle.com\/wp-content\/uploads\/2021\/02\/awards-comte-de-grasse-44n-gin.jpg\"  class=\"vc-gallery-item mb-4 style-1 col-sm-6 col-md-4 col-lg-3\">\n                  <div class=\"vc-gallery-image off show-border\"><img decoding=\"async\" class=\"img-fluid\" src=\"https:\/\/www.stoelzle.com\/wp-content\/uploads\/2021\/02\/awards-comte-de-grasse-44n-gin-800x800.jpg\" alt=\"Awarded Stoelzle bottle Comte de Grasse 44 Gin with winners logo\"><\/div>\n                  <div class=\"vc-gallery-content\"><\/div>\n                <\/a><a  href=\"https:\/\/www.stoelzle.com\/wp-content\/uploads\/2021\/02\/awards-aultmore.jpg\"  class=\"vc-gallery-item mb-4 style-1 col-sm-6 col-md-4 col-lg-3\">\n                  <div class=\"vc-gallery-image off show-border\"><img decoding=\"async\" class=\"img-fluid\" src=\"https:\/\/www.stoelzle.com\/wp-content\/uploads\/2021\/02\/awards-aultmore-800x800.jpg\" alt=\"Awarded Stoelzle bottle Aultmore Whisky with winners logo\"><\/div>\n                  <div class=\"vc-gallery-content\"><\/div>\n                <\/a><a  href=\"https:\/\/www.stoelzle.com\/wp-content\/uploads\/2021\/02\/awards-acqua-di-gio.jpg\"  class=\"vc-gallery-item mb-4 style-1 col-sm-6 col-md-4 col-lg-3\">\n                  <div class=\"vc-gallery-image off show-border\"><img decoding=\"async\" class=\"img-fluid\" src=\"https:\/\/www.stoelzle.com\/wp-content\/uploads\/2021\/02\/awards-acqua-di-gio-800x800.jpg\" alt=\"Awarded Stoelzle bottle Acqua di Gio with winners logo\"><\/div>\n                  <div class=\"vc-gallery-content\"><\/div>\n                <\/a><\/div><div class=\"mt-4\"><div class=\"row\"><div class=\"col content-slider-arrows text-center\"><\/div><\/div><\/div><\/div>\n      <script async>\n        jQuery(document).ready(function($) {\n          jQuery(\"#id-gallery .vc-gallery-slider\").slick({\n            slidesToShow: 4,\n            prevArrow: \"<span class=\\\"d-inline-block slick-arrow slick-arrow-prev\\\"><\/span>\",\n            nextArrow: \"<span class=\\\"d-inline-block slick-arrow slick-arrow-next\\\"><\/span>\",\n            appendArrows: $(\"#id-gallery .content-slider-arrows\"),\n            adaptiveHeight: true,\n            responsive: [\n              {\n                breakpoint: 1024,\n                settings: {\n                  slidesToShow: 2\n                }\n              },\n              {\n                breakpoint: 768,\n                settings: {\n                  slidesToShow: 1\n                }\n              },\n            ]\n          });\n        });\n      <\/script>\n        <script async>\n        jQuery(document).ready(function($) {\n          jQuery(\"#id-gallery a\").simpleLightbox({uniqueImages: false});\n        });\n        <\/script>\n      [\/vc_column][\/vc_row][vc_row full_width=&#8221;stretch_row&#8221; el_class=&#8221;light-gray&#8221;][vc_column]<div class=\"vc-spacer spacing-bottom-m\"><\/div>[vc_row_inner content_placement=&#8221;middle&#8221; el_class=&#8221;text-text&#8221;][vc_column_inner width=&#8221;1\/2&#8243;][vc_video link=&#8221;https:\/\/youtu.be\/1l-OAf3I_Ko&#8221;][\/vc_column_inner][vc_column_inner width=&#8221;1\/2&#8243;][vc_column_text]<\/p>\n<p class=\"topline\">Video<\/p>\n<p class=\"h2\" style=\"text-align: left;\">Erhalten Sie Einblicke in die Stoelzle Produktentwicklung!<\/p>\n<p><a href=\"\/pharma\/de\/service\/produktentwicklung\/\" rel=\"noopener\">Pharma \u2013 Health &amp; Safety<\/a><br \/>\n<a href=\"\/beauty\/de\/spezialanfertigungen\/produktentwicklung\/\" rel=\"noopener\">Parf\u00fcmerie &amp; Kosmetik<\/a><br \/>\n<a href=\"\/consumer\/de\/service\/produktentwicklung\/\" rel=\"noopener\">Lebensmittel &amp; Getr\u00e4nke<\/a><br \/>\n<a href=\"https:\/\/www.stoelzlespirits.com\/premium-bespoke\" target=\"_blank\" rel=\"noopener\">Spirituosen<\/a>[\/vc_column_text][\/vc_column_inner][\/vc_row_inner]<div class=\"vc-spacer spacing-bottom-m\"><\/div>[\/vc_column][\/vc_row]<\/p>\n<\/div>","protected":false},"excerpt":{"rendered":"<p>[vc_row][vc_column][\/vc_column][\/vc_row][vc_row full_width=&#8221;stretch_row&#8221; el_class=&#8221;light-gray&#8221;][vc_column][vc_row_inner content_placement=&#8221;middle&#8221; el_class=&#8221;text-text&#8221;][vc_column_inner width=&#8221;1\/2&#8243;][vc_column_text] Auf Ihren Vorsprung bedacht Unsere Glasexperten entwerfen die optimale Verpackung f\u00fcr Ihr Produkt. Basierend auf Ihren W\u00fcnschen und Vorstellungen kreieren wir die perfekte H\u00fclle f\u00fcr Ihr Produkt. Dank moderner Produktions- und Dekorationstechnologien, erm\u00f6glicht Stoelzle Produktentwicklungen binnen weniger Wochen \u2013 von der technischen Zeichnung bis hin zum fertigen Glasmuster inklusive [&hellip;]<\/p>\n","protected":false},"author":1,"featured_media":0,"parent":1710,"menu_order":530,"comment_status":"closed","ping_status":"closed","template":"","meta":{"_acf_changed":false,"footnotes":""},"class_list":["post-1736","page","type-page","status-publish","hentry"],"acf":[],"yoast_head":"<!-- This site is optimized with the Yoast SEO plugin v26.6 - https:\/\/yoast.com\/wordpress\/plugins\/seo\/ -->\n<title>Individuelle Glasflaschen \u00bb Produktentwicklung | Stoelzle<\/title>\n<meta name=\"description\" content=\"Produktentwicklungen von Stoelzle \u279c Jetzt individuelle Glasflaschen anfertigen lassen \u2713 von der Idee bis zum fertigen Muster \u2713 Mehr erfahren!\" \/>\n<meta name=\"robots\" content=\"index, follow, max-snippet:-1, max-image-preview:large, max-video-preview:-1\" \/>\n<link rel=\"canonical\" href=\"https:\/\/www.stoelzle.com\/de\/service\/produktentwicklung\/\" \/>\n<meta property=\"og:locale\" content=\"de_DE\" \/>\n<meta property=\"og:type\" content=\"article\" \/>\n<meta property=\"og:title\" content=\"Individuelle Glasflaschen \u00bb Produktentwicklung | Stoelzle\" \/>\n<meta property=\"og:description\" content=\"Produktentwicklungen von Stoelzle \u279c Jetzt individuelle Glasflaschen anfertigen lassen \u2713 von der Idee bis zum fertigen Muster \u2713 Mehr erfahren!\" \/>\n<meta property=\"og:url\" content=\"https:\/\/www.stoelzle.com\/de\/service\/produktentwicklung\/\" \/>\n<meta property=\"og:site_name\" content=\"Stoelzle Glass Group\" \/>\n<meta property=\"article:modified_time\" content=\"2022-10-20T12:05:50+00:00\" \/>\n<meta name=\"twitter:card\" content=\"summary_large_image\" \/>\n<meta name=\"twitter:label1\" content=\"Gesch\u00e4tzte Lesezeit\" \/>\n\t<meta name=\"twitter:data1\" content=\"2 Minuten\" \/>\n<script type=\"application\/ld+json\" class=\"yoast-schema-graph\">{\"@context\":\"https:\/\/schema.org\",\"@graph\":[{\"@type\":\"WebPage\",\"@id\":\"https:\/\/www.stoelzle.com\/de\/service\/produktentwicklung\/\",\"url\":\"https:\/\/www.stoelzle.com\/de\/service\/produktentwicklung\/\",\"name\":\"Individuelle Glasflaschen \u00bb Produktentwicklung | Stoelzle\",\"isPartOf\":{\"@id\":\"https:\/\/www.stoelzle.com\/#website\"},\"datePublished\":\"2021-01-14T07:39:52+00:00\",\"dateModified\":\"2022-10-20T12:05:50+00:00\",\"description\":\"Produktentwicklungen von Stoelzle \u279c Jetzt individuelle Glasflaschen anfertigen lassen \u2713 von der Idee bis zum fertigen Muster \u2713 Mehr erfahren!\",\"breadcrumb\":{\"@id\":\"https:\/\/www.stoelzle.com\/de\/service\/produktentwicklung\/#breadcrumb\"},\"inLanguage\":\"de-DE\",\"potentialAction\":[{\"@type\":\"ReadAction\",\"target\":[\"https:\/\/www.stoelzle.com\/de\/service\/produktentwicklung\/\"]}]},{\"@type\":\"BreadcrumbList\",\"@id\":\"https:\/\/www.stoelzle.com\/de\/service\/produktentwicklung\/#breadcrumb\",\"itemListElement\":[{\"@type\":\"ListItem\",\"position\":1,\"name\":\"Home\",\"item\":\"https:\/\/www.stoelzle.com\/de\/\"},{\"@type\":\"ListItem\",\"position\":2,\"name\":\"Service\",\"item\":\"https:\/\/www.stoelzle.com\/de\/service\/\"},{\"@type\":\"ListItem\",\"position\":3,\"name\":\"Produktentwicklung\"}]},{\"@type\":\"WebSite\",\"@id\":\"https:\/\/www.stoelzle.com\/#website\",\"url\":\"https:\/\/www.stoelzle.com\/\",\"name\":\"Stoelzle Glass Group\",\"description\":\"\",\"publisher\":{\"@id\":\"https:\/\/www.stoelzle.com\/#organization\"},\"potentialAction\":[{\"@type\":\"SearchAction\",\"target\":{\"@type\":\"EntryPoint\",\"urlTemplate\":\"https:\/\/www.stoelzle.com\/?s={search_term_string}\"},\"query-input\":{\"@type\":\"PropertyValueSpecification\",\"valueRequired\":true,\"valueName\":\"search_term_string\"}}],\"inLanguage\":\"de-DE\"},{\"@type\":\"Organization\",\"@id\":\"https:\/\/www.stoelzle.com\/#organization\",\"name\":\"Stoelzle Glass Group\",\"url\":\"https:\/\/www.stoelzle.com\/\",\"logo\":{\"@type\":\"ImageObject\",\"inLanguage\":\"de-DE\",\"@id\":\"https:\/\/www.stoelzle.com\/#\/schema\/logo\/image\/\",\"url\":\"https:\/\/www.stoelzle.com\/wp-content\/uploads\/2020\/06\/Logo.svg\",\"contentUrl\":\"https:\/\/www.stoelzle.com\/wp-content\/uploads\/2020\/06\/Logo.svg\",\"width\":180,\"height\":40,\"caption\":\"Stoelzle Glass Group\"},\"image\":{\"@id\":\"https:\/\/www.stoelzle.com\/#\/schema\/logo\/image\/\"}}]}<\/script>\n<!-- \/ Yoast SEO plugin. -->","yoast_head_json":{"title":"Individuelle Glasflaschen \u00bb Produktentwicklung | Stoelzle","description":"Produktentwicklungen von Stoelzle \u279c Jetzt individuelle Glasflaschen anfertigen lassen \u2713 von der Idee bis zum fertigen Muster \u2713 Mehr erfahren!","robots":{"index":"index","follow":"follow","max-snippet":"max-snippet:-1","max-image-preview":"max-image-preview:large","max-video-preview":"max-video-preview:-1"},"canonical":"https:\/\/www.stoelzle.com\/de\/service\/produktentwicklung\/","og_locale":"de_DE","og_type":"article","og_title":"Individuelle Glasflaschen \u00bb Produktentwicklung | Stoelzle","og_description":"Produktentwicklungen von Stoelzle \u279c Jetzt individuelle Glasflaschen anfertigen lassen \u2713 von der Idee bis zum fertigen Muster \u2713 Mehr erfahren!","og_url":"https:\/\/www.stoelzle.com\/de\/service\/produktentwicklung\/","og_site_name":"Stoelzle Glass Group","article_modified_time":"2022-10-20T12:05:50+00:00","twitter_card":"summary_large_image","twitter_misc":{"Gesch\u00e4tzte Lesezeit":"2 Minuten"},"schema":{"@context":"https:\/\/schema.org","@graph":[{"@type":"WebPage","@id":"https:\/\/www.stoelzle.com\/de\/service\/produktentwicklung\/","url":"https:\/\/www.stoelzle.com\/de\/service\/produktentwicklung\/","name":"Individuelle Glasflaschen \u00bb Produktentwicklung | Stoelzle","isPartOf":{"@id":"https:\/\/www.stoelzle.com\/#website"},"datePublished":"2021-01-14T07:39:52+00:00","dateModified":"2022-10-20T12:05:50+00:00","description":"Produktentwicklungen von Stoelzle \u279c Jetzt individuelle Glasflaschen anfertigen lassen \u2713 von der Idee bis zum fertigen Muster \u2713 Mehr erfahren!","breadcrumb":{"@id":"https:\/\/www.stoelzle.com\/de\/service\/produktentwicklung\/#breadcrumb"},"inLanguage":"de-DE","potentialAction":[{"@type":"ReadAction","target":["https:\/\/www.stoelzle.com\/de\/service\/produktentwicklung\/"]}]},{"@type":"BreadcrumbList","@id":"https:\/\/www.stoelzle.com\/de\/service\/produktentwicklung\/#breadcrumb","itemListElement":[{"@type":"ListItem","position":1,"name":"Home","item":"https:\/\/www.stoelzle.com\/de\/"},{"@type":"ListItem","position":2,"name":"Service","item":"https:\/\/www.stoelzle.com\/de\/service\/"},{"@type":"ListItem","position":3,"name":"Produktentwicklung"}]},{"@type":"WebSite","@id":"https:\/\/www.stoelzle.com\/#website","url":"https:\/\/www.stoelzle.com\/","name":"Stoelzle Glass Group","description":"","publisher":{"@id":"https:\/\/www.stoelzle.com\/#organization"},"potentialAction":[{"@type":"SearchAction","target":{"@type":"EntryPoint","urlTemplate":"https:\/\/www.stoelzle.com\/?s={search_term_string}"},"query-input":{"@type":"PropertyValueSpecification","valueRequired":true,"valueName":"search_term_string"}}],"inLanguage":"de-DE"},{"@type":"Organization","@id":"https:\/\/www.stoelzle.com\/#organization","name":"Stoelzle Glass Group","url":"https:\/\/www.stoelzle.com\/","logo":{"@type":"ImageObject","inLanguage":"de-DE","@id":"https:\/\/www.stoelzle.com\/#\/schema\/logo\/image\/","url":"https:\/\/www.stoelzle.com\/wp-content\/uploads\/2020\/06\/Logo.svg","contentUrl":"https:\/\/www.stoelzle.com\/wp-content\/uploads\/2020\/06\/Logo.svg","width":180,"height":40,"caption":"Stoelzle Glass Group"},"image":{"@id":"https:\/\/www.stoelzle.com\/#\/schema\/logo\/image\/"}}]}},"_links":{"self":[{"href":"https:\/\/www.stoelzle.com\/de\/wp-json\/wp\/v2\/pages\/1736","targetHints":{"allow":["GET"]}}],"collection":[{"href":"https:\/\/www.stoelzle.com\/de\/wp-json\/wp\/v2\/pages"}],"about":[{"href":"https:\/\/www.stoelzle.com\/de\/wp-json\/wp\/v2\/types\/page"}],"author":[{"embeddable":true,"href":"https:\/\/www.stoelzle.com\/de\/wp-json\/wp\/v2\/users\/1"}],"replies":[{"embeddable":true,"href":"https:\/\/www.stoelzle.com\/de\/wp-json\/wp\/v2\/comments?post=1736"}],"version-history":[{"count":0,"href":"https:\/\/www.stoelzle.com\/de\/wp-json\/wp\/v2\/pages\/1736\/revisions"}],"up":[{"embeddable":true,"href":"https:\/\/www.stoelzle.com\/de\/wp-json\/wp\/v2\/pages\/1710"}],"wp:attachment":[{"href":"https:\/\/www.stoelzle.com\/de\/wp-json\/wp\/v2\/media?parent=1736"}],"curies":[{"name":"wp","href":"https:\/\/api.w.org\/{rel}","templated":true}]}}