{"id":1732,"date":"2021-01-14T07:39:20","date_gmt":"2021-01-14T07:39:20","guid":{"rendered":"http:\/\/stoelzle.com\/services\/decoration\/"},"modified":"2022-01-02T16:41:41","modified_gmt":"2022-01-02T16:41:41","slug":"dekoration","status":"publish","type":"page","link":"https:\/\/www.stoelzle.com\/de\/service\/dekoration\/","title":{"rendered":"Dekoration"},"content":{"rendered":"<div class=\"wpb-content-wrapper\"><p>[vc_row][vc_column]<div class=\"vc-title   text-center\">\n              <div class=\"topline\">Der Weg zum einzigartigen Produkt<\/div>\n              <h1 class=\"title position-relative separator\">Dekoration<\/h1>\n              <div class=\"row\"><div class=\"col-md-10 offset-md-1\"><\/p>\n<p class=\"large-text\">In den 3 hauseigenen Dekorationsst\u00e4tten wird Stoelzle seiner Vorreiterrolle gerecht. F\u00fcr uns bedeutet Dekoration, die Glasverpackung zu veredeln, also ihren Wert zu steigern. Zudem unterstreicht jegliche Dekoration sowohl den Wert des abgef\u00fcllten Produktes als auch seine Emotionen.<\/p>\n<p><\/div><\/div>\n            <\/div>[\/vc_column][\/vc_row][vc_row full_width=&#8221;stretch_row_content_no_spaces&#8221;][vc_column]<div id=\"id-content-cards\" class=\"row no-gutters  \">\n        <div class=\"col-sm-6 col-md-4 col-lg-3 \">\n          <div class=\"card card-text theme-light-gray\">\n            \n            <div class=\"card-overlay d-flex flex-column\">\n            <div class=\"sub-headline w-100\">Modern & innovativ<\/div>\n            <h2 class=\"headline h3 w-100\">Dekorationsst\u00e4tten<\/h2>\n            <div class=\"desc w-100\"><p>Stoelzle investiert laufend in die Anlagen und Techniken in seinen Dekorationsst\u00e4tten in Frankreich, Polen und Gro\u00dfbritannien. Unser Innovationsteam setzt auf die  Entwicklung neuer Dekorationstechniken und Dekorationsprozesse, um den Kunden eine noch umfangreichere Auswahl an Veredelungsm\u00f6glichkeiten bieten zu k\u00f6nnen. <\/p><\/div>\n            \n              <div class=\"mt-auto\">\n                \n              <\/div>\n            <\/div>\n          <\/div>\n        <\/div>\n        <div class=\"col-sm-6 col-md-4 col-lg-3 \">\n          <a href=\"https:\/\/www.stoelzle.com\/de\/service\/dekoration\/recyclingfarbe\/\"  class=\"card d-block no-zoom theme-dark\">\n            \n          <div class=\"card-image position-absolute w-100 h-100\">\n            <img decoding=\"async\" class=\"w-100 h-100\"  src=\"https:\/\/www.stoelzle.com\/wp-content\/uploads\/2021\/11\/recycled-ink-800x800.jpg\" alt=\"Recycled ink\" \/>\n          <\/div>\n            <div class=\"card-overlay d-flex flex-column\">\n            <div class=\"sub-headline w-100\">Neu & umweltfreundlich<\/div>\n            <h2 class=\"headline h3 w-100\">Recyclingfarbe<\/h2>\n            \n            \n              <div class=\"mt-auto\">\n                <span class=\"cta big-button arrow\"><\/span>\n              <\/div>\n            <\/div>\n          <\/a>\n        <\/div>\n        <div class=\"col-sm-6 col-md-4 col-lg-3 \">\n          <a href=\"\/de\/kontakt\/\"  class=\"card d-block card-text theme-blue\">\n            \n            <div class=\"card-overlay d-flex flex-column\">\n            <div class=\"sub-headline w-100\">Kontakt<\/div>\n            <div class=\"headline h3 w-100\">Anfragen an unser Dekorationsteam<\/div>\n            \n            \n              <div class=\"mt-auto\">\n                <span class=\"cta big-button arrow\"><\/span>\n              <\/div>\n            <\/div>\n          <\/a>\n        <\/div>\n        <div class=\"col-sm-6 col-md-4 col-lg-3 d-block d-md-none d-lg-block\">\n          <div class=\"card no-zoom theme-dark\">\n            \n          <div class=\"card-image position-absolute w-100 h-100\">\n            <img decoding=\"async\" class=\"w-100 h-100\"  src=\"https:\/\/www.stoelzle.com\/wp-content\/uploads\/2021\/01\/decoration-pure-xs-800x800.jpg\" alt=\"Decorated perfume flacon  Pure XS\" \/>\n          <\/div>\n            <div class=\"card-overlay d-flex flex-column\">\n            \n            \n            \n            \n              <div class=\"mt-auto\">\n                \n              <\/div>\n            <\/div>\n          <\/div>\n        <\/div>\n        <div class=\"col-sm-6 col-md-4 col-lg-3 \">\n          <div class=\"card card-text theme-blue\">\n            \n            <div class=\"card-overlay d-flex flex-column\">\n            \n            <h2 class=\"headline h3 w-100\">Voll im Trend<\/h2>\n            <div class=\"desc w-100\"><p><ul>\n  <li>Digitaldruck<\/li>\n  <li>Effektlackierung<\/li>\n  <li>Hei\u00dffolienpr\u00e4gung<\/li>\n  <li>Refliefdekor<\/li>\n  <li>Lasergravur<\/li>\n  <li>UV Kleben<\/li>\n  <li>Schmuckapplikationen<\/li>\n<\/ul><\/p><\/div>\n            \n              <div class=\"mt-auto\">\n                \n              <\/div>\n            <\/div>\n          <\/div>\n        <\/div>\n        <div class=\"col-sm-6 col-md-4 col-lg-3 \">\n          <div class=\"card card-text theme-white\">\n            \n            <div class=\"card-overlay d-flex flex-column\">\n            \n            <h2 class=\"headline h3 w-100\">Innovativ<\/h2>\n            <div class=\"desc w-100\"><p><ul>\n  <li>Quali Glass Coat 2.0<\/li>\n  <li>Rundum-Druck<\/li>\n  <li>IPET Beschichtung<\/li>\n  <li>Bruchsicheres Glas<\/li>\n  <li>NRG 4.0<\/li>\n  <li>Tigital<\/li>\n  <li>Quadrichromie<\/li>\n<\/ul><\/p><\/div>\n            \n              <div class=\"mt-auto\">\n                \n              <\/div>\n            <\/div>\n          <\/div>\n        <\/div>\n        <div class=\"col-sm-6 col-md-4 col-lg-3 d-block d-md-none d-lg-block\">\n          <div class=\"card no-zoom theme-dark\">\n            \n          <div class=\"card-image position-absolute w-100 h-100\">\n            <img decoding=\"async\" class=\"w-100 h-100\"  src=\"https:\/\/www.stoelzle.com\/wp-content\/uploads\/2021\/01\/decoration-accessory-application-800x800.jpg\" alt=\"Spirits bottle in a automatic accessory application device at Stoelzle FLaconnage\" \/>\n          <\/div>\n            <div class=\"card-overlay d-flex flex-column\">\n            \n            \n            \n            \n              <div class=\"mt-auto\">\n                \n              <\/div>\n            <\/div>\n          <\/div>\n        <\/div>\n        <div class=\"col-sm-6 col-md-4 col-lg-3 \">\n          <div class=\"card card-text theme-light-gray\">\n            \n            <div class=\"card-overlay d-flex flex-column\">\n            \n            <h2 class=\"headline h3 w-100\">Traditionell<\/h2>\n            <div class=\"desc w-100\"><p><ul>\n  <li>Siebdruck<\/li>\n  <li>Lackierung<\/li>\n  <li>S\u00e4uremattierung<\/li>\n  <li>Abziehbilder<\/li>\n  <li>Sleeving<\/li>\n  <li>Tampo Druck <\/li>\n<\/ul><\/p><\/div>\n            \n              <div class=\"mt-auto\">\n                \n              <\/div>\n            <\/div>\n          <\/div>\n        <\/div><\/div>[\/vc_column][\/vc_row][vc_row][vc_column]<div class=\"vc-title spacing-top-m  text-center\">\n              \n              <h2 class=\"title position-relative\">Trends &amp; Innovationen<\/h2>\n              \n            <\/div><div id=\"id-trends-innovations\" class=\" spacing-bottom-m\"><div class=\"mb-4\"><div class=\"row\"><div class=\"col content-slider-arrows text-center\"><\/div><\/div><\/div><div class=\"row content-slider mb-5\"><div class=\"col\"><div>\n                        <div class=\"mb-3\"><div class=\"content-slider-image\">\n                      <img decoding=\"async\" class=\"img-fluid w-100 h-100\" src=\"https:\/\/www.stoelzle.com\/wp-content\/uploads\/2021\/02\/decoration-printing-around-the-corners.jpg\" alt=\"Square bottles decorated across all edges via screen printing.\">\n                    <\/div><\/div>\n                        <h2 class=\"h3 content-slider-title\">Rundum-Druck<\/h2><div class=\"content-slider-text\">Die grafische Vorlage wird bei eckigen Flaschen \u00fcber die Kanten hinweg angedruckt.<\/div>\n                      <\/div><\/div><div class=\"col\"><div>\n                        <div class=\"mb-3\"><div class=\"content-slider-image\">\n                      <img decoding=\"async\" class=\"img-fluid w-100 h-100\" src=\"https:\/\/www.stoelzle.com\/wp-content\/uploads\/2021\/02\/decoration-quadrochromie.jpg\" alt=\"Bottles showing decoration technique Quadrichromie\">\n                    <\/div><\/div>\n                        <h2 class=\"h3 content-slider-title\">Quadrichromie<\/h2><div class=\"content-slider-text\">Siebdruckverfahren, das auf der CMYK Farbskala basiert und die Umsetzung sehr detailgetreuer, fotorealistischer Sujets in umfassender Farbqualit\u00e4t erm\u00f6glicht.  <\/div>\n                      <\/div><\/div><div class=\"col\"><div>\n                        <div class=\"mb-3\"><div class=\"content-slider-image\">\n                      <img decoding=\"async\" class=\"img-fluid w-100 h-100\" src=\"https:\/\/www.stoelzle.com\/wp-content\/uploads\/2021\/02\/decoration-digital-print.jpg\" alt=\"Stoelzle bottles decorated via inkjet printing\">\n                    <\/div><\/div>\n                        <h2 class=\"h3 content-slider-title\">Digitaldruck<\/h2><div class=\"content-slider-text\">Digitaldruck eignet sich optimal daf\u00fcr, Einzelflaschen und kleine Losgr\u00f6\u00dfen individuell und schnell zu veredeln. Diese Technik kann auf eckigen und runden Beh\u00e4ltern angewendet werden.<\/div>\n                      <\/div><\/div><div class=\"col\"><div>\n                        <div class=\"mb-3\"><div class=\"content-slider-image\">\n                      <img decoding=\"async\" class=\"img-fluid w-100 h-100\" src=\"https:\/\/www.stoelzle.com\/wp-content\/uploads\/2021\/02\/decoration-quali-glass-coat.jpg\" alt=\"Stoelzle bottles decorated with innovative powder coating \ntechnique Quali Glass Coat\">\n                    <\/div><\/div>\n                        <h2 class=\"h3 content-slider-title\">Quali Glass Coat 2.0<\/h2><div class=\"content-slider-text\">Dabei handelt es sich um eine umweltfreundliche Art der Pulverbeschichtung, die optisch perfekte Oberfl\u00e4chen erzielt, welche mechanischer Belastung sehr gut standhalten. Bei dieser Technik werden keinerlei L\u00f6sungsmittel eingesetzt. Das Verfahren verursacht im Vergleich zu herk\u00f6mmlichen Lackierprozessen um 77% weniger CO<sub>2<\/sub>. <\/div>\n                      <\/div><\/div><div class=\"col\"><div>\n                        <div class=\"mb-3\"><div class=\"content-slider-image\">\n                      <img decoding=\"async\" class=\"img-fluid w-100 h-100\" src=\"https:\/\/www.stoelzle.com\/wp-content\/uploads\/2021\/02\/decoration-tigital.jpg\" alt=\"Stoelzle bottles decorated with innovative and ecofriendly decoration technique TIGITAL\">\n                    <\/div><\/div>\n                        <h2 class=\"h3 content-slider-title\">Tigital<\/h2><div class=\"content-slider-text\">Bei dieser umweltfreundlichen Technik wird das grafische Element mittels Pulverbeschichtung am Glas angebracht.  Sie eignet sich sehr gut f\u00fcr kleine Produktionsmengen und unterschiedlichste Flaschenformen.<\/div>\n                      <\/div><\/div><div class=\"col\"><div>\n                        <div class=\"mb-3\"><div class=\"content-slider-image\">\n                      <img decoding=\"async\" class=\"img-fluid w-100 h-100\" src=\"https:\/\/www.stoelzle.com\/wp-content\/uploads\/2021\/02\/decoration-nrg4.jpg\" alt=\"Bottles decorated with phosphorescent colour which shine in the dark\">\n                    <\/div><\/div>\n                        <h2 class=\"h3 content-slider-title\">NRG 4.0<\/h2><div class=\"content-slider-text\">\u201eNew Radiating Glass\u201c beruht auf einer Veredelung mit phosphoreszierenden Farben, die je nach Umgebungslicht einen Tages- oder Nachtmodus zeigen.<\/div>\n                      <\/div><\/div><div class=\"col\"><div>\n                        <div class=\"mb-3\"><div class=\"content-slider-image\">\n                      <img decoding=\"async\" class=\"img-fluid w-100 h-100\" src=\"https:\/\/www.stoelzle.com\/wp-content\/uploads\/2021\/02\/decoration-effect-spraying.jpg\" alt=\"Crackle effect spraying on Stoelzle Spirits bottles\">\n                    <\/div><\/div>\n                        <h2 class=\"h3 content-slider-title\">Effektlackierung<\/h2><div class=\"content-slider-text\">Durch den Einsatz von speziellen Lacken werden erstaunliche Effekte erzielt. Die bespr\u00fchten Fl\u00e4schchen k\u00f6nnen sich weich wie Samt oder rau wie Beton anf\u00fchlen, luxuri\u00f6s glitzern, metallisch schimmern oder aussehen wie Eis bzw. Kohle.<\/div>\n                      <\/div><\/div><div class=\"col\"><div>\n                        <div class=\"mb-3\"><div class=\"content-slider-image\">\n                      <img decoding=\"async\" class=\"img-fluid w-100 h-100\" src=\"https:\/\/www.stoelzle.com\/wp-content\/uploads\/2021\/02\/decoration-ipet.jpg\" alt=\"Stoelzle glass bottles with and without IPET surface treatment\">\n                    <\/div><\/div>\n                        <h2 class=\"h3 content-slider-title\">IPET<\/h2><div class=\"content-slider-text\">Dieses Veredelungsverfahren wird weltweit einzig von Stoelzle angeboten. Eine Verg\u00fctung w\u00e4hrend des Produktionsprozesses erzeugt eine au\u00dfergew\u00f6hnlich schimmernde Glasoberfl\u00e4che, die sich perfekt f\u00fcr weitere Dekorationsschritte eignet. <\/div>\n                      <\/div><\/div><div class=\"col\"><div>\n                        <div class=\"mb-3\"><div class=\"content-slider-image\">\n                      <img decoding=\"async\" class=\"img-fluid w-100 h-100\" src=\"https:\/\/www.stoelzle.com\/wp-content\/uploads\/2021\/02\/decoration-fragment-retention.jpg\" alt=\"Stoelzle glass bottles showing decoration technique  fragment retention\">\n                    <\/div><\/div>\n                        <h2 class=\"h3 content-slider-title\">Bruchsicheres Glas<\/h2><div class=\"content-slider-text\">Danke einer speziellen Beschichtung wird Ihre Glasflasche quasi unkaputtbar. Dadurch ist der wertvolle Inhalt, also Ihr Produkt, bestens gesch\u00fctzt.<\/div>\n                      <\/div><\/div><\/div><\/div>\n    <script async>\n      jQuery(document).ready(function($) {\n        jQuery(\"#id-trends-innovations .content-slider\").slick({\n          slidesToShow: 3,\n          prevArrow: \"<span class=\\\"d-inline-block slick-arrow slick-arrow-prev\\\"><\/span>\",\n          nextArrow: \"<span class=\\\"d-inline-block slick-arrow slick-arrow-next\\\"><\/span>\",\n          appendArrows: $(\"#id-trends-innovations .content-slider-arrows\"),\n          adaptiveHeight: true,\n          responsive: [\n            {\n              breakpoint: 1024,\n              settings: {\n                slidesToShow: 2\n              }\n            },\n            {\n              breakpoint: 768,\n              settings: {\n                slidesToShow: 1\n              }\n            },\n          ]\n        });\n      });\n    <\/script>[\/vc_column][\/vc_row][vc_row full_width=&#8221;stretch_row&#8221; el_class=&#8221;light-gray&#8221;][vc_column]<div class=\"vc-spacer spacing-bottom-m\"><\/div>[vc_row_inner content_placement=&#8221;middle&#8221; el_class=&#8221;text-text&#8221;][vc_column_inner width=&#8221;1\/2&#8243;][vc_video link=&#8221;https:\/\/youtu.be\/uTxHm3oUbcQ&#8221;][\/vc_column_inner][vc_column_inner width=&#8221;1\/2&#8243;][vc_column_text]<\/p>\n<p class=\"topline\">Video<\/p>\n<h2>Quali Glass Coat 2.0<\/h2>\n<p>Lernen Sie diese umweltfreundliche Pulverbeschichtungsmethode kennen, mit der zahlreiche neue Dekoreffekte erzielt werden k\u00f6nnen. Quali Glass Coat 2.0 belastet die Umwelt in geringerem Ma\u00dfe als herk\u00f6mmliche Lackierungen.[\/vc_column_text][\/vc_column_inner][\/vc_row_inner]<div class=\"vc-spacer spacing-bottom-m\"><\/div>[\/vc_column][\/vc_row][vc_row][vc_column]<div class=\"vc-title spacing-top-s  text-center\">\n              <div class=\"topline\">Produktentwicklung<\/div>\n              <h1 class=\"title position-relative\">Weiterf\u00fchrende Informationen<\/h1>\n              <div class=\"row\"><div class=\"col-md-10 offset-md-1\"><a href=\"\/pharma\/de\/service\/dekoration\/\" rel=\"noopener\">Pharma \u2013 Health &amp; Safety<\/a><br \/>\n<a href=\"\/beauty\/de\/spezialanfertigungen\/dekoration\/\" rel=\"noopener\">Parf\u00fcmerie &amp; Kosmetik<\/a><br \/>\n<a href=\"\/consumer\/de\/service\/dekoration\/\" rel=\"noopener\">Lebensmittel &amp; Getr\u00e4nke<\/a><br \/>\n<a href=\"https:\/\/www.stoelzlespirits.com\/decoration\" target=\"_blank\" rel=\"noopener\">Spirituosen<\/a><\/div><\/div>\n            <\/div>[\/vc_column][\/vc_row]<\/p>\n<\/div>","protected":false},"excerpt":{"rendered":"<p>[vc_row][vc_column][\/vc_column][\/vc_row][vc_row full_width=&#8221;stretch_row_content_no_spaces&#8221;][vc_column][\/vc_column][\/vc_row][vc_row][vc_column][\/vc_column][\/vc_row][vc_row full_width=&#8221;stretch_row&#8221; el_class=&#8221;light-gray&#8221;][vc_column][vc_row_inner content_placement=&#8221;middle&#8221; el_class=&#8221;text-text&#8221;][vc_column_inner width=&#8221;1\/2&#8243;][vc_video link=&#8221;https:\/\/youtu.be\/uTxHm3oUbcQ&#8221;][\/vc_column_inner][vc_column_inner width=&#8221;1\/2&#8243;][vc_column_text] Video Quali Glass Coat 2.0 Lernen Sie diese umweltfreundliche Pulverbeschichtungsmethode kennen, mit der zahlreiche neue Dekoreffekte erzielt werden k\u00f6nnen. Quali Glass Coat 2.0 belastet die Umwelt in geringerem Ma\u00dfe als herk\u00f6mmliche Lackierungen.[\/vc_column_text][\/vc_column_inner][\/vc_row_inner][\/vc_column][\/vc_row][vc_row][vc_column][\/vc_column][\/vc_row]<\/p>\n","protected":false},"author":1,"featured_media":0,"parent":1710,"menu_order":510,"comment_status":"closed","ping_status":"closed","template":"","meta":{"_acf_changed":false,"footnotes":""},"class_list":["post-1732","page","type-page","status-publish","hentry"],"acf":[],"yoast_head":"<!-- This site is optimized with the Yoast SEO plugin v26.6 - https:\/\/yoast.com\/wordpress\/plugins\/seo\/ -->\n<title>Glasveredelung \u00bb Innovative Dekorationstechniken | Stoelzle<\/title>\n<meta name=\"description\" content=\"Neben traditionellen Techniken wie Siebdruck und Abziehbildern bietet Stoelzle auch innovative Glasveredelungen an \u279c Mehr erfahren!\" \/>\n<meta name=\"robots\" content=\"index, follow, max-snippet:-1, max-image-preview:large, max-video-preview:-1\" \/>\n<link rel=\"canonical\" href=\"https:\/\/www.stoelzle.com\/de\/service\/dekoration\/\" \/>\n<meta property=\"og:locale\" content=\"de_DE\" \/>\n<meta property=\"og:type\" content=\"article\" \/>\n<meta property=\"og:title\" content=\"Glasveredelung \u00bb Innovative Dekorationstechniken | Stoelzle\" \/>\n<meta property=\"og:description\" content=\"Neben traditionellen Techniken wie Siebdruck und Abziehbildern bietet Stoelzle auch innovative Glasveredelungen an \u279c Mehr erfahren!\" \/>\n<meta property=\"og:url\" content=\"https:\/\/www.stoelzle.com\/de\/service\/dekoration\/\" \/>\n<meta property=\"og:site_name\" content=\"Stoelzle Glass Group\" \/>\n<meta property=\"article:modified_time\" content=\"2022-01-02T16:41:41+00:00\" \/>\n<meta name=\"twitter:card\" content=\"summary_large_image\" \/>\n<meta name=\"twitter:label1\" content=\"Gesch\u00e4tzte Lesezeit\" \/>\n\t<meta name=\"twitter:data1\" content=\"1 Minute\" \/>\n<script type=\"application\/ld+json\" class=\"yoast-schema-graph\">{\"@context\":\"https:\/\/schema.org\",\"@graph\":[{\"@type\":\"WebPage\",\"@id\":\"https:\/\/www.stoelzle.com\/de\/service\/dekoration\/\",\"url\":\"https:\/\/www.stoelzle.com\/de\/service\/dekoration\/\",\"name\":\"Glasveredelung \u00bb Innovative Dekorationstechniken | Stoelzle\",\"isPartOf\":{\"@id\":\"https:\/\/www.stoelzle.com\/#website\"},\"datePublished\":\"2021-01-14T07:39:20+00:00\",\"dateModified\":\"2022-01-02T16:41:41+00:00\",\"description\":\"Neben traditionellen Techniken wie Siebdruck und Abziehbildern bietet Stoelzle auch innovative Glasveredelungen an \u279c Mehr erfahren!\",\"breadcrumb\":{\"@id\":\"https:\/\/www.stoelzle.com\/de\/service\/dekoration\/#breadcrumb\"},\"inLanguage\":\"de-DE\",\"potentialAction\":[{\"@type\":\"ReadAction\",\"target\":[\"https:\/\/www.stoelzle.com\/de\/service\/dekoration\/\"]}]},{\"@type\":\"BreadcrumbList\",\"@id\":\"https:\/\/www.stoelzle.com\/de\/service\/dekoration\/#breadcrumb\",\"itemListElement\":[{\"@type\":\"ListItem\",\"position\":1,\"name\":\"Home\",\"item\":\"https:\/\/www.stoelzle.com\/de\/\"},{\"@type\":\"ListItem\",\"position\":2,\"name\":\"Service\",\"item\":\"https:\/\/www.stoelzle.com\/de\/service\/\"},{\"@type\":\"ListItem\",\"position\":3,\"name\":\"Dekoration\"}]},{\"@type\":\"WebSite\",\"@id\":\"https:\/\/www.stoelzle.com\/#website\",\"url\":\"https:\/\/www.stoelzle.com\/\",\"name\":\"Stoelzle Glass Group\",\"description\":\"\",\"publisher\":{\"@id\":\"https:\/\/www.stoelzle.com\/#organization\"},\"potentialAction\":[{\"@type\":\"SearchAction\",\"target\":{\"@type\":\"EntryPoint\",\"urlTemplate\":\"https:\/\/www.stoelzle.com\/?s={search_term_string}\"},\"query-input\":{\"@type\":\"PropertyValueSpecification\",\"valueRequired\":true,\"valueName\":\"search_term_string\"}}],\"inLanguage\":\"de-DE\"},{\"@type\":\"Organization\",\"@id\":\"https:\/\/www.stoelzle.com\/#organization\",\"name\":\"Stoelzle Glass Group\",\"url\":\"https:\/\/www.stoelzle.com\/\",\"logo\":{\"@type\":\"ImageObject\",\"inLanguage\":\"de-DE\",\"@id\":\"https:\/\/www.stoelzle.com\/#\/schema\/logo\/image\/\",\"url\":\"https:\/\/www.stoelzle.com\/wp-content\/uploads\/2020\/06\/Logo.svg\",\"contentUrl\":\"https:\/\/www.stoelzle.com\/wp-content\/uploads\/2020\/06\/Logo.svg\",\"width\":180,\"height\":40,\"caption\":\"Stoelzle Glass Group\"},\"image\":{\"@id\":\"https:\/\/www.stoelzle.com\/#\/schema\/logo\/image\/\"}}]}<\/script>\n<!-- \/ Yoast SEO plugin. -->","yoast_head_json":{"title":"Glasveredelung \u00bb Innovative Dekorationstechniken | Stoelzle","description":"Neben traditionellen Techniken wie Siebdruck und Abziehbildern bietet Stoelzle auch innovative Glasveredelungen an \u279c Mehr erfahren!","robots":{"index":"index","follow":"follow","max-snippet":"max-snippet:-1","max-image-preview":"max-image-preview:large","max-video-preview":"max-video-preview:-1"},"canonical":"https:\/\/www.stoelzle.com\/de\/service\/dekoration\/","og_locale":"de_DE","og_type":"article","og_title":"Glasveredelung \u00bb Innovative Dekorationstechniken | Stoelzle","og_description":"Neben traditionellen Techniken wie Siebdruck und Abziehbildern bietet Stoelzle auch innovative Glasveredelungen an \u279c Mehr erfahren!","og_url":"https:\/\/www.stoelzle.com\/de\/service\/dekoration\/","og_site_name":"Stoelzle Glass Group","article_modified_time":"2022-01-02T16:41:41+00:00","twitter_card":"summary_large_image","twitter_misc":{"Gesch\u00e4tzte Lesezeit":"1 Minute"},"schema":{"@context":"https:\/\/schema.org","@graph":[{"@type":"WebPage","@id":"https:\/\/www.stoelzle.com\/de\/service\/dekoration\/","url":"https:\/\/www.stoelzle.com\/de\/service\/dekoration\/","name":"Glasveredelung \u00bb Innovative Dekorationstechniken | Stoelzle","isPartOf":{"@id":"https:\/\/www.stoelzle.com\/#website"},"datePublished":"2021-01-14T07:39:20+00:00","dateModified":"2022-01-02T16:41:41+00:00","description":"Neben traditionellen Techniken wie Siebdruck und Abziehbildern bietet Stoelzle auch innovative Glasveredelungen an \u279c Mehr erfahren!","breadcrumb":{"@id":"https:\/\/www.stoelzle.com\/de\/service\/dekoration\/#breadcrumb"},"inLanguage":"de-DE","potentialAction":[{"@type":"ReadAction","target":["https:\/\/www.stoelzle.com\/de\/service\/dekoration\/"]}]},{"@type":"BreadcrumbList","@id":"https:\/\/www.stoelzle.com\/de\/service\/dekoration\/#breadcrumb","itemListElement":[{"@type":"ListItem","position":1,"name":"Home","item":"https:\/\/www.stoelzle.com\/de\/"},{"@type":"ListItem","position":2,"name":"Service","item":"https:\/\/www.stoelzle.com\/de\/service\/"},{"@type":"ListItem","position":3,"name":"Dekoration"}]},{"@type":"WebSite","@id":"https:\/\/www.stoelzle.com\/#website","url":"https:\/\/www.stoelzle.com\/","name":"Stoelzle Glass Group","description":"","publisher":{"@id":"https:\/\/www.stoelzle.com\/#organization"},"potentialAction":[{"@type":"SearchAction","target":{"@type":"EntryPoint","urlTemplate":"https:\/\/www.stoelzle.com\/?s={search_term_string}"},"query-input":{"@type":"PropertyValueSpecification","valueRequired":true,"valueName":"search_term_string"}}],"inLanguage":"de-DE"},{"@type":"Organization","@id":"https:\/\/www.stoelzle.com\/#organization","name":"Stoelzle Glass Group","url":"https:\/\/www.stoelzle.com\/","logo":{"@type":"ImageObject","inLanguage":"de-DE","@id":"https:\/\/www.stoelzle.com\/#\/schema\/logo\/image\/","url":"https:\/\/www.stoelzle.com\/wp-content\/uploads\/2020\/06\/Logo.svg","contentUrl":"https:\/\/www.stoelzle.com\/wp-content\/uploads\/2020\/06\/Logo.svg","width":180,"height":40,"caption":"Stoelzle Glass Group"},"image":{"@id":"https:\/\/www.stoelzle.com\/#\/schema\/logo\/image\/"}}]}},"_links":{"self":[{"href":"https:\/\/www.stoelzle.com\/de\/wp-json\/wp\/v2\/pages\/1732","targetHints":{"allow":["GET"]}}],"collection":[{"href":"https:\/\/www.stoelzle.com\/de\/wp-json\/wp\/v2\/pages"}],"about":[{"href":"https:\/\/www.stoelzle.com\/de\/wp-json\/wp\/v2\/types\/page"}],"author":[{"embeddable":true,"href":"https:\/\/www.stoelzle.com\/de\/wp-json\/wp\/v2\/users\/1"}],"replies":[{"embeddable":true,"href":"https:\/\/www.stoelzle.com\/de\/wp-json\/wp\/v2\/comments?post=1732"}],"version-history":[{"count":0,"href":"https:\/\/www.stoelzle.com\/de\/wp-json\/wp\/v2\/pages\/1732\/revisions"}],"up":[{"embeddable":true,"href":"https:\/\/www.stoelzle.com\/de\/wp-json\/wp\/v2\/pages\/1710"}],"wp:attachment":[{"href":"https:\/\/www.stoelzle.com\/de\/wp-json\/wp\/v2\/media?parent=1732"}],"curies":[{"name":"wp","href":"https:\/\/api.w.org\/{rel}","templated":true}]}}