{"id":1730,"date":"2021-01-14T07:37:12","date_gmt":"2021-01-14T07:37:12","guid":{"rendered":"http:\/\/stoelzle.com\/stoelzle-glass-group\/partners\/"},"modified":"2021-05-26T12:09:45","modified_gmt":"2021-05-26T12:09:45","slug":"kooperationspartner","status":"publish","type":"page","link":"https:\/\/www.stoelzle.com\/de\/unternehmen\/kooperationspartner\/","title":{"rendered":"Kooperationspartner"},"content":{"rendered":"<div class=\"wpb-content-wrapper\"><p>[vc_row][vc_column]<div class=\"vc-title   text-center\">\n              <div class=\"topline\">Kunst, Kultur, Sport &amp; Gesellschaft<\/div>\n              <h1 class=\"title position-relative separator\">Unsere Partner<\/h1>\n              <div class=\"row\"><div class=\"col-md-10 offset-md-1\"><\/p>\n<p class=\"large-text\">Wir sind stolz auf zahlreiche Kooperationen in den Bereichen Kultur, Kunst, Sport, Gesellschaft und Wohlt\u00e4tigkeit. Unser oberstes Ziel ist es, Glas als Verpackungsmaterial erster Wahl weltweit bekannt zu machen.<\/p>\n<p><\/div><\/div>\n            <\/div>[\/vc_column][\/vc_row][vc_row full_width=&#8221;stretch_row_content_no_spaces&#8221;][vc_column]<div class=\"vc-two-columns  \">\n                <div class=\"row\">\n                    <div class=\"col-sm-6 bg-gray image-left\"><img loading=\"lazy\" decoding=\"async\" width=\"1024\" height=\"666\" src=\"https:\/\/www.stoelzle.com\/wp-content\/uploads\/2021\/01\/partners-glashuette-stoelzle-baernbach-1024x666.jpg\" class=\"w-100 h-100 cover\" alt=\"Facade and entry of the Stoelzle glass centre building\" srcset=\"https:\/\/www.stoelzle.com\/wp-content\/uploads\/2021\/01\/partners-glashuette-stoelzle-baernbach-1024x666.jpg 1024w, https:\/\/www.stoelzle.com\/wp-content\/uploads\/2021\/01\/partners-glashuette-stoelzle-baernbach-480x312.jpg 480w, https:\/\/www.stoelzle.com\/wp-content\/uploads\/2021\/01\/partners-glashuette-stoelzle-baernbach-1536x998.jpg 1536w, https:\/\/www.stoelzle.com\/wp-content\/uploads\/2021\/01\/partners-glashuette-stoelzle-baernbach-992x645.jpg 992w, https:\/\/www.stoelzle.com\/wp-content\/uploads\/2021\/01\/partners-glashuette-stoelzle-baernbach-600x390.jpg 600w, https:\/\/www.stoelzle.com\/wp-content\/uploads\/2021\/01\/partners-glashuette-stoelzle-baernbach.jpg 2000w\" sizes=\"auto, (max-width: 1024px) 100vw, 1024px\" \/><\/div>\n                    <div class=\"col-sm-6 bg-gray image-left\"><div class=\"column-content h-100 d-flex flex-column justify-content-center\"><\/p>\n<h2>Glash\u00fctte Stoelzle B\u00e4rnbach<\/h2>\n<p>Im Herzen der Weststeiermark, in unmittelbarer N\u00e4he zum Lipizzanergest\u00fct Piber, haben wir am Standort der einstigen Stoelzle Mundblash\u00fctte ein einzigartiges Gesamtkonzept umgesetzt, das ein Bed+Breakfast, ein Glasmuseum, einen Werksverkauf und eine Schauglash\u00fctte umfasst.<\/p>\n<p><img loading=\"lazy\" decoding=\"async\" class=\"alignnone size-full wp-image-735\" title=\"Logo Glashuette Stoelzle B\u00e4rnbach\" src=\"https:\/\/www.stoelzle.com\/wp-content\/uploads\/2021\/01\/partners-logo-glashuette.png\" alt=\"Logo of the Glashuette B\u00e4rnbach\" width=\"200\" height=\"63\" srcset=\"https:\/\/www.stoelzle.com\/wp-content\/uploads\/2021\/01\/partners-logo-glashuette.png 2624w, https:\/\/www.stoelzle.com\/wp-content\/uploads\/2021\/01\/partners-logo-glashuette-480x150.png 480w, https:\/\/www.stoelzle.com\/wp-content\/uploads\/2021\/01\/partners-logo-glashuette-1024x321.png 1024w, https:\/\/www.stoelzle.com\/wp-content\/uploads\/2021\/01\/partners-logo-glashuette-1536x481.png 1536w, https:\/\/www.stoelzle.com\/wp-content\/uploads\/2021\/01\/partners-logo-glashuette-2048x642.png 2048w, https:\/\/www.stoelzle.com\/wp-content\/uploads\/2021\/01\/partners-logo-glashuette-992x311.png 992w, https:\/\/www.stoelzle.com\/wp-content\/uploads\/2021\/01\/partners-logo-glashuette-2000x627.png 2000w, https:\/\/www.stoelzle.com\/wp-content\/uploads\/2021\/01\/partners-logo-glashuette-600x188.png 600w\" sizes=\"auto, (max-width: 200px) 100vw, 200px\" \/><\/div><\/div>\n                <\/div>\n            <\/div><div class=\"vc-two-columns  \">\n                <div class=\"row\">\n                    <div class=\"col-sm-6 bg-blue image-right\"><div class=\"column-content h-100 d-flex flex-column justify-content-center\"><\/p>\n<h2>Shop &amp; Museum<\/h2>\n<p>Das Glascenter wurde 1988 vom Architekten Prof. DI Klaus Kada im Rahmen der Landesausstellung &#8220;Glas &amp; Kohle&#8221; errichtet und beherbergt seit damals ein Museum und einen Werksverkauf. Kada bettete das alte Generatorgeb\u00e4ude kunstvoll in das moderne Geb\u00e4ude ein und zeigte beeindruckende Gestaltungm\u00f6glichkeiten mit Glas.<\/p>\n<p><a class=\"editor-button cta-white\" href=\"http:\/\/www.glasmuseum.at\" target=\"_blank\" rel=\"noopener\">www.glasmuseum.at<\/a><\/div><\/div>\n                    <div class=\"col-sm-6 bg-blue image-right\"><img loading=\"lazy\" decoding=\"async\" width=\"1024\" height=\"666\" src=\"https:\/\/www.stoelzle.com\/wp-content\/uploads\/2021\/01\/partners-glass-shop-museum-1024x666.jpg\" class=\"w-100 h-100 cover\" alt=\"Stoelzle glass shop and entry to the glass museum\" srcset=\"https:\/\/www.stoelzle.com\/wp-content\/uploads\/2021\/01\/partners-glass-shop-museum-1024x666.jpg 1024w, https:\/\/www.stoelzle.com\/wp-content\/uploads\/2021\/01\/partners-glass-shop-museum-480x312.jpg 480w, https:\/\/www.stoelzle.com\/wp-content\/uploads\/2021\/01\/partners-glass-shop-museum-1536x998.jpg 1536w, https:\/\/www.stoelzle.com\/wp-content\/uploads\/2021\/01\/partners-glass-shop-museum-992x645.jpg 992w, https:\/\/www.stoelzle.com\/wp-content\/uploads\/2021\/01\/partners-glass-shop-museum-600x390.jpg 600w, https:\/\/www.stoelzle.com\/wp-content\/uploads\/2021\/01\/partners-glass-shop-museum.jpg 2000w\" sizes=\"auto, (max-width: 1024px) 100vw, 1024px\" \/><\/div>\n                <\/div>\n            <\/div><div class=\"vc-two-columns  \">\n                <div class=\"row\">\n                    <div class=\"col-sm-6 bg-white image-left\"><img loading=\"lazy\" decoding=\"async\" width=\"1024\" height=\"666\" src=\"https:\/\/www.stoelzle.com\/wp-content\/uploads\/2021\/01\/partners-bed-breakfast-1024x666.jpg\" class=\"w-100 h-100 cover\" alt=\"Double bed room in the Stoelzle bed and breakfast\" srcset=\"https:\/\/www.stoelzle.com\/wp-content\/uploads\/2021\/01\/partners-bed-breakfast-1024x666.jpg 1024w, https:\/\/www.stoelzle.com\/wp-content\/uploads\/2021\/01\/partners-bed-breakfast-480x312.jpg 480w, https:\/\/www.stoelzle.com\/wp-content\/uploads\/2021\/01\/partners-bed-breakfast-1536x998.jpg 1536w, https:\/\/www.stoelzle.com\/wp-content\/uploads\/2021\/01\/partners-bed-breakfast-992x645.jpg 992w, https:\/\/www.stoelzle.com\/wp-content\/uploads\/2021\/01\/partners-bed-breakfast-600x390.jpg 600w, https:\/\/www.stoelzle.com\/wp-content\/uploads\/2021\/01\/partners-bed-breakfast.jpg 2000w\" sizes=\"auto, (max-width: 1024px) 100vw, 1024px\" \/><\/div>\n                    <div class=\"col-sm-6 bg-white image-left\"><div class=\"column-content h-100 d-flex flex-column justify-content-center\"><\/p>\n<h2>Bed+Breakfast<\/h2>\n<p>Das Bed+Breakfast verf\u00fcgt \u00fcber 10\u00a0Zimmer, deren moderner Komfort und puristische Ausstattung perfekt mit der preisgekr\u00f6nten Architektur des Glascenters harmonieren. Diese Unterkunft begeistert sowohl Gesch\u00e4ftsreisende als auch Touristen.<\/p>\n<p><a class=\"editor-button cta\" href=\"https:\/\/www.glashuette-bb.at\" target=\"_blank\" rel=\"noopener\">www.glashuette-bb.at<\/a><\/div><\/div>\n                <\/div>\n            <\/div><div class=\"vc-two-columns  \">\n                <div class=\"row\">\n                    <div class=\"col-sm-6 bg-gray image-right\"><div class=\"column-content h-100 d-flex flex-column justify-content-center\"><\/p>\n<h2>Stoelzle-Galerie<\/h2>\n<p>Seit 2011 unterst\u00fctzen wir den Verein &#8220;Kunstfabrik Lipizzanerheimat&#8221;, der sowohl Ateliers als auch eine Galerie in der ehemaligen Mundblash\u00fctte eingerichtet hat. Workshops und Kunstkurse locken immer wieder nationale und internationale Kunstschaffende in die Stoelzle Galerie.<\/p>\n<p><a class=\"editor-button cta\" href=\"https:\/\/www.kunstfabrik-lipizzanerheimat.at\/\" target=\"_blank\" rel=\"noopener\">www.kunstfabrik-lipizzanerheimat.at<\/a><\/div><\/div>\n                    <div class=\"col-sm-6 bg-gray image-right\"><img loading=\"lazy\" decoding=\"async\" width=\"1024\" height=\"666\" src=\"https:\/\/www.stoelzle.com\/wp-content\/uploads\/2021\/01\/partners-stoelzle-gallery-kunstfabrik-1024x666.jpg\" class=\"w-100 h-100 cover\" alt=\"Building where the art association &quot;Kunstfabrik&quot; is located\" srcset=\"https:\/\/www.stoelzle.com\/wp-content\/uploads\/2021\/01\/partners-stoelzle-gallery-kunstfabrik-1024x666.jpg 1024w, https:\/\/www.stoelzle.com\/wp-content\/uploads\/2021\/01\/partners-stoelzle-gallery-kunstfabrik-480x312.jpg 480w, https:\/\/www.stoelzle.com\/wp-content\/uploads\/2021\/01\/partners-stoelzle-gallery-kunstfabrik-1536x998.jpg 1536w, https:\/\/www.stoelzle.com\/wp-content\/uploads\/2021\/01\/partners-stoelzle-gallery-kunstfabrik-992x645.jpg 992w, https:\/\/www.stoelzle.com\/wp-content\/uploads\/2021\/01\/partners-stoelzle-gallery-kunstfabrik-600x390.jpg 600w, https:\/\/www.stoelzle.com\/wp-content\/uploads\/2021\/01\/partners-stoelzle-gallery-kunstfabrik.jpg 2000w\" sizes=\"auto, (max-width: 1024px) 100vw, 1024px\" \/><\/div>\n                <\/div>\n            <\/div><div class=\"vc-two-columns  \">\n                <div class=\"row\">\n                    <div class=\"col-sm-6 bg-blue image-left\"><img loading=\"lazy\" decoding=\"async\" width=\"1024\" height=\"666\" src=\"https:\/\/www.stoelzle.com\/wp-content\/uploads\/2021\/01\/partners-hotel-alexander-czech-1024x666.jpg\" class=\"w-100 h-100 cover\" alt=\"Hotel Alexander, situated in Czech town of Strbro\" srcset=\"https:\/\/www.stoelzle.com\/wp-content\/uploads\/2021\/01\/partners-hotel-alexander-czech-1024x666.jpg 1024w, https:\/\/www.stoelzle.com\/wp-content\/uploads\/2021\/01\/partners-hotel-alexander-czech-480x312.jpg 480w, https:\/\/www.stoelzle.com\/wp-content\/uploads\/2021\/01\/partners-hotel-alexander-czech-1536x998.jpg 1536w, https:\/\/www.stoelzle.com\/wp-content\/uploads\/2021\/01\/partners-hotel-alexander-czech-992x645.jpg 992w, https:\/\/www.stoelzle.com\/wp-content\/uploads\/2021\/01\/partners-hotel-alexander-czech-600x390.jpg 600w, https:\/\/www.stoelzle.com\/wp-content\/uploads\/2021\/01\/partners-hotel-alexander-czech.jpg 2000w\" sizes=\"auto, (max-width: 1024px) 100vw, 1024px\" \/><\/div>\n                    <div class=\"col-sm-6 bg-blue image-left\"><div class=\"column-content h-100 d-flex flex-column justify-content-center\"><\/p>\n<h2>Hotel Alexander<\/h2>\n<p>Seit der Mitte des 13. Jahrhunderts ist das Hotel Alexander einer der Prachtbauten im Herzen der tschechischen Stadt St\u0159\u00edbro. Seit Mitte der 1990er befindet es sich in Stoelzle Besitz und wurde nach aufwendigen Renovierungen wieder zu einem wahren\u00a0 Beherbergungsjuwel der Region.<\/p>\n<p><a class=\"editor-button cta-white\" href=\"https:\/\/www.hotel-alexander.cz\/de\/\" target=\"_blank\" rel=\"noopener\">www.hotel-alexander.cz<\/a><\/div><\/div>\n                <\/div>\n            <\/div><div class=\"vc-two-columns  \">\n                <div class=\"row\">\n                    <div class=\"col-sm-6 bg-white image-right\"><div class=\"column-content h-100 d-flex flex-column justify-content-center\"><\/p>\n<h2>IPGR \u2013 International partners in glass research<\/h2>\n<p>Stoelzle ist der in Deutschland ans\u00e4ssigen Forschungseinrichtung IPGR als 11. Mitglied beigetreten. Der Zusammenschluss von internationalen Gasherstellern und Zulieferern hat es sich zum Ziel gesetzt, die Wettbewerbsf\u00e4higkeit des Verpackungsmaterials Glas durch Forschungs- und Entwicklungsprogramme zu erh\u00f6hen, F&amp;E-Erkenntnisse zu teilen und die individuelle Zusammenarbeit aller Mitglieder zu f\u00f6rdern.<\/p>\n<p><a class=\"editor-button cta\" href=\"https:\/\/www.ipgr.com\" target=\"_blank\" rel=\"noopener\">www.ipgr.com<\/a><\/div><\/div>\n                    <div class=\"col-sm-6 bg-white image-right\"><img loading=\"lazy\" decoding=\"async\" width=\"1024\" height=\"666\" src=\"https:\/\/www.stoelzle.com\/wp-content\/uploads\/2021\/02\/partners-ipgr-glass-research-1024x666.jpg\" class=\"w-100 h-100 cover\" alt=\"Liquid glass drop been cut before entering the IS machine\" srcset=\"https:\/\/www.stoelzle.com\/wp-content\/uploads\/2021\/02\/partners-ipgr-glass-research-1024x666.jpg 1024w, https:\/\/www.stoelzle.com\/wp-content\/uploads\/2021\/02\/partners-ipgr-glass-research-480x312.jpg 480w, https:\/\/www.stoelzle.com\/wp-content\/uploads\/2021\/02\/partners-ipgr-glass-research-1536x998.jpg 1536w, https:\/\/www.stoelzle.com\/wp-content\/uploads\/2021\/02\/partners-ipgr-glass-research-992x645.jpg 992w, https:\/\/www.stoelzle.com\/wp-content\/uploads\/2021\/02\/partners-ipgr-glass-research-600x390.jpg 600w, https:\/\/www.stoelzle.com\/wp-content\/uploads\/2021\/02\/partners-ipgr-glass-research.jpg 2000w\" sizes=\"auto, (max-width: 1024px) 100vw, 1024px\" \/><\/div>\n                <\/div>\n            <\/div>[\/vc_column][\/vc_row]<\/p>\n<\/div>","protected":false},"excerpt":{"rendered":"<p>[vc_row][vc_column][\/vc_column][\/vc_row][vc_row full_width=&#8221;stretch_row_content_no_spaces&#8221;][vc_column][\/vc_column][\/vc_row]<\/p>\n","protected":false},"author":1,"featured_media":0,"parent":1698,"menu_order":320,"comment_status":"closed","ping_status":"closed","template":"","meta":{"_acf_changed":false,"footnotes":""},"class_list":["post-1730","page","type-page","status-publish","hentry"],"acf":[],"yoast_head":"<!-- This site is optimized with the Yoast SEO plugin v26.6 - https:\/\/yoast.com\/wordpress\/plugins\/seo\/ -->\n<title>Kunst, Kultur, Sport \u00bb Langj\u00e4hrige Partner | Stoelzle<\/title>\n<meta name=\"description\" content=\"Wir haben langj\u00e4hrige Kooperationen in den Bereichen Kultur \u2713 Kunst \u2713 Sport \u2713 Gesellschaft \u2713 Wohlt\u00e4tigkeit \u2713 Wir f\u00f6rdern die Leidenschaft f\u00fcr Glas wo immer m\u00f6glich\" \/>\n<meta name=\"robots\" content=\"index, follow, max-snippet:-1, max-image-preview:large, max-video-preview:-1\" \/>\n<link rel=\"canonical\" href=\"https:\/\/www.stoelzle.com\/de\/unternehmen\/kooperationspartner\/\" \/>\n<meta property=\"og:locale\" content=\"de_DE\" \/>\n<meta property=\"og:type\" content=\"article\" \/>\n<meta property=\"og:title\" content=\"Kunst, Kultur, Sport \u00bb Langj\u00e4hrige Partner | Stoelzle\" \/>\n<meta property=\"og:description\" content=\"Wir haben langj\u00e4hrige Kooperationen in den Bereichen Kultur \u2713 Kunst \u2713 Sport \u2713 Gesellschaft \u2713 Wohlt\u00e4tigkeit \u2713 Wir f\u00f6rdern die Leidenschaft f\u00fcr Glas wo immer m\u00f6glich\" \/>\n<meta property=\"og:url\" content=\"https:\/\/www.stoelzle.com\/de\/unternehmen\/kooperationspartner\/\" \/>\n<meta property=\"og:site_name\" content=\"Stoelzle Glass Group\" \/>\n<meta property=\"article:modified_time\" content=\"2021-05-26T12:09:45+00:00\" \/>\n<meta property=\"og:image\" content=\"https:\/\/www.stoelzle.com\/wp-content\/uploads\/2021\/01\/partners-logo-glashuette.png\" \/>\n<meta name=\"twitter:card\" content=\"summary_large_image\" \/>\n<meta name=\"twitter:label1\" content=\"Gesch\u00e4tzte Lesezeit\" \/>\n\t<meta name=\"twitter:data1\" content=\"2 Minuten\" \/>\n<script type=\"application\/ld+json\" class=\"yoast-schema-graph\">{\"@context\":\"https:\/\/schema.org\",\"@graph\":[{\"@type\":\"WebPage\",\"@id\":\"https:\/\/www.stoelzle.com\/de\/unternehmen\/kooperationspartner\/\",\"url\":\"https:\/\/www.stoelzle.com\/de\/unternehmen\/kooperationspartner\/\",\"name\":\"Kunst, Kultur, Sport \u00bb Langj\u00e4hrige Partner | Stoelzle\",\"isPartOf\":{\"@id\":\"https:\/\/www.stoelzle.com\/#website\"},\"primaryImageOfPage\":{\"@id\":\"https:\/\/www.stoelzle.com\/de\/unternehmen\/kooperationspartner\/#primaryimage\"},\"image\":{\"@id\":\"https:\/\/www.stoelzle.com\/de\/unternehmen\/kooperationspartner\/#primaryimage\"},\"thumbnailUrl\":\"https:\/\/www.stoelzle.com\/wp-content\/uploads\/2021\/01\/partners-logo-glashuette.png\",\"datePublished\":\"2021-01-14T07:37:12+00:00\",\"dateModified\":\"2021-05-26T12:09:45+00:00\",\"description\":\"Wir haben langj\u00e4hrige Kooperationen in den Bereichen Kultur \u2713 Kunst \u2713 Sport \u2713 Gesellschaft \u2713 Wohlt\u00e4tigkeit \u2713 Wir f\u00f6rdern die Leidenschaft f\u00fcr Glas wo immer m\u00f6glich\",\"breadcrumb\":{\"@id\":\"https:\/\/www.stoelzle.com\/de\/unternehmen\/kooperationspartner\/#breadcrumb\"},\"inLanguage\":\"de-DE\",\"potentialAction\":[{\"@type\":\"ReadAction\",\"target\":[\"https:\/\/www.stoelzle.com\/de\/unternehmen\/kooperationspartner\/\"]}]},{\"@type\":\"ImageObject\",\"inLanguage\":\"de-DE\",\"@id\":\"https:\/\/www.stoelzle.com\/de\/unternehmen\/kooperationspartner\/#primaryimage\",\"url\":\"https:\/\/www.stoelzle.com\/wp-content\/uploads\/2021\/01\/partners-logo-glashuette.png\",\"contentUrl\":\"https:\/\/www.stoelzle.com\/wp-content\/uploads\/2021\/01\/partners-logo-glashuette.png\"},{\"@type\":\"BreadcrumbList\",\"@id\":\"https:\/\/www.stoelzle.com\/de\/unternehmen\/kooperationspartner\/#breadcrumb\",\"itemListElement\":[{\"@type\":\"ListItem\",\"position\":1,\"name\":\"Home\",\"item\":\"https:\/\/www.stoelzle.com\/de\/\"},{\"@type\":\"ListItem\",\"position\":2,\"name\":\"Unternehmen\",\"item\":\"https:\/\/www.stoelzle.com\/de\/unternehmen\/\"},{\"@type\":\"ListItem\",\"position\":3,\"name\":\"Kooperationspartner\"}]},{\"@type\":\"WebSite\",\"@id\":\"https:\/\/www.stoelzle.com\/#website\",\"url\":\"https:\/\/www.stoelzle.com\/\",\"name\":\"Stoelzle Glass Group\",\"description\":\"\",\"publisher\":{\"@id\":\"https:\/\/www.stoelzle.com\/#organization\"},\"potentialAction\":[{\"@type\":\"SearchAction\",\"target\":{\"@type\":\"EntryPoint\",\"urlTemplate\":\"https:\/\/www.stoelzle.com\/?s={search_term_string}\"},\"query-input\":{\"@type\":\"PropertyValueSpecification\",\"valueRequired\":true,\"valueName\":\"search_term_string\"}}],\"inLanguage\":\"de-DE\"},{\"@type\":\"Organization\",\"@id\":\"https:\/\/www.stoelzle.com\/#organization\",\"name\":\"Stoelzle Glass Group\",\"url\":\"https:\/\/www.stoelzle.com\/\",\"logo\":{\"@type\":\"ImageObject\",\"inLanguage\":\"de-DE\",\"@id\":\"https:\/\/www.stoelzle.com\/#\/schema\/logo\/image\/\",\"url\":\"https:\/\/www.stoelzle.com\/wp-content\/uploads\/2020\/06\/Logo.svg\",\"contentUrl\":\"https:\/\/www.stoelzle.com\/wp-content\/uploads\/2020\/06\/Logo.svg\",\"width\":180,\"height\":40,\"caption\":\"Stoelzle Glass Group\"},\"image\":{\"@id\":\"https:\/\/www.stoelzle.com\/#\/schema\/logo\/image\/\"}}]}<\/script>\n<!-- \/ Yoast SEO plugin. -->","yoast_head_json":{"title":"Kunst, Kultur, Sport \u00bb Langj\u00e4hrige Partner | Stoelzle","description":"Wir haben langj\u00e4hrige Kooperationen in den Bereichen Kultur \u2713 Kunst \u2713 Sport \u2713 Gesellschaft \u2713 Wohlt\u00e4tigkeit \u2713 Wir f\u00f6rdern die Leidenschaft f\u00fcr Glas wo immer m\u00f6glich","robots":{"index":"index","follow":"follow","max-snippet":"max-snippet:-1","max-image-preview":"max-image-preview:large","max-video-preview":"max-video-preview:-1"},"canonical":"https:\/\/www.stoelzle.com\/de\/unternehmen\/kooperationspartner\/","og_locale":"de_DE","og_type":"article","og_title":"Kunst, Kultur, Sport \u00bb Langj\u00e4hrige Partner | Stoelzle","og_description":"Wir haben langj\u00e4hrige Kooperationen in den Bereichen Kultur \u2713 Kunst \u2713 Sport \u2713 Gesellschaft \u2713 Wohlt\u00e4tigkeit \u2713 Wir f\u00f6rdern die Leidenschaft f\u00fcr Glas wo immer m\u00f6glich","og_url":"https:\/\/www.stoelzle.com\/de\/unternehmen\/kooperationspartner\/","og_site_name":"Stoelzle Glass Group","article_modified_time":"2021-05-26T12:09:45+00:00","og_image":[{"url":"https:\/\/www.stoelzle.com\/wp-content\/uploads\/2021\/01\/partners-logo-glashuette.png","type":"","width":"","height":""}],"twitter_card":"summary_large_image","twitter_misc":{"Gesch\u00e4tzte Lesezeit":"2 Minuten"},"schema":{"@context":"https:\/\/schema.org","@graph":[{"@type":"WebPage","@id":"https:\/\/www.stoelzle.com\/de\/unternehmen\/kooperationspartner\/","url":"https:\/\/www.stoelzle.com\/de\/unternehmen\/kooperationspartner\/","name":"Kunst, Kultur, Sport \u00bb Langj\u00e4hrige Partner | Stoelzle","isPartOf":{"@id":"https:\/\/www.stoelzle.com\/#website"},"primaryImageOfPage":{"@id":"https:\/\/www.stoelzle.com\/de\/unternehmen\/kooperationspartner\/#primaryimage"},"image":{"@id":"https:\/\/www.stoelzle.com\/de\/unternehmen\/kooperationspartner\/#primaryimage"},"thumbnailUrl":"https:\/\/www.stoelzle.com\/wp-content\/uploads\/2021\/01\/partners-logo-glashuette.png","datePublished":"2021-01-14T07:37:12+00:00","dateModified":"2021-05-26T12:09:45+00:00","description":"Wir haben langj\u00e4hrige Kooperationen in den Bereichen Kultur \u2713 Kunst \u2713 Sport \u2713 Gesellschaft \u2713 Wohlt\u00e4tigkeit \u2713 Wir f\u00f6rdern die Leidenschaft f\u00fcr Glas wo immer m\u00f6glich","breadcrumb":{"@id":"https:\/\/www.stoelzle.com\/de\/unternehmen\/kooperationspartner\/#breadcrumb"},"inLanguage":"de-DE","potentialAction":[{"@type":"ReadAction","target":["https:\/\/www.stoelzle.com\/de\/unternehmen\/kooperationspartner\/"]}]},{"@type":"ImageObject","inLanguage":"de-DE","@id":"https:\/\/www.stoelzle.com\/de\/unternehmen\/kooperationspartner\/#primaryimage","url":"https:\/\/www.stoelzle.com\/wp-content\/uploads\/2021\/01\/partners-logo-glashuette.png","contentUrl":"https:\/\/www.stoelzle.com\/wp-content\/uploads\/2021\/01\/partners-logo-glashuette.png"},{"@type":"BreadcrumbList","@id":"https:\/\/www.stoelzle.com\/de\/unternehmen\/kooperationspartner\/#breadcrumb","itemListElement":[{"@type":"ListItem","position":1,"name":"Home","item":"https:\/\/www.stoelzle.com\/de\/"},{"@type":"ListItem","position":2,"name":"Unternehmen","item":"https:\/\/www.stoelzle.com\/de\/unternehmen\/"},{"@type":"ListItem","position":3,"name":"Kooperationspartner"}]},{"@type":"WebSite","@id":"https:\/\/www.stoelzle.com\/#website","url":"https:\/\/www.stoelzle.com\/","name":"Stoelzle Glass Group","description":"","publisher":{"@id":"https:\/\/www.stoelzle.com\/#organization"},"potentialAction":[{"@type":"SearchAction","target":{"@type":"EntryPoint","urlTemplate":"https:\/\/www.stoelzle.com\/?s={search_term_string}"},"query-input":{"@type":"PropertyValueSpecification","valueRequired":true,"valueName":"search_term_string"}}],"inLanguage":"de-DE"},{"@type":"Organization","@id":"https:\/\/www.stoelzle.com\/#organization","name":"Stoelzle Glass Group","url":"https:\/\/www.stoelzle.com\/","logo":{"@type":"ImageObject","inLanguage":"de-DE","@id":"https:\/\/www.stoelzle.com\/#\/schema\/logo\/image\/","url":"https:\/\/www.stoelzle.com\/wp-content\/uploads\/2020\/06\/Logo.svg","contentUrl":"https:\/\/www.stoelzle.com\/wp-content\/uploads\/2020\/06\/Logo.svg","width":180,"height":40,"caption":"Stoelzle Glass Group"},"image":{"@id":"https:\/\/www.stoelzle.com\/#\/schema\/logo\/image\/"}}]}},"_links":{"self":[{"href":"https:\/\/www.stoelzle.com\/de\/wp-json\/wp\/v2\/pages\/1730","targetHints":{"allow":["GET"]}}],"collection":[{"href":"https:\/\/www.stoelzle.com\/de\/wp-json\/wp\/v2\/pages"}],"about":[{"href":"https:\/\/www.stoelzle.com\/de\/wp-json\/wp\/v2\/types\/page"}],"author":[{"embeddable":true,"href":"https:\/\/www.stoelzle.com\/de\/wp-json\/wp\/v2\/users\/1"}],"replies":[{"embeddable":true,"href":"https:\/\/www.stoelzle.com\/de\/wp-json\/wp\/v2\/comments?post=1730"}],"version-history":[{"count":0,"href":"https:\/\/www.stoelzle.com\/de\/wp-json\/wp\/v2\/pages\/1730\/revisions"}],"up":[{"embeddable":true,"href":"https:\/\/www.stoelzle.com\/de\/wp-json\/wp\/v2\/pages\/1698"}],"wp:attachment":[{"href":"https:\/\/www.stoelzle.com\/de\/wp-json\/wp\/v2\/media?parent=1730"}],"curies":[{"name":"wp","href":"https:\/\/api.w.org\/{rel}","templated":true}]}}