{"id":1726,"date":"2021-01-14T07:36:44","date_gmt":"2021-01-14T07:36:44","guid":{"rendered":"http:\/\/stoelzle.com\/stoelzle-glass-group\/purchasing\/"},"modified":"2021-05-20T06:03:26","modified_gmt":"2021-05-20T06:03:26","slug":"einkauf","status":"publish","type":"page","link":"https:\/\/www.stoelzle.com\/de\/unternehmen\/einkauf\/","title":{"rendered":"Einkauf"},"content":{"rendered":"<div class=\"wpb-content-wrapper\"><p>[vc_row][vc_column]<div class=\"vc-title   text-center\">\n              <div class=\"topline\">Nachhaltige Beschaffung<\/div>\n              <h1 class=\"title position-relative separator\">Einkauf<\/h1>\n              <div class=\"row\"><div class=\"col-md-10 offset-md-1\"><\/p>\n<p class=\"large-text\">Die Einkaufsabteilungen der Stoelzle Glasgruppe sind in allen europ\u00e4ischen Werken angesiedelt und stets auf der Suche nach herausragenden Lieferanten, die uns mit ihrem Angebot effizient dabei unterst\u00fctzen, unser oberste Ziel zu erreichen, n\u00e4mlich unsere Kunden zufrieden zu stellen.<\/p>\n<p><\/div><\/div>\n            <\/div>[\/vc_column][\/vc_row][vc_row full_width=&#8221;stretch_row_content_no_spaces&#8221;][vc_column]<div id=\"id-content-cards\" class=\"row no-gutters  \">\n        <div class=\"col-sm-6 col-md-4 col-lg-3 \">\n          <div class=\"card card-text theme-blue\">\n            \n            <div class=\"card-overlay d-flex flex-column\">\n            \n            <div class=\"headline h3 w-100\">Unser Einkaufscredo<\/div>\n            <div class=\"desc w-100\"><p>Wir setzen auf langfristige, beiderseits gewinnbringende Gesch\u00e4ftsbeziehungen zu all unseren Lieferanten. Dies ist Voraussetzung f\u00fcr eine erfolgreiche Zusammenarbeit auf Grundlage der jeweiligen Kernkompetenz des einzelnen Lieferanten.<\/p><\/div>\n            \n              <div class=\"mt-auto\">\n                \n              <\/div>\n            <\/div>\n          <\/div>\n        <\/div>\n        <div class=\"col-sm-6 col-md-4 col-lg-3 d-block d-md-none d-lg-block\">\n          <div class=\"card no-zoom theme-dark\">\n            \n          <div class=\"card-image position-absolute w-100 h-100\">\n            <img decoding=\"async\" class=\"w-100 h-100\"  src=\"https:\/\/www.stoelzle.com\/wp-content\/uploads\/2021\/01\/purchasing_sustainable-sourcing-800x800.jpg\" alt=\"Light bulb and plant both hold in hands\" \/>\n          <\/div>\n            <div class=\"card-overlay d-flex flex-column\">\n            \n            \n            \n            \n              <div class=\"mt-auto\">\n                \n              <\/div>\n            <\/div>\n          <\/div>\n        <\/div>\n        <div class=\"col-sm-6 col-md-4 col-lg-3 \">\n          <div class=\"card card-text theme-light-gray\">\n            \n            <div class=\"card-overlay d-flex flex-column\">\n            \n            <div class=\"headline h3 w-100\">Fairer Wettbewerb<\/div>\n            <div class=\"desc w-100\"><p>Wir bewerten alle Lieferanten basierend auf ihrem Expertenwissen, ihrer Effizienz und Zuverl\u00e4ssigkeit. Bei Angeboten z\u00e4hlt f\u00fcr uns eine transparente Preisgestaltung, sowie die Einhaltung unserer \u00f6kologischen und sozialen Kriterien. <\/p><\/div>\n            \n              <div class=\"mt-auto\">\n                \n              <\/div>\n            <\/div>\n          <\/div>\n        <\/div>\n        <div class=\"col-sm-6 col-md-4 col-lg-3 \">\n          <a href=\"\/de\/kontakt\/\"  class=\"card d-block card-text theme-white\">\n            \n            <div class=\"card-overlay d-flex flex-column\">\n            <div class=\"sub-headline w-100\">Kontakt<\/div>\n            <div class=\"headline h3 w-100\">Anfragen an unser Einkaufsteam<\/div>\n            \n            \n              <div class=\"mt-auto\">\n                <span class=\"cta big-button arrow\"><\/span>\n              <\/div>\n            <\/div>\n          <\/a>\n        <\/div>\n        <div class=\"col-sm-6 col-md-4 col-lg-3 d-block d-md-none d-lg-block\">\n          <div class=\"card card-text theme-light-gray quote\">\n            \n            <div class=\"card-overlay d-flex flex-column\">\n            \n            <div class=\"headline h3 w-100\">Offene Kommunikation ist uns ebenso wichtig wie Wertsch\u00e4tzung und langfristige Gesch\u00e4ftsbeziehungen.<\/div>\n            \n            \n              <div class=\"mt-auto\">\n                \n              <\/div>\n            <\/div>\n          <\/div>\n        <\/div>\n        <div class=\"col-sm-6 col-md-4 col-lg-3 \">\n          <div class=\"card no-zoom theme-dark\">\n            \n          <div class=\"card-image position-absolute w-100 h-100\">\n            <img decoding=\"async\" class=\"w-100 h-100\"  src=\"https:\/\/www.stoelzle.com\/wp-content\/uploads\/2021\/01\/purchasing_suppliers-800x800.jpg\" alt=\"Icon truck with man\" \/>\n          <\/div>\n            <div class=\"card-overlay d-flex flex-column\">\n            \n            <div class=\"headline h3 w-100\">Bezugsquellen<\/div>\n            <div class=\"desc w-100\"><p>Im Jahr 2019 arbeitete Stoelzle mit \u00fcber 3.000 Lieferanten weltweit zusammen.<\/p><\/div>\n            \n              <div class=\"mt-auto\">\n                \n              <\/div>\n            <\/div>\n          <\/div>\n        <\/div>\n        <div class=\"col-sm-6 col-md-4 col-lg-3 \">\n          <div class=\"card no-zoom theme-light\">\n            \n          <div class=\"card-image position-absolute w-100 h-100\">\n            <img decoding=\"async\" class=\"w-100 h-100\"  src=\"https:\/\/www.stoelzle.com\/wp-content\/uploads\/2021\/01\/purchasing_regional-allocation-europe-800x800.jpg\" alt=\"Sustainable sourcing by local suppliers\" \/>\n          <\/div>\n            <div class=\"card-overlay d-flex flex-column\">\n            \n            <div class=\"headline h3 w-100\">Lieferanten in Europa<\/div>\n            <div class=\"desc w-100\"><p>\u00dcber 90% unserer Lieferanten sind europ\u00e4ische Unternehmen.<\/p><\/div>\n            \n              <div class=\"mt-auto\">\n                \n              <\/div>\n            <\/div>\n          <\/div>\n        <\/div>\n        <div class=\"col-sm-6 col-md-4 col-lg-3 \">\n          <a href=\"https:\/\/www.stoelzle.com\/wp-content\/uploads\/2021\/04\/code-of-conduct-supplier-EN.pdf\"  target=\"_blank\"  class=\"card d-block card-text theme-light-gray\">\n            \n            <div class=\"card-overlay d-flex flex-column\">\n            <div class=\"sub-headline w-100\">Download<\/div>\n            <div class=\"headline h3 w-100\">Code of Conduct f\u00fcr Lieferanten<\/div>\n            <div class=\"desc w-100\"><p>Dieser Verhaltenskodex soll das Bewusstsein unserer Lieferanten f\u00fcr CRS als Voraussetzung der Zusammenarbeit sch\u00e4rfen.<\/p><\/div>\n            \n              <div class=\"mt-auto\">\n                <span class=\"cta big-button arrow\"><\/span>\n              <\/div>\n            <\/div>\n          <\/a>\n        <\/div><\/div>[\/vc_column][\/vc_row][vc_row full_width=&#8221;stretch_row_content_no_spaces&#8221;][vc_column]<div class=\"vc-two-columns  \">\n                <div class=\"row\">\n                    <div class=\"col-sm-6 bg-white image-right\"><div class=\"column-content h-100 d-flex flex-column justify-content-center\"><\/p>\n<h2>Supply Chain Management<\/h2>\n<p>Zurzeit arbeitet Stoelzle mit \u00fcber 3.000 Lieferanten weltweit zusammen. Bei der Auswahl unserer Bezugsquellen z\u00e4hlen nicht nur die effektiven Kosten, sondern auch die Qualit\u00e4t der Produkte und Prozesse beim Lieferanten. Wir legen gro\u00dfen Wert auf Nachhaltigkeit und haben dies auch in unserer Einkaufsstrategie festgehalten.<\/div><\/div>\n                    <div class=\"col-sm-6 bg-white image-right\"><img loading=\"lazy\" decoding=\"async\" width=\"1024\" height=\"666\" src=\"https:\/\/www.stoelzle.com\/wp-content\/uploads\/2021\/01\/purchasing_supply-chain-management-1024x666.jpg\" class=\"w-100 h-100 cover\" alt=\"Artwork showing truck, plane and ship as transport means\" srcset=\"https:\/\/www.stoelzle.com\/wp-content\/uploads\/2021\/01\/purchasing_supply-chain-management-1024x666.jpg 1024w, https:\/\/www.stoelzle.com\/wp-content\/uploads\/2021\/01\/purchasing_supply-chain-management-480x312.jpg 480w, https:\/\/www.stoelzle.com\/wp-content\/uploads\/2021\/01\/purchasing_supply-chain-management-1536x998.jpg 1536w, https:\/\/www.stoelzle.com\/wp-content\/uploads\/2021\/01\/purchasing_supply-chain-management-992x645.jpg 992w, https:\/\/www.stoelzle.com\/wp-content\/uploads\/2021\/01\/purchasing_supply-chain-management-600x390.jpg 600w, https:\/\/www.stoelzle.com\/wp-content\/uploads\/2021\/01\/purchasing_supply-chain-management.jpg 2000w\" sizes=\"auto, (max-width: 1024px) 100vw, 1024px\" \/><\/div>\n                <\/div>\n            <\/div>[\/vc_column][\/vc_row]<\/p>\n<\/div>","protected":false},"excerpt":{"rendered":"<p>[vc_row][vc_column][\/vc_column][\/vc_row][vc_row full_width=&#8221;stretch_row_content_no_spaces&#8221;][vc_column][\/vc_column][\/vc_row][vc_row full_width=&#8221;stretch_row_content_no_spaces&#8221;][vc_column][\/vc_column][\/vc_row]<\/p>\n","protected":false},"author":1,"featured_media":0,"parent":1698,"menu_order":300,"comment_status":"closed","ping_status":"closed","template":"","meta":{"_acf_changed":false,"footnotes":""},"class_list":["post-1726","page","type-page","status-publish","hentry"],"acf":[],"yoast_head":"<!-- This site is optimized with the Yoast SEO plugin v26.6 - https:\/\/yoast.com\/wordpress\/plugins\/seo\/ -->\n<title>Nachhaltige Beschaffung \u00bb europ\u00e4ische Lieferanten | Stoelzle<\/title>\n<meta name=\"description\" content=\"Wir setzen auf nachhaltige Beschaffung und fairen Wettbewerb \u279c Einhaltung von Menschenrechten \u2713 Win-win Kooperationen \u2713 Transparente Preisgestaltung\" \/>\n<meta name=\"robots\" content=\"index, follow, max-snippet:-1, max-image-preview:large, max-video-preview:-1\" \/>\n<link rel=\"canonical\" href=\"https:\/\/www.stoelzle.com\/de\/unternehmen\/einkauf\/\" \/>\n<meta property=\"og:locale\" content=\"de_DE\" \/>\n<meta property=\"og:type\" content=\"article\" \/>\n<meta property=\"og:title\" content=\"Nachhaltige Beschaffung \u00bb europ\u00e4ische Lieferanten | Stoelzle\" \/>\n<meta property=\"og:description\" content=\"Wir setzen auf nachhaltige Beschaffung und fairen Wettbewerb \u279c Einhaltung von Menschenrechten \u2713 Win-win Kooperationen \u2713 Transparente Preisgestaltung\" \/>\n<meta property=\"og:url\" content=\"https:\/\/www.stoelzle.com\/de\/unternehmen\/einkauf\/\" \/>\n<meta property=\"og:site_name\" content=\"Stoelzle Glass Group\" \/>\n<meta property=\"article:modified_time\" content=\"2021-05-20T06:03:26+00:00\" \/>\n<meta name=\"twitter:card\" content=\"summary_large_image\" \/>\n<meta name=\"twitter:label1\" content=\"Gesch\u00e4tzte Lesezeit\" \/>\n\t<meta name=\"twitter:data1\" content=\"1 Minute\" \/>\n<script type=\"application\/ld+json\" class=\"yoast-schema-graph\">{\"@context\":\"https:\/\/schema.org\",\"@graph\":[{\"@type\":\"WebPage\",\"@id\":\"https:\/\/www.stoelzle.com\/de\/unternehmen\/einkauf\/\",\"url\":\"https:\/\/www.stoelzle.com\/de\/unternehmen\/einkauf\/\",\"name\":\"Nachhaltige Beschaffung \u00bb europ\u00e4ische Lieferanten | Stoelzle\",\"isPartOf\":{\"@id\":\"https:\/\/www.stoelzle.com\/#website\"},\"datePublished\":\"2021-01-14T07:36:44+00:00\",\"dateModified\":\"2021-05-20T06:03:26+00:00\",\"description\":\"Wir setzen auf nachhaltige Beschaffung und fairen Wettbewerb \u279c Einhaltung von Menschenrechten \u2713 Win-win Kooperationen \u2713 Transparente Preisgestaltung\",\"breadcrumb\":{\"@id\":\"https:\/\/www.stoelzle.com\/de\/unternehmen\/einkauf\/#breadcrumb\"},\"inLanguage\":\"de-DE\",\"potentialAction\":[{\"@type\":\"ReadAction\",\"target\":[\"https:\/\/www.stoelzle.com\/de\/unternehmen\/einkauf\/\"]}]},{\"@type\":\"BreadcrumbList\",\"@id\":\"https:\/\/www.stoelzle.com\/de\/unternehmen\/einkauf\/#breadcrumb\",\"itemListElement\":[{\"@type\":\"ListItem\",\"position\":1,\"name\":\"Home\",\"item\":\"https:\/\/www.stoelzle.com\/de\/\"},{\"@type\":\"ListItem\",\"position\":2,\"name\":\"Unternehmen\",\"item\":\"https:\/\/www.stoelzle.com\/de\/unternehmen\/\"},{\"@type\":\"ListItem\",\"position\":3,\"name\":\"Einkauf\"}]},{\"@type\":\"WebSite\",\"@id\":\"https:\/\/www.stoelzle.com\/#website\",\"url\":\"https:\/\/www.stoelzle.com\/\",\"name\":\"Stoelzle Glass Group\",\"description\":\"\",\"publisher\":{\"@id\":\"https:\/\/www.stoelzle.com\/#organization\"},\"potentialAction\":[{\"@type\":\"SearchAction\",\"target\":{\"@type\":\"EntryPoint\",\"urlTemplate\":\"https:\/\/www.stoelzle.com\/?s={search_term_string}\"},\"query-input\":{\"@type\":\"PropertyValueSpecification\",\"valueRequired\":true,\"valueName\":\"search_term_string\"}}],\"inLanguage\":\"de-DE\"},{\"@type\":\"Organization\",\"@id\":\"https:\/\/www.stoelzle.com\/#organization\",\"name\":\"Stoelzle Glass Group\",\"url\":\"https:\/\/www.stoelzle.com\/\",\"logo\":{\"@type\":\"ImageObject\",\"inLanguage\":\"de-DE\",\"@id\":\"https:\/\/www.stoelzle.com\/#\/schema\/logo\/image\/\",\"url\":\"https:\/\/www.stoelzle.com\/wp-content\/uploads\/2020\/06\/Logo.svg\",\"contentUrl\":\"https:\/\/www.stoelzle.com\/wp-content\/uploads\/2020\/06\/Logo.svg\",\"width\":180,\"height\":40,\"caption\":\"Stoelzle Glass Group\"},\"image\":{\"@id\":\"https:\/\/www.stoelzle.com\/#\/schema\/logo\/image\/\"}}]}<\/script>\n<!-- \/ Yoast SEO plugin. -->","yoast_head_json":{"title":"Nachhaltige Beschaffung \u00bb europ\u00e4ische Lieferanten | Stoelzle","description":"Wir setzen auf nachhaltige Beschaffung und fairen Wettbewerb \u279c Einhaltung von Menschenrechten \u2713 Win-win Kooperationen \u2713 Transparente Preisgestaltung","robots":{"index":"index","follow":"follow","max-snippet":"max-snippet:-1","max-image-preview":"max-image-preview:large","max-video-preview":"max-video-preview:-1"},"canonical":"https:\/\/www.stoelzle.com\/de\/unternehmen\/einkauf\/","og_locale":"de_DE","og_type":"article","og_title":"Nachhaltige Beschaffung \u00bb europ\u00e4ische Lieferanten | Stoelzle","og_description":"Wir setzen auf nachhaltige Beschaffung und fairen Wettbewerb \u279c Einhaltung von Menschenrechten \u2713 Win-win Kooperationen \u2713 Transparente Preisgestaltung","og_url":"https:\/\/www.stoelzle.com\/de\/unternehmen\/einkauf\/","og_site_name":"Stoelzle Glass Group","article_modified_time":"2021-05-20T06:03:26+00:00","twitter_card":"summary_large_image","twitter_misc":{"Gesch\u00e4tzte Lesezeit":"1 Minute"},"schema":{"@context":"https:\/\/schema.org","@graph":[{"@type":"WebPage","@id":"https:\/\/www.stoelzle.com\/de\/unternehmen\/einkauf\/","url":"https:\/\/www.stoelzle.com\/de\/unternehmen\/einkauf\/","name":"Nachhaltige Beschaffung \u00bb europ\u00e4ische Lieferanten | Stoelzle","isPartOf":{"@id":"https:\/\/www.stoelzle.com\/#website"},"datePublished":"2021-01-14T07:36:44+00:00","dateModified":"2021-05-20T06:03:26+00:00","description":"Wir setzen auf nachhaltige Beschaffung und fairen Wettbewerb \u279c Einhaltung von Menschenrechten \u2713 Win-win Kooperationen \u2713 Transparente Preisgestaltung","breadcrumb":{"@id":"https:\/\/www.stoelzle.com\/de\/unternehmen\/einkauf\/#breadcrumb"},"inLanguage":"de-DE","potentialAction":[{"@type":"ReadAction","target":["https:\/\/www.stoelzle.com\/de\/unternehmen\/einkauf\/"]}]},{"@type":"BreadcrumbList","@id":"https:\/\/www.stoelzle.com\/de\/unternehmen\/einkauf\/#breadcrumb","itemListElement":[{"@type":"ListItem","position":1,"name":"Home","item":"https:\/\/www.stoelzle.com\/de\/"},{"@type":"ListItem","position":2,"name":"Unternehmen","item":"https:\/\/www.stoelzle.com\/de\/unternehmen\/"},{"@type":"ListItem","position":3,"name":"Einkauf"}]},{"@type":"WebSite","@id":"https:\/\/www.stoelzle.com\/#website","url":"https:\/\/www.stoelzle.com\/","name":"Stoelzle Glass Group","description":"","publisher":{"@id":"https:\/\/www.stoelzle.com\/#organization"},"potentialAction":[{"@type":"SearchAction","target":{"@type":"EntryPoint","urlTemplate":"https:\/\/www.stoelzle.com\/?s={search_term_string}"},"query-input":{"@type":"PropertyValueSpecification","valueRequired":true,"valueName":"search_term_string"}}],"inLanguage":"de-DE"},{"@type":"Organization","@id":"https:\/\/www.stoelzle.com\/#organization","name":"Stoelzle Glass Group","url":"https:\/\/www.stoelzle.com\/","logo":{"@type":"ImageObject","inLanguage":"de-DE","@id":"https:\/\/www.stoelzle.com\/#\/schema\/logo\/image\/","url":"https:\/\/www.stoelzle.com\/wp-content\/uploads\/2020\/06\/Logo.svg","contentUrl":"https:\/\/www.stoelzle.com\/wp-content\/uploads\/2020\/06\/Logo.svg","width":180,"height":40,"caption":"Stoelzle Glass Group"},"image":{"@id":"https:\/\/www.stoelzle.com\/#\/schema\/logo\/image\/"}}]}},"_links":{"self":[{"href":"https:\/\/www.stoelzle.com\/de\/wp-json\/wp\/v2\/pages\/1726","targetHints":{"allow":["GET"]}}],"collection":[{"href":"https:\/\/www.stoelzle.com\/de\/wp-json\/wp\/v2\/pages"}],"about":[{"href":"https:\/\/www.stoelzle.com\/de\/wp-json\/wp\/v2\/types\/page"}],"author":[{"embeddable":true,"href":"https:\/\/www.stoelzle.com\/de\/wp-json\/wp\/v2\/users\/1"}],"replies":[{"embeddable":true,"href":"https:\/\/www.stoelzle.com\/de\/wp-json\/wp\/v2\/comments?post=1726"}],"version-history":[{"count":0,"href":"https:\/\/www.stoelzle.com\/de\/wp-json\/wp\/v2\/pages\/1726\/revisions"}],"up":[{"embeddable":true,"href":"https:\/\/www.stoelzle.com\/de\/wp-json\/wp\/v2\/pages\/1698"}],"wp:attachment":[{"href":"https:\/\/www.stoelzle.com\/de\/wp-json\/wp\/v2\/media?parent=1726"}],"curies":[{"name":"wp","href":"https:\/\/api.w.org\/{rel}","templated":true}]}}