{"id":1724,"date":"2021-01-14T07:36:31","date_gmt":"2021-01-14T07:36:31","guid":{"rendered":"http:\/\/stoelzle.com\/stoelzle-glass-group\/research-development\/"},"modified":"2022-03-23T10:07:05","modified_gmt":"2022-03-23T10:07:05","slug":"forschung-entwicklung","status":"publish","type":"page","link":"https:\/\/www.stoelzle.com\/de\/unternehmen\/forschung-entwicklung\/","title":{"rendered":"Forschung &amp; Entwicklung"},"content":{"rendered":"<div class=\"wpb-content-wrapper\"><p>[vc_row][vc_column]<div class=\"vc-title   text-center\">\n              <div class=\"topline\">Kundenorientiert und Innovativ<\/div>\n              <h1 class=\"title position-relative separator\">Forschung &amp; Entwicklung<\/h1>\n              <div class=\"row\"><div class=\"col-md-10 offset-md-1\"><\/p>\n<p class=\"large-text\">Unser Forschungs- &amp; Entwicklungs-Team fokussiert darauf, sowohl die Glasqualit\u00e4t als auch den Produktionsprozess stetig zu verbessern. Ein Hauptaugenmerk liegt dabei auch auf der Reduktion des Energieeinsatzes und des CO<sub>2<\/sub> Aussto\u00dfes an allen Standorten.<\/p>\n<p><\/div><\/div>\n            <\/div>[\/vc_column][\/vc_row][vc_row full_width=&#8221;stretch_row_content_no_spaces&#8221;][vc_column]<div id=\"id-content-cards\" class=\"row no-gutters  \">\n        <div class=\"col-sm-6 col-md-4 col-lg-3 d-block d-md-none d-lg-block\">\n          <div class=\"card card-text theme-blue quote\">\n            \n            <div class=\"card-overlay d-flex flex-column\">\n            \n            <div class=\"headline h3 w-100\">Unsere Forschung fokussiert darauf, die Glasherstellung kontinuierlich zu verbessern.<\/div>\n            \n            \n              <div class=\"mt-auto\">\n                \n              <\/div>\n            <\/div>\n          <\/div>\n        <\/div>\n        <div class=\"col-sm-6 col-md-4 col-lg-3 \">\n          <div class=\"card no-zoom theme-dark\">\n            \n          <div class=\"card-image position-absolute w-100 h-100\">\n            <img decoding=\"async\" class=\"w-100 h-100\"  src=\"https:\/\/www.stoelzle.com\/wp-content\/uploads\/2021\/01\/research-development-calculate-formulas-800x800.jpg\" alt=\"Research employee writing formulas on whiteboard\" \/>\n          <\/div>\n            <div class=\"card-overlay d-flex flex-column\">\n            \n            \n            \n            \n              <div class=\"mt-auto\">\n                \n              <\/div>\n            <\/div>\n          <\/div>\n        <\/div>\n        <div class=\"col-sm-6 col-md-4 col-lg-3 \">\n          <div class=\"card card-text theme-white\">\n            \n            <div class=\"card-overlay d-flex flex-column\">\n            \n            <div class=\"headline h3 w-100\">Schmelzlabor<\/div>\n            <div class=\"desc w-100\"><p>In unserem hauseigenen Glaslabor testen wir mit modernsten Ger\u00e4ten den m\u00f6glichen Einsatz von sekund\u00e4ren Rohstoffen in unserem Gemenge, um dadurch prim\u00e4re Rohstoffe einzusparen und die Natur bestm\u00f6glich zu schonen.  <\/p><\/div>\n            \n              <div class=\"mt-auto\">\n                \n              <\/div>\n            <\/div>\n          <\/div>\n        <\/div>\n        <div class=\"col-sm-6 col-md-4 col-lg-3 \">\n          <a href=\"\/de\/kontakt\/\"  class=\"card d-block card-text theme-light-gray\">\n            \n            <div class=\"card-overlay d-flex flex-column\">\n            <div class=\"sub-headline w-75\">Kontakt<\/div>\n            <div class=\"headline h3 w-75\">Anfragen an das F&E-Team<\/div>\n            \n            \n              <div class=\"mt-auto\">\n                <span class=\"cta big-button arrow\"><\/span>\n              <\/div>\n            <\/div>\n          <\/a>\n        <\/div><\/div>[\/vc_column][\/vc_row][vc_row][vc_column]<div class=\"vc-title spacing-top-m  text-center\">\n              \n              <h2 class=\"title position-relative\">Einige Stoelzle Forschungsprojekte<\/h2>\n              \n            <\/div><div id=\"id-projects\" class=\" spacing-bottom-m\"><div class=\"mb-4\"><div class=\"row\"><div class=\"col content-slider-arrows text-center\"><\/div><\/div><\/div><div class=\"row content-slider mb-5\"><div class=\"col\"><div>\n                        <div class=\"mb-3\"><div class=\"content-slider-image\">\n                      <img decoding=\"async\" class=\"img-fluid w-100 h-100\" src=\"https:\/\/www.stoelzle.com\/wp-content\/uploads\/2021\/02\/research-development-use-of-cullets.jpg\" alt=\"Cullet from Stoelzle green glass production\">\n                    <\/div><\/div>\n                        <h2 class=\"h3 content-slider-title\">Einsatz von Scherben<\/h2><div class=\"content-slider-text\">2019 zeigte eine Wei\u00dfglaskampagne im Werk K\u00f6flach, dass der Einsatz von 20% Recyclingglas im Gemenge den Energiebedarf beim Schmelzen um 6% und den CO<sub>2<\/sub> Aussto\u00df um 10% senkt. Unser Ziel ist es, auch den Einsatz von Industriescherben (Eigenscherben) in allen Produktionswerken zu steigern.<\/div>\n                      <\/div><\/div><div class=\"col\"><div>\n                        <div class=\"mb-3\"><div class=\"content-slider-image\">\n                      <img decoding=\"async\" class=\"img-fluid w-100 h-100\" src=\"https:\/\/www.stoelzle.com\/wp-content\/uploads\/2021\/02\/research-development-secondary-raw-materials.jpg\" alt=\"Industrial Soda as a secondary raw material fo rthe Steolzle glass batch\">\n                    <\/div><\/div>\n                        <h2 class=\"h3 content-slider-title\">Einsatz von sekund\u00e4ren Rohstoffen<\/h2><div class=\"content-slider-text\">Der Einsatz sekund\u00e4rer Rohstoffe stieg in der Stoelzle Glasgruppe in den Jahren 2015 bis 2019 von 5.000 auf 9.000 Tonnen pro Jahr: Calumite\u00ae (Schlacke) als Nebenprodukt der Stahlindustrie, Asche aus Biomasse als Abfallprodukt von Biomasseheizwerken und auch das Nebenprodukt Industriesoda stehen im Fokus unserer Forschung.<\/div>\n                      <\/div><\/div><div class=\"col\"><div>\n                        <div class=\"mb-3\"><div class=\"content-slider-image\">\n                      <img decoding=\"async\" class=\"img-fluid w-100 h-100\" src=\"https:\/\/www.stoelzle.com\/wp-content\/uploads\/2021\/02\/research-development-calumite-slag-sand.jpg\" alt=\"Calumite slag sand as secondary raw materials for the glass batch\">\n                    <\/div><\/div>\n                        <h2 class=\"h3 content-slider-title\">Calumite\u00ae\/Schlacke<\/h2><div class=\"content-slider-text\">Calumite\u00ae enth\u00e4lt kein gebundenes CO<sub>2<\/sub> und tr\u00e4gt so dazu bei, den \u00f6kologischen Fu\u00dfabdruck zu verbessern. Zudem senkt sein Einsatz den Energieaufwand in der Schmelze. Hochofenschlacke ist als Nebenprodukt der Stahlindustrie verf\u00fcgbar. Ihre Homogenit\u00e4t beeinflusst sowohl die Glasqualit\u00e4t als auch Farbe sehr positiv.<\/div>\n                      <\/div><\/div><div class=\"col\"><div>\n                        <div class=\"mb-3\"><div class=\"content-slider-image\">\n                      <img decoding=\"async\" class=\"img-fluid w-100 h-100\" src=\"https:\/\/www.stoelzle.com\/wp-content\/uploads\/2021\/02\/research-development-biomass-ash.jpg\" alt=\"Biomass ash is a secondary raw a metrial tested to be added to the Stoelzle glass batch\">\n                    <\/div><\/div>\n                        <h2 class=\"h3 content-slider-title\">Asche aus Biomasse<\/h2><div class=\"content-slider-text\">Mehr als 10.000 Tonnen Asche stehen pro Jahr als Abfallprodukt der CAG-eigenen Biomassewerke zur Verf\u00fcgung. Stoelzle nimmt an internationalen Forschungsprojekten teil, die sich mit dem Einsatz von Asche aus Biomasse in der Glasherstellung befassen. <\/div>\n                      <\/div><\/div><div class=\"col\"><div>\n                        <div class=\"mb-3\"><div class=\"content-slider-image\">\n                      <img decoding=\"async\" class=\"img-fluid w-100 h-100\" src=\"https:\/\/www.stoelzle.com\/wp-content\/uploads\/2022\/03\/research-development-glass-laboratory-2.jpg\" alt=\"Qualit\u00e4tscheck aller Stoelzle Glasflaschen im hauseigenen Labor\">\n                    <\/div><\/div>\n                        <h2 class=\"h3 content-slider-title\">Modernes Glaslabor<\/h2><div class=\"content-slider-text\">Im hauseigenen Glaslabor pr\u00fcfen wir genauestens die Qualit\u00e4t unseres Glases und aller Rohstoffe. Zudem forschen wir in unserem Schmelzlabor an neuen, effizienten Glasrezepturen.  <\/div>\n                      <\/div><\/div><div class=\"col\"><div>\n                        <div class=\"mb-3\"><div class=\"content-slider-image\">\n                      <img decoding=\"async\" class=\"img-fluid w-100 h-100\" src=\"https:\/\/www.stoelzle.com\/wp-content\/uploads\/2021\/02\/research-development-process-optimisation.jpg\" alt=\"Optimisation of production processes via digitisation\">\n                    <\/div><\/div>\n                        <h2 class=\"h3 content-slider-title\">Prozessoptimierung<\/h2><div class=\"content-slider-text\">Die Sammlung und Analyse von Prozessdaten erm\u00f6glicht es uns, den Herstellungsprozess bis ins Detail zu optimieren. Im Bereich der Pr\u00fcfmaschinen und Prozessautomatisierung evaluieren wir laufend neue Technologien, um diese bestm\u00f6glich bei uns einzusetzen.<\/div>\n                      <\/div><\/div><div class=\"col\"><div>\n                        <div class=\"mb-3\"><div class=\"content-slider-image\">\n                      <img decoding=\"async\" class=\"img-fluid w-100 h-100\" src=\"https:\/\/www.stoelzle.com\/wp-content\/uploads\/2021\/02\/research-development-typII-glass.jpg\" alt=\"Flint pharma bottles with Typ II inner surface treatment\">\n                    <\/div><\/div>\n                        <h2 class=\"h3 content-slider-title\">Typ II Pharmaglas<\/h2><div class=\"content-slider-text\">Wir haben f\u00fcr die Herstellung von Typ II Glas einen altbekannten Prozess neu durchdacht und eine innovative L\u00f6sung f\u00fcr die Innenbeschichtung dieser Glasart entwickelt.  Wir sind stolz, unser Ziel erreicht zu haben: Wir haben den Einsatz von Chemikalien reduziert und damit auch den \u00f6kologischen Fu\u00dfabdruck erheblich verringert.<\/div>\n                      <\/div><\/div><div class=\"col\"><div>\n                        <div class=\"mb-3\"><div class=\"content-slider-image\">\n                      <img decoding=\"async\" class=\"img-fluid w-100 h-100\" src=\"https:\/\/www.stoelzle.com\/wp-content\/uploads\/2021\/02\/decoration-nrg4.jpg\" alt=\"Bottles decorated with phosphorescent colour which shine in the dark\">\n                    <\/div><\/div>\n                        <h2 class=\"h3 content-slider-title\">NRG 4.0<\/h2><div class=\"content-slider-text\">\u201cNew Radiating Glass\u201d ist unsere einzigartige, phosphoreszierende Glasdekoration. Je nach Umgebungslicht \u00e4ndern sich die Farben auf dem Glas, so dass es typische Tag- und Nacht-Farbschemata gibt.<\/div>\n                      <\/div><\/div><\/div><\/div>\n    <script async>\n      jQuery(document).ready(function($) {\n        jQuery(\"#id-projects .content-slider\").slick({\n          slidesToShow: 3,\n          prevArrow: \"<span class=\\\"d-inline-block slick-arrow slick-arrow-prev\\\"><\/span>\",\n          nextArrow: \"<span class=\\\"d-inline-block slick-arrow slick-arrow-next\\\"><\/span>\",\n          appendArrows: $(\"#id-projects .content-slider-arrows\"),\n          adaptiveHeight: true,\n          responsive: [\n            {\n              breakpoint: 1024,\n              settings: {\n                slidesToShow: 2\n              }\n            },\n            {\n              breakpoint: 768,\n              settings: {\n                slidesToShow: 1\n              }\n            },\n          ]\n        });\n      });\n    <\/script>[\/vc_column][\/vc_row]<\/p>\n<\/div>","protected":false},"excerpt":{"rendered":"<p>[vc_row][vc_column][\/vc_column][\/vc_row][vc_row full_width=&#8221;stretch_row_content_no_spaces&#8221;][vc_column][\/vc_column][\/vc_row][vc_row][vc_column][\/vc_column][\/vc_row]<\/p>\n","protected":false},"author":1,"featured_media":0,"parent":1698,"menu_order":290,"comment_status":"closed","ping_status":"closed","template":"","meta":{"_acf_changed":false,"footnotes":""},"class_list":["post-1724","page","type-page","status-publish","hentry"],"acf":[],"yoast_head":"<!-- This site is optimized with the Yoast SEO plugin v26.6 - https:\/\/yoast.com\/wordpress\/plugins\/seo\/ -->\n<title>Forschung &amp; Entwicklung umweltschonender Prozesse | Stoelzle<\/title>\n<meta name=\"description\" content=\"Unsere Forschung &amp; Entwicklung konzentriert sich auf umweltschonende Technologien &amp; Materialien \u279c Sekund\u00e4re Rohstoffe \u2713 Reduktion von Energieiensatz &amp; Emissionen\" \/>\n<meta name=\"robots\" content=\"index, follow, max-snippet:-1, max-image-preview:large, max-video-preview:-1\" \/>\n<link rel=\"canonical\" href=\"https:\/\/www.stoelzle.com\/de\/unternehmen\/forschung-entwicklung\/\" \/>\n<meta property=\"og:locale\" content=\"de_DE\" \/>\n<meta property=\"og:type\" content=\"article\" \/>\n<meta property=\"og:title\" content=\"Forschung &amp; Entwicklung umweltschonender Prozesse | Stoelzle\" \/>\n<meta property=\"og:description\" content=\"Unsere Forschung &amp; Entwicklung konzentriert sich auf umweltschonende Technologien &amp; Materialien \u279c Sekund\u00e4re Rohstoffe \u2713 Reduktion von Energieiensatz &amp; Emissionen\" \/>\n<meta property=\"og:url\" content=\"https:\/\/www.stoelzle.com\/de\/unternehmen\/forschung-entwicklung\/\" \/>\n<meta property=\"og:site_name\" content=\"Stoelzle Glass Group\" \/>\n<meta property=\"article:modified_time\" content=\"2022-03-23T10:07:05+00:00\" \/>\n<meta name=\"twitter:card\" content=\"summary_large_image\" \/>\n<meta name=\"twitter:label1\" content=\"Gesch\u00e4tzte Lesezeit\" \/>\n\t<meta name=\"twitter:data1\" content=\"1 Minute\" \/>\n<script type=\"application\/ld+json\" class=\"yoast-schema-graph\">{\"@context\":\"https:\/\/schema.org\",\"@graph\":[{\"@type\":\"WebPage\",\"@id\":\"https:\/\/www.stoelzle.com\/de\/unternehmen\/forschung-entwicklung\/\",\"url\":\"https:\/\/www.stoelzle.com\/de\/unternehmen\/forschung-entwicklung\/\",\"name\":\"Forschung & Entwicklung umweltschonender Prozesse | Stoelzle\",\"isPartOf\":{\"@id\":\"https:\/\/www.stoelzle.com\/#website\"},\"datePublished\":\"2021-01-14T07:36:31+00:00\",\"dateModified\":\"2022-03-23T10:07:05+00:00\",\"description\":\"Unsere Forschung & Entwicklung konzentriert sich auf umweltschonende Technologien & Materialien \u279c Sekund\u00e4re Rohstoffe \u2713 Reduktion von Energieiensatz & Emissionen\",\"breadcrumb\":{\"@id\":\"https:\/\/www.stoelzle.com\/de\/unternehmen\/forschung-entwicklung\/#breadcrumb\"},\"inLanguage\":\"de-DE\",\"potentialAction\":[{\"@type\":\"ReadAction\",\"target\":[\"https:\/\/www.stoelzle.com\/de\/unternehmen\/forschung-entwicklung\/\"]}]},{\"@type\":\"BreadcrumbList\",\"@id\":\"https:\/\/www.stoelzle.com\/de\/unternehmen\/forschung-entwicklung\/#breadcrumb\",\"itemListElement\":[{\"@type\":\"ListItem\",\"position\":1,\"name\":\"Home\",\"item\":\"https:\/\/www.stoelzle.com\/de\/\"},{\"@type\":\"ListItem\",\"position\":2,\"name\":\"Unternehmen\",\"item\":\"https:\/\/www.stoelzle.com\/de\/unternehmen\/\"},{\"@type\":\"ListItem\",\"position\":3,\"name\":\"Forschung &amp; Entwicklung\"}]},{\"@type\":\"WebSite\",\"@id\":\"https:\/\/www.stoelzle.com\/#website\",\"url\":\"https:\/\/www.stoelzle.com\/\",\"name\":\"Stoelzle Glass Group\",\"description\":\"\",\"publisher\":{\"@id\":\"https:\/\/www.stoelzle.com\/#organization\"},\"potentialAction\":[{\"@type\":\"SearchAction\",\"target\":{\"@type\":\"EntryPoint\",\"urlTemplate\":\"https:\/\/www.stoelzle.com\/?s={search_term_string}\"},\"query-input\":{\"@type\":\"PropertyValueSpecification\",\"valueRequired\":true,\"valueName\":\"search_term_string\"}}],\"inLanguage\":\"de-DE\"},{\"@type\":\"Organization\",\"@id\":\"https:\/\/www.stoelzle.com\/#organization\",\"name\":\"Stoelzle Glass Group\",\"url\":\"https:\/\/www.stoelzle.com\/\",\"logo\":{\"@type\":\"ImageObject\",\"inLanguage\":\"de-DE\",\"@id\":\"https:\/\/www.stoelzle.com\/#\/schema\/logo\/image\/\",\"url\":\"https:\/\/www.stoelzle.com\/wp-content\/uploads\/2020\/06\/Logo.svg\",\"contentUrl\":\"https:\/\/www.stoelzle.com\/wp-content\/uploads\/2020\/06\/Logo.svg\",\"width\":180,\"height\":40,\"caption\":\"Stoelzle Glass Group\"},\"image\":{\"@id\":\"https:\/\/www.stoelzle.com\/#\/schema\/logo\/image\/\"}}]}<\/script>\n<!-- \/ Yoast SEO plugin. -->","yoast_head_json":{"title":"Forschung & Entwicklung umweltschonender Prozesse | Stoelzle","description":"Unsere Forschung & Entwicklung konzentriert sich auf umweltschonende Technologien & Materialien \u279c Sekund\u00e4re Rohstoffe \u2713 Reduktion von Energieiensatz & Emissionen","robots":{"index":"index","follow":"follow","max-snippet":"max-snippet:-1","max-image-preview":"max-image-preview:large","max-video-preview":"max-video-preview:-1"},"canonical":"https:\/\/www.stoelzle.com\/de\/unternehmen\/forschung-entwicklung\/","og_locale":"de_DE","og_type":"article","og_title":"Forschung & Entwicklung umweltschonender Prozesse | Stoelzle","og_description":"Unsere Forschung & Entwicklung konzentriert sich auf umweltschonende Technologien & Materialien \u279c Sekund\u00e4re Rohstoffe \u2713 Reduktion von Energieiensatz & Emissionen","og_url":"https:\/\/www.stoelzle.com\/de\/unternehmen\/forschung-entwicklung\/","og_site_name":"Stoelzle Glass Group","article_modified_time":"2022-03-23T10:07:05+00:00","twitter_card":"summary_large_image","twitter_misc":{"Gesch\u00e4tzte Lesezeit":"1 Minute"},"schema":{"@context":"https:\/\/schema.org","@graph":[{"@type":"WebPage","@id":"https:\/\/www.stoelzle.com\/de\/unternehmen\/forschung-entwicklung\/","url":"https:\/\/www.stoelzle.com\/de\/unternehmen\/forschung-entwicklung\/","name":"Forschung & Entwicklung umweltschonender Prozesse | Stoelzle","isPartOf":{"@id":"https:\/\/www.stoelzle.com\/#website"},"datePublished":"2021-01-14T07:36:31+00:00","dateModified":"2022-03-23T10:07:05+00:00","description":"Unsere Forschung & Entwicklung konzentriert sich auf umweltschonende Technologien & Materialien \u279c Sekund\u00e4re Rohstoffe \u2713 Reduktion von Energieiensatz & Emissionen","breadcrumb":{"@id":"https:\/\/www.stoelzle.com\/de\/unternehmen\/forschung-entwicklung\/#breadcrumb"},"inLanguage":"de-DE","potentialAction":[{"@type":"ReadAction","target":["https:\/\/www.stoelzle.com\/de\/unternehmen\/forschung-entwicklung\/"]}]},{"@type":"BreadcrumbList","@id":"https:\/\/www.stoelzle.com\/de\/unternehmen\/forschung-entwicklung\/#breadcrumb","itemListElement":[{"@type":"ListItem","position":1,"name":"Home","item":"https:\/\/www.stoelzle.com\/de\/"},{"@type":"ListItem","position":2,"name":"Unternehmen","item":"https:\/\/www.stoelzle.com\/de\/unternehmen\/"},{"@type":"ListItem","position":3,"name":"Forschung &amp; Entwicklung"}]},{"@type":"WebSite","@id":"https:\/\/www.stoelzle.com\/#website","url":"https:\/\/www.stoelzle.com\/","name":"Stoelzle Glass Group","description":"","publisher":{"@id":"https:\/\/www.stoelzle.com\/#organization"},"potentialAction":[{"@type":"SearchAction","target":{"@type":"EntryPoint","urlTemplate":"https:\/\/www.stoelzle.com\/?s={search_term_string}"},"query-input":{"@type":"PropertyValueSpecification","valueRequired":true,"valueName":"search_term_string"}}],"inLanguage":"de-DE"},{"@type":"Organization","@id":"https:\/\/www.stoelzle.com\/#organization","name":"Stoelzle Glass Group","url":"https:\/\/www.stoelzle.com\/","logo":{"@type":"ImageObject","inLanguage":"de-DE","@id":"https:\/\/www.stoelzle.com\/#\/schema\/logo\/image\/","url":"https:\/\/www.stoelzle.com\/wp-content\/uploads\/2020\/06\/Logo.svg","contentUrl":"https:\/\/www.stoelzle.com\/wp-content\/uploads\/2020\/06\/Logo.svg","width":180,"height":40,"caption":"Stoelzle Glass Group"},"image":{"@id":"https:\/\/www.stoelzle.com\/#\/schema\/logo\/image\/"}}]}},"_links":{"self":[{"href":"https:\/\/www.stoelzle.com\/de\/wp-json\/wp\/v2\/pages\/1724","targetHints":{"allow":["GET"]}}],"collection":[{"href":"https:\/\/www.stoelzle.com\/de\/wp-json\/wp\/v2\/pages"}],"about":[{"href":"https:\/\/www.stoelzle.com\/de\/wp-json\/wp\/v2\/types\/page"}],"author":[{"embeddable":true,"href":"https:\/\/www.stoelzle.com\/de\/wp-json\/wp\/v2\/users\/1"}],"replies":[{"embeddable":true,"href":"https:\/\/www.stoelzle.com\/de\/wp-json\/wp\/v2\/comments?post=1724"}],"version-history":[{"count":0,"href":"https:\/\/www.stoelzle.com\/de\/wp-json\/wp\/v2\/pages\/1724\/revisions"}],"up":[{"embeddable":true,"href":"https:\/\/www.stoelzle.com\/de\/wp-json\/wp\/v2\/pages\/1698"}],"wp:attachment":[{"href":"https:\/\/www.stoelzle.com\/de\/wp-json\/wp\/v2\/media?parent=1724"}],"curies":[{"name":"wp","href":"https:\/\/api.w.org\/{rel}","templated":true}]}}