{"id":1722,"date":"2021-01-14T07:36:12","date_gmt":"2021-01-14T07:36:12","guid":{"rendered":"http:\/\/stoelzle.com\/stoelzle-glass-group\/quality\/"},"modified":"2022-03-23T12:41:18","modified_gmt":"2022-03-23T12:41:18","slug":"qualitaet","status":"publish","type":"page","link":"https:\/\/www.stoelzle.com\/de\/unternehmen\/qualitaet\/","title":{"rendered":"Qualit\u00e4t"},"content":{"rendered":"<div class=\"wpb-content-wrapper\"><p>[vc_row][vc_column]<div class=\"vc-title   text-center\">\n              <div class=\"topline\">Qualit\u00e4t bei Prozessen und Produkten<\/div>\n              <h1 class=\"title position-relative separator\">Qualit\u00e4t<\/h1>\n              <div class=\"row\"><div class=\"col-md-10 offset-md-1\"><\/p>\n<p class=\"large-text\">Die Qualit\u00e4t und die Sicherheit unserer Produkte sind die Basis unseres unternehmerischen Tuns. Dank unseres gruppenweit integrierten Qualit\u00e4tsmanagementsystem k\u00f6nnen wir die Qualit\u00e4tsanspr\u00fcche unserer Kunden nicht nur erf\u00fcllen, sondern sogar \u00fcbertreffen.<\/p>\n<p><\/div><\/div>\n            <\/div>[\/vc_column][\/vc_row][vc_row full_width=&#8221;stretch_row_content_no_spaces&#8221;][vc_column]<div id=\"id-content-cards\" class=\"row no-gutters  \">\n        <div class=\"col-sm-6 col-md-4 col-lg-3 \">\n          <a href=\"\/de\/downloads\/\"  class=\"card d-block button-outline theme-dark\">\n            \n          <div class=\"card-image position-absolute w-100 h-100\">\n            <img decoding=\"async\" class=\"w-100 h-100\"  src=\"https:\/\/www.stoelzle.com\/wp-content\/uploads\/2020\/12\/home-locations-global-network-800x800.jpg\" alt=\"Map of the world\" \/>\n          <\/div>\n            <div class=\"card-overlay d-flex flex-column\">\n            <div class=\"sub-headline w-100\">Download<\/div>\n            <div class=\"headline h3 w-100\">Zertifikate & Richtlinien<\/div>\n            \n            \n              <div class=\"mt-auto\">\n                <span class=\"cta big-button arrow\"><\/span>\n              <\/div>\n            <\/div>\n          <\/a>\n        <\/div>\n        <div class=\"col-sm-6 col-md-4 col-lg-3 \">\n          <div class=\"card card-text theme-white\">\n            \n            <div class=\"card-overlay d-flex flex-column\">\n            \n            <div class=\"headline h3 w-100\">Kundenzufriedenheit<\/div>\n            <div class=\"desc w-100\"><p>Profitieren Sie von unserem weltweiten Experten-Netzwerk, auf Sie abgestimmte Losgr\u00f6\u00dfen so wie Kleinmengen, die auch kurzfristig verf\u00fcgbar sind. Wir bieten f\u00fcr jeden Kunden die optimale Logistikl\u00f6sung.<\/p><\/div>\n            \n              <div class=\"mt-auto\">\n                \n              <\/div>\n            <\/div>\n          <\/div>\n        <\/div>\n        <div class=\"col-sm-6 col-md-4 col-lg-3 d-block d-md-none d-lg-block\">\n          <div class=\"card no-zoom theme-dark\">\n            \n          <div class=\"card-image position-absolute w-100 h-100\">\n            <img decoding=\"async\" class=\"w-100 h-100\"  src=\"https:\/\/www.stoelzle.com\/wp-content\/uploads\/2021\/01\/quality-stars-800x800.jpg\" alt=\"Finger tipping on row of stars\" \/>\n          <\/div>\n            <div class=\"card-overlay d-flex flex-column\">\n            \n            \n            \n            \n              <div class=\"mt-auto\">\n                \n              <\/div>\n            <\/div>\n          <\/div>\n        <\/div>\n        <div class=\"col-sm-6 col-md-4 col-lg-3 \">\n          <a href=\"\/de\/kontakt\/\"  class=\"card d-block card-text theme-blue\">\n            \n            <div class=\"card-overlay d-flex flex-column\">\n            <div class=\"sub-headline w-100\">Kontakt<\/div>\n            <div class=\"headline h3 w-100\">Anfragen an das Qualit\u00e4ts-Team<\/div>\n            \n            \n              <div class=\"mt-auto\">\n                <span class=\"cta big-button arrow\"><\/span>\n              <\/div>\n            <\/div>\n          <\/a>\n        <\/div><\/div>[\/vc_column][\/vc_row][vc_row full_width=&#8221;stretch_row&#8221; el_class=&#8221;light-gray&#8221;][vc_column]<div class=\"vc-spacer spacing-bottom-m\"><\/div>[vc_row_inner content_placement=&#8221;middle&#8221; el_class=&#8221;text-text&#8221;][vc_column_inner width=&#8221;1\/2&#8243;]\n      <div class=\"vc-image\">\n         \n          <img loading=\"lazy\" decoding=\"async\" width=\"2000\" height=\"1300\" src=\"https:\/\/www.stoelzle.com\/wp-content\/uploads\/2021\/03\/quality-stoelzle-qualitaetssystem.png\" class=\"img-fluid w-100 h-100 d-none d-md-block\" alt=\"Grafik zu den drei S\u00e4ulen des Stoelzle Qualit\u00e4smanagements\" srcset=\"https:\/\/www.stoelzle.com\/wp-content\/uploads\/2021\/03\/quality-stoelzle-qualitaetssystem.png 2000w, https:\/\/www.stoelzle.com\/wp-content\/uploads\/2021\/03\/quality-stoelzle-qualitaetssystem-480x312.png 480w, https:\/\/www.stoelzle.com\/wp-content\/uploads\/2021\/03\/quality-stoelzle-qualitaetssystem-1024x666.png 1024w, https:\/\/www.stoelzle.com\/wp-content\/uploads\/2021\/03\/quality-stoelzle-qualitaetssystem-1536x998.png 1536w, https:\/\/www.stoelzle.com\/wp-content\/uploads\/2021\/03\/quality-stoelzle-qualitaetssystem-992x645.png 992w, https:\/\/www.stoelzle.com\/wp-content\/uploads\/2021\/03\/quality-stoelzle-qualitaetssystem-600x390.png 600w\" sizes=\"auto, (max-width: 2000px) 100vw, 2000px\" \/> \n          <img loading=\"lazy\" decoding=\"async\" width=\"992\" height=\"645\" src=\"https:\/\/www.stoelzle.com\/wp-content\/uploads\/2021\/03\/quality-stoelzle-qualitaetssystem-992x645.png\" class=\"img-fluid w-100 h-100 d-mdx-none\" alt=\"Grafik zu den drei S\u00e4ulen des Stoelzle Qualit\u00e4smanagements\" srcset=\"https:\/\/www.stoelzle.com\/wp-content\/uploads\/2021\/03\/quality-stoelzle-qualitaetssystem-992x645.png 992w, https:\/\/www.stoelzle.com\/wp-content\/uploads\/2021\/03\/quality-stoelzle-qualitaetssystem-480x312.png 480w, https:\/\/www.stoelzle.com\/wp-content\/uploads\/2021\/03\/quality-stoelzle-qualitaetssystem-1024x666.png 1024w, https:\/\/www.stoelzle.com\/wp-content\/uploads\/2021\/03\/quality-stoelzle-qualitaetssystem-1536x998.png 1536w, https:\/\/www.stoelzle.com\/wp-content\/uploads\/2021\/03\/quality-stoelzle-qualitaetssystem-600x390.png 600w, https:\/\/www.stoelzle.com\/wp-content\/uploads\/2021\/03\/quality-stoelzle-qualitaetssystem.png 2000w\" sizes=\"auto, (max-width: 992px) 100vw, 992px\" \/>\n          \n         \n      <\/div>[\/vc_column_inner][vc_column_inner width=&#8221;1\/2&#8243;][vc_column_text]<\/p>\n<p class=\"h2\">Die 3 S\u00e4ulen des Qualit\u00e4tsmanagements<\/p>\n<ul>\n<li>Umfassende Qualit\u00e4tspr\u00fcfungen aller Produkte mittels modernster Inspektionsanlagen und Fachpersonal.<\/li>\n<li>Ein standardisiertes, integriertes Qualit\u00e4tsmanagementsystem an allen Stoelzle Standorten.<\/li>\n<li>Kontinuierliche Verbesserung \u2013 durch qualit\u00e4tsbewusste Mitarbeiterinnen und Mitarbeiter so wie laufende Verbesserungsma\u00dfnahmen erreichen wir unser Ziel der fehlerfreien Prozesse.<\/li>\n<\/ul>\n<p>[\/vc_column_text][\/vc_column_inner][\/vc_row_inner]<div class=\"vc-spacer spacing-bottom-m\"><\/div>[\/vc_column][\/vc_row][vc_row][vc_column]<div class=\"vc-title spacing-top-m  text-center\">\n              \n              <h2 class=\"title position-relative\">Stoelzle Qualit\u00e4t<\/h2>\n              \n            <\/div><div id=\"id-quality-slider\" class=\" spacing-bottom-m\"><div class=\"mb-4\"><div class=\"row\"><div class=\"col content-slider-arrows text-center\"><\/div><\/div><\/div><div class=\"row content-slider mb-5\"><div class=\"col\"><div class=\"row\">\n                        <div class=\"col-12 col-sm order-2 order-sm-1\"><div class=\"h3 content-slider-title\">Qualit\u00e4tskontrolle<\/div><div class=\"content-slider-text\">Bereits am Hei\u00dfen Ende werden unsere Flaschen maschinell und durch Fachpersonal genauestens gepr\u00fcft. Nach dem K\u00fchlprozess durchlaufen alle Flaschen am Kalten Ende verschiedene automatische Pr\u00fcfmaschinen und werden zus\u00e4tzlich auch regelm\u00e4\u00dfig durch unser Qualit\u00e4tspersonal gepr\u00fcft.     \n<br><br>\n<ul>\n<li><strong>Prozessf\u00e4higkeit:<\/strong> Wir sind bestrebt, unsere Prozessf\u00e4higkeit kontinuierlich zu verbessern. Unsere Mitarbeitenden, wie auch Digitalisierungs- und Verbesserungsma\u00dfnahmen unterst\u00fctzen uns dabei.<\/li>\n<li><strong>Modernste Technik:<\/strong> Wir investieren fortw\u00e4hrend in erstklassige Inspektionsmaschinen und modernste Produktionssysteme.<\/li>\n<\/ul><\/div><\/div>\n                        <div class=\"col-12 col-sm order-1 order-sm-2 mb-3 mb-sm-0\"><div class=\"content-slider-image\">\n                      <img decoding=\"async\" class=\"img-fluid w-100 h-100\" src=\"https:\/\/www.stoelzle.com\/wp-content\/uploads\/2021\/02\/quality-production-machine.jpg\" alt=\"Multi camera bottle inspection at the Stoelzle Cold End section\">\n                    <\/div><\/div>\n                      <\/div><\/div><div class=\"col\"><div class=\"row\">\n                        <div class=\"col-12 col-sm order-2 order-sm-1\"><div class=\"h3 content-slider-title\">Integriertes Qualit\u00e4tsmanagementsystem<\/div><div class=\"content-slider-text\">Standardisierte Prozesse an allen Stoelzle Standorten sichern die hohe Qualit\u00e4t unserer Produkte:<br><br>\n<ul>\n  <li>ISO 9001 (Qualit\u00e4tsmanagement) an allen Standorten.<\/li>\n  <li>ISO 15378 (GMP) im \u00f6sterreichischen und tschechischen Produktionswerk.<\/li>\n  <li>BRC GS (Lebensmittelverpackungen) im \u00f6sterreichischen und polnischen Werk (Cz\u0119stochowa).<\/li>\n<\/ul><\/div><\/div>\n                        <div class=\"col-12 col-sm order-1 order-sm-2 mb-3 mb-sm-0\"><div class=\"content-slider-image\">\n                      <img decoding=\"async\" class=\"img-fluid w-100 h-100\" src=\"https:\/\/www.stoelzle.com\/wp-content\/uploads\/2021\/02\/quality-integrated-quality-management-system.jpg\" alt=\"Automated bottle inspection on the Hot End of Stoelzle production.\">\n                    <\/div><\/div>\n                      <\/div><\/div><div class=\"col\"><div class=\"row\">\n                        <div class=\"col-12 col-sm order-2 order-sm-1\"><div class=\"h3 content-slider-title\">Kontinuierliche Verbesserung<\/div><div class=\"content-slider-text\">Unser bestens qualifiziertes Stoelzle Team strebt nach kontinuierlicher Verbesserung, h\u00f6chster Qualit\u00e4t und Effizienz.  Mit Mittelm\u00e4\u00dfigkeit geben wir uns nicht zufrieden. In unserem Bem\u00fchen um laufende Verbesserungen, setzen wir unter anderem auf folgende Ma\u00dfnahmen:<br><br>\n<ul>\n  <li><strong>Stoelzle Ideen-Management:<\/strong> Alle Stoelzle Mitarbeitenden k\u00f6nnen jederzeit Verbesserungsvorschl\u00e4ge einbringen.<\/li>\n  <li><strong>CAPA:<\/strong> Eine strukturierte Methode, mit der wir Probleme aufgreifen und l\u00f6sen.<\/li>\n  <li><strong>Plan do check act (PDCA):<\/strong> Unser Umgang mit Problemen, Schwierigkeiten,  Ver\u00e4nderungen, Herausforderungen, Risiken und M\u00f6glichkeiten.<\/li>\n  <li><strong>Schulung & Qualifikation:<\/strong> Gruppenweite und Standort-\u00fcbergreifende Fortbildungen f\u00f6rdern die Kompetenzen und Qualifikationen der Mitarbeitenden.<\/li>\n  <li><strong>Null-Fehler-Strategie:<\/strong> Unsere Firmenkultur, die Einstellung der Mitarbeitenden und Standardisierung sichern fehlerfreie Prozesse & Produkte.<\/li>\n<\/ul><\/div><\/div>\n                        <div class=\"col-12 col-sm order-1 order-sm-2 mb-3 mb-sm-0\"><div class=\"content-slider-image\">\n                      <img decoding=\"async\" class=\"img-fluid w-100 h-100\" src=\"https:\/\/www.stoelzle.com\/wp-content\/uploads\/2021\/02\/quality-continuous-improvement.jpg\" alt=\"Continuous improvement can be acchieved by digitisation of processes\">\n                    <\/div><\/div>\n                      <\/div><\/div><\/div><\/div>\n    <script async>\n      jQuery(document).ready(function($) {\n        jQuery(\"#id-quality-slider .content-slider\").slick({\n          slidesToShow: 1,\n          prevArrow: \"<span class=\\\"d-inline-block slick-arrow slick-arrow-prev\\\"><\/span>\",\n          nextArrow: \"<span class=\\\"d-inline-block slick-arrow slick-arrow-next\\\"><\/span>\",\n          appendArrows: $(\"#id-quality-slider .content-slider-arrows\"),\n          adaptiveHeight: true,\n          responsive: [\n            {\n              breakpoint: 1024,\n              settings: {\n                slidesToShow: 1\n              }\n            },\n            {\n              breakpoint: 768,\n              settings: {\n                slidesToShow: 1\n              }\n            },\n          ]\n        });\n      });\n    <\/script>[\/vc_column][\/vc_row][vc_row full_width=&#8221;stretch_row&#8221; el_class=&#8221;light-gray&#8221;][vc_column]<div class=\"vc-spacer spacing-bottom-m\"><\/div>[vc_row_inner content_placement=&#8221;middle&#8221; el_class=&#8221;text-text&#8221;][vc_column_inner width=&#8221;1\/2&#8243;][vc_video link=&#8221;https:\/\/youtu.be\/igk1pcVqdYU&#8221;][\/vc_column_inner][vc_column_inner width=&#8221;1\/2&#8243;][vc_column_text]<\/p>\n<p class=\"topline\">Video<\/p>\n<p class=\"h2\">Technischer Kundendienst<\/p>\n<p>Wir unterst\u00fctzen unsere Kunden vor, bei und nach der Abf\u00fcllung. Unser technischer Kundendienst steht den Kunden zur Seite, wenn es darum geht, Abf\u00fcllanlagen auf Stoelzle Flaschen optimal auszurichten und eine reibungslose Abf\u00fcllung zu gew\u00e4hrleisten. Unser Team ber\u00e4t Sie auch gerne bei Testabf\u00fcllungen.[\/vc_column_text][\/vc_column_inner][\/vc_row_inner]<div class=\"vc-spacer spacing-bottom-m\"><\/div>[\/vc_column][\/vc_row]<\/p>\n<\/div>","protected":false},"excerpt":{"rendered":"<p>[vc_row][vc_column][\/vc_column][\/vc_row][vc_row full_width=&#8221;stretch_row_content_no_spaces&#8221;][vc_column][\/vc_column][\/vc_row][vc_row full_width=&#8221;stretch_row&#8221; el_class=&#8221;light-gray&#8221;][vc_column][vc_row_inner content_placement=&#8221;middle&#8221; el_class=&#8221;text-text&#8221;][vc_column_inner width=&#8221;1\/2&#8243;][\/vc_column_inner][vc_column_inner width=&#8221;1\/2&#8243;][vc_column_text] Die 3 S\u00e4ulen des Qualit\u00e4tsmanagements Umfassende Qualit\u00e4tspr\u00fcfungen aller Produkte mittels modernster Inspektionsanlagen und Fachpersonal. Ein standardisiertes, integriertes Qualit\u00e4tsmanagementsystem an allen Stoelzle Standorten. Kontinuierliche Verbesserung \u2013 durch qualit\u00e4tsbewusste Mitarbeiterinnen und Mitarbeiter so wie laufende Verbesserungsma\u00dfnahmen erreichen wir unser Ziel der fehlerfreien Prozesse. [\/vc_column_text][\/vc_column_inner][\/vc_row_inner][\/vc_column][\/vc_row][vc_row][vc_column][\/vc_column][\/vc_row][vc_row full_width=&#8221;stretch_row&#8221; el_class=&#8221;light-gray&#8221;][vc_column][vc_row_inner content_placement=&#8221;middle&#8221; el_class=&#8221;text-text&#8221;][vc_column_inner width=&#8221;1\/2&#8243;][vc_video [&hellip;]<\/p>\n","protected":false},"author":1,"featured_media":0,"parent":1698,"menu_order":280,"comment_status":"closed","ping_status":"closed","template":"","meta":{"_acf_changed":false,"footnotes":""},"class_list":["post-1722","page","type-page","status-publish","hentry"],"acf":[],"yoast_head":"<!-- This site is optimized with the Yoast SEO plugin v26.6 - https:\/\/yoast.com\/wordpress\/plugins\/seo\/ -->\n<title>Herausragende Qualit\u00e4t bei allen Glasprodukten | Stoelzle<\/title>\n<meta name=\"description\" content=\"Wir fertigen Glasverpackungen in h\u00f6chster Qualit\u00e4t \u279c alle Standorte unterliegen einem integrierten Qualit\u00e4tsmanagementsystem\" \/>\n<meta name=\"robots\" content=\"index, follow, max-snippet:-1, max-image-preview:large, max-video-preview:-1\" \/>\n<link rel=\"canonical\" href=\"https:\/\/www.stoelzle.com\/de\/unternehmen\/qualitaet\/\" \/>\n<meta property=\"og:locale\" content=\"de_DE\" \/>\n<meta property=\"og:type\" content=\"article\" \/>\n<meta property=\"og:title\" content=\"Herausragende Qualit\u00e4t bei allen Glasprodukten | Stoelzle\" \/>\n<meta property=\"og:description\" content=\"Wir fertigen Glasverpackungen in h\u00f6chster Qualit\u00e4t \u279c alle Standorte unterliegen einem integrierten Qualit\u00e4tsmanagementsystem\" \/>\n<meta property=\"og:url\" content=\"https:\/\/www.stoelzle.com\/de\/unternehmen\/qualitaet\/\" \/>\n<meta property=\"og:site_name\" content=\"Stoelzle Glass Group\" \/>\n<meta property=\"article:modified_time\" content=\"2022-03-23T12:41:18+00:00\" \/>\n<meta name=\"twitter:card\" content=\"summary_large_image\" \/>\n<meta name=\"twitter:label1\" content=\"Gesch\u00e4tzte Lesezeit\" \/>\n\t<meta name=\"twitter:data1\" content=\"1 Minute\" \/>\n<script type=\"application\/ld+json\" class=\"yoast-schema-graph\">{\"@context\":\"https:\/\/schema.org\",\"@graph\":[{\"@type\":\"WebPage\",\"@id\":\"https:\/\/www.stoelzle.com\/de\/unternehmen\/qualitaet\/\",\"url\":\"https:\/\/www.stoelzle.com\/de\/unternehmen\/qualitaet\/\",\"name\":\"Herausragende Qualit\u00e4t bei allen Glasprodukten | Stoelzle\",\"isPartOf\":{\"@id\":\"https:\/\/www.stoelzle.com\/#website\"},\"datePublished\":\"2021-01-14T07:36:12+00:00\",\"dateModified\":\"2022-03-23T12:41:18+00:00\",\"description\":\"Wir fertigen Glasverpackungen in h\u00f6chster Qualit\u00e4t \u279c alle Standorte unterliegen einem integrierten Qualit\u00e4tsmanagementsystem\",\"breadcrumb\":{\"@id\":\"https:\/\/www.stoelzle.com\/de\/unternehmen\/qualitaet\/#breadcrumb\"},\"inLanguage\":\"de-DE\",\"potentialAction\":[{\"@type\":\"ReadAction\",\"target\":[\"https:\/\/www.stoelzle.com\/de\/unternehmen\/qualitaet\/\"]}]},{\"@type\":\"BreadcrumbList\",\"@id\":\"https:\/\/www.stoelzle.com\/de\/unternehmen\/qualitaet\/#breadcrumb\",\"itemListElement\":[{\"@type\":\"ListItem\",\"position\":1,\"name\":\"Home\",\"item\":\"https:\/\/www.stoelzle.com\/de\/\"},{\"@type\":\"ListItem\",\"position\":2,\"name\":\"Unternehmen\",\"item\":\"https:\/\/www.stoelzle.com\/de\/unternehmen\/\"},{\"@type\":\"ListItem\",\"position\":3,\"name\":\"Qualit\u00e4t\"}]},{\"@type\":\"WebSite\",\"@id\":\"https:\/\/www.stoelzle.com\/#website\",\"url\":\"https:\/\/www.stoelzle.com\/\",\"name\":\"Stoelzle Glass Group\",\"description\":\"\",\"publisher\":{\"@id\":\"https:\/\/www.stoelzle.com\/#organization\"},\"potentialAction\":[{\"@type\":\"SearchAction\",\"target\":{\"@type\":\"EntryPoint\",\"urlTemplate\":\"https:\/\/www.stoelzle.com\/?s={search_term_string}\"},\"query-input\":{\"@type\":\"PropertyValueSpecification\",\"valueRequired\":true,\"valueName\":\"search_term_string\"}}],\"inLanguage\":\"de-DE\"},{\"@type\":\"Organization\",\"@id\":\"https:\/\/www.stoelzle.com\/#organization\",\"name\":\"Stoelzle Glass Group\",\"url\":\"https:\/\/www.stoelzle.com\/\",\"logo\":{\"@type\":\"ImageObject\",\"inLanguage\":\"de-DE\",\"@id\":\"https:\/\/www.stoelzle.com\/#\/schema\/logo\/image\/\",\"url\":\"https:\/\/www.stoelzle.com\/wp-content\/uploads\/2020\/06\/Logo.svg\",\"contentUrl\":\"https:\/\/www.stoelzle.com\/wp-content\/uploads\/2020\/06\/Logo.svg\",\"width\":180,\"height\":40,\"caption\":\"Stoelzle Glass Group\"},\"image\":{\"@id\":\"https:\/\/www.stoelzle.com\/#\/schema\/logo\/image\/\"}}]}<\/script>\n<!-- \/ Yoast SEO plugin. -->","yoast_head_json":{"title":"Herausragende Qualit\u00e4t bei allen Glasprodukten | Stoelzle","description":"Wir fertigen Glasverpackungen in h\u00f6chster Qualit\u00e4t \u279c alle Standorte unterliegen einem integrierten Qualit\u00e4tsmanagementsystem","robots":{"index":"index","follow":"follow","max-snippet":"max-snippet:-1","max-image-preview":"max-image-preview:large","max-video-preview":"max-video-preview:-1"},"canonical":"https:\/\/www.stoelzle.com\/de\/unternehmen\/qualitaet\/","og_locale":"de_DE","og_type":"article","og_title":"Herausragende Qualit\u00e4t bei allen Glasprodukten | Stoelzle","og_description":"Wir fertigen Glasverpackungen in h\u00f6chster Qualit\u00e4t \u279c alle Standorte unterliegen einem integrierten Qualit\u00e4tsmanagementsystem","og_url":"https:\/\/www.stoelzle.com\/de\/unternehmen\/qualitaet\/","og_site_name":"Stoelzle Glass Group","article_modified_time":"2022-03-23T12:41:18+00:00","twitter_card":"summary_large_image","twitter_misc":{"Gesch\u00e4tzte Lesezeit":"1 Minute"},"schema":{"@context":"https:\/\/schema.org","@graph":[{"@type":"WebPage","@id":"https:\/\/www.stoelzle.com\/de\/unternehmen\/qualitaet\/","url":"https:\/\/www.stoelzle.com\/de\/unternehmen\/qualitaet\/","name":"Herausragende Qualit\u00e4t bei allen Glasprodukten | Stoelzle","isPartOf":{"@id":"https:\/\/www.stoelzle.com\/#website"},"datePublished":"2021-01-14T07:36:12+00:00","dateModified":"2022-03-23T12:41:18+00:00","description":"Wir fertigen Glasverpackungen in h\u00f6chster Qualit\u00e4t \u279c alle Standorte unterliegen einem integrierten Qualit\u00e4tsmanagementsystem","breadcrumb":{"@id":"https:\/\/www.stoelzle.com\/de\/unternehmen\/qualitaet\/#breadcrumb"},"inLanguage":"de-DE","potentialAction":[{"@type":"ReadAction","target":["https:\/\/www.stoelzle.com\/de\/unternehmen\/qualitaet\/"]}]},{"@type":"BreadcrumbList","@id":"https:\/\/www.stoelzle.com\/de\/unternehmen\/qualitaet\/#breadcrumb","itemListElement":[{"@type":"ListItem","position":1,"name":"Home","item":"https:\/\/www.stoelzle.com\/de\/"},{"@type":"ListItem","position":2,"name":"Unternehmen","item":"https:\/\/www.stoelzle.com\/de\/unternehmen\/"},{"@type":"ListItem","position":3,"name":"Qualit\u00e4t"}]},{"@type":"WebSite","@id":"https:\/\/www.stoelzle.com\/#website","url":"https:\/\/www.stoelzle.com\/","name":"Stoelzle Glass Group","description":"","publisher":{"@id":"https:\/\/www.stoelzle.com\/#organization"},"potentialAction":[{"@type":"SearchAction","target":{"@type":"EntryPoint","urlTemplate":"https:\/\/www.stoelzle.com\/?s={search_term_string}"},"query-input":{"@type":"PropertyValueSpecification","valueRequired":true,"valueName":"search_term_string"}}],"inLanguage":"de-DE"},{"@type":"Organization","@id":"https:\/\/www.stoelzle.com\/#organization","name":"Stoelzle Glass Group","url":"https:\/\/www.stoelzle.com\/","logo":{"@type":"ImageObject","inLanguage":"de-DE","@id":"https:\/\/www.stoelzle.com\/#\/schema\/logo\/image\/","url":"https:\/\/www.stoelzle.com\/wp-content\/uploads\/2020\/06\/Logo.svg","contentUrl":"https:\/\/www.stoelzle.com\/wp-content\/uploads\/2020\/06\/Logo.svg","width":180,"height":40,"caption":"Stoelzle Glass Group"},"image":{"@id":"https:\/\/www.stoelzle.com\/#\/schema\/logo\/image\/"}}]}},"_links":{"self":[{"href":"https:\/\/www.stoelzle.com\/de\/wp-json\/wp\/v2\/pages\/1722","targetHints":{"allow":["GET"]}}],"collection":[{"href":"https:\/\/www.stoelzle.com\/de\/wp-json\/wp\/v2\/pages"}],"about":[{"href":"https:\/\/www.stoelzle.com\/de\/wp-json\/wp\/v2\/types\/page"}],"author":[{"embeddable":true,"href":"https:\/\/www.stoelzle.com\/de\/wp-json\/wp\/v2\/users\/1"}],"replies":[{"embeddable":true,"href":"https:\/\/www.stoelzle.com\/de\/wp-json\/wp\/v2\/comments?post=1722"}],"version-history":[{"count":0,"href":"https:\/\/www.stoelzle.com\/de\/wp-json\/wp\/v2\/pages\/1722\/revisions"}],"up":[{"embeddable":true,"href":"https:\/\/www.stoelzle.com\/de\/wp-json\/wp\/v2\/pages\/1698"}],"wp:attachment":[{"href":"https:\/\/www.stoelzle.com\/de\/wp-json\/wp\/v2\/media?parent=1722"}],"curies":[{"name":"wp","href":"https:\/\/api.w.org\/{rel}","templated":true}]}}