{"id":1718,"date":"2021-01-14T07:35:39","date_gmt":"2021-01-14T07:35:39","guid":{"rendered":"http:\/\/stoelzle.com\/stoelzle-glass-group\/sustainability\/employees\/"},"modified":"2023-09-27T09:45:51","modified_gmt":"2023-09-27T09:45:51","slug":"mitarbeiter","status":"publish","type":"page","link":"https:\/\/www.stoelzle.com\/de\/unternehmen\/nachhaltigkeit\/mitarbeiter\/","title":{"rendered":"Mitarbeiter"},"content":{"rendered":"<div class=\"wpb-content-wrapper\"><p>[vc_row][vc_column]<div class=\"vc-title   text-center\">\n              <div class=\"topline\">F\u00f6rderung unsere Mitarbeiter*innen<\/div>\n              <h1 class=\"title position-relative separator\">Mitarbeiter*innen<\/h1>\n              <div class=\"row\"><div class=\"col-md-10 offset-md-1\"><\/p>\n<p class=\"large-text\">Unser Engagement f\u00fcr ethisches Verhalten und die F\u00f6rderung von Gesundheit und Sicherheit am Arbeitsplatz ist f\u00fcr unsere Mitarbeiter*innen unerl\u00e4sslich und tr\u00e4gt zu unserem Gesamterfolg bei. Wir glauben, dass ein gesundes Arbeitsumfeld Talente anzieht und bindet, was zu besseren Produkten und Dienstleistungen f\u00fchrt. Wir sind ein zuverl\u00e4ssiger Gesch\u00e4ftspartner, der die Menschen sch\u00e4tzt und sich f\u00fcr den Schutz der Umwelt einsetzt.<\/p>\n<p><\/div><\/div>\n            <\/div>[\/vc_column][\/vc_row][vc_row][vc_column]<div class=\"vc-title   text-center\">\n              \n              <h2 class=\"title position-relative\">Wir setzen uns f\u00fcr unsere Mitarbeiter*innen ein<\/h2>\n              \n            <\/div>[vc_row_inner][vc_column_inner width=&#8221;1\/3&#8243;]\n      <div class=\"vc-image\">\n        <a href=\"#health-safety\" target=\"\"> \n          <img loading=\"lazy\" decoding=\"async\" width=\"2000\" height=\"1300\" src=\"https:\/\/www.stoelzle.com\/wp-content\/uploads\/2023\/08\/health-and-safety-management.jpg\" class=\"img-fluid w-100 h-100 d-none d-md-block\" alt=\"\" srcset=\"https:\/\/www.stoelzle.com\/wp-content\/uploads\/2023\/08\/health-and-safety-management.jpg 2000w, https:\/\/www.stoelzle.com\/wp-content\/uploads\/2023\/08\/health-and-safety-management-480x312.jpg 480w, https:\/\/www.stoelzle.com\/wp-content\/uploads\/2023\/08\/health-and-safety-management-1024x666.jpg 1024w, https:\/\/www.stoelzle.com\/wp-content\/uploads\/2023\/08\/health-and-safety-management-1536x998.jpg 1536w, https:\/\/www.stoelzle.com\/wp-content\/uploads\/2023\/08\/health-and-safety-management-992x645.jpg 992w, https:\/\/www.stoelzle.com\/wp-content\/uploads\/2023\/08\/health-and-safety-management-180x117.jpg 180w\" sizes=\"auto, (max-width: 2000px) 100vw, 2000px\" \/> \n          <img loading=\"lazy\" decoding=\"async\" width=\"992\" height=\"645\" src=\"https:\/\/www.stoelzle.com\/wp-content\/uploads\/2023\/08\/health-and-safety-management-992x645.jpg\" class=\"img-fluid w-100 h-100 d-mdx-none\" alt=\"\" srcset=\"https:\/\/www.stoelzle.com\/wp-content\/uploads\/2023\/08\/health-and-safety-management-992x645.jpg 992w, https:\/\/www.stoelzle.com\/wp-content\/uploads\/2023\/08\/health-and-safety-management-480x312.jpg 480w, https:\/\/www.stoelzle.com\/wp-content\/uploads\/2023\/08\/health-and-safety-management-1024x666.jpg 1024w, https:\/\/www.stoelzle.com\/wp-content\/uploads\/2023\/08\/health-and-safety-management-1536x998.jpg 1536w, https:\/\/www.stoelzle.com\/wp-content\/uploads\/2023\/08\/health-and-safety-management-180x117.jpg 180w, https:\/\/www.stoelzle.com\/wp-content\/uploads\/2023\/08\/health-and-safety-management.jpg 2000w\" sizes=\"auto, (max-width: 992px) 100vw, 992px\" \/>\n          \n        <\/a> \n      <\/div>[vc_column_text css=&#8221;.vc_custom_1694439290111{padding-top: 16px !important;}&#8221;]<\/p>\n<h3>Gesundheits- und Sicherheitsmanagement<\/h3>\n<p><span style=\"font-weight: 400;\">Wir sind davon \u00fcberzeugt, dass die F\u00f6rderung von Gesundheit und Sicherheit am Arbeitsplatz nicht nur unseren Mitarbeiter*innen zu Gute kommt, sondern auch zum Erfolg unseres Unternehmens beitr\u00e4gt.<\/span><\/p>\n<p><a class=\"editor-button cta\" href=\"#health-safety\">Mehr dazu<\/a><\/p>\n<p>[\/vc_column_text][\/vc_column_inner][vc_column_inner width=&#8221;1\/3&#8243;]\n      <div class=\"vc-image\">\n        <a href=\"#people-development\" target=\"\"> \n          <img loading=\"lazy\" decoding=\"async\" width=\"2000\" height=\"1300\" src=\"https:\/\/www.stoelzle.com\/wp-content\/uploads\/2023\/08\/people-development.jpg\" class=\"img-fluid w-100 h-100 d-none d-md-block\" alt=\"\" srcset=\"https:\/\/www.stoelzle.com\/wp-content\/uploads\/2023\/08\/people-development.jpg 2000w, https:\/\/www.stoelzle.com\/wp-content\/uploads\/2023\/08\/people-development-480x312.jpg 480w, https:\/\/www.stoelzle.com\/wp-content\/uploads\/2023\/08\/people-development-1024x666.jpg 1024w, https:\/\/www.stoelzle.com\/wp-content\/uploads\/2023\/08\/people-development-1536x998.jpg 1536w, https:\/\/www.stoelzle.com\/wp-content\/uploads\/2023\/08\/people-development-992x645.jpg 992w, https:\/\/www.stoelzle.com\/wp-content\/uploads\/2023\/08\/people-development-180x117.jpg 180w\" sizes=\"auto, (max-width: 2000px) 100vw, 2000px\" \/> \n          <img loading=\"lazy\" decoding=\"async\" width=\"992\" height=\"645\" src=\"https:\/\/www.stoelzle.com\/wp-content\/uploads\/2023\/08\/people-development-992x645.jpg\" class=\"img-fluid w-100 h-100 d-mdx-none\" alt=\"\" srcset=\"https:\/\/www.stoelzle.com\/wp-content\/uploads\/2023\/08\/people-development-992x645.jpg 992w, https:\/\/www.stoelzle.com\/wp-content\/uploads\/2023\/08\/people-development-480x312.jpg 480w, https:\/\/www.stoelzle.com\/wp-content\/uploads\/2023\/08\/people-development-1024x666.jpg 1024w, https:\/\/www.stoelzle.com\/wp-content\/uploads\/2023\/08\/people-development-1536x998.jpg 1536w, https:\/\/www.stoelzle.com\/wp-content\/uploads\/2023\/08\/people-development-180x117.jpg 180w, https:\/\/www.stoelzle.com\/wp-content\/uploads\/2023\/08\/people-development.jpg 2000w\" sizes=\"auto, (max-width: 992px) 100vw, 992px\" \/>\n          \n        <\/a> \n      <\/div>[vc_column_text css=&#8221;.vc_custom_1694439300574{padding-top: 16px !important;}&#8221;]<\/p>\n<h3>Personalentwicklung &amp; Weiterbildung<\/h3>\n<p><span style=\"font-weight: 400;\">Die F\u00f6rderung von Fachwissen, die Gewinnung neuer Talente und die Reaktion auf die sich ver\u00e4ndernde Personaldynamik machen wir uns in der Personalentwicklung bei Stoelzle zur Aufgabe.<\/span><\/p>\n<p><a class=\"editor-button cta\" href=\"#people-development\">Mehr dazu<\/a><\/p>\n<p>[\/vc_column_text][\/vc_column_inner][vc_column_inner width=&#8221;1\/3&#8243;]\n      <div class=\"vc-image\">\n        <a href=\"#empowering-woman\" target=\"\"> \n          <img loading=\"lazy\" decoding=\"async\" width=\"2000\" height=\"1300\" src=\"https:\/\/www.stoelzle.com\/wp-content\/uploads\/2023\/08\/empowering-woman-in-technology.jpg\" class=\"img-fluid w-100 h-100 d-none d-md-block\" alt=\"\" srcset=\"https:\/\/www.stoelzle.com\/wp-content\/uploads\/2023\/08\/empowering-woman-in-technology.jpg 2000w, https:\/\/www.stoelzle.com\/wp-content\/uploads\/2023\/08\/empowering-woman-in-technology-480x312.jpg 480w, https:\/\/www.stoelzle.com\/wp-content\/uploads\/2023\/08\/empowering-woman-in-technology-1024x666.jpg 1024w, https:\/\/www.stoelzle.com\/wp-content\/uploads\/2023\/08\/empowering-woman-in-technology-1536x998.jpg 1536w, https:\/\/www.stoelzle.com\/wp-content\/uploads\/2023\/08\/empowering-woman-in-technology-992x645.jpg 992w, https:\/\/www.stoelzle.com\/wp-content\/uploads\/2023\/08\/empowering-woman-in-technology-180x117.jpg 180w\" sizes=\"auto, (max-width: 2000px) 100vw, 2000px\" \/> \n          <img loading=\"lazy\" decoding=\"async\" width=\"992\" height=\"645\" src=\"https:\/\/www.stoelzle.com\/wp-content\/uploads\/2023\/08\/empowering-woman-in-technology-992x645.jpg\" class=\"img-fluid w-100 h-100 d-mdx-none\" alt=\"\" srcset=\"https:\/\/www.stoelzle.com\/wp-content\/uploads\/2023\/08\/empowering-woman-in-technology-992x645.jpg 992w, https:\/\/www.stoelzle.com\/wp-content\/uploads\/2023\/08\/empowering-woman-in-technology-480x312.jpg 480w, https:\/\/www.stoelzle.com\/wp-content\/uploads\/2023\/08\/empowering-woman-in-technology-1024x666.jpg 1024w, https:\/\/www.stoelzle.com\/wp-content\/uploads\/2023\/08\/empowering-woman-in-technology-1536x998.jpg 1536w, https:\/\/www.stoelzle.com\/wp-content\/uploads\/2023\/08\/empowering-woman-in-technology-180x117.jpg 180w, https:\/\/www.stoelzle.com\/wp-content\/uploads\/2023\/08\/empowering-woman-in-technology.jpg 2000w\" sizes=\"auto, (max-width: 992px) 100vw, 992px\" \/>\n          \n        <\/a> \n      <\/div>[vc_column_text css=&#8221;.vc_custom_1694439308599{padding-top: 16px !important;}&#8221;]<\/p>\n<h3>F\u00f6rderung von Frauen in der Technik<\/h3>\n<p><span style=\"font-weight: 400;\">Stoelzle hat sich zum Ziel gesetzt, weibliche Arbeitskr\u00e4fte auszubilden und zu binden, und wirbt verst\u00e4rkt um weibliche Auszubildende in Bereichen wie Zerspanung, Maschinenbau und Mechatronik.<\/span><\/p>\n<p><a class=\"editor-button cta\" href=\"#empowering-woman\">Mehr dazu<\/a><\/p>\n<p>[\/vc_column_text][\/vc_column_inner][\/vc_row_inner][\/vc_column][\/vc_row][vc_row full_width=&#8221;stretch_row_content_no_spaces&#8221; el_id=&#8221;health-safety&#8221;][vc_column]<div class=\"vc-two-columns spacing-top-s \">\n                <div class=\"row\">\n                    <div class=\"col-sm-6 bg-gray image-right\"><div class=\"column-content h-100 d-flex flex-column justify-content-center\"><\/p>\n<h2>Gesundheits- und Sicherheitsmanagement<\/h2>\n<p><span style=\"font-weight: 400;\">Aufgrund unseres ununterbrochenen Gesch\u00e4ftsbetriebs, der 24\/7\/365 l\u00e4uft, arbeiten wir st\u00e4ndig an der Anpassung unseres Schichtsystems, um die Arbeitsbedingungen f\u00fcr unsere Mitarbeiter*innen zu verbessern. Ein gesundes und sicheres Arbeitsumfeld hilft uns, Talente f\u00fcr unser Unternehmen zu gewinnen und zu binden, was wiederum zu einer besseren Qualit\u00e4t unserer Produkte und Dienstleistungen f\u00fchrt.<\/span><\/p>\n<ul>\n<li style=\"font-weight: 400;\"><span style=\"font-weight: 400;\">Management der Arbeitssicherheit<\/span><\/li>\n<li style=\"font-weight: 400;\"><span style=\"font-weight: 400;\">Messung der Arbeitsplatzsicherheit<\/span><\/li>\n<li style=\"font-weight: 400;\"><span style=\"font-weight: 400;\">Regelm\u00e4\u00dfige Gesundheitschecks<\/span><\/li>\n<\/ul>\n<p><a class=\"editor-button cta\" href=\"\/wp-content\/uploads\/2023\/09\/stoelzle-sustainablitityreport-2022-EN.pdf#page=54\" target=\"_blank\" rel=\"noopener\">Mehr erfahren<\/a><\/p>\n<p><\/div><\/div>\n                    <div class=\"col-sm-6 bg-gray image-right\"><img loading=\"lazy\" decoding=\"async\" width=\"1024\" height=\"666\" src=\"https:\/\/www.stoelzle.com\/wp-content\/uploads\/2023\/08\/health-and-safety-management-1024x666.jpg\" class=\"w-100 h-100 cover\" alt=\"\" srcset=\"https:\/\/www.stoelzle.com\/wp-content\/uploads\/2023\/08\/health-and-safety-management-1024x666.jpg 1024w, https:\/\/www.stoelzle.com\/wp-content\/uploads\/2023\/08\/health-and-safety-management-480x312.jpg 480w, https:\/\/www.stoelzle.com\/wp-content\/uploads\/2023\/08\/health-and-safety-management-1536x998.jpg 1536w, https:\/\/www.stoelzle.com\/wp-content\/uploads\/2023\/08\/health-and-safety-management-992x645.jpg 992w, https:\/\/www.stoelzle.com\/wp-content\/uploads\/2023\/08\/health-and-safety-management-180x117.jpg 180w, https:\/\/www.stoelzle.com\/wp-content\/uploads\/2023\/08\/health-and-safety-management.jpg 2000w\" sizes=\"auto, (max-width: 1024px) 100vw, 1024px\" \/><\/div>\n                <\/div>\n            <\/div>[\/vc_column][\/vc_row][vc_row full_width=&#8221;stretch_row_content_no_spaces&#8221; el_id=&#8221;people-development&#8221;][vc_column]<div class=\"vc-two-columns  \">\n                <div class=\"row\">\n                    <div class=\"col-sm-6 bg-blue image-left\"><img loading=\"lazy\" decoding=\"async\" width=\"1024\" height=\"666\" src=\"https:\/\/www.stoelzle.com\/wp-content\/uploads\/2023\/08\/people-development-1024x666.jpg\" class=\"w-100 h-100 cover\" alt=\"\" srcset=\"https:\/\/www.stoelzle.com\/wp-content\/uploads\/2023\/08\/people-development-1024x666.jpg 1024w, https:\/\/www.stoelzle.com\/wp-content\/uploads\/2023\/08\/people-development-480x312.jpg 480w, https:\/\/www.stoelzle.com\/wp-content\/uploads\/2023\/08\/people-development-1536x998.jpg 1536w, https:\/\/www.stoelzle.com\/wp-content\/uploads\/2023\/08\/people-development-992x645.jpg 992w, https:\/\/www.stoelzle.com\/wp-content\/uploads\/2023\/08\/people-development-180x117.jpg 180w, https:\/\/www.stoelzle.com\/wp-content\/uploads\/2023\/08\/people-development.jpg 2000w\" sizes=\"auto, (max-width: 1024px) 100vw, 1024px\" \/><\/div>\n                    <div class=\"col-sm-6 bg-blue image-left\"><div class=\"column-content h-100 d-flex flex-column justify-content-center\"><\/p>\n<h2>Personalentwicklung &amp; Weiterbildung<\/h2>\n<p><span style=\"font-weight: 400;\">Die Mitarbeiterentwicklung hat bei Stoelzle seit jeher h\u00f6chste Priorit\u00e4t, und wir wissen, dass es wichtiger denn je ist, in die F\u00e4higkeiten unserer Mitarbeiter*innen zu investieren. Durch die fortschreitende Automatisierung und Digitalisierung steigt die Nachfrage nach hochqualifizierten Arbeitskr\u00e4ften, w\u00e4hrend der sinkende Anteil der j\u00fcngeren Generation es schwieriger macht, Nachwuchstalente zu gewinnen. Um diesen Herausforderungen entgegenzuwirken, haben wir konzernweite Ma\u00dfnahmen ergriffen.<\/span><\/p>\n<ul>\n<li style=\"font-weight: 400;\"><span style=\"font-weight: 400;\">Leadership-Programme<\/span><\/li>\n<li style=\"font-weight: 400;\"><span style=\"font-weight: 400;\">Talentmanagement und Nachwuchsf\u00f6rderung<\/span><\/li>\n<li style=\"font-weight: 400;\"><span style=\"font-weight: 400;\">Lehrlingsausbildungsprogramme<\/span><\/li>\n<li>Webinarreihe <strong><em>Green knowledge \u2013 the Future of Industry<\/em><\/strong><\/li>\n<li><span style=\"font-weight: 400;\">Interne <\/span><i><span style=\"font-weight: 400;\">Innovation Talks<\/span><\/i><\/li>\n<\/ul>\n<p><\/div><\/div>\n                <\/div>\n            <\/div>[\/vc_column][\/vc_row][vc_row full_width=&#8221;stretch_row_content_no_spaces&#8221; el_id=&#8221;empowering-woman&#8221;][vc_column]<div class=\"vc-two-columns  \">\n                <div class=\"row\">\n                    <div class=\"col-sm-6 bg-gray image-right\"><div class=\"column-content h-100 d-flex flex-column justify-content-center\"><\/p>\n<h2>F\u00f6rderung von Frauen in der Technik<\/h2>\n<p><span style=\"font-weight: 400;\">In der Glasindustrie ist der Anteil der weiblichen Besch\u00e4ftigten in der Regel gering, vor allem aufgrund der k\u00f6rperlich anstrengenden Arbeitsbedingungen wie Nachtschichten, Hitze und L\u00e4rm in der Produktion. Der Anteil der Arbeiterinnen ist bei Stoelzle mit rund 38 % relativ stabil geblieben. Um den Frauenanteil zu erh\u00f6hen, setzen wir verst\u00e4rkt auf die Gewinnung weiblicher Auszubildender in Bereichen wie Zerspanung, Maschinenbau und Mechatronik.<\/span><\/p>\n<p><a class=\"editor-button cta\" href=\"\/wp-content\/uploads\/2023\/09\/stoelzle-sustainablitityreport-2022-EN.pdf#page=61\" target=\"_blank\" rel=\"noopener\">Mehr erfahren<\/a><\/p>\n<p><\/div><\/div>\n                    <div class=\"col-sm-6 bg-gray image-right\"><img loading=\"lazy\" decoding=\"async\" width=\"1024\" height=\"666\" src=\"https:\/\/www.stoelzle.com\/wp-content\/uploads\/2023\/08\/empowering-woman-in-technology-1024x666.jpg\" class=\"w-100 h-100 cover\" alt=\"\" srcset=\"https:\/\/www.stoelzle.com\/wp-content\/uploads\/2023\/08\/empowering-woman-in-technology-1024x666.jpg 1024w, https:\/\/www.stoelzle.com\/wp-content\/uploads\/2023\/08\/empowering-woman-in-technology-480x312.jpg 480w, https:\/\/www.stoelzle.com\/wp-content\/uploads\/2023\/08\/empowering-woman-in-technology-1536x998.jpg 1536w, https:\/\/www.stoelzle.com\/wp-content\/uploads\/2023\/08\/empowering-woman-in-technology-992x645.jpg 992w, https:\/\/www.stoelzle.com\/wp-content\/uploads\/2023\/08\/empowering-woman-in-technology-180x117.jpg 180w, https:\/\/www.stoelzle.com\/wp-content\/uploads\/2023\/08\/empowering-woman-in-technology.jpg 2000w\" sizes=\"auto, (max-width: 1024px) 100vw, 1024px\" \/><\/div>\n                <\/div>\n            <\/div>[\/vc_column][\/vc_row]<\/p>\n<\/div>","protected":false},"excerpt":{"rendered":"<p>[vc_row][vc_column][\/vc_column][\/vc_row][vc_row][vc_column][vc_row_inner][vc_column_inner width=&#8221;1\/3&#8243;][vc_column_text css=&#8221;.vc_custom_1694439290111{padding-top: 16px !important;}&#8221;] Gesundheits- und Sicherheitsmanagement Wir sind davon \u00fcberzeugt, dass die F\u00f6rderung von Gesundheit und Sicherheit am Arbeitsplatz nicht nur unseren Mitarbeiter*innen zu Gute kommt, sondern auch zum Erfolg unseres Unternehmens beitr\u00e4gt. Mehr dazu [\/vc_column_text][\/vc_column_inner][vc_column_inner width=&#8221;1\/3&#8243;][vc_column_text css=&#8221;.vc_custom_1694439300574{padding-top: 16px !important;}&#8221;] Personalentwicklung &amp; Weiterbildung Die F\u00f6rderung von Fachwissen, die Gewinnung neuer Talente und die [&hellip;]<\/p>\n","protected":false},"author":1,"featured_media":0,"parent":1706,"menu_order":260,"comment_status":"closed","ping_status":"closed","template":"","meta":{"_acf_changed":false,"footnotes":""},"class_list":["post-1718","page","type-page","status-publish","hentry"],"acf":[],"yoast_head":"<!-- This site is optimized with the Yoast SEO plugin v26.6 - https:\/\/yoast.com\/wordpress\/plugins\/seo\/ -->\n<title>Glas Experten \u00bb Karriere in einem nachhaltigen Unternehmen | Stoelzle<\/title>\n<meta name=\"description\" content=\"Starten Sie Ihre Karriere als Glasexperte bei Stoelzle \u279c Gesundheits- und Sicherheitsmanagement \u2713 Personalentwicklung und Weiterbildung \u2713 Frauen in der Technik \u2713\" \/>\n<meta name=\"robots\" content=\"index, follow, max-snippet:-1, max-image-preview:large, max-video-preview:-1\" \/>\n<link rel=\"canonical\" href=\"https:\/\/www.stoelzle.com\/de\/unternehmen\/nachhaltigkeit\/mitarbeiter\/\" \/>\n<meta property=\"og:locale\" content=\"de_DE\" \/>\n<meta property=\"og:type\" content=\"article\" \/>\n<meta property=\"og:title\" content=\"Glas Experten \u00bb Karriere in einem nachhaltigen Unternehmen | Stoelzle\" \/>\n<meta property=\"og:description\" content=\"Starten Sie Ihre Karriere als Glasexperte bei Stoelzle \u279c Gesundheits- und Sicherheitsmanagement \u2713 Personalentwicklung und Weiterbildung \u2713 Frauen in der Technik \u2713\" \/>\n<meta property=\"og:url\" content=\"https:\/\/www.stoelzle.com\/de\/unternehmen\/nachhaltigkeit\/mitarbeiter\/\" \/>\n<meta property=\"og:site_name\" content=\"Stoelzle Glass Group\" \/>\n<meta property=\"article:modified_time\" content=\"2023-09-27T09:45:51+00:00\" \/>\n<meta name=\"twitter:card\" content=\"summary_large_image\" \/>\n<meta name=\"twitter:label1\" content=\"Gesch\u00e4tzte Lesezeit\" \/>\n\t<meta name=\"twitter:data1\" content=\"3 Minuten\" \/>\n<script type=\"application\/ld+json\" class=\"yoast-schema-graph\">{\"@context\":\"https:\/\/schema.org\",\"@graph\":[{\"@type\":\"WebPage\",\"@id\":\"https:\/\/www.stoelzle.com\/de\/unternehmen\/nachhaltigkeit\/mitarbeiter\/\",\"url\":\"https:\/\/www.stoelzle.com\/de\/unternehmen\/nachhaltigkeit\/mitarbeiter\/\",\"name\":\"Glas Experten \u00bb Karriere in einem nachhaltigen Unternehmen | Stoelzle\",\"isPartOf\":{\"@id\":\"https:\/\/www.stoelzle.com\/#website\"},\"datePublished\":\"2021-01-14T07:35:39+00:00\",\"dateModified\":\"2023-09-27T09:45:51+00:00\",\"description\":\"Starten Sie Ihre Karriere als Glasexperte bei Stoelzle \u279c Gesundheits- und Sicherheitsmanagement \u2713 Personalentwicklung und Weiterbildung \u2713 Frauen in der Technik \u2713\",\"breadcrumb\":{\"@id\":\"https:\/\/www.stoelzle.com\/de\/unternehmen\/nachhaltigkeit\/mitarbeiter\/#breadcrumb\"},\"inLanguage\":\"de-DE\",\"potentialAction\":[{\"@type\":\"ReadAction\",\"target\":[\"https:\/\/www.stoelzle.com\/de\/unternehmen\/nachhaltigkeit\/mitarbeiter\/\"]}]},{\"@type\":\"BreadcrumbList\",\"@id\":\"https:\/\/www.stoelzle.com\/de\/unternehmen\/nachhaltigkeit\/mitarbeiter\/#breadcrumb\",\"itemListElement\":[{\"@type\":\"ListItem\",\"position\":1,\"name\":\"Home\",\"item\":\"https:\/\/www.stoelzle.com\/de\/\"},{\"@type\":\"ListItem\",\"position\":2,\"name\":\"Unternehmen\",\"item\":\"https:\/\/www.stoelzle.com\/de\/unternehmen\/\"},{\"@type\":\"ListItem\",\"position\":3,\"name\":\"Nachhaltigkeit\",\"item\":\"https:\/\/www.stoelzle.com\/de\/unternehmen\/nachhaltigkeit\/\"},{\"@type\":\"ListItem\",\"position\":4,\"name\":\"Mitarbeiter\"}]},{\"@type\":\"WebSite\",\"@id\":\"https:\/\/www.stoelzle.com\/#website\",\"url\":\"https:\/\/www.stoelzle.com\/\",\"name\":\"Stoelzle Glass Group\",\"description\":\"\",\"publisher\":{\"@id\":\"https:\/\/www.stoelzle.com\/#organization\"},\"potentialAction\":[{\"@type\":\"SearchAction\",\"target\":{\"@type\":\"EntryPoint\",\"urlTemplate\":\"https:\/\/www.stoelzle.com\/?s={search_term_string}\"},\"query-input\":{\"@type\":\"PropertyValueSpecification\",\"valueRequired\":true,\"valueName\":\"search_term_string\"}}],\"inLanguage\":\"de-DE\"},{\"@type\":\"Organization\",\"@id\":\"https:\/\/www.stoelzle.com\/#organization\",\"name\":\"Stoelzle Glass Group\",\"url\":\"https:\/\/www.stoelzle.com\/\",\"logo\":{\"@type\":\"ImageObject\",\"inLanguage\":\"de-DE\",\"@id\":\"https:\/\/www.stoelzle.com\/#\/schema\/logo\/image\/\",\"url\":\"https:\/\/www.stoelzle.com\/wp-content\/uploads\/2020\/06\/Logo.svg\",\"contentUrl\":\"https:\/\/www.stoelzle.com\/wp-content\/uploads\/2020\/06\/Logo.svg\",\"width\":180,\"height\":40,\"caption\":\"Stoelzle Glass Group\"},\"image\":{\"@id\":\"https:\/\/www.stoelzle.com\/#\/schema\/logo\/image\/\"}}]}<\/script>\n<!-- \/ Yoast SEO plugin. -->","yoast_head_json":{"title":"Glas Experten \u00bb Karriere in einem nachhaltigen Unternehmen | Stoelzle","description":"Starten Sie Ihre Karriere als Glasexperte bei Stoelzle \u279c Gesundheits- und Sicherheitsmanagement \u2713 Personalentwicklung und Weiterbildung \u2713 Frauen in der Technik \u2713","robots":{"index":"index","follow":"follow","max-snippet":"max-snippet:-1","max-image-preview":"max-image-preview:large","max-video-preview":"max-video-preview:-1"},"canonical":"https:\/\/www.stoelzle.com\/de\/unternehmen\/nachhaltigkeit\/mitarbeiter\/","og_locale":"de_DE","og_type":"article","og_title":"Glas Experten \u00bb Karriere in einem nachhaltigen Unternehmen | Stoelzle","og_description":"Starten Sie Ihre Karriere als Glasexperte bei Stoelzle \u279c Gesundheits- und Sicherheitsmanagement \u2713 Personalentwicklung und Weiterbildung \u2713 Frauen in der Technik \u2713","og_url":"https:\/\/www.stoelzle.com\/de\/unternehmen\/nachhaltigkeit\/mitarbeiter\/","og_site_name":"Stoelzle Glass Group","article_modified_time":"2023-09-27T09:45:51+00:00","twitter_card":"summary_large_image","twitter_misc":{"Gesch\u00e4tzte Lesezeit":"3 Minuten"},"schema":{"@context":"https:\/\/schema.org","@graph":[{"@type":"WebPage","@id":"https:\/\/www.stoelzle.com\/de\/unternehmen\/nachhaltigkeit\/mitarbeiter\/","url":"https:\/\/www.stoelzle.com\/de\/unternehmen\/nachhaltigkeit\/mitarbeiter\/","name":"Glas Experten \u00bb Karriere in einem nachhaltigen Unternehmen | Stoelzle","isPartOf":{"@id":"https:\/\/www.stoelzle.com\/#website"},"datePublished":"2021-01-14T07:35:39+00:00","dateModified":"2023-09-27T09:45:51+00:00","description":"Starten Sie Ihre Karriere als Glasexperte bei Stoelzle \u279c Gesundheits- und Sicherheitsmanagement \u2713 Personalentwicklung und Weiterbildung \u2713 Frauen in der Technik \u2713","breadcrumb":{"@id":"https:\/\/www.stoelzle.com\/de\/unternehmen\/nachhaltigkeit\/mitarbeiter\/#breadcrumb"},"inLanguage":"de-DE","potentialAction":[{"@type":"ReadAction","target":["https:\/\/www.stoelzle.com\/de\/unternehmen\/nachhaltigkeit\/mitarbeiter\/"]}]},{"@type":"BreadcrumbList","@id":"https:\/\/www.stoelzle.com\/de\/unternehmen\/nachhaltigkeit\/mitarbeiter\/#breadcrumb","itemListElement":[{"@type":"ListItem","position":1,"name":"Home","item":"https:\/\/www.stoelzle.com\/de\/"},{"@type":"ListItem","position":2,"name":"Unternehmen","item":"https:\/\/www.stoelzle.com\/de\/unternehmen\/"},{"@type":"ListItem","position":3,"name":"Nachhaltigkeit","item":"https:\/\/www.stoelzle.com\/de\/unternehmen\/nachhaltigkeit\/"},{"@type":"ListItem","position":4,"name":"Mitarbeiter"}]},{"@type":"WebSite","@id":"https:\/\/www.stoelzle.com\/#website","url":"https:\/\/www.stoelzle.com\/","name":"Stoelzle Glass Group","description":"","publisher":{"@id":"https:\/\/www.stoelzle.com\/#organization"},"potentialAction":[{"@type":"SearchAction","target":{"@type":"EntryPoint","urlTemplate":"https:\/\/www.stoelzle.com\/?s={search_term_string}"},"query-input":{"@type":"PropertyValueSpecification","valueRequired":true,"valueName":"search_term_string"}}],"inLanguage":"de-DE"},{"@type":"Organization","@id":"https:\/\/www.stoelzle.com\/#organization","name":"Stoelzle Glass Group","url":"https:\/\/www.stoelzle.com\/","logo":{"@type":"ImageObject","inLanguage":"de-DE","@id":"https:\/\/www.stoelzle.com\/#\/schema\/logo\/image\/","url":"https:\/\/www.stoelzle.com\/wp-content\/uploads\/2020\/06\/Logo.svg","contentUrl":"https:\/\/www.stoelzle.com\/wp-content\/uploads\/2020\/06\/Logo.svg","width":180,"height":40,"caption":"Stoelzle Glass Group"},"image":{"@id":"https:\/\/www.stoelzle.com\/#\/schema\/logo\/image\/"}}]}},"_links":{"self":[{"href":"https:\/\/www.stoelzle.com\/de\/wp-json\/wp\/v2\/pages\/1718","targetHints":{"allow":["GET"]}}],"collection":[{"href":"https:\/\/www.stoelzle.com\/de\/wp-json\/wp\/v2\/pages"}],"about":[{"href":"https:\/\/www.stoelzle.com\/de\/wp-json\/wp\/v2\/types\/page"}],"author":[{"embeddable":true,"href":"https:\/\/www.stoelzle.com\/de\/wp-json\/wp\/v2\/users\/1"}],"replies":[{"embeddable":true,"href":"https:\/\/www.stoelzle.com\/de\/wp-json\/wp\/v2\/comments?post=1718"}],"version-history":[{"count":0,"href":"https:\/\/www.stoelzle.com\/de\/wp-json\/wp\/v2\/pages\/1718\/revisions"}],"up":[{"embeddable":true,"href":"https:\/\/www.stoelzle.com\/de\/wp-json\/wp\/v2\/pages\/1706"}],"wp:attachment":[{"href":"https:\/\/www.stoelzle.com\/de\/wp-json\/wp\/v2\/media?parent=1718"}],"curies":[{"name":"wp","href":"https:\/\/api.w.org\/{rel}","templated":true}]}}