{"id":1714,"date":"2021-01-14T07:34:31","date_gmt":"2021-01-14T07:34:31","guid":{"rendered":"http:\/\/stoelzle.com\/stoelzle-glass-group\/management\/"},"modified":"2026-03-04T07:43:17","modified_gmt":"2026-03-04T07:43:17","slug":"management","status":"publish","type":"page","link":"https:\/\/www.stoelzle.com\/de\/unternehmen\/management\/","title":{"rendered":"Management"},"content":{"rendered":"<div class=\"wpb-content-wrapper\"><p>[vc_row][vc_column]<div class=\"vc-title   text-center\">\n              <div class=\"topline\">Stoelzle Gesch\u00e4ftsf\u00fchrung<\/div>\n              <h1 class=\"title position-relative separator\">Management<\/h1>\n              <div class=\"row\"><div class=\"col-md-10 offset-md-1\"><\/p>\n<p class=\"large-text\">Stoelzle setzt auf starke F\u00fchrungspers\u00f6nlichkeiten mit einem hohen Ma\u00df an Integrit\u00e4t und Zuverl\u00e4ssigkeit.<\/p>\n<p><\/div><\/div>\n            <\/div>[\/vc_column][\/vc_row][vc_row full_width=&#8221;stretch_row&#8221;][vc_column]<div class=\"vc-two-columns  \">\n                <div class=\"row\">\n                    <div class=\"col-sm-6 bg-blue image-right\"><div class=\"column-content h-100 d-flex flex-column justify-content-center\"><\/p>\n<p class=\"quote h2\">Wir sind stolz darauf, aus dem nachhaltigen Werkstoff Glas herausragende Verpackungen zu fertigen.<\/p>\n<div class=\"topline\">\n<p class=\"sub-headline w-75\" style=\"color: #ffff\">\n<\/div>\n<p class=\"h4\" style=\"color: #ffff\">Dr. August Grupp, MBA<\/p>\n<p class=\"topline\">CEO Stoelzle Glasgruppe &amp;<br \/>\nLeiter des Gesch\u00e4ftsfeldes Spirituosen<\/div><\/div>\n                    <div class=\"col-sm-6 bg-blue image-right\"><img loading=\"lazy\" decoding=\"async\" width=\"1024\" height=\"666\" src=\"https:\/\/www.stoelzle.com\/wp-content\/uploads\/2023\/09\/ceo-dr-august-grupp-1024x666.jpg\" class=\"w-100 h-100 cover\" alt=\"\" srcset=\"https:\/\/www.stoelzle.com\/wp-content\/uploads\/2023\/09\/ceo-dr-august-grupp-1024x666.jpg 1024w, https:\/\/www.stoelzle.com\/wp-content\/uploads\/2023\/09\/ceo-dr-august-grupp-480x312.jpg 480w, https:\/\/www.stoelzle.com\/wp-content\/uploads\/2023\/09\/ceo-dr-august-grupp-1536x998.jpg 1536w, https:\/\/www.stoelzle.com\/wp-content\/uploads\/2023\/09\/ceo-dr-august-grupp-992x645.jpg 992w, https:\/\/www.stoelzle.com\/wp-content\/uploads\/2023\/09\/ceo-dr-august-grupp-180x117.jpg 180w, https:\/\/www.stoelzle.com\/wp-content\/uploads\/2023\/09\/ceo-dr-august-grupp.jpg 2000w\" sizes=\"auto, (max-width: 1024px) 100vw, 1024px\" \/><\/div>\n                <\/div>\n            <\/div><div class=\"vc-two-columns  \">\n                <div class=\"row\">\n                    <div class=\"col-sm-6 bg-white image-left\"><img loading=\"lazy\" decoding=\"async\" width=\"1024\" height=\"683\" src=\"https:\/\/www.stoelzle.com\/wp-content\/uploads\/2025\/03\/ABB4674-Bearbeitet_Pressefoto-1024x683.jpg\" class=\"w-100 h-100 cover\" alt=\"COO Guillaume Cocquempot\" srcset=\"https:\/\/www.stoelzle.com\/wp-content\/uploads\/2025\/03\/ABB4674-Bearbeitet_Pressefoto-1024x683.jpg 1024w, https:\/\/www.stoelzle.com\/wp-content\/uploads\/2025\/03\/ABB4674-Bearbeitet_Pressefoto-480x320.jpg 480w, https:\/\/www.stoelzle.com\/wp-content\/uploads\/2025\/03\/ABB4674-Bearbeitet_Pressefoto-1536x1024.jpg 1536w, https:\/\/www.stoelzle.com\/wp-content\/uploads\/2025\/03\/ABB4674-Bearbeitet_Pressefoto-2048x1365.jpg 2048w, https:\/\/www.stoelzle.com\/wp-content\/uploads\/2025\/03\/ABB4674-Bearbeitet_Pressefoto-992x661.jpg 992w, https:\/\/www.stoelzle.com\/wp-content\/uploads\/2025\/03\/ABB4674-Bearbeitet_Pressefoto-2000x1333.jpg 2000w, https:\/\/www.stoelzle.com\/wp-content\/uploads\/2025\/03\/ABB4674-Bearbeitet_Pressefoto-180x120.jpg 180w\" sizes=\"auto, (max-width: 1024px) 100vw, 1024px\" \/><\/div>\n                    <div class=\"col-sm-6 bg-white image-left\"><div class=\"column-content h-100 d-flex flex-column justify-content-center\"><\/p>\n<p class=\"quote h2\">Operative Spitzenleistungen ebnen den Weg f\u00fcr k\u00fcnftiges Wachstum und Innovation.<\/p>\n<div class=\"topline\">\n<p class=\"sub-headline w-75\">\n<\/div>\n<p class=\"h4\">Guillaume Cocquempot, MEng<\/p>\n<p class=\"topline\">COO Stoelzle Glasgruppe<\/p>\n<p><\/div><\/div>\n                <\/div>\n            <\/div><div class=\"vc-two-columns  \">\n                <div class=\"row\">\n                    <div class=\"col-sm-6 bg-gray image-right\"><div class=\"column-content h-100 d-flex flex-column justify-content-center\"><\/p>\n<p class=\"quote h2\">Investitionen in F&amp;E, moderne Technologien wie auch unsere MitarbeiterInnen sind der Schl\u00fcssel zum Erfolg.<\/p>\n<div class=\"topline\">\n<p class=\"sub-headline w-75\">\n<\/div>\n<p class=\"h4\">DI(FH) Alexander Stern<\/p>\n<p class=\"topline\">CSCO Stoelzle Glasgruppe &amp;<br \/>\nLeiter des Gesch\u00e4ftsfeldes Pharma<\/div><\/div>\n                    <div class=\"col-sm-6 bg-gray image-right\"><img loading=\"lazy\" decoding=\"async\" width=\"1024\" height=\"666\" src=\"https:\/\/www.stoelzle.com\/wp-content\/uploads\/2021\/01\/vision-values-csco-alexander-stern-1024x666.jpg\" class=\"w-100 h-100 cover\" alt=\"CSCO Alexander Stern\" srcset=\"https:\/\/www.stoelzle.com\/wp-content\/uploads\/2021\/01\/vision-values-csco-alexander-stern-1024x666.jpg 1024w, https:\/\/www.stoelzle.com\/wp-content\/uploads\/2021\/01\/vision-values-csco-alexander-stern-480x312.jpg 480w, https:\/\/www.stoelzle.com\/wp-content\/uploads\/2021\/01\/vision-values-csco-alexander-stern-1536x998.jpg 1536w, https:\/\/www.stoelzle.com\/wp-content\/uploads\/2021\/01\/vision-values-csco-alexander-stern-992x645.jpg 992w, https:\/\/www.stoelzle.com\/wp-content\/uploads\/2021\/01\/vision-values-csco-alexander-stern-600x390.jpg 600w, https:\/\/www.stoelzle.com\/wp-content\/uploads\/2021\/01\/vision-values-csco-alexander-stern.jpg 2000w\" sizes=\"auto, (max-width: 1024px) 100vw, 1024px\" \/><\/div>\n                <\/div>\n            <\/div>[\/vc_column][\/vc_row][vc_row][vc_column offset=&#8221;vc_col-lg-offset-1 vc_col-lg-10&#8243;]<div class=\"vc-title spacing-top-m  text-center\">\n              \n              <h2 class=\"title position-relative\">Kontakt<\/h2>\n              \n            <\/div><div id=\"id-management\" class=\"vc-gallery  spacing-bottom-m\"><div class=\"row vc-gallery-grid\"><div  class=\"vc-gallery-item mb-4 style-2 col-sm-6 col-md-4 col-lg-3 text-left\">\n                  <div class=\"vc-gallery-image off show-border\"><img decoding=\"async\" class=\"img-fluid\" src=\"https:\/\/www.stoelzle.com\/wp-content\/uploads\/2023\/01\/corrado-ferrozzi-800x800.jpg\" alt=\"\"><\/div>\n                  <div class=\"vc-gallery-content\"><div class=\"vc-gallery-title\">Corrado Ferrozzi<\/div><div class=\"vc-gallery-text\">Leiter des Gesch\u00e4ftsfeldes Parf\u00fcmerie & Kosmetik; Gesch\u00e4ftsf\u00fchrer Stoelzle Masni\u00e8res<\/div><\/div>\n                <\/div><div  class=\"vc-gallery-item mb-4 style-2 col-sm-6 col-md-4 col-lg-3 text-left text-left\">\n                  <div class=\"vc-gallery-image off show-border\"><img decoding=\"async\" class=\"img-fluid\" src=\"https:\/\/www.stoelzle.com\/wp-content\/uploads\/2023\/09\/ma_dagmar-therisch2023-800x800.jpg\" alt=\"\"><\/div>\n                  <div class=\"vc-gallery-content\"><div class=\"vc-gallery-title\">Mag. (FH) Dagmar Therisch<\/div><div class=\"vc-gallery-text\">Leiterin des Gesch\u00e4ftsfeldes Consumer (Lebensmittel und Getr\u00e4nke) <\/div><\/div>\n                <\/div><div  class=\"vc-gallery-item mb-4 style-2 col-sm-6 col-md-4 col-lg-3 text-left text-left text-left\">\n                  <div class=\"vc-gallery-image off show-border\"><img decoding=\"async\" class=\"img-fluid\" src=\"https:\/\/www.stoelzle.com\/wp-content\/uploads\/2021\/01\/ma_antonia-karamat-800x800.jpg\" alt=\"Head of Medical Laborglas Antonia Karamat\"><\/div>\n                  <div class=\"vc-gallery-content\"><div class=\"vc-gallery-title\">Mag. Antonia Karamat, MBA<\/div><div class=\"vc-gallery-text\">Leitung Medical & Laborglas, Stellvertretende Verkaufsleiterin Pharma<\/div><\/div>\n                <\/div><div  class=\"vc-gallery-item mb-4 style-2 col-sm-6 col-md-4 col-lg-3 text-left text-left text-left text-left\">\n                  <div class=\"vc-gallery-image off show-border\"><img decoding=\"async\" class=\"img-fluid\" src=\"https:\/\/www.stoelzle.com\/wp-content\/uploads\/2021\/01\/ma_andrea-gherzi-800x800.jpg\" alt=\"Global Sales Director Spirits Andrea Gherzi\"><\/div>\n                  <div class=\"vc-gallery-content\"><div class=\"vc-gallery-title\">Andrea Gherzi<\/div><div class=\"vc-gallery-text\">Globaler Verkaufsleiter des Gesch\u00e4ftsfeldes Spirituosen<\/div><\/div>\n                <\/div><div  class=\"vc-gallery-item mb-4 style-2 col-sm-6 col-md-4 col-lg-3 text-left text-left text-left text-left text-left\">\n                  <div class=\"vc-gallery-image off show-border\"><img decoding=\"async\" class=\"img-fluid\" src=\"https:\/\/www.stoelzle.com\/wp-content\/uploads\/2021\/01\/ma_birgit-schalk-800x800.jpg\" alt=\"CSR Manager Birgit Schalk\"><\/div>\n                  <div class=\"vc-gallery-content\"><div class=\"vc-gallery-title\">DI (FH) Birgit Schalk<\/div><div class=\"vc-gallery-text\">Sustainability & Carbon Managerin der Stoelzle Glasgruppe<\/div><\/div>\n                <\/div><div  class=\"vc-gallery-item mb-4 style-2 col-sm-6 col-md-4 col-lg-3 text-left text-left text-left text-left text-left text-left\">\n                  <div class=\"vc-gallery-image off show-border\"><img decoding=\"async\" class=\"img-fluid\" src=\"https:\/\/www.stoelzle.com\/wp-content\/uploads\/2022\/11\/tomaszewski-marcin-800x800.jpg\" alt=\"Group HSE Manager \"><\/div>\n                  <div class=\"vc-gallery-content\"><div class=\"vc-gallery-title\">Marcin Tomaszewski<\/div><div class=\"vc-gallery-text\">HSE Manager der Stoelzle Glasgruppe<\/div><\/div>\n                <\/div><div  class=\"vc-gallery-item mb-4 style-2 col-sm-6 col-md-4 col-lg-3 text-left text-left text-left text-left text-left text-left text-left\">\n                  <div class=\"vc-gallery-image off show-border\"><img decoding=\"async\" class=\"img-fluid\" src=\"https:\/\/www.stoelzle.com\/wp-content\/uploads\/2021\/01\/ma_benjamin-ilias-kloukinas-800x800.jpg\" alt=\"Head of Quality Management Benjamin Ilias Kloukinas\"><\/div>\n                  <div class=\"vc-gallery-content\"><div class=\"vc-gallery-title\">DI Benjamin Ilias Kloukinas<\/div><div class=\"vc-gallery-text\">Leitung IMS und Qualit\u00e4tsmanagements der Stoelzle Glasgruppe<\/div><\/div>\n                <\/div><div  class=\"vc-gallery-item mb-4 style-2 col-sm-6 col-md-4 col-lg-3 text-left text-left text-left text-left text-left text-left text-left text-left\">\n                  <div class=\"vc-gallery-image off show-border\"><img decoding=\"async\" class=\"img-fluid\" src=\"https:\/\/www.stoelzle.com\/wp-content\/uploads\/2026\/03\/Regis-Portrait-website-800x800-1.jpg\" alt=\"\"><\/div>\n                  <div class=\"vc-gallery-content\"><div class=\"vc-gallery-title\">R\u00e9gis Maillet<\/div><div class=\"vc-gallery-text\">Leiter Marketing der Stoelzle Glasgruppe<\/div><\/div>\n                <\/div><div  class=\"vc-gallery-item mb-4 style-2 col-sm-6 col-md-4 col-lg-3 text-left text-left text-left text-left text-left text-left text-left text-left text-left\">\n                  <div class=\"vc-gallery-image off show-border\"><img decoding=\"async\" class=\"img-fluid\" src=\"https:\/\/www.stoelzle.com\/wp-content\/uploads\/2021\/01\/ma_doris-marka-800x800.jpg\" alt=\"PR Manager Doris Marka\"><\/div>\n                  <div class=\"vc-gallery-content\"><div class=\"vc-gallery-title\">Mag. Doris Marka<\/div><div class=\"vc-gallery-text\">Manager f\u00fcr \u00d6ffentlichkeitsarbeit der Stoelzle Glasgruppe<\/div><\/div>\n                <\/div><div  class=\"vc-gallery-item mb-4 style-2 col-sm-6 col-md-4 col-lg-3 text-left text-left text-left text-left text-left text-left text-left text-left text-left text-left\">\n                  <div class=\"vc-gallery-image off show-border\"><img decoding=\"async\" class=\"img-fluid\" src=\"https:\/\/www.stoelzle.com\/wp-content\/uploads\/2021\/01\/ma_piotr-jablonski-800x800.jpg\" alt=\" Head of Logistics Piotr Jablonski\"><\/div>\n                  <div class=\"vc-gallery-content\"><div class=\"vc-gallery-title\">Piotr Jablonski<\/div><div class=\"vc-gallery-text\">Logistikleiter der Stoelzle Glasgruppe<\/div><\/div>\n                <\/div><div  class=\"vc-gallery-item mb-4 style-2 col-sm-6 col-md-4 col-lg-3 text-left text-left text-left text-left text-left text-left text-left text-left text-left text-left text-left\">\n                  <div class=\"vc-gallery-image off show-border\"><img decoding=\"async\" class=\"img-fluid\" src=\"https:\/\/www.stoelzle.com\/wp-content\/uploads\/2021\/01\/ma_wilfried-lenk.jpg\" alt=\"Wilfried Lenk Leiter der Technical Engineering Group\"><\/div>\n                  <div class=\"vc-gallery-content\"><div class=\"vc-gallery-title\">Wilfried Lenk, MSc<\/div><div class=\"vc-gallery-text\">Leiter der technischen Expertengruppe der Stoelzle Glasgruppe<\/div><\/div>\n                <\/div><div  class=\"vc-gallery-item mb-4 style-2 col-sm-6 col-md-4 col-lg-3 text-left text-left text-left text-left text-left text-left text-left text-left text-left text-left text-left text-left\">\n                  <div class=\"vc-gallery-image off show-border\"><img decoding=\"async\" class=\"img-fluid\" src=\"https:\/\/www.stoelzle.com\/wp-content\/uploads\/2025\/03\/ABB4737-Bearbeitet-800x800.jpg\" alt=\"Picture of Head of Decoration Andreas Herzog\"><\/div>\n                  <div class=\"vc-gallery-content\"><div class=\"vc-gallery-title\">Andreas Herzog<\/div><div class=\"vc-gallery-text\">Dekorations-Manager der Stoelzle Glasgruppe<\/div><\/div>\n                <\/div><\/div><\/div>[\/vc_column][\/vc_row][vc_row full_width=&#8221;stretch_row&#8221; el_class=&#8221;light-gray&#8221;][vc_column width=&#8221;1\/6&#8243;][\/vc_column][vc_column width=&#8221;2\/3&#8243;]<div class=\"vc-title spacing-top-s spacing-bottom-m text-center\">\n              <div class=\"topline\">Kontaktieren Sie uns<\/div>\n              <h2 class=\"title position-relative\">Senden Sie uns Ihre Anfrage<\/h2>\n              <div class=\"row\"><div class=\"col-md-10 offset-md-1\">Anfragen aller Art k\u00f6nnen Sie uns gerne mittels des Stoelzle Kontaktformulars senden. Der (die) zust\u00e4ndige Stoelzle Mitarbeiter(in) wird sich verl\u00e4sslich bei Ihnen melden.<\/p>\n<p>&nbsp;<\/p>\n<p><a class=\"editor-button cta\" href=\"https:\/\/www.stoelzle.com\/de\/kontakt\/\">Schreiben Sie uns<\/a><\/div><\/div>\n            <\/div>[\/vc_column][vc_column width=&#8221;1\/6&#8243;][\/vc_column][\/vc_row]<\/p>\n<\/div>","protected":false},"excerpt":{"rendered":"<p>[vc_row][vc_column][\/vc_column][\/vc_row][vc_row full_width=&#8221;stretch_row&#8221;][vc_column][\/vc_column][\/vc_row][vc_row][vc_column offset=&#8221;vc_col-lg-offset-1 vc_col-lg-10&#8243;][\/vc_column][\/vc_row][vc_row full_width=&#8221;stretch_row&#8221; el_class=&#8221;light-gray&#8221;][vc_column width=&#8221;1\/6&#8243;][\/vc_column][vc_column width=&#8221;2\/3&#8243;][\/vc_column][vc_column width=&#8221;1\/6&#8243;][\/vc_column][\/vc_row]<\/p>\n","protected":false},"author":1,"featured_media":0,"parent":1698,"menu_order":220,"comment_status":"closed","ping_status":"closed","template":"","meta":{"_acf_changed":false,"footnotes":""},"class_list":["post-1714","page","type-page","status-publish","hentry"],"acf":[],"yoast_head":"<!-- This site is optimized with the Yoast SEO plugin v26.6 - https:\/\/yoast.com\/wordpress\/plugins\/seo\/ -->\n<title>Management \u00bb integer \u00bb zukunftsorientiert | Stoelzle<\/title>\n<meta name=\"description\" content=\"Das Stoelzle Management setzt auf \u279c zukunftsweisende Technologien \u2713 Nachhaltigkeit \u2713 Qualit\u00e4t \u2713 Flexibilit\u00e4t \u2713 Design \u2713 langfristige Gesch\u00e4ftsbeziehungen\" \/>\n<meta name=\"robots\" content=\"index, follow, max-snippet:-1, max-image-preview:large, max-video-preview:-1\" \/>\n<link rel=\"canonical\" href=\"https:\/\/www.stoelzle.com\/corporation\/management\/\" \/>\n<meta property=\"og:locale\" content=\"de_DE\" \/>\n<meta property=\"og:type\" content=\"article\" \/>\n<meta property=\"og:title\" content=\"Management \u00bb integer \u00bb zukunftsorientiert | Stoelzle\" \/>\n<meta property=\"og:description\" content=\"Das Stoelzle Management setzt auf \u279c zukunftsweisende Technologien \u2713 Nachhaltigkeit \u2713 Qualit\u00e4t \u2713 Flexibilit\u00e4t \u2713 Design \u2713 langfristige Gesch\u00e4ftsbeziehungen\" \/>\n<meta property=\"og:url\" content=\"https:\/\/www.stoelzle.com\/corporation\/management\/\" \/>\n<meta property=\"og:site_name\" content=\"Stoelzle Glass Group\" \/>\n<meta property=\"article:modified_time\" content=\"2026-03-04T07:43:17+00:00\" \/>\n<meta name=\"twitter:card\" content=\"summary_large_image\" \/>\n<meta name=\"twitter:label1\" content=\"Gesch\u00e4tzte Lesezeit\" \/>\n\t<meta name=\"twitter:data1\" content=\"2 Minuten\" \/>\n<script type=\"application\/ld+json\" class=\"yoast-schema-graph\">{\"@context\":\"https:\/\/schema.org\",\"@graph\":[{\"@type\":\"WebPage\",\"@id\":\"https:\/\/www.stoelzle.com\/corporation\/management\/\",\"url\":\"https:\/\/www.stoelzle.com\/corporation\/management\/\",\"name\":\"Management \u00bb integer \u00bb zukunftsorientiert | Stoelzle\",\"isPartOf\":{\"@id\":\"https:\/\/www.stoelzle.com\/#website\"},\"datePublished\":\"2021-01-14T07:34:31+00:00\",\"dateModified\":\"2026-03-04T07:43:17+00:00\",\"description\":\"Das Stoelzle Management setzt auf \u279c zukunftsweisende Technologien \u2713 Nachhaltigkeit \u2713 Qualit\u00e4t \u2713 Flexibilit\u00e4t \u2713 Design \u2713 langfristige Gesch\u00e4ftsbeziehungen\",\"breadcrumb\":{\"@id\":\"https:\/\/www.stoelzle.com\/corporation\/management\/#breadcrumb\"},\"inLanguage\":\"de-DE\",\"potentialAction\":[{\"@type\":\"ReadAction\",\"target\":[\"https:\/\/www.stoelzle.com\/corporation\/management\/\"]}]},{\"@type\":\"BreadcrumbList\",\"@id\":\"https:\/\/www.stoelzle.com\/corporation\/management\/#breadcrumb\",\"itemListElement\":[{\"@type\":\"ListItem\",\"position\":1,\"name\":\"Home\",\"item\":\"https:\/\/www.stoelzle.com\/de\/\"},{\"@type\":\"ListItem\",\"position\":2,\"name\":\"Unternehmen\",\"item\":\"https:\/\/www.stoelzle.com\/de\/unternehmen\/\"},{\"@type\":\"ListItem\",\"position\":3,\"name\":\"Management\"}]},{\"@type\":\"WebSite\",\"@id\":\"https:\/\/www.stoelzle.com\/#website\",\"url\":\"https:\/\/www.stoelzle.com\/\",\"name\":\"Stoelzle Glass Group\",\"description\":\"\",\"publisher\":{\"@id\":\"https:\/\/www.stoelzle.com\/#organization\"},\"potentialAction\":[{\"@type\":\"SearchAction\",\"target\":{\"@type\":\"EntryPoint\",\"urlTemplate\":\"https:\/\/www.stoelzle.com\/?s={search_term_string}\"},\"query-input\":{\"@type\":\"PropertyValueSpecification\",\"valueRequired\":true,\"valueName\":\"search_term_string\"}}],\"inLanguage\":\"de-DE\"},{\"@type\":\"Organization\",\"@id\":\"https:\/\/www.stoelzle.com\/#organization\",\"name\":\"Stoelzle Glass Group\",\"url\":\"https:\/\/www.stoelzle.com\/\",\"logo\":{\"@type\":\"ImageObject\",\"inLanguage\":\"de-DE\",\"@id\":\"https:\/\/www.stoelzle.com\/#\/schema\/logo\/image\/\",\"url\":\"https:\/\/www.stoelzle.com\/wp-content\/uploads\/2020\/06\/Logo.svg\",\"contentUrl\":\"https:\/\/www.stoelzle.com\/wp-content\/uploads\/2020\/06\/Logo.svg\",\"width\":180,\"height\":40,\"caption\":\"Stoelzle Glass Group\"},\"image\":{\"@id\":\"https:\/\/www.stoelzle.com\/#\/schema\/logo\/image\/\"}}]}<\/script>\n<!-- \/ Yoast SEO plugin. -->","yoast_head_json":{"title":"Management \u00bb integer \u00bb zukunftsorientiert | Stoelzle","description":"Das Stoelzle Management setzt auf \u279c zukunftsweisende Technologien \u2713 Nachhaltigkeit \u2713 Qualit\u00e4t \u2713 Flexibilit\u00e4t \u2713 Design \u2713 langfristige Gesch\u00e4ftsbeziehungen","robots":{"index":"index","follow":"follow","max-snippet":"max-snippet:-1","max-image-preview":"max-image-preview:large","max-video-preview":"max-video-preview:-1"},"canonical":"https:\/\/www.stoelzle.com\/corporation\/management\/","og_locale":"de_DE","og_type":"article","og_title":"Management \u00bb integer \u00bb zukunftsorientiert | Stoelzle","og_description":"Das Stoelzle Management setzt auf \u279c zukunftsweisende Technologien \u2713 Nachhaltigkeit \u2713 Qualit\u00e4t \u2713 Flexibilit\u00e4t \u2713 Design \u2713 langfristige Gesch\u00e4ftsbeziehungen","og_url":"https:\/\/www.stoelzle.com\/corporation\/management\/","og_site_name":"Stoelzle Glass Group","article_modified_time":"2026-03-04T07:43:17+00:00","twitter_card":"summary_large_image","twitter_misc":{"Gesch\u00e4tzte Lesezeit":"2 Minuten"},"schema":{"@context":"https:\/\/schema.org","@graph":[{"@type":"WebPage","@id":"https:\/\/www.stoelzle.com\/corporation\/management\/","url":"https:\/\/www.stoelzle.com\/corporation\/management\/","name":"Management \u00bb integer \u00bb zukunftsorientiert | Stoelzle","isPartOf":{"@id":"https:\/\/www.stoelzle.com\/#website"},"datePublished":"2021-01-14T07:34:31+00:00","dateModified":"2026-03-04T07:43:17+00:00","description":"Das Stoelzle Management setzt auf \u279c zukunftsweisende Technologien \u2713 Nachhaltigkeit \u2713 Qualit\u00e4t \u2713 Flexibilit\u00e4t \u2713 Design \u2713 langfristige Gesch\u00e4ftsbeziehungen","breadcrumb":{"@id":"https:\/\/www.stoelzle.com\/corporation\/management\/#breadcrumb"},"inLanguage":"de-DE","potentialAction":[{"@type":"ReadAction","target":["https:\/\/www.stoelzle.com\/corporation\/management\/"]}]},{"@type":"BreadcrumbList","@id":"https:\/\/www.stoelzle.com\/corporation\/management\/#breadcrumb","itemListElement":[{"@type":"ListItem","position":1,"name":"Home","item":"https:\/\/www.stoelzle.com\/de\/"},{"@type":"ListItem","position":2,"name":"Unternehmen","item":"https:\/\/www.stoelzle.com\/de\/unternehmen\/"},{"@type":"ListItem","position":3,"name":"Management"}]},{"@type":"WebSite","@id":"https:\/\/www.stoelzle.com\/#website","url":"https:\/\/www.stoelzle.com\/","name":"Stoelzle Glass Group","description":"","publisher":{"@id":"https:\/\/www.stoelzle.com\/#organization"},"potentialAction":[{"@type":"SearchAction","target":{"@type":"EntryPoint","urlTemplate":"https:\/\/www.stoelzle.com\/?s={search_term_string}"},"query-input":{"@type":"PropertyValueSpecification","valueRequired":true,"valueName":"search_term_string"}}],"inLanguage":"de-DE"},{"@type":"Organization","@id":"https:\/\/www.stoelzle.com\/#organization","name":"Stoelzle Glass Group","url":"https:\/\/www.stoelzle.com\/","logo":{"@type":"ImageObject","inLanguage":"de-DE","@id":"https:\/\/www.stoelzle.com\/#\/schema\/logo\/image\/","url":"https:\/\/www.stoelzle.com\/wp-content\/uploads\/2020\/06\/Logo.svg","contentUrl":"https:\/\/www.stoelzle.com\/wp-content\/uploads\/2020\/06\/Logo.svg","width":180,"height":40,"caption":"Stoelzle Glass Group"},"image":{"@id":"https:\/\/www.stoelzle.com\/#\/schema\/logo\/image\/"}}]}},"_links":{"self":[{"href":"https:\/\/www.stoelzle.com\/de\/wp-json\/wp\/v2\/pages\/1714","targetHints":{"allow":["GET"]}}],"collection":[{"href":"https:\/\/www.stoelzle.com\/de\/wp-json\/wp\/v2\/pages"}],"about":[{"href":"https:\/\/www.stoelzle.com\/de\/wp-json\/wp\/v2\/types\/page"}],"author":[{"embeddable":true,"href":"https:\/\/www.stoelzle.com\/de\/wp-json\/wp\/v2\/users\/1"}],"replies":[{"embeddable":true,"href":"https:\/\/www.stoelzle.com\/de\/wp-json\/wp\/v2\/comments?post=1714"}],"version-history":[{"count":0,"href":"https:\/\/www.stoelzle.com\/de\/wp-json\/wp\/v2\/pages\/1714\/revisions"}],"up":[{"embeddable":true,"href":"https:\/\/www.stoelzle.com\/de\/wp-json\/wp\/v2\/pages\/1698"}],"wp:attachment":[{"href":"https:\/\/www.stoelzle.com\/de\/wp-json\/wp\/v2\/media?parent=1714"}],"curies":[{"name":"wp","href":"https:\/\/api.w.org\/{rel}","templated":true}]}}