{"id":1712,"date":"2021-01-14T07:34:09","date_gmt":"2021-01-14T07:34:09","guid":{"rendered":"http:\/\/stoelzle.com\/stoelzle-glass-group\/vision-values\/"},"modified":"2025-05-13T06:37:25","modified_gmt":"2025-05-13T06:37:25","slug":"vision-werte","status":"publish","type":"page","link":"https:\/\/www.stoelzle.com\/de\/unternehmen\/vision-werte\/","title":{"rendered":"Vision &amp; Werte"},"content":{"rendered":"<div class=\"wpb-content-wrapper\"><p>[vc_row css=&#8221;.vc_custom_1610727327448{background-position: center !important;background-repeat: no-repeat !important;background-size: cover !important;}&#8221;][vc_column]<div class=\"vc-title   text-center\">\n              <div class=\"topline\">Wof\u00fcr Stoelzle steht<\/div>\n              <h1 class=\"title position-relative separator\">Vision &amp; Werte<\/h1>\n              <div class=\"row\"><div class=\"col-md-10 offset-md-1\"><\/p>\n<p class=\"large-text\">Wir machen leidenschaftlich gerne Glas und sind fasziniert von diesem Werkstoff, der zu 100% aus nat\u00fcrlichen Rohstoffen besteht, inert ist und ohne Qualit\u00e4tsverlust unendlich oft <a href=\"https:\/\/www.stoelzle.com\/de\/unternehmen\/nachhaltigkeit\/umwelt\/\">recycelt<\/a> werden kann. Man kann aus Glas beeindruckende Flaschen formen, die jeder Designvorgabe gerecht werden und perfekt die Emotion und das Image jedes Produkts widerspiegeln.<\/p>\n<p><\/div><\/div>\n            <\/div>[\/vc_column][\/vc_row][vc_row full_width=&#8221;stretch_row_content_no_spaces&#8221;][vc_column]<div id=\"id-content-cards\" class=\"row no-gutters  \">\n        <div class=\"col-sm-6 col-md-4 col-lg-3 \">\n          <div class=\"card no-zoom theme-dark\">\n            \n          <div class=\"card-image position-absolute w-100 h-100\">\n            <img decoding=\"async\" class=\"w-100 h-100\"  src=\"https:\/\/www.stoelzle.com\/wp-content\/uploads\/2021\/01\/AugeBlau_VisionValues-800x800.jpg\" alt=\"Eye with blue iris\" \/>\n          <\/div>\n            <div class=\"card-overlay d-flex flex-column\">\n            \n            \n            \n            \n              <div class=\"mt-auto\">\n                \n              <\/div>\n            <\/div>\n          <\/div>\n        <\/div>\n        <div class=\"col-sm-6 col-md-4 col-lg-3 \">\n          <div class=\"card card-text theme-light-gray\">\n            \n            <div class=\"card-overlay d-flex flex-column\">\n            \n            <div class=\"headline h3 w-100\">Unsere Vision<\/div>\n            <div class=\"desc w-100\"><p>Wir m\u00f6chten f\u00fcr unsere Kunden und unsere Mitarbeiter dauerhaft ein bevorzugter Partner sein, getragen von einer Unternehmenskultur von gegenseitigem Vertrauen und dem Anspruch hoher Leistungsbereitschaft, Flexibilit\u00e4t und Verl\u00e4sslichkeit.<\/p><\/div>\n            \n              <div class=\"mt-auto\">\n                \n              <\/div>\n            <\/div>\n          <\/div>\n        <\/div>\n        <div class=\"col-sm-6 col-md-4 col-lg-3 d-block d-md-none d-lg-block\">\n          <div class=\"card no-zoom theme-dark\">\n            \n          <div class=\"card-image position-absolute w-100 h-100\">\n            <img decoding=\"async\" class=\"w-100 h-100\"  src=\"https:\/\/www.stoelzle.com\/wp-content\/uploads\/2021\/01\/vision-values-compass-800x800.jpg\" alt=\"Hand holding compass\" \/>\n          <\/div>\n            <div class=\"card-overlay d-flex flex-column\">\n            \n            \n            \n            \n              <div class=\"mt-auto\">\n                \n              <\/div>\n            <\/div>\n          <\/div>\n        <\/div>\n        <div class=\"col-sm-6 col-md-4 col-lg-3 \">\n          <div class=\"card card-text theme-blue\">\n            \n            <div class=\"card-overlay d-flex flex-column\">\n            \n            <div class=\"headline h3 w-100\">Unsere Werte<\/div>\n            <div class=\"desc w-100\"><p>Bei unseren Produkten stehen Qualit\u00e4t, Design und eine hohe Funktionalit\u00e4t im Vordergrund. Wir arbeiten dabei sehr eng mit unseren Kunden, Lieferanten und Gesch\u00e4ftspartnern zusammen. Transparenz, Respekt, Aufgeschlossenheit und Flexibilit\u00e4t sind unsere Grundwerte.<\/p><\/div>\n            \n              <div class=\"mt-auto\">\n                \n              <\/div>\n            <\/div>\n          <\/div>\n        <\/div><\/div>[\/vc_column][\/vc_row][vc_row][vc_column]<div class=\"vc-two-columns  \">\n                <div class=\"row\">\n                    <div class=\"col-sm-6 bg-white image-left\"><img loading=\"lazy\" decoding=\"async\" width=\"1024\" height=\"666\" src=\"https:\/\/www.stoelzle.com\/wp-content\/uploads\/2021\/01\/vision-values-production-1024x666.jpg\" class=\"w-100 h-100 cover\" alt=\"Bottle turner machine at the cold end section of Stoelzle Oberglas\" srcset=\"https:\/\/www.stoelzle.com\/wp-content\/uploads\/2021\/01\/vision-values-production-1024x666.jpg 1024w, https:\/\/www.stoelzle.com\/wp-content\/uploads\/2021\/01\/vision-values-production-480x312.jpg 480w, https:\/\/www.stoelzle.com\/wp-content\/uploads\/2021\/01\/vision-values-production-1536x998.jpg 1536w, https:\/\/www.stoelzle.com\/wp-content\/uploads\/2021\/01\/vision-values-production-992x645.jpg 992w, https:\/\/www.stoelzle.com\/wp-content\/uploads\/2021\/01\/vision-values-production-600x390.jpg 600w, https:\/\/www.stoelzle.com\/wp-content\/uploads\/2021\/01\/vision-values-production.jpg 2000w\" sizes=\"auto, (max-width: 1024px) 100vw, 1024px\" \/><\/div>\n                    <div class=\"col-sm-6 bg-white image-left\"><div class=\"column-content h-100 d-flex flex-column justify-content-center\"><\/p>\n<p class=\"h2\">Ihr Experte f\u00fcr Verpackungsglas<\/p>\n<ul>\n<li>\u00dcber 200 Jahre an Erfahrung in der Herstellung von Glas<\/li>\n<li>6 Produktionsst\u00e4tten in \u00d6sterreich, England, Frankreich, Tschechien, Polen und USA<\/li>\n<li>4 Dekorationsst\u00e4tten in England, Frankreich, Polen und USA<\/li>\n<li>3.000 Besch\u00e4ftigte weltweit<\/li>\n<li>3,2 Milliarden Gl\u00e4ser Output pro Jahr<\/li>\n<li>One-Stop-Shop f\u00fcr Entwicklung, Produktion, Dekoration und Verschl\u00fcsse<\/li>\n<li>Der einzige europ\u00e4ische Glas-Gesamtanbieter f\u00fcr <a href=\"https:\/\/www.stoelzle.com\/pharma\/de\/\">Pharma<\/a>, <a href=\"https:\/\/www.stoelzle.com\/beauty\/de\/\">Perfumery &amp; Cosmetics<\/a>, <a href=\"https:\/\/www.stoelzle.com\/consumer\/de\/\">Lebensmittel und Getr\u00e4nke<\/a>, <a href=\"https:\/\/www.stoelzle.com\/de\/geschaeftsfelder\/prestige-spirits\/\">Spirits<\/a> und <a href=\"https:\/\/www.stoelzle.com\/de\/geschaeftsfelder\/tableware\/\">Tableware<\/a><\/li>\n<\/ul>\n<p><\/div><\/div>\n                <\/div>\n            <\/div>[\/vc_column][\/vc_row][vc_row full_width=&#8221;stretch_row_content_no_spaces&#8221;][vc_column]<div class=\"vc-two-columns  \">\n                <div class=\"row\">\n                    <div class=\"col-sm-6 bg-gray image-right\"><div class=\"column-content h-100 d-flex flex-column justify-content-center\"><\/p>\n<h2 class=\"h2\">Verankert im Firmenverbund der CAG-Holding<\/h2>\n<p>Stoelzle ist bestens ger\u00fcstet f\u00fcr Gegenwart wie auch Zukunft. Wir genie\u00dfen einen starken R\u00fcckhalt im Firmenverbund der in Nieder\u00f6sterreich angesiedelten CAG-Holding und erlangen durch Synergien mit zahlreichen Schwesterfirmen einen unsch\u00e4tzbaren Vorteil gegen\u00fcber den Mitbewerbern. 100% aller Stoelzle-Anteile werden seit Ende der Achtziger Jahre des 20. Jahrhunderts von der CAG gehalten, die zur G\u00e4nze im Eigentum des Industriellen Dr. Cornelius Alexander Grupp steht. Die Schwesterfirmen sind auf die Produktion und Weiterverarbeitung zahlreicher moderner Materialien spezialisiert.<\/p>\n<ul>\n<li>CAG-Holding GmbH<\/li>\n<li><a href=\"https:\/\/www.neuman.at\/\" target=\"_blank\" rel=\"noopener\">Neuman Aluminium<\/a><\/li>\n<li><a href=\"https:\/\/www.prefa.at\/\" target=\"_blank\" rel=\"noopener\">PREFA Group<\/a><\/li>\n<li><a href=\"https:\/\/www.tubex-tube.com\/de\/\" target=\"_blank\" rel=\"noopener\">TUBEX Group<\/a><\/li>\n<li><a href=\"https:\/\/www.stoelzle-lausitz.com\/de\" target=\"_blank\" rel=\"noopener\">St\u00f6lzle Lausitz<\/a><\/li>\n<li><a href=\"https:\/\/www.bioenergie-kaernten.at\/\" target=\"_blank\" rel=\"noopener\">Bio Energie K\u00e4rnten<\/a><\/li>\n<li><a href=\"https:\/\/www.indat.at\/\" target=\"_blank\" rel=\"noopener\">Indat Innovations<\/a><\/li>\n<li><a href=\"https:\/\/www.raufosstechnology.com\/\" target=\"_blank\" rel=\"noopener\">Raufoss Technology<\/a><\/li>\n<\/ul>\n<p><\/div><\/div>\n                    <div class=\"col-sm-6 bg-gray image-right\"><img loading=\"lazy\" decoding=\"async\" width=\"1024\" height=\"666\" src=\"https:\/\/www.stoelzle.com\/wp-content\/uploads\/2021\/01\/vision-values-stoelzle-reception-1024x666.jpg\" class=\"w-100 h-100 cover\" alt=\"Two women at the reception\" srcset=\"https:\/\/www.stoelzle.com\/wp-content\/uploads\/2021\/01\/vision-values-stoelzle-reception-1024x666.jpg 1024w, https:\/\/www.stoelzle.com\/wp-content\/uploads\/2021\/01\/vision-values-stoelzle-reception-480x312.jpg 480w, https:\/\/www.stoelzle.com\/wp-content\/uploads\/2021\/01\/vision-values-stoelzle-reception-1536x998.jpg 1536w, https:\/\/www.stoelzle.com\/wp-content\/uploads\/2021\/01\/vision-values-stoelzle-reception-992x645.jpg 992w, https:\/\/www.stoelzle.com\/wp-content\/uploads\/2021\/01\/vision-values-stoelzle-reception-600x390.jpg 600w, https:\/\/www.stoelzle.com\/wp-content\/uploads\/2021\/01\/vision-values-stoelzle-reception.jpg 2000w\" sizes=\"auto, (max-width: 1024px) 100vw, 1024px\" \/><\/div>\n                <\/div>\n            <\/div>[\/vc_column][\/vc_row]<\/p>\n<\/div>","protected":false},"excerpt":{"rendered":"<p>[vc_row css=&#8221;.vc_custom_1610727327448{background-position: center !important;background-repeat: no-repeat !important;background-size: cover !important;}&#8221;][vc_column][\/vc_column][\/vc_row][vc_row full_width=&#8221;stretch_row_content_no_spaces&#8221;][vc_column][\/vc_column][\/vc_row][vc_row][vc_column][\/vc_column][\/vc_row][vc_row full_width=&#8221;stretch_row_content_no_spaces&#8221;][vc_column][\/vc_column][\/vc_row]<\/p>\n","protected":false},"author":1,"featured_media":0,"parent":1698,"menu_order":210,"comment_status":"closed","ping_status":"closed","template":"","meta":{"_acf_changed":false,"footnotes":""},"class_list":["post-1712","page","type-page","status-publish","hentry"],"acf":[],"yoast_head":"<!-- This site is optimized with the Yoast SEO plugin v26.6 - https:\/\/yoast.com\/wordpress\/plugins\/seo\/ -->\n<title>Werte \u00bb Vertrauen \u00bb Flexibilit\u00e4t \u00bb Zuverl\u00e4ssigkeit | Stoelzle<\/title>\n<meta name=\"description\" content=\"Unsere Unternehmensvision basiert auf \u279c Vertrauen \u2713 Respekt \u2713 Zuverl\u00e4ssigkeit \u2713 Flexibilit\u00e4t \u279c Stoelzle ist Ihr Partner erster Wahl\" \/>\n<meta name=\"robots\" content=\"index, follow, max-snippet:-1, max-image-preview:large, max-video-preview:-1\" \/>\n<link rel=\"canonical\" href=\"https:\/\/www.stoelzle.com\/de\/unternehmen\/vision-werte\/\" \/>\n<meta property=\"og:locale\" content=\"de_DE\" \/>\n<meta property=\"og:type\" content=\"article\" \/>\n<meta property=\"og:title\" content=\"Werte \u00bb Vertrauen \u00bb Flexibilit\u00e4t \u00bb Zuverl\u00e4ssigkeit | Stoelzle\" \/>\n<meta property=\"og:description\" content=\"Unsere Unternehmensvision basiert auf \u279c Vertrauen \u2713 Respekt \u2713 Zuverl\u00e4ssigkeit \u2713 Flexibilit\u00e4t \u279c Stoelzle ist Ihr Partner erster Wahl\" \/>\n<meta property=\"og:url\" content=\"https:\/\/www.stoelzle.com\/de\/unternehmen\/vision-werte\/\" \/>\n<meta property=\"og:site_name\" content=\"Stoelzle Glass Group\" \/>\n<meta property=\"article:modified_time\" content=\"2025-05-13T06:37:25+00:00\" \/>\n<meta name=\"twitter:card\" content=\"summary_large_image\" \/>\n<meta name=\"twitter:label1\" content=\"Gesch\u00e4tzte Lesezeit\" \/>\n\t<meta name=\"twitter:data1\" content=\"2 Minuten\" \/>\n<script type=\"application\/ld+json\" class=\"yoast-schema-graph\">{\"@context\":\"https:\/\/schema.org\",\"@graph\":[{\"@type\":\"WebPage\",\"@id\":\"https:\/\/www.stoelzle.com\/de\/unternehmen\/vision-werte\/\",\"url\":\"https:\/\/www.stoelzle.com\/de\/unternehmen\/vision-werte\/\",\"name\":\"Werte \u00bb Vertrauen \u00bb Flexibilit\u00e4t \u00bb Zuverl\u00e4ssigkeit | Stoelzle\",\"isPartOf\":{\"@id\":\"https:\/\/www.stoelzle.com\/#website\"},\"datePublished\":\"2021-01-14T07:34:09+00:00\",\"dateModified\":\"2025-05-13T06:37:25+00:00\",\"description\":\"Unsere Unternehmensvision basiert auf \u279c Vertrauen \u2713 Respekt \u2713 Zuverl\u00e4ssigkeit \u2713 Flexibilit\u00e4t \u279c Stoelzle ist Ihr Partner erster Wahl\",\"breadcrumb\":{\"@id\":\"https:\/\/www.stoelzle.com\/de\/unternehmen\/vision-werte\/#breadcrumb\"},\"inLanguage\":\"de-DE\",\"potentialAction\":[{\"@type\":\"ReadAction\",\"target\":[\"https:\/\/www.stoelzle.com\/de\/unternehmen\/vision-werte\/\"]}]},{\"@type\":\"BreadcrumbList\",\"@id\":\"https:\/\/www.stoelzle.com\/de\/unternehmen\/vision-werte\/#breadcrumb\",\"itemListElement\":[{\"@type\":\"ListItem\",\"position\":1,\"name\":\"Home\",\"item\":\"https:\/\/www.stoelzle.com\/de\/\"},{\"@type\":\"ListItem\",\"position\":2,\"name\":\"Unternehmen\",\"item\":\"https:\/\/www.stoelzle.com\/de\/unternehmen\/\"},{\"@type\":\"ListItem\",\"position\":3,\"name\":\"Vision &amp; Werte\"}]},{\"@type\":\"WebSite\",\"@id\":\"https:\/\/www.stoelzle.com\/#website\",\"url\":\"https:\/\/www.stoelzle.com\/\",\"name\":\"Stoelzle Glass Group\",\"description\":\"\",\"publisher\":{\"@id\":\"https:\/\/www.stoelzle.com\/#organization\"},\"potentialAction\":[{\"@type\":\"SearchAction\",\"target\":{\"@type\":\"EntryPoint\",\"urlTemplate\":\"https:\/\/www.stoelzle.com\/?s={search_term_string}\"},\"query-input\":{\"@type\":\"PropertyValueSpecification\",\"valueRequired\":true,\"valueName\":\"search_term_string\"}}],\"inLanguage\":\"de-DE\"},{\"@type\":\"Organization\",\"@id\":\"https:\/\/www.stoelzle.com\/#organization\",\"name\":\"Stoelzle Glass Group\",\"url\":\"https:\/\/www.stoelzle.com\/\",\"logo\":{\"@type\":\"ImageObject\",\"inLanguage\":\"de-DE\",\"@id\":\"https:\/\/www.stoelzle.com\/#\/schema\/logo\/image\/\",\"url\":\"https:\/\/www.stoelzle.com\/wp-content\/uploads\/2020\/06\/Logo.svg\",\"contentUrl\":\"https:\/\/www.stoelzle.com\/wp-content\/uploads\/2020\/06\/Logo.svg\",\"width\":180,\"height\":40,\"caption\":\"Stoelzle Glass Group\"},\"image\":{\"@id\":\"https:\/\/www.stoelzle.com\/#\/schema\/logo\/image\/\"}}]}<\/script>\n<!-- \/ Yoast SEO plugin. -->","yoast_head_json":{"title":"Werte \u00bb Vertrauen \u00bb Flexibilit\u00e4t \u00bb Zuverl\u00e4ssigkeit | Stoelzle","description":"Unsere Unternehmensvision basiert auf \u279c Vertrauen \u2713 Respekt \u2713 Zuverl\u00e4ssigkeit \u2713 Flexibilit\u00e4t \u279c Stoelzle ist Ihr Partner erster Wahl","robots":{"index":"index","follow":"follow","max-snippet":"max-snippet:-1","max-image-preview":"max-image-preview:large","max-video-preview":"max-video-preview:-1"},"canonical":"https:\/\/www.stoelzle.com\/de\/unternehmen\/vision-werte\/","og_locale":"de_DE","og_type":"article","og_title":"Werte \u00bb Vertrauen \u00bb Flexibilit\u00e4t \u00bb Zuverl\u00e4ssigkeit | Stoelzle","og_description":"Unsere Unternehmensvision basiert auf \u279c Vertrauen \u2713 Respekt \u2713 Zuverl\u00e4ssigkeit \u2713 Flexibilit\u00e4t \u279c Stoelzle ist Ihr Partner erster Wahl","og_url":"https:\/\/www.stoelzle.com\/de\/unternehmen\/vision-werte\/","og_site_name":"Stoelzle Glass Group","article_modified_time":"2025-05-13T06:37:25+00:00","twitter_card":"summary_large_image","twitter_misc":{"Gesch\u00e4tzte Lesezeit":"2 Minuten"},"schema":{"@context":"https:\/\/schema.org","@graph":[{"@type":"WebPage","@id":"https:\/\/www.stoelzle.com\/de\/unternehmen\/vision-werte\/","url":"https:\/\/www.stoelzle.com\/de\/unternehmen\/vision-werte\/","name":"Werte \u00bb Vertrauen \u00bb Flexibilit\u00e4t \u00bb Zuverl\u00e4ssigkeit | Stoelzle","isPartOf":{"@id":"https:\/\/www.stoelzle.com\/#website"},"datePublished":"2021-01-14T07:34:09+00:00","dateModified":"2025-05-13T06:37:25+00:00","description":"Unsere Unternehmensvision basiert auf \u279c Vertrauen \u2713 Respekt \u2713 Zuverl\u00e4ssigkeit \u2713 Flexibilit\u00e4t \u279c Stoelzle ist Ihr Partner erster Wahl","breadcrumb":{"@id":"https:\/\/www.stoelzle.com\/de\/unternehmen\/vision-werte\/#breadcrumb"},"inLanguage":"de-DE","potentialAction":[{"@type":"ReadAction","target":["https:\/\/www.stoelzle.com\/de\/unternehmen\/vision-werte\/"]}]},{"@type":"BreadcrumbList","@id":"https:\/\/www.stoelzle.com\/de\/unternehmen\/vision-werte\/#breadcrumb","itemListElement":[{"@type":"ListItem","position":1,"name":"Home","item":"https:\/\/www.stoelzle.com\/de\/"},{"@type":"ListItem","position":2,"name":"Unternehmen","item":"https:\/\/www.stoelzle.com\/de\/unternehmen\/"},{"@type":"ListItem","position":3,"name":"Vision &amp; Werte"}]},{"@type":"WebSite","@id":"https:\/\/www.stoelzle.com\/#website","url":"https:\/\/www.stoelzle.com\/","name":"Stoelzle Glass Group","description":"","publisher":{"@id":"https:\/\/www.stoelzle.com\/#organization"},"potentialAction":[{"@type":"SearchAction","target":{"@type":"EntryPoint","urlTemplate":"https:\/\/www.stoelzle.com\/?s={search_term_string}"},"query-input":{"@type":"PropertyValueSpecification","valueRequired":true,"valueName":"search_term_string"}}],"inLanguage":"de-DE"},{"@type":"Organization","@id":"https:\/\/www.stoelzle.com\/#organization","name":"Stoelzle Glass Group","url":"https:\/\/www.stoelzle.com\/","logo":{"@type":"ImageObject","inLanguage":"de-DE","@id":"https:\/\/www.stoelzle.com\/#\/schema\/logo\/image\/","url":"https:\/\/www.stoelzle.com\/wp-content\/uploads\/2020\/06\/Logo.svg","contentUrl":"https:\/\/www.stoelzle.com\/wp-content\/uploads\/2020\/06\/Logo.svg","width":180,"height":40,"caption":"Stoelzle Glass Group"},"image":{"@id":"https:\/\/www.stoelzle.com\/#\/schema\/logo\/image\/"}}]}},"_links":{"self":[{"href":"https:\/\/www.stoelzle.com\/de\/wp-json\/wp\/v2\/pages\/1712","targetHints":{"allow":["GET"]}}],"collection":[{"href":"https:\/\/www.stoelzle.com\/de\/wp-json\/wp\/v2\/pages"}],"about":[{"href":"https:\/\/www.stoelzle.com\/de\/wp-json\/wp\/v2\/types\/page"}],"author":[{"embeddable":true,"href":"https:\/\/www.stoelzle.com\/de\/wp-json\/wp\/v2\/users\/1"}],"replies":[{"embeddable":true,"href":"https:\/\/www.stoelzle.com\/de\/wp-json\/wp\/v2\/comments?post=1712"}],"version-history":[{"count":0,"href":"https:\/\/www.stoelzle.com\/de\/wp-json\/wp\/v2\/pages\/1712\/revisions"}],"up":[{"embeddable":true,"href":"https:\/\/www.stoelzle.com\/de\/wp-json\/wp\/v2\/pages\/1698"}],"wp:attachment":[{"href":"https:\/\/www.stoelzle.com\/de\/wp-json\/wp\/v2\/media?parent=1712"}],"curies":[{"name":"wp","href":"https:\/\/api.w.org\/{rel}","templated":true}]}}