{"id":1710,"date":"2021-01-14T07:30:49","date_gmt":"2021-01-14T07:30:49","guid":{"rendered":"http:\/\/stoelzle.com\/services\/"},"modified":"2021-05-10T10:08:04","modified_gmt":"2021-05-10T10:08:04","slug":"service","status":"publish","type":"page","link":"https:\/\/www.stoelzle.com\/de\/service\/","title":{"rendered":"Service"},"content":{"rendered":"<div class=\"wpb-content-wrapper\"><p>[vc_row][vc_column]<div class=\"vc-title   text-center\">\n              <div class=\"topline\">Der Weg zu einem einzigartigen Produkt<\/div>\n              <h1 class=\"title position-relative separator\">Serviceleistungen<\/h1>\n              <div class=\"row\"><div class=\"col-md-10 offset-md-1\"><\/p>\n<p class=\"large-text\">Stoelzle setzt als One-Stop-Shop bei allen Produkten auf rasche Produktentwicklungen, eindrucksvolle Dekorationen und perfekte Verschl\u00fcsse.<\/p>\n<p><\/div><\/div>\n            <\/div>[\/vc_column][\/vc_row][vc_row full_width=&#8221;stretch_row_content_no_spaces&#8221;][vc_column]<div class=\"vc-two-columns  \">\n                <div class=\"row\">\n                    <div class=\"col-sm-6 bg-blue image-left\"><img loading=\"lazy\" decoding=\"async\" width=\"1024\" height=\"666\" src=\"https:\/\/www.stoelzle.com\/wp-content\/uploads\/2021\/01\/services-decoration-1024x666.jpg\" class=\"w-100 h-100 cover\" alt=\"Spirits bottle Isle of Harris Gin and perfume flacons decorated via digital printing\" srcset=\"https:\/\/www.stoelzle.com\/wp-content\/uploads\/2021\/01\/services-decoration-1024x666.jpg 1024w, https:\/\/www.stoelzle.com\/wp-content\/uploads\/2021\/01\/services-decoration-480x312.jpg 480w, https:\/\/www.stoelzle.com\/wp-content\/uploads\/2021\/01\/services-decoration-1536x998.jpg 1536w, https:\/\/www.stoelzle.com\/wp-content\/uploads\/2021\/01\/services-decoration-992x645.jpg 992w, https:\/\/www.stoelzle.com\/wp-content\/uploads\/2021\/01\/services-decoration-600x390.jpg 600w, https:\/\/www.stoelzle.com\/wp-content\/uploads\/2021\/01\/services-decoration.jpg 2000w\" sizes=\"auto, (max-width: 1024px) 100vw, 1024px\" \/><\/div>\n                    <div class=\"col-sm-6 bg-blue image-left\"><div class=\"column-content h-100 d-flex flex-column justify-content-center\"><\/p>\n<h2>Traditionelle und innovative Dekorationstechniken<\/h2>\n<p>Immer mehr Kunden setzen auf eine oder mehrere Dekorationen, um ihre Glasverpackungen zu veredeln. In unseren 3 hauseigenen Dekorationsst\u00e4tten k\u00f6nnen Ihre Produkte mit zahlreichen traditionellen Dekorationstechniken veredelt werden. Zudem entwickeln wir kontinuierlich neue Techniken und Prozesse, um sowohl Kosten zu senken, als auch unsere Umwelt zu sch\u00fctzen.<\/p>\n<p><a class=\"editor-button cta-white\" href=\"\/de\/service\/dekoration\/\">Mehr erfahren<\/a><\/div><\/div>\n                <\/div>\n            <\/div><div class=\"vc-two-columns  \">\n                <div class=\"row\">\n                    <div class=\"col-sm-6 bg-white image-right\"><div class=\"column-content h-100 d-flex flex-column justify-content-center\"><\/p>\n<h2>Verschl\u00fcsse f\u00fcr jede Flasche<\/h2>\n<p>Als Gesamtanbieter liefert Stoelzle f\u00fcr den Gro\u00dfteil aller Standard-Flaschen und Kundenformen auch den passenden Verschluss. Wir zeigen Ihnen, welcher Verschluss f\u00fcr Ihr Produkt optimal w\u00e4re, vor allem, wenn es um Sicherheit, Handhabung und Design geht. Unser oberstes Ziel ist es, einen Verschluss anzubieten, der mit der Glasverpackung perfekt harmoniert.<\/p>\n<p><a class=\"editor-button cta\" href=\"\/de\/service\/verschluss\/\">Mehr erfahren<\/a><\/div><\/div>\n                    <div class=\"col-sm-6 bg-white image-right\"><img loading=\"lazy\" decoding=\"async\" width=\"1024\" height=\"666\" src=\"https:\/\/www.stoelzle.com\/wp-content\/uploads\/2021\/01\/services-caps-closures-1024x666.jpg\" class=\"w-100 h-100 cover\" alt=\"Different bottles with caps and closures\" srcset=\"https:\/\/www.stoelzle.com\/wp-content\/uploads\/2021\/01\/services-caps-closures-1024x666.jpg 1024w, https:\/\/www.stoelzle.com\/wp-content\/uploads\/2021\/01\/services-caps-closures-480x312.jpg 480w, https:\/\/www.stoelzle.com\/wp-content\/uploads\/2021\/01\/services-caps-closures-1536x998.jpg 1536w, https:\/\/www.stoelzle.com\/wp-content\/uploads\/2021\/01\/services-caps-closures-992x645.jpg 992w, https:\/\/www.stoelzle.com\/wp-content\/uploads\/2021\/01\/services-caps-closures-600x390.jpg 600w, https:\/\/www.stoelzle.com\/wp-content\/uploads\/2021\/01\/services-caps-closures.jpg 2000w\" sizes=\"auto, (max-width: 1024px) 100vw, 1024px\" \/><\/div>\n                <\/div>\n            <\/div><div class=\"vc-two-columns  \">\n                <div class=\"row\">\n                    <div class=\"col-sm-6 bg-gray image-left\"><img loading=\"lazy\" decoding=\"async\" width=\"1024\" height=\"666\" src=\"https:\/\/www.stoelzle.com\/wp-content\/uploads\/2021\/01\/services-product-development-1024x666.jpg\" class=\"w-100 h-100 cover\" alt=\"Technical drawing and hands of a person doing modifications\" srcset=\"https:\/\/www.stoelzle.com\/wp-content\/uploads\/2021\/01\/services-product-development-1024x666.jpg 1024w, https:\/\/www.stoelzle.com\/wp-content\/uploads\/2021\/01\/services-product-development-480x312.jpg 480w, https:\/\/www.stoelzle.com\/wp-content\/uploads\/2021\/01\/services-product-development-1536x998.jpg 1536w, https:\/\/www.stoelzle.com\/wp-content\/uploads\/2021\/01\/services-product-development-992x645.jpg 992w, https:\/\/www.stoelzle.com\/wp-content\/uploads\/2021\/01\/services-product-development-600x390.jpg 600w, https:\/\/www.stoelzle.com\/wp-content\/uploads\/2021\/01\/services-product-development.jpg 2000w\" sizes=\"auto, (max-width: 1024px) 100vw, 1024px\" \/><\/div>\n                    <div class=\"col-sm-6 bg-gray image-left\"><div class=\"column-content h-100 d-flex flex-column justify-content-center\"><\/p>\n<h2>Schnelle Produktentwicklungen<\/h2>\n<p>Unsere Glasexperten entwickeln f\u00fcr Sie die optimale Glasverpackung f\u00fcr Ihr Produkt. Dabei achten wir darauf, dass unser Entwurf der Emotion des Produktes gerecht wird. Dank unserer modernen Fertigungsanlagen, k\u00f6nnen wir Produktentwicklungen von der ersten Skizze hin zum fertig dekorierten Muster in k\u00fcrzester Zeit umsetzen. Wir sind stolz darauf, mit unseren Kunden pro Jahr mehr als 250 neue Produkte zu entwickeln.<\/p>\n<p><a class=\"editor-button cta\" href=\"\/de\/service\/produktentwicklung\/\">Mehr erfahren<\/a><\/div><\/div>\n                <\/div>\n            <\/div>[\/vc_column][\/vc_row]<\/p>\n<\/div>","protected":false},"excerpt":{"rendered":"<p>[vc_row][vc_column][\/vc_column][\/vc_row][vc_row full_width=&#8221;stretch_row_content_no_spaces&#8221;][vc_column][\/vc_column][\/vc_row]<\/p>\n","protected":false},"author":1,"featured_media":0,"parent":0,"menu_order":500,"comment_status":"closed","ping_status":"closed","template":"","meta":{"_acf_changed":false,"footnotes":""},"class_list":["post-1710","page","type-page","status-publish","hentry"],"acf":[],"yoast_head":"<!-- This site is optimized with the Yoast SEO plugin v26.6 - https:\/\/yoast.com\/wordpress\/plugins\/seo\/ -->\n<title>Bester Service \u00bb Produktentwicklung &amp; Dekoration &amp; Verschl\u00fcsse | Stoelzle<\/title>\n<meta name=\"description\" content=\"Die Stoelzle Glasgruppe bietet ein umfassendes Service \u279c Alles aus einer Hand \u279c Produktentwicklung \u2713 Dekoration \u2713 Verschl\u00fcsse\" \/>\n<meta name=\"robots\" content=\"index, follow, max-snippet:-1, max-image-preview:large, max-video-preview:-1\" \/>\n<link rel=\"canonical\" href=\"https:\/\/www.stoelzle.com\/de\/service\/\" \/>\n<meta property=\"og:locale\" content=\"de_DE\" \/>\n<meta property=\"og:type\" content=\"article\" \/>\n<meta property=\"og:title\" content=\"Bester Service \u00bb Produktentwicklung &amp; Dekoration &amp; Verschl\u00fcsse | Stoelzle\" \/>\n<meta property=\"og:description\" content=\"Die Stoelzle Glasgruppe bietet ein umfassendes Service \u279c Alles aus einer Hand \u279c Produktentwicklung \u2713 Dekoration \u2713 Verschl\u00fcsse\" \/>\n<meta property=\"og:url\" content=\"https:\/\/www.stoelzle.com\/de\/service\/\" \/>\n<meta property=\"og:site_name\" content=\"Stoelzle Glass Group\" \/>\n<meta property=\"article:modified_time\" content=\"2021-05-10T10:08:04+00:00\" \/>\n<meta name=\"twitter:card\" content=\"summary_large_image\" \/>\n<meta name=\"twitter:label1\" content=\"Gesch\u00e4tzte Lesezeit\" \/>\n\t<meta name=\"twitter:data1\" content=\"1 Minute\" \/>\n<script type=\"application\/ld+json\" class=\"yoast-schema-graph\">{\"@context\":\"https:\/\/schema.org\",\"@graph\":[{\"@type\":\"WebPage\",\"@id\":\"https:\/\/www.stoelzle.com\/de\/service\/\",\"url\":\"https:\/\/www.stoelzle.com\/de\/service\/\",\"name\":\"Bester Service \u00bb Produktentwicklung & Dekoration & Verschl\u00fcsse | Stoelzle\",\"isPartOf\":{\"@id\":\"https:\/\/www.stoelzle.com\/#website\"},\"datePublished\":\"2021-01-14T07:30:49+00:00\",\"dateModified\":\"2021-05-10T10:08:04+00:00\",\"description\":\"Die Stoelzle Glasgruppe bietet ein umfassendes Service \u279c Alles aus einer Hand \u279c Produktentwicklung \u2713 Dekoration \u2713 Verschl\u00fcsse\",\"breadcrumb\":{\"@id\":\"https:\/\/www.stoelzle.com\/de\/service\/#breadcrumb\"},\"inLanguage\":\"de-DE\",\"potentialAction\":[{\"@type\":\"ReadAction\",\"target\":[\"https:\/\/www.stoelzle.com\/de\/service\/\"]}]},{\"@type\":\"BreadcrumbList\",\"@id\":\"https:\/\/www.stoelzle.com\/de\/service\/#breadcrumb\",\"itemListElement\":[{\"@type\":\"ListItem\",\"position\":1,\"name\":\"Home\",\"item\":\"https:\/\/www.stoelzle.com\/de\/\"},{\"@type\":\"ListItem\",\"position\":2,\"name\":\"Service\"}]},{\"@type\":\"WebSite\",\"@id\":\"https:\/\/www.stoelzle.com\/#website\",\"url\":\"https:\/\/www.stoelzle.com\/\",\"name\":\"Stoelzle Glass Group\",\"description\":\"\",\"publisher\":{\"@id\":\"https:\/\/www.stoelzle.com\/#organization\"},\"potentialAction\":[{\"@type\":\"SearchAction\",\"target\":{\"@type\":\"EntryPoint\",\"urlTemplate\":\"https:\/\/www.stoelzle.com\/?s={search_term_string}\"},\"query-input\":{\"@type\":\"PropertyValueSpecification\",\"valueRequired\":true,\"valueName\":\"search_term_string\"}}],\"inLanguage\":\"de-DE\"},{\"@type\":\"Organization\",\"@id\":\"https:\/\/www.stoelzle.com\/#organization\",\"name\":\"Stoelzle Glass Group\",\"url\":\"https:\/\/www.stoelzle.com\/\",\"logo\":{\"@type\":\"ImageObject\",\"inLanguage\":\"de-DE\",\"@id\":\"https:\/\/www.stoelzle.com\/#\/schema\/logo\/image\/\",\"url\":\"https:\/\/www.stoelzle.com\/wp-content\/uploads\/2020\/06\/Logo.svg\",\"contentUrl\":\"https:\/\/www.stoelzle.com\/wp-content\/uploads\/2020\/06\/Logo.svg\",\"width\":180,\"height\":40,\"caption\":\"Stoelzle Glass Group\"},\"image\":{\"@id\":\"https:\/\/www.stoelzle.com\/#\/schema\/logo\/image\/\"}}]}<\/script>\n<!-- \/ Yoast SEO plugin. -->","yoast_head_json":{"title":"Bester Service \u00bb Produktentwicklung & Dekoration & Verschl\u00fcsse | Stoelzle","description":"Die Stoelzle Glasgruppe bietet ein umfassendes Service \u279c Alles aus einer Hand \u279c Produktentwicklung \u2713 Dekoration \u2713 Verschl\u00fcsse","robots":{"index":"index","follow":"follow","max-snippet":"max-snippet:-1","max-image-preview":"max-image-preview:large","max-video-preview":"max-video-preview:-1"},"canonical":"https:\/\/www.stoelzle.com\/de\/service\/","og_locale":"de_DE","og_type":"article","og_title":"Bester Service \u00bb Produktentwicklung & Dekoration & Verschl\u00fcsse | Stoelzle","og_description":"Die Stoelzle Glasgruppe bietet ein umfassendes Service \u279c Alles aus einer Hand \u279c Produktentwicklung \u2713 Dekoration \u2713 Verschl\u00fcsse","og_url":"https:\/\/www.stoelzle.com\/de\/service\/","og_site_name":"Stoelzle Glass Group","article_modified_time":"2021-05-10T10:08:04+00:00","twitter_card":"summary_large_image","twitter_misc":{"Gesch\u00e4tzte Lesezeit":"1 Minute"},"schema":{"@context":"https:\/\/schema.org","@graph":[{"@type":"WebPage","@id":"https:\/\/www.stoelzle.com\/de\/service\/","url":"https:\/\/www.stoelzle.com\/de\/service\/","name":"Bester Service \u00bb Produktentwicklung & Dekoration & Verschl\u00fcsse | Stoelzle","isPartOf":{"@id":"https:\/\/www.stoelzle.com\/#website"},"datePublished":"2021-01-14T07:30:49+00:00","dateModified":"2021-05-10T10:08:04+00:00","description":"Die Stoelzle Glasgruppe bietet ein umfassendes Service \u279c Alles aus einer Hand \u279c Produktentwicklung \u2713 Dekoration \u2713 Verschl\u00fcsse","breadcrumb":{"@id":"https:\/\/www.stoelzle.com\/de\/service\/#breadcrumb"},"inLanguage":"de-DE","potentialAction":[{"@type":"ReadAction","target":["https:\/\/www.stoelzle.com\/de\/service\/"]}]},{"@type":"BreadcrumbList","@id":"https:\/\/www.stoelzle.com\/de\/service\/#breadcrumb","itemListElement":[{"@type":"ListItem","position":1,"name":"Home","item":"https:\/\/www.stoelzle.com\/de\/"},{"@type":"ListItem","position":2,"name":"Service"}]},{"@type":"WebSite","@id":"https:\/\/www.stoelzle.com\/#website","url":"https:\/\/www.stoelzle.com\/","name":"Stoelzle Glass Group","description":"","publisher":{"@id":"https:\/\/www.stoelzle.com\/#organization"},"potentialAction":[{"@type":"SearchAction","target":{"@type":"EntryPoint","urlTemplate":"https:\/\/www.stoelzle.com\/?s={search_term_string}"},"query-input":{"@type":"PropertyValueSpecification","valueRequired":true,"valueName":"search_term_string"}}],"inLanguage":"de-DE"},{"@type":"Organization","@id":"https:\/\/www.stoelzle.com\/#organization","name":"Stoelzle Glass Group","url":"https:\/\/www.stoelzle.com\/","logo":{"@type":"ImageObject","inLanguage":"de-DE","@id":"https:\/\/www.stoelzle.com\/#\/schema\/logo\/image\/","url":"https:\/\/www.stoelzle.com\/wp-content\/uploads\/2020\/06\/Logo.svg","contentUrl":"https:\/\/www.stoelzle.com\/wp-content\/uploads\/2020\/06\/Logo.svg","width":180,"height":40,"caption":"Stoelzle Glass Group"},"image":{"@id":"https:\/\/www.stoelzle.com\/#\/schema\/logo\/image\/"}}]}},"_links":{"self":[{"href":"https:\/\/www.stoelzle.com\/de\/wp-json\/wp\/v2\/pages\/1710","targetHints":{"allow":["GET"]}}],"collection":[{"href":"https:\/\/www.stoelzle.com\/de\/wp-json\/wp\/v2\/pages"}],"about":[{"href":"https:\/\/www.stoelzle.com\/de\/wp-json\/wp\/v2\/types\/page"}],"author":[{"embeddable":true,"href":"https:\/\/www.stoelzle.com\/de\/wp-json\/wp\/v2\/users\/1"}],"replies":[{"embeddable":true,"href":"https:\/\/www.stoelzle.com\/de\/wp-json\/wp\/v2\/comments?post=1710"}],"version-history":[{"count":0,"href":"https:\/\/www.stoelzle.com\/de\/wp-json\/wp\/v2\/pages\/1710\/revisions"}],"wp:attachment":[{"href":"https:\/\/www.stoelzle.com\/de\/wp-json\/wp\/v2\/media?parent=1710"}],"curies":[{"name":"wp","href":"https:\/\/api.w.org\/{rel}","templated":true}]}}