{"id":1702,"date":"2020-06-21T18:19:30","date_gmt":"2020-06-21T18:19:30","guid":{"rendered":"http:\/\/stoelzle.com\/career\/"},"modified":"2025-01-20T16:02:51","modified_gmt":"2025-01-20T16:02:51","slug":"karriere","status":"publish","type":"page","link":"https:\/\/www.stoelzle.com\/de\/karriere\/","title":{"rendered":"Karriere"},"content":{"rendered":"<div class=\"wpb-content-wrapper\"><p>[vc_row][vc_column]<div class=\"vc-title   text-center\">\n              <div class=\"topline\">Unsere Leidenschaft f\u00fcr Glas<\/div>\n              <h1 class=\"title position-relative separator\">Karriere<\/h1>\n              <div class=\"row\"><div class=\"col-md-10 offset-md-1\"><\/p>\n<p class=\"large-text\">Die Begeisterung f\u00fcr Glas eint die Stoelzle Mitarbeiterinnen und Mitarbeiter an allen Standorten weltweit. Diese Leidenschaft sieht und sp\u00fcrt man in der t\u00e4glichen Arbeit in der Produktion, bei Marketingaktivit\u00e4ten ebenso wie in allen anderen Abteilungen \u2013 sie wird vom Management bis hin zum Team an den Linien mit \u00dcberzeugung gelebt.<\/p>\n<p><\/div><\/div>\n            <\/div>[\/vc_column][\/vc_row][vc_row full_width=&#8221;stretch_row_content_no_spaces&#8221;][vc_column]<div id=\"id-content-cards\" class=\"row no-gutters  \">\n        <div class=\"col-sm-6 col-md-4 col-lg-3 \">\n          <div class=\"card card-text theme-light-gray\">\n            \n            <div class=\"card-overlay d-flex flex-column\">\n            \n            <div class=\"headline h3 w-100\">Werden Sie Teil unseres Team!<\/div>\n            <div class=\"desc w-100\"><p><ul>\n<li><a href=\"\/career\/stoelzle-glass-group\/\">Glasgruppe<\/a><\/li>\n<li><a href=\"\/sto\/karriere\/\">Stoelzle Oberglas | AUT<\/a><\/li>\n<li><a href=\"\/stu\/kariera\/\">Stoelzle Union | CZE<\/a><\/li>\n<li><a href=\"\/stf\/career\/\">Stoelzle Flaconnage | GBR<\/li>\n<li><a href=\"\/stc\/kariera\/\">Stoelzle Cz\u0119stochowa  | POL<\/a><\/li>\n<li><a href=\"\/stm\/carrieres\/\">Stoelzle Masni\u00e8res Parfumerie | FRA<\/a><\/li>\n<li>Stoelzle Glass USA | USA<\/li>\n<\/ul>\n<\/p><\/div>\n            \n              <div class=\"mt-auto\">\n                \n              <\/div>\n            <\/div>\n          <\/div>\n        <\/div>\n        <div class=\"col-sm-6 col-md-4 col-lg-3 \">\n          <div class=\"card theme-dark\">\n            \n          <div class=\"card-image position-absolute w-100 h-100\">\n            <img decoding=\"async\" class=\"w-100 h-100\"  src=\"https:\/\/www.stoelzle.com\/wp-content\/uploads\/2022\/01\/career-woman-glass-fire-800x800.jpg\" alt=\"\" \/>\n          <\/div>\n            <div class=\"card-overlay d-flex flex-column\">\n            \n            \n            \n            \n              <div class=\"mt-auto\">\n                \n              <\/div>\n            <\/div>\n          <\/div>\n        <\/div>\n        <div class=\"col-sm-6 col-md-4 col-lg-3 \">\n          <a href=\"https:\/\/www.stoelzle.com\/de\/erfolgsgeschichten-karriere-mit-glas-stoelzle\/\"  class=\"card d-block card-text theme-blue\">\n            \n            <div class=\"card-overlay d-flex flex-column\">\n            <div class=\"sub-headline w-75\">Stoelzle Jobs<\/div>\n            <div class=\"headline h3 w-75\">Erfolgsgeschichten<\/div>\n            <div class=\"desc w-75\"><p>Erfahren Sie, was unsere Mitarbeiter und Mitarbeiterinnen an unserem Unternehmen sch\u00e4tzen.<\/p><\/div>\n            \n              <div class=\"mt-auto\">\n                <span class=\"cta\">Zu den Geschichten<\/span>\n              <\/div>\n            <\/div>\n          <\/a>\n        <\/div>\n        <div class=\"col-sm-6 col-md-4 col-lg-3 d-block d-md-none d-lg-block\">\n          <div class=\"card theme-dark\">\n            \n          <div class=\"card-image position-absolute w-100 h-100\">\n            <img decoding=\"async\" class=\"w-100 h-100\"  src=\"https:\/\/www.stoelzle.com\/wp-content\/uploads\/2023\/08\/people-development-800x800.jpg\" alt=\"\" \/>\n          <\/div>\n            <div class=\"card-overlay d-flex flex-column\">\n            \n            \n            \n            \n              <div class=\"mt-auto\">\n                \n              <\/div>\n            <\/div>\n          <\/div>\n        <\/div><\/div>[\/vc_column][\/vc_row][vc_row full_width=&#8221;stretch_row&#8221;][vc_column]<div class=\"vc-spacer spacing-bottom-m\"><\/div>[vc_row_inner content_placement=&#8221;middle&#8221; el_class=&#8221;text-text&#8221;][vc_column_inner width=&#8221;1\/2&#8243;][vc_video link=&#8221;https:\/\/youtu.be\/1KLse27JsFQ&#8221;][\/vc_column_inner][vc_column_inner width=&#8221;1\/2&#8243;][vc_column_text]<\/p>\n<p class=\"topline\">Video: Fasziniert vom Werkstoff Glas<\/p>\n<p class=\"h2\">Wir sind Stoelzle!<\/p>\n<p>Wir lassen unsere Mitarbeiterinnen und Mitarbeiter zu Wort kommen: Erfahren Sie, warum wir Stoelzleaner Glas lieben und stolz auf unser Unternehmen sind.[\/vc_column_text][\/vc_column_inner][\/vc_row_inner]<div class=\"vc-spacer spacing-bottom-m\"><\/div>[\/vc_column][\/vc_row][vc_row][vc_column]<div class=\"vc-two-columns  \">\n                <div class=\"row\">\n                    <div class=\"col-sm-6 bg-gray image-right\"><div class=\"column-content h-100 d-flex flex-column justify-content-center\"><\/p>\n<p class=\"topline\">Bewerben Sie sich jetzt!<\/p>\n<h2>Stoelzle steht f\u00fcr:<\/h2>\n<ul>\n<li>Eine mitarbeiterfreundliche Organisation<\/li>\n<li>Ausgezeichnete Karrierem\u00f6glichkeiten im internationalen Umfeld<\/li>\n<li>Exzellente interne und externe Weiterbildungsm\u00f6glichkeiten<\/li>\n<li>Ein abwechslungsreiches Aufgabengebiet<\/li>\n<li>Eine gute Work-Life-Balance<\/li>\n<\/ul>\n<p><\/div><\/div>\n                    <div class=\"col-sm-6 bg-gray image-right\"><img loading=\"lazy\" decoding=\"async\" width=\"1024\" height=\"665\" src=\"https:\/\/www.stoelzle.com\/wp-content\/uploads\/2022\/01\/career-father-son-1024x665.jpg\" class=\"w-100 h-100 cover\" alt=\"\" srcset=\"https:\/\/www.stoelzle.com\/wp-content\/uploads\/2022\/01\/career-father-son-1024x665.jpg 1024w, https:\/\/www.stoelzle.com\/wp-content\/uploads\/2022\/01\/career-father-son-480x312.jpg 480w, https:\/\/www.stoelzle.com\/wp-content\/uploads\/2022\/01\/career-father-son-1536x998.jpg 1536w, https:\/\/www.stoelzle.com\/wp-content\/uploads\/2022\/01\/career-father-son-992x644.jpg 992w, https:\/\/www.stoelzle.com\/wp-content\/uploads\/2022\/01\/career-father-son-180x117.jpg 180w, https:\/\/www.stoelzle.com\/wp-content\/uploads\/2022\/01\/career-father-son.jpg 2000w\" sizes=\"auto, (max-width: 1024px) 100vw, 1024px\" \/><\/div>\n                <\/div>\n            <\/div><div class=\"vc-two-columns  \">\n                <div class=\"row\">\n                    <div class=\"col-sm-6 bg-white image-left\"><img loading=\"lazy\" decoding=\"async\" width=\"1024\" height=\"683\" src=\"https:\/\/www.stoelzle.com\/wp-content\/uploads\/2023\/09\/ABB0991-1024x683.jpg\" class=\"w-100 h-100 cover\" alt=\"Two women sitting on a table and discussing a contract.\" srcset=\"https:\/\/www.stoelzle.com\/wp-content\/uploads\/2023\/09\/ABB0991-1024x683.jpg 1024w, https:\/\/www.stoelzle.com\/wp-content\/uploads\/2023\/09\/ABB0991-480x320.jpg 480w, https:\/\/www.stoelzle.com\/wp-content\/uploads\/2023\/09\/ABB0991-1536x1024.jpg 1536w, https:\/\/www.stoelzle.com\/wp-content\/uploads\/2023\/09\/ABB0991-992x661.jpg 992w, https:\/\/www.stoelzle.com\/wp-content\/uploads\/2023\/09\/ABB0991-180x120.jpg 180w\" sizes=\"auto, (max-width: 1024px) 100vw, 1024px\" \/><\/div>\n                    <div class=\"col-sm-6 bg-white image-left\"><div class=\"column-content h-100 d-flex flex-column justify-content-center\"><\/p>\n<p class=\"h2\">Das Stoelzle Personalmanagement<\/p>\n<p>Oberstes Ziel der Stoelzle Glasgruppe ist es, unsere Mitarbeiterinnen und Mitarbeiter langfristig im Unternehmen zu halten. Daf\u00fcr bieten wir eine mitarbeiterfreundliche Organisationsform, leistungsorientierte Entlohnung, ausgezeichnete Entwicklungschancen, sowie eine Unternehmensvision, die gepr\u00e4gt ist durch 5-T:<\/p>\n<ul>\n<li>Trust (Vertrauen)<\/li>\n<li>Transparenz<\/li>\n<li>Target driven (zielorientiertes Handeln)<\/li>\n<li>Teamwork<\/li>\n<li>Talentepool<\/li>\n<\/ul>\n<p><\/div><\/div>\n                <\/div>\n            <\/div>[\/vc_column][\/vc_row]<\/p>\n<\/div>","protected":false},"excerpt":{"rendered":"<p>[vc_row][vc_column][\/vc_column][\/vc_row][vc_row full_width=&#8221;stretch_row_content_no_spaces&#8221;][vc_column][\/vc_column][\/vc_row][vc_row full_width=&#8221;stretch_row&#8221;][vc_column][vc_row_inner content_placement=&#8221;middle&#8221; el_class=&#8221;text-text&#8221;][vc_column_inner width=&#8221;1\/2&#8243;][vc_video link=&#8221;https:\/\/youtu.be\/1KLse27JsFQ&#8221;][\/vc_column_inner][vc_column_inner width=&#8221;1\/2&#8243;][vc_column_text] Video: Fasziniert vom Werkstoff Glas Wir sind Stoelzle! Wir lassen unsere Mitarbeiterinnen und Mitarbeiter zu Wort kommen: Erfahren Sie, warum wir Stoelzleaner Glas lieben und stolz auf unser Unternehmen sind.[\/vc_column_text][\/vc_column_inner][\/vc_row_inner][\/vc_column][\/vc_row][vc_row][vc_column][\/vc_column][\/vc_row]<\/p>\n","protected":false},"author":1,"featured_media":0,"parent":0,"menu_order":600,"comment_status":"closed","ping_status":"closed","template":"","meta":{"_acf_changed":false,"footnotes":""},"class_list":["post-1702","page","type-page","status-publish","hentry"],"acf":[],"yoast_head":"<!-- This site is optimized with the Yoast SEO plugin v26.6 - https:\/\/yoast.com\/wordpress\/plugins\/seo\/ -->\n<title>Stoelzle Jobs \u00bb alle Stellenangebote im \u00dcberblick | Stoelzle<\/title>\n<meta name=\"description\" content=\"Entdecken Sie alle aktuellen Jobs \u279c Die Stoelzle Glasgruppe bietet hohe Entwicklungschancen und ein internationales Umfeld \u2713 Mehr erfahren!\" \/>\n<meta name=\"robots\" content=\"index, follow, max-snippet:-1, max-image-preview:large, max-video-preview:-1\" \/>\n<link rel=\"canonical\" href=\"https:\/\/www.stoelzle.com\/de\/karriere\/\" \/>\n<meta property=\"og:locale\" content=\"de_DE\" \/>\n<meta property=\"og:type\" content=\"article\" \/>\n<meta property=\"og:title\" content=\"Stoelzle Jobs \u00bb alle Stellenangebote im \u00dcberblick | Stoelzle\" \/>\n<meta property=\"og:description\" content=\"Entdecken Sie alle aktuellen Jobs \u279c Die Stoelzle Glasgruppe bietet hohe Entwicklungschancen und ein internationales Umfeld \u2713 Mehr erfahren!\" \/>\n<meta property=\"og:url\" content=\"https:\/\/www.stoelzle.com\/de\/karriere\/\" \/>\n<meta property=\"og:site_name\" content=\"Stoelzle Glass Group\" \/>\n<meta property=\"article:modified_time\" content=\"2025-01-20T16:02:51+00:00\" \/>\n<meta name=\"twitter:card\" content=\"summary_large_image\" \/>\n<meta name=\"twitter:label1\" content=\"Gesch\u00e4tzte Lesezeit\" \/>\n\t<meta name=\"twitter:data1\" content=\"2 Minuten\" \/>\n<script type=\"application\/ld+json\" class=\"yoast-schema-graph\">{\"@context\":\"https:\/\/schema.org\",\"@graph\":[{\"@type\":\"WebPage\",\"@id\":\"https:\/\/www.stoelzle.com\/de\/karriere\/\",\"url\":\"https:\/\/www.stoelzle.com\/de\/karriere\/\",\"name\":\"Stoelzle Jobs \u00bb alle Stellenangebote im \u00dcberblick | Stoelzle\",\"isPartOf\":{\"@id\":\"https:\/\/www.stoelzle.com\/#website\"},\"datePublished\":\"2020-06-21T18:19:30+00:00\",\"dateModified\":\"2025-01-20T16:02:51+00:00\",\"description\":\"Entdecken Sie alle aktuellen Jobs \u279c Die Stoelzle Glasgruppe bietet hohe Entwicklungschancen und ein internationales Umfeld \u2713 Mehr erfahren!\",\"breadcrumb\":{\"@id\":\"https:\/\/www.stoelzle.com\/de\/karriere\/#breadcrumb\"},\"inLanguage\":\"de-DE\",\"potentialAction\":[{\"@type\":\"ReadAction\",\"target\":[\"https:\/\/www.stoelzle.com\/de\/karriere\/\"]}]},{\"@type\":\"BreadcrumbList\",\"@id\":\"https:\/\/www.stoelzle.com\/de\/karriere\/#breadcrumb\",\"itemListElement\":[{\"@type\":\"ListItem\",\"position\":1,\"name\":\"Home\",\"item\":\"https:\/\/www.stoelzle.com\/de\/\"},{\"@type\":\"ListItem\",\"position\":2,\"name\":\"Karriere\"}]},{\"@type\":\"WebSite\",\"@id\":\"https:\/\/www.stoelzle.com\/#website\",\"url\":\"https:\/\/www.stoelzle.com\/\",\"name\":\"Stoelzle Glass Group\",\"description\":\"\",\"publisher\":{\"@id\":\"https:\/\/www.stoelzle.com\/#organization\"},\"potentialAction\":[{\"@type\":\"SearchAction\",\"target\":{\"@type\":\"EntryPoint\",\"urlTemplate\":\"https:\/\/www.stoelzle.com\/?s={search_term_string}\"},\"query-input\":{\"@type\":\"PropertyValueSpecification\",\"valueRequired\":true,\"valueName\":\"search_term_string\"}}],\"inLanguage\":\"de-DE\"},{\"@type\":\"Organization\",\"@id\":\"https:\/\/www.stoelzle.com\/#organization\",\"name\":\"Stoelzle Glass Group\",\"url\":\"https:\/\/www.stoelzle.com\/\",\"logo\":{\"@type\":\"ImageObject\",\"inLanguage\":\"de-DE\",\"@id\":\"https:\/\/www.stoelzle.com\/#\/schema\/logo\/image\/\",\"url\":\"https:\/\/www.stoelzle.com\/wp-content\/uploads\/2020\/06\/Logo.svg\",\"contentUrl\":\"https:\/\/www.stoelzle.com\/wp-content\/uploads\/2020\/06\/Logo.svg\",\"width\":180,\"height\":40,\"caption\":\"Stoelzle Glass Group\"},\"image\":{\"@id\":\"https:\/\/www.stoelzle.com\/#\/schema\/logo\/image\/\"}}]}<\/script>\n<!-- \/ Yoast SEO plugin. -->","yoast_head_json":{"title":"Stoelzle Jobs \u00bb alle Stellenangebote im \u00dcberblick | Stoelzle","description":"Entdecken Sie alle aktuellen Jobs \u279c Die Stoelzle Glasgruppe bietet hohe Entwicklungschancen und ein internationales Umfeld \u2713 Mehr erfahren!","robots":{"index":"index","follow":"follow","max-snippet":"max-snippet:-1","max-image-preview":"max-image-preview:large","max-video-preview":"max-video-preview:-1"},"canonical":"https:\/\/www.stoelzle.com\/de\/karriere\/","og_locale":"de_DE","og_type":"article","og_title":"Stoelzle Jobs \u00bb alle Stellenangebote im \u00dcberblick | Stoelzle","og_description":"Entdecken Sie alle aktuellen Jobs \u279c Die Stoelzle Glasgruppe bietet hohe Entwicklungschancen und ein internationales Umfeld \u2713 Mehr erfahren!","og_url":"https:\/\/www.stoelzle.com\/de\/karriere\/","og_site_name":"Stoelzle Glass Group","article_modified_time":"2025-01-20T16:02:51+00:00","twitter_card":"summary_large_image","twitter_misc":{"Gesch\u00e4tzte Lesezeit":"2 Minuten"},"schema":{"@context":"https:\/\/schema.org","@graph":[{"@type":"WebPage","@id":"https:\/\/www.stoelzle.com\/de\/karriere\/","url":"https:\/\/www.stoelzle.com\/de\/karriere\/","name":"Stoelzle Jobs \u00bb alle Stellenangebote im \u00dcberblick | Stoelzle","isPartOf":{"@id":"https:\/\/www.stoelzle.com\/#website"},"datePublished":"2020-06-21T18:19:30+00:00","dateModified":"2025-01-20T16:02:51+00:00","description":"Entdecken Sie alle aktuellen Jobs \u279c Die Stoelzle Glasgruppe bietet hohe Entwicklungschancen und ein internationales Umfeld \u2713 Mehr erfahren!","breadcrumb":{"@id":"https:\/\/www.stoelzle.com\/de\/karriere\/#breadcrumb"},"inLanguage":"de-DE","potentialAction":[{"@type":"ReadAction","target":["https:\/\/www.stoelzle.com\/de\/karriere\/"]}]},{"@type":"BreadcrumbList","@id":"https:\/\/www.stoelzle.com\/de\/karriere\/#breadcrumb","itemListElement":[{"@type":"ListItem","position":1,"name":"Home","item":"https:\/\/www.stoelzle.com\/de\/"},{"@type":"ListItem","position":2,"name":"Karriere"}]},{"@type":"WebSite","@id":"https:\/\/www.stoelzle.com\/#website","url":"https:\/\/www.stoelzle.com\/","name":"Stoelzle Glass Group","description":"","publisher":{"@id":"https:\/\/www.stoelzle.com\/#organization"},"potentialAction":[{"@type":"SearchAction","target":{"@type":"EntryPoint","urlTemplate":"https:\/\/www.stoelzle.com\/?s={search_term_string}"},"query-input":{"@type":"PropertyValueSpecification","valueRequired":true,"valueName":"search_term_string"}}],"inLanguage":"de-DE"},{"@type":"Organization","@id":"https:\/\/www.stoelzle.com\/#organization","name":"Stoelzle Glass Group","url":"https:\/\/www.stoelzle.com\/","logo":{"@type":"ImageObject","inLanguage":"de-DE","@id":"https:\/\/www.stoelzle.com\/#\/schema\/logo\/image\/","url":"https:\/\/www.stoelzle.com\/wp-content\/uploads\/2020\/06\/Logo.svg","contentUrl":"https:\/\/www.stoelzle.com\/wp-content\/uploads\/2020\/06\/Logo.svg","width":180,"height":40,"caption":"Stoelzle Glass Group"},"image":{"@id":"https:\/\/www.stoelzle.com\/#\/schema\/logo\/image\/"}}]}},"_links":{"self":[{"href":"https:\/\/www.stoelzle.com\/de\/wp-json\/wp\/v2\/pages\/1702","targetHints":{"allow":["GET"]}}],"collection":[{"href":"https:\/\/www.stoelzle.com\/de\/wp-json\/wp\/v2\/pages"}],"about":[{"href":"https:\/\/www.stoelzle.com\/de\/wp-json\/wp\/v2\/types\/page"}],"author":[{"embeddable":true,"href":"https:\/\/www.stoelzle.com\/de\/wp-json\/wp\/v2\/users\/1"}],"replies":[{"embeddable":true,"href":"https:\/\/www.stoelzle.com\/de\/wp-json\/wp\/v2\/comments?post=1702"}],"version-history":[{"count":0,"href":"https:\/\/www.stoelzle.com\/de\/wp-json\/wp\/v2\/pages\/1702\/revisions"}],"wp:attachment":[{"href":"https:\/\/www.stoelzle.com\/de\/wp-json\/wp\/v2\/media?parent=1702"}],"curies":[{"name":"wp","href":"https:\/\/api.w.org\/{rel}","templated":true}]}}