{"id":1700,"date":"2020-06-21T18:19:17","date_gmt":"2020-06-21T18:19:17","guid":{"rendered":"http:\/\/stoelzle.com\/business-units\/"},"modified":"2024-01-25T13:20:35","modified_gmt":"2024-01-25T13:20:35","slug":"geschaeftsfelder","status":"publish","type":"page","link":"https:\/\/www.stoelzle.com\/de\/geschaeftsfelder\/","title":{"rendered":"Gesch\u00e4ftsfelder"},"content":{"rendered":"<div class=\"wpb-content-wrapper\"><p>[vc_row][vc_column]<div class=\"vc-title   text-center\">\n              <div class=\"topline\">Unsere Kompetenzbereiche<\/div>\n              <h1 class=\"title position-relative separator\">Produkte<\/h1>\n              <div class=\"row\"><div class=\"col-md-10 offset-md-1\"><\/p>\n<p class=\"large-text\">Seit \u00fcber 200 Jahren fertigt Stoelzle hochwertige Glasverpackungen. Zu unseren internationalen Kunden z\u00e4hlen Unternehmen aus den Bereichen Pharmazie &amp; Medizin, Spirituosen, Lebensmittel &amp; Getr\u00e4nke wie auch Parf\u00fcmerie &amp; Kosmetik. Unsere Fachabteilung Medical Laborglas bietet ein breites Spektrum an Laborbedarfsmaterialien und Life Science Produkten.<\/p>\n<p><\/div><\/div>\n            <\/div>[\/vc_column][\/vc_row][vc_row][vc_column]<div id=\"id-bu-uebersicht\" class=\"vc-gallery  spacing-bottom-m\"><div class=\"row vc-gallery-grid\"><a  href=\"\/de\/geschaeftsfelder\/prestige-spirits\/\"  class=\"vc-gallery-item mb-4 style-3 col-sm-6 col-md-4 col-lg-3\">\n                  <div class=\"vc-gallery-image off show-border\"><img decoding=\"async\" class=\"img-fluid\" src=\"https:\/\/www.stoelzle.com\/wp-content\/uploads\/2021\/02\/business-units-spirits-800x800.jpg\" alt=\"Product picture of Business Unit Spirits\"><\/div>\n                  <div class=\"vc-gallery-content\"><div class=\"vc-gallery-title\">Premium Spirituosen<\/div><\/div>\n                <\/a><a  href=\"\/de\/geschaeftsfelder\/mini-spirituosen\/\"  class=\"vc-gallery-item mb-4 style-3 col-sm-6 col-md-4 col-lg-3\">\n                  <div class=\"vc-gallery-image off show-border\"><img decoding=\"async\" class=\"img-fluid\" src=\"https:\/\/www.stoelzle.com\/wp-content\/uploads\/2021\/08\/business-unit-mini-spirits3-800x800.jpg\" alt=\"Gef\u00fcllte Miniatur Spirituosenflasche\"><\/div>\n                  <div class=\"vc-gallery-content\"><div class=\"vc-gallery-title\">Mini Spirituosen<\/div><\/div>\n                <\/a><a  href=\"\/pharma\/de\"  class=\"vc-gallery-item mb-4 style-3 col-sm-6 col-md-4 col-lg-3\">\n                  <div class=\"vc-gallery-image off show-border\"><img decoding=\"async\" class=\"img-fluid\" src=\"https:\/\/www.stoelzle.com\/wp-content\/uploads\/2021\/02\/business-units-pharma-800x800.jpg\" alt=\"Product picture of Business Unit Pharma\"><\/div>\n                  <div class=\"vc-gallery-content\"><div class=\"vc-gallery-title\">Pharma & Healthcare<\/div><\/div>\n                <\/a><a  href=\"\/de\/geschaeftsfelder\/medical-laborbedarf\/\"  class=\"vc-gallery-item mb-4 style-3 col-sm-6 col-md-4 col-lg-3\">\n                  <div class=\"vc-gallery-image off show-border\"><img decoding=\"async\" class=\"img-fluid\" src=\"https:\/\/www.stoelzle.com\/wp-content\/uploads\/2021\/02\/business-units-medical-800x800.jpg\" alt=\"Product picture of  Business Unit Medical and Laboratory Glass\"><\/div>\n                  <div class=\"vc-gallery-content\"><div class=\"vc-gallery-title\">Medical & Laborbedarf<\/div><\/div>\n                <\/a><a  href=\"\/beauty\/de\"  class=\"vc-gallery-item mb-4 style-3 col-sm-6 col-md-4 col-lg-3\">\n                  <div class=\"vc-gallery-image off show-border\"><img decoding=\"async\" class=\"img-fluid\" src=\"https:\/\/www.stoelzle.com\/wp-content\/uploads\/2021\/02\/business-units-perfumery-800x800.jpg\" alt=\"Product picture of Business Unit Perfumery and Cosmetics\"><\/div>\n                  <div class=\"vc-gallery-content\"><div class=\"vc-gallery-title\">Parf\u00fcmerie & Kosmetik<\/div><\/div>\n                <\/a><a  href=\"\/consumer\/de\"  class=\"vc-gallery-item mb-4 style-3 col-sm-6 col-md-4 col-lg-3\">\n                  <div class=\"vc-gallery-image off show-border\"><img decoding=\"async\" class=\"img-fluid\" src=\"https:\/\/www.stoelzle.com\/wp-content\/uploads\/2021\/02\/business-units-consumer-800x800.jpg\" alt=\"Product picture of Business Unit Consumer\"><\/div>\n                  <div class=\"vc-gallery-content\"><div class=\"vc-gallery-title\">Lebensmittel & Getr\u00e4nke<\/div><\/div>\n                <\/a><a  href=\"\/de\/geschaeftsfelder\/kerzenglaeser-laternen\/\"  class=\"vc-gallery-item mb-4 style-3 col-sm-6 col-md-4 col-lg-3\">\n                  <div class=\"vc-gallery-image off show-border\"><img decoding=\"async\" class=\"img-fluid\" src=\"https:\/\/www.stoelzle.com\/wp-content\/uploads\/2021\/02\/business-units-lanterns-800x800.jpg\" alt=\"Product picture of Business Unit Lanterns and Candle Jars\"><\/div>\n                  <div class=\"vc-gallery-content\"><div class=\"vc-gallery-title\">Kerzengl\u00e4ser & Laternen<\/div><\/div>\n                <\/a><a  href=\"\/de\/geschaeftsfelder\/tableware\/\"  class=\"vc-gallery-item mb-4 style-3 col-sm-6 col-md-4 col-lg-3\">\n                  <div class=\"vc-gallery-image off show-border\"><img decoding=\"async\" class=\"img-fluid\" src=\"https:\/\/www.stoelzle.com\/wp-content\/uploads\/2021\/02\/business-units-tableware-800x800.jpg\" alt=\"Product picture of Business Unit Tableware\"><\/div>\n                  <div class=\"vc-gallery-content\"><div class=\"vc-gallery-title\">Tableware<\/div><\/div>\n                <\/a><\/div><\/div>[\/vc_column][\/vc_row]<\/p>\n<\/div>","protected":false},"excerpt":{"rendered":"<p>[vc_row][vc_column][\/vc_column][\/vc_row][vc_row][vc_column][\/vc_column][\/vc_row]<\/p>\n","protected":false},"author":1,"featured_media":0,"parent":0,"menu_order":400,"comment_status":"closed","ping_status":"closed","template":"","meta":{"_acf_changed":false,"footnotes":""},"class_list":["post-1700","page","type-page","status-publish","hentry"],"acf":[],"yoast_head":"<!-- This site is optimized with the Yoast SEO plugin v26.6 - https:\/\/yoast.com\/wordpress\/plugins\/seo\/ -->\n<title>Gesch\u00e4ftsfelder \u00bb Detailinfo zum Sortiment | Stoelzle<\/title>\n<meta name=\"description\" content=\"Stoelzle bedient seine Kunden in mehreren Gesch\u00e4ftsfeldern \u279c Pharma \u2713 Spirituosen \u2713 Parf\u00fcmerie &amp; Kosmetik \u2713 Consumer \u2713 Medical Laborglas \u2713 Tableware\" \/>\n<meta name=\"robots\" content=\"index, follow, max-snippet:-1, max-image-preview:large, max-video-preview:-1\" \/>\n<link rel=\"canonical\" href=\"https:\/\/www.stoelzle.com\/de\/geschaeftsfelder\/\" \/>\n<meta property=\"og:locale\" content=\"de_DE\" \/>\n<meta property=\"og:type\" content=\"article\" \/>\n<meta property=\"og:title\" content=\"Gesch\u00e4ftsfelder \u00bb Detailinfo zum Sortiment | Stoelzle\" \/>\n<meta property=\"og:description\" content=\"Stoelzle bedient seine Kunden in mehreren Gesch\u00e4ftsfeldern \u279c Pharma \u2713 Spirituosen \u2713 Parf\u00fcmerie &amp; Kosmetik \u2713 Consumer \u2713 Medical Laborglas \u2713 Tableware\" \/>\n<meta property=\"og:url\" content=\"https:\/\/www.stoelzle.com\/de\/geschaeftsfelder\/\" \/>\n<meta property=\"og:site_name\" content=\"Stoelzle Glass Group\" \/>\n<meta property=\"article:modified_time\" content=\"2024-01-25T13:20:35+00:00\" \/>\n<meta name=\"twitter:card\" content=\"summary_large_image\" \/>\n<meta name=\"twitter:label1\" content=\"Gesch\u00e4tzte Lesezeit\" \/>\n\t<meta name=\"twitter:data1\" content=\"1 Minute\" \/>\n<script type=\"application\/ld+json\" class=\"yoast-schema-graph\">{\"@context\":\"https:\/\/schema.org\",\"@graph\":[{\"@type\":\"WebPage\",\"@id\":\"https:\/\/www.stoelzle.com\/de\/geschaeftsfelder\/\",\"url\":\"https:\/\/www.stoelzle.com\/de\/geschaeftsfelder\/\",\"name\":\"Gesch\u00e4ftsfelder \u00bb Detailinfo zum Sortiment | Stoelzle\",\"isPartOf\":{\"@id\":\"https:\/\/www.stoelzle.com\/#website\"},\"datePublished\":\"2020-06-21T18:19:17+00:00\",\"dateModified\":\"2024-01-25T13:20:35+00:00\",\"description\":\"Stoelzle bedient seine Kunden in mehreren Gesch\u00e4ftsfeldern \u279c Pharma \u2713 Spirituosen \u2713 Parf\u00fcmerie & Kosmetik \u2713 Consumer \u2713 Medical Laborglas \u2713 Tableware\",\"breadcrumb\":{\"@id\":\"https:\/\/www.stoelzle.com\/de\/geschaeftsfelder\/#breadcrumb\"},\"inLanguage\":\"de-DE\",\"potentialAction\":[{\"@type\":\"ReadAction\",\"target\":[\"https:\/\/www.stoelzle.com\/de\/geschaeftsfelder\/\"]}]},{\"@type\":\"BreadcrumbList\",\"@id\":\"https:\/\/www.stoelzle.com\/de\/geschaeftsfelder\/#breadcrumb\",\"itemListElement\":[{\"@type\":\"ListItem\",\"position\":1,\"name\":\"Home\",\"item\":\"https:\/\/www.stoelzle.com\/de\/\"},{\"@type\":\"ListItem\",\"position\":2,\"name\":\"Gesch\u00e4ftsfelder\"}]},{\"@type\":\"WebSite\",\"@id\":\"https:\/\/www.stoelzle.com\/#website\",\"url\":\"https:\/\/www.stoelzle.com\/\",\"name\":\"Stoelzle Glass Group\",\"description\":\"\",\"publisher\":{\"@id\":\"https:\/\/www.stoelzle.com\/#organization\"},\"potentialAction\":[{\"@type\":\"SearchAction\",\"target\":{\"@type\":\"EntryPoint\",\"urlTemplate\":\"https:\/\/www.stoelzle.com\/?s={search_term_string}\"},\"query-input\":{\"@type\":\"PropertyValueSpecification\",\"valueRequired\":true,\"valueName\":\"search_term_string\"}}],\"inLanguage\":\"de-DE\"},{\"@type\":\"Organization\",\"@id\":\"https:\/\/www.stoelzle.com\/#organization\",\"name\":\"Stoelzle Glass Group\",\"url\":\"https:\/\/www.stoelzle.com\/\",\"logo\":{\"@type\":\"ImageObject\",\"inLanguage\":\"de-DE\",\"@id\":\"https:\/\/www.stoelzle.com\/#\/schema\/logo\/image\/\",\"url\":\"https:\/\/www.stoelzle.com\/wp-content\/uploads\/2020\/06\/Logo.svg\",\"contentUrl\":\"https:\/\/www.stoelzle.com\/wp-content\/uploads\/2020\/06\/Logo.svg\",\"width\":180,\"height\":40,\"caption\":\"Stoelzle Glass Group\"},\"image\":{\"@id\":\"https:\/\/www.stoelzle.com\/#\/schema\/logo\/image\/\"}}]}<\/script>\n<!-- \/ Yoast SEO plugin. -->","yoast_head_json":{"title":"Gesch\u00e4ftsfelder \u00bb Detailinfo zum Sortiment | Stoelzle","description":"Stoelzle bedient seine Kunden in mehreren Gesch\u00e4ftsfeldern \u279c Pharma \u2713 Spirituosen \u2713 Parf\u00fcmerie & Kosmetik \u2713 Consumer \u2713 Medical Laborglas \u2713 Tableware","robots":{"index":"index","follow":"follow","max-snippet":"max-snippet:-1","max-image-preview":"max-image-preview:large","max-video-preview":"max-video-preview:-1"},"canonical":"https:\/\/www.stoelzle.com\/de\/geschaeftsfelder\/","og_locale":"de_DE","og_type":"article","og_title":"Gesch\u00e4ftsfelder \u00bb Detailinfo zum Sortiment | Stoelzle","og_description":"Stoelzle bedient seine Kunden in mehreren Gesch\u00e4ftsfeldern \u279c Pharma \u2713 Spirituosen \u2713 Parf\u00fcmerie & Kosmetik \u2713 Consumer \u2713 Medical Laborglas \u2713 Tableware","og_url":"https:\/\/www.stoelzle.com\/de\/geschaeftsfelder\/","og_site_name":"Stoelzle Glass Group","article_modified_time":"2024-01-25T13:20:35+00:00","twitter_card":"summary_large_image","twitter_misc":{"Gesch\u00e4tzte Lesezeit":"1 Minute"},"schema":{"@context":"https:\/\/schema.org","@graph":[{"@type":"WebPage","@id":"https:\/\/www.stoelzle.com\/de\/geschaeftsfelder\/","url":"https:\/\/www.stoelzle.com\/de\/geschaeftsfelder\/","name":"Gesch\u00e4ftsfelder \u00bb Detailinfo zum Sortiment | Stoelzle","isPartOf":{"@id":"https:\/\/www.stoelzle.com\/#website"},"datePublished":"2020-06-21T18:19:17+00:00","dateModified":"2024-01-25T13:20:35+00:00","description":"Stoelzle bedient seine Kunden in mehreren Gesch\u00e4ftsfeldern \u279c Pharma \u2713 Spirituosen \u2713 Parf\u00fcmerie & Kosmetik \u2713 Consumer \u2713 Medical Laborglas \u2713 Tableware","breadcrumb":{"@id":"https:\/\/www.stoelzle.com\/de\/geschaeftsfelder\/#breadcrumb"},"inLanguage":"de-DE","potentialAction":[{"@type":"ReadAction","target":["https:\/\/www.stoelzle.com\/de\/geschaeftsfelder\/"]}]},{"@type":"BreadcrumbList","@id":"https:\/\/www.stoelzle.com\/de\/geschaeftsfelder\/#breadcrumb","itemListElement":[{"@type":"ListItem","position":1,"name":"Home","item":"https:\/\/www.stoelzle.com\/de\/"},{"@type":"ListItem","position":2,"name":"Gesch\u00e4ftsfelder"}]},{"@type":"WebSite","@id":"https:\/\/www.stoelzle.com\/#website","url":"https:\/\/www.stoelzle.com\/","name":"Stoelzle Glass Group","description":"","publisher":{"@id":"https:\/\/www.stoelzle.com\/#organization"},"potentialAction":[{"@type":"SearchAction","target":{"@type":"EntryPoint","urlTemplate":"https:\/\/www.stoelzle.com\/?s={search_term_string}"},"query-input":{"@type":"PropertyValueSpecification","valueRequired":true,"valueName":"search_term_string"}}],"inLanguage":"de-DE"},{"@type":"Organization","@id":"https:\/\/www.stoelzle.com\/#organization","name":"Stoelzle Glass Group","url":"https:\/\/www.stoelzle.com\/","logo":{"@type":"ImageObject","inLanguage":"de-DE","@id":"https:\/\/www.stoelzle.com\/#\/schema\/logo\/image\/","url":"https:\/\/www.stoelzle.com\/wp-content\/uploads\/2020\/06\/Logo.svg","contentUrl":"https:\/\/www.stoelzle.com\/wp-content\/uploads\/2020\/06\/Logo.svg","width":180,"height":40,"caption":"Stoelzle Glass Group"},"image":{"@id":"https:\/\/www.stoelzle.com\/#\/schema\/logo\/image\/"}}]}},"_links":{"self":[{"href":"https:\/\/www.stoelzle.com\/de\/wp-json\/wp\/v2\/pages\/1700","targetHints":{"allow":["GET"]}}],"collection":[{"href":"https:\/\/www.stoelzle.com\/de\/wp-json\/wp\/v2\/pages"}],"about":[{"href":"https:\/\/www.stoelzle.com\/de\/wp-json\/wp\/v2\/types\/page"}],"author":[{"embeddable":true,"href":"https:\/\/www.stoelzle.com\/de\/wp-json\/wp\/v2\/users\/1"}],"replies":[{"embeddable":true,"href":"https:\/\/www.stoelzle.com\/de\/wp-json\/wp\/v2\/comments?post=1700"}],"version-history":[{"count":0,"href":"https:\/\/www.stoelzle.com\/de\/wp-json\/wp\/v2\/pages\/1700\/revisions"}],"wp:attachment":[{"href":"https:\/\/www.stoelzle.com\/de\/wp-json\/wp\/v2\/media?parent=1700"}],"curies":[{"name":"wp","href":"https:\/\/api.w.org\/{rel}","templated":true}]}}