{"id":1698,"date":"2020-06-21T18:18:56","date_gmt":"2020-06-21T18:18:56","guid":{"rendered":"http:\/\/stoelzle.com\/stoelzle-glass-group\/"},"modified":"2021-07-06T08:10:07","modified_gmt":"2021-07-06T08:10:07","slug":"unternehmen","status":"publish","type":"page","link":"https:\/\/www.stoelzle.com\/de\/unternehmen\/","title":{"rendered":"Unternehmen"},"content":{"rendered":"<div class=\"wpb-content-wrapper\"><p>[vc_row][vc_column]<div class=\"vc-title  spacing-bottom-m text-center\">\n              <div class=\"topline\">Ihr Glasproduzent erster Wahl<\/div>\n              <h1 class=\"title position-relative separator\">Stoelzle Glasgruppe<\/h1>\n              <div class=\"row\"><div class=\"col-md-10 offset-md-1\"><\/p>\n<p class=\"large-text\">Der Glashersteller Stoelzle fertigt seit \u00fcber 200 Jahren hochwertiges Verpackungsglas f\u00fcr die Bereiche <a href=\"https:\/\/www.stoelzle.com\/pharma\/de\/\">Pharmazie<\/a>, <a href=\"https:\/\/www.stoelzle.com\/beauty\/de\/\">Parf\u00fcmerie &amp; Kosmetik<\/a>, <a href=\"https:\/\/www.stoelzle.com\/de\/geschaeftsfelder\/prestige-spirits\/\">Spirituosen<\/a>, <a href=\"https:\/\/www.stoelzle.com\/consumer\/de\/\">Lebensmittel und Getr\u00e4nke<\/a>. Die Abteilung <a href=\"https:\/\/www.stoelzle.com\/de\/geschaeftsfelder\/medical-laborbedarf\/\">Medical Laborglas<\/a> rundet das Angebot durch umfassenden Laborbedarf, Instrumente, Verschl\u00fcsse und Kleinmengen ab.<\/p>\n<p><\/div><\/div>\n            <\/div>[\/vc_column][\/vc_row][vc_row full_width=&#8221;stretch_row_content_no_spaces&#8221;][vc_column]<div id=\"id-content-cards\" class=\"row no-gutters  \">\n        <div class=\"col-sm-6 col-md-4 col-lg-3 \">\n          <a href=\"\/de\/unternehmen\/vision-werte\/\"  class=\"card d-block button-outline theme-dark\">\n            \n          <div class=\"card-image position-absolute w-100 h-100\">\n            <img decoding=\"async\" class=\"w-100 h-100\" style=\"filter: brightness(55%)\" src=\"https:\/\/www.stoelzle.com\/wp-content\/uploads\/2021\/01\/AugeBlau_VisionValues-800x800.jpg\" alt=\"Eye with blue iris\" \/>\n          <\/div>\n            <div class=\"card-overlay d-flex flex-column\">\n            <div class=\"sub-headline w-100\">Vision & Werte<\/div>\n            <div class=\"headline h3 w-100\">Unsere Leitprinzipien und Werte<\/div>\n            \n            \n              <div class=\"mt-auto\">\n                <span class=\"cta big-button arrow\"><\/span>\n              <\/div>\n            <\/div>\n          <\/a>\n        <\/div>\n        <div class=\"col-sm-6 col-md-4 col-lg-3 \">\n          <a href=\"\/de\/unternehmen\/qualitaet\/\"  class=\"card d-block card-text theme-blue\">\n            \n            <div class=\"card-overlay d-flex flex-column\">\n            <div class=\"sub-headline w-100\">Qualit\u00e4t<\/div>\n            <div class=\"headline h3 w-100\">Qualit\u00e4t in Prozessen und Produkten<\/div>\n            \n            \n              <div class=\"mt-auto\">\n                <span class=\"cta big-button arrow\"><\/span>\n              <\/div>\n            <\/div>\n          <\/a>\n        <\/div>\n        <div class=\"col-sm-6 col-md-4 col-lg-3 \">\n          <a href=\"\/de\/unternehmen\/nachhaltigkeit\/\"  class=\"card d-block button-outline theme-light\">\n            \n          <div class=\"card-image position-absolute w-100 h-100\">\n            <img decoding=\"async\" class=\"w-100 h-100\"  src=\"https:\/\/www.stoelzle.com\/wp-content\/uploads\/2021\/01\/Group-PflanzeimGlas-800x800.jpg\" alt=\"Glass jar filled with sand and plants\" \/>\n          <\/div>\n            <div class=\"card-overlay d-flex flex-column\">\n            <div class=\"sub-headline w-100\">Nachhaltigkeit<\/div>\n            <div class=\"headline h3 w-100\">Unser Verst\u00e4ndnis von Nachhaltigkeit<\/div>\n            \n            \n              <div class=\"mt-auto\">\n                <span class=\"cta big-button arrow\"><\/span>\n              <\/div>\n            <\/div>\n          <\/a>\n        <\/div>\n        <div class=\"col-sm-6 col-md-4 col-lg-3 d-block d-md-none d-lg-block\">\n          <div class=\"card card-text theme-light-gray quote\">\n            \n            <div class=\"card-overlay d-flex flex-column\">\n            \n            <div class=\"headline h3 w-100\">Wir sind stolz darauf, Verpackungen aus dem inerten Werkstoff Glas herzustellen.<\/div>\n            \n            \n              <div class=\"mt-auto\">\n                \n              <\/div>\n            <\/div>\n          <\/div>\n        <\/div>\n        <div class=\"col-sm-6 col-md-4 col-lg-3 \">\n          <a href=\"\/de\/unternehmen\/kooperationspartner\/\"  class=\"card d-block card-text theme-white\">\n            \n            <div class=\"card-overlay d-flex flex-column\">\n            <div class=\"sub-headline w-100\">Unsere Partner<\/div>\n            <div class=\"headline h3 w-100\">Botschafter f\u00fcr Glas<\/div>\n            <div class=\"desc w-100\"><p>Weil uns der Werkstoff Glas am Herzen liegt, unterst\u00fctzen wir tatkr\u00e4ftig nationale und internationale Kampagnen.<\/p><\/div>\n            \n              <div class=\"mt-auto\">\n                <span class=\"cta big-button arrow\"><\/span>\n              <\/div>\n            <\/div>\n          <\/a>\n        <\/div>\n        <div class=\"col-sm-6 col-md-4 col-lg-3 \">\n          <a href=\"\/de\/unternehmen\/einkauf\/\"  class=\"card d-block theme-light\">\n            \n          <div class=\"card-image position-absolute w-100 h-100\">\n            <img decoding=\"async\" class=\"w-100 h-100\"  src=\"https:\/\/www.stoelzle.com\/wp-content\/uploads\/2021\/01\/group-purchasing-sustainable-sourcing-800x800.jpg\" alt=\"Sketch of transport means ship, truck and plane\" \/>\n          <\/div>\n            <div class=\"card-overlay d-flex flex-column\">\n            <div class=\"sub-headline w-100\">Einkauf<\/div>\n            <div class=\"headline h3 w-100\">Nachhaltige Beschaffung<\/div>\n            \n            \n              <div class=\"mt-auto\">\n                <span class=\"cta big-button arrow\"><\/span>\n              <\/div>\n            <\/div>\n          <\/a>\n        <\/div>\n        <div class=\"col-sm-6 col-md-4 col-lg-3 d-block d-md-none d-lg-block\">\n          <a href=\"\/de\/unternehmen\/geschichte\/\"  class=\"card d-block card-text theme-blue\">\n            \n            <div class=\"card-overlay d-flex flex-column\">\n            <div class=\"sub-headline w-100\">Unsere Geschichte<\/div>\n            <div class=\"headline h3 w-100\">Der Weg zum Global Player<\/div>\n            \n            \n              <div class=\"mt-auto\">\n                <span class=\"cta big-button arrow\"><\/span>\n              <\/div>\n            <\/div>\n          <\/a>\n        <\/div>\n        <div class=\"col-sm-6 col-md-4 col-lg-3 \">\n          <a href=\"\/de\/unternehmen\/logistik\/\"  class=\"card d-block button-outline theme-dark\">\n            \n          <div class=\"card-image position-absolute w-100 h-100\">\n            <img decoding=\"async\" class=\"w-100 h-100\" style=\"filter: brightness(70%)\" src=\"https:\/\/www.stoelzle.com\/wp-content\/uploads\/2021\/01\/group-logistics-partners-800x800.jpg\" alt=\"Truck on a road\" \/>\n          <\/div>\n            <div class=\"card-overlay d-flex flex-column\">\n            <div class=\"sub-headline w-75\">Logistik<\/div>\n            <div class=\"headline h3 w-75\">Logistikpartner in aller Herren L\u00e4nder<\/div>\n            \n            \n              <div class=\"mt-auto\">\n                <span class=\"cta big-button arrow\"><\/span>\n              <\/div>\n            <\/div>\n          <\/a>\n        <\/div><\/div>[\/vc_column][\/vc_row][vc_row full_width=&#8221;stretch_row&#8221; el_class=&#8221;light-gray&#8221;][vc_column]<div class=\"vc-spacer spacing-bottom-m\"><\/div>[vc_row_inner content_placement=&#8221;middle&#8221; el_class=&#8221;text-text&#8221;][vc_column_inner width=&#8221;1\/2&#8243;][vc_column_text]<\/p>\n<h2>Zertifizierter Glashersteller<\/h2>\n<p>Alle Produktionsstandorte der Glasgruppe unterliegen der Qualit\u00e4tsnorm ISO 9001. Basierend auf ihrer strategischen Ausrichtung sind die Werke zus\u00e4tzlich gem\u00e4\u00df GMP\/ISO15378 (Standard f\u00fcr pharmazeutische Verpackungen) und\/oder BRC (Standard f\u00fcr Lebensmittelverpackungen) zertifiziert.<\/p>\n<ul>\n<li>ISO 9001 \u2013 Stoelzle Glasgruppe<\/li>\n<li>BRC GS \u2013 Stoelzle Oberglas<\/li>\n<li>BRC GS \u2013 Stoelzle Cz\u0119stochowa<\/li>\n<li>ISO 15378 \u2013 Stoelzle Oberglas<\/li>\n<li>ISO 15378 \u2013 Stoelzle Union<\/li>\n<\/ul>\n<p><a class=\"editor-button cta\" href=\"\/de\/downloads\/\">Download<\/a>[\/vc_column_text][\/vc_column_inner][vc_column_inner width=&#8221;1\/2&#8243;]\n      <div class=\"vc-image\">\n         \n          <img loading=\"lazy\" decoding=\"async\" width=\"2000\" height=\"1300\" src=\"https:\/\/www.stoelzle.com\/wp-content\/uploads\/2021\/01\/group-certifications-supplier.jpg\" class=\"img-fluid w-100 h-100 d-none d-md-block\" alt=\"Person stempelt Aktennotiz\" srcset=\"https:\/\/www.stoelzle.com\/wp-content\/uploads\/2021\/01\/group-certifications-supplier.jpg 2000w, https:\/\/www.stoelzle.com\/wp-content\/uploads\/2021\/01\/group-certifications-supplier-480x312.jpg 480w, https:\/\/www.stoelzle.com\/wp-content\/uploads\/2021\/01\/group-certifications-supplier-1024x666.jpg 1024w, https:\/\/www.stoelzle.com\/wp-content\/uploads\/2021\/01\/group-certifications-supplier-1536x998.jpg 1536w, https:\/\/www.stoelzle.com\/wp-content\/uploads\/2021\/01\/group-certifications-supplier-992x645.jpg 992w, https:\/\/www.stoelzle.com\/wp-content\/uploads\/2021\/01\/group-certifications-supplier-600x390.jpg 600w\" sizes=\"auto, (max-width: 2000px) 100vw, 2000px\" \/> \n          <img loading=\"lazy\" decoding=\"async\" width=\"992\" height=\"645\" src=\"https:\/\/www.stoelzle.com\/wp-content\/uploads\/2021\/01\/group-certifications-supplier-992x645.jpg\" class=\"img-fluid w-100 h-100 d-mdx-none\" alt=\"Person stempelt Aktennotiz\" srcset=\"https:\/\/www.stoelzle.com\/wp-content\/uploads\/2021\/01\/group-certifications-supplier-992x645.jpg 992w, https:\/\/www.stoelzle.com\/wp-content\/uploads\/2021\/01\/group-certifications-supplier-480x312.jpg 480w, https:\/\/www.stoelzle.com\/wp-content\/uploads\/2021\/01\/group-certifications-supplier-1024x666.jpg 1024w, https:\/\/www.stoelzle.com\/wp-content\/uploads\/2021\/01\/group-certifications-supplier-1536x998.jpg 1536w, https:\/\/www.stoelzle.com\/wp-content\/uploads\/2021\/01\/group-certifications-supplier-600x390.jpg 600w, https:\/\/www.stoelzle.com\/wp-content\/uploads\/2021\/01\/group-certifications-supplier.jpg 2000w\" sizes=\"auto, (max-width: 992px) 100vw, 992px\" \/>\n          \n         \n      <\/div>[\/vc_column_inner][\/vc_row_inner]<div class=\"vc-spacer spacing-bottom-m\"><\/div>[\/vc_column][\/vc_row][vc_row full_width=&#8221;stretch_row&#8221;][vc_column]<div class=\"vc-spacer spacing-bottom-m\"><\/div>[vc_row_inner content_placement=&#8221;middle&#8221; el_class=&#8221;text-text&#8221;][vc_column_inner width=&#8221;1\/2&#8243;]\n      <div class=\"vc-image\">\n         \n          <img loading=\"lazy\" decoding=\"async\" width=\"2000\" height=\"1300\" src=\"https:\/\/www.stoelzle.com\/wp-content\/uploads\/2021\/01\/group-sustainability-ecovadis.jpg\" class=\"img-fluid w-100 h-100 d-none d-md-block\" alt=\"Goldlabel von Ecovadis f\u00fcr Nachhaltigkeit\" srcset=\"https:\/\/www.stoelzle.com\/wp-content\/uploads\/2021\/01\/group-sustainability-ecovadis.jpg 2000w, https:\/\/www.stoelzle.com\/wp-content\/uploads\/2021\/01\/group-sustainability-ecovadis-480x312.jpg 480w, https:\/\/www.stoelzle.com\/wp-content\/uploads\/2021\/01\/group-sustainability-ecovadis-1024x666.jpg 1024w, https:\/\/www.stoelzle.com\/wp-content\/uploads\/2021\/01\/group-sustainability-ecovadis-1536x998.jpg 1536w, https:\/\/www.stoelzle.com\/wp-content\/uploads\/2021\/01\/group-sustainability-ecovadis-992x645.jpg 992w, https:\/\/www.stoelzle.com\/wp-content\/uploads\/2021\/01\/group-sustainability-ecovadis-600x390.jpg 600w\" sizes=\"auto, (max-width: 2000px) 100vw, 2000px\" \/> \n          <img loading=\"lazy\" decoding=\"async\" width=\"992\" height=\"645\" src=\"https:\/\/www.stoelzle.com\/wp-content\/uploads\/2021\/01\/group-sustainability-ecovadis-992x645.jpg\" class=\"img-fluid w-100 h-100 d-mdx-none\" alt=\"Goldlabel von Ecovadis f\u00fcr Nachhaltigkeit\" srcset=\"https:\/\/www.stoelzle.com\/wp-content\/uploads\/2021\/01\/group-sustainability-ecovadis-992x645.jpg 992w, https:\/\/www.stoelzle.com\/wp-content\/uploads\/2021\/01\/group-sustainability-ecovadis-480x312.jpg 480w, https:\/\/www.stoelzle.com\/wp-content\/uploads\/2021\/01\/group-sustainability-ecovadis-1024x666.jpg 1024w, https:\/\/www.stoelzle.com\/wp-content\/uploads\/2021\/01\/group-sustainability-ecovadis-1536x998.jpg 1536w, https:\/\/www.stoelzle.com\/wp-content\/uploads\/2021\/01\/group-sustainability-ecovadis-600x390.jpg 600w, https:\/\/www.stoelzle.com\/wp-content\/uploads\/2021\/01\/group-sustainability-ecovadis.jpg 2000w\" sizes=\"auto, (max-width: 992px) 100vw, 992px\" \/>\n          \n         \n      <\/div>[\/vc_column_inner][vc_column_inner width=&#8221;1\/2&#8243;][vc_column_text]<\/p>\n<h2>Umwelt- &amp; Energiemanagement<\/h2>\n<p>Als europ\u00e4ischer Glashersteller unterst\u00fctzen wir die EU Resource Efficiency Roadmap und fertigen Verpackungen aus dem permanenten Material Glas, das anerkannter Teil der <a href=\"https:\/\/www.stoelzle.com\/de\/unternehmen\/nachhaltigkeit\/umwelt\/\">Kreislaufwirtschaft<\/a> ist. Wir wissen, dass die Herstellung von Glas sehr energieintensiv ist und investieren und forschen deswegen kontinuierlich an nachhaltigen Prozessen und Technologien.<\/p>\n<ul>\n<li>ISO 14001 \u2013 Stoelzle Oberglas<\/li>\n<li>ISO 14001 \u2013 Stoelzle Union<\/li>\n<li>ISO 50001 \u2013 Stoelzle Masni\u00e8res Parfumerie<\/li>\n<li>ISO 50001 \u2013 Stoelzle Masni\u00e8res Parfumerie Decoration<\/li>\n<li>ISO 50001 \u2013 Stoelzle Union<\/li>\n<\/ul>\n<p><a class=\"editor-button cta\" href=\"\/de\/downloads\/\">Download<\/a>[\/vc_column_text][\/vc_column_inner][\/vc_row_inner]<div class=\"vc-spacer spacing-bottom-m\"><\/div>[\/vc_column][\/vc_row][vc_row disable_element=&#8221;yes&#8221;][vc_column]<div class=\"vc-two-columns  \">\n                <div class=\"row\">\n                    <div class=\"col-sm-6 bg-white image-right\"><div class=\"column-content h-100 d-flex flex-column justify-content-center\"><\/p>\n<h2>Zertifizierter Glashersteller<\/h2>\n<p>Alle Produktionsstandorte der Glasgruppe unterliegen der Qualit\u00e4tsnorm ISO 9001. Basierend auf ihrer strategischen Ausrichtung sind die Werke zus\u00e4tzlich gem\u00e4\u00df GMP\/ISO15378 (Standard f\u00fcr pharmazeutische Verpackungen) und\/oder BRC (Standard f\u00fcr Lebensmittelverpackungen) zertifiziert.<\/p>\n<ul>\n<li>ISO 9001 \u2013 Stoelzle Glasgruppe<\/li>\n<li>BRC GS \u2013 Stoelzle Oberglas<\/li>\n<li>BRC GS \u2013 Stoelzle Cz\u0119stochowa<\/li>\n<li>ISO 15378 \u2013 Stoelzle Oberglas<\/li>\n<li>ISO 15378 \u2013 Stoelzle Union<\/li>\n<\/ul>\n<p><a class=\"editor-button cta\" href=\"\/de\/downloads\/\">Download<\/a><\/div><\/div>\n                    <div class=\"col-sm-6 bg-white image-right\"><img loading=\"lazy\" decoding=\"async\" width=\"1024\" height=\"666\" src=\"https:\/\/www.stoelzle.com\/wp-content\/uploads\/2021\/01\/group-certifications-supplier-1024x666.jpg\" class=\"w-100 h-100 cover\" alt=\"Person at desk holding a stamp\" srcset=\"https:\/\/www.stoelzle.com\/wp-content\/uploads\/2021\/01\/group-certifications-supplier-1024x666.jpg 1024w, https:\/\/www.stoelzle.com\/wp-content\/uploads\/2021\/01\/group-certifications-supplier-480x312.jpg 480w, https:\/\/www.stoelzle.com\/wp-content\/uploads\/2021\/01\/group-certifications-supplier-1536x998.jpg 1536w, https:\/\/www.stoelzle.com\/wp-content\/uploads\/2021\/01\/group-certifications-supplier-992x645.jpg 992w, https:\/\/www.stoelzle.com\/wp-content\/uploads\/2021\/01\/group-certifications-supplier-600x390.jpg 600w, https:\/\/www.stoelzle.com\/wp-content\/uploads\/2021\/01\/group-certifications-supplier.jpg 2000w\" sizes=\"auto, (max-width: 1024px) 100vw, 1024px\" \/><\/div>\n                <\/div>\n            <\/div><div class=\"vc-two-columns  \">\n                <div class=\"row\">\n                    <div class=\"col-sm-6 bg-gray image-left\"><img loading=\"lazy\" decoding=\"async\" width=\"1024\" height=\"666\" src=\"https:\/\/www.stoelzle.com\/wp-content\/uploads\/2021\/01\/group-sustainability-ecovadis-1024x666.jpg\" class=\"w-100 h-100 cover\" alt=\"Ecovadis gold label inserted in forest background\" srcset=\"https:\/\/www.stoelzle.com\/wp-content\/uploads\/2021\/01\/group-sustainability-ecovadis-1024x666.jpg 1024w, https:\/\/www.stoelzle.com\/wp-content\/uploads\/2021\/01\/group-sustainability-ecovadis-480x312.jpg 480w, https:\/\/www.stoelzle.com\/wp-content\/uploads\/2021\/01\/group-sustainability-ecovadis-1536x998.jpg 1536w, https:\/\/www.stoelzle.com\/wp-content\/uploads\/2021\/01\/group-sustainability-ecovadis-992x645.jpg 992w, https:\/\/www.stoelzle.com\/wp-content\/uploads\/2021\/01\/group-sustainability-ecovadis-180x117.jpg 180w, https:\/\/www.stoelzle.com\/wp-content\/uploads\/2021\/01\/group-sustainability-ecovadis.jpg 2000w\" sizes=\"auto, (max-width: 1024px) 100vw, 1024px\" \/><\/div>\n                    <div class=\"col-sm-6 bg-gray image-left\"><div class=\"column-content h-100 d-flex flex-column justify-content-center\"><\/p>\n<h2>Umwelt- &amp; Energiemanagement<\/h2>\n<p>Als europ\u00e4ischer Glashersteller unterst\u00fctzen wir die EU Resource Efficiency Roadmap und fertigen Verpackungen aus dem permanenten Material Glas, das anerkannter Teil der Kreislaufwirtschaft ist. Wir wissen, dass die Herstellung von Glas sehr energieintensiv ist und investieren und forschen deswegen kontinuierlich an nachhaltigen Prozessen und Technologien.<\/p>\n<ul>\n<li>ISO 14001 \u2013 Stoelzle Oberglas<\/li>\n<li>ISO 14001 \u2013 Stoelzle Union<\/li>\n<li>ISO 50001 \u2013 Stoelzle Masni\u00e8res Parfumerie<\/li>\n<li>ISO 50001 \u2013 Stoelzle Masni\u00e8res Parfumerie Decoration<\/li>\n<li>ISO 50001 \u2013 Stoelzle Union<\/li>\n<\/ul>\n<p><a class=\"editor-button cta\" href=\"\/de\/downloads\/\">Download<\/a><\/div><\/div>\n                <\/div>\n            <\/div>[\/vc_column][\/vc_row]<\/p>\n<\/div>","protected":false},"excerpt":{"rendered":"<p>[vc_row][vc_column][\/vc_column][\/vc_row][vc_row full_width=&#8221;stretch_row_content_no_spaces&#8221;][vc_column][\/vc_column][\/vc_row][vc_row full_width=&#8221;stretch_row&#8221; el_class=&#8221;light-gray&#8221;][vc_column][vc_row_inner content_placement=&#8221;middle&#8221; el_class=&#8221;text-text&#8221;][vc_column_inner width=&#8221;1\/2&#8243;][vc_column_text] Zertifizierter Glashersteller Alle Produktionsstandorte der Glasgruppe unterliegen der Qualit\u00e4tsnorm ISO 9001. Basierend auf ihrer strategischen Ausrichtung sind die Werke zus\u00e4tzlich gem\u00e4\u00df GMP\/ISO15378 (Standard f\u00fcr pharmazeutische Verpackungen) und\/oder BRC (Standard f\u00fcr Lebensmittelverpackungen) zertifiziert. ISO 9001 \u2013 Stoelzle Glasgruppe BRC GS \u2013 Stoelzle Oberglas BRC GS \u2013 Stoelzle Cz\u0119stochowa ISO [&hellip;]<\/p>\n","protected":false},"author":1,"featured_media":0,"parent":0,"menu_order":200,"comment_status":"closed","ping_status":"closed","template":"","meta":{"_acf_changed":false,"footnotes":""},"class_list":["post-1698","page","type-page","status-publish","hentry"],"acf":[],"yoast_head":"<!-- This site is optimized with the Yoast SEO plugin v26.6 - https:\/\/yoast.com\/wordpress\/plugins\/seo\/ -->\n<title>Glashersteller \u00d6sterreich \u00bb Qualit\u00e4t seit 1805 | Stoelzle<\/title>\n<meta name=\"description\" content=\"Stoelzle ist Glashersteller in \u00d6sterreich seit 1805 \u279c One-Stop-Shop f\u00fcr Entwicklung \u2713 Produktion \u2713 Dekoration \u2713 Verschl\u00fcsse \u2713 Mehr erfahren!\" \/>\n<meta name=\"robots\" content=\"index, follow, max-snippet:-1, max-image-preview:large, max-video-preview:-1\" \/>\n<link rel=\"canonical\" href=\"https:\/\/www.stoelzle.com\/de\/unternehmen\/\" \/>\n<meta property=\"og:locale\" content=\"de_DE\" \/>\n<meta property=\"og:type\" content=\"article\" \/>\n<meta property=\"og:title\" content=\"Glashersteller \u00d6sterreich \u00bb Qualit\u00e4t seit 1805 | Stoelzle\" \/>\n<meta property=\"og:description\" content=\"Stoelzle ist Glashersteller in \u00d6sterreich seit 1805 \u279c One-Stop-Shop f\u00fcr Entwicklung \u2713 Produktion \u2713 Dekoration \u2713 Verschl\u00fcsse \u2713 Mehr erfahren!\" \/>\n<meta property=\"og:url\" content=\"https:\/\/www.stoelzle.com\/de\/unternehmen\/\" \/>\n<meta property=\"og:site_name\" content=\"Stoelzle Glass Group\" \/>\n<meta property=\"article:modified_time\" content=\"2021-07-06T08:10:07+00:00\" \/>\n<meta name=\"twitter:card\" content=\"summary_large_image\" \/>\n<meta name=\"twitter:label1\" content=\"Gesch\u00e4tzte Lesezeit\" \/>\n\t<meta name=\"twitter:data1\" content=\"2 Minuten\" \/>\n<script type=\"application\/ld+json\" class=\"yoast-schema-graph\">{\"@context\":\"https:\/\/schema.org\",\"@graph\":[{\"@type\":\"WebPage\",\"@id\":\"https:\/\/www.stoelzle.com\/de\/unternehmen\/\",\"url\":\"https:\/\/www.stoelzle.com\/de\/unternehmen\/\",\"name\":\"Glashersteller \u00d6sterreich \u00bb Qualit\u00e4t seit 1805 | Stoelzle\",\"isPartOf\":{\"@id\":\"https:\/\/www.stoelzle.com\/#website\"},\"datePublished\":\"2020-06-21T18:18:56+00:00\",\"dateModified\":\"2021-07-06T08:10:07+00:00\",\"description\":\"Stoelzle ist Glashersteller in \u00d6sterreich seit 1805 \u279c One-Stop-Shop f\u00fcr Entwicklung \u2713 Produktion \u2713 Dekoration \u2713 Verschl\u00fcsse \u2713 Mehr erfahren!\",\"breadcrumb\":{\"@id\":\"https:\/\/www.stoelzle.com\/de\/unternehmen\/#breadcrumb\"},\"inLanguage\":\"de-DE\",\"potentialAction\":[{\"@type\":\"ReadAction\",\"target\":[\"https:\/\/www.stoelzle.com\/de\/unternehmen\/\"]}]},{\"@type\":\"BreadcrumbList\",\"@id\":\"https:\/\/www.stoelzle.com\/de\/unternehmen\/#breadcrumb\",\"itemListElement\":[{\"@type\":\"ListItem\",\"position\":1,\"name\":\"Home\",\"item\":\"https:\/\/www.stoelzle.com\/de\/\"},{\"@type\":\"ListItem\",\"position\":2,\"name\":\"Unternehmen\"}]},{\"@type\":\"WebSite\",\"@id\":\"https:\/\/www.stoelzle.com\/#website\",\"url\":\"https:\/\/www.stoelzle.com\/\",\"name\":\"Stoelzle Glass Group\",\"description\":\"\",\"publisher\":{\"@id\":\"https:\/\/www.stoelzle.com\/#organization\"},\"potentialAction\":[{\"@type\":\"SearchAction\",\"target\":{\"@type\":\"EntryPoint\",\"urlTemplate\":\"https:\/\/www.stoelzle.com\/?s={search_term_string}\"},\"query-input\":{\"@type\":\"PropertyValueSpecification\",\"valueRequired\":true,\"valueName\":\"search_term_string\"}}],\"inLanguage\":\"de-DE\"},{\"@type\":\"Organization\",\"@id\":\"https:\/\/www.stoelzle.com\/#organization\",\"name\":\"Stoelzle Glass Group\",\"url\":\"https:\/\/www.stoelzle.com\/\",\"logo\":{\"@type\":\"ImageObject\",\"inLanguage\":\"de-DE\",\"@id\":\"https:\/\/www.stoelzle.com\/#\/schema\/logo\/image\/\",\"url\":\"https:\/\/www.stoelzle.com\/wp-content\/uploads\/2020\/06\/Logo.svg\",\"contentUrl\":\"https:\/\/www.stoelzle.com\/wp-content\/uploads\/2020\/06\/Logo.svg\",\"width\":180,\"height\":40,\"caption\":\"Stoelzle Glass Group\"},\"image\":{\"@id\":\"https:\/\/www.stoelzle.com\/#\/schema\/logo\/image\/\"}}]}<\/script>\n<!-- \/ Yoast SEO plugin. -->","yoast_head_json":{"title":"Glashersteller \u00d6sterreich \u00bb Qualit\u00e4t seit 1805 | Stoelzle","description":"Stoelzle ist Glashersteller in \u00d6sterreich seit 1805 \u279c One-Stop-Shop f\u00fcr Entwicklung \u2713 Produktion \u2713 Dekoration \u2713 Verschl\u00fcsse \u2713 Mehr erfahren!","robots":{"index":"index","follow":"follow","max-snippet":"max-snippet:-1","max-image-preview":"max-image-preview:large","max-video-preview":"max-video-preview:-1"},"canonical":"https:\/\/www.stoelzle.com\/de\/unternehmen\/","og_locale":"de_DE","og_type":"article","og_title":"Glashersteller \u00d6sterreich \u00bb Qualit\u00e4t seit 1805 | Stoelzle","og_description":"Stoelzle ist Glashersteller in \u00d6sterreich seit 1805 \u279c One-Stop-Shop f\u00fcr Entwicklung \u2713 Produktion \u2713 Dekoration \u2713 Verschl\u00fcsse \u2713 Mehr erfahren!","og_url":"https:\/\/www.stoelzle.com\/de\/unternehmen\/","og_site_name":"Stoelzle Glass Group","article_modified_time":"2021-07-06T08:10:07+00:00","twitter_card":"summary_large_image","twitter_misc":{"Gesch\u00e4tzte Lesezeit":"2 Minuten"},"schema":{"@context":"https:\/\/schema.org","@graph":[{"@type":"WebPage","@id":"https:\/\/www.stoelzle.com\/de\/unternehmen\/","url":"https:\/\/www.stoelzle.com\/de\/unternehmen\/","name":"Glashersteller \u00d6sterreich \u00bb Qualit\u00e4t seit 1805 | Stoelzle","isPartOf":{"@id":"https:\/\/www.stoelzle.com\/#website"},"datePublished":"2020-06-21T18:18:56+00:00","dateModified":"2021-07-06T08:10:07+00:00","description":"Stoelzle ist Glashersteller in \u00d6sterreich seit 1805 \u279c One-Stop-Shop f\u00fcr Entwicklung \u2713 Produktion \u2713 Dekoration \u2713 Verschl\u00fcsse \u2713 Mehr erfahren!","breadcrumb":{"@id":"https:\/\/www.stoelzle.com\/de\/unternehmen\/#breadcrumb"},"inLanguage":"de-DE","potentialAction":[{"@type":"ReadAction","target":["https:\/\/www.stoelzle.com\/de\/unternehmen\/"]}]},{"@type":"BreadcrumbList","@id":"https:\/\/www.stoelzle.com\/de\/unternehmen\/#breadcrumb","itemListElement":[{"@type":"ListItem","position":1,"name":"Home","item":"https:\/\/www.stoelzle.com\/de\/"},{"@type":"ListItem","position":2,"name":"Unternehmen"}]},{"@type":"WebSite","@id":"https:\/\/www.stoelzle.com\/#website","url":"https:\/\/www.stoelzle.com\/","name":"Stoelzle Glass Group","description":"","publisher":{"@id":"https:\/\/www.stoelzle.com\/#organization"},"potentialAction":[{"@type":"SearchAction","target":{"@type":"EntryPoint","urlTemplate":"https:\/\/www.stoelzle.com\/?s={search_term_string}"},"query-input":{"@type":"PropertyValueSpecification","valueRequired":true,"valueName":"search_term_string"}}],"inLanguage":"de-DE"},{"@type":"Organization","@id":"https:\/\/www.stoelzle.com\/#organization","name":"Stoelzle Glass Group","url":"https:\/\/www.stoelzle.com\/","logo":{"@type":"ImageObject","inLanguage":"de-DE","@id":"https:\/\/www.stoelzle.com\/#\/schema\/logo\/image\/","url":"https:\/\/www.stoelzle.com\/wp-content\/uploads\/2020\/06\/Logo.svg","contentUrl":"https:\/\/www.stoelzle.com\/wp-content\/uploads\/2020\/06\/Logo.svg","width":180,"height":40,"caption":"Stoelzle Glass Group"},"image":{"@id":"https:\/\/www.stoelzle.com\/#\/schema\/logo\/image\/"}}]}},"_links":{"self":[{"href":"https:\/\/www.stoelzle.com\/de\/wp-json\/wp\/v2\/pages\/1698","targetHints":{"allow":["GET"]}}],"collection":[{"href":"https:\/\/www.stoelzle.com\/de\/wp-json\/wp\/v2\/pages"}],"about":[{"href":"https:\/\/www.stoelzle.com\/de\/wp-json\/wp\/v2\/types\/page"}],"author":[{"embeddable":true,"href":"https:\/\/www.stoelzle.com\/de\/wp-json\/wp\/v2\/users\/1"}],"replies":[{"embeddable":true,"href":"https:\/\/www.stoelzle.com\/de\/wp-json\/wp\/v2\/comments?post=1698"}],"version-history":[{"count":0,"href":"https:\/\/www.stoelzle.com\/de\/wp-json\/wp\/v2\/pages\/1698\/revisions"}],"wp:attachment":[{"href":"https:\/\/www.stoelzle.com\/de\/wp-json\/wp\/v2\/media?parent=1698"}],"curies":[{"name":"wp","href":"https:\/\/api.w.org\/{rel}","templated":true}]}}