{"id":5356,"date":"2023-06-08T12:33:27","date_gmt":"2023-06-08T12:33:27","guid":{"rendered":"https:\/\/www.stoelzle.com\/consumer\/?page_id=5356"},"modified":"2024-05-23T11:50:14","modified_gmt":"2024-05-23T11:50:14","slug":"hochdruck-glasflaschen","status":"publish","type":"page","link":"https:\/\/www.stoelzle.com\/consumer\/de\/service\/hochdruck-glasflaschen\/","title":{"rendered":"Hochdruck-Glasflaschen"},"content":{"rendered":"<div class=\"wpb-content-wrapper\"><p>[vc_row full_width=&#8221;stretch_row&#8221; css=&#8221;.vc_custom_1683703065698{background-image: url(https:\/\/www.stoelzle.com\/consumer\/wp-content\/uploads\/sites\/3\/2023\/05\/high-pressure-bottle-for-sparkling-water.jpg?id=5334) !important;background-position: center !important;background-repeat: no-repeat !important;background-size: cover !important;}&#8221; el_id=&#8221;top&#8221;][vc_column][vc_row_inner][vc_column_inner width=&#8221;1\/2&#8243; offset=&#8221;vc_col-xs-3\/5&#8243;]<div class=\"vc-title spacing-top-m spacing-bottom-m\">\n              \n              <h1 class=\"title position-relative separator\">Hochdruck-Glasflaschen<\/h1>\n              <div class=\"text\"><\/p>\n<p class=\"large-text\">Bei der Herstellung von Glasflaschen, die f\u00fcr das Sprudelverfahren geeignet sind, achtet Stoelzle darauf, dass die Flaschen dem dabei entstehenden \u00dcberdruck standhalten.<\/p>\n<p><\/div>\n            <\/div>[\/vc_column_inner][vc_column_inner width=&#8221;1\/2&#8243; offset=&#8221;vc_hidden-xs&#8221;][\/vc_column_inner][\/vc_row_inner][\/vc_column][\/vc_row][vc_row content_placement=&#8221;middle&#8221; el_id=&#8221;anchor-links&#8221;][vc_column width=&#8221;1\/6&#8243;][\/vc_column][vc_column width=&#8221;2\/3&#8243;]<div class=\"vc-spacer spacing-bottom-m\"><\/div>[vc_column_text]<\/p>\n<p class=\"large-text\" style=\"text-align: center\">Sprudelwasser entsteht, indem der Fl\u00fcssigkeit unter hohem Druck gasf\u00f6rmiges Kohlendioxid zugesetzt wird, wodurch kleine Bl\u00e4schen entstehen. F\u00fcr unsere Hochdruckflaschen verwenden wir hochwertiges Glas, damit die Flaschen unter Druck nicht platzen. Und wie alle unsere Produkte k\u00f6nnen auch Hochdruck-Flaschen individuell an die Spezifikationen Ihres Sprudelger\u00e4tes angepasst werden.<\/p>\n<p>&nbsp;<\/p>\n<p style=\"text-align: center\"><a class=\"editor-button cta cta-big\" href=\"https:\/\/www.stoelzle.com\/consumer\/de\/kontakt\/\">Kontaktieren Sie uns und erfahren Sie mehr<\/a><\/p>\n<p>[\/vc_column_text]<div class=\"vc-spacer spacing-bottom-m\"><\/div>[\/vc_column][vc_column width=&#8221;1\/6&#8243;][\/vc_column][\/vc_row][vc_row full_width=&#8221;stretch_row_content_no_spaces&#8221;][vc_column]<div id=\"id-content-cards\" class=\"row no-gutters  \">\n        <div class=\"col-sm-6 col-md-4 col-lg-3 \">\n          <div class=\"card card-text theme-white\">\n            \n            <div class=\"card-overlay d-flex flex-column\">\n            \n            <div class=\"headline h3 w-100\">Hochwertige Optik und Haptik<\/div>\n            <div class=\"desc w-100\"><p>Zu Ihrem hochwertigen Wassersprudler geh\u00f6ren hochwertige Glasflaschen. Dies zeigt nicht nur dem Kunden, dass er ein erstklassiges Produkt kauft, sondern hilft Ihnen auch, sich im Markt von Ihren Mitbewerbern abzuheben.<\/p><\/div>\n            \n              <div class=\"mt-auto\">\n                \n              <\/div>\n            <\/div>\n          <\/div>\n        <\/div>\n        <div class=\"col-sm-6 col-md-4 col-lg-3 \">\n          <div class=\"card card-text theme-light-gray quote\">\n            \n            <div class=\"card-overlay d-flex flex-column\">\n            \n            <div class=\"headline h3 w-100\">Stoelzle Hochdruckglasflaschen sind zu 100% individualisierbar.<\/div>\n            \n            \n              <div class=\"mt-auto\">\n                \n              <\/div>\n            <\/div>\n          <\/div>\n        <\/div>\n        <div class=\"col-sm-6 col-md-4 col-lg-3 d-block d-md-none d-lg-block\">\n          <div class=\"card no-zoom theme-dark\">\n            \n          <div class=\"card-image position-absolute w-100 h-100\">\n            <img decoding=\"async\" class=\"w-100 h-100\"  src=\"https:\/\/www.stoelzle.com\/consumer\/wp-content\/uploads\/sites\/3\/2023\/05\/water-bubbles-800x800.jpg\" alt=\"\" \/>\n          <\/div>\n            <div class=\"card-overlay d-flex flex-column\">\n            \n            \n            \n            \n              <div class=\"mt-auto\">\n                \n              <\/div>\n            <\/div>\n          <\/div>\n        <\/div>\n        <div class=\"col-sm-6 col-md-4 col-lg-3 \">\n          <div class=\"card card-text theme-blue\">\n            \n            <div class=\"card-overlay d-flex flex-column\">\n            \n            <div class=\"headline h3 w-100\">Nachhaltigkeit<\/div>\n            <div class=\"desc w-100\"><p>Stoelzle ist Vorreiter in Sachen Nachhaltigkeit. Wir stellen sicher, dass unsere Hochdruckglasflaschen umweltfreundlich hergestellt werden und auch wiederverwendet und recycelt werden k\u00f6nnen.\n<ul>\n<li>100% inert<\/li>\n<li>100% geschmacksneutral<\/li>\n<li>100% recyclebar<\/li>\n<li>100% nat\u00fcrlich<\/li>\n<\/ul><\/p><\/div>\n            \n              <div class=\"mt-auto\">\n                \n              <\/div>\n            <\/div>\n          <\/div>\n        <\/div><\/div>[\/vc_column][\/vc_row][vc_row el_id=&#8221;market-analysis&#8221;][vc_column]<div class=\"vc-two-columns  \">\n                <div class=\"row\">\n                    <div class=\"col-sm-6 bg-white image-right\"><div class=\"column-content h-100 d-flex flex-column justify-content-center\"><\/p>\n<h2>MySoda x Stoelzle<\/h2>\n<p>Mysoda, eine finnische Marke, die f\u00fcr ihr Design und ihre auf Nachhaltigkeit ausgerichteten Wassersprudler bekannt ist, hat die Art und Weise revolutioniert, wie Menschen kohlens\u00e4urehaltige Getr\u00e4nke zu Hause genie\u00dfen. Mit Engagement f\u00fcr die Umwelt und der Vision, eine nachhaltigere Zukunft zu inspirieren, ist Mysoda zu einem Pionier in der Branche geworden. Der Glassy Wassersprudler zeugt von Mysodas Engagement f\u00fcr \u00c4sthetik und Umweltverantwortung. In Zusammenarbeit mit Stoelzle hat Mysoda eine einzigartige und exquisite Glaskaraffe geschaffen, die das gesamte Genusserlebnis aufwertet.<\/p>\n<p><a href=\"https:\/\/www.stoelzle.com\/consumer\/de\/stories\/mysoda\/\">Lies die ganze Erfolgsgeschichte<\/a><\/p>\n<p><\/div><\/div>\n                    <div class=\"col-sm-6 bg-white image-right\"><img loading=\"lazy\" decoding=\"async\" width=\"1024\" height=\"768\" src=\"https:\/\/www.stoelzle.com\/consumer\/wp-content\/uploads\/sites\/3\/2024\/05\/glassy_pigeon_mysoda56446_newcap_hires-1024x768.jpg\" class=\"w-100 h-100 cover\" alt=\"My Soda Glassy Sparkling Water Maker\" srcset=\"https:\/\/www.stoelzle.com\/consumer\/wp-content\/uploads\/sites\/3\/2024\/05\/glassy_pigeon_mysoda56446_newcap_hires-1024x768.jpg 1024w, https:\/\/www.stoelzle.com\/consumer\/wp-content\/uploads\/sites\/3\/2024\/05\/glassy_pigeon_mysoda56446_newcap_hires-480x360.jpg 480w, https:\/\/www.stoelzle.com\/consumer\/wp-content\/uploads\/sites\/3\/2024\/05\/glassy_pigeon_mysoda56446_newcap_hires-1536x1152.jpg 1536w, https:\/\/www.stoelzle.com\/consumer\/wp-content\/uploads\/sites\/3\/2024\/05\/glassy_pigeon_mysoda56446_newcap_hires-2048x1536.jpg 2048w, https:\/\/www.stoelzle.com\/consumer\/wp-content\/uploads\/sites\/3\/2024\/05\/glassy_pigeon_mysoda56446_newcap_hires-992x744.jpg 992w, https:\/\/www.stoelzle.com\/consumer\/wp-content\/uploads\/sites\/3\/2024\/05\/glassy_pigeon_mysoda56446_newcap_hires-2000x1500.jpg 2000w, https:\/\/www.stoelzle.com\/consumer\/wp-content\/uploads\/sites\/3\/2024\/05\/glassy_pigeon_mysoda56446_newcap_hires-800x600.jpg 800w, https:\/\/www.stoelzle.com\/consumer\/wp-content\/uploads\/sites\/3\/2024\/05\/glassy_pigeon_mysoda56446_newcap_hires-180x135.jpg 180w\" sizes=\"auto, (max-width: 1024px) 100vw, 1024px\" \/><\/div>\n                <\/div>\n            <\/div>[\/vc_column][\/vc_row][vc_row][vc_column]<div class=\"vc-two-columns  \">\n                <div class=\"row\">\n                    <div class=\"col-sm-6 bg-gray image-left\"><img loading=\"lazy\" decoding=\"async\" width=\"1024\" height=\"681\" src=\"https:\/\/www.stoelzle.com\/consumer\/wp-content\/uploads\/sites\/3\/2023\/05\/glass-bottle-water-1024x681.jpg\" class=\"w-100 h-100 cover\" alt=\"\" srcset=\"https:\/\/www.stoelzle.com\/consumer\/wp-content\/uploads\/sites\/3\/2023\/05\/glass-bottle-water-1024x681.jpg 1024w, https:\/\/www.stoelzle.com\/consumer\/wp-content\/uploads\/sites\/3\/2023\/05\/glass-bottle-water-480x320.jpg 480w, https:\/\/www.stoelzle.com\/consumer\/wp-content\/uploads\/sites\/3\/2023\/05\/glass-bottle-water-1536x1022.jpg 1536w, https:\/\/www.stoelzle.com\/consumer\/wp-content\/uploads\/sites\/3\/2023\/05\/glass-bottle-water-992x660.jpg 992w, https:\/\/www.stoelzle.com\/consumer\/wp-content\/uploads\/sites\/3\/2023\/05\/glass-bottle-water-180x120.jpg 180w, https:\/\/www.stoelzle.com\/consumer\/wp-content\/uploads\/sites\/3\/2023\/05\/glass-bottle-water.jpg 2000w\" sizes=\"auto, (max-width: 1024px) 100vw, 1024px\" \/><\/div>\n                    <div class=\"col-sm-6 bg-gray image-left\"><div class=\"column-content h-100 d-flex flex-column justify-content-center\"><\/p>\n<h2>Personalisierung<\/h2>\n<p>Unsere exklusiven Hochdruck-Glasflaschen sind vollst\u00e4ndig personalisierbar. Unser Designteam entwirft und gestaltet nach Ihren individuellen Vorstellungen eine einzigartige Flasche, die Ihre Markenidentit\u00e4t widerspiegelt und Ihre Zielgruppe anspricht. Unsere individuell gestalteten Flaschen entsprechen nicht nur den technischen Spezifikationen Ihres Wassersprudlers, sondern werten ihn auch optisch und haptisch auf.<\/p>\n<p><a href=\"#top\">Zur\u00fcck zum Anfang \u2191<\/a><\/p>\n<p><\/div><\/div>\n                <\/div>\n            <\/div>[\/vc_column][\/vc_row][vc_row el_id=&#8221;demand-market-analysis&#8221;][vc_column]<div class=\"vc-two-columns  \">\n                <div class=\"row\">\n                    <div class=\"col-sm-6 bg-white image-right\"><div class=\"column-content h-100 d-flex flex-column justify-content-center\"><\/p>\n<h2>Hohe Qualit\u00e4t<\/h2>\n<p>Unser Know-how in der Glasherstellung ist un\u00fcbertroffen und wir arbeiten bereits mit zahlreichen Kunden zusammen, die in der Wassersprudler-Branche f\u00fchrend sind. Unsere Flaschen halten nicht nur dem Druck stand, der w\u00e4hrend des Sprudelns entsteht, sondern erm\u00f6glichen auch ein effektives Ablassen des \u00dcberdrucks. Dadurch bleibt die Flasche auch nach dem Sprudelvorgang stabil und sicher. Unsere Produktionsst\u00e4tten verf\u00fcgen \u00fcber die Anlagen und Technologien, um die Drucktoleranz der Flaschen zu testen und so sicherzustellen, dass Ihre Flaschen dem Sprudelprozess standhalten.<\/p>\n<p><a href=\"#top\">Zur\u00fcck zum Anfang \u2191<\/a><\/p>\n<p><\/div><\/div>\n                    <div class=\"col-sm-6 bg-white image-right\"><img loading=\"lazy\" decoding=\"async\" width=\"1024\" height=\"682\" src=\"https:\/\/www.stoelzle.com\/consumer\/wp-content\/uploads\/sites\/3\/2023\/05\/soda-maker-1024x682.jpg\" class=\"w-100 h-100 cover\" alt=\"\" srcset=\"https:\/\/www.stoelzle.com\/consumer\/wp-content\/uploads\/sites\/3\/2023\/05\/soda-maker-1024x682.jpg 1024w, https:\/\/www.stoelzle.com\/consumer\/wp-content\/uploads\/sites\/3\/2023\/05\/soda-maker-480x320.jpg 480w, https:\/\/www.stoelzle.com\/consumer\/wp-content\/uploads\/sites\/3\/2023\/05\/soda-maker-1536x1024.jpg 1536w, https:\/\/www.stoelzle.com\/consumer\/wp-content\/uploads\/sites\/3\/2023\/05\/soda-maker-992x661.jpg 992w, https:\/\/www.stoelzle.com\/consumer\/wp-content\/uploads\/sites\/3\/2023\/05\/soda-maker-180x120.jpg 180w, https:\/\/www.stoelzle.com\/consumer\/wp-content\/uploads\/sites\/3\/2023\/05\/soda-maker.jpg 2000w\" sizes=\"auto, (max-width: 1024px) 100vw, 1024px\" \/><\/div>\n                <\/div>\n            <\/div>[\/vc_column][\/vc_row][vc_row el_id=&#8221;what-are-essential-oils&#8221;][vc_column]<div class=\"vc-two-columns  \">\n                <div class=\"row\">\n                    <div class=\"col-sm-6 bg-gray image-left\"><img loading=\"lazy\" decoding=\"async\" width=\"1024\" height=\"666\" src=\"https:\/\/www.stoelzle.com\/consumer\/wp-content\/uploads\/sites\/3\/2023\/04\/news-pcr-green-1024x666.jpg\" class=\"w-100 h-100 cover\" alt=\"green glass cullet\" srcset=\"https:\/\/www.stoelzle.com\/consumer\/wp-content\/uploads\/sites\/3\/2023\/04\/news-pcr-green-1024x666.jpg 1024w, https:\/\/www.stoelzle.com\/consumer\/wp-content\/uploads\/sites\/3\/2023\/04\/news-pcr-green-480x312.jpg 480w, https:\/\/www.stoelzle.com\/consumer\/wp-content\/uploads\/sites\/3\/2023\/04\/news-pcr-green-992x645.jpg 992w, https:\/\/www.stoelzle.com\/consumer\/wp-content\/uploads\/sites\/3\/2023\/04\/news-pcr-green-180x117.jpg 180w, https:\/\/www.stoelzle.com\/consumer\/wp-content\/uploads\/sites\/3\/2023\/04\/news-pcr-green.jpg 1500w\" sizes=\"auto, (max-width: 1024px) 100vw, 1024px\" \/><\/div>\n                    <div class=\"col-sm-6 bg-gray image-left\"><div class=\"column-content h-100 d-flex flex-column justify-content-center\"><\/p>\n<h2>Nachhaltigkeit<\/h2>\n<p>Wir bei Stoelzle sind uns der Bedeutung von Nachhaltigkeit und Abfallvermeidung bewusst. Deshalb sind unsere ma\u00dfgefertigten Hochdruck-Glasflaschen auf Wiederverwendbarkeit und Langlebigkeit ausgelegt. Glasflaschen enthalten keine sch\u00e4dlichen Chemikalien, da sie ausschlie\u00dflich aus nat\u00fcrlichen Materialien hergestellt werden. Wenn Sie sich also f\u00fcr Hochdruck-Glasflaschen entscheiden, k\u00f6nnen Sie Ihren Kunden ein sicheres und nachhaltiges Produkt anbieten. Dar\u00fcber hinaus sind unsere Hochdruck-Glasflaschen zu 100 % recycelbar, was bedeutet, dass nach dem Gebrauch der Glasflaschen kein Abfall entsteht. Kreieren Sie mit uns eine hochwertige und nachhaltige Flasche f\u00fcr Ihren einzigartigen Wassersprudler.<\/p>\n<p><a href=\"https:\/\/www.stoelzle.com\/consumer\/de\/ueber-uns\/nachhaltigkeit\/\">Mehr zum Thema Nachhaltigkeit bei Stoelzle<\/a><\/p>\n<p>&nbsp;<\/p>\n<p><\/div><\/div>\n                <\/div>\n            <\/div>[\/vc_column][\/vc_row][vc_row full_width=&#8221;stretch_row_content_no_spaces&#8221; el_id=&#8221;image&#8221; css=&#8221;.vc_custom_1683642844084{padding-top: 300px !important;padding-bottom: 300px !important;background-image: url(https:\/\/www.stoelzle.com\/consumer\/wp-content\/uploads\/sites\/3\/2023\/05\/high-pressure-glass-bottle-background-v2.jpg?id=5320) !important;background-position: center !important;background-repeat: no-repeat !important;background-size: cover !important;}&#8221;][vc_column][\/vc_column][\/vc_row][vc_row][vc_column width=&#8221;1\/6&#8243;][\/vc_column][vc_column width=&#8221;2\/3&#8243;]<div class=\"vc-spacer spacing-bottom-m\"><\/div><div class=\"vc-title   text-center\">\n              <div class=\"topline\">Wir freuen uns, von Ihnen zu h\u00f6ren<\/div>\n              <h2 class=\"title position-relative separator\">Kontakt<\/h2>\n              \n            <\/div>[vc_raw_html]JTVCY29udGFjdC1mb3JtLTclMjBpZCUzRCUyMjUzNTclMjIlMjB0aXRsZSUzRCUyMktvbnRha3Rmb3JtdWxhciUyMEhvY2hkcnVjay1HbGFzZmxhc2NoZW4lMjBERSUyMiU1RA==[\/vc_raw_html]<div class=\"vc-spacer spacing-bottom-m\"><\/div><div class=\"vc-spacer spacing-bottom-l\"><\/div>[\/vc_column][vc_column width=&#8221;1\/6&#8243;][\/vc_column][\/vc_row]<\/p>\n<\/div>","protected":false},"excerpt":{"rendered":"<p>[vc_row full_width=&#8221;stretch_row&#8221; css=&#8221;.vc_custom_1683703065698{background-image: url(https:\/\/www.stoelzle.com\/consumer\/wp-content\/uploads\/sites\/3\/2023\/05\/high-pressure-bottle-for-sparkling-water.jpg?id=5334) !important;background-position: center !important;background-repeat: no-repeat !important;background-size: cover !important;}&#8221; el_id=&#8221;top&#8221;][vc_column][vc_row_inner][vc_column_inner width=&#8221;1\/2&#8243; offset=&#8221;vc_col-xs-3\/5&#8243;][\/vc_column_inner][vc_column_inner width=&#8221;1\/2&#8243; offset=&#8221;vc_hidden-xs&#8221;][\/vc_column_inner][\/vc_row_inner][\/vc_column][\/vc_row][vc_row content_placement=&#8221;middle&#8221; el_id=&#8221;anchor-links&#8221;][vc_column width=&#8221;1\/6&#8243;][\/vc_column][vc_column width=&#8221;2\/3&#8243;][vc_column_text] Sprudelwasser entsteht, indem der Fl\u00fcssigkeit unter hohem Druck gasf\u00f6rmiges Kohlendioxid zugesetzt wird, wodurch kleine Bl\u00e4schen entstehen. F\u00fcr unsere Hochdruckflaschen verwenden wir hochwertiges Glas, damit die Flaschen unter Druck nicht platzen. Und wie alle unsere Produkte [&hellip;]<\/p>\n","protected":false},"author":1,"featured_media":0,"parent":1718,"menu_order":50,"comment_status":"closed","ping_status":"closed","template":"","meta":{"_acf_changed":false,"footnotes":""},"class_list":["post-5356","page","type-page","status-publish","hentry"],"acf":[],"yoast_head":"<!-- This site is optimized with the Yoast SEO plugin v26.6 - https:\/\/yoast.com\/wordpress\/plugins\/seo\/ -->\n<title>Hochdruck-Glasflaschen - Stoelzle Consumer \u2013 Food &amp; Beverages<\/title>\n<meta name=\"description\" content=\"F\u00fcr unsere Hochdruckflaschen verwenden wir hochwertiges Glas, damit die Flaschen unter Druck nicht platzen.\" \/>\n<meta name=\"robots\" content=\"index, follow, max-snippet:-1, max-image-preview:large, max-video-preview:-1\" \/>\n<link rel=\"canonical\" href=\"https:\/\/www.stoelzle.com\/consumer\/de\/service\/hochdruck-glasflaschen\/\" \/>\n<meta property=\"og:locale\" content=\"de_DE\" \/>\n<meta property=\"og:type\" content=\"article\" \/>\n<meta property=\"og:title\" content=\"Hochdruck-Glasflaschen - Stoelzle Consumer \u2013 Food &amp; Beverages\" \/>\n<meta property=\"og:description\" content=\"F\u00fcr unsere Hochdruckflaschen verwenden wir hochwertiges Glas, damit die Flaschen unter Druck nicht platzen.\" \/>\n<meta property=\"og:url\" content=\"https:\/\/www.stoelzle.com\/consumer\/de\/service\/hochdruck-glasflaschen\/\" \/>\n<meta property=\"og:site_name\" content=\"Stoelzle Consumer \u2013 Food &amp; Beverages\" \/>\n<meta property=\"article:modified_time\" content=\"2024-05-23T11:50:14+00:00\" \/>\n<meta name=\"twitter:card\" content=\"summary_large_image\" \/>\n<meta name=\"twitter:label1\" content=\"Gesch\u00e4tzte Lesezeit\" \/>\n\t<meta name=\"twitter:data1\" content=\"3 Minuten\" \/>\n<script type=\"application\/ld+json\" class=\"yoast-schema-graph\">{\"@context\":\"https:\/\/schema.org\",\"@graph\":[{\"@type\":\"WebPage\",\"@id\":\"https:\/\/www.stoelzle.com\/consumer\/de\/service\/hochdruck-glasflaschen\/\",\"url\":\"https:\/\/www.stoelzle.com\/consumer\/de\/service\/hochdruck-glasflaschen\/\",\"name\":\"Hochdruck-Glasflaschen - Stoelzle Consumer \u2013 Food &amp; Beverages\",\"isPartOf\":{\"@id\":\"https:\/\/www.stoelzle.com\/consumer\/de\/#website\"},\"datePublished\":\"2023-06-08T12:33:27+00:00\",\"dateModified\":\"2024-05-23T11:50:14+00:00\",\"description\":\"F\u00fcr unsere Hochdruckflaschen verwenden wir hochwertiges Glas, damit die Flaschen unter Druck nicht platzen.\",\"breadcrumb\":{\"@id\":\"https:\/\/www.stoelzle.com\/consumer\/de\/service\/hochdruck-glasflaschen\/#breadcrumb\"},\"inLanguage\":\"de-DE\",\"potentialAction\":[{\"@type\":\"ReadAction\",\"target\":[\"https:\/\/www.stoelzle.com\/consumer\/de\/service\/hochdruck-glasflaschen\/\"]}]},{\"@type\":\"BreadcrumbList\",\"@id\":\"https:\/\/www.stoelzle.com\/consumer\/de\/service\/hochdruck-glasflaschen\/#breadcrumb\",\"itemListElement\":[{\"@type\":\"ListItem\",\"position\":1,\"name\":\"Home\",\"item\":\"https:\/\/www.stoelzle.com\/de\/\"},{\"@type\":\"ListItem\",\"position\":2,\"name\":\"Food &amp; Beverages\",\"item\":\"https:\/\/www.stoelzle.com\/consumer\/de\/\"},{\"@type\":\"ListItem\",\"position\":3,\"name\":\"Services\",\"item\":\"https:\/\/www.stoelzle.com\/consumer\/de\/service\/\"},{\"@type\":\"ListItem\",\"position\":4,\"name\":\"Hochdruck-Glasflaschen\"}]},{\"@type\":\"WebSite\",\"@id\":\"https:\/\/www.stoelzle.com\/consumer\/de\/#website\",\"url\":\"https:\/\/www.stoelzle.com\/consumer\/de\/\",\"name\":\"Stoelzle Consumer \u2013 Food &amp; Beverages\",\"description\":\"\",\"publisher\":{\"@id\":\"https:\/\/www.stoelzle.com\/consumer\/de\/#organization\"},\"potentialAction\":[{\"@type\":\"SearchAction\",\"target\":{\"@type\":\"EntryPoint\",\"urlTemplate\":\"https:\/\/www.stoelzle.com\/consumer\/de\/?s={search_term_string}\"},\"query-input\":{\"@type\":\"PropertyValueSpecification\",\"valueRequired\":true,\"valueName\":\"search_term_string\"}}],\"inLanguage\":\"de-DE\"},{\"@type\":\"Organization\",\"@id\":\"https:\/\/www.stoelzle.com\/consumer\/de\/#organization\",\"name\":\"Stoelzle Consumer - Food & Beverages\",\"url\":\"https:\/\/www.stoelzle.com\/consumer\/de\/\",\"logo\":{\"@type\":\"ImageObject\",\"inLanguage\":\"de-DE\",\"@id\":\"https:\/\/www.stoelzle.com\/consumer\/de\/#\/schema\/logo\/image\/\",\"url\":\"https:\/\/www.stoelzle.com\/consumer\/wp-content\/uploads\/sites\/3\/2021\/03\/logo_consumer.svg\",\"contentUrl\":\"https:\/\/www.stoelzle.com\/consumer\/wp-content\/uploads\/sites\/3\/2021\/03\/logo_consumer.svg\",\"width\":156,\"height\":40,\"caption\":\"Stoelzle Consumer - Food & Beverages\"},\"image\":{\"@id\":\"https:\/\/www.stoelzle.com\/consumer\/de\/#\/schema\/logo\/image\/\"}}]}<\/script>\n<!-- \/ Yoast SEO plugin. -->","yoast_head_json":{"title":"Hochdruck-Glasflaschen - Stoelzle Consumer \u2013 Food &amp; Beverages","description":"F\u00fcr unsere Hochdruckflaschen verwenden wir hochwertiges Glas, damit die Flaschen unter Druck nicht platzen.","robots":{"index":"index","follow":"follow","max-snippet":"max-snippet:-1","max-image-preview":"max-image-preview:large","max-video-preview":"max-video-preview:-1"},"canonical":"https:\/\/www.stoelzle.com\/consumer\/de\/service\/hochdruck-glasflaschen\/","og_locale":"de_DE","og_type":"article","og_title":"Hochdruck-Glasflaschen - Stoelzle Consumer \u2013 Food &amp; Beverages","og_description":"F\u00fcr unsere Hochdruckflaschen verwenden wir hochwertiges Glas, damit die Flaschen unter Druck nicht platzen.","og_url":"https:\/\/www.stoelzle.com\/consumer\/de\/service\/hochdruck-glasflaschen\/","og_site_name":"Stoelzle Consumer \u2013 Food &amp; Beverages","article_modified_time":"2024-05-23T11:50:14+00:00","twitter_card":"summary_large_image","twitter_misc":{"Gesch\u00e4tzte Lesezeit":"3 Minuten"},"schema":{"@context":"https:\/\/schema.org","@graph":[{"@type":"WebPage","@id":"https:\/\/www.stoelzle.com\/consumer\/de\/service\/hochdruck-glasflaschen\/","url":"https:\/\/www.stoelzle.com\/consumer\/de\/service\/hochdruck-glasflaschen\/","name":"Hochdruck-Glasflaschen - Stoelzle Consumer \u2013 Food &amp; Beverages","isPartOf":{"@id":"https:\/\/www.stoelzle.com\/consumer\/de\/#website"},"datePublished":"2023-06-08T12:33:27+00:00","dateModified":"2024-05-23T11:50:14+00:00","description":"F\u00fcr unsere Hochdruckflaschen verwenden wir hochwertiges Glas, damit die Flaschen unter Druck nicht platzen.","breadcrumb":{"@id":"https:\/\/www.stoelzle.com\/consumer\/de\/service\/hochdruck-glasflaschen\/#breadcrumb"},"inLanguage":"de-DE","potentialAction":[{"@type":"ReadAction","target":["https:\/\/www.stoelzle.com\/consumer\/de\/service\/hochdruck-glasflaschen\/"]}]},{"@type":"BreadcrumbList","@id":"https:\/\/www.stoelzle.com\/consumer\/de\/service\/hochdruck-glasflaschen\/#breadcrumb","itemListElement":[{"@type":"ListItem","position":1,"name":"Home","item":"https:\/\/www.stoelzle.com\/de\/"},{"@type":"ListItem","position":2,"name":"Food &amp; Beverages","item":"https:\/\/www.stoelzle.com\/consumer\/de\/"},{"@type":"ListItem","position":3,"name":"Services","item":"https:\/\/www.stoelzle.com\/consumer\/de\/service\/"},{"@type":"ListItem","position":4,"name":"Hochdruck-Glasflaschen"}]},{"@type":"WebSite","@id":"https:\/\/www.stoelzle.com\/consumer\/de\/#website","url":"https:\/\/www.stoelzle.com\/consumer\/de\/","name":"Stoelzle Consumer \u2013 Food &amp; Beverages","description":"","publisher":{"@id":"https:\/\/www.stoelzle.com\/consumer\/de\/#organization"},"potentialAction":[{"@type":"SearchAction","target":{"@type":"EntryPoint","urlTemplate":"https:\/\/www.stoelzle.com\/consumer\/de\/?s={search_term_string}"},"query-input":{"@type":"PropertyValueSpecification","valueRequired":true,"valueName":"search_term_string"}}],"inLanguage":"de-DE"},{"@type":"Organization","@id":"https:\/\/www.stoelzle.com\/consumer\/de\/#organization","name":"Stoelzle Consumer - Food & Beverages","url":"https:\/\/www.stoelzle.com\/consumer\/de\/","logo":{"@type":"ImageObject","inLanguage":"de-DE","@id":"https:\/\/www.stoelzle.com\/consumer\/de\/#\/schema\/logo\/image\/","url":"https:\/\/www.stoelzle.com\/consumer\/wp-content\/uploads\/sites\/3\/2021\/03\/logo_consumer.svg","contentUrl":"https:\/\/www.stoelzle.com\/consumer\/wp-content\/uploads\/sites\/3\/2021\/03\/logo_consumer.svg","width":156,"height":40,"caption":"Stoelzle Consumer - Food & Beverages"},"image":{"@id":"https:\/\/www.stoelzle.com\/consumer\/de\/#\/schema\/logo\/image\/"}}]}},"_links":{"self":[{"href":"https:\/\/www.stoelzle.com\/consumer\/de\/wp-json\/wp\/v2\/pages\/5356","targetHints":{"allow":["GET"]}}],"collection":[{"href":"https:\/\/www.stoelzle.com\/consumer\/de\/wp-json\/wp\/v2\/pages"}],"about":[{"href":"https:\/\/www.stoelzle.com\/consumer\/de\/wp-json\/wp\/v2\/types\/page"}],"author":[{"embeddable":true,"href":"https:\/\/www.stoelzle.com\/consumer\/de\/wp-json\/wp\/v2\/users\/1"}],"replies":[{"embeddable":true,"href":"https:\/\/www.stoelzle.com\/consumer\/de\/wp-json\/wp\/v2\/comments?post=5356"}],"version-history":[{"count":0,"href":"https:\/\/www.stoelzle.com\/consumer\/de\/wp-json\/wp\/v2\/pages\/5356\/revisions"}],"up":[{"embeddable":true,"href":"https:\/\/www.stoelzle.com\/consumer\/de\/wp-json\/wp\/v2\/pages\/1718"}],"wp:attachment":[{"href":"https:\/\/www.stoelzle.com\/consumer\/de\/wp-json\/wp\/v2\/media?parent=5356"}],"curies":[{"name":"wp","href":"https:\/\/api.w.org\/{rel}","templated":true}]}}