{"id":1926,"date":"2021-01-29T16:29:11","date_gmt":"2021-01-29T16:29:11","guid":{"rendered":"http:\/\/stoelzle.com\/consumer\/product-overview\/"},"modified":"2022-02-21T18:07:54","modified_gmt":"2022-02-21T18:07:54","slug":"produkt-uebersicht","status":"publish","type":"page","link":"https:\/\/www.stoelzle.com\/consumer\/de\/produkt-uebersicht\/","title":{"rendered":"Produkt\u00fcbersicht"},"content":{"rendered":"<div class=\"wpb-content-wrapper\"><p>[vc_row][vc_column]<div class=\"vc-title   text-center\">\n              <div class=\"topline\">Lebensmittel- &amp; Getr\u00e4nkeverpackung<\/div>\n              <h1 class=\"title position-relative separator\">Alle Glasflaschen und Gl\u00e4ser<\/h1>\n              <div class=\"row\"><div class=\"col-md-10 offset-md-1\"><\/p>\n<p class=\"large-text\">Als Hersteller von hochwertigen Glasverpackungen hat es f\u00fcr uns h\u00f6chste Priorit\u00e4t, dass Ihre Lebensmittel und Getr\u00e4nke gut und sicher verpackt sind. Alle unsere Glasverpackungen sind nach strengen, international g\u00fcltigen Qualit\u00e4tsstandards produziert \u2013 nat\u00fcrlich unter Ber\u00fccksichtigung der Anforderungen f\u00fcr die Lebensmittel- und Getr\u00e4nkeindustrie.<\/p>\n<p><\/div><\/div>\n            <\/div>[\/vc_column][\/vc_row][vc_row][vc_column]<div id=\"id-product-overview\" class=\"vc-gallery  spacing-bottom-m\"><div class=\"row vc-gallery-grid\"><a  href=\"\/consumer\/de\/produkte\/\"  class=\"vc-gallery-item mb-4 style-3 col-sm-6 col-md-4 col-lg-3\">\n                  <div class=\"vc-gallery-image off show-border\"><img decoding=\"async\" class=\"img-fluid\" src=\"https:\/\/www.stoelzle.com\/consumer\/wp-content\/uploads\/sites\/3\/2021\/02\/products-finder-800x800.jpg\" alt=\"Sketches of food jars and bottles\"><\/div>\n                  <div class=\"vc-gallery-content\"><div class=\"vc-gallery-title\">Alle Produkte<\/div><\/div>\n                <\/a><a  href=\"\/consumer\/de\/produkte\/flasche\/\"  class=\"vc-gallery-item mb-4 style-3 col-sm-6 col-md-4 col-lg-3\">\n                  <div class=\"vc-gallery-image off show-border\"><img decoding=\"async\" class=\"img-fluid\" src=\"https:\/\/www.stoelzle.com\/consumer\/wp-content\/uploads\/sites\/3\/2021\/02\/products-bottles-800x800.jpg\" alt=\"Selection of filled bottles on a table\"><\/div>\n                  <div class=\"vc-gallery-content\"><div class=\"vc-gallery-title\">Flaschen<\/div><\/div>\n                <\/a><a  href=\"\/consumer\/de\/produkte\/schraubglas\"  class=\"vc-gallery-item mb-4 style-3 col-sm-6 col-md-4 col-lg-3\">\n                  <div class=\"vc-gallery-image off show-border\"><img decoding=\"async\" class=\"img-fluid\" src=\"https:\/\/www.stoelzle.com\/consumer\/wp-content\/uploads\/sites\/3\/2021\/02\/products-glass-jar-800x800.jpg\" alt=\"Selection of filled glass jars on a table\"><\/div>\n                  <div class=\"vc-gallery-content\"><div class=\"vc-gallery-title\">Schraubgl\u00e4ser<\/div><\/div>\n                <\/a><a  href=\"\/consumer\/de\/produkte\/gewuerzglas\/\"  class=\"vc-gallery-item mb-4 style-3 col-sm-6 col-md-4 col-lg-3\">\n                  <div class=\"vc-gallery-image off show-border\"><img decoding=\"async\" class=\"img-fluid\" src=\"https:\/\/www.stoelzle.com\/consumer\/wp-content\/uploads\/sites\/3\/2021\/02\/products-spice-jar-800x800.jpg\" alt=\"Selection of filled spice jars on a table\"><\/div>\n                  <div class=\"vc-gallery-content\"><div class=\"vc-gallery-title\">Gew\u00fcrzgl\u00e4ser<\/div><\/div>\n                <\/a><\/div><\/div>[\/vc_column][\/vc_row][vc_row full_width=&#8221;stretch_row&#8221; el_class=&#8221;blue&#8221;][vc_column]<div class=\"vc-spacer spacing-bottom-m\"><\/div>[\/vc_column][\/vc_row][vc_row full_width=&#8221;stretch_row&#8221; el_class=&#8221;blue&#8221;][vc_column width=&#8221;1\/2&#8243; el_class=&#8221;text-text&#8221;][vc_column_text]<\/p>\n<h2 style=\"color: #ffff\">Flaschen f\u00fcr jeden Bedarf<\/h2>\n<p style=\"color: #ffff\">Unsere Glasflaschen eignen sich hervorragend f\u00fcr jegliche fl\u00fcssigen und dickfl\u00fcssigen Lebensmittel &#8211; egal ob S\u00e4fte, Saucen oder andere Leckereien. Sie wissen schon genau, nach welcher Flasche Sie suchen? Dann klicken Sie hier schnell weiter:<\/p>\n<p>[\/vc_column_text][vc_row_inner][vc_column_inner width=&#8221;1\/2&#8243;][vc_column_text]<\/p>\n<ul style=\"color: #ffff\">\n<li><a href=\"\/consumer\/de\/produkte\/flasche\/enghalsflasche\/\">Enghalsflaschen<\/a><\/li>\n<li><a href=\"\/consumer\/de\/produkte\/flasche\/weithalsflasche\/\">Weithalsflaschen<\/a><\/li>\n<\/ul>\n<p>[\/vc_column_text][\/vc_column_inner][vc_column_inner width=&#8221;1\/2&#8243;][vc_column_text]<\/p>\n<ul style=\"color: #ffff\">\n<li><a href=\"\/consumer\/de\/produkte\/flasche\/taschenflasche\/\">Taschenflaschen<\/a><\/li>\n<li><a href=\"\/consumer\/de\/produkte\/flasche\/miniatur\/\">Miniaturen<\/a><\/li>\n<\/ul>\n<p>[\/vc_column_text][\/vc_column_inner][\/vc_row_inner][\/vc_column][vc_column width=&#8221;1\/2&#8243; el_class=&#8221;text-text&#8221;][vc_column_text]<\/p>\n<h2 style=\"color: #ffff\">Schraubgl\u00e4ser in vielen Formen<\/h2>\n<p style=\"color: #ffff\">Egal ob gro\u00df und schlank oder klein und rund &#8211; bei unserer riesigen Auswahl an Schraubgl\u00e4sern, ist bestimmt f\u00fcr jeden Geschmack etwas dabei. Wenn Sie schon genau wissen, was Sie suchen, dann w\u00e4hlen Sie hier Ihre passende Kategorie:<\/p>\n<p>[\/vc_column_text][vc_row_inner][vc_column_inner width=&#8221;1\/2&#8243;][vc_column_text]<\/p>\n<ul style=\"color: #ffff\">\n<li><a href=\"\/consumer\/de\/produkte\/schraubglas\/rundglas\/\">Rundgl\u00e4ser<\/a><\/li>\n<li><a href=\"\/consumer\/de\/produkte\/schraubglas\/sturzglas\/\">Sturzgl\u00e4ser<\/a><\/li>\n<li><a href=\"\/consumer\/de\/produkte\/schraubglas\/sechskantglas\/\">Sechskantgl\u00e4ser<\/a><\/li>\n<li><a href=\"\/consumer\/de\/produkte\/schraubglas\/weithalsglas\/\">Weithalsgl\u00e4ser<\/a><\/li>\n<\/ul>\n<p>[\/vc_column_text][\/vc_column_inner][vc_column_inner width=&#8221;1\/2&#8243;][vc_column_text]<\/p>\n<ul style=\"color: #ffff\">\n<li><a href=\"\/consumer\/de\/produkte\/schraubglas\/mehrkantglas\/\">Mehrkantgl\u00e4ser<\/a><\/li>\n<li><a href=\"\/consumer\/de\/produkte\/schraubglas\/spezialformglas\/\">Spezialformgl\u00e4ser<\/a><\/li>\n<li><a href=\"\/consumer\/de\/produkte\/schraubglas\/miniglas\/\">Minigl\u00e4ser<\/a><\/li>\n<\/ul>\n<p>[\/vc_column_text][\/vc_column_inner][\/vc_row_inner][\/vc_column][\/vc_row][vc_row full_width=&#8221;stretch_row&#8221; el_class=&#8221;blue&#8221;][vc_column]<div class=\"vc-spacer spacing-bottom-m\"><\/div>[\/vc_column][\/vc_row][vc_row full_width=&#8221;stretch_row_content_no_spaces&#8221;][vc_column]<div class=\"vc-two-columns  \">\n                <div class=\"row\">\n                    <div class=\"col-sm-6 bg-white image-left\"><img loading=\"lazy\" decoding=\"async\" width=\"1024\" height=\"666\" src=\"https:\/\/www.stoelzle.com\/consumer\/wp-content\/uploads\/sites\/3\/2021\/02\/products-application-glass-1024x666.jpg\" class=\"w-100 h-100 cover\" alt=\"Glass jars filled with different food products\" srcset=\"https:\/\/www.stoelzle.com\/consumer\/wp-content\/uploads\/sites\/3\/2021\/02\/products-application-glass-1024x666.jpg 1024w, https:\/\/www.stoelzle.com\/consumer\/wp-content\/uploads\/sites\/3\/2021\/02\/products-application-glass-480x312.jpg 480w, https:\/\/www.stoelzle.com\/consumer\/wp-content\/uploads\/sites\/3\/2021\/02\/products-application-glass-1536x998.jpg 1536w, https:\/\/www.stoelzle.com\/consumer\/wp-content\/uploads\/sites\/3\/2021\/02\/products-application-glass-992x645.jpg 992w, https:\/\/www.stoelzle.com\/consumer\/wp-content\/uploads\/sites\/3\/2021\/02\/products-application-glass-600x390.jpg 600w, https:\/\/www.stoelzle.com\/consumer\/wp-content\/uploads\/sites\/3\/2021\/02\/products-application-glass.jpg 2000w\" sizes=\"auto, (max-width: 1024px) 100vw, 1024px\" \/><\/div>\n                    <div class=\"col-sm-6 bg-white image-left\"><div class=\"column-content h-100 d-flex flex-column justify-content-center\"><\/p>\n<p class=\"h2\">Anwendungsfelder f\u00fcr Gl\u00e4ser<\/p>\n<ul>\n<li><a href=\"\/consumer\/de\/anwendung\/konservenglas\/\">Konservenglas<\/a><\/li>\n<li><a href=\"\/consumer\/de\/anwendung\/marmeladeglas\/\">Marmeladenglas<\/a><\/li>\n<li><a href=\"\/consumer\/de\/anwendung\/joghurtglas\/\">Joghurtglas<\/a><\/li>\n<li><a href=\"\/consumer\/de\/anwendung\/honigglas\/\">Honigglas<\/a><\/li>\n<li><a href=\"\/consumer\/de\/anwendung\/dessertglas\/\">Dessertglas<\/a><\/li>\n<li><a href=\"\/consumer\/de\/anwendung\/kaviarglas\/\">Kaviarglas<\/a><\/li>\n<li><a href=\"\/consumer\/de\/anwendung\/saucenglas\/\">Saucenglas<\/a><\/li>\n<\/ul>\n<p><\/div><\/div>\n                <\/div>\n            <\/div><div class=\"vc-two-columns  \">\n                <div class=\"row\">\n                    <div class=\"col-sm-6 bg-gray image-right\"><div class=\"column-content h-100 d-flex flex-column justify-content-center\"><\/p>\n<p class=\"h2\">Anwendungsfelder f\u00fcr Glasflaschen<\/p>\n<ul>\n<li><a href=\"\/consumer\/de\/anwendung\/oelflasche\/\">\u00d6lflaschen<\/a><\/li>\n<li><a href=\"\/consumer\/de\/anwendung\/essigflasche\/\">Essigflaschen<\/a><\/li>\n<li><a href=\"\/consumer\/de\/anwendung\/saftflasche\/\">Saftflaschen<\/a><\/li>\n<li><a href=\"\/consumer\/de\/anwendung\/milchflasche\/\">Milchflaschen<\/a><\/li>\n<li><a href=\"\/consumer\/de\/anwendung\/saucenflasche\/\">Saucenflasche<\/a><\/li>\n<li><a href=\"\/consumer\/de\/anwendung\/hot-sauce-flasche\/\">Hot Sauce Flaschen<\/a><\/li>\n<\/ul>\n<p><\/div><\/div>\n                    <div class=\"col-sm-6 bg-gray image-right\"><img loading=\"lazy\" decoding=\"async\" width=\"1024\" height=\"666\" src=\"https:\/\/www.stoelzle.com\/consumer\/wp-content\/uploads\/sites\/3\/2021\/02\/products-application-glass-bottles-1024x666.jpg\" class=\"w-100 h-100 cover\" alt=\"Glass bottles filled with different food products\" srcset=\"https:\/\/www.stoelzle.com\/consumer\/wp-content\/uploads\/sites\/3\/2021\/02\/products-application-glass-bottles-1024x666.jpg 1024w, https:\/\/www.stoelzle.com\/consumer\/wp-content\/uploads\/sites\/3\/2021\/02\/products-application-glass-bottles-480x312.jpg 480w, https:\/\/www.stoelzle.com\/consumer\/wp-content\/uploads\/sites\/3\/2021\/02\/products-application-glass-bottles-1536x998.jpg 1536w, https:\/\/www.stoelzle.com\/consumer\/wp-content\/uploads\/sites\/3\/2021\/02\/products-application-glass-bottles-992x645.jpg 992w, https:\/\/www.stoelzle.com\/consumer\/wp-content\/uploads\/sites\/3\/2021\/02\/products-application-glass-bottles-600x390.jpg 600w, https:\/\/www.stoelzle.com\/consumer\/wp-content\/uploads\/sites\/3\/2021\/02\/products-application-glass-bottles.jpg 2000w\" sizes=\"auto, (max-width: 1024px) 100vw, 1024px\" \/><\/div>\n                <\/div>\n            <\/div>[\/vc_column][\/vc_row][vc_row full_width=&#8221;stretch_row&#8221;][vc_column]<div class=\"vc-spacer spacing-bottom-m\"><\/div>[vc_row_inner content_placement=&#8221;middle&#8221; el_class=&#8221;text-text&#8221;][vc_column_inner width=&#8221;1\/2&#8243;]\n      <div class=\"vc-image\">\n         \n          <img loading=\"lazy\" decoding=\"async\" width=\"2000\" height=\"1300\" src=\"https:\/\/www.stoelzle.com\/consumer\/wp-content\/uploads\/sites\/3\/2021\/02\/products-design-development.jpg\" class=\"img-fluid w-100 h-100 d-none d-md-block\" alt=\"Four steps of product developemt - Drawing, 3D model, sampling, finished product\" srcset=\"https:\/\/www.stoelzle.com\/consumer\/wp-content\/uploads\/sites\/3\/2021\/02\/products-design-development.jpg 2000w, https:\/\/www.stoelzle.com\/consumer\/wp-content\/uploads\/sites\/3\/2021\/02\/products-design-development-480x312.jpg 480w, https:\/\/www.stoelzle.com\/consumer\/wp-content\/uploads\/sites\/3\/2021\/02\/products-design-development-1024x666.jpg 1024w, https:\/\/www.stoelzle.com\/consumer\/wp-content\/uploads\/sites\/3\/2021\/02\/products-design-development-1536x998.jpg 1536w, https:\/\/www.stoelzle.com\/consumer\/wp-content\/uploads\/sites\/3\/2021\/02\/products-design-development-992x645.jpg 992w, https:\/\/www.stoelzle.com\/consumer\/wp-content\/uploads\/sites\/3\/2021\/02\/products-design-development-600x390.jpg 600w\" sizes=\"auto, (max-width: 2000px) 100vw, 2000px\" \/> \n          <img loading=\"lazy\" decoding=\"async\" width=\"992\" height=\"645\" src=\"https:\/\/www.stoelzle.com\/consumer\/wp-content\/uploads\/sites\/3\/2021\/02\/products-design-development-992x645.jpg\" class=\"img-fluid w-100 h-100 d-mdx-none\" alt=\"Four steps of product developemt - Drawing, 3D model, sampling, finished product\" srcset=\"https:\/\/www.stoelzle.com\/consumer\/wp-content\/uploads\/sites\/3\/2021\/02\/products-design-development-992x645.jpg 992w, https:\/\/www.stoelzle.com\/consumer\/wp-content\/uploads\/sites\/3\/2021\/02\/products-design-development-480x312.jpg 480w, https:\/\/www.stoelzle.com\/consumer\/wp-content\/uploads\/sites\/3\/2021\/02\/products-design-development-1024x666.jpg 1024w, https:\/\/www.stoelzle.com\/consumer\/wp-content\/uploads\/sites\/3\/2021\/02\/products-design-development-1536x998.jpg 1536w, https:\/\/www.stoelzle.com\/consumer\/wp-content\/uploads\/sites\/3\/2021\/02\/products-design-development-600x390.jpg 600w, https:\/\/www.stoelzle.com\/consumer\/wp-content\/uploads\/sites\/3\/2021\/02\/products-design-development.jpg 2000w\" sizes=\"auto, (max-width: 992px) 100vw, 992px\" \/>\n          \n         \n      <\/div>[\/vc_column_inner][vc_column_inner width=&#8221;1\/2&#8243;][vc_column_text]<\/p>\n<h2>Wir erwecken Ihre Ideen zum Leben<\/h2>\n<p>Au\u00dfergew\u00f6hnliche Formen fallen auf, geben Ihrem Produkt das notwendige Etwas und verschaffen Ihnen einen strategischen Vorteil. Durch Ihr pers\u00f6nliches Design schaffen Sie ein unverwechselbares Produkt mit einer klaren Identit\u00e4t.<\/p>\n<p><a class=\"editor-button cta\" href=\"\/consumer\/de\/service\/produktentwicklung\/\">Mehr erfahren<\/a>[\/vc_column_text][\/vc_column_inner][\/vc_row_inner]<div class=\"vc-spacer spacing-bottom-m\"><\/div>[\/vc_column][\/vc_row]<\/p>\n<\/div>","protected":false},"excerpt":{"rendered":"<p>[vc_row][vc_column][\/vc_column][\/vc_row][vc_row][vc_column][\/vc_column][\/vc_row][vc_row full_width=&#8221;stretch_row&#8221; el_class=&#8221;blue&#8221;][vc_column][\/vc_column][\/vc_row][vc_row full_width=&#8221;stretch_row&#8221; el_class=&#8221;blue&#8221;][vc_column width=&#8221;1\/2&#8243; el_class=&#8221;text-text&#8221;][vc_column_text] Flaschen f\u00fcr jeden Bedarf Unsere Glasflaschen eignen sich hervorragend f\u00fcr jegliche fl\u00fcssigen und dickfl\u00fcssigen Lebensmittel &#8211; egal ob S\u00e4fte, Saucen oder andere Leckereien. Sie wissen schon genau, nach welcher Flasche Sie suchen? Dann klicken Sie hier schnell weiter: [\/vc_column_text][vc_row_inner][vc_column_inner width=&#8221;1\/2&#8243;][vc_column_text] Enghalsflaschen Weithalsflaschen [\/vc_column_text][\/vc_column_inner][vc_column_inner width=&#8221;1\/2&#8243;][vc_column_text] Taschenflaschen Miniaturen [\/vc_column_text][\/vc_column_inner][\/vc_row_inner][\/vc_column][vc_column width=&#8221;1\/2&#8243; [&hellip;]<\/p>\n","protected":false},"author":1,"featured_media":0,"parent":0,"menu_order":70,"comment_status":"closed","ping_status":"closed","template":"","meta":{"_acf_changed":false,"footnotes":""},"class_list":["post-1926","page","type-page","status-publish","hentry"],"acf":[],"yoast_head":"<!-- This site is optimized with the Yoast SEO plugin v26.6 - https:\/\/yoast.com\/wordpress\/plugins\/seo\/ -->\n<title>Glasverpackung f\u00fcr Lebensmittel \u00bb Flaschen &amp; Gl\u00e4ser | Stoelzle<\/title>\n<meta name=\"description\" content=\"Stoelzle produziert hochwertige Glasverpackungen f\u00fcr Lebensmittel \u279c Glasflaschen \u2713 Schraubgl\u00e4ser \u2713 in diversen Gr\u00f6\u00dfen &amp; Ausf\u00fchrungen \u2713\" \/>\n<meta name=\"robots\" content=\"index, follow, max-snippet:-1, max-image-preview:large, max-video-preview:-1\" \/>\n<link rel=\"canonical\" href=\"https:\/\/www.stoelzle.com\/consumer\/de\/produkt-uebersicht\/\" \/>\n<meta property=\"og:locale\" content=\"de_DE\" \/>\n<meta property=\"og:type\" content=\"article\" \/>\n<meta property=\"og:title\" content=\"Glasverpackung f\u00fcr Lebensmittel \u00bb Flaschen &amp; Gl\u00e4ser | Stoelzle\" \/>\n<meta property=\"og:description\" content=\"Stoelzle produziert hochwertige Glasverpackungen f\u00fcr Lebensmittel \u279c Glasflaschen \u2713 Schraubgl\u00e4ser \u2713 in diversen Gr\u00f6\u00dfen &amp; Ausf\u00fchrungen \u2713\" \/>\n<meta property=\"og:url\" content=\"https:\/\/www.stoelzle.com\/consumer\/de\/produkt-uebersicht\/\" \/>\n<meta property=\"og:site_name\" content=\"Stoelzle Consumer \u2013 Food &amp; Beverages\" \/>\n<meta property=\"article:modified_time\" content=\"2022-02-21T18:07:54+00:00\" \/>\n<meta name=\"twitter:card\" content=\"summary_large_image\" \/>\n<meta name=\"twitter:label1\" content=\"Gesch\u00e4tzte Lesezeit\" \/>\n\t<meta name=\"twitter:data1\" content=\"2 Minuten\" \/>\n<script type=\"application\/ld+json\" class=\"yoast-schema-graph\">{\"@context\":\"https:\/\/schema.org\",\"@graph\":[{\"@type\":\"WebPage\",\"@id\":\"https:\/\/www.stoelzle.com\/consumer\/de\/produkt-uebersicht\/\",\"url\":\"https:\/\/www.stoelzle.com\/consumer\/de\/produkt-uebersicht\/\",\"name\":\"Glasverpackung f\u00fcr Lebensmittel \u00bb Flaschen & Gl\u00e4ser | Stoelzle\",\"isPartOf\":{\"@id\":\"https:\/\/www.stoelzle.com\/consumer\/de\/#website\"},\"datePublished\":\"2021-01-29T16:29:11+00:00\",\"dateModified\":\"2022-02-21T18:07:54+00:00\",\"description\":\"Stoelzle produziert hochwertige Glasverpackungen f\u00fcr Lebensmittel \u279c Glasflaschen \u2713 Schraubgl\u00e4ser \u2713 in diversen Gr\u00f6\u00dfen & Ausf\u00fchrungen \u2713\",\"breadcrumb\":{\"@id\":\"https:\/\/www.stoelzle.com\/consumer\/de\/produkt-uebersicht\/#breadcrumb\"},\"inLanguage\":\"de-DE\",\"potentialAction\":[{\"@type\":\"ReadAction\",\"target\":[\"https:\/\/www.stoelzle.com\/consumer\/de\/produkt-uebersicht\/\"]}]},{\"@type\":\"BreadcrumbList\",\"@id\":\"https:\/\/www.stoelzle.com\/consumer\/de\/produkt-uebersicht\/#breadcrumb\",\"itemListElement\":[{\"@type\":\"ListItem\",\"position\":1,\"name\":\"Home\",\"item\":\"https:\/\/www.stoelzle.com\/de\/\"},{\"@type\":\"ListItem\",\"position\":2,\"name\":\"Food &amp; Beverages\",\"item\":\"https:\/\/www.stoelzle.com\/consumer\/de\/\"},{\"@type\":\"ListItem\",\"position\":3,\"name\":\"Produkt\u00fcbersicht\"}]},{\"@type\":\"WebSite\",\"@id\":\"https:\/\/www.stoelzle.com\/consumer\/de\/#website\",\"url\":\"https:\/\/www.stoelzle.com\/consumer\/de\/\",\"name\":\"Stoelzle Consumer \u2013 Food &amp; Beverages\",\"description\":\"\",\"publisher\":{\"@id\":\"https:\/\/www.stoelzle.com\/consumer\/de\/#organization\"},\"potentialAction\":[{\"@type\":\"SearchAction\",\"target\":{\"@type\":\"EntryPoint\",\"urlTemplate\":\"https:\/\/www.stoelzle.com\/consumer\/de\/?s={search_term_string}\"},\"query-input\":{\"@type\":\"PropertyValueSpecification\",\"valueRequired\":true,\"valueName\":\"search_term_string\"}}],\"inLanguage\":\"de-DE\"},{\"@type\":\"Organization\",\"@id\":\"https:\/\/www.stoelzle.com\/consumer\/de\/#organization\",\"name\":\"Stoelzle Consumer - Food & Beverages\",\"url\":\"https:\/\/www.stoelzle.com\/consumer\/de\/\",\"logo\":{\"@type\":\"ImageObject\",\"inLanguage\":\"de-DE\",\"@id\":\"https:\/\/www.stoelzle.com\/consumer\/de\/#\/schema\/logo\/image\/\",\"url\":\"https:\/\/www.stoelzle.com\/consumer\/wp-content\/uploads\/sites\/3\/2021\/03\/logo_consumer.svg\",\"contentUrl\":\"https:\/\/www.stoelzle.com\/consumer\/wp-content\/uploads\/sites\/3\/2021\/03\/logo_consumer.svg\",\"width\":156,\"height\":40,\"caption\":\"Stoelzle Consumer - Food & Beverages\"},\"image\":{\"@id\":\"https:\/\/www.stoelzle.com\/consumer\/de\/#\/schema\/logo\/image\/\"}}]}<\/script>\n<!-- \/ Yoast SEO plugin. -->","yoast_head_json":{"title":"Glasverpackung f\u00fcr Lebensmittel \u00bb Flaschen & Gl\u00e4ser | Stoelzle","description":"Stoelzle produziert hochwertige Glasverpackungen f\u00fcr Lebensmittel \u279c Glasflaschen \u2713 Schraubgl\u00e4ser \u2713 in diversen Gr\u00f6\u00dfen & Ausf\u00fchrungen \u2713","robots":{"index":"index","follow":"follow","max-snippet":"max-snippet:-1","max-image-preview":"max-image-preview:large","max-video-preview":"max-video-preview:-1"},"canonical":"https:\/\/www.stoelzle.com\/consumer\/de\/produkt-uebersicht\/","og_locale":"de_DE","og_type":"article","og_title":"Glasverpackung f\u00fcr Lebensmittel \u00bb Flaschen & Gl\u00e4ser | Stoelzle","og_description":"Stoelzle produziert hochwertige Glasverpackungen f\u00fcr Lebensmittel \u279c Glasflaschen \u2713 Schraubgl\u00e4ser \u2713 in diversen Gr\u00f6\u00dfen & Ausf\u00fchrungen \u2713","og_url":"https:\/\/www.stoelzle.com\/consumer\/de\/produkt-uebersicht\/","og_site_name":"Stoelzle Consumer \u2013 Food &amp; Beverages","article_modified_time":"2022-02-21T18:07:54+00:00","twitter_card":"summary_large_image","twitter_misc":{"Gesch\u00e4tzte Lesezeit":"2 Minuten"},"schema":{"@context":"https:\/\/schema.org","@graph":[{"@type":"WebPage","@id":"https:\/\/www.stoelzle.com\/consumer\/de\/produkt-uebersicht\/","url":"https:\/\/www.stoelzle.com\/consumer\/de\/produkt-uebersicht\/","name":"Glasverpackung f\u00fcr Lebensmittel \u00bb Flaschen & Gl\u00e4ser | Stoelzle","isPartOf":{"@id":"https:\/\/www.stoelzle.com\/consumer\/de\/#website"},"datePublished":"2021-01-29T16:29:11+00:00","dateModified":"2022-02-21T18:07:54+00:00","description":"Stoelzle produziert hochwertige Glasverpackungen f\u00fcr Lebensmittel \u279c Glasflaschen \u2713 Schraubgl\u00e4ser \u2713 in diversen Gr\u00f6\u00dfen & Ausf\u00fchrungen \u2713","breadcrumb":{"@id":"https:\/\/www.stoelzle.com\/consumer\/de\/produkt-uebersicht\/#breadcrumb"},"inLanguage":"de-DE","potentialAction":[{"@type":"ReadAction","target":["https:\/\/www.stoelzle.com\/consumer\/de\/produkt-uebersicht\/"]}]},{"@type":"BreadcrumbList","@id":"https:\/\/www.stoelzle.com\/consumer\/de\/produkt-uebersicht\/#breadcrumb","itemListElement":[{"@type":"ListItem","position":1,"name":"Home","item":"https:\/\/www.stoelzle.com\/de\/"},{"@type":"ListItem","position":2,"name":"Food &amp; Beverages","item":"https:\/\/www.stoelzle.com\/consumer\/de\/"},{"@type":"ListItem","position":3,"name":"Produkt\u00fcbersicht"}]},{"@type":"WebSite","@id":"https:\/\/www.stoelzle.com\/consumer\/de\/#website","url":"https:\/\/www.stoelzle.com\/consumer\/de\/","name":"Stoelzle Consumer \u2013 Food &amp; Beverages","description":"","publisher":{"@id":"https:\/\/www.stoelzle.com\/consumer\/de\/#organization"},"potentialAction":[{"@type":"SearchAction","target":{"@type":"EntryPoint","urlTemplate":"https:\/\/www.stoelzle.com\/consumer\/de\/?s={search_term_string}"},"query-input":{"@type":"PropertyValueSpecification","valueRequired":true,"valueName":"search_term_string"}}],"inLanguage":"de-DE"},{"@type":"Organization","@id":"https:\/\/www.stoelzle.com\/consumer\/de\/#organization","name":"Stoelzle Consumer - Food & Beverages","url":"https:\/\/www.stoelzle.com\/consumer\/de\/","logo":{"@type":"ImageObject","inLanguage":"de-DE","@id":"https:\/\/www.stoelzle.com\/consumer\/de\/#\/schema\/logo\/image\/","url":"https:\/\/www.stoelzle.com\/consumer\/wp-content\/uploads\/sites\/3\/2021\/03\/logo_consumer.svg","contentUrl":"https:\/\/www.stoelzle.com\/consumer\/wp-content\/uploads\/sites\/3\/2021\/03\/logo_consumer.svg","width":156,"height":40,"caption":"Stoelzle Consumer - Food & Beverages"},"image":{"@id":"https:\/\/www.stoelzle.com\/consumer\/de\/#\/schema\/logo\/image\/"}}]}},"_links":{"self":[{"href":"https:\/\/www.stoelzle.com\/consumer\/de\/wp-json\/wp\/v2\/pages\/1926","targetHints":{"allow":["GET"]}}],"collection":[{"href":"https:\/\/www.stoelzle.com\/consumer\/de\/wp-json\/wp\/v2\/pages"}],"about":[{"href":"https:\/\/www.stoelzle.com\/consumer\/de\/wp-json\/wp\/v2\/types\/page"}],"author":[{"embeddable":true,"href":"https:\/\/www.stoelzle.com\/consumer\/de\/wp-json\/wp\/v2\/users\/1"}],"replies":[{"embeddable":true,"href":"https:\/\/www.stoelzle.com\/consumer\/de\/wp-json\/wp\/v2\/comments?post=1926"}],"version-history":[{"count":0,"href":"https:\/\/www.stoelzle.com\/consumer\/de\/wp-json\/wp\/v2\/pages\/1926\/revisions"}],"wp:attachment":[{"href":"https:\/\/www.stoelzle.com\/consumer\/de\/wp-json\/wp\/v2\/media?parent=1926"}],"curies":[{"name":"wp","href":"https:\/\/api.w.org\/{rel}","templated":true}]}}