{"id":1922,"date":"2021-01-29T16:29:11","date_gmt":"2021-01-29T16:29:11","guid":{"rendered":"http:\/\/stoelzle.com\/consumer\/ueber-uns\/production\/"},"modified":"2025-02-18T13:22:53","modified_gmt":"2025-02-18T13:22:53","slug":"produktion","status":"publish","type":"page","link":"https:\/\/www.stoelzle.com\/consumer\/de\/ueber-uns\/produktion\/","title":{"rendered":"Produktion"},"content":{"rendered":"<div class=\"wpb-content-wrapper\"><p>[vc_row][vc_column]<div class=\"vc-title   text-center\">\n              <div class=\"topline\">Produktion &amp; Standorte<\/div>\n              <h1 class=\"title position-relative separator\">Unsere Glasproduktion<\/h1>\n              <div class=\"row\"><div class=\"col-md-10 offset-md-1\"><\/p>\n<p class=\"large-text\">Die Produktion ist das Herzst\u00fcck unseres Unternehmens. Tagt\u00e4glich werden an zwei europ\u00e4ischen Standorten Glasverpackungen f\u00fcr die Lebensmittel- und Getr\u00e4nkeindustrie in h\u00f6chster Qualit\u00e4t erzeugt. Eine Backup-Funktion stellt h\u00f6chster Sicherheit und Flexibilit\u00e4t in der Produktion sicher.<\/p>\n<p><\/div><\/div>\n            <\/div>[\/vc_column][\/vc_row][vc_row][vc_column]<div class=\"vc-two-columns  \">\n                <div class=\"row\">\n                    <div class=\"col-sm-6 bg-gray image-right\"><div class=\"column-content h-100 d-flex flex-column justify-content-center\"><\/p>\n<div class=\"topline\">\u00d6sterreich<\/div>\n<h2>Stoelzle Oberglas<\/h2>\n<p>Der Hauptsitz in K\u00f6flach wurde 1871 gegr\u00fcndet und ist seit 1987 Mitglied der CAG Holding. An diesem Standort wird Wei\u00df- und Braunglas f\u00fcr die Lebensmittel- &amp; Getr\u00e4nke- sowie Pharmaindustrie produziert. Pro Jahr laufen rund 1,5 Milliarden Stk. wei\u00dfes, braunes oder gr\u00fcnes Verpackungsglas vom Band. Dies entspricht einer beeindruckenden durchschnittlichen Tageskapazit\u00e4t von etwa 250 Tonnen Glas.<\/div><\/div>\n                    <div class=\"col-sm-6 bg-gray image-right\"><img loading=\"lazy\" decoding=\"async\" width=\"1024\" height=\"666\" src=\"https:\/\/www.stoelzle.com\/consumer\/wp-content\/uploads\/sites\/3\/2021\/02\/production-location-sto-koeflach-austria-1024x666.jpg\" class=\"w-100 h-100 cover\" alt=\"Birdview of production site STO - Austria\" srcset=\"https:\/\/www.stoelzle.com\/consumer\/wp-content\/uploads\/sites\/3\/2021\/02\/production-location-sto-koeflach-austria-1024x666.jpg 1024w, https:\/\/www.stoelzle.com\/consumer\/wp-content\/uploads\/sites\/3\/2021\/02\/production-location-sto-koeflach-austria-480x312.jpg 480w, https:\/\/www.stoelzle.com\/consumer\/wp-content\/uploads\/sites\/3\/2021\/02\/production-location-sto-koeflach-austria-1536x998.jpg 1536w, https:\/\/www.stoelzle.com\/consumer\/wp-content\/uploads\/sites\/3\/2021\/02\/production-location-sto-koeflach-austria-992x645.jpg 992w, https:\/\/www.stoelzle.com\/consumer\/wp-content\/uploads\/sites\/3\/2021\/02\/production-location-sto-koeflach-austria-600x390.jpg 600w, https:\/\/www.stoelzle.com\/consumer\/wp-content\/uploads\/sites\/3\/2021\/02\/production-location-sto-koeflach-austria.jpg 2000w\" sizes=\"auto, (max-width: 1024px) 100vw, 1024px\" \/><\/div>\n                <\/div>\n            <\/div><div class=\"vc-two-columns  \">\n                <div class=\"row\">\n                    <div class=\"col-sm-6 bg-white image-left\"><img loading=\"lazy\" decoding=\"async\" width=\"1024\" height=\"666\" src=\"https:\/\/www.stoelzle.com\/consumer\/wp-content\/uploads\/sites\/3\/2021\/04\/STC_ISO45001-1024x666.jpg\" class=\"w-100 h-100 cover\" alt=\"Stoelzle Czestochowa Werk\" srcset=\"https:\/\/www.stoelzle.com\/consumer\/wp-content\/uploads\/sites\/3\/2021\/04\/STC_ISO45001-1024x666.jpg 1024w, https:\/\/www.stoelzle.com\/consumer\/wp-content\/uploads\/sites\/3\/2021\/04\/STC_ISO45001-480x312.jpg 480w, https:\/\/www.stoelzle.com\/consumer\/wp-content\/uploads\/sites\/3\/2021\/04\/STC_ISO45001-992x645.jpg 992w, https:\/\/www.stoelzle.com\/consumer\/wp-content\/uploads\/sites\/3\/2021\/04\/STC_ISO45001-600x390.jpg 600w, https:\/\/www.stoelzle.com\/consumer\/wp-content\/uploads\/sites\/3\/2021\/04\/STC_ISO45001.jpg 1500w\" sizes=\"auto, (max-width: 1024px) 100vw, 1024px\" \/><\/div>\n                    <div class=\"col-sm-6 bg-white image-left\"><div class=\"column-content h-100 d-flex flex-column justify-content-center\"><\/p>\n<div class=\"topline\">Polen<\/div>\n<h2>Stoelzle Cz\u0119stochowa<\/h2>\n<p>Die Produktionsst\u00e4tte in Cz\u0119stochowa (Polen) ist seit 2001 Teil der Stoelzle-Glas-Gruppe. An diesem Standort wird bereits seit 1897 Glas hergestellt. Stoelzle Cz\u0119stochowa ist heute das gr\u00f6\u00dfte der sechs Unternehmen der Stoelzle-Glasgruppe. Auf der Grundlage modernster Technologien beliefert das Unternehmen den Markt mit hochwertigen Glasverpackungen, die individuell f\u00fcr die Kunden hergestellt werden.<\/p>\n<p><\/div><\/div>\n                <\/div>\n            <\/div>[\/vc_column][\/vc_row]<\/p>\n<\/div>","protected":false},"excerpt":{"rendered":"<p>[vc_row][vc_column][\/vc_column][\/vc_row][vc_row][vc_column][\/vc_column][\/vc_row]<\/p>\n","protected":false},"author":1,"featured_media":0,"parent":1074,"menu_order":60,"comment_status":"closed","ping_status":"closed","template":"","meta":{"_acf_changed":false,"footnotes":""},"class_list":["post-1922","page","type-page","status-publish","hentry"],"acf":[],"yoast_head":"<!-- This site is optimized with the Yoast SEO plugin v26.6 - https:\/\/yoast.com\/wordpress\/plugins\/seo\/ -->\n<title>Die Glasproduktion \u00bb Unser Herzst\u00fcck | Stoelzle<\/title>\n<meta name=\"description\" content=\"Produktion von Glas vom Rohstoff bis zur fertigen Verpackung \u279c europ\u00e4ische Produktion \u2713 Back-Up Funktion \u2713 Sicherheit &amp; Flexibilit\u00e4t \u2713 Mehr erfahren!\" \/>\n<meta name=\"robots\" content=\"index, follow, max-snippet:-1, max-image-preview:large, max-video-preview:-1\" \/>\n<link rel=\"canonical\" href=\"https:\/\/www.stoelzle.com\/consumer\/de\/ueber-uns\/produktion\/\" \/>\n<meta property=\"og:locale\" content=\"de_DE\" \/>\n<meta property=\"og:type\" content=\"article\" \/>\n<meta property=\"og:title\" content=\"Die Glasproduktion \u00bb Unser Herzst\u00fcck | Stoelzle\" \/>\n<meta property=\"og:description\" content=\"Produktion von Glas vom Rohstoff bis zur fertigen Verpackung \u279c europ\u00e4ische Produktion \u2713 Back-Up Funktion \u2713 Sicherheit &amp; Flexibilit\u00e4t \u2713 Mehr erfahren!\" \/>\n<meta property=\"og:url\" content=\"https:\/\/www.stoelzle.com\/consumer\/de\/ueber-uns\/produktion\/\" \/>\n<meta property=\"og:site_name\" content=\"Stoelzle Consumer \u2013 Food &amp; Beverages\" \/>\n<meta property=\"article:modified_time\" content=\"2025-02-18T13:22:53+00:00\" \/>\n<meta name=\"twitter:card\" content=\"summary_large_image\" \/>\n<meta name=\"twitter:label1\" content=\"Gesch\u00e4tzte Lesezeit\" \/>\n\t<meta name=\"twitter:data1\" content=\"2 Minuten\" \/>\n<script type=\"application\/ld+json\" class=\"yoast-schema-graph\">{\"@context\":\"https:\/\/schema.org\",\"@graph\":[{\"@type\":\"WebPage\",\"@id\":\"https:\/\/www.stoelzle.com\/consumer\/de\/ueber-uns\/produktion\/\",\"url\":\"https:\/\/www.stoelzle.com\/consumer\/de\/ueber-uns\/produktion\/\",\"name\":\"Die Glasproduktion \u00bb Unser Herzst\u00fcck | Stoelzle\",\"isPartOf\":{\"@id\":\"https:\/\/www.stoelzle.com\/consumer\/de\/#website\"},\"datePublished\":\"2021-01-29T16:29:11+00:00\",\"dateModified\":\"2025-02-18T13:22:53+00:00\",\"description\":\"Produktion von Glas vom Rohstoff bis zur fertigen Verpackung \u279c europ\u00e4ische Produktion \u2713 Back-Up Funktion \u2713 Sicherheit & Flexibilit\u00e4t \u2713 Mehr erfahren!\",\"breadcrumb\":{\"@id\":\"https:\/\/www.stoelzle.com\/consumer\/de\/ueber-uns\/produktion\/#breadcrumb\"},\"inLanguage\":\"de-DE\",\"potentialAction\":[{\"@type\":\"ReadAction\",\"target\":[\"https:\/\/www.stoelzle.com\/consumer\/de\/ueber-uns\/produktion\/\"]}]},{\"@type\":\"BreadcrumbList\",\"@id\":\"https:\/\/www.stoelzle.com\/consumer\/de\/ueber-uns\/produktion\/#breadcrumb\",\"itemListElement\":[{\"@type\":\"ListItem\",\"position\":1,\"name\":\"Home\",\"item\":\"https:\/\/www.stoelzle.com\/de\/\"},{\"@type\":\"ListItem\",\"position\":2,\"name\":\"Food &amp; Beverages\",\"item\":\"https:\/\/www.stoelzle.com\/consumer\/de\/\"},{\"@type\":\"ListItem\",\"position\":3,\"name\":\"\u00dcber uns\",\"item\":\"https:\/\/www.stoelzle.com\/consumer\/de\/ueber-uns\/\"},{\"@type\":\"ListItem\",\"position\":4,\"name\":\"Produktion\"}]},{\"@type\":\"WebSite\",\"@id\":\"https:\/\/www.stoelzle.com\/consumer\/de\/#website\",\"url\":\"https:\/\/www.stoelzle.com\/consumer\/de\/\",\"name\":\"Stoelzle Consumer \u2013 Food &amp; Beverages\",\"description\":\"\",\"publisher\":{\"@id\":\"https:\/\/www.stoelzle.com\/consumer\/de\/#organization\"},\"potentialAction\":[{\"@type\":\"SearchAction\",\"target\":{\"@type\":\"EntryPoint\",\"urlTemplate\":\"https:\/\/www.stoelzle.com\/consumer\/de\/?s={search_term_string}\"},\"query-input\":{\"@type\":\"PropertyValueSpecification\",\"valueRequired\":true,\"valueName\":\"search_term_string\"}}],\"inLanguage\":\"de-DE\"},{\"@type\":\"Organization\",\"@id\":\"https:\/\/www.stoelzle.com\/consumer\/de\/#organization\",\"name\":\"Stoelzle Consumer - Food & Beverages\",\"url\":\"https:\/\/www.stoelzle.com\/consumer\/de\/\",\"logo\":{\"@type\":\"ImageObject\",\"inLanguage\":\"de-DE\",\"@id\":\"https:\/\/www.stoelzle.com\/consumer\/de\/#\/schema\/logo\/image\/\",\"url\":\"https:\/\/www.stoelzle.com\/consumer\/wp-content\/uploads\/sites\/3\/2021\/03\/logo_consumer.svg\",\"contentUrl\":\"https:\/\/www.stoelzle.com\/consumer\/wp-content\/uploads\/sites\/3\/2021\/03\/logo_consumer.svg\",\"width\":156,\"height\":40,\"caption\":\"Stoelzle Consumer - Food & Beverages\"},\"image\":{\"@id\":\"https:\/\/www.stoelzle.com\/consumer\/de\/#\/schema\/logo\/image\/\"}}]}<\/script>\n<!-- \/ Yoast SEO plugin. -->","yoast_head_json":{"title":"Die Glasproduktion \u00bb Unser Herzst\u00fcck | Stoelzle","description":"Produktion von Glas vom Rohstoff bis zur fertigen Verpackung \u279c europ\u00e4ische Produktion \u2713 Back-Up Funktion \u2713 Sicherheit & Flexibilit\u00e4t \u2713 Mehr erfahren!","robots":{"index":"index","follow":"follow","max-snippet":"max-snippet:-1","max-image-preview":"max-image-preview:large","max-video-preview":"max-video-preview:-1"},"canonical":"https:\/\/www.stoelzle.com\/consumer\/de\/ueber-uns\/produktion\/","og_locale":"de_DE","og_type":"article","og_title":"Die Glasproduktion \u00bb Unser Herzst\u00fcck | Stoelzle","og_description":"Produktion von Glas vom Rohstoff bis zur fertigen Verpackung \u279c europ\u00e4ische Produktion \u2713 Back-Up Funktion \u2713 Sicherheit & Flexibilit\u00e4t \u2713 Mehr erfahren!","og_url":"https:\/\/www.stoelzle.com\/consumer\/de\/ueber-uns\/produktion\/","og_site_name":"Stoelzle Consumer \u2013 Food &amp; Beverages","article_modified_time":"2025-02-18T13:22:53+00:00","twitter_card":"summary_large_image","twitter_misc":{"Gesch\u00e4tzte Lesezeit":"2 Minuten"},"schema":{"@context":"https:\/\/schema.org","@graph":[{"@type":"WebPage","@id":"https:\/\/www.stoelzle.com\/consumer\/de\/ueber-uns\/produktion\/","url":"https:\/\/www.stoelzle.com\/consumer\/de\/ueber-uns\/produktion\/","name":"Die Glasproduktion \u00bb Unser Herzst\u00fcck | Stoelzle","isPartOf":{"@id":"https:\/\/www.stoelzle.com\/consumer\/de\/#website"},"datePublished":"2021-01-29T16:29:11+00:00","dateModified":"2025-02-18T13:22:53+00:00","description":"Produktion von Glas vom Rohstoff bis zur fertigen Verpackung \u279c europ\u00e4ische Produktion \u2713 Back-Up Funktion \u2713 Sicherheit & Flexibilit\u00e4t \u2713 Mehr erfahren!","breadcrumb":{"@id":"https:\/\/www.stoelzle.com\/consumer\/de\/ueber-uns\/produktion\/#breadcrumb"},"inLanguage":"de-DE","potentialAction":[{"@type":"ReadAction","target":["https:\/\/www.stoelzle.com\/consumer\/de\/ueber-uns\/produktion\/"]}]},{"@type":"BreadcrumbList","@id":"https:\/\/www.stoelzle.com\/consumer\/de\/ueber-uns\/produktion\/#breadcrumb","itemListElement":[{"@type":"ListItem","position":1,"name":"Home","item":"https:\/\/www.stoelzle.com\/de\/"},{"@type":"ListItem","position":2,"name":"Food &amp; Beverages","item":"https:\/\/www.stoelzle.com\/consumer\/de\/"},{"@type":"ListItem","position":3,"name":"\u00dcber uns","item":"https:\/\/www.stoelzle.com\/consumer\/de\/ueber-uns\/"},{"@type":"ListItem","position":4,"name":"Produktion"}]},{"@type":"WebSite","@id":"https:\/\/www.stoelzle.com\/consumer\/de\/#website","url":"https:\/\/www.stoelzle.com\/consumer\/de\/","name":"Stoelzle Consumer \u2013 Food &amp; Beverages","description":"","publisher":{"@id":"https:\/\/www.stoelzle.com\/consumer\/de\/#organization"},"potentialAction":[{"@type":"SearchAction","target":{"@type":"EntryPoint","urlTemplate":"https:\/\/www.stoelzle.com\/consumer\/de\/?s={search_term_string}"},"query-input":{"@type":"PropertyValueSpecification","valueRequired":true,"valueName":"search_term_string"}}],"inLanguage":"de-DE"},{"@type":"Organization","@id":"https:\/\/www.stoelzle.com\/consumer\/de\/#organization","name":"Stoelzle Consumer - Food & Beverages","url":"https:\/\/www.stoelzle.com\/consumer\/de\/","logo":{"@type":"ImageObject","inLanguage":"de-DE","@id":"https:\/\/www.stoelzle.com\/consumer\/de\/#\/schema\/logo\/image\/","url":"https:\/\/www.stoelzle.com\/consumer\/wp-content\/uploads\/sites\/3\/2021\/03\/logo_consumer.svg","contentUrl":"https:\/\/www.stoelzle.com\/consumer\/wp-content\/uploads\/sites\/3\/2021\/03\/logo_consumer.svg","width":156,"height":40,"caption":"Stoelzle Consumer - Food & Beverages"},"image":{"@id":"https:\/\/www.stoelzle.com\/consumer\/de\/#\/schema\/logo\/image\/"}}]}},"_links":{"self":[{"href":"https:\/\/www.stoelzle.com\/consumer\/de\/wp-json\/wp\/v2\/pages\/1922","targetHints":{"allow":["GET"]}}],"collection":[{"href":"https:\/\/www.stoelzle.com\/consumer\/de\/wp-json\/wp\/v2\/pages"}],"about":[{"href":"https:\/\/www.stoelzle.com\/consumer\/de\/wp-json\/wp\/v2\/types\/page"}],"author":[{"embeddable":true,"href":"https:\/\/www.stoelzle.com\/consumer\/de\/wp-json\/wp\/v2\/users\/1"}],"replies":[{"embeddable":true,"href":"https:\/\/www.stoelzle.com\/consumer\/de\/wp-json\/wp\/v2\/comments?post=1922"}],"version-history":[{"count":0,"href":"https:\/\/www.stoelzle.com\/consumer\/de\/wp-json\/wp\/v2\/pages\/1922\/revisions"}],"up":[{"embeddable":true,"href":"https:\/\/www.stoelzle.com\/consumer\/de\/wp-json\/wp\/v2\/pages\/1074"}],"wp:attachment":[{"href":"https:\/\/www.stoelzle.com\/consumer\/de\/wp-json\/wp\/v2\/media?parent=1922"}],"curies":[{"name":"wp","href":"https:\/\/api.w.org\/{rel}","templated":true}]}}